{"id":930,"date":"2024-12-19T03:39:00","date_gmt":"2024-12-19T03:39:00","guid":{"rendered":"https:\/\/fmp-components.com\/product\/10010-industrial-double-acting-welded-hydraulic-cylinder-for-sale\/"},"modified":"2024-12-19T09:00:52","modified_gmt":"2024-12-19T09:00:52","slug":"10010-industrial-double-acting-welded-hydraulic-cylinder-for-sale","status":"publish","type":"product","link":"https:\/\/fmp-components.com\/lv\/product\/10010-industrial-double-acting-welded-hydraulic-cylinder-for-sale\/","title":{"rendered":"10010 r\u016bpnieciskais divk\u0101r\u0161as darb\u012bbas metin\u0101tais hidrauliskais cilindrs p\u0101rdo\u0161an\u0101"},"content":{"rendered":"<p>10010 r\u016bpnieciskais divk\u0101r\u0161\u0101s darb\u012bbas metin\u0101tais hidrauliskais cilindrs ir augstas veiktsp\u0113jas risin\u0101jums, kas paredz\u0113ts pras\u012bgiem r\u016bpnieciskiem lietojumiem. \u0160is hidrauliskais cilindrs, kas izstr\u0101d\u0101ts, \u0146emot v\u0113r\u0101 iztur\u012bbu un efektivit\u0101ti, ir ide\u0101li piem\u0113rots da\u017e\u0101diem lietojumiem, tostarp b\u016bvniec\u012bbai, ra\u017eo\u0161anai un smago ma\u0161\u012bnu darb\u012bbai.<\/p>\n<h4>Galven\u0101s iez\u012bmes:<\/h4>\n<ul>\n<li><strong>Divk\u0101r\u0161as darb\u012bbas dizains:<\/strong><br \/>\n\u0160is hidrauliskais cilindrs efekt\u012bvi darbojas gan izstiep\u0161anas, gan ievilk\u0161anas poz\u012bcij\u0101, nodro\u0161inot daudzpus\u012bgu pielietojumu. Divk\u0101r\u0161\u0101s darb\u012bbas meh\u0101nisms nodro\u0161ina vienm\u0113r\u012bgu un kontrol\u0113tu kust\u012bbu, padarot to ide\u0101li piem\u0113rotu uzdevumiem, kuriem nepiecie\u0161ama prec\u012bza pozicion\u0113\u0161ana un sp\u0113ks.<\/li>\n<li><strong>Metin\u0101ta konstrukcija:<\/strong><br \/>\nMetin\u0101t\u0101 konstrukcija uzlabo cilindra konstrukcijas integrit\u0101ti, nodro\u0161inot izcilu iztur\u012bbu un ilgm\u016b\u017e\u012bbu. \u0160\u012b iztur\u012bg\u0101 konstrukcija samazina nopl\u016b\u017eu un boj\u0101jumu risku, nodro\u0161inot uzticamu darb\u012bbu skarbos darba apst\u0101k\u013cos.<\/li>\n<li><strong>Augsta kravnes\u012bba:<\/strong><br \/>\n10010 hidrauliskais cilindrs, kas ir izstr\u0101d\u0101ts iev\u0113rojamu slodzi iztur\u0113\u0161anai, sp\u0113j nodro\u0161in\u0101t jaud\u012bgu sp\u0113ku, padarot to piem\u0113rotu lieljaudas lietojumiem. T\u0101 augst\u0101 kravnes\u012bba nodro\u0161ina, ka tas var apmierin\u0101t da\u017e\u0101du r\u016bpniecisko uzdevumu pras\u012bbas, neapdraudot dro\u0161\u012bbu vai veiktsp\u0113ju.<\/li>\n<li><strong>Korozijas iztur\u012bba:<\/strong><br \/>\n\u0160is hidrauliskais cilindrs ir izgatavots no augstas kvalit\u0101tes materi\u0101liem, kas ir iztur\u012bgs pret koroziju un nodilumu, nodro\u0161inot ilgm\u016b\u017e\u012bbu pat sare\u017e\u0123\u012btos apst\u0101k\u013cos. T\u0101 iztur\u012bba padara to par ide\u0101lu izv\u0113li lieto\u0161anai \u0101rpus telp\u0101m, kur past\u0101v risks, ka t\u0101 b\u016bs pak\u013cauta laikapst\u0101k\u013ciem.<\/li>\n<li><strong>Daudzpus\u012bgi pielietojumi:<\/strong><br \/>\n10010 r\u016bpnieciskais divk\u0101r\u0161\u0101s darb\u012bbas metin\u0101tais hidrauliskais cilindrs ir lieliski piem\u0113rots pla\u0161am pielietojumu kl\u0101stam, tostarp cel\u0161anas, stum\u0161anas un vilk\u0161anas uzdevumiem t\u0101d\u0101s nozar\u0113s k\u0101 b\u016bvniec\u012bba, lauksaimniec\u012bba un ra\u017eo\u0161ana.<\/li>\n<\/ul>\n<p><img decoding=\"async\" src=\"https:\/\/hzpt.com\/wp-content\/uploads\/2023\/12\/random-1.webp?v=1694163707\" alt=\"\" title=\"\"><\/p>\n<h4>Tehnisk\u0101s specifik\u0101cijas:<\/h4>\n<table style=\"width: 100.094%; height: 251px;\">\n<thead>\n<tr>\n<th>Specifik\u0101cija<\/th>\n<th>Apraksts<\/th>\n<\/tr>\n<\/thead>\n<tbody>\n<tr>\n<td><strong>Urbuma izm\u0113rs<\/strong><\/td>\n<td>Piel\u0101gojams<\/td>\n<\/tr>\n<tr>\n<td><strong>g\u0101jiena garums<\/strong><\/td>\n<td>Pieejamas da\u017e\u0101das iesp\u0113jas<\/td>\n<\/tr>\n<tr>\n<td><strong>Maksim\u0101lais spiediens<\/strong><\/td>\n<td>L\u012bdz 3000 PSI<\/td>\n<\/tr>\n<tr>\n<td><strong>Materi\u0101ls<\/strong><\/td>\n<td>Augstas stipr\u012bbas t\u0113rauds<\/td>\n<\/tr>\n<tr>\n<td><strong>Savienojuma veids<\/strong><\/td>\n<td>Atloka vai v\u012bt\u0146ota<\/td>\n<\/tr>\n<\/tbody>\n<\/table>\n<h4>Darb\u012bbas princips:<\/h4>\n<p>10010 r\u016bpnieciskais divk\u0101r\u0161\u0101s darb\u012bbas metin\u0101tais hidrauliskais cilindrs darbojas p\u0113c hidraulisk\u0101 \u0161\u0137idruma spiediena principa. Kad hidrauliskais \u0161\u0137idrums tiek ies\u016bkn\u0113ts cilindr\u0101, tas rada spiedienu uz virzuli, radot line\u0101ru sp\u0113ku abos virzienos. \u0160\u012b divvirzienu kust\u012bba ir b\u016btiska uzdevumiem, kuriem nepiecie\u0161ama prec\u012bza vad\u012bba un efektivit\u0101te, padarot to par kritisku sast\u0101vda\u013cu daudz\u0101s hidrauliskaj\u0101s sist\u0113m\u0101s.<\/p>\n<p>Rezum\u0113jot, 10010 r\u016bpnieciskais divk\u0101r\u0161\u0101s darb\u012bbas metin\u0101tais hidrauliskais cilindrs ir iztur\u012bgs un efekt\u012bvs risin\u0101jums da\u017e\u0101diem r\u016bpnieciskiem pielietojumiem. T\u0101 unik\u0101l\u0101s \u012bpa\u0161\u012bbas, tostarp divk\u0101r\u0161\u0101s darb\u012bbas dizains, metin\u0101t\u0101 konstrukcija un augst\u0101 kravnes\u012bba, padara to par b\u016btisku instrumentu produktivit\u0101tes un uzticam\u012bbas uzlabo\u0161anai sare\u017e\u0123\u012btos apst\u0101k\u013cos.<\/p>\n<p>&nbsp;<\/p>\n<p><img decoding=\"async\" src=\"https:\/\/hzpt.com\/wp-content\/uploads\/2023\/12\/random-2.webp\" alt=\"\" title=\"\"><\/p>\n<h2>Metin\u0101t\u0101 T veida cilindra priek\u0161roc\u012bbas<\/h2>\n<ul>\n<li style=\"list-style-type: none;\">\n<ul>\n<li><strong>Palielin\u0101ts sp\u0113ks:<\/strong> Metin\u0101tie T veida cilindri ir paz\u012bstami ar savu augsto iztur\u012bbu, padarot tos piem\u0113rotus lietojumiem, kuros nepiecie\u0161ama smagu kravu cel\u0161ana. \u0160o cilindru ra\u017eo\u0161anas laik\u0101 izmantotais metin\u0101\u0161anas process nodro\u0161ina, ka cilindram nav v\u0101ju punktu un tas var iztur\u0113t augstu spiedienu un spriegumu.<\/li>\n<\/ul>\n<\/li>\n<\/ul>\n<p>Kad uz cilindru tiek iedarbin\u0101ts spiediens, tas vienm\u0113r\u012bgi sadal\u0101s pa visu virsmu, padarot to iztur\u012bgu pret deform\u0101ciju. \u0160\u012b \u012bpa\u0161\u012bba nodro\u0161ina, ka cilindrs saglab\u0101 savu formu un struktur\u0101lo integrit\u0101ti pat ekstrem\u0101los apst\u0101k\u013cos.<\/p>\n<ul>\n<li style=\"list-style-type: none;\">\n<ul>\n<li><strong>Nopl\u016b\u017eu nov\u0113r\u0161ana:<\/strong> Metin\u0101tie T veida cilindri ir izstr\u0101d\u0101ti, lai nov\u0113rstu nopl\u016bdes. Ra\u017eo\u0161anas proces\u0101 izmantotais metin\u0101\u0161anas process nodro\u0161ina, ka cilindrs ir piln\u012bb\u0101 nosl\u0113gts un bez jebk\u0101d\u0101m iesp\u0113jam\u0101m nopl\u016bd\u0113m. \u0160\u012b \u012bpa\u0161\u012bba padara tos piem\u0113rotus lieto\u0161anai lietojumos, kur nopl\u016bde var\u0113tu izrais\u012bt nopietnus boj\u0101jumus vai traumas.<\/li>\n<\/ul>\n<\/li>\n<\/ul>\n<p>Metin\u0101tie savienojumi ir gludi, bez plais\u0101m vai riev\u0101m, kur var\u0113tu uzkr\u0101ties gru\u017ei vai net\u012brumi, t\u0101d\u0113j\u0101di samazinot korozijas un cilindra boj\u0101jumu risku.<\/p>\n<ul>\n<li style=\"list-style-type: none;\">\n<ul>\n<li><strong>Piel\u0101gojams:<\/strong> Metin\u0101tos T veida cilindrus var piel\u0101got konkr\u0113tiem pielietojumiem. Cilindri ir pieejami da\u017e\u0101dos izm\u0113ros un form\u0101s, un tos var izgatavot atbilsto\u0161i konkr\u0113t\u0101 pielietojuma pras\u012bb\u0101m.<\/li>\n<\/ul>\n<\/li>\n<\/ul>\n<p>Piel\u0101go\u0161anas process \u013cauj optimiz\u0113t cilindra veiktsp\u0113ju, nodro\u0161inot, ka tas ir piem\u0113rots paredz\u0113tajam pielietojumam. \u0160\u012b \u012bpa\u0161\u012bba padara metin\u0101tus T veida cilindrus ide\u0101li piem\u0113rotus izmanto\u0161anai da\u017e\u0101dos r\u016bpnieciskos pielietojumos, tostarp b\u016bvniec\u012bb\u0101, ieguves r\u016bpniec\u012bb\u0101 un materi\u0101lu apstr\u0101d\u0113.<\/p>\n<ul>\n<li style=\"list-style-type: none;\">\n<ul>\n<li><strong>Izmaksu zi\u0146\u0101 efekt\u012bvs:<\/strong> Metin\u0101tie T veida cilindri ir izmaksu zi\u0146\u0101 efekt\u012bv\u0101ki sal\u012bdzin\u0101jum\u0101 ar cita veida cilindriem. \u0160o cilindru ra\u017eo\u0161anas process ir vienk\u0101r\u0161s, t\u0101p\u0113c tie ir l\u0113t\u0101ki nek\u0101 cita veida cilindri.<\/li>\n<\/ul>\n<\/li>\n<\/ul>\n<p>Turkl\u0101t metin\u0101to T veida cilindru augst\u0101 iztur\u012bba un ilgm\u016b\u017e\u012bba samazina nepiecie\u0161am\u012bbu p\u0113c bie\u017ea remonta un nomai\u0146as, t\u0101d\u0113j\u0101di ietaupot apkopes izmaksas. \u0160\u012b \u012bpa\u0161\u012bba padara tos par popul\u0101ru izv\u0113li daudz\u0101s nozar\u0113s, \u012bpa\u0161i taj\u0101s, kur\u0101m ir ierobe\u017eots bud\u017eets.<\/p>\n<ul>\n<li style=\"list-style-type: none;\">\n<ul>\n<li><strong>Paaugstin\u0101ta efektivit\u0101te:<\/strong> Metin\u0101tie T veida cilindri ir \u013coti efekt\u012bvi un lietder\u012bgi. Cilindra konstrukcija nodro\u0161ina, ka pieliktais sp\u0113ks tiek tie\u0161i p\u0101rnests uz slodzi, samazinot ener\u0123ijas zudumus un palielinot efektivit\u0101ti.<\/li>\n<\/ul>\n<\/li>\n<\/ul>\n<p>Metin\u0101tie savienojumi ir iztur\u012bgi un stingri, samazinot novirzi un nodro\u0161inot, ka cilindrs saglab\u0101 savu formu un struktur\u0101lo integrit\u0101ti pat ekstrem\u0101los apst\u0101k\u013cos. \u0160\u012b \u012bpa\u0161\u012bba padara metin\u0101tos T veida cilindrus ide\u0101li piem\u0113rotus lieto\u0161anai lietojumos, kuriem nepiecie\u0161ama augsta efektivit\u0101te un uzticam\u012bba.<\/p>\n<h2>Metin\u0101t\u0101 T veida cilindra pielietojums<\/h2>\n<ol>\n<li>\n<h3>Automobi\u013cu r\u016bpniec\u012bba<\/h3>\n<p>Metin\u0101tie T veida cilindri tiek pla\u0161i izmantoti autob\u016bves nozar\u0113. Tos izmanto automa\u0161\u012bnu durv\u012bs, motora p\u0101rsegu un bag\u0101\u017enieka pac\u0113l\u0101jos, kabrioletu jumtos un st\u016bres pastiprin\u0101t\u0101ja sist\u0113m\u0101s. \u0160ie cilindri ir iecien\u012bti, jo tie sp\u0113j nodro\u0161in\u0101t lielu sp\u0113ka izvadi ar nelielu vietas nepiecie\u0161am\u012bbu. T veida cilindra konstrukcija ir labi piem\u0113rota lietojumiem, kur sp\u0113ks ir j\u0101p\u0101rnes divos da\u017e\u0101dos virzienos.<\/p>\n<p>Turkl\u0101t \u0161o cilindru metin\u0101t\u0101 konstrukcija \u013cauj tiem darboties augst\u0101 temperat\u016br\u0101 un spiedien\u0101 bez nopl\u016bd\u0113m. Tas padara tos piem\u0113rotus izmanto\u0161anai dzin\u0113jos, transmisij\u0101s un brem\u017eu sist\u0113m\u0101s.<\/li>\n<li>\n<h3>Ra\u017eo\u0161anas nozare<\/h3>\n<p>Metin\u0101tie T veida cilindri tiek izmantoti ar\u012b ra\u017eo\u0161anas nozar\u0113. Tos izmanto hidrauliskaj\u0101s pres\u0113s, kal\u0161anas ma\u0161\u012bn\u0101s un met\u0101la grie\u0161anas ma\u0161\u012bn\u0101s. \u0160o cilindru liel\u0101 jauda padara tos ide\u0101li piem\u0113rotus lietojumiem, kur neliel\u0101 telp\u0101 nepiecie\u0161ams liels sp\u0113ks.<\/p>\n<p>T veida cilindra konstrukcija ir labi piem\u0113rota ar\u012b lietojumiem, kuros sp\u0113ks j\u0101p\u0101rnes divos da\u017e\u0101dos virzienos. Piem\u0113ram, hidrauliskaj\u0101 pres\u0113 T veida cilindru var izmantot, lai pieliktu sp\u0113ku gan vertik\u0101li, gan horizont\u0101li, kas \u013cauj veikt sare\u017e\u0123\u012bt\u0101kus ra\u017eo\u0161anas procesus.<\/li>\n<li>\n<h3>Avi\u0101cijas un kosmosa r\u016bpniec\u012bba<\/h3>\n<p>Metin\u0101tie T veida cilindri tiek izmantoti avi\u0101cijas un kosmosa r\u016bpniec\u012bb\u0101 da\u017e\u0101diem m\u0113r\u0137iem. Tos izmanto \u0161asijas sist\u0113m\u0101s, kravas nodal\u012bjuma durv\u012bs un lidojumu vad\u012bbas sist\u0113m\u0101s. \u0160o cilindru augst\u0101 jauda un kompaktais dizains padara tos ide\u0101li piem\u0113rotus lieto\u0161anai ierobe\u017eot\u0101 telp\u0101 lidma\u0161\u012bn\u0101.<\/p>\n<p>\u0160o cilindru metin\u0101t\u0101 konstrukcija padara tos iztur\u012bgus pret augstu spiedienu un temperat\u016bru lidojuma laik\u0101. Turkl\u0101t T veida cilindra konstrukcija \u013cauj sp\u0113ku p\u0101rnest divos da\u017e\u0101dos virzienos, padarot to labi piem\u0113rotu lietojumiem, kur sp\u0113ks j\u0101pieliek le\u0146\u0137\u012b.<\/li>\n<li>\n<h3>B\u016bvniec\u012bbas nozare<\/h3>\n<p>Metin\u0101tie T veida cilindri tiek izmantoti b\u016bvniec\u012bbas nozar\u0113 smagu kravu cel\u0161anai un p\u0101rvieto\u0161anai. Tos izmanto celt\u0146os, ekskavatoros un ekskavatoros. \u0160o cilindru augst\u0101 jauda un kompaktais dizains padara tos ide\u0101li piem\u0113rotus lieto\u0161anai ierobe\u017eot\u0101 telp\u0101 b\u016bvlaukum\u0101.<\/p>\n<p>T veida cilindra konstrukcija \u013cauj sp\u0113ku p\u0101rnest divos da\u017e\u0101dos virzienos, padarot to labi piem\u0113rotu lietojumiem, kuros sp\u0113ks j\u0101pieliek le\u0146\u0137\u012b. Turkl\u0101t \u0161o cilindru metin\u0101t\u0101 konstrukcija \u013cauj tiem darboties augst\u0101 spiedien\u0101 un temperat\u016br\u0101 bez nopl\u016bd\u0113m, padarot tos piem\u0113rotus lieto\u0161anai skarbos \u0101ra apst\u0101k\u013cos.<\/li>\n<li><img decoding=\"async\" src=\"https:\/\/hzpt.com\/wp-content\/uploads\/2023\/12\/random-1.webp?v=1694163707\" alt=\"\" title=\"\"><\/li>\n<\/ol>\n<h3>Par FMP<\/h3>\n<p>FMP ir vado\u0161ais hidraulisko cilindru ra\u017eot\u0101js un pieg\u0101d\u0101t\u0101js ar vair\u0101k nek\u0101 30 gadu pieredzi \u0161aj\u0101 nozar\u0113. M\u016bsu modernaj\u0101 r\u016bpniec\u012bbas zon\u0101, kas atrodas It\u0101lij\u0101, ir vair\u0101k nek\u0101 100 modernu iek\u0101rtu, kas nodro\u0161ina augstas kvalit\u0101tes produkciju. M\u0113s specializ\u0113jamies da\u017e\u0101du veidu hidrauliskajos cilindros, tostarp autom\u0101tisk\u0101s g\u0101zes ekran\u0113t\u0101s metin\u0101\u0161anas iek\u0101rt\u0101s, dzi\u013curbumu urb\u0161anas iek\u0101rt\u0101s, CNC virp\u0101s, cilindriskaj\u0101s sl\u012bpma\u0161\u012bn\u0101s, autom\u0101tiskaj\u0101s t\u012br\u012b\u0161anas iek\u0101rt\u0101s, autom\u0101tiskaj\u0101s uzst\u0101d\u012b\u0161anas iek\u0101rt\u0101s, autom\u0101tiskaj\u0101s hidraulisko cilindru veiktsp\u0113jas p\u0101rbaudes stendos un autom\u0101tiskaj\u0101s kr\u0101so\u0161anas l\u012bnij\u0101s.<\/p>\n<p><img decoding=\"async\" src=\"https:\/\/fmp-components.com\/wp-content\/uploads\/2024\/12\/fmp-factory-4.webp\" alt=\"FMP r\u016bpn\u012bca\" width=\"800\" title=\"\"><\/p>\n<p>FMP m\u0113s lepojamies ar to, ka saviem v\u0113rt\u012bgajiem klientiem pieg\u0101d\u0101jam izcilas kvalit\u0101tes produktus. \u0160eit ir pieci iemesli, k\u0101p\u0113c jums vajadz\u0113tu izv\u0113l\u0113ties m\u016bsu produktus un sadarboties ar mums:<\/p>\n<ol>\n<li>Stingra apstr\u0101de un p\u0101rbaude: Katrs hidrauliskais cilindrs tiek pak\u013cauts stingrai apstr\u0101dei un p\u0101rbaudei, lai nodro\u0161in\u0101tu augst\u0101kos kvalit\u0101tes un veiktsp\u0113jas standartus. M\u0113s pie\u0161\u0137iram priorit\u0101ti klientu apmierin\u0101t\u012bbai.<\/li>\n<li>Dizaina pakalpojums: M\u016bsu pieredz\u0113ju\u0161\u0101 dizaina komanda var jums pal\u012bdz\u0113t ar produktu dizainu un izstr\u0101di. Neatkar\u012bgi no t\u0101, vai jums ir nepiecie\u0161ami jauni produkti vai eso\u0161o uzlabojumi, m\u0113s esam \u0161eit, lai j\u016bs atbalst\u012btu.<\/li>\n<li>Visaptvero\u0161s produktu serviss: No izejviel\u0101m l\u012bdz grie\u0161anai, rupjai apstr\u0101dei, test\u0113\u0161anai, t\u012br\u012b\u0161anai, mont\u0101\u017eai, iepako\u0161anai un transport\u0113\u0161anai m\u0113s nodro\u0161in\u0101m piln\u012bgu produktu servisu. J\u016bs varat pa\u013cauties uz mums, lai nodro\u0161in\u0101tu nevainojamu ra\u017eo\u0161anas procesu.<\/li>\n<li>Paraugu process: M\u0113s pied\u0101v\u0101jam paraugu izstr\u0101di atbilsto\u0161i j\u016bsu \u012bpa\u0161aj\u0101m pras\u012bb\u0101m. M\u016bsu komanda nep\u0101rtraukti modific\u0113s paraugus, lai tie atbilstu j\u016bsu vajadz\u012bb\u0101m un nodro\u0161in\u0101tu piln\u012bgu apmierin\u0101t\u012bbu.<\/li>\n<li>P\u0113tniec\u012bbas un att\u012bst\u012bbas iesp\u0113jas: Rodoties jaun\u0101m tirgus vajadz\u012bb\u0101m, m\u0113s vienm\u0113r esam soli priek\u0161\u0101, p\u0113tot un izstr\u0101d\u0101jot jaunus mode\u013cus. M\u016bsu ap\u0146em\u0161an\u0101s ieviest inov\u0101cijas garant\u0113, ka jums vienm\u0113r b\u016bs piek\u013cuve jaun\u0101kajiem un modern\u0101kajiem hidraulisko cilindru produktiem.<\/li>\n<\/ol>\n<p>Ar m\u016bsu ap\u0146em\u0161anos nodro\u0161in\u0101t izcil\u012bbu, pla\u0161o produktu kl\u0101stu un uz klientu orient\u0113to pieeju, FMP ir j\u016bsu ide\u0101ls partneris vis\u0101m j\u016bsu hidraulisko cilindru vajadz\u012bb\u0101m. Sazinieties ar mums jau \u0161odien, lai p\u0101rrun\u0101tu savas pras\u012bbas un izbaud\u012btu augst\u0101ko kvalit\u0101ti un servisu, kas m\u016bs at\u0161\u0137ir no konkurentiem.<\/p>\n<p>Autors: CX<\/p>","protected":false},"excerpt":{"rendered":"<p>The 10010 Industrial Double Acting Welded Hydraulic Cylinder is a high-performance solution designed for demanding industrial applications. Engineered with durability and efficiency in mind, this hydraulic cylinder is ideal for a variety of uses, including construction, manufacturing, and heavy machinery operations. Key Features: Double Acting Design: This hydraulic cylinder functions effectively in both extension and [&hellip;]<\/p>","protected":false},"featured_media":1133,"comment_status":"closed","ping_status":"closed","template":"","meta":{"_et_pb_use_builder":"","_et_pb_old_content":"","_et_gb_content_width":""},"product_brand":[],"product_cat":[31],"product_tag":[34,35],"class_list":{"0":"post-930","1":"product","2":"type-product","3":"status-publish","4":"has-post-thumbnail","6":"product_cat-welded-tee-type-cylinder","7":"product_tag-hydraulic-cylinder","8":"product_tag-welded-tee-type-cylinder","10":"first","11":"instock","12":"product-type-simple"},"_links":{"self":[{"href":"https:\/\/fmp-components.com\/lv\/wp-json\/wp\/v2\/product\/930","targetHints":{"allow":["GET"]}}],"collection":[{"href":"https:\/\/fmp-components.com\/lv\/wp-json\/wp\/v2\/product"}],"about":[{"href":"https:\/\/fmp-components.com\/lv\/wp-json\/wp\/v2\/types\/product"}],"replies":[{"embeddable":true,"href":"https:\/\/fmp-components.com\/lv\/wp-json\/wp\/v2\/comments?post=930"}],"wp:featuredmedia":[{"embeddable":true,"href":"https:\/\/fmp-components.com\/lv\/wp-json\/wp\/v2\/media\/1133"}],"wp:attachment":[{"href":"https:\/\/fmp-components.com\/lv\/wp-json\/wp\/v2\/media?parent=930"}],"wp:term":[{"taxonomy":"product_brand","embeddable":true,"href":"https:\/\/fmp-components.com\/lv\/wp-json\/wp\/v2\/product_brand?post=930"},{"taxonomy":"product_cat","embeddable":true,"href":"https:\/\/fmp-components.com\/lv\/wp-json\/wp\/v2\/product_cat?post=930"},{"taxonomy":"product_tag","embeddable":true,"href":"https:\/\/fmp-components.com\/lv\/wp-json\/wp\/v2\/product_tag?post=930"}],"curies":[{"name":"wp","href":"https:\/\/api.w.org\/{rel}","templated":true}]}}