{"id":929,"date":"2024-12-19T03:39:00","date_gmt":"2024-12-19T03:39:00","guid":{"rendered":"https:\/\/fmp-components.com\/product\/10009-customized-stainless-steel-hydraulic-cylinders-mini-hydraulic-cylinder\/"},"modified":"2024-12-19T08:59:13","modified_gmt":"2024-12-19T08:59:13","slug":"10009-customized-stainless-steel-hydraulic-cylinders-mini-hydraulic-cylinder","status":"publish","type":"product","link":"https:\/\/fmp-components.com\/lv\/product\/10009-customized-stainless-steel-hydraulic-cylinders-mini-hydraulic-cylinder\/","title":{"rendered":"10009 Piel\u0101goti ner\u016bs\u0113jo\u0161\u0101 t\u0113rauda hidrauliskie cilindri Mini hidrauliskais cilindrs"},"content":{"rendered":"<p>Piel\u0101gotais ner\u016bs\u0113jo\u0161\u0101 t\u0113rauda mini hidrauliskais cilindrs 10009 ir kompakts, bet jaud\u012bgs risin\u0101jums, kas paredz\u0113ts lietojumiem, kuriem nepiecie\u0161ama precizit\u0101te un iztur\u012bba. Izgatavots no augstas kvalit\u0101tes ner\u016bs\u0113jo\u0161\u0101 t\u0113rauda, \u200b\u200b\u0161is mini hidrauliskais cilindrs ir iztur\u012bgs pret koroziju un nodilumu, padarot to ide\u0101li piem\u0113rotu gan lieto\u0161anai iek\u0161telp\u0101s, gan \u0101r\u0101.<\/p>\n<p><img decoding=\"async\" src=\"https:\/\/hzpt.com\/wp-content\/uploads\/2023\/12\/random-2.webp\" alt=\"\" title=\"\"><\/p>\n<h4>Galven\u0101s iez\u012bmes:<\/h4>\n<ul>\n<li><strong>Piel\u0101gojams dizains:<\/strong><br \/>\nPiel\u0101gots \u012bpa\u0161\u0101m ekspluat\u0101cijas pras\u012bb\u0101m, 10009 mini hidraulisko cilindru var piel\u0101got g\u0101jiena garuma, urbuma izm\u0113ra un savienojuma veidu zi\u0146\u0101, lai tas atbilstu da\u017e\u0101diem pielietojumiem.<\/li>\n<li><strong>Kompakts izm\u0113rs:<\/strong><br \/>\nT\u0101 miniat\u016brais dizains \u013cauj to viegli uzst\u0101d\u012bt \u0161aur\u0101s viet\u0101s, padarot to ide\u0101li piem\u0113rotu iek\u0101rt\u0101m un sist\u0113m\u0101m ar ierobe\u017eotu vietu, neapdraudot veiktsp\u0113ju.<\/li>\n<li><strong>Ner\u016bs\u0113jo\u0161\u0101 t\u0113rauda konstrukcija:<\/strong><br \/>\nIzgatavots no augstas kvalit\u0101tes ner\u016bs\u0113jo\u0161\u0101 t\u0113rauda, \u200b\u200b\u0161is cilindrs pied\u0101v\u0101 izcilu iztur\u012bbu pret koroziju un skarbiem vides apst\u0101k\u013ciem, nodro\u0161inot ilgm\u016b\u017e\u012bbu un uzticam\u012bbu.<\/li>\n<li><strong>Augsta veiktsp\u0113ja:<\/strong><br \/>\nNeskatoties uz mazo izm\u0113ru, hidrauliskais cilindrs nodro\u0161ina iespaid\u012bgu sp\u0113ku un efektivit\u0101ti, padarot to piem\u0113rotu da\u017e\u0101diem pielietojumiem, tostarp automatiz\u0101cijai, robotikai un materi\u0101lu apstr\u0101dei.<\/li>\n<li><strong>Daudzpus\u012bgi pielietojumi:<\/strong><br \/>\n10009 mini hidrauliskais cilindrs ir ide\u0101li piem\u0113rots izmanto\u0161anai da\u017e\u0101d\u0101s nozar\u0113s, tostarp ra\u017eo\u0161an\u0101, autob\u016bves un medic\u012bnas iek\u0101rtu ra\u017eo\u0161an\u0101, kur precizit\u0101te un uzticam\u012bba ir \u0101rk\u0101rt\u012bgi svar\u012bgas.<\/li>\n<\/ul>\n<h4>Tehnisk\u0101s specifik\u0101cijas:<\/h4>\n<table style=\"width: 91.1077%; height: 188px;\">\n<thead>\n<tr>\n<th>Specifik\u0101cija<\/th>\n<th>Apraksts<\/th>\n<\/tr>\n<\/thead>\n<tbody>\n<tr>\n<td><strong>Urbuma izm\u0113rs<\/strong><\/td>\n<td>Piel\u0101gojams<\/td>\n<\/tr>\n<tr>\n<td><strong>g\u0101jiena garums<\/strong><\/td>\n<td>Piel\u0101gojams<\/td>\n<\/tr>\n<tr>\n<td><strong>Maksim\u0101lais spiediens<\/strong><\/td>\n<td>L\u012bdz 3000 PSI<\/td>\n<\/tr>\n<tr>\n<td><strong>Materi\u0101ls<\/strong><\/td>\n<td>Augstas kvalit\u0101tes ner\u016bs\u0113jo\u0161ais t\u0113rauds<\/td>\n<\/tr>\n<tr>\n<td><strong>Savienojuma veids<\/strong><\/td>\n<td>Atloka, v\u012bt\u0146ota vai piel\u0101gota<\/td>\n<\/tr>\n<\/tbody>\n<\/table>\n<h4><\/h4>\n<h4><img loading=\"lazy\" decoding=\"async\" class=\"size-full wp-image-977 aligncenter\" src=\"https:\/\/fmp-components.com\/wp-content\/uploads\/2024\/12\/Welded-Tee-Type-Cylinder3.webp\" alt=\"Metin\u0101ts T veida cilindrs\" width=\"653\" height=\"600\" title=\"\" srcset=\"https:\/\/fmp-components.com\/wp-content\/uploads\/2024\/12\/Welded-Tee-Type-Cylinder3.webp 653w, https:\/\/fmp-components.com\/wp-content\/uploads\/2024\/12\/Welded-Tee-Type-Cylinder3-480x441.webp 480w\" sizes=\"(min-width: 0px) and (max-width: 480px) 480px, (min-width: 481px) 653px, 100vw\" \/>Darb\u012bbas princips:<\/h4>\n<p>10009 piel\u0101gotais ner\u016bs\u0113jo\u0161\u0101 t\u0113rauda mini hidrauliskais cilindrs darbojas p\u0113c hidraulisk\u0101 \u0161\u0137idruma spiediena principa. Kad hidrauliskais \u0161\u0137idrums tiek ies\u016bkn\u0113ts cilindr\u0101, tas rada spiedienu uz virzuli, radot line\u0101ru kust\u012bbu. \u0160is meh\u0101nisms nodro\u0161ina prec\u012bzu kontroli un sp\u0113c\u012bgu darb\u012bbu, padarot to par b\u016btisku lietojumos, kuros nepiecie\u0161ama prec\u012bza un uzticama veiktsp\u0113ja.<\/p>\n<p>Rezum\u0113jot, 10009 piel\u0101gotais ner\u016bs\u0113jo\u0161\u0101 t\u0113rauda mini hidrauliskais cilindrs ir daudzpus\u012bgs un efekt\u012bvs risin\u0101jums da\u017e\u0101d\u0101m r\u016bpniecisk\u0101m vajadz\u012bb\u0101m. T\u0101 piel\u0101gojam\u0101s funkcijas, iztur\u012bg\u0101 ner\u016bs\u0113jo\u0161\u0101 t\u0113rauda konstrukcija un augst\u0101 veiktsp\u0113ja padara to par neaizst\u0101jamu komponentu produktivit\u0101tes un darb\u012bbas efektivit\u0101tes uzlabo\u0161anai da\u017e\u0101dos pielietojumos.<\/p>\n<p><img decoding=\"async\" src=\"https:\/\/hzpt.com\/wp-content\/uploads\/2023\/12\/random-1.webp?v=1694163707\" alt=\"\" title=\"\"><\/p>\n<h3>Unik\u0101las iez\u012bmes<\/h3>\n<ul>\n<li><strong>Ener\u0123ijas taup\u012b\u0161ana:<\/strong><br \/>\nHidrauliskais cilindrs ir konstru\u0113ts t\u0101, lai darb\u012bbas laik\u0101 pat\u0113r\u0113tu minim\u0101lu ener\u0123iju, kas laika gait\u0101 nodro\u0161ina iev\u0113rojamu izmaksu ietaup\u012bjumu. Optimiz\u0113jot ener\u0123ijas pat\u0113ri\u0146u, \u0161is produkts ne tikai samazina ener\u0123ijas r\u0113\u0137inus, bet ar\u012b veicina ilgtsp\u0113j\u012bbas centienus, samazinot ietekmi uz vidi. \u0160is energoefekt\u012bvais dizains padara to par ekonomisku izv\u0113li uz\u0146\u0113mumiem, kas v\u0113las uzlabot savu darb\u012bbas efektivit\u0101ti, neapdraudot veiktsp\u0113ju.<\/li>\n<li><strong>Augsta efektivit\u0101te:<\/strong><br \/>\nHidrauliskais cilindrs, kas paredz\u0113ts maksim\u0101lai produktivit\u0101tei, darbojas ar \u0101rk\u0101rt\u012bgi augstu efektivit\u0101tes l\u012bmeni. T\u0101 uzlabot\u0101 in\u017eenierija nodro\u0161ina past\u0101v\u012bgu un uzticamu veiktsp\u0113ju, \u013caujot \u0101tr\u0101k sasniegt cikla laikus un uzlabot ra\u017e\u012bbu. \u0160\u012b augstas efektivit\u0101tes darb\u012bba ir \u013coti svar\u012bga pras\u012bg\u0101 r\u016bpniecisk\u0101 vid\u0113, kur katra sekunde ir svar\u012bga, padarot to par nenov\u0113rt\u0113jamu l\u012bdzekli darbpl\u016bsmas uzlabo\u0161anai un ra\u017eo\u0161anas m\u0113r\u0137u sasnieg\u0161anai.<\/li>\n<li><strong>Dro\u0161\u012bba:<\/strong><br \/>\nDro\u0161\u012bba ir viens no galvenajiem apsv\u0113rumiem \u0161\u012b hidraulisk\u0101 cilindra projekt\u0113\u0161an\u0101. Taj\u0101 ir iek\u013cautas vair\u0101kas dro\u0161\u012bbas funkcijas, tostarp spiediena samazin\u0101\u0161anas v\u0101rsti, iztur\u012bgi bl\u012bv\u0113jumi un dro\u0161\u012bbas meh\u0101nismi, lai nodro\u0161in\u0101tu dro\u0161u darb\u012bbu da\u017e\u0101dos apst\u0101k\u013cos. \u0160ie dro\u0161\u012bbas uzlabojumi aizsarg\u0101 gan apr\u012bkojumu, gan operatorus, samazinot negad\u012bjumu un d\u012bkst\u0101ves risku. Pie\u0161\u0137irot priorit\u0101ti dro\u0161\u012bbai, \u0161is produkts vairo lietot\u0101ju p\u0101rliec\u012bbu, \u013caujot vi\u0146iem mier\u012bgi vad\u012bt iek\u0101rtas.<\/li>\n<\/ul>\n<h2>Metin\u0101t\u0101 T veida cilindra priek\u0161roc\u012bbas<\/h2>\n<ul>\n<li style=\"list-style-type: none;\">\n<ul>\n<li><strong>Palielin\u0101ts sp\u0113ks:<\/strong> Metin\u0101tie T veida cilindri ir paz\u012bstami ar savu augsto iztur\u012bbu, padarot tos piem\u0113rotus lietojumiem, kuros nepiecie\u0161ama smagu kravu cel\u0161ana. \u0160o cilindru ra\u017eo\u0161anas laik\u0101 izmantotais metin\u0101\u0161anas process nodro\u0161ina, ka cilindram nav v\u0101ju punktu un tas var iztur\u0113t augstu spiedienu un spriegumu.<\/li>\n<\/ul>\n<\/li>\n<\/ul>\n<p>Kad uz cilindru tiek iedarbin\u0101ts spiediens, tas vienm\u0113r\u012bgi sadal\u0101s pa visu virsmu, padarot to iztur\u012bgu pret deform\u0101ciju. \u0160\u012b \u012bpa\u0161\u012bba nodro\u0161ina, ka cilindrs saglab\u0101 savu formu un struktur\u0101lo integrit\u0101ti pat ekstrem\u0101los apst\u0101k\u013cos.<\/p>\n<ul>\n<li style=\"list-style-type: none;\">\n<ul>\n<li><strong>Nopl\u016b\u017eu nov\u0113r\u0161ana:<\/strong> Metin\u0101tie T veida cilindri ir izstr\u0101d\u0101ti, lai nov\u0113rstu nopl\u016bdes. Ra\u017eo\u0161anas proces\u0101 izmantotais metin\u0101\u0161anas process nodro\u0161ina, ka cilindrs ir piln\u012bb\u0101 nosl\u0113gts un bez jebk\u0101d\u0101m iesp\u0113jam\u0101m nopl\u016bd\u0113m. \u0160\u012b \u012bpa\u0161\u012bba padara tos piem\u0113rotus lieto\u0161anai lietojumos, kur nopl\u016bde var\u0113tu izrais\u012bt nopietnus boj\u0101jumus vai traumas.<\/li>\n<\/ul>\n<\/li>\n<\/ul>\n<p>Metin\u0101tie savienojumi ir gludi, bez plais\u0101m vai riev\u0101m, kur var\u0113tu uzkr\u0101ties gru\u017ei vai net\u012brumi, t\u0101d\u0113j\u0101di samazinot korozijas un cilindra boj\u0101jumu risku.<\/p>\n<ul>\n<li style=\"list-style-type: none;\">\n<ul>\n<li><strong>Piel\u0101gojams:<\/strong> Metin\u0101tos T veida cilindrus var piel\u0101got konkr\u0113tiem pielietojumiem. Cilindri ir pieejami da\u017e\u0101dos izm\u0113ros un form\u0101s, un tos var izgatavot atbilsto\u0161i konkr\u0113t\u0101 pielietojuma pras\u012bb\u0101m.<\/li>\n<\/ul>\n<\/li>\n<\/ul>\n<p>Piel\u0101go\u0161anas process \u013cauj optimiz\u0113t cilindra veiktsp\u0113ju, nodro\u0161inot, ka tas ir piem\u0113rots paredz\u0113tajam pielietojumam. \u0160\u012b \u012bpa\u0161\u012bba padara metin\u0101tus T veida cilindrus ide\u0101li piem\u0113rotus izmanto\u0161anai da\u017e\u0101dos r\u016bpnieciskos pielietojumos, tostarp b\u016bvniec\u012bb\u0101, ieguves r\u016bpniec\u012bb\u0101 un materi\u0101lu apstr\u0101d\u0113.<\/p>\n<ul>\n<li style=\"list-style-type: none;\">\n<ul>\n<li><strong>Izmaksu zi\u0146\u0101 efekt\u012bvs:<\/strong> Metin\u0101tie T veida cilindri ir izmaksu zi\u0146\u0101 efekt\u012bv\u0101ki sal\u012bdzin\u0101jum\u0101 ar cita veida cilindriem. \u0160o cilindru ra\u017eo\u0161anas process ir vienk\u0101r\u0161s, t\u0101p\u0113c tie ir l\u0113t\u0101ki nek\u0101 cita veida cilindri.<\/li>\n<\/ul>\n<\/li>\n<\/ul>\n<p>Turkl\u0101t metin\u0101to T veida cilindru augst\u0101 iztur\u012bba un ilgm\u016b\u017e\u012bba samazina nepiecie\u0161am\u012bbu p\u0113c bie\u017ea remonta un nomai\u0146as, t\u0101d\u0113j\u0101di ietaupot apkopes izmaksas. \u0160\u012b \u012bpa\u0161\u012bba padara tos par popul\u0101ru izv\u0113li daudz\u0101s nozar\u0113s, \u012bpa\u0161i taj\u0101s, kur\u0101m ir ierobe\u017eots bud\u017eets.<\/p>\n<ul>\n<li style=\"list-style-type: none;\">\n<ul>\n<li><strong>Paaugstin\u0101ta efektivit\u0101te:<\/strong> Metin\u0101tie T veida cilindri ir \u013coti efekt\u012bvi un lietder\u012bgi. Cilindra konstrukcija nodro\u0161ina, ka pieliktais sp\u0113ks tiek tie\u0161i p\u0101rnests uz slodzi, samazinot ener\u0123ijas zudumus un palielinot efektivit\u0101ti.<\/li>\n<\/ul>\n<\/li>\n<\/ul>\n<p>Metin\u0101tie savienojumi ir iztur\u012bgi un stingri, samazinot novirzi un nodro\u0161inot, ka cilindrs saglab\u0101 savu formu un struktur\u0101lo integrit\u0101ti pat ekstrem\u0101los apst\u0101k\u013cos. \u0160\u012b \u012bpa\u0161\u012bba padara metin\u0101tos T veida cilindrus ide\u0101li piem\u0113rotus lieto\u0161anai lietojumos, kuriem nepiecie\u0161ama augsta efektivit\u0101te un uzticam\u012bba.<\/p>\n<p><img loading=\"lazy\" decoding=\"async\" class=\"size-full wp-image-974 aligncenter\" src=\"https:\/\/fmp-components.com\/wp-content\/uploads\/2024\/12\/application-of-Welded-Tee-Type-Cylinder.webp\" alt=\"Metin\u0101t\u0101 T veida cilindra pielietojums\" width=\"760\" height=\"860\" title=\"\" srcset=\"https:\/\/fmp-components.com\/wp-content\/uploads\/2024\/12\/application-of-Welded-Tee-Type-Cylinder.webp 760w, https:\/\/fmp-components.com\/wp-content\/uploads\/2024\/12\/application-of-Welded-Tee-Type-Cylinder-480x543.webp 480w\" sizes=\"(min-width: 0px) and (max-width: 480px) 480px, (min-width: 481px) 760px, 100vw\" \/><\/p>\n<h2>Metin\u0101t\u0101 T veida cilindra pielietojums<\/h2>\n<ol>\n<li>\n<h3>Automobi\u013cu r\u016bpniec\u012bba<\/h3>\n<p>Metin\u0101tie T veida cilindri tiek pla\u0161i izmantoti autob\u016bves nozar\u0113. Tos izmanto automa\u0161\u012bnu durv\u012bs, motora p\u0101rsegu un bag\u0101\u017enieka pac\u0113l\u0101jos, kabrioletu jumtos un st\u016bres pastiprin\u0101t\u0101ja sist\u0113m\u0101s. \u0160ie cilindri ir iecien\u012bti, jo tie sp\u0113j nodro\u0161in\u0101t lielu sp\u0113ka izvadi ar nelielu vietas nepiecie\u0161am\u012bbu. T veida cilindra konstrukcija ir labi piem\u0113rota lietojumiem, kur sp\u0113ks ir j\u0101p\u0101rnes divos da\u017e\u0101dos virzienos.<\/p>\n<p>Turkl\u0101t \u0161o cilindru metin\u0101t\u0101 konstrukcija \u013cauj tiem darboties augst\u0101 temperat\u016br\u0101 un spiedien\u0101 bez nopl\u016bd\u0113m. Tas padara tos piem\u0113rotus izmanto\u0161anai dzin\u0113jos, transmisij\u0101s un brem\u017eu sist\u0113m\u0101s.<\/li>\n<li>\n<h3>Ra\u017eo\u0161anas nozare<\/h3>\n<p>Metin\u0101tie T veida cilindri tiek izmantoti ar\u012b ra\u017eo\u0161anas nozar\u0113. Tos izmanto hidrauliskaj\u0101s pres\u0113s, kal\u0161anas ma\u0161\u012bn\u0101s un met\u0101la grie\u0161anas ma\u0161\u012bn\u0101s. \u0160o cilindru liel\u0101 jauda padara tos ide\u0101li piem\u0113rotus lietojumiem, kur neliel\u0101 telp\u0101 nepiecie\u0161ams liels sp\u0113ks.<\/p>\n<p>T veida cilindra konstrukcija ir labi piem\u0113rota ar\u012b lietojumiem, kuros sp\u0113ks j\u0101p\u0101rnes divos da\u017e\u0101dos virzienos. Piem\u0113ram, hidrauliskaj\u0101 pres\u0113 T veida cilindru var izmantot, lai pieliktu sp\u0113ku gan vertik\u0101li, gan horizont\u0101li, kas \u013cauj veikt sare\u017e\u0123\u012bt\u0101kus ra\u017eo\u0161anas procesus.<\/li>\n<li>\n<h3>Avi\u0101cijas un kosmosa r\u016bpniec\u012bba<\/h3>\n<p>Metin\u0101tie T veida cilindri tiek izmantoti avi\u0101cijas un kosmosa r\u016bpniec\u012bb\u0101 da\u017e\u0101diem m\u0113r\u0137iem. Tos izmanto \u0161asijas sist\u0113m\u0101s, kravas nodal\u012bjuma durv\u012bs un lidojumu vad\u012bbas sist\u0113m\u0101s. \u0160o cilindru augst\u0101 jauda un kompaktais dizains padara tos ide\u0101li piem\u0113rotus lieto\u0161anai ierobe\u017eot\u0101 telp\u0101 lidma\u0161\u012bn\u0101.<\/p>\n<p>\u0160o cilindru metin\u0101t\u0101 konstrukcija padara tos iztur\u012bgus pret augstu spiedienu un temperat\u016bru lidojuma laik\u0101. Turkl\u0101t T veida cilindra konstrukcija \u013cauj sp\u0113ku p\u0101rnest divos da\u017e\u0101dos virzienos, padarot to labi piem\u0113rotu lietojumiem, kur sp\u0113ks j\u0101pieliek le\u0146\u0137\u012b.<\/li>\n<li>\n<h3>B\u016bvniec\u012bbas nozare<\/h3>\n<p>Metin\u0101tie T veida cilindri tiek izmantoti b\u016bvniec\u012bbas nozar\u0113 smagu kravu cel\u0161anai un p\u0101rvieto\u0161anai. Tos izmanto celt\u0146os, ekskavatoros un ekskavatoros. \u0160o cilindru augst\u0101 jauda un kompaktais dizains padara tos ide\u0101li piem\u0113rotus lieto\u0161anai ierobe\u017eot\u0101 telp\u0101 b\u016bvlaukum\u0101.<\/p>\n<p>T veida cilindra konstrukcija \u013cauj sp\u0113ku p\u0101rnest divos da\u017e\u0101dos virzienos, padarot to labi piem\u0113rotu lietojumiem, kuros sp\u0113ks j\u0101pieliek le\u0146\u0137\u012b. Turkl\u0101t \u0161o cilindru metin\u0101t\u0101 konstrukcija \u013cauj tiem darboties augst\u0101 spiedien\u0101 un temperat\u016br\u0101 bez nopl\u016bd\u0113m, padarot tos piem\u0113rotus lieto\u0161anai skarbos \u0101ra apst\u0101k\u013cos.<\/li>\n<\/ol>\n<h3>Par FMP<\/h3>\n<p>FMP jau vair\u0101k nek\u0101 30 gadus ir vado\u0161ais hidraulisko cilindru ra\u017eot\u0101js un pieg\u0101d\u0101t\u0101js. M\u016bsu r\u016bpniec\u012bbas zona atrodas It\u0101lij\u0101, un mums ir vair\u0101k nek\u0101 100 iek\u0101rtu, tostarp autom\u0101tiska g\u0101zes ekran\u0113ta metin\u0101\u0161anas iek\u0101rta, dzi\u013curbumu urb\u0161anas iek\u0101rta, CNC virpa, cilindrisk\u0101 sl\u012bpma\u0161\u012bna, autom\u0101tisk\u0101 t\u012br\u012b\u0161anas iek\u0101rta, autom\u0101tisk\u0101 uzst\u0101d\u012b\u0161anas iek\u0101rta, autom\u0101tisks hidraulisko cilindru veiktsp\u0113jas p\u0101rbaudes stends, autom\u0101tisk\u0101 kr\u0101so\u0161anas l\u012bnija un citas.<\/p>\n<p>M\u016bsu hidrauliskie cilindri ir izstr\u0101d\u0101ti un apstr\u0101d\u0101ti, iev\u0113rojot stingru kvalit\u0101tes kontroli, lai nodro\u0161in\u0101tu, ka m\u016bsu klientiem pieg\u0101d\u0101jam tikai lab\u0101ko. M\u016bsu pakalpojumi ietver:<\/p>\n<ol>\n<li><strong>Dizaina pakalpojums:<\/strong> M\u016bsu pieredz\u0113ju\u0161\u0101 dizaina komanda var j\u016bs atbalst\u012bt ar jebk\u0101d\u0101m jaunu produktu vajadz\u012bb\u0101m vai uzlabojumiem, kas jums var\u0113tu b\u016bt nepiecie\u0161ami.<\/li>\n<li><strong>Produkta pakalpojums:<\/strong> M\u0113s nodro\u0161in\u0101m kvalit\u0101ti vis\u0101 izejvielu atlases, grie\u0161anas, rupj\u0101s apstr\u0101des, test\u0113\u0161anas, t\u012br\u012b\u0161anas, mont\u0101\u017eas, iepako\u0161anas un transport\u0113\u0161anas proces\u0101.<\/li>\n<li><strong>Parauga process:<\/strong> M\u0113s varam izstr\u0101d\u0101t un past\u0101v\u012bgi modific\u0113t paraugus atbilsto\u0161i j\u016bsu \u012bpa\u0161aj\u0101m pras\u012bb\u0101m.<\/li>\n<li><strong>P\u0113tniec\u012bba un att\u012bst\u012bba:<\/strong> M\u0113s p\u0113t\u0101m jaun\u0101s tirgus vajadz\u012bbas un atbilsto\u0161i t\u0101m izstr\u0101d\u0101jam jaunus mode\u013cus.<\/li>\n<li><strong>Piel\u0101go\u0161ana:<\/strong> M\u0113s pie\u0146emam piel\u0101go\u0161anas piepras\u012bjumus visu veidu hidrauliskajiem cilindriem.<\/li>\n<\/ol>\n<p>M\u016bsu ap\u0146em\u0161an\u0101s nodro\u0161in\u0101t kvalit\u0101ti un klientu apmierin\u0101t\u012bbu at\u0161\u0137ir m\u016bs no citiem ra\u017eot\u0101jiem. M\u0113s cen\u0161amies nodro\u0161in\u0101t lab\u0101kos produktus un pakalpojumus, lai apmierin\u0101tu j\u016bsu vajadz\u012bbas.<\/p>\n<p><img decoding=\"async\" src=\"https:\/\/fmp-components.com\/wp-content\/uploads\/2024\/12\/fmp-factory-4.webp\" alt=\"FMP r\u016bpn\u012bca\" width=\"800\" title=\"\"><br \/>\nAutors: CX<\/p>","protected":false},"excerpt":{"rendered":"<p>The 10009 Customized Stainless Steel Mini Hydraulic Cylinder is a compact yet powerful solution designed for applications requiring precision and durability. Crafted from high-quality stainless steel, this mini hydraulic cylinder is resistant to corrosion and wear, making it ideal for both indoor and outdoor use. Key Features: Customizable Design: Tailored to meet specific operational requirements, [&hellip;]<\/p>","protected":false},"featured_media":1132,"comment_status":"closed","ping_status":"closed","template":"","meta":{"_et_pb_use_builder":"","_et_pb_old_content":"","_et_gb_content_width":""},"product_brand":[],"product_cat":[31],"product_tag":[34,35],"class_list":{"0":"post-929","1":"product","2":"type-product","3":"status-publish","4":"has-post-thumbnail","6":"product_cat-welded-tee-type-cylinder","7":"product_tag-hydraulic-cylinder","8":"product_tag-welded-tee-type-cylinder","10":"first","11":"instock","12":"product-type-simple"},"_links":{"self":[{"href":"https:\/\/fmp-components.com\/lv\/wp-json\/wp\/v2\/product\/929","targetHints":{"allow":["GET"]}}],"collection":[{"href":"https:\/\/fmp-components.com\/lv\/wp-json\/wp\/v2\/product"}],"about":[{"href":"https:\/\/fmp-components.com\/lv\/wp-json\/wp\/v2\/types\/product"}],"replies":[{"embeddable":true,"href":"https:\/\/fmp-components.com\/lv\/wp-json\/wp\/v2\/comments?post=929"}],"wp:featuredmedia":[{"embeddable":true,"href":"https:\/\/fmp-components.com\/lv\/wp-json\/wp\/v2\/media\/1132"}],"wp:attachment":[{"href":"https:\/\/fmp-components.com\/lv\/wp-json\/wp\/v2\/media?parent=929"}],"wp:term":[{"taxonomy":"product_brand","embeddable":true,"href":"https:\/\/fmp-components.com\/lv\/wp-json\/wp\/v2\/product_brand?post=929"},{"taxonomy":"product_cat","embeddable":true,"href":"https:\/\/fmp-components.com\/lv\/wp-json\/wp\/v2\/product_cat?post=929"},{"taxonomy":"product_tag","embeddable":true,"href":"https:\/\/fmp-components.com\/lv\/wp-json\/wp\/v2\/product_tag?post=929"}],"curies":[{"name":"wp","href":"https:\/\/api.w.org\/{rel}","templated":true}]}}