{"id":928,"date":"2024-12-19T03:39:00","date_gmt":"2024-12-19T03:39:00","guid":{"rendered":"https:\/\/fmp-components.com\/product\/10008-factory-serving-long-stroke-1200mm-stroke-small-hydraulic-cylinder\/"},"modified":"2024-12-19T09:01:00","modified_gmt":"2024-12-19T09:01:00","slug":"10008-factory-serving-long-stroke-1200mm-stroke-small-hydraulic-cylinder","status":"publish","type":"product","link":"https:\/\/fmp-components.com\/lv\/product\/10008-factory-serving-long-stroke-1200mm-stroke-small-hydraulic-cylinder\/","title":{"rendered":"10008 R\u016bpn\u012bcas apkalpo\u0161anas hidrauliskais cilindrs ar garu g\u0101jienu, 1200 mm g\u0101jienu"},"content":{"rendered":"<p>10008 r\u016bpn\u012bc\u0101 ra\u017eotais gar\u0101 g\u0101jiena mazais hidrauliskais cilindrs ir izstr\u0101d\u0101ts, lai nodro\u0161in\u0101tu precizit\u0101ti un uzticam\u012bbu kompakt\u0101 konstrukcij\u0101. Ar iespaid\u012bgu 1200 mm g\u0101jiena garumu \u0161is hidrauliskais cilindrs ir ide\u0101li piem\u0113rots lietojumiem, kuriem nepiecie\u0161ama pla\u0161a sniedzam\u012bba un jaud\u012bga veiktsp\u0113ja sl\u0113gt\u0101s telp\u0101s.<\/p>\n<h4>Galven\u0101s iez\u012bmes:<\/h4>\n<ul>\n<li><strong>Gar\u0161 g\u0101jiena garums:<\/strong><br \/>\nAr 1200 mm garumu \u0161is cilindrs nodro\u0161ina iev\u0113rojamu line\u0101ru kust\u012bbu, padarot to piem\u0113rotu da\u017e\u0101diem pielietojumiem, s\u0101kot no r\u016bpniecisk\u0101m iek\u0101rt\u0101m l\u012bdz automobi\u013cu sist\u0113m\u0101m.<\/li>\n<li><strong>Kompakts dizains:<\/strong><br \/>\nNeskatoties uz garo g\u0101jienu, mazais hidrauliskais cilindrs saglab\u0101 kompaktu izm\u0113ru, kas \u013cauj to uzst\u0101d\u012bt \u0161aur\u0101s viet\u0101s, nezaud\u0113jot veiktsp\u0113ju.<\/li>\n<li><strong>Augsta kravnes\u012bba:<\/strong><br \/>\n\u0160is hidrauliskais cilindrs, kas paredz\u0113ts iev\u0113rojamu slod\u017eu apstr\u0101dei, nodro\u0161ina uzticam\u012bbu un efektivit\u0101ti, padarot to ide\u0101li piem\u0113rotu sare\u017e\u0123\u012btiem uzdevumiem da\u017e\u0101d\u0101s nozar\u0113s.<\/li>\n<li><strong>Iztur\u012bga konstrukcija:<\/strong><br \/>\nIzgatavots no augstas kvalit\u0101tes materi\u0101liem, cilindrs ir paredz\u0113ts, lai iztur\u0113tu skarbus ekspluat\u0101cijas apst\u0101k\u013cus, nodro\u0161inot ilgsto\u0161u iztur\u012bbu un minim\u0101lu apkopi.<\/li>\n<li><strong>Daudzpus\u012bgi pielietojumi:<\/strong><br \/>\n\u0160is hidrauliskais cilindrs ir piem\u0113rots pla\u0161am pielietojumu kl\u0101stam, tostarp celtniec\u012bbas iek\u0101rt\u0101m, ra\u017eo\u0161anas ma\u0161\u012bn\u0101m un automa\u0161\u012bnu pac\u0113l\u0101jiem.<\/li>\n<\/ul>\n<h4>Tehnisk\u0101s specifik\u0101cijas:<\/h4>\n<table style=\"width: 95.5485%; height: 162px;\">\n<thead>\n<tr>\n<th>Specifik\u0101cija<\/th>\n<th>Apraksts<\/th>\n<\/tr>\n<\/thead>\n<tbody>\n<tr>\n<td><strong>g\u0101jiena garums<\/strong><\/td>\n<td>1200 mm<\/td>\n<\/tr>\n<tr>\n<td><strong>Urbuma izm\u0113rs<\/strong><\/td>\n<td>Piel\u0101gojams<\/td>\n<\/tr>\n<tr>\n<td><strong>Maksim\u0101lais spiediens<\/strong><\/td>\n<td>L\u012bdz 2500 PSI<\/td>\n<\/tr>\n<tr>\n<td><strong>Materi\u0101ls<\/strong><\/td>\n<td>Augstas stipr\u012bbas t\u0113rauds<\/td>\n<\/tr>\n<tr>\n<td><strong>Savienojuma veids<\/strong><\/td>\n<td>Atloka vai v\u012bt\u0146ota<\/td>\n<\/tr>\n<\/tbody>\n<\/table>\n<h4>Darb\u012bbas princips:<\/h4>\n<p>10008 r\u016bpn\u012bc\u0101 ra\u017eotais gar\u0101 g\u0101jiena hidrauliskais cilindrs darbojas p\u0113c hidraulisk\u0101 \u0161\u0137idruma spiediena principa. Kad hidrauliskais \u0161\u0137idrums tiek ievad\u012bts cilindr\u0101, tas iedarbojas uz virzuli, k\u0101 rezult\u0101t\u0101 rodas sp\u0113c\u012bga line\u0101ra kust\u012bba. \u0160is meh\u0101nisms nodro\u0161ina vienm\u0113r\u012bgu un kontrol\u0113tu darb\u012bbu, padarot to ide\u0101li piem\u0113rotu da\u017e\u0101diem r\u016bpnieciskiem lietojumiem.<\/p>\n<p>Rezum\u0113jot, 10008 r\u016bpn\u012bc\u0101 ra\u017eotais gar\u0101 g\u0101jiena 1200 mm g\u0101jiena mazais hidrauliskais cilindrs ir iztur\u012bgs un efekt\u012bvs risin\u0101jums nozar\u0113m, kur\u0101m nepiecie\u0161ama uzticama hidraulisk\u0101 veiktsp\u0113ja. T\u0101 unik\u0101l\u0101s \u012bpa\u0161\u012bbas, iztur\u012bg\u0101 konstrukcija un daudzpus\u012bgais pielietojums padara to par b\u016btisku sast\u0101vda\u013cu produktivit\u0101tes un darb\u012bbas efektivit\u0101tes uzlabo\u0161an\u0101.<\/p>\n<p><img decoding=\"async\" src=\"https:\/\/hzpt.com\/wp-content\/uploads\/2023\/12\/random-5.webp\" alt=\"\" title=\"\"><\/p>\n<p><!-- Add more bullets as needed --><\/p>\n<p><!-- Add questions and answers as needed --><\/p>\n<h2>Metin\u0101t\u0101 T veida cilindra priek\u0161roc\u012bbas<\/h2>\n<ul>\n<li style=\"list-style-type: none;\">\n<ul>\n<li><strong>Palielin\u0101ts sp\u0113ks:<\/strong> Metin\u0101tie T veida cilindri ir paz\u012bstami ar savu augsto iztur\u012bbu, padarot tos piem\u0113rotus lietojumiem, kuros nepiecie\u0161ama smagu kravu cel\u0161ana. \u0160o cilindru ra\u017eo\u0161anas laik\u0101 izmantotais metin\u0101\u0161anas process nodro\u0161ina, ka cilindram nav v\u0101ju punktu un tas var iztur\u0113t augstu spiedienu un spriegumu.<\/li>\n<\/ul>\n<\/li>\n<\/ul>\n<p>Kad uz cilindru tiek iedarbin\u0101ts spiediens, tas vienm\u0113r\u012bgi sadal\u0101s pa visu virsmu, padarot to iztur\u012bgu pret deform\u0101ciju. \u0160\u012b \u012bpa\u0161\u012bba nodro\u0161ina, ka cilindrs saglab\u0101 savu formu un struktur\u0101lo integrit\u0101ti pat ekstrem\u0101los apst\u0101k\u013cos.<\/p>\n<ul>\n<li style=\"list-style-type: none;\">\n<ul>\n<li><strong>Nopl\u016b\u017eu nov\u0113r\u0161ana:<\/strong> Metin\u0101tie T veida cilindri ir izstr\u0101d\u0101ti, lai nov\u0113rstu nopl\u016bdes. Ra\u017eo\u0161anas proces\u0101 izmantotais metin\u0101\u0161anas process nodro\u0161ina, ka cilindrs ir piln\u012bb\u0101 nosl\u0113gts un bez jebk\u0101d\u0101m iesp\u0113jam\u0101m nopl\u016bd\u0113m. \u0160\u012b \u012bpa\u0161\u012bba padara tos piem\u0113rotus lieto\u0161anai lietojumos, kur nopl\u016bde var\u0113tu izrais\u012bt nopietnus boj\u0101jumus vai traumas.<\/li>\n<\/ul>\n<\/li>\n<\/ul>\n<p>Metin\u0101tie savienojumi ir gludi, bez plais\u0101m vai riev\u0101m, kur var\u0113tu uzkr\u0101ties gru\u017ei vai net\u012brumi, t\u0101d\u0113j\u0101di samazinot korozijas un cilindra boj\u0101jumu risku.<\/p>\n<ul>\n<li style=\"list-style-type: none;\">\n<ul>\n<li><strong>Piel\u0101gojams:<\/strong> Metin\u0101tos T veida cilindrus var piel\u0101got konkr\u0113tiem pielietojumiem. Cilindri ir pieejami da\u017e\u0101dos izm\u0113ros un form\u0101s, un tos var izgatavot atbilsto\u0161i konkr\u0113t\u0101 pielietojuma pras\u012bb\u0101m.<\/li>\n<\/ul>\n<\/li>\n<\/ul>\n<p>Piel\u0101go\u0161anas process \u013cauj optimiz\u0113t cilindra veiktsp\u0113ju, nodro\u0161inot, ka tas ir piem\u0113rots paredz\u0113tajam pielietojumam. \u0160\u012b \u012bpa\u0161\u012bba padara metin\u0101tus T veida cilindrus ide\u0101li piem\u0113rotus izmanto\u0161anai da\u017e\u0101dos r\u016bpnieciskos pielietojumos, tostarp b\u016bvniec\u012bb\u0101, ieguves r\u016bpniec\u012bb\u0101 un materi\u0101lu apstr\u0101d\u0113.<\/p>\n<ul>\n<li style=\"list-style-type: none;\">\n<ul>\n<li><strong>Izmaksu zi\u0146\u0101 efekt\u012bvs:<\/strong> Metin\u0101tie T veida cilindri ir izmaksu zi\u0146\u0101 efekt\u012bv\u0101ki sal\u012bdzin\u0101jum\u0101 ar cita veida cilindriem. \u0160o cilindru ra\u017eo\u0161anas process ir vienk\u0101r\u0161s, t\u0101p\u0113c tie ir l\u0113t\u0101ki nek\u0101 cita veida cilindri.<\/li>\n<\/ul>\n<\/li>\n<\/ul>\n<p>Turkl\u0101t metin\u0101to T veida cilindru augst\u0101 iztur\u012bba un ilgm\u016b\u017e\u012bba samazina nepiecie\u0161am\u012bbu p\u0113c bie\u017ea remonta un nomai\u0146as, t\u0101d\u0113j\u0101di ietaupot apkopes izmaksas. \u0160\u012b \u012bpa\u0161\u012bba padara tos par popul\u0101ru izv\u0113li daudz\u0101s nozar\u0113s, \u012bpa\u0161i taj\u0101s, kur\u0101m ir ierobe\u017eots bud\u017eets.<\/p>\n<ul>\n<li style=\"list-style-type: none;\">\n<ul>\n<li><strong>Paaugstin\u0101ta efektivit\u0101te:<\/strong> Metin\u0101tie T veida cilindri ir \u013coti efekt\u012bvi un lietder\u012bgi. Cilindra konstrukcija nodro\u0161ina, ka pieliktais sp\u0113ks tiek tie\u0161i p\u0101rnests uz slodzi, samazinot ener\u0123ijas zudumus un palielinot efektivit\u0101ti.<\/li>\n<\/ul>\n<\/li>\n<\/ul>\n<p>Metin\u0101tie savienojumi ir iztur\u012bgi un stingri, samazinot novirzi un nodro\u0161inot, ka cilindrs saglab\u0101 savu formu un struktur\u0101lo integrit\u0101ti pat ekstrem\u0101los apst\u0101k\u013cos. \u0160\u012b \u012bpa\u0161\u012bba padara metin\u0101tos T veida cilindrus ide\u0101li piem\u0113rotus lieto\u0161anai lietojumos, kuriem nepiecie\u0161ama augsta efektivit\u0101te un uzticam\u012bba.<\/p>\n<h2>Metin\u0101t\u0101 T veida cilindra pielietojums<\/h2>\n<ol>\n<li>\n<h3>Automobi\u013cu r\u016bpniec\u012bba<\/h3>\n<p>Metin\u0101tie T veida cilindri tiek pla\u0161i izmantoti autob\u016bves nozar\u0113. Tos izmanto automa\u0161\u012bnu durv\u012bs, motora p\u0101rsegu un bag\u0101\u017enieka pac\u0113l\u0101jos, kabrioletu jumtos un st\u016bres pastiprin\u0101t\u0101ja sist\u0113m\u0101s. \u0160ie cilindri ir iecien\u012bti, jo tie sp\u0113j nodro\u0161in\u0101t lielu sp\u0113ka izvadi ar nelielu vietas nepiecie\u0161am\u012bbu. T veida cilindra konstrukcija ir labi piem\u0113rota lietojumiem, kur sp\u0113ks ir j\u0101p\u0101rnes divos da\u017e\u0101dos virzienos.<\/p>\n<p>Turkl\u0101t \u0161o cilindru metin\u0101t\u0101 konstrukcija \u013cauj tiem darboties augst\u0101 temperat\u016br\u0101 un spiedien\u0101 bez nopl\u016bd\u0113m. Tas padara tos piem\u0113rotus izmanto\u0161anai dzin\u0113jos, transmisij\u0101s un brem\u017eu sist\u0113m\u0101s.<\/li>\n<li>\n<h3>Ra\u017eo\u0161anas nozare<\/h3>\n<p>Metin\u0101tie T veida cilindri tiek izmantoti ar\u012b ra\u017eo\u0161anas nozar\u0113. Tos izmanto hidrauliskaj\u0101s pres\u0113s, kal\u0161anas ma\u0161\u012bn\u0101s un met\u0101la grie\u0161anas ma\u0161\u012bn\u0101s. \u0160o cilindru liel\u0101 jauda padara tos ide\u0101li piem\u0113rotus lietojumiem, kur neliel\u0101 telp\u0101 nepiecie\u0161ams liels sp\u0113ks.<\/p>\n<p>T veida cilindra konstrukcija ir labi piem\u0113rota ar\u012b lietojumiem, kuros sp\u0113ks j\u0101p\u0101rnes divos da\u017e\u0101dos virzienos. Piem\u0113ram, hidrauliskaj\u0101 pres\u0113 T veida cilindru var izmantot, lai pieliktu sp\u0113ku gan vertik\u0101li, gan horizont\u0101li, kas \u013cauj veikt sare\u017e\u0123\u012bt\u0101kus ra\u017eo\u0161anas procesus.<\/li>\n<li>\n<h3>Avi\u0101cijas un kosmosa r\u016bpniec\u012bba<\/h3>\n<p>Metin\u0101tie T veida cilindri tiek izmantoti avi\u0101cijas un kosmosa r\u016bpniec\u012bb\u0101 da\u017e\u0101diem m\u0113r\u0137iem. Tos izmanto \u0161asijas sist\u0113m\u0101s, kravas nodal\u012bjuma durv\u012bs un lidojumu vad\u012bbas sist\u0113m\u0101s. \u0160o cilindru augst\u0101 jauda un kompaktais dizains padara tos ide\u0101li piem\u0113rotus lieto\u0161anai ierobe\u017eot\u0101 telp\u0101 lidma\u0161\u012bn\u0101.<\/p>\n<p>\u0160o cilindru metin\u0101t\u0101 konstrukcija padara tos iztur\u012bgus pret augstu spiedienu un temperat\u016bru lidojuma laik\u0101. Turkl\u0101t T veida cilindra konstrukcija \u013cauj sp\u0113ku p\u0101rnest divos da\u017e\u0101dos virzienos, padarot to labi piem\u0113rotu lietojumiem, kur sp\u0113ks j\u0101pieliek le\u0146\u0137\u012b.<\/li>\n<li>\n<h3>B\u016bvniec\u012bbas nozare<\/h3>\n<p>Metin\u0101tie T veida cilindri tiek izmantoti b\u016bvniec\u012bbas nozar\u0113 smagu kravu cel\u0161anai un p\u0101rvieto\u0161anai. Tos izmanto celt\u0146os, ekskavatoros un ekskavatoros. \u0160o cilindru augst\u0101 jauda un kompaktais dizains padara tos ide\u0101li piem\u0113rotus lieto\u0161anai ierobe\u017eot\u0101 telp\u0101 b\u016bvlaukum\u0101.<\/p>\n<p>T veida cilindra konstrukcija \u013cauj sp\u0113ku p\u0101rnest divos da\u017e\u0101dos virzienos, padarot to labi piem\u0113rotu lietojumiem, kuros sp\u0113ks j\u0101pieliek le\u0146\u0137\u012b. Turkl\u0101t \u0161o cilindru metin\u0101t\u0101 konstrukcija \u013cauj tiem darboties augst\u0101 spiedien\u0101 un temperat\u016br\u0101 bez nopl\u016bd\u0113m, padarot tos piem\u0113rotus lieto\u0161anai skarbos \u0101ra apst\u0101k\u013cos.<\/li>\n<\/ol>\n<h3>Par FMP<\/h3>\n<p>FMP ir vado\u0161ais hidraulisko cilindru ra\u017eot\u0101js un pieg\u0101d\u0101t\u0101js ar vair\u0101k nek\u0101 30 gadu pieredzi nozar\u0113. M\u016bsu modern\u0101 r\u016bpniec\u012bbas zona atrodas It\u0101lij\u0101, un taj\u0101 ir vair\u0101k nek\u0101 100 modernu iek\u0101rtu efekt\u012bvai ra\u017eo\u0161anai. M\u0113s lepojamies ar to, ka pieg\u0101d\u0101jam augstas kvalit\u0101tes produktus, kas atbilst m\u016bsu klientu da\u017e\u0101daj\u0101m vajadz\u012bb\u0101m.<\/p>\n<p><img decoding=\"async\" src=\"https:\/\/fmp-components.com\/wp-content\/uploads\/2024\/12\/fmp-factory-4.webp\" alt=\"FMP r\u016bpn\u012bca\" width=\"800\" title=\"\"><\/p>\n<p>1) Pla\u0161s hidraulisko cilindru veidu kl\u0101sts:<br \/>\nM\u0113s pied\u0101v\u0101jam pla\u0161u hidraulisko cilindru kl\u0101stu da\u017e\u0101diem pielietojumiem. M\u016bsu produktu kl\u0101st\u0101 ietilpst hidrauliskie cilindri, hidraulisko cilindru auskaru cilindri un divvirzienu autom\u0101tiskie teleskopiskie hidrauliskie cilindri. Katrs hidrauliskais cilindrs tiek pak\u013cauts stingrai apstr\u0101dei un p\u0101rbaudei, lai nodro\u0161in\u0101tu augst\u0101ko kvalit\u0101ti.<\/p>\n<p>2) Dizaina pakalpojums:<br \/>\nM\u016bsu \u012bpa\u0161i atlas\u012bt\u0101 projekt\u0113\u0161anas komanda lepojas ar pla\u0161u pieredzi kard\u0101nv\u0101rpstu produktu projekt\u0113\u0161an\u0101 un izstr\u0101d\u0113. Neatkar\u012bgi no t\u0101, vai jums ir nepiecie\u0161ami jauni produkti vai eso\u0161o uzlabojumi, m\u0113s esam \u0161eit, lai j\u016bs atbalst\u012btu vis\u0101 proces\u0101.<\/p>\n<p>3) Produkta apkalpo\u0161ana:<br \/>\nS\u0101kot ar izejvielu ieg\u016b\u0161anu un beidzot ar grie\u0161anas, rupjas apstr\u0101des, test\u0113\u0161anas, t\u012br\u012b\u0161anas, mont\u0101\u017eas, iepako\u0161anas un transport\u0113\u0161anas procesiem, m\u016bsu r\u016bp\u012bgais produktu serviss nodro\u0161ina, ka katrs solis tiek veikts prec\u012bzi un ar uzman\u012bbu deta\u013c\u0101m.<\/p>\n<p>4) Parauga process:<br \/>\nM\u0113s saprotam produktu piel\u0101go\u0161anas noz\u012bmi. T\u0101p\u0113c m\u0113s pied\u0101v\u0101jam paraugu izstr\u0101di atbilsto\u0161i j\u016bsu \u012bpa\u0161aj\u0101m pras\u012bb\u0101m. M\u0113s past\u0101v\u012bgi modific\u0113jam paraugus, lai tie atbilstu j\u016bsu vajadz\u012bb\u0101m, nodro\u0161inot, ka esat piln\u012bb\u0101 apmierin\u0101ti ar gala produktu.<\/p>\n<p>5) P\u0113tniec\u012bba un att\u012bst\u012bba (R&amp;D):<br \/>\nUz\u0146\u0113mum\u0101 FMP m\u0113s sekojam l\u012bdzi tirgus tendenc\u0113m, akt\u012bvi p\u0113tot nozares main\u012bg\u0101s vajadz\u012bbas. M\u016bsu \u012bpa\u0161\u0101 p\u0113tniec\u012bbas un att\u012bst\u012bbas komanda nep\u0101rtraukti izstr\u0101d\u0101 jaunus mode\u013cus, lai apmierin\u0101tu tirgus piepras\u012bjumu un nodro\u0161in\u0101tu inovat\u012bvus risin\u0101jumus.<\/p>\n<p>Izv\u0113lieties FMP vis\u0101m sav\u0101m hidraulisko cilindru vajadz\u012bb\u0101m. M\u016bsu ap\u0146em\u0161an\u0101s nodro\u0161in\u0101t augst\u0101ko kvalit\u0101ti, pla\u0161u produktu kl\u0101stu, dizaina pieredzi, visaptvero\u0161u produktu apkalpo\u0161anu un nep\u0101rtrauktas inov\u0101cijas m\u016bs at\u0161\u0137ir no citiem. Sadarbojieties ar mums un izbaudiet izcil\u012bbu, ko sniedzam visos m\u016bsu produktu un pakalpojumu aspektos.<\/p>\n<p>Sazinieties ar mums t\u016bl\u012bt, lai p\u0101rrun\u0101tu savas pras\u012bbas un izp\u0113t\u012btu, k\u0101 m\u0113s varam sadarboties, lai apmierin\u0101tu j\u016bsu hidraulisko cilindru vajadz\u012bbas.<\/p>\n<p><img loading=\"lazy\" decoding=\"async\" class=\"size-full wp-image-974 aligncenter\" src=\"https:\/\/fmp-components.com\/wp-content\/uploads\/2024\/12\/application-of-Welded-Tee-Type-Cylinder.webp\" alt=\"Metin\u0101t\u0101 T veida cilindra pielietojums\" width=\"760\" height=\"860\" title=\"\" srcset=\"https:\/\/fmp-components.com\/wp-content\/uploads\/2024\/12\/application-of-Welded-Tee-Type-Cylinder.webp 760w, https:\/\/fmp-components.com\/wp-content\/uploads\/2024\/12\/application-of-Welded-Tee-Type-Cylinder-480x543.webp 480w\" sizes=\"(min-width: 0px) and (max-width: 480px) 480px, (min-width: 481px) 760px, 100vw\" \/><br \/>\nAutors: CX<\/p>","protected":false},"excerpt":{"rendered":"<p>The 10008 Factory Serving Long Stroke Small Hydraulic Cylinder is engineered for precision and reliability in a compact design. With an impressive stroke length of 1200mm, this hydraulic cylinder is ideal for applications requiring extended reach and powerful performance in confined spaces. Key Features: Long Stroke Length: At 1200mm, this cylinder provides significant linear movement, [&hellip;]<\/p>","protected":false},"featured_media":1133,"comment_status":"closed","ping_status":"closed","template":"","meta":{"_et_pb_use_builder":"","_et_pb_old_content":"","_et_gb_content_width":""},"product_brand":[],"product_cat":[31],"product_tag":[34,35],"class_list":{"0":"post-928","1":"product","2":"type-product","3":"status-publish","4":"has-post-thumbnail","6":"product_cat-welded-tee-type-cylinder","7":"product_tag-hydraulic-cylinder","8":"product_tag-welded-tee-type-cylinder","10":"first","11":"instock","12":"product-type-simple"},"_links":{"self":[{"href":"https:\/\/fmp-components.com\/lv\/wp-json\/wp\/v2\/product\/928","targetHints":{"allow":["GET"]}}],"collection":[{"href":"https:\/\/fmp-components.com\/lv\/wp-json\/wp\/v2\/product"}],"about":[{"href":"https:\/\/fmp-components.com\/lv\/wp-json\/wp\/v2\/types\/product"}],"replies":[{"embeddable":true,"href":"https:\/\/fmp-components.com\/lv\/wp-json\/wp\/v2\/comments?post=928"}],"wp:featuredmedia":[{"embeddable":true,"href":"https:\/\/fmp-components.com\/lv\/wp-json\/wp\/v2\/media\/1133"}],"wp:attachment":[{"href":"https:\/\/fmp-components.com\/lv\/wp-json\/wp\/v2\/media?parent=928"}],"wp:term":[{"taxonomy":"product_brand","embeddable":true,"href":"https:\/\/fmp-components.com\/lv\/wp-json\/wp\/v2\/product_brand?post=928"},{"taxonomy":"product_cat","embeddable":true,"href":"https:\/\/fmp-components.com\/lv\/wp-json\/wp\/v2\/product_cat?post=928"},{"taxonomy":"product_tag","embeddable":true,"href":"https:\/\/fmp-components.com\/lv\/wp-json\/wp\/v2\/product_tag?post=928"}],"curies":[{"name":"wp","href":"https:\/\/api.w.org\/{rel}","templated":true}]}}