{"id":927,"date":"2024-12-19T03:39:00","date_gmt":"2024-12-19T03:39:00","guid":{"rendered":"https:\/\/fmp-components.com\/product\/10007-high-quality-double-acting-hydraulic-ram-cylinder-for-sale\/"},"modified":"2024-12-19T09:01:14","modified_gmt":"2024-12-19T09:01:14","slug":"10007-high-quality-double-acting-hydraulic-ram-cylinder-for-sale","status":"publish","type":"product","link":"https:\/\/fmp-components.com\/lv\/product\/10007-high-quality-double-acting-hydraulic-ram-cylinder-for-sale\/","title":{"rendered":"10007 Augstas kvalit\u0101tes divk\u0101r\u0161as darb\u012bbas hidrauliskais cilindrs p\u0101rdo\u0161anai"},"content":{"rendered":"<h3>Atkl\u0101jiet hidraulisk\u0101 cilindra jaudu<\/h3>\n<p>Izbaudiet augstas efektivit\u0101tes jaudu ar FMP augst\u0101k\u0101s kvalit\u0101tes divk\u0101r\u0161\u0101s darb\u012bbas hidraulisko cilindru. Kop\u0161 dibin\u0101\u0161anas 2006. gad\u0101 FMP ir bijis vado\u0161ais augst\u0101k\u0101s klases hidraulisko risin\u0101jumu nodro\u0161in\u0101t\u0101js nozar\u0113m vis\u0101 pasaul\u0113, revolucioniz\u0113jot veidu, k\u0101 m\u0113s izmantojam hidraulisko jaudu. Ap\u0146emoties nodro\u0161in\u0101t inov\u0101cijas un kvalit\u0101ti, FMP ir izstr\u0101d\u0101jis hidraulisko cilindru, lai apmierin\u0101tu m\u016bsdienu lietojumprogrammu pras\u012bbas, nodro\u0161inot, ka uz\u0146\u0113mumi var darboties ar maksim\u0101lu veiktsp\u0113ju.<\/p>\n<p><img loading=\"lazy\" decoding=\"async\" class=\"size-full wp-image-976 aligncenter\" src=\"https:\/\/fmp-components.com\/wp-content\/uploads\/2024\/12\/Welded-Tee-Type-Cylinder2.webp\" alt=\"Metin\u0101ts T veida cilindrs\" width=\"764\" height=\"675\" title=\"\" srcset=\"https:\/\/fmp-components.com\/wp-content\/uploads\/2024\/12\/Welded-Tee-Type-Cylinder2.webp 764w, https:\/\/fmp-components.com\/wp-content\/uploads\/2024\/12\/Welded-Tee-Type-Cylinder2-480x424.webp 480w\" sizes=\"(min-width: 0px) and (max-width: 480px) 480px, (min-width: 481px) 764px, 100vw\" \/><\/p>\n<h3>Funkcijas un specifik\u0101cijas<\/h3>\n<h4>Galven\u0101s produkta funkcijas<\/h4>\n<ul>\n<li><strong>Energoefekt\u012bvs:<\/strong><br \/>\nDivk\u0101r\u0161\u0101s darb\u012bbas hidraulisk\u0101 cilindra konstrukcija ir paredz\u0113ta energoefektivit\u0101tes palielin\u0101\u0161anai, \u013caujot tam darboties efekt\u012bvi, vienlaikus samazinot ener\u0123ijas pat\u0113ri\u0146u. \u0160\u012b funkcija ne tikai samazina ekspluat\u0101cijas izmaksas, bet ar\u012b veicina vides ilgtsp\u0113j\u012bbu, samazinot hidraulisko darb\u012bbu kop\u0113jo ener\u0123ijas pat\u0113ri\u0146u.<\/li>\n<li><strong>Augsta darb\u012bbas efektivit\u0101te:<\/strong><br \/>\n\u0160is hidrauliskais cilindrs, kas paredz\u0113ts optim\u0101lai veiktsp\u0113jai, nodro\u0161ina izcilu darb\u012bbas efektivit\u0101ti. T\u0101 iztur\u012bg\u0101 konstrukcija un uzlabot\u0101 in\u017eenierija \u013cauj tam dro\u0161i darboties augsta spiediena un lielu slod\u017eu apst\u0101k\u013cos, padarot to ide\u0101li piem\u0113rotu da\u017e\u0101diem pras\u012bgiem r\u016bpnieciskiem pielietojumiem.<\/li>\n<li><strong>Dro\u0161i un uzticami:<\/strong><br \/>\nDro\u0161\u012bba ir \u0101rk\u0101rt\u012bgi svar\u012bgs apsv\u0113rums hidraulisk\u0101 cilindra projekt\u0113\u0161an\u0101. Izgatavots no augstas kvalit\u0101tes materi\u0101liem un ietverot uzlabotas dro\u0161\u012bbas funkcijas, \u0161is cilindrs ir iztur\u012bgs pret nopl\u016bd\u0113m un boj\u0101jumiem. \u0160\u012b uzticam\u012bba nodro\u0161ina, ka operatori var str\u0101d\u0101t dro\u0161i, zinot, ka apr\u012bkojums ir dro\u0161s un uzticams pat vissare\u017e\u0123\u012bt\u0101kajos apst\u0101k\u013cos.<\/li>\n<\/ul>\n<h3>Hidraulisko sist\u0113mu darb\u012bbas princips<\/h3>\n<p>Hidraulisk\u0101 cilindra darb\u012bbas pamatprincips ir \u0161\u0137idruma spiediens. Kad hidrauliskais \u0161\u0137idrums tiek ievad\u012bts cilindr\u0101, tas rada spiedienu uz t\u0101 iek\u0161pus\u0113 eso\u0161o virzuli. \u0160is spiediens rada line\u0101ru sp\u0113ku, \u013caujot virzulim kust\u0113ties abos virzienos, kas ir svar\u012bgi pla\u0161am pielietojumu kl\u0101stam.<\/p>\n<p>Hidrauliskajam \u0161\u0137idrumam iepl\u016bstot cilindr\u0101, tas nospie\u017e virzuli, radot nepiecie\u0161amo sp\u0113ku smagu kravu pacel\u0161anai vai p\u0101rvieto\u0161anai. Divk\u0101r\u0161\u0101s darb\u012bbas konstrukcija \u013cauj cilindram veikt darbu gan izstiep\u0161anas, gan ievilk\u0161anas f\u0101z\u0113s, maksim\u0101li palielinot efektivit\u0101ti un daudzpus\u012bbu. \u0160is darb\u012bbas princips padara hidraulisk\u0101s sist\u0113mas tik jaud\u012bgas un efekt\u012bvas da\u017e\u0101dos r\u016bpnieciskos pielietojumos, s\u0101kot no b\u016bvniec\u012bbas l\u012bdz ra\u017eo\u0161anai.<\/p>\n<p>Rezum\u0113jot, FMP divk\u0101r\u0161\u0101s darb\u012bbas hidrauliskais cilindrs ir efektivit\u0101tes un uzticam\u012bbas sp\u0113ka avots. Ar sav\u0101m unik\u0101laj\u0101m \u012bpa\u0161\u012bb\u0101m, tehniskaj\u0101m specifik\u0101cij\u0101m un robusto darb\u012bbas principu tas ir b\u016btisks instruments uz\u0146\u0113mumiem, kas v\u0113las uzlabot savas hidraulisk\u0101s darb\u012bbas un sasniegt liel\u0101ku produktivit\u0101ti. Izbaudiet hidraulisk\u0101s tehnolo\u0123ijas jaudu ar FMP un p\u0101rveidojiet veidu, k\u0101 j\u016bs izmantojat ener\u0123iju sav\u0101s darb\u012bb\u0101s.<\/p>\n<p><img decoding=\"async\" src=\"https:\/\/hzpt.com\/wp-content\/uploads\/2023\/12\/random-2.webp\" alt=\"\" title=\"\"><\/p>\n<h2>Metin\u0101t\u0101 T veida cilindra priek\u0161roc\u012bbas<\/h2>\n<ul>\n<li style=\"list-style-type: none;\">\n<ul>\n<li><strong>Palielin\u0101ts sp\u0113ks:<\/strong> Metin\u0101tie T veida cilindri ir paz\u012bstami ar savu augsto iztur\u012bbu, padarot tos piem\u0113rotus lietojumiem, kuros nepiecie\u0161ama smagu kravu cel\u0161ana. \u0160o cilindru ra\u017eo\u0161anas laik\u0101 izmantotais metin\u0101\u0161anas process nodro\u0161ina, ka cilindram nav v\u0101ju punktu un tas var iztur\u0113t augstu spiedienu un spriegumu.<\/li>\n<\/ul>\n<\/li>\n<\/ul>\n<p>Kad uz cilindru tiek iedarbin\u0101ts spiediens, tas vienm\u0113r\u012bgi sadal\u0101s pa visu virsmu, padarot to iztur\u012bgu pret deform\u0101ciju. \u0160\u012b \u012bpa\u0161\u012bba nodro\u0161ina, ka cilindrs saglab\u0101 savu formu un struktur\u0101lo integrit\u0101ti pat ekstrem\u0101los apst\u0101k\u013cos.<\/p>\n<ul>\n<li style=\"list-style-type: none;\">\n<ul>\n<li><strong>Nopl\u016b\u017eu nov\u0113r\u0161ana:<\/strong> Metin\u0101tie T veida cilindri ir izstr\u0101d\u0101ti, lai nov\u0113rstu nopl\u016bdes. Ra\u017eo\u0161anas proces\u0101 izmantotais metin\u0101\u0161anas process nodro\u0161ina, ka cilindrs ir piln\u012bb\u0101 nosl\u0113gts un bez jebk\u0101d\u0101m iesp\u0113jam\u0101m nopl\u016bd\u0113m. \u0160\u012b \u012bpa\u0161\u012bba padara tos piem\u0113rotus lieto\u0161anai lietojumos, kur nopl\u016bde var\u0113tu izrais\u012bt nopietnus boj\u0101jumus vai traumas.<\/li>\n<\/ul>\n<\/li>\n<\/ul>\n<p>Metin\u0101tie savienojumi ir gludi, bez plais\u0101m vai riev\u0101m, kur var\u0113tu uzkr\u0101ties gru\u017ei vai net\u012brumi, t\u0101d\u0113j\u0101di samazinot korozijas un cilindra boj\u0101jumu risku.<\/p>\n<ul>\n<li style=\"list-style-type: none;\">\n<ul>\n<li><strong>Piel\u0101gojams:<\/strong> Metin\u0101tos T veida cilindrus var piel\u0101got konkr\u0113tiem pielietojumiem. Cilindri ir pieejami da\u017e\u0101dos izm\u0113ros un form\u0101s, un tos var izgatavot atbilsto\u0161i konkr\u0113t\u0101 pielietojuma pras\u012bb\u0101m.<\/li>\n<\/ul>\n<\/li>\n<\/ul>\n<p>Piel\u0101go\u0161anas process \u013cauj optimiz\u0113t cilindra veiktsp\u0113ju, nodro\u0161inot, ka tas ir piem\u0113rots paredz\u0113tajam pielietojumam. \u0160\u012b \u012bpa\u0161\u012bba padara metin\u0101tus T veida cilindrus ide\u0101li piem\u0113rotus izmanto\u0161anai da\u017e\u0101dos r\u016bpnieciskos pielietojumos, tostarp b\u016bvniec\u012bb\u0101, ieguves r\u016bpniec\u012bb\u0101 un materi\u0101lu apstr\u0101d\u0113.<\/p>\n<ul>\n<li style=\"list-style-type: none;\">\n<ul>\n<li><strong>Izmaksu zi\u0146\u0101 efekt\u012bvs:<\/strong> Metin\u0101tie T veida cilindri ir izmaksu zi\u0146\u0101 efekt\u012bv\u0101ki sal\u012bdzin\u0101jum\u0101 ar cita veida cilindriem. \u0160o cilindru ra\u017eo\u0161anas process ir vienk\u0101r\u0161s, t\u0101p\u0113c tie ir l\u0113t\u0101ki nek\u0101 cita veida cilindri.<\/li>\n<\/ul>\n<\/li>\n<\/ul>\n<p>Turkl\u0101t metin\u0101to T veida cilindru augst\u0101 iztur\u012bba un ilgm\u016b\u017e\u012bba samazina nepiecie\u0161am\u012bbu p\u0113c bie\u017ea remonta un nomai\u0146as, t\u0101d\u0113j\u0101di ietaupot apkopes izmaksas. \u0160\u012b \u012bpa\u0161\u012bba padara tos par popul\u0101ru izv\u0113li daudz\u0101s nozar\u0113s, \u012bpa\u0161i taj\u0101s, kur\u0101m ir ierobe\u017eots bud\u017eets.<\/p>\n<ul>\n<li style=\"list-style-type: none;\">\n<ul>\n<li><strong>Paaugstin\u0101ta efektivit\u0101te:<\/strong> Metin\u0101tie T veida cilindri ir \u013coti efekt\u012bvi un lietder\u012bgi. Cilindra konstrukcija nodro\u0161ina, ka pieliktais sp\u0113ks tiek tie\u0161i p\u0101rnests uz slodzi, samazinot ener\u0123ijas zudumus un palielinot efektivit\u0101ti.<\/li>\n<\/ul>\n<\/li>\n<\/ul>\n<p>Metin\u0101tie savienojumi ir iztur\u012bgi un stingri, samazinot novirzi un nodro\u0161inot, ka cilindrs saglab\u0101 savu formu un struktur\u0101lo integrit\u0101ti pat ekstrem\u0101los apst\u0101k\u013cos. \u0160\u012b \u012bpa\u0161\u012bba padara metin\u0101tos T veida cilindrus ide\u0101li piem\u0113rotus lieto\u0161anai lietojumos, kuriem nepiecie\u0161ama augsta efektivit\u0101te un uzticam\u012bba.<\/p>\n<p><img decoding=\"async\" class=\"aligncenter\" src=\"https:\/\/hzpt.com\/wp-content\/uploads\/2023\/12\/random-4.webp\" alt=\"\" title=\"\"><\/p>\n<h2>Metin\u0101t\u0101 T veida cilindra pielietojums<\/h2>\n<h3>Ievads<\/h3>\n<p>Metin\u0101ts T veida cilindrs ir hidraulisk\u0101 cilindra veids, ko parasti izmanto r\u016bpnieciskos lietojumos. Tas ir paredz\u0113ts, lai nodro\u0161in\u0101tu lielu sp\u0113ka jaudu kompakt\u0101 un izmaksu zi\u0146\u0101 efekt\u012bv\u0101 iepakojum\u0101. \u0160\u0101da veida cilindrs sast\u0101v no metin\u0101ta T veida un virzu\u013ca stie\u0146a, kas ir piestiprin\u0101ts pie T veida. T veida savienojums ir savienots ar cilindra korpusu un satur virzuli, kas p\u0101rvietojas uz priek\u0161u un atpaka\u013c korpusa iek\u0161pus\u0113, lai rad\u012btu sp\u0113ku.<\/p>\n<h3>Metin\u0101t\u0101 T veida cilindra priek\u0161roc\u012bbas<\/h3>\n<p>R\u016bpnieciskos pielietojumos metin\u0101ta T veida cilindra izmanto\u0161anai ir vair\u0101kas priek\u0161roc\u012bbas:<\/p>\n<ul>\n<li><b>Kompakts dizains:<\/b> Metin\u0101tie T veida cilindri ir konstru\u0113ti t\u0101, lai tie b\u016btu kompakti, kas padara tos ide\u0101li piem\u0113rotus lieto\u0161anai viet\u0101s, kur ir ierobe\u017eota vieta.<\/li>\n<li><b>Augsta efektivit\u0101te:<\/b> Metin\u0101tie T veida cilindri ir \u013coti efekt\u012bvi, kas noz\u012bm\u0113, ka tie var rad\u012bt lielu sp\u0113ku ar minim\u0101lu ener\u0123ijas pat\u0113ri\u0146u.<\/li>\n<li><b>Iztur\u012bgs:<\/b> Metin\u0101tie T veida cilindri ir konstru\u0113ti t\u0101, lai tie b\u016btu \u013coti iztur\u012bgi, kas noz\u012bm\u0113, ka tie var iztur\u0113t skarbus ekspluat\u0101cijas apst\u0101k\u013cus un kalpot ilgu laiku.<\/li>\n<li><b>Izmaksu zi\u0146\u0101 efekt\u012bvs:<\/b> Metin\u0101tie T veida cilindri ir rentabli, kas noz\u012bm\u0113, ka tie nodro\u0161ina labu cenas un v\u0113rt\u012bbas attiec\u012bbu.<\/li>\n<\/ul>\n<p><img loading=\"lazy\" decoding=\"async\" class=\"size-full wp-image-977 aligncenter\" src=\"https:\/\/fmp-components.com\/wp-content\/uploads\/2024\/12\/Welded-Tee-Type-Cylinder3.webp\" alt=\"Metin\u0101ts T veida cilindrs\" width=\"653\" height=\"600\" title=\"\" srcset=\"https:\/\/fmp-components.com\/wp-content\/uploads\/2024\/12\/Welded-Tee-Type-Cylinder3.webp 653w, https:\/\/fmp-components.com\/wp-content\/uploads\/2024\/12\/Welded-Tee-Type-Cylinder3-480x441.webp 480w\" sizes=\"(min-width: 0px) and (max-width: 480px) 480px, (min-width: 481px) 653px, 100vw\" \/><\/p>\n<h3>Metin\u0101t\u0101 T veida cilindra pielietojums<\/h3>\n<p>Metin\u0101tiem T veida cilindriem ir daudz pielietojumu da\u017e\u0101d\u0101s nozar\u0113s, tostarp:<\/p>\n<ul>\n<li><b>Ra\u017eo\u0161ana:<\/b> Metin\u0101tie T veida cilindri tiek izmantoti ra\u017eo\u0161an\u0101, lai darbin\u0101tu ma\u0161\u012bnas, p\u0101rvietotu smagas kravas un veidotu met\u0101la deta\u013cas.<\/li>\n<li><b>Lauksaimniec\u012bba:<\/b> Metin\u0101tie T veida cilindri tiek izmantoti lauksaimniec\u012bb\u0101, lai darbin\u0101tu hidraulisk\u0101s sist\u0113mas traktoros, kombainos un cit\u0101 lauksaimniec\u012bbas apr\u012bkojum\u0101.<\/li>\n<li><b>B\u016bvniec\u012bba:<\/b> Metin\u0101tie T veida cilindri tiek izmantoti b\u016bvniec\u012bb\u0101, lai darbin\u0101tu t\u0101das ma\u0161\u012bnas k\u0101 celt\u0146i, ekskavatori un ekskavatori.<\/li>\n<li><b>Kalnr\u016bpniec\u012bba:<\/b> Metin\u0101tie T veida cilindri tiek izmantoti kalnr\u016bpniec\u012bb\u0101, lai darbin\u0101tu hidraulisk\u0101s sist\u0113mas smagaj\u0101m iek\u0101rt\u0101m, piem\u0113ram, buldozeriem, iekr\u0101v\u0113jiem un klin\u0161u urb\u0161anas iek\u0101rt\u0101m.<\/li>\n<li><b>Transports:<\/b> Metin\u0101tie T veida cilindri tiek izmantoti transport\u0101, lai darbin\u0101tu hidraulisk\u0101s sist\u0113mas kravas automa\u0161\u012bn\u0101s, autobusos un citos transportl\u012bdzek\u013cos.<\/li>\n<\/ul>\n<p>Nosl\u0113gum\u0101 j\u0101saka, ka metin\u0101tie T veida cilindri ir svar\u012bga sast\u0101vda\u013ca daudzos r\u016bpnieciskos pielietojumos. Tie ir konstru\u0113ti t\u0101, lai b\u016btu kompakti, efekt\u012bvi, iztur\u012bgi un rentabli, padarot tos par ide\u0101lu izv\u0113li pla\u0161am pielietojumu kl\u0101stam. Neatkar\u012bgi no t\u0101, vai j\u016bs darbin\u0101t ma\u0161\u012bnas ra\u017eo\u0161anas r\u016bpn\u012bc\u0101, lauksaimniec\u012bbas tehniku \u200b\u200bferm\u0101 vai smago tehniku \u200b\u200braktuv\u0113s, metin\u0101tie T veida cilindri var pal\u012bdz\u0113t jums paveikt darbu efekt\u012bvi un lietder\u012bgi.<\/p>\n<h3>Par FMP<\/h3>\n<p>FMP, kam ir vair\u0101k nek\u0101 30 gadu pieredze, ir atz\u012bts da\u017e\u0101du veidu hidraulisko cilindru ra\u017eot\u0101js un pieg\u0101d\u0101t\u0101js. M\u016bsu r\u016bpniec\u012bbas zona atrodas It\u0101lij\u0101, un m\u0113s lepojamies ar to, ka darbojamies ar vair\u0101k nek\u0101 100 modern\u0101kaj\u0101m iek\u0101rt\u0101m. M\u016bsu pla\u0161aj\u0101 iek\u0101rtu kl\u0101st\u0101 ietilpst autom\u0101tisk\u0101s g\u0101zes ekran\u0113t\u0101s metin\u0101\u0161anas iek\u0101rtas, dzi\u013curbumu urb\u0161anas iek\u0101rtas, CNC virpas, cilindrisk\u0101s sl\u012bpma\u0161\u012bnas, autom\u0101tisk\u0101s t\u012br\u012b\u0161anas iek\u0101rtas, autom\u0101tisk\u0101s uzst\u0101d\u012b\u0161anas iek\u0101rtas, autom\u0101tiskie hidraulisko cilindru veiktsp\u0113jas p\u0101rbaudes stendi, autom\u0101tisk\u0101s kr\u0101so\u0161anas l\u012bnijas un citas.<\/p>\n<p><img decoding=\"async\" src=\"https:\/\/fmp-components.com\/wp-content\/uploads\/2024\/12\/fmp-factory-4.webp\" alt=\"FMP r\u016bpn\u012bca\" width=\"800\" title=\"\"><\/p>\n<p>Run\u0101jot par hidrauliskajiem cilindriem, FMP garant\u0113 visaugst\u0101ko kvalit\u0101ti un uzticam\u012bbu. Katrs hidrauliskais cilindrs tiek pak\u013cauts stingrai apstr\u0101dei un p\u0101rbaudei, lai garant\u0113tu izcilu veiktsp\u0113ju m\u016bsu v\u0113rt\u012bgajiem klientiem. M\u0113s lepojamies ar to, ka pied\u0101v\u0101jam \u0161\u0101das priek\u0161roc\u012bbas:<\/p>\n<ol>\n<li><strong>Dizaina pakalpojums:<\/strong> M\u016bsu pieredz\u0113ju\u0161\u0101 dizaina komanda izce\u013cas ar izcil\u012bbu kard\u0101nv\u0101rpstu produktu dizain\u0101 un izstr\u0101d\u0113. Ja jums ir k\u0101das \u012bpa\u0161as pras\u012bbas attiec\u012bb\u0101 uz jauniem produktiem vai v\u0113laties veikt turpm\u0101kus uzlabojumus, m\u0113s esam \u0161eit, lai j\u016bs atbalst\u012btu.<\/li>\n<li><strong>Produkta pakalpojums:<\/strong> M\u016bsu visaptvero\u0161ais produktu serviss ietver racionaliz\u0113tu procesu no izejviel\u0101m l\u012bdz transport\u0113\u0161anai. M\u0113s nodro\u0161in\u0101m r\u016bp\u012bgus so\u013cus, piem\u0113ram, grie\u0161anu, rupjo apstr\u0101di, test\u0113\u0161anu, t\u012br\u012b\u0161anu, mont\u0101\u017eu, iepako\u0161anu un transport\u0113\u0161anu, lai pieg\u0101d\u0101tu augst\u0101k\u0101s kvalit\u0101tes hidrauliskos cilindrus.<\/li>\n<li><strong>Parauga process:<\/strong> Uz\u0146\u0113mum\u0101 FMP m\u0113s saprotam piel\u0101gotu paraugu noz\u012bmi. Mums ir iesp\u0113ja izstr\u0101d\u0101t paraugus atbilsto\u0161i j\u016bsu pras\u012bb\u0101m un nep\u0101rtraukti tos modific\u0113t, lai tie atbilstu j\u016bsu \u012bpa\u0161aj\u0101m vajadz\u012bb\u0101m.<\/li>\n<li><strong>P\u0113tniec\u012bba un att\u012bst\u012bba:<\/strong> K\u0101 t\u0101lredz\u012bgs uz\u0146\u0113mums, m\u0113s past\u0101v\u012bgi p\u0113t\u0101m tirgus main\u012bg\u0101s vajadz\u012bbas, \u012bpa\u0161i, kad tiek ieviesti jauni transportl\u012bdzek\u013ci. Tas \u013cauj mums izstr\u0101d\u0101t jaunus mode\u013cus un saglab\u0101t l\u012bderpoz\u012bcijas nozar\u0113.<\/li>\n<li><strong>Piel\u0101go\u0161ana:<\/strong> M\u0113s specializ\u0113jamies da\u017e\u0101du veidu hidraulisko cilindru ra\u017eo\u0161an\u0101 un p\u0101rdo\u0161an\u0101, un m\u0113s atzin\u012bgi v\u0113rt\u0113jam piel\u0101go\u0161anas iesp\u0113jas. Neatkar\u012bgi no t\u0101, vai jums ir nepiecie\u0161ami konkr\u0113ti izm\u0113ri, funkcionalit\u0101te vai citas specifik\u0101cijas, m\u016bsu komanda ir ap\u0146\u0113musies apmierin\u0101t j\u016bsu unik\u0101l\u0101s pras\u012bbas.<\/li>\n<\/ol>\n<p>Ar FMP j\u016bs varat pa\u013cauties, ka m\u016bsu produkti ir izgatavoti ar precizit\u0101ti un tiek pak\u013cauti stingriem kvalit\u0101tes kontroles pas\u0101kumiem. Aicin\u0101m j\u016bs sadarboties ar mums visu j\u016bsu hidraulisko cilindru vajadz\u012bbu apmierin\u0101\u0161anai. Sazinieties ar mums jau \u0161odien, lai izp\u0113t\u012btu iesp\u0113jas.<\/p>\n<p><img loading=\"lazy\" decoding=\"async\" class=\"size-full wp-image-974 aligncenter\" src=\"https:\/\/fmp-components.com\/wp-content\/uploads\/2024\/12\/application-of-Welded-Tee-Type-Cylinder.webp\" alt=\"Metin\u0101t\u0101 T veida cilindra pielietojums\" width=\"760\" height=\"860\" title=\"\" srcset=\"https:\/\/fmp-components.com\/wp-content\/uploads\/2024\/12\/application-of-Welded-Tee-Type-Cylinder.webp 760w, https:\/\/fmp-components.com\/wp-content\/uploads\/2024\/12\/application-of-Welded-Tee-Type-Cylinder-480x543.webp 480w\" sizes=\"(min-width: 0px) and (max-width: 480px) 480px, (min-width: 481px) 760px, 100vw\" \/><\/p>\n<h2>Bie\u017ei uzdotie jaut\u0101jumi<\/h2>\n<p><b>1.\u00a0jaut\u0101jums:<\/b> Kas ir hidraulisk\u0101 cilindra?<\/p>\n<p><b>A1:<\/b> Hidrauliskais cilindrs ir augstas efektivit\u0101tes hidraulisks risin\u0101jums, kas darb\u012bbai izmanto \u0161\u0137idruma spiediena jaudu.<\/p>\n<p><b>2.\u00a0jaut\u0101jums:<\/b> K\u0101das ir hidraulisk\u0101 cilindra galven\u0101s iez\u012bmes?<\/p>\n<p><b>A2:<\/b> Hidrauliskais cilindrs ir energoefekt\u012bvs, \u013coti operat\u012bvs, dro\u0161s un uzticams.<\/p>\n<p><b>3.\u00a0jaut\u0101jums:<\/b> K\u0101di ir hidraulisk\u0101 cilindra pielietojumi?<\/p>\n<p><b>A3:<\/b> Hidrauliskais cilindrs tiek pla\u0161i izmantots\u2026<\/p>\n<p><b>4.\u00a0ceturksnis:<\/b> K\u0101p\u0113c man vajadz\u0113tu izv\u0113l\u0113ties FMP hidraulisko cilindru?<\/p>\n<p><b>A4:<\/b> FMP hidrauliskais cilindrs ir augst\u0101k\u0101s kvalit\u0101tes un pied\u0101v\u0101 augstu veiktsp\u0113ju, uzticam\u012bbu un energoefektivit\u0101ti.<\/p>\n<p><b>5.\u00a0jaut\u0101jums:<\/b> K\u0101dus citus produktus pied\u0101v\u0101 FMP?<\/p>\n<p><b>A5:<\/b> Papildus hidrauliskajiem cilindriem, FMP pied\u0101v\u0101 ar\u012b da\u017e\u0101dus citus hidrauliskos risin\u0101jumus da\u017e\u0101d\u0101m nozar\u0113m un pielietojumiem, tostarp iekr\u0101v\u0113ju hidrauliskos cilindrus, kalnr\u016bpniec\u012bbas pa\u0161izg\u0101z\u0113ju cilindrus un sanit\u0101rijas iek\u0101rtu hidrauliskos cilindrus.<\/p>\n<p>Autors: CX<\/p>","protected":false},"excerpt":{"rendered":"<p>Atkl\u0101jiet hidraulisk\u0101 cilindra jaudu Izbaudiet augstas efektivit\u0101tes jaudu ar FMP augst\u0101k\u0101s kvalit\u0101tes divk\u0101r\u0161\u0101s darb\u012bbas hidraulisko cilindru. Kop\u0161 dibin\u0101\u0161anas 2006. gad\u0101 FMP ir bijis vado\u0161ais uz\u0146\u0113mums, kas nodro\u0161ina augst\u0101k\u0101s klases hidrauliskos risin\u0101jumus nozar\u0113m vis\u0101 pasaul\u0113, revolucioniz\u0113jot veidu, k\u0101 m\u0113s izmantojam hidraulisko ener\u0123iju. Ar ap\u0146em\u0161anos ieviest inov\u0101cijas [\u2026]<\/p>","protected":false},"featured_media":1132,"comment_status":"closed","ping_status":"closed","template":"","meta":{"_et_pb_use_builder":"","_et_pb_old_content":"","_et_gb_content_width":""},"product_brand":[],"product_cat":[31],"product_tag":[34,35],"class_list":{"0":"post-927","1":"product","2":"type-product","3":"status-publish","4":"has-post-thumbnail","6":"product_cat-welded-tee-type-cylinder","7":"product_tag-hydraulic-cylinder","8":"product_tag-welded-tee-type-cylinder","10":"first","11":"instock","12":"product-type-simple"},"_links":{"self":[{"href":"https:\/\/fmp-components.com\/lv\/wp-json\/wp\/v2\/product\/927","targetHints":{"allow":["GET"]}}],"collection":[{"href":"https:\/\/fmp-components.com\/lv\/wp-json\/wp\/v2\/product"}],"about":[{"href":"https:\/\/fmp-components.com\/lv\/wp-json\/wp\/v2\/types\/product"}],"replies":[{"embeddable":true,"href":"https:\/\/fmp-components.com\/lv\/wp-json\/wp\/v2\/comments?post=927"}],"wp:featuredmedia":[{"embeddable":true,"href":"https:\/\/fmp-components.com\/lv\/wp-json\/wp\/v2\/media\/1132"}],"wp:attachment":[{"href":"https:\/\/fmp-components.com\/lv\/wp-json\/wp\/v2\/media?parent=927"}],"wp:term":[{"taxonomy":"product_brand","embeddable":true,"href":"https:\/\/fmp-components.com\/lv\/wp-json\/wp\/v2\/product_brand?post=927"},{"taxonomy":"product_cat","embeddable":true,"href":"https:\/\/fmp-components.com\/lv\/wp-json\/wp\/v2\/product_cat?post=927"},{"taxonomy":"product_tag","embeddable":true,"href":"https:\/\/fmp-components.com\/lv\/wp-json\/wp\/v2\/product_tag?post=927"}],"curies":[{"name":"wp","href":"https:\/\/api.w.org\/{rel}","templated":true}]}}