{"id":926,"date":"2024-12-19T03:39:00","date_gmt":"2024-12-19T03:39:00","guid":{"rendered":"https:\/\/fmp-components.com\/product\/10006-factory-price-stainless-steel-cylinder-piston-hydraulic-cylinder\/"},"modified":"2024-12-19T09:00:21","modified_gmt":"2024-12-19T09:00:21","slug":"10006-factory-price-stainless-steel-cylinder-piston-hydraulic-cylinder","status":"publish","type":"product","link":"https:\/\/fmp-components.com\/lv\/product\/10006-factory-price-stainless-steel-cylinder-piston-hydraulic-cylinder\/","title":{"rendered":"10006 r\u016bpn\u012bcas cena ner\u016bs\u0113jo\u0161\u0101 t\u0113rauda cilindra virzu\u013ca hidrauliskais cilindrs"},"content":{"rendered":"<h3>Ner\u016bs\u0113jo\u0161\u0101 t\u0113rauda cilindra virzu\u013ca hidraulisk\u0101 cilindra funkcijas un noz\u012bme<\/h3>\n<p>Ner\u016bs\u0113jo\u0161\u0101 t\u0113rauda cilindra virzu\u013ca hidrauliskais cilindrs ir b\u016btiska sast\u0101vda\u013ca daudzu ma\u0161\u012bnu darb\u012bb\u0101 da\u017e\u0101d\u0101s nozar\u0113s. T\u0101 galven\u0101 funkcija ir p\u0101rveidot \u0161\u0137idruma ener\u0123iju line\u0101r\u0101 meh\u0101nisk\u0101 sp\u0113k\u0101, nodro\u0161inot prec\u012bzu kust\u012bbu, kas nepiecie\u0161ama pla\u0161a spektra uzdevumu veik\u0161anai. \u0160\u012b sp\u0113ja padara to neat\u0146emamu sast\u0101vda\u013cu daudzos r\u016bpnieciskos pielietojumos, tostarp ra\u017eo\u0161an\u0101, b\u016bvniec\u012bb\u0101 un automobi\u013cu sist\u0113m\u0101s. Ner\u016bs\u0113jo\u0161\u0101 t\u0113rauda hidraulisko cilindru uzticam\u012bba un efektivit\u0101te uzlabo produktivit\u0101ti un nodro\u0161ina vienm\u0113r\u012bgu darb\u012bbu, t\u0101d\u0113j\u0101di uzsverot to noz\u012bmi m\u016bsdienu ma\u0161\u012bn\u0101s.<\/p>\n<h3>Unik\u0101las \u012bpa\u0161\u012bbas un priek\u0161roc\u012bbas<\/h3>\n<ul>\n<li><strong>Energoefekt\u012bvs:<\/strong><br \/>\nNer\u016bs\u0113jo\u0161\u0101 t\u0113rauda cilindra virzu\u013ca hidraulisk\u0101 cilindra konstrukcija uzsver energoefektivit\u0101ti, \u013caujot tam darboties ar minim\u0101lu ener\u0123ijas pat\u0113ri\u0146u. \u0160\u012b efektivit\u0101te ne tikai samazina ekspluat\u0101cijas izmaksas, bet ar\u012b veicina ilgtsp\u0113j\u012bbu, samazinot atkritumus un uzlabojot hidraulisko sist\u0113mu kop\u0113jo efektivit\u0101ti.<\/li>\n<li><strong>Augsta veiktsp\u0113ja:<\/strong><br \/>\n\u0160is hidrauliskais cilindrs, kas izstr\u0101d\u0101ts izcilai funkcionalit\u0101tei, nodro\u0161ina past\u0101v\u012bgu un jaud\u012bgu veiktsp\u0113ju. T\u0101 iztur\u012bg\u0101 konstrukcija nodro\u0161ina, ka tas var iztur\u0113t iev\u0113rojamas slodzes un efekt\u012bvi darboties sare\u017e\u0123\u012btos apst\u0101k\u013cos. Ner\u016bs\u0113jo\u0161\u0101 t\u0113rauda cilindru augst\u0101 veiktsp\u0113ja padara tos piem\u0113rotus lietojumiem, kuros nepiecie\u0161ama precizit\u0101te un uzticam\u012bba.<\/li>\n<li><strong>Dro\u0161\u012bba:<\/strong><br \/>\nDro\u0161\u012bba ir ner\u016bs\u0113jo\u0161\u0101 t\u0113rauda cilindra virzu\u013ca hidraulisk\u0101 cilindra kritiski svar\u012bga iez\u012bme. T\u0101 konstrukcija no augstas kvalit\u0101tes ner\u016bs\u0113jo\u0161\u0101 t\u0113rauda nodro\u0161ina iztur\u012bbu pret koroziju un nodilumu, garant\u0113jot ilgsto\u0161u kalpo\u0161anas laiku. Turkl\u0101t hidrauliskais cilindrs ir konstru\u0113ts ar dro\u0161\u012bbas meh\u0101nismiem, kas nov\u0113r\u0161 nopl\u016bdes un boj\u0101jumus, \u013caujot operatoriem p\u0101rliecino\u0161i str\u0101d\u0101t augstspiediena vid\u0113.<\/li>\n<\/ul>\n<h3>Hidraulisk\u0101s sist\u0113mas izpratne<\/h3>\n<p>Hidraulisk\u0101 sist\u0113ma ir sare\u017e\u0123\u012bts komponentu t\u012bkls, kas darbojas kop\u0101, lai p\u0101rvad\u012btu jaudu un atvieglotu kust\u012bbu. \u0160aj\u0101 sist\u0113m\u0101 ner\u016bs\u0113jo\u0161\u0101 t\u0113rauda cilindra virzu\u013ca hidrauliskais cilindrs ir galvenais elements, kas hidraulisko ener\u0123iju p\u0101rveido meh\u0101nisk\u0101 sp\u0113k\u0101.<\/p>\n<p>Kad hidrauliskais \u0161\u0137idrums tiek ies\u016bkn\u0113ts cilindr\u0101, tas rada spiedienu uz virzuli, kas p\u0113c tam p\u0101rvietojas line\u0101r\u0101 virzien\u0101. \u0160\u012b kust\u012bba rada sp\u0113ku, kas nepiecie\u0161ams da\u017e\u0101du uzdevumu veik\u0161anai, piem\u0113ram, smagu priek\u0161metu cel\u0161anai, stum\u0161anai vai vilk\u0161anai. Ner\u016bs\u0113jo\u0161\u0101 t\u0113rauda cilindra virzu\u013ca hidraulisk\u0101 cilindra funkcijas izpratne ir \u0101rk\u0101rt\u012bgi svar\u012bga, lai izprastu hidraulisk\u0101s sist\u0113mas visp\u0101r\u0113jo darb\u012bbu.<\/p>\n<p>Katra hidraulisk\u0101s sist\u0113mas sast\u0101vda\u013ca, piem\u0113ram, s\u016bk\u0146i, v\u0101rsti un \u0161\u013c\u016btenes, mijiedarbojas ar hidraulisko cilindru, radot nep\u0101rtrauktu jaudas pl\u016bsmu. Izprotot, k\u0101 ner\u016bs\u0113jo\u0161\u0101 t\u0113rauda cilindra virzu\u013ca hidrauliskais cilindrs integr\u0113jas ar \u0161iem citiem elementiem, var nov\u0113rt\u0113t hidraulisko sist\u0113mu sare\u017e\u0123\u012bt\u012bbu un efektivit\u0101ti kopum\u0101.<\/p>\n<p>Rezum\u0113jot, ner\u016bs\u0113jo\u0161\u0101 t\u0113rauda cilindra virzu\u013ca hidrauliskais cilindrs ir b\u016btiska sast\u0101vda\u013ca, kas uzlabo hidraulisko sist\u0113mu funkcionalit\u0101ti un dro\u0161\u012bbu. T\u0101 unik\u0101l\u0101s \u012bpa\u0161\u012bbas un priek\u0161roc\u012bbas padara to neaizst\u0101jamu da\u017e\u0101dos r\u016bpnieciskos pielietojumos, nodro\u0161inot, ka ma\u0161\u012bnas darbojas efekt\u012bvi un lietder\u012bgi.<img decoding=\"async\" src=\"https:\/\/hzpt.com\/wp-content\/uploads\/2023\/12\/random-2.webp\" alt=\"\" title=\"\"><\/p>\n<h2>Metin\u0101t\u0101 T veida cilindra priek\u0161roc\u012bbas<\/h2>\n<ul>\n<li style=\"list-style-type: none;\">\n<ul>\n<li><strong>Palielin\u0101ts sp\u0113ks:<\/strong> Metin\u0101tie T veida cilindri ir paz\u012bstami ar savu augsto iztur\u012bbu, padarot tos piem\u0113rotus lietojumiem, kuros nepiecie\u0161ama smagu kravu cel\u0161ana. \u0160o cilindru ra\u017eo\u0161anas laik\u0101 izmantotais metin\u0101\u0161anas process nodro\u0161ina, ka cilindram nav v\u0101ju punktu un tas var iztur\u0113t augstu spiedienu un spriegumu.<\/li>\n<\/ul>\n<\/li>\n<\/ul>\n<p>Kad uz cilindru tiek iedarbin\u0101ts spiediens, tas vienm\u0113r\u012bgi sadal\u0101s pa visu virsmu, padarot to iztur\u012bgu pret deform\u0101ciju. \u0160\u012b \u012bpa\u0161\u012bba nodro\u0161ina, ka cilindrs saglab\u0101 savu formu un struktur\u0101lo integrit\u0101ti pat ekstrem\u0101los apst\u0101k\u013cos.<\/p>\n<ul>\n<li style=\"list-style-type: none;\">\n<ul>\n<li><strong>Nopl\u016b\u017eu nov\u0113r\u0161ana:<\/strong> Metin\u0101tie T veida cilindri ir izstr\u0101d\u0101ti, lai nov\u0113rstu nopl\u016bdes. Ra\u017eo\u0161anas proces\u0101 izmantotais metin\u0101\u0161anas process nodro\u0161ina, ka cilindrs ir piln\u012bb\u0101 nosl\u0113gts un bez jebk\u0101d\u0101m iesp\u0113jam\u0101m nopl\u016bd\u0113m. \u0160\u012b \u012bpa\u0161\u012bba padara tos piem\u0113rotus lieto\u0161anai lietojumos, kur nopl\u016bde var\u0113tu izrais\u012bt nopietnus boj\u0101jumus vai traumas.<\/li>\n<\/ul>\n<\/li>\n<\/ul>\n<p>Metin\u0101tie savienojumi ir gludi, bez plais\u0101m vai riev\u0101m, kur var\u0113tu uzkr\u0101ties gru\u017ei vai net\u012brumi, t\u0101d\u0113j\u0101di samazinot korozijas un cilindra boj\u0101jumu risku.<\/p>\n<ul>\n<li style=\"list-style-type: none;\">\n<ul>\n<li><strong>Piel\u0101gojams:<\/strong> Metin\u0101tos T veida cilindrus var piel\u0101got konkr\u0113tiem pielietojumiem. Cilindri ir pieejami da\u017e\u0101dos izm\u0113ros un form\u0101s, un tos var izgatavot atbilsto\u0161i konkr\u0113t\u0101 pielietojuma pras\u012bb\u0101m.<\/li>\n<\/ul>\n<\/li>\n<\/ul>\n<p>Piel\u0101go\u0161anas process \u013cauj optimiz\u0113t cilindra veiktsp\u0113ju, nodro\u0161inot, ka tas ir piem\u0113rots paredz\u0113tajam pielietojumam. \u0160\u012b \u012bpa\u0161\u012bba padara metin\u0101tus T veida cilindrus ide\u0101li piem\u0113rotus izmanto\u0161anai da\u017e\u0101dos r\u016bpnieciskos pielietojumos, tostarp b\u016bvniec\u012bb\u0101, ieguves r\u016bpniec\u012bb\u0101 un materi\u0101lu apstr\u0101d\u0113.<\/p>\n<ul>\n<li style=\"list-style-type: none;\">\n<ul>\n<li><strong>Izmaksu zi\u0146\u0101 efekt\u012bvs:<\/strong> Metin\u0101tie T veida cilindri ir izmaksu zi\u0146\u0101 efekt\u012bv\u0101ki sal\u012bdzin\u0101jum\u0101 ar cita veida cilindriem. \u0160o cilindru ra\u017eo\u0161anas process ir vienk\u0101r\u0161s, t\u0101p\u0113c tie ir l\u0113t\u0101ki nek\u0101 cita veida cilindri.<\/li>\n<\/ul>\n<\/li>\n<\/ul>\n<p>Turkl\u0101t metin\u0101to T veida cilindru augst\u0101 iztur\u012bba un ilgm\u016b\u017e\u012bba samazina nepiecie\u0161am\u012bbu p\u0113c bie\u017ea remonta un nomai\u0146as, t\u0101d\u0113j\u0101di ietaupot apkopes izmaksas. \u0160\u012b \u012bpa\u0161\u012bba padara tos par popul\u0101ru izv\u0113li daudz\u0101s nozar\u0113s, \u012bpa\u0161i taj\u0101s, kur\u0101m ir ierobe\u017eots bud\u017eets.<\/p>\n<ul>\n<li style=\"list-style-type: none;\">\n<ul>\n<li><strong>Paaugstin\u0101ta efektivit\u0101te:<\/strong> Metin\u0101tie T veida cilindri ir \u013coti efekt\u012bvi un lietder\u012bgi. Cilindra konstrukcija nodro\u0161ina, ka pieliktais sp\u0113ks tiek tie\u0161i p\u0101rnests uz slodzi, samazinot ener\u0123ijas zudumus un palielinot efektivit\u0101ti.<\/li>\n<\/ul>\n<\/li>\n<\/ul>\n<p>Metin\u0101tie savienojumi ir iztur\u012bgi un stingri, samazinot novirzi un nodro\u0161inot, ka cilindrs saglab\u0101 savu formu un struktur\u0101lo integrit\u0101ti pat ekstrem\u0101los apst\u0101k\u013cos. \u0160\u012b \u012bpa\u0161\u012bba padara metin\u0101tos T veida cilindrus ide\u0101li piem\u0113rotus lieto\u0161anai lietojumos, kuriem nepiecie\u0161ama augsta efektivit\u0101te un uzticam\u012bba.<\/p>\n<p><img loading=\"lazy\" decoding=\"async\" class=\"size-full wp-image-977 aligncenter\" src=\"https:\/\/fmp-components.com\/wp-content\/uploads\/2024\/12\/Welded-Tee-Type-Cylinder3.webp\" alt=\"Metin\u0101ts T veida cilindrs\" width=\"653\" height=\"600\" title=\"\" srcset=\"https:\/\/fmp-components.com\/wp-content\/uploads\/2024\/12\/Welded-Tee-Type-Cylinder3.webp 653w, https:\/\/fmp-components.com\/wp-content\/uploads\/2024\/12\/Welded-Tee-Type-Cylinder3-480x441.webp 480w\" sizes=\"(min-width: 0px) and (max-width: 480px) 480px, (min-width: 481px) 653px, 100vw\" \/><\/p>\n<h2>Metin\u0101t\u0101 T veida cilindra pielietojums<\/h2>\n<h3>Ievads<\/h3>\n<p>Metin\u0101ts T veida cilindrs ir hidraulisk\u0101 cilindra veids, ko parasti izmanto r\u016bpnieciskos lietojumos. Tas ir paredz\u0113ts, lai nodro\u0161in\u0101tu lielu sp\u0113ka jaudu kompakt\u0101 un izmaksu zi\u0146\u0101 efekt\u012bv\u0101 iepakojum\u0101. \u0160\u0101da veida cilindrs sast\u0101v no metin\u0101ta T veida un virzu\u013ca stie\u0146a, kas ir piestiprin\u0101ts pie T veida. T veida savienojums ir savienots ar cilindra korpusu un satur virzuli, kas p\u0101rvietojas uz priek\u0161u un atpaka\u013c korpusa iek\u0161pus\u0113, lai rad\u012btu sp\u0113ku.<\/p>\n<h3>Metin\u0101t\u0101 T veida cilindra priek\u0161roc\u012bbas<\/h3>\n<p>R\u016bpnieciskos pielietojumos metin\u0101ta T veida cilindra izmanto\u0161anai ir vair\u0101kas priek\u0161roc\u012bbas:<\/p>\n<ul>\n<li><b>Kompakts dizains:<\/b> Metin\u0101tie T veida cilindri ir konstru\u0113ti t\u0101, lai tie b\u016btu kompakti, kas padara tos ide\u0101li piem\u0113rotus lieto\u0161anai viet\u0101s, kur ir ierobe\u017eota vieta.<\/li>\n<li><b>Augsta efektivit\u0101te:<\/b> Metin\u0101tie T veida cilindri ir \u013coti efekt\u012bvi, kas noz\u012bm\u0113, ka tie var rad\u012bt lielu sp\u0113ku ar minim\u0101lu ener\u0123ijas pat\u0113ri\u0146u.<\/li>\n<li><b>Iztur\u012bgs:<\/b> Metin\u0101tie T veida cilindri ir konstru\u0113ti t\u0101, lai tie b\u016btu \u013coti iztur\u012bgi, kas noz\u012bm\u0113, ka tie var iztur\u0113t skarbus ekspluat\u0101cijas apst\u0101k\u013cus un kalpot ilgu laiku.<\/li>\n<li><b>Izmaksu zi\u0146\u0101 efekt\u012bvs:<\/b> Metin\u0101tie T veida cilindri ir rentabli, kas noz\u012bm\u0113, ka tie nodro\u0161ina labu cenas un v\u0113rt\u012bbas attiec\u012bbu.<\/li>\n<\/ul>\n<h3>Metin\u0101t\u0101 T veida cilindra pielietojums<\/h3>\n<p>Metin\u0101tiem T veida cilindriem ir daudz pielietojumu da\u017e\u0101d\u0101s nozar\u0113s, tostarp:<\/p>\n<ul>\n<li><b>Ra\u017eo\u0161ana:<\/b> Metin\u0101tie T veida cilindri tiek izmantoti ra\u017eo\u0161an\u0101, lai darbin\u0101tu ma\u0161\u012bnas, p\u0101rvietotu smagas kravas un veidotu met\u0101la deta\u013cas.<\/li>\n<li><b>Lauksaimniec\u012bba:<\/b> Metin\u0101tie T veida cilindri tiek izmantoti lauksaimniec\u012bb\u0101, lai darbin\u0101tu hidraulisk\u0101s sist\u0113mas traktoros, kombainos un cit\u0101 lauksaimniec\u012bbas apr\u012bkojum\u0101.<\/li>\n<li><b>B\u016bvniec\u012bba:<\/b> Metin\u0101tie T veida cilindri tiek izmantoti b\u016bvniec\u012bb\u0101, lai darbin\u0101tu t\u0101das ma\u0161\u012bnas k\u0101 celt\u0146i, ekskavatori un ekskavatori.<\/li>\n<li><b>Kalnr\u016bpniec\u012bba:<\/b> Metin\u0101tie T veida cilindri tiek izmantoti kalnr\u016bpniec\u012bb\u0101, lai darbin\u0101tu hidraulisk\u0101s sist\u0113mas smagaj\u0101m iek\u0101rt\u0101m, piem\u0113ram, buldozeriem, iekr\u0101v\u0113jiem un klin\u0161u urb\u0161anas iek\u0101rt\u0101m.<\/li>\n<li><b>Transports:<\/b> Metin\u0101tie T veida cilindri tiek izmantoti transport\u0101, lai darbin\u0101tu hidraulisk\u0101s sist\u0113mas kravas automa\u0161\u012bn\u0101s, autobusos un citos transportl\u012bdzek\u013cos.<\/li>\n<\/ul>\n<p>Nosl\u0113gum\u0101 j\u0101saka, ka metin\u0101tie T veida cilindri ir svar\u012bga sast\u0101vda\u013ca daudzos r\u016bpnieciskos pielietojumos. Tie ir konstru\u0113ti t\u0101, lai b\u016btu kompakti, efekt\u012bvi, iztur\u012bgi un rentabli, padarot tos par ide\u0101lu izv\u0113li pla\u0161am pielietojumu kl\u0101stam. Neatkar\u012bgi no t\u0101, vai j\u016bs darbin\u0101t ma\u0161\u012bnas ra\u017eo\u0161anas r\u016bpn\u012bc\u0101, lauksaimniec\u012bbas tehniku \u200b\u200bferm\u0101 vai smago tehniku \u200b\u200braktuv\u0113s, metin\u0101tie T veida cilindri var pal\u012bdz\u0113t jums paveikt darbu efekt\u012bvi un lietder\u012bgi.<\/p>\n<p><img loading=\"lazy\" decoding=\"async\" class=\"size-full wp-image-974 aligncenter\" src=\"https:\/\/fmp-components.com\/wp-content\/uploads\/2024\/12\/application-of-Welded-Tee-Type-Cylinder.webp\" alt=\"Metin\u0101t\u0101 T veida cilindra pielietojums\" width=\"760\" height=\"860\" title=\"\" srcset=\"https:\/\/fmp-components.com\/wp-content\/uploads\/2024\/12\/application-of-Welded-Tee-Type-Cylinder.webp 760w, https:\/\/fmp-components.com\/wp-content\/uploads\/2024\/12\/application-of-Welded-Tee-Type-Cylinder-480x543.webp 480w\" sizes=\"(min-width: 0px) and (max-width: 480px) 480px, (min-width: 481px) 760px, 100vw\" \/><\/p>\n<h3>Par FMP<\/h3>\n<p>FMP ir vado\u0161ais hidraulisko cilindru ra\u017eot\u0101js ar vair\u0101k nek\u0101 30 gadu pieredzi. M\u016bsu r\u016bpniec\u012bbas zona atrodas It\u0101lij\u0101, un mums ir vair\u0101k nek\u0101 100 iek\u0101rtu vien\u012bbu, tostarp autom\u0101tisk\u0101s g\u0101zes ekran\u0113t\u0101s metin\u0101\u0161anas iek\u0101rtas, dzi\u013curbumu urb\u0161anas iek\u0101rtas, CNC virpas, cilindrisk\u0101s sl\u012bpma\u0161\u012bnas, autom\u0101tisk\u0101s t\u012br\u012b\u0161anas iek\u0101rtas, autom\u0101tisk\u0101s uzst\u0101d\u012b\u0161anas iek\u0101rtas, autom\u0101tiskie hidraulisko cilindru veiktsp\u0113jas p\u0101rbaudes stendi, autom\u0101tisk\u0101s kr\u0101so\u0161anas l\u012bnijas un citas.<\/p>\n<p>M\u016bsu hidraulisko cilindru kl\u0101st\u0101 ietilpst auskaru cilindri, divvirzienu autom\u0101tiskie teleskopiskie cilindri un citi. Katrs cilindrs tiek stingri apstr\u0101d\u0101ts un p\u0101rbaud\u012bts, lai nodro\u0161in\u0101tu augstu kvalit\u0101ti m\u016bsu klientiem.<\/p>\n<p>\u0160eit ir pieci iemesli, k\u0101p\u0113c izv\u0113l\u0113ties FMP:<\/p>\n<ul>\n<li><b>Dizaina pakalpojums:<\/b> M\u016bsu pieredz\u0113ju\u0161\u0101 dizaina komanda var pal\u012bdz\u0113t jaunu produktu izstr\u0101d\u0113 un eso\u0161o dizainu uzlabo\u0161an\u0101.<\/li>\n<li><b>Produkta pakalpojums:<\/b> M\u016bsu visaptvero\u0161ais ra\u017eo\u0161anas process ietver izejvielu atlasi, grie\u0161anu, rupju apstr\u0101di, test\u0113\u0161anu, t\u012br\u012b\u0161anu, mont\u0101\u017eu, iepako\u0161anu un transport\u0113\u0161anu.<\/li>\n<li><b>Parauga process:<\/b> M\u0113s varam izstr\u0101d\u0101t paraugus atbilsto\u0161i j\u016bsu pras\u012bb\u0101m un modific\u0113t tos, l\u012bdz tie atbilst j\u016bsu vajadz\u012bb\u0101m.<\/li>\n<li><b>P\u0113tniec\u012bba un att\u012bst\u012bba:<\/b> M\u0113s akt\u012bvi p\u0113t\u0101m tirgu, lai identific\u0113tu jaunas vajadz\u012bbas un izstr\u0101d\u0101tu jaunus mode\u013cus, lai t\u0101s apmierin\u0101tu.<\/li>\n<li><b>Pieredze:<\/b> Ar vair\u0101k nek\u0101 30 gadu pieredzi nozar\u0113, m\u0113s esam izveidoju\u0161i reput\u0101ciju kvalit\u0101tes, uzticam\u012bbas un klientu apmierin\u0101t\u012bbas jom\u0101.<\/li>\n<\/ul>\n<p><img decoding=\"async\" src=\"https:\/\/fmp-components.com\/wp-content\/uploads\/2024\/12\/fmp-factory-4.webp\" alt=\"FMP r\u016bpn\u012bca\" width=\"800\" title=\"\"><\/p>\n<h2>Bie\u017ei uzdotie jaut\u0101jumi<\/h2>\n<p>J: K\u0101ds ir hidraulisk\u0101 cilindra kalpo\u0161anas laiks?<br \/>\nA: Ar pien\u0101c\u012bgu apkopi hidrauliskais cilindrs var kalpot l\u012bdz pat 10 gadiem vai ilg\u0101k.<\/p>\n<p>J: Cik bie\u017ei man j\u0101maina hidraulisk\u0101 e\u013c\u013ca?<br \/>\nA: Tas ir atkar\u012bgs no lieto\u0161anas, bet parasti tas j\u0101nomaina ik p\u0113c 1-2 gadiem.<\/p>\n<p>J: K\u0101das nozares izmanto hidrauliskos cilindrus?<br \/>\nA: Hidrauliskos cilindrus izmanto t\u0101d\u0101s nozar\u0113s k\u0101 b\u016bvniec\u012bba, ra\u017eo\u0161ana, autob\u016bve un citas.<\/p>\n<p>J: K\u0101 es varu nodro\u0161in\u0101t, lai mans hidrauliskais cilindrs kalpotu ilgi?<br \/>\nA: Regul\u0101ra apkope, pareiza lieto\u0161ana un pareizas e\u013c\u013cas un bl\u012bv\u0113jumu izv\u0113le veicina hidraulisk\u0101 cilindra kalpo\u0161anas laiku.<\/p>\n<p>J: Vai es varu piel\u0101got savu hidraulisko cilindru?<br \/>\nA: J\u0101, FMP pied\u0101v\u0101 piel\u0101gotus risin\u0101jumus, lai apmierin\u0101tu j\u016bsu \u012bpa\u0161\u0101s pras\u012bbas.<\/p>\n<p>Autors: CX<\/p>","protected":false},"excerpt":{"rendered":"<p>Functions and Importance of the Stainless Steel Cylinder Piston Hydraulic Cylinder The stainless steel cylinder piston hydraulic cylinder is an essential component in the operation of numerous machines across various industries. Its primary function is to convert fluid power into linear mechanical force, enabling precise movement necessary for executing a wide range of tasks. This [&hellip;]<\/p>","protected":false},"featured_media":1132,"comment_status":"closed","ping_status":"closed","template":"","meta":{"_et_pb_use_builder":"","_et_pb_old_content":"","_et_gb_content_width":""},"product_brand":[],"product_cat":[31],"product_tag":[34,35],"class_list":{"0":"post-926","1":"product","2":"type-product","3":"status-publish","4":"has-post-thumbnail","6":"product_cat-welded-tee-type-cylinder","7":"product_tag-hydraulic-cylinder","8":"product_tag-welded-tee-type-cylinder","10":"first","11":"instock","12":"product-type-simple"},"_links":{"self":[{"href":"https:\/\/fmp-components.com\/lv\/wp-json\/wp\/v2\/product\/926","targetHints":{"allow":["GET"]}}],"collection":[{"href":"https:\/\/fmp-components.com\/lv\/wp-json\/wp\/v2\/product"}],"about":[{"href":"https:\/\/fmp-components.com\/lv\/wp-json\/wp\/v2\/types\/product"}],"replies":[{"embeddable":true,"href":"https:\/\/fmp-components.com\/lv\/wp-json\/wp\/v2\/comments?post=926"}],"wp:featuredmedia":[{"embeddable":true,"href":"https:\/\/fmp-components.com\/lv\/wp-json\/wp\/v2\/media\/1132"}],"wp:attachment":[{"href":"https:\/\/fmp-components.com\/lv\/wp-json\/wp\/v2\/media?parent=926"}],"wp:term":[{"taxonomy":"product_brand","embeddable":true,"href":"https:\/\/fmp-components.com\/lv\/wp-json\/wp\/v2\/product_brand?post=926"},{"taxonomy":"product_cat","embeddable":true,"href":"https:\/\/fmp-components.com\/lv\/wp-json\/wp\/v2\/product_cat?post=926"},{"taxonomy":"product_tag","embeddable":true,"href":"https:\/\/fmp-components.com\/lv\/wp-json\/wp\/v2\/product_tag?post=926"}],"curies":[{"name":"wp","href":"https:\/\/api.w.org\/{rel}","templated":true}]}}