{"id":925,"date":"2024-12-19T03:39:00","date_gmt":"2024-12-19T03:39:00","guid":{"rendered":"https:\/\/fmp-components.com\/product\/direct-supply-wt-3000psi-welded-tee-hydraulic-cylinder\/"},"modified":"2024-12-19T09:01:47","modified_gmt":"2024-12-19T09:01:47","slug":"direct-supply-wt-3000psi-welded-tee-hydraulic-cylinder","status":"publish","type":"product","link":"https:\/\/fmp-components.com\/lv\/product\/direct-supply-wt-3000psi-welded-tee-hydraulic-cylinder\/","title":{"rendered":"Tie\u0161\u0101s pieg\u0101des Wt-3000Psi metin\u0101tais Tee hidrauliskais cilindrs"},"content":{"rendered":"<p>Direct Supply ra\u017eotais Wt-3000Psi metin\u0101t\u0101 T veida hidrauliskais cilindrs ir FMP, atz\u012bta ra\u017eot\u0101ja, kas dibin\u0101ts 2006. gad\u0101, augst\u0101k\u0101s klases produkts. FMP, kas ir paz\u012bstams ar savu ap\u0146em\u0161anos nodro\u0161in\u0101t kvalit\u0101ti un inov\u0101cijas, ir izstr\u0101d\u0101jis \u0161o hidraulisko cilindru \u012bpa\u0161i augstspiediena lietojumiem, nodro\u0161inot, ka tas atbilst da\u017e\u0101du r\u016bpniecisko uzdevumu stingraj\u0101m pras\u012bb\u0101m. Koncentr\u0113joties uz iztur\u012bbu un efektivit\u0101ti, Wt-3000Psi modelis izce\u013cas k\u0101 uzticama izv\u0113le profesion\u0101\u013ciem, kas mekl\u0113 jaud\u012bgus hidrauliskos risin\u0101jumus.<\/p>\n<p><img loading=\"lazy\" decoding=\"async\" class=\"size-full wp-image-975 aligncenter\" src=\"https:\/\/fmp-components.com\/wp-content\/uploads\/2024\/12\/Welded-Tee-Type-Cylinder1.webp\" alt=\"Metin\u0101ts T veida cilindrs\" width=\"759\" height=\"761\" title=\"\" srcset=\"https:\/\/fmp-components.com\/wp-content\/uploads\/2024\/12\/Welded-Tee-Type-Cylinder1.webp 759w, https:\/\/fmp-components.com\/wp-content\/uploads\/2024\/12\/Welded-Tee-Type-Cylinder1-480x481.webp 480w\" sizes=\"(min-width: 0px) and (max-width: 480px) 480px, (min-width: 481px) 759px, 100vw\" \/><\/p>\n<h3>Galven\u0101s iez\u012bmes un priek\u0161roc\u012bbas<\/h3>\n<ul>\n<li><strong>Augsta ietilp\u012bba:<\/strong><br \/>\nWt-3000Psi hidrauliskais cilindrs ir izstr\u0101d\u0101ts, lai iztur\u0113tu spiedienu l\u012bdz 3000 PSI, padarot to ide\u0101li piem\u0113rotu lieljaudas lietojumiem. \u0160\u012b liel\u0101 jauda \u013cauj tam tikt gal\u0101 ar iev\u0113rojam\u0101m slodz\u0113m un efekt\u012bvi darboties sare\u017e\u0123\u012btos apst\u0101k\u013cos, piem\u0113ram, b\u016bvlaukumos, ra\u017eo\u0161anas objektos un lauksaimniec\u012bbas darbos.<\/li>\n<li><strong>Iztur\u012bba:<\/strong><br \/>\nAr metin\u0101tu T veida savienojumu \u0161is hidrauliskais cilindrs ir rad\u012bts ilgam kalpo\u0161anas laikam. Iztur\u012bg\u0101 konstrukcija samazina nopl\u016b\u017eu un konstrukcijas boj\u0101jumu risku, nodro\u0161inot ilgsto\u0161u veiktsp\u0113ju pat ekstrem\u0101los ekspluat\u0101cijas apst\u0101k\u013cos. \u0160\u012b iztur\u012bba noz\u012bm\u0113 samazin\u0101tas apkopes izmaksas un d\u012bkst\u0101ves laiku, padarot to par rentablu ieguld\u012bjumu uz\u0146\u0113mumiem.<\/li>\n<li><strong>Efektivit\u0101te:<\/strong><br \/>\nWt-3000Psi hidrauliskais cilindrs, kas paredz\u0113ts vienm\u0113r\u012bgai darb\u012bbai, nodro\u0161ina izcilu veiktsp\u0113ju, vienlaikus optimiz\u0113jot ener\u0123ijas pat\u0113ri\u0146u. T\u0101 efekt\u012bv\u0101 konstrukcija samazina hidraulisk\u0101 \u0161\u0137idruma pat\u0113ri\u0146u, t\u0101d\u0113j\u0101di samazinot ekspluat\u0101cijas izmaksas un ietekmi uz vidi. \u0160\u012b efektivit\u0101te ir \u013coti svar\u012bga, lai maksim\u0101li palielin\u0101tu produktivit\u0101ti da\u017e\u0101dos pielietojumos.<\/li>\n<\/ul>\n<p><img decoding=\"async\" src=\"https:\/\/hzpt.com\/wp-content\/uploads\/2023\/12\/random-2.webp\" alt=\"\" title=\"\"><\/p>\n<h3>Tehnisk\u0101s specifik\u0101cijas<\/h3>\n<p>Wt-3000Psi metin\u0101t\u0101 T veida hidraulisk\u0101 cilindra tehniskaj\u0101s specifik\u0101cij\u0101s ietilpst t\u0101 izm\u0113ri, svars, savienojuma veidi un citi b\u016btiski parametri, kas nosaka t\u0101 veiktsp\u0113ju un sader\u012bbu ar hidrauliskaj\u0101m sist\u0113m\u0101m. \u0160o specifik\u0101ciju izpratne ir b\u016btiska, lai nodro\u0161in\u0101tu pareizu integr\u0101ciju eso\u0161aj\u0101s iek\u0101rt\u0101s un sasniegtu optim\u0101lus rezult\u0101tus.<\/p>\n<table style=\"width: 91.2201%; height: 195px;\">\n<thead>\n<tr>\n<th>Specifik\u0101cija<\/th>\n<th>Apraksts<\/th>\n<\/tr>\n<\/thead>\n<tbody>\n<tr>\n<td><strong>Maksim\u0101lais spiediens<\/strong><\/td>\n<td>3000 PSI<\/td>\n<\/tr>\n<tr>\n<td><strong>g\u0101jiena garums<\/strong><\/td>\n<td>Piel\u0101gojams<\/td>\n<\/tr>\n<tr>\n<td><strong>Materi\u0101ls<\/strong><\/td>\n<td>Augstas stipr\u012bbas t\u0113rauds<\/td>\n<\/tr>\n<tr>\n<td><strong>Savienojuma veids<\/strong><\/td>\n<td>Atloka vai v\u012bt\u0146ota<\/td>\n<\/tr>\n<tr>\n<td><strong>Svars<\/strong><\/td>\n<td>At\u0161\u0137iras p\u0113c izm\u0113ra<\/td>\n<\/tr>\n<\/tbody>\n<\/table>\n<h3><\/h3>\n<h3><img loading=\"lazy\" decoding=\"async\" class=\"size-full wp-image-976 aligncenter\" src=\"https:\/\/fmp-components.com\/wp-content\/uploads\/2024\/12\/Welded-Tee-Type-Cylinder2.webp\" alt=\"Metin\u0101ts T veida cilindrs\" width=\"764\" height=\"675\" title=\"\" srcset=\"https:\/\/fmp-components.com\/wp-content\/uploads\/2024\/12\/Welded-Tee-Type-Cylinder2.webp 764w, https:\/\/fmp-components.com\/wp-content\/uploads\/2024\/12\/Welded-Tee-Type-Cylinder2-480x424.webp 480w\" sizes=\"(min-width: 0px) and (max-width: 480px) 480px, (min-width: 481px) 764px, 100vw\" \/>Hidraulisk\u0101s sist\u0113mas un darb\u012bbas princips<\/h3>\n<p>Hidraulisk\u0101 cilindra darb\u012bbas pamatprincips ir hidraulisk\u0101s ener\u0123ijas p\u0101rv\u0113r\u0161ana meh\u0101niskaj\u0101 ener\u0123ij\u0101. \u0160is process s\u0101kas ar hidraulisk\u0101 \u0161\u0137idruma kust\u012bbu, kas tiek ies\u016bkn\u0113ts cilindr\u0101. Iepl\u016bstot \u0161\u0137idrumam, tas rada spiedienu uz virzuli cilindra iek\u0161pus\u0113.<\/p>\n<p>\u0160\u012b spiediena rad\u012bt\u0101 virzu\u013ca kust\u012bba rada line\u0101ru sp\u0113ku, kas p\u0113c tam tiek izmantots da\u017e\u0101du uzdevumu veik\u0161anai, piem\u0113ram, smagu kravu cel\u0161anai, stum\u0161anai vai vilk\u0161anai. Sp\u0113ja kontrol\u0113t virzu\u013ca \u0101trumu un virzienu \u013cauj veikt prec\u012bzas darb\u012bbas pla\u0161\u0101 pielietojumu kl\u0101st\u0101.<\/p>\n<p>Direct Supply ra\u017eotais Wt-3000Psi metin\u0101t\u0101 T veida hidrauliskais cilindrs ir jaud\u012bga un uzticama sast\u0101vda\u013ca, kas paredz\u0113ta augstspiediena vid\u0113m. T\u0101 unik\u0101l\u0101s \u012bpa\u0161\u012bbas un efekt\u012bv\u0101 darb\u012bba padara to par b\u016btisku instrumentu nozar\u0113m, kur\u0101m nepiecie\u0161ami iztur\u012bgi hidrauliskie risin\u0101jumi, nodro\u0161inot dro\u0161\u012bbu, uzticam\u012bbu un uzlabotu produktivit\u0101ti.<\/p>\n<h2>Produkta v\u0113sture un apkope<\/h2>\n<p>Wt-3000Psi metin\u0101t\u0101 T veida hidraulisk\u0101 cilindra v\u0113sture liecina par FMP ap\u0146em\u0161anos nodro\u0161in\u0101t kvalit\u0101ti un inov\u0101cijas. Regul\u0101ra apkope nodro\u0161ina hidraulisk\u0101 cilindra ilgm\u016b\u017e\u012bbu un efekt\u012bvu darb\u012bbu.<\/p>\n<p>&nbsp;<\/p>\n<p><img decoding=\"async\" class=\"aligncenter\" src=\"https:\/\/hzpt.com\/wp-content\/uploads\/2023\/12\/random-3.webp\" alt=\"\" title=\"\"><\/p>\n<h2>Metin\u0101t\u0101 T veida cilindra priek\u0161roc\u012bbas<\/h2>\n<ul>\n<li style=\"list-style-type: none;\">\n<ul>\n<li><strong>Palielin\u0101ts sp\u0113ks:<\/strong> Metin\u0101tie T veida cilindri ir paz\u012bstami ar savu augsto iztur\u012bbu, padarot tos piem\u0113rotus lietojumiem, kuros nepiecie\u0161ama smagu kravu cel\u0161ana. \u0160o cilindru ra\u017eo\u0161anas laik\u0101 izmantotais metin\u0101\u0161anas process nodro\u0161ina, ka cilindram nav v\u0101ju punktu un tas var iztur\u0113t augstu spiedienu un spriegumu.<\/li>\n<\/ul>\n<\/li>\n<\/ul>\n<p>Kad uz cilindru tiek iedarbin\u0101ts spiediens, tas vienm\u0113r\u012bgi sadal\u0101s pa visu virsmu, padarot to iztur\u012bgu pret deform\u0101ciju. \u0160\u012b \u012bpa\u0161\u012bba nodro\u0161ina, ka cilindrs saglab\u0101 savu formu un struktur\u0101lo integrit\u0101ti pat ekstrem\u0101los apst\u0101k\u013cos.<\/p>\n<ul>\n<li style=\"list-style-type: none;\">\n<ul>\n<li><strong>Nopl\u016b\u017eu nov\u0113r\u0161ana:<\/strong> Metin\u0101tie T veida cilindri ir izstr\u0101d\u0101ti, lai nov\u0113rstu nopl\u016bdes. Ra\u017eo\u0161anas proces\u0101 izmantotais metin\u0101\u0161anas process nodro\u0161ina, ka cilindrs ir piln\u012bb\u0101 nosl\u0113gts un bez jebk\u0101d\u0101m iesp\u0113jam\u0101m nopl\u016bd\u0113m. \u0160\u012b \u012bpa\u0161\u012bba padara tos piem\u0113rotus lieto\u0161anai lietojumos, kur nopl\u016bde var\u0113tu izrais\u012bt nopietnus boj\u0101jumus vai traumas.<\/li>\n<\/ul>\n<\/li>\n<\/ul>\n<p>Metin\u0101tie savienojumi ir gludi, bez plais\u0101m vai riev\u0101m, kur var\u0113tu uzkr\u0101ties gru\u017ei vai net\u012brumi, t\u0101d\u0113j\u0101di samazinot korozijas un cilindra boj\u0101jumu risku.<\/p>\n<ul>\n<li style=\"list-style-type: none;\">\n<ul>\n<li><strong>Piel\u0101gojams:<\/strong> Metin\u0101tos T veida cilindrus var piel\u0101got konkr\u0113tiem pielietojumiem. Cilindri ir pieejami da\u017e\u0101dos izm\u0113ros un form\u0101s, un tos var izgatavot atbilsto\u0161i konkr\u0113t\u0101 pielietojuma pras\u012bb\u0101m.<\/li>\n<\/ul>\n<\/li>\n<\/ul>\n<p>Piel\u0101go\u0161anas process \u013cauj optimiz\u0113t cilindra veiktsp\u0113ju, nodro\u0161inot, ka tas ir piem\u0113rots paredz\u0113tajam pielietojumam. \u0160\u012b \u012bpa\u0161\u012bba padara metin\u0101tus T veida cilindrus ide\u0101li piem\u0113rotus izmanto\u0161anai da\u017e\u0101dos r\u016bpnieciskos pielietojumos, tostarp b\u016bvniec\u012bb\u0101, ieguves r\u016bpniec\u012bb\u0101 un materi\u0101lu apstr\u0101d\u0113.<\/p>\n<ul>\n<li style=\"list-style-type: none;\">\n<ul>\n<li><strong>Izmaksu zi\u0146\u0101 efekt\u012bvs:<\/strong> Metin\u0101tie T veida cilindri ir izmaksu zi\u0146\u0101 efekt\u012bv\u0101ki sal\u012bdzin\u0101jum\u0101 ar cita veida cilindriem. \u0160o cilindru ra\u017eo\u0161anas process ir vienk\u0101r\u0161s, t\u0101p\u0113c tie ir l\u0113t\u0101ki nek\u0101 cita veida cilindri.<\/li>\n<\/ul>\n<\/li>\n<\/ul>\n<p>Turkl\u0101t metin\u0101to T veida cilindru augst\u0101 iztur\u012bba un ilgm\u016b\u017e\u012bba samazina nepiecie\u0161am\u012bbu p\u0113c bie\u017ea remonta un nomai\u0146as, t\u0101d\u0113j\u0101di ietaupot apkopes izmaksas. \u0160\u012b \u012bpa\u0161\u012bba padara tos par popul\u0101ru izv\u0113li daudz\u0101s nozar\u0113s, \u012bpa\u0161i taj\u0101s, kur\u0101m ir ierobe\u017eots bud\u017eets.<\/p>\n<ul>\n<li style=\"list-style-type: none;\">\n<ul>\n<li><strong>Paaugstin\u0101ta efektivit\u0101te:<\/strong> Metin\u0101tie T veida cilindri ir \u013coti efekt\u012bvi un lietder\u012bgi. Cilindra konstrukcija nodro\u0161ina, ka pieliktais sp\u0113ks tiek tie\u0161i p\u0101rnests uz slodzi, samazinot ener\u0123ijas zudumus un palielinot efektivit\u0101ti.<\/li>\n<\/ul>\n<\/li>\n<\/ul>\n<p>Metin\u0101tie savienojumi ir iztur\u012bgi un stingri, samazinot novirzi un nodro\u0161inot, ka cilindrs saglab\u0101 savu formu un struktur\u0101lo integrit\u0101ti pat ekstrem\u0101los apst\u0101k\u013cos. \u0160\u012b \u012bpa\u0161\u012bba padara metin\u0101tos T veida cilindrus ide\u0101li piem\u0113rotus lieto\u0161anai lietojumos, kuriem nepiecie\u0161ama augsta efektivit\u0101te un uzticam\u012bba.<\/p>\n<h2>Metin\u0101t\u0101 T veida cilindra pielietojums<\/h2>\n<ul>\n<li>\n<h3>R\u016bpniecisk\u0101s ma\u0161\u012bnas un iek\u0101rtas<\/h3>\n<p>Metin\u0101tie T veida cilindri tiek pla\u0161i izmantoti r\u016bpnieciskaj\u0101s ma\u0161\u012bn\u0101s un iek\u0101rt\u0101s, \u012bpa\u0161i hidrauliskaj\u0101s sist\u0113m\u0101s. Cilindrs sast\u0101v no virzu\u013ca un cilindra caurules, kas ir sametin\u0101ti kop\u0101, veidojot vienu vien\u012bbu. \u0160\u012b konstrukcija pied\u0101v\u0101 vair\u0101kas priek\u0161roc\u012bbas sal\u012bdzin\u0101jum\u0101 ar cita veida cilindriem, piem\u0113ram, uzlabotu iztur\u012bbu, liel\u0101ku stipr\u012bbu un liel\u0101ku precizit\u0101ti.<\/p>\n<p>Viens no svar\u012bg\u0101kajiem metin\u0101t\u0101 T veida cilindra pielietojumiem r\u016bpnieciskaj\u0101s iek\u0101rt\u0101s ir t\u0101 sp\u0113ja nodro\u0161in\u0101t vienm\u0113r\u012bgu un prec\u012bzu sp\u0113ku. Tas ir b\u016btiski daudziem ra\u017eo\u0161anas procesiem, kur nepiecie\u0161ama prec\u012bza kontrole, lai nodro\u0161in\u0101tu gala produkta kvalit\u0101ti. Metin\u0101to T veida cilindru var izmantot ar\u012b, lai regul\u0113tu \u0161\u0137idrumu pl\u016bsmu hidrauliskaj\u0101s sist\u0113m\u0101s, nodro\u0161inot liel\u0101ku efektivit\u0101ti un uzticam\u012bbu da\u017e\u0101dos r\u016bpnieciskos pielietojumos.<\/li>\n<li>\n<h3>Lauksaimniec\u012bbas tehnika<\/h3>\n<p>Metin\u0101tie T veida cilindri tiek pla\u0161i izmantoti ar\u012b lauksaimniec\u012bbas tehnik\u0101, piem\u0113ram, traktoros un kombainos. \u0160\u012bm ma\u0161\u012bn\u0101m efekt\u012bvai darb\u012bbai ir nepiecie\u0161amas jaud\u012bgas un uzticamas hidraulisk\u0101s sist\u0113mas, un metin\u0101tie T veida cilindri ir ide\u0101la izv\u0113le \u0161im nol\u016bkam.<\/p>\n<p>Cilindra iztur\u012bg\u0101 konstrukcija un augst\u0101 iztur\u012bba padara to \u013coti iztur\u012bgu pret nodilumu pat skarbos ekspluat\u0101cijas apst\u0101k\u013cos. Tas padara to par ide\u0101lu izv\u0113li izmanto\u0161anai lauksaimniec\u012bbas tehnik\u0101, kur iztur\u012bba ir galvenais apsv\u0113rums. Metin\u0101to T veida cilindru var izmantot ar\u012b, lai nodro\u0161in\u0101tu prec\u012bzu kontroli, kas nepiecie\u0161ama daudziem lauksaimniec\u012bbas procesiem, piem\u0113ram, st\u0101d\u012b\u0161anai, ra\u017eas nov\u0101k\u0161anai un ap\u016bde\u0146o\u0161anai.<\/li>\n<li>\n<h3>Celtniec\u012bbas apr\u012bkojums<\/h3>\n<p>Metin\u0101tie T veida cilindri tiek pla\u0161i izmantoti ar\u012b celtniec\u012bbas iek\u0101rt\u0101s, piem\u0113ram, ekskavatoros, ekskavatoros un buldozeros. \u0160\u012bm ma\u0161\u012bn\u0101m ir nepiecie\u0161amas jaud\u012bgas un uzticamas hidraulisk\u0101s sist\u0113mas, lai veiktu smagus uzdevumus, piem\u0113ram, rak\u0161anu, cel\u0161anu un smagu kravu stum\u0161anu.<\/p>\n<p>Metin\u0101t\u0101 T veida cilindra augst\u0101 iztur\u012bba un ilgm\u016b\u017e\u012bba padara to par ide\u0101lu izv\u0113li izmanto\u0161anai celtniec\u012bbas tehnik\u0101. T\u0101 sp\u0113ja nodro\u0161in\u0101t prec\u012bzu kontroli un vienm\u0113r\u012bgu sp\u0113ku ir b\u016btiska daudziem celtniec\u012bbas procesiem, piem\u0113ram, rak\u0161anai, plan\u0113\u0161anai un bru\u0123\u0113\u0161anai. Metin\u0101to T veida cilindru var izmantot ar\u012b, lai regul\u0113tu \u0161\u0137idrumu pl\u016bsmu hidrauliskaj\u0101s sist\u0113m\u0101s, uzlabojot celtniec\u012bbas tehnikas efektivit\u0101ti un uzticam\u012bbu da\u017e\u0101dos pielietojumos.<\/li>\n<\/ul>\n<p><img loading=\"lazy\" decoding=\"async\" class=\"size-full wp-image-974 aligncenter\" src=\"https:\/\/fmp-components.com\/wp-content\/uploads\/2024\/12\/application-of-Welded-Tee-Type-Cylinder.webp\" alt=\"Metin\u0101t\u0101 T veida cilindra pielietojums\" width=\"760\" height=\"860\" title=\"\" srcset=\"https:\/\/fmp-components.com\/wp-content\/uploads\/2024\/12\/application-of-Welded-Tee-Type-Cylinder.webp 760w, https:\/\/fmp-components.com\/wp-content\/uploads\/2024\/12\/application-of-Welded-Tee-Type-Cylinder-480x543.webp 480w\" sizes=\"(min-width: 0px) and (max-width: 480px) 480px, (min-width: 481px) 760px, 100vw\" \/><\/p>\n<h3>Par FMP<\/h3>\n<p>FMP, kas dibin\u0101ts pirms vair\u0101k nek\u0101 30 gadiem, ir profesion\u0101ls da\u017e\u0101du veidu hidraulisko cilindru ra\u017eot\u0101js un pieg\u0101d\u0101t\u0101js, un m\u016bsu r\u016bpniec\u012bbas zona atrodas It\u0101lij\u0101. Mums ir vair\u0101k nek\u0101 100 iek\u0101rtu vien\u012bbu, tostarp autom\u0101tisk\u0101s g\u0101zes ekran\u0113t\u0101s metin\u0101\u0161anas iek\u0101rtas, dzi\u013curbumu urb\u0161anas iek\u0101rtas, CNC virpas, cilindrisk\u0101s sl\u012bpma\u0161\u012bnas, autom\u0101tisk\u0101s t\u012br\u012b\u0161anas iek\u0101rtas, autom\u0101tisk\u0101s uzst\u0101d\u012b\u0161anas iek\u0101rtas, autom\u0101tiskie hidraulisko cilindru veiktsp\u0113jas p\u0101rbaudes stendi, autom\u0101tisk\u0101s kr\u0101so\u0161anas l\u012bnijas un citas.<\/p>\n<p>M\u016bsu hidrauliskie cilindri tiek pak\u013cauti stingrai apstr\u0101dei un p\u0101rbaudei, lai nodro\u0161in\u0101tu labu kvalit\u0101ti m\u016bsu klientiem. M\u0113s pied\u0101v\u0101jam pla\u0161u produktu kl\u0101stu, tostarp hidraulisko cilindru auskarus, divvirzienu autom\u0101tiskos teleskopiskos hidrauliskos cilindrus un citus.<\/p>\n<h4>M\u016bsu priek\u0161roc\u012bbas:<\/h4>\n<ul>\n<li><strong>Dizaina pakalpojums:<\/strong> M\u016bsu pieredz\u0113ju\u0161\u0101 dizaina komanda var pal\u012bdz\u0113t jaunu produktu izstr\u0101d\u0113 vai eso\u0161o produktu uzlabo\u0161an\u0101, lai apmierin\u0101tu j\u016bsu vajadz\u012bbas.<\/li>\n<li><strong>Produkta pakalpojums:<\/strong> M\u0113s r\u016bp\u012bgi sekojam l\u012bdzi ra\u017eo\u0161anas procesam, s\u0101kot no izejviel\u0101m l\u012bdz transport\u0113\u0161anai, lai nodro\u0161in\u0101tu visaugst\u0101ko produktu kvalit\u0101ti.<\/li>\n<li><strong>Parauga process:<\/strong> M\u0113s varam izstr\u0101d\u0101t paraugus, lai apmierin\u0101tu j\u016bsu \u012bpa\u0161\u0101s vajadz\u012bbas, un nep\u0101rtraukti tos modific\u0113t, l\u012bdz m\u0113s izpild\u0101m j\u016bsu pras\u012bbas.<\/li>\n<li><strong>P\u0113tniec\u012bba un att\u012bst\u012bba:<\/strong> M\u0113s veicam p\u0113tniec\u012bbu un att\u012bst\u012bbu, lai izp\u0113t\u012btu jaunas tirgus vajadz\u012bbas un izstr\u0101d\u0101tu jaunus mode\u013cus, kad tirg\u016b tiek ieviestas jaunas automa\u0161\u012bnas.<\/li>\n<li><strong>Piel\u0101go\u0161ana:<\/strong> M\u0113s pied\u0101v\u0101jam da\u017e\u0101das piel\u0101go\u0161anas iesp\u0113jas, lai apmierin\u0101tu j\u016bsu \u012bpa\u0161\u0101s pras\u012bbas.<\/li>\n<\/ul>\n<p>Uz\u0146\u0113mum\u0101 FMP m\u0113s cen\u0161amies nodro\u0161in\u0101t augstas kvalit\u0101tes hidrauliskos cilindrus un izcilu klientu apkalpo\u0161anu. Sazinieties ar mums jau \u0161odien, lai uzzin\u0101tu, k\u0101 m\u0113s varam pal\u012bdz\u0113t ar j\u016bsu hidraulisko cilindru vajadz\u012bb\u0101m.<\/p>\n<p><img decoding=\"async\" src=\"https:\/\/fmp-components.com\/wp-content\/uploads\/2024\/12\/fmp-factory-4.webp\" alt=\"FMP r\u016bpn\u012bca\" width=\"800\" title=\"\"><br \/>\nAutors: CX<\/p>","protected":false},"excerpt":{"rendered":"<p>The Wt-3000Psi Welded Tee Hydraulic Cylinder by Direct Supply is a premier product from FMP, a renowned manufacturer established in 2006. Known for its commitment to quality and innovation, FMP has designed this hydraulic cylinder specifically for high-pressure applications, ensuring it meets the rigorous demands of various industrial tasks. With a focus on durability and [&hellip;]<\/p>","protected":false},"featured_media":1133,"comment_status":"closed","ping_status":"closed","template":"","meta":{"_et_pb_use_builder":"","_et_pb_old_content":"","_et_gb_content_width":""},"product_brand":[],"product_cat":[31],"product_tag":[34,35],"class_list":{"0":"post-925","1":"product","2":"type-product","3":"status-publish","4":"has-post-thumbnail","6":"product_cat-welded-tee-type-cylinder","7":"product_tag-hydraulic-cylinder","8":"product_tag-welded-tee-type-cylinder","10":"first","11":"instock","12":"product-type-simple"},"_links":{"self":[{"href":"https:\/\/fmp-components.com\/lv\/wp-json\/wp\/v2\/product\/925","targetHints":{"allow":["GET"]}}],"collection":[{"href":"https:\/\/fmp-components.com\/lv\/wp-json\/wp\/v2\/product"}],"about":[{"href":"https:\/\/fmp-components.com\/lv\/wp-json\/wp\/v2\/types\/product"}],"replies":[{"embeddable":true,"href":"https:\/\/fmp-components.com\/lv\/wp-json\/wp\/v2\/comments?post=925"}],"wp:featuredmedia":[{"embeddable":true,"href":"https:\/\/fmp-components.com\/lv\/wp-json\/wp\/v2\/media\/1133"}],"wp:attachment":[{"href":"https:\/\/fmp-components.com\/lv\/wp-json\/wp\/v2\/media?parent=925"}],"wp:term":[{"taxonomy":"product_brand","embeddable":true,"href":"https:\/\/fmp-components.com\/lv\/wp-json\/wp\/v2\/product_brand?post=925"},{"taxonomy":"product_cat","embeddable":true,"href":"https:\/\/fmp-components.com\/lv\/wp-json\/wp\/v2\/product_cat?post=925"},{"taxonomy":"product_tag","embeddable":true,"href":"https:\/\/fmp-components.com\/lv\/wp-json\/wp\/v2\/product_tag?post=925"}],"curies":[{"name":"wp","href":"https:\/\/api.w.org\/{rel}","templated":true}]}}