{"id":924,"date":"2024-12-19T03:39:00","date_gmt":"2024-12-19T03:39:00","guid":{"rendered":"https:\/\/fmp-components.com\/product\/10004-factory-price-double-acting-tractor-hydraulic-cylinder\/"},"modified":"2024-12-19T09:02:15","modified_gmt":"2024-12-19T09:02:15","slug":"10004-factory-price-double-acting-tractor-hydraulic-cylinder","status":"publish","type":"product","link":"https:\/\/fmp-components.com\/lv\/product\/10004-factory-price-double-acting-tractor-hydraulic-cylinder\/","title":{"rendered":"10004 r\u016bpn\u012bcas cenas divk\u0101r\u0161as darb\u012bbas traktora hidrauliskais cilindrs"},"content":{"rendered":"<p>R\u016bpn\u012bcas cenas divk\u0101r\u0161as darb\u012bbas traktora hidrauliskais cilindrs ir b\u016btiska sast\u0101vda\u013ca, ko izmanto da\u017e\u0101d\u0101s ma\u0161\u012bn\u0101s, \u012bpa\u0161i traktoros, kur tam ir noz\u012bm\u012bga loma darb\u012bbas efektivit\u0101tes uzlabo\u0161an\u0101. \u0160o hidraulisko cilindru ra\u017eo FMP, cien\u012bjams uz\u0146\u0113mums, kas atrodas It\u0101lijas pils\u0113t\u0101, un tas ir progres\u012bvas in\u017eenierijas un r\u016bp\u012bga dizaina paraugs. Ap\u0146emoties nodro\u0161in\u0101t kvalit\u0101ti un inov\u0101cijas, FMP ir izstr\u0101d\u0101jis produktu, kas atbilst m\u016bsdienu lauksaimniec\u012bbas un r\u016bpniec\u012bbas lietojumprogrammu stingraj\u0101m pras\u012bb\u0101m. \u0160is hidrauliskais cilindrs ne tikai veicina traktoru funkcionalit\u0101ti, bet ar\u012b nodro\u0161ina uzticam\u012bbu un veiktsp\u0113ju, padarot to par neaizst\u0101jamu instrumentu gan operatoriem, gan ra\u017eot\u0101jiem.<\/p>\n<p><img decoding=\"async\" class=\"aligncenter\" src=\"https:\/\/hzpt.com\/wp-content\/uploads\/2023\/12\/random-3.webp\" alt=\"\" title=\"\"><\/p>\n<h3>Unik\u0101las \u012bpa\u0161\u012bbas un priek\u0161roc\u012bbas<\/h3>\n<ul>\n<li><strong>Energoefekt\u012bvs:<\/strong><br \/>\nDivk\u0101r\u0161\u0101s darb\u012bbas hidraulisk\u0101 cilindra konstrukcija uzsver energoefektivit\u0101ti, \u013caujot tam darboties ar minim\u0101lu ener\u0123ijas pat\u0113ri\u0146u. \u0160\u012b funkcija ne tikai samazina ekspluat\u0101cijas izmaksas, bet ar\u012b atbilst ilgtsp\u0113j\u012bgas prakses principiem, padarot to par videi draudz\u012bgu izv\u0113li ma\u0161\u012bn\u0101m.<\/li>\n<li><strong>Augsta veiktsp\u0113ja:<\/strong><br \/>\n\u0160is hidrauliskais cilindrs, kas izstr\u0101d\u0101ts izcilai funkcionalit\u0101tei, nodro\u0161ina past\u0101v\u012bgu un jaud\u012bgu veiktsp\u0113ju. T\u0101 sp\u0113ja rad\u012bt iev\u0113rojamu sp\u0113ku gan izstiep\u0161anas, gan ievilk\u0161anas g\u0101jienos nodro\u0161ina, ka tas var tikt gal\u0101 ar sare\u017e\u0123\u012btiem uzdevumiem, piem\u0113ram, smagu kravu cel\u0161anu un prec\u012bzu kust\u012bbu veik\u0161anu, padarot to ide\u0101li piem\u0113rotu lauksaimniec\u012bbas un r\u016bpniec\u012bbas vajadz\u012bb\u0101m.<\/li>\n<li><strong>Dro\u0161\u012bba:<\/strong><br \/>\nDro\u0161\u012bba ir \u0101rk\u0101rt\u012bgi svar\u012bgs apsv\u0113rums r\u016bpn\u012bcas cenas divk\u0101r\u0161as darb\u012bbas traktora hidraulisk\u0101 cilindra projekt\u0113\u0161an\u0101. Taj\u0101 ir iek\u013cautas uzlabotas dro\u0161\u012bbas funkcijas, kas nov\u0113r\u0161 nopl\u016bdes un hidraulisk\u0101s k\u013c\u016bmes, nodro\u0161inot, ka operatori var str\u0101d\u0101t p\u0101rliecino\u0161i. \u0160\u012b uzticam\u012bba ir \u012bpa\u0161i svar\u012bga augstspiediena vid\u0113, kur j\u0101samazina dro\u0161\u012bbas riski.<\/li>\n<\/ul>\n<p><img loading=\"lazy\" decoding=\"async\" class=\"size-full wp-image-977 aligncenter\" src=\"https:\/\/fmp-components.com\/wp-content\/uploads\/2024\/12\/Welded-Tee-Type-Cylinder3.webp\" alt=\"Metin\u0101ts T veida cilindrs\" width=\"653\" height=\"600\" title=\"\" srcset=\"https:\/\/fmp-components.com\/wp-content\/uploads\/2024\/12\/Welded-Tee-Type-Cylinder3.webp 653w, https:\/\/fmp-components.com\/wp-content\/uploads\/2024\/12\/Welded-Tee-Type-Cylinder3-480x441.webp 480w\" sizes=\"(min-width: 0px) and (max-width: 480px) 480px, (min-width: 481px) 653px, 100vw\" \/><\/p>\n<h3>Hidraulisk\u0101 sist\u0113ma un t\u0101s darb\u012bbas princips<\/h3>\n<p>Hidraulisk\u0101s sist\u0113mas sare\u017e\u0123\u012bt\u012bbas un hidraulisk\u0101 cilindra darb\u012bbas principa izpratne sniedz v\u0113rt\u012bgu ieskatu t\u0101s darb\u012bb\u0101 un efektivit\u0101t\u0113. Hidraulisk\u0101 sist\u0113ma balst\u0101s uz \u0161\u0137idrumu meh\u0101nikas principiem, izmantojot spiediena hidraulisko \u0161\u0137idrumu, lai rad\u012btu line\u0101ru kust\u012bbu. Kad hidrauliskais \u0161\u0137idrums tiek ies\u016bkn\u0113ts cilindr\u0101, tas rada spiedienu uz iek\u0161\u0113jo virzuli, radot sp\u0113ku, kas virza virzuli abos virzienos.<\/p>\n<p>\u0160\u012b divk\u0101r\u0161\u0101s darb\u012bbas iesp\u0113ja nodro\u0161ina daudzpus\u012bgu pielietojumu, \u013caujot cilindram vienm\u0113r\u012bgi izstiepties un ievilkties. Traktoru kontekst\u0101 tas noz\u012bm\u0113, ka hidraulisk\u0101 sist\u0113ma var efekt\u012bvi vad\u012bt t\u0101dus agreg\u0101tus k\u0101 arklus, iekr\u0101v\u0113jus un citus piekabes, t\u0101d\u0113j\u0101di uzlabojot kop\u0113jo produktivit\u0101ti.<\/p>\n<p>Izp\u0113tot \u0161os darb\u012bbas principus, lietot\u0101ji var nov\u0113rt\u0113t r\u016bpn\u012bcas cenas divk\u0101r\u0161as darb\u012bbas traktora hidraulisk\u0101 cilindra noz\u012bm\u012bgo lomu tehnikas veiktsp\u0113jas optimiz\u0113\u0161an\u0101, nodro\u0161inot, ka tas atbilst da\u017e\u0101du pielietojumu stingraj\u0101m pras\u012bb\u0101m, vienlaikus saglab\u0101jot dro\u0161\u012bbu un efektivit\u0101ti.<\/p>\n<p><img decoding=\"async\" src=\"https:\/\/hzpt.com\/wp-content\/uploads\/2023\/12\/random-2.webp\" alt=\"\" title=\"\"><\/p>\n<p>Papildus pied\u0101v\u0101tajam produktam m\u0113s pieg\u0101d\u0101jam ar\u012b pac\u0113l\u0101ju darba platformu cilindrus, r\u016bpniecisko transportl\u012bdzek\u013cu hidrauliskos cilindrus, rot\u0101cijas urb\u0161anas cilindrus, automa\u0161\u012bnu celt\u0146u cilindrus, celtniec\u012bbas tehnikas hidrauliskos cilindrus, iekr\u0101v\u0113ju hidrauliskos cilindrus, raktuvju pa\u0161izg\u0101z\u0113ju cilindrus, sanit\u0101rijas tehnikas hidrauliskos cilindrus. Piel\u0101gojumi ir pieejami p\u0113c piepras\u012bjuma.<\/p>\n<h2>Metin\u0101t\u0101 T veida cilindra priek\u0161roc\u012bbas<\/h2>\n<ul>\n<li style=\"list-style-type: none;\">\n<ul>\n<li><strong>Palielin\u0101ts sp\u0113ks:<\/strong> Metin\u0101tie T veida cilindri ir paz\u012bstami ar savu augsto iztur\u012bbu, padarot tos piem\u0113rotus lietojumiem, kuros nepiecie\u0161ama smagu kravu cel\u0161ana. \u0160o cilindru ra\u017eo\u0161anas laik\u0101 izmantotais metin\u0101\u0161anas process nodro\u0161ina, ka cilindram nav v\u0101ju punktu un tas var iztur\u0113t augstu spiedienu un spriegumu.<\/li>\n<\/ul>\n<\/li>\n<\/ul>\n<p>Kad uz cilindru tiek iedarbin\u0101ts spiediens, tas vienm\u0113r\u012bgi sadal\u0101s pa visu virsmu, padarot to iztur\u012bgu pret deform\u0101ciju. \u0160\u012b \u012bpa\u0161\u012bba nodro\u0161ina, ka cilindrs saglab\u0101 savu formu un struktur\u0101lo integrit\u0101ti pat ekstrem\u0101los apst\u0101k\u013cos.<\/p>\n<ul>\n<li style=\"list-style-type: none;\">\n<ul>\n<li><strong>Nopl\u016b\u017eu nov\u0113r\u0161ana:<\/strong> Metin\u0101tie T veida cilindri ir izstr\u0101d\u0101ti, lai nov\u0113rstu nopl\u016bdes. Ra\u017eo\u0161anas proces\u0101 izmantotais metin\u0101\u0161anas process nodro\u0161ina, ka cilindrs ir piln\u012bb\u0101 nosl\u0113gts un bez jebk\u0101d\u0101m iesp\u0113jam\u0101m nopl\u016bd\u0113m. \u0160\u012b \u012bpa\u0161\u012bba padara tos piem\u0113rotus lieto\u0161anai lietojumos, kur nopl\u016bde var\u0113tu izrais\u012bt nopietnus boj\u0101jumus vai traumas.<\/li>\n<\/ul>\n<\/li>\n<\/ul>\n<p>Metin\u0101tie savienojumi ir gludi, bez plais\u0101m vai riev\u0101m, kur var\u0113tu uzkr\u0101ties gru\u017ei vai net\u012brumi, t\u0101d\u0113j\u0101di samazinot korozijas un cilindra boj\u0101jumu risku.<\/p>\n<ul>\n<li style=\"list-style-type: none;\">\n<ul>\n<li><strong>Piel\u0101gojams:<\/strong> Metin\u0101tos T veida cilindrus var piel\u0101got konkr\u0113tiem pielietojumiem. Cilindri ir pieejami da\u017e\u0101dos izm\u0113ros un form\u0101s, un tos var izgatavot atbilsto\u0161i konkr\u0113t\u0101 pielietojuma pras\u012bb\u0101m.<\/li>\n<\/ul>\n<\/li>\n<\/ul>\n<p>Piel\u0101go\u0161anas process \u013cauj optimiz\u0113t cilindra veiktsp\u0113ju, nodro\u0161inot, ka tas ir piem\u0113rots paredz\u0113tajam pielietojumam. \u0160\u012b \u012bpa\u0161\u012bba padara metin\u0101tus T veida cilindrus ide\u0101li piem\u0113rotus izmanto\u0161anai da\u017e\u0101dos r\u016bpnieciskos pielietojumos, tostarp b\u016bvniec\u012bb\u0101, ieguves r\u016bpniec\u012bb\u0101 un materi\u0101lu apstr\u0101d\u0113.<\/p>\n<ul>\n<li style=\"list-style-type: none;\">\n<ul>\n<li><strong>Izmaksu zi\u0146\u0101 efekt\u012bvs:<\/strong> Metin\u0101tie T veida cilindri ir izmaksu zi\u0146\u0101 efekt\u012bv\u0101ki sal\u012bdzin\u0101jum\u0101 ar cita veida cilindriem. \u0160o cilindru ra\u017eo\u0161anas process ir vienk\u0101r\u0161s, t\u0101p\u0113c tie ir l\u0113t\u0101ki nek\u0101 cita veida cilindri.<\/li>\n<\/ul>\n<\/li>\n<\/ul>\n<p>Turkl\u0101t metin\u0101to T veida cilindru augst\u0101 iztur\u012bba un ilgm\u016b\u017e\u012bba samazina nepiecie\u0161am\u012bbu p\u0113c bie\u017ea remonta un nomai\u0146as, t\u0101d\u0113j\u0101di ietaupot apkopes izmaksas. \u0160\u012b \u012bpa\u0161\u012bba padara tos par popul\u0101ru izv\u0113li daudz\u0101s nozar\u0113s, \u012bpa\u0161i taj\u0101s, kur\u0101m ir ierobe\u017eots bud\u017eets.<\/p>\n<ul>\n<li style=\"list-style-type: none;\">\n<ul>\n<li><strong>Paaugstin\u0101ta efektivit\u0101te:<\/strong> Metin\u0101tie T veida cilindri ir \u013coti efekt\u012bvi un lietder\u012bgi. Cilindra konstrukcija nodro\u0161ina, ka pieliktais sp\u0113ks tiek tie\u0161i p\u0101rnests uz slodzi, samazinot ener\u0123ijas zudumus un palielinot efektivit\u0101ti.<\/li>\n<\/ul>\n<\/li>\n<\/ul>\n<p>Metin\u0101tie savienojumi ir iztur\u012bgi un stingri, samazinot novirzi un nodro\u0161inot, ka cilindrs saglab\u0101 savu formu un struktur\u0101lo integrit\u0101ti pat ekstrem\u0101los apst\u0101k\u013cos. \u0160\u012b \u012bpa\u0161\u012bba padara metin\u0101tos T veida cilindrus ide\u0101li piem\u0113rotus lieto\u0161anai lietojumos, kuriem nepiecie\u0161ama augsta efektivit\u0101te un uzticam\u012bba.<\/p>\n<p><img loading=\"lazy\" decoding=\"async\" class=\"size-full wp-image-976 aligncenter\" src=\"https:\/\/fmp-components.com\/wp-content\/uploads\/2024\/12\/Welded-Tee-Type-Cylinder2.webp\" alt=\"Metin\u0101ts T veida cilindrs\" width=\"764\" height=\"675\" title=\"\" srcset=\"https:\/\/fmp-components.com\/wp-content\/uploads\/2024\/12\/Welded-Tee-Type-Cylinder2.webp 764w, https:\/\/fmp-components.com\/wp-content\/uploads\/2024\/12\/Welded-Tee-Type-Cylinder2-480x424.webp 480w\" sizes=\"(min-width: 0px) and (max-width: 480px) 480px, (min-width: 481px) 764px, 100vw\" \/><\/p>\n<h2>Metin\u0101t\u0101 T veida cilindra pielietojums<\/h2>\n<ol>\n<li>\n<h3>Automobi\u013cu r\u016bpniec\u012bba<\/h3>\n<p>Metin\u0101tie T veida cilindri tiek pla\u0161i izmantoti autob\u016bves nozar\u0113. Tos izmanto automa\u0161\u012bnu durv\u012bs, motora p\u0101rsegu un bag\u0101\u017enieka pac\u0113l\u0101jos, kabrioletu jumtos un st\u016bres pastiprin\u0101t\u0101ja sist\u0113m\u0101s. \u0160ie cilindri ir iecien\u012bti, jo tie sp\u0113j nodro\u0161in\u0101t lielu sp\u0113ka izvadi ar nelielu vietas nepiecie\u0161am\u012bbu. T veida cilindra konstrukcija ir labi piem\u0113rota lietojumiem, kur sp\u0113ks ir j\u0101p\u0101rnes divos da\u017e\u0101dos virzienos.<\/p>\n<p>Turkl\u0101t \u0161o cilindru metin\u0101t\u0101 konstrukcija \u013cauj tiem darboties augst\u0101 temperat\u016br\u0101 un spiedien\u0101 bez nopl\u016bd\u0113m. Tas padara tos piem\u0113rotus izmanto\u0161anai dzin\u0113jos, transmisij\u0101s un brem\u017eu sist\u0113m\u0101s.<\/li>\n<li>\n<h3>Ra\u017eo\u0161anas nozare<\/h3>\n<p>Metin\u0101tie T veida cilindri tiek izmantoti ar\u012b ra\u017eo\u0161anas nozar\u0113. Tos izmanto hidrauliskaj\u0101s pres\u0113s, kal\u0161anas ma\u0161\u012bn\u0101s un met\u0101la grie\u0161anas ma\u0161\u012bn\u0101s. \u0160o cilindru liel\u0101 jauda padara tos ide\u0101li piem\u0113rotus lietojumiem, kur neliel\u0101 telp\u0101 nepiecie\u0161ams liels sp\u0113ks.<\/p>\n<p>T veida cilindra konstrukcija ir labi piem\u0113rota ar\u012b lietojumiem, kuros sp\u0113ks j\u0101p\u0101rnes divos da\u017e\u0101dos virzienos. Piem\u0113ram, hidrauliskaj\u0101 pres\u0113 T veida cilindru var izmantot, lai pieliktu sp\u0113ku gan vertik\u0101li, gan horizont\u0101li, kas \u013cauj veikt sare\u017e\u0123\u012bt\u0101kus ra\u017eo\u0161anas procesus.<\/li>\n<li>\n<h3>Avi\u0101cijas un kosmosa r\u016bpniec\u012bba<\/h3>\n<p>Metin\u0101tie T veida cilindri tiek izmantoti avi\u0101cijas un kosmosa r\u016bpniec\u012bb\u0101 da\u017e\u0101diem m\u0113r\u0137iem. Tos izmanto \u0161asijas sist\u0113m\u0101s, kravas nodal\u012bjuma durv\u012bs un lidojumu vad\u012bbas sist\u0113m\u0101s. \u0160o cilindru augst\u0101 jauda un kompaktais dizains padara tos ide\u0101li piem\u0113rotus lieto\u0161anai ierobe\u017eot\u0101 telp\u0101 lidma\u0161\u012bn\u0101.<\/p>\n<p>\u0160o cilindru metin\u0101t\u0101 konstrukcija padara tos iztur\u012bgus pret augstu spiedienu un temperat\u016bru lidojuma laik\u0101. Turkl\u0101t T veida cilindra konstrukcija \u013cauj sp\u0113ku p\u0101rnest divos da\u017e\u0101dos virzienos, padarot to labi piem\u0113rotu lietojumiem, kur sp\u0113ks j\u0101pieliek le\u0146\u0137\u012b.<\/li>\n<li>\n<h3>B\u016bvniec\u012bbas nozare<\/h3>\n<p>Metin\u0101tie T veida cilindri tiek izmantoti b\u016bvniec\u012bbas nozar\u0113 smagu kravu cel\u0161anai un p\u0101rvieto\u0161anai. Tos izmanto celt\u0146os, ekskavatoros un ekskavatoros. \u0160o cilindru augst\u0101 jauda un kompaktais dizains padara tos ide\u0101li piem\u0113rotus lieto\u0161anai ierobe\u017eot\u0101 telp\u0101 b\u016bvlaukum\u0101.<\/p>\n<p>T veida cilindra konstrukcija \u013cauj sp\u0113ku p\u0101rnest divos da\u017e\u0101dos virzienos, padarot to labi piem\u0113rotu lietojumiem, kuros sp\u0113ks j\u0101pieliek le\u0146\u0137\u012b. Turkl\u0101t \u0161o cilindru metin\u0101t\u0101 konstrukcija \u013cauj tiem darboties augst\u0101 spiedien\u0101 un temperat\u016br\u0101 bez nopl\u016bd\u0113m, padarot tos piem\u0113rotus lieto\u0161anai skarbos \u0101ra apst\u0101k\u013cos.<\/li>\n<\/ol>\n<p><img loading=\"lazy\" decoding=\"async\" class=\"size-full wp-image-977 aligncenter\" src=\"https:\/\/fmp-components.com\/wp-content\/uploads\/2024\/12\/Welded-Tee-Type-Cylinder3.webp\" alt=\"Metin\u0101ts T veida cilindrs\" width=\"653\" height=\"600\" title=\"\" srcset=\"https:\/\/fmp-components.com\/wp-content\/uploads\/2024\/12\/Welded-Tee-Type-Cylinder3.webp 653w, https:\/\/fmp-components.com\/wp-content\/uploads\/2024\/12\/Welded-Tee-Type-Cylinder3-480x441.webp 480w\" sizes=\"(min-width: 0px) and (max-width: 480px) 480px, (min-width: 481px) 653px, 100vw\" \/><\/p>\n<h3>Par FMP<\/h3>\n<p>FMP ir vado\u0161ais hidraulisko cilindru produktu ra\u017eot\u0101js ar vair\u0101k nek\u0101 30 gadu pieredzi \u0161aj\u0101 nozar\u0113. M\u016bsu r\u016bpniec\u012bbas zona atrodas It\u0101lij\u0101, un mums ir pla\u0161s apr\u012bkojuma kl\u0101sts, tostarp autom\u0101tisk\u0101s g\u0101zes ekran\u0113t\u0101s metin\u0101\u0161anas iek\u0101rtas, dzi\u013curbumu urb\u0161anas iek\u0101rtas, CNC virpas, cilindrisk\u0101s sl\u012bpma\u0161\u012bnas, autom\u0101tisk\u0101s t\u012br\u012b\u0161anas iek\u0101rtas, autom\u0101tisk\u0101s uzst\u0101d\u012b\u0161anas iek\u0101rtas, autom\u0101tiskie hidraulisko cilindru veiktsp\u0113jas p\u0101rbaudes stendi, autom\u0101tisk\u0101s kr\u0101so\u0161anas l\u012bnijas un citas. M\u0113s specializ\u0113jamies piel\u0101gotu hidraulisko cilindru ra\u017eo\u0161an\u0101, kas ir projekt\u0113ti un ra\u017eoti, lai apmierin\u0101tu m\u016bsu klientu unik\u0101l\u0101s vajadz\u012bbas.<\/p>\n<p>Uz\u0146\u0113mum\u0101 FMP m\u0113s esam ap\u0146\u0113mu\u0161ies nodro\u0161in\u0101t saviem klientiem augstas kvalit\u0101tes hidrauliskos cilindrus, kas ir rad\u012bti ilgam kalpo\u0161anas laikam. M\u016bsu produkti tiek stingri apstr\u0101d\u0101ti un p\u0101rbaud\u012bti, lai nodro\u0161in\u0101tu to atbilst\u012bbu augst\u0101kajiem kvalit\u0101tes standartiem. \u0160eit ir tikai da\u017ei iemesli, k\u0101p\u0113c jums vajadz\u0113tu sadarboties ar mums:<\/p>\n<ol>\n<li><strong>Dizaina pakalpojums:<\/strong> M\u016bsu pieredz\u0113ju\u0161\u0101 dizaina komanda var pal\u012bdz\u0113t jums rad\u012bt jaunus produktus vai uzlabot eso\u0161os. M\u0113s esam ap\u0146\u0113mu\u0161ies cie\u0161i sadarboties ar saviem klientiem, lai nodro\u0161in\u0101tu vi\u0146u vajadz\u012bbu apmierin\u0101\u0161anu.<\/li>\n<li><strong>Produkta pakalpojums:<\/strong> M\u0113s iev\u0113rojam stingru procesu, kas ietver izejvielu ieg\u016b\u0161anu, grie\u0161anu, rupju apstr\u0101di, test\u0113\u0161anu, t\u012br\u012b\u0161anu, mont\u0101\u017eu, iepako\u0161anu un transport\u0113\u0161anu. \u0160is process ir izstr\u0101d\u0101ts, lai nodro\u0161in\u0101tu m\u016bsu produktu visaugst\u0101ko kvalit\u0101ti.<\/li>\n<li><strong>Parauga process:<\/strong> M\u0113s varam izstr\u0101d\u0101t un modific\u0113t paraugus atbilsto\u0161i j\u016bsu vajadz\u012bb\u0101m. M\u0113s esam ap\u0146\u0113mu\u0161ies nodro\u0161in\u0101t m\u016bsu klientus ar augstas kvalit\u0101tes produktiem, kas atbilst vi\u0146u \u012bpa\u0161aj\u0101m pras\u012bb\u0101m.<\/li>\n<li><strong>P\u0113tniec\u012bba un att\u012bst\u012bba:<\/strong> M\u0113s past\u0101v\u012bgi p\u0113t\u0101m tirgu, lai noteiktu jaunas vajadz\u012bbas un izstr\u0101d\u0101tu jaunus mode\u013cus. Tas \u013cauj mums b\u016bt soli priek\u0161\u0101 konkurentiem un nodro\u0161in\u0101t m\u016bsu klientus ar jaun\u0101kajiem un inovat\u012bv\u0101kajiem hidraulisko cilindru produktiem tirg\u016b.<\/li>\n<li><strong>Piel\u0101go\u0161ana:<\/strong> M\u0113s specializ\u0113jamies piel\u0101gotu hidraulisko cilindru ra\u017eo\u0161an\u0101, kas ir projekt\u0113ti un ra\u017eoti, lai apmierin\u0101tu m\u016bsu klientu unik\u0101l\u0101s vajadz\u012bbas. M\u016bsu produkti ir pieejami pla\u0161\u0101 izm\u0113ru un konfigur\u0101ciju kl\u0101st\u0101, lai atbilstu j\u016bsu \u012bpa\u0161aj\u0101m pras\u012bb\u0101m.<\/li>\n<\/ol>\n<p><img decoding=\"async\" src=\"https:\/\/fmp-components.com\/wp-content\/uploads\/2024\/12\/fmp-factory-4.webp\" alt=\"FMP r\u016bpn\u012bca\" width=\"800\" title=\"\"><br \/>\nAutors: CX<\/p>","protected":false},"excerpt":{"rendered":"<p>The Factory Price Double Acting Tractor Hydraulic Cylinder is a crucial component utilized in a variety of machinery, particularly in tractors where it plays a significant role in enhancing operational efficiency. Manufactured by FMP, a reputable company based in Italy City, this hydraulic cylinder exemplifies advanced engineering and meticulous design. With a commitment to quality [&hellip;]<\/p>","protected":false},"featured_media":1132,"comment_status":"closed","ping_status":"closed","template":"","meta":{"_et_pb_use_builder":"","_et_pb_old_content":"","_et_gb_content_width":""},"product_brand":[],"product_cat":[31],"product_tag":[34,35],"class_list":{"0":"post-924","1":"product","2":"type-product","3":"status-publish","4":"has-post-thumbnail","6":"product_cat-welded-tee-type-cylinder","7":"product_tag-hydraulic-cylinder","8":"product_tag-welded-tee-type-cylinder","10":"first","11":"instock","12":"product-type-simple"},"_links":{"self":[{"href":"https:\/\/fmp-components.com\/lv\/wp-json\/wp\/v2\/product\/924","targetHints":{"allow":["GET"]}}],"collection":[{"href":"https:\/\/fmp-components.com\/lv\/wp-json\/wp\/v2\/product"}],"about":[{"href":"https:\/\/fmp-components.com\/lv\/wp-json\/wp\/v2\/types\/product"}],"replies":[{"embeddable":true,"href":"https:\/\/fmp-components.com\/lv\/wp-json\/wp\/v2\/comments?post=924"}],"wp:featuredmedia":[{"embeddable":true,"href":"https:\/\/fmp-components.com\/lv\/wp-json\/wp\/v2\/media\/1132"}],"wp:attachment":[{"href":"https:\/\/fmp-components.com\/lv\/wp-json\/wp\/v2\/media?parent=924"}],"wp:term":[{"taxonomy":"product_brand","embeddable":true,"href":"https:\/\/fmp-components.com\/lv\/wp-json\/wp\/v2\/product_brand?post=924"},{"taxonomy":"product_cat","embeddable":true,"href":"https:\/\/fmp-components.com\/lv\/wp-json\/wp\/v2\/product_cat?post=924"},{"taxonomy":"product_tag","embeddable":true,"href":"https:\/\/fmp-components.com\/lv\/wp-json\/wp\/v2\/product_tag?post=924"}],"curies":[{"name":"wp","href":"https:\/\/api.w.org\/{rel}","templated":true}]}}