{"id":921,"date":"2024-12-19T03:39:00","date_gmt":"2024-12-19T03:39:00","guid":{"rendered":"https:\/\/fmp-components.com\/product\/10002-professional-craftsmanship-small-double-acting-stainless-steel-hydraulic-cylinder-for-tractor\/"},"modified":"2024-12-19T09:01:32","modified_gmt":"2024-12-19T09:01:32","slug":"10002-professional-craftsmanship-small-double-acting-stainless-steel-hydraulic-cylinder-for-tractor","status":"publish","type":"product","link":"https:\/\/fmp-components.com\/lv\/product\/10002-professional-craftsmanship-small-double-acting-stainless-steel-hydraulic-cylinder-for-tractor\/","title":{"rendered":"10002 Profesion\u0101la meistar\u012bba Mazs divk\u0101r\u0161as darb\u012bbas ner\u016bs\u0113jo\u0161\u0101 t\u0113rauda hidrauliskais cilindrs traktoram"},"content":{"rendered":"<p>10002 Professional Craftsmanship mazais divk\u0101r\u0161\u0101s darb\u012bbas ner\u016bs\u0113jo\u0161\u0101 t\u0113rauda hidrauliskais cilindrs ir izstr\u0101d\u0101ts optim\u0101lai veiktsp\u0113jai traktoru lieto\u0161an\u0101. Apvienojot inovat\u012bvu dizainu ar augstas kvalit\u0101tes materi\u0101liem, \u0161is hidrauliskais cilindrs ir b\u016btisks instruments, lai uzlabotu j\u016bsu lauksaimniec\u012bbas darb\u012bbu efektivit\u0101ti un lietder\u012bbu.<\/p>\n<p><img loading=\"lazy\" decoding=\"async\" class=\"size-full wp-image-977 aligncenter\" src=\"https:\/\/fmp-components.com\/wp-content\/uploads\/2024\/12\/Welded-Tee-Type-Cylinder3.webp\" alt=\"Metin\u0101ts T veida cilindrs\" width=\"653\" height=\"600\" title=\"\" srcset=\"https:\/\/fmp-components.com\/wp-content\/uploads\/2024\/12\/Welded-Tee-Type-Cylinder3.webp 653w, https:\/\/fmp-components.com\/wp-content\/uploads\/2024\/12\/Welded-Tee-Type-Cylinder3-480x441.webp 480w\" sizes=\"(min-width: 0px) and (max-width: 480px) 480px, (min-width: 481px) 653px, 100vw\" \/><\/p>\n<h4>Galven\u0101s iez\u012bmes:<\/h4>\n<ul>\n<li><strong>Divk\u0101r\u0161as darb\u012bbas dizains:<\/strong><br \/>\n\u0160is hidrauliskais cilindrs darbojas gan izstiep\u0161anas, gan ievilk\u0161anas re\u017e\u012bm\u0101, nodro\u0161inot daudzpus\u012bgu funkcionalit\u0101ti. Divk\u0101r\u0161\u0101s darb\u012bbas meh\u0101nisms nodro\u0161ina vienm\u0113r\u012bgu un kontrol\u0113tu kust\u012bbu, padarot to ide\u0101li piem\u0113rotu uzdevumiem, kuriem nepiecie\u0161ama prec\u012bza pozicion\u0113\u0161ana, piem\u0113ram, darbar\u012bku cel\u0161anai un regul\u0113\u0161anai.<\/li>\n<li><strong>Augst\u0101k\u0101s kvalit\u0101tes ner\u016bs\u0113jo\u0161\u0101 t\u0113rauda konstrukcija:<\/strong><br \/>\nIzgatavots no augstas kvalit\u0101tes ner\u016bs\u0113jo\u0161\u0101 t\u0113rauda, \u200b\u200b\u0161is hidrauliskais cilindrs pied\u0101v\u0101 izcilu iztur\u012bbu pret koroziju un nodilumu. \u0160\u012b iztur\u012bba nodro\u0161ina, ka tas var iztur\u0113t skarbos apst\u0101k\u013cus, kas bie\u017ei sastopami lauksaimniec\u012bbas vid\u0113, pagarinot t\u0101 kalpo\u0161anas laiku un saglab\u0101jot uzticamu veiktsp\u0113ju.<\/li>\n<li><strong>Kompakts izm\u0113rs:<\/strong><br \/>\n10002 hidraulisk\u0101 cilindra mazais izm\u0113rs \u013cauj to viegli uzst\u0101d\u012bt ierobe\u017eot\u0101s telp\u0101s, nezaud\u0113jot jaudu vai efektivit\u0101ti. T\u0101 kompaktums padara to piem\u0113rotu da\u017e\u0101diem traktoru mode\u013ciem un pielietojumiem, nodro\u0161inot lieto\u0161anas elast\u012bbu.<\/li>\n<li><strong>Augsta veiktsp\u0113ja:<\/strong><br \/>\n\u0160is hidrauliskais cilindrs, kas paredz\u0113ts sp\u0113c\u012bga sp\u0113ka nodro\u0161in\u0101\u0161anai, sp\u0113j iztur\u0113t iev\u0113rojamas slodzes, padarot to ide\u0101li piem\u0113rotu da\u017e\u0101diem lauksaimniec\u012bbas darbiem. T\u0101 augst\u0101 veiktsp\u0113ja uzlabo traktora darb\u012bbas kop\u0113jo produktivit\u0101ti, nodro\u0161inot uzdevumu efekt\u012bvu izpildi.<\/li>\n<li><strong>Daudzpus\u012bgi pielietojumi:<\/strong><br \/>\n10002 hidrauliskais cilindrs ir ide\u0101li piem\u0113rots da\u017e\u0101diem pielietojumiem, tostarp augsnes apstr\u0101dei, cel\u0161anai un vilk\u0161anai. T\u0101 daudzpus\u012bba nodro\u0161ina, ka to var efekt\u012bvi izmantot ar pla\u0161u traktoru agreg\u0101tu kl\u0101stu, maksim\u0101li palielinot darb\u012bbas efektivit\u0101ti.<\/li>\n<\/ul>\n<h4>Tehnisk\u0101s specifik\u0101cijas:<\/h4>\n<table style=\"width: 94.2857%; height: 160px;\">\n<thead>\n<tr>\n<th>Specifik\u0101cija<\/th>\n<th>Apraksts<\/th>\n<\/tr>\n<\/thead>\n<tbody>\n<tr>\n<td><strong>Urbuma izm\u0113rs<\/strong><\/td>\n<td>Piel\u0101gojams<\/td>\n<\/tr>\n<tr>\n<td><strong>g\u0101jiena garums<\/strong><\/td>\n<td>Pieejamas da\u017e\u0101das iesp\u0113jas<\/td>\n<\/tr>\n<tr>\n<td><strong>Maksim\u0101lais spiediens<\/strong><\/td>\n<td>L\u012bdz 3000 PSI<\/td>\n<\/tr>\n<tr>\n<td><strong>Materi\u0101ls<\/strong><\/td>\n<td>Augstas kvalit\u0101tes ner\u016bs\u0113jo\u0161ais t\u0113rauds<\/td>\n<\/tr>\n<tr>\n<td><strong>Savienojuma veids<\/strong><\/td>\n<td>Atloka vai v\u012bt\u0146ota<\/td>\n<\/tr>\n<\/tbody>\n<\/table>\n<h4>Darb\u012bbas princips:<\/h4>\n<p>10002 mazais divk\u0101r\u0161\u0101s darb\u012bbas ner\u016bs\u0113jo\u0161\u0101 t\u0113rauda hidrauliskais cilindrs darbojas p\u0113c hidraulisk\u0101 \u0161\u0137idruma spiediena principa. Kad hidrauliskais \u0161\u0137idrums tiek ies\u016bkn\u0113ts cilindr\u0101, tas iedarbojas uz virzuli, radot line\u0101ru kust\u012bbu abos virzienos. \u0160\u012b divk\u0101r\u0161\u0101s darb\u012bbas iesp\u0113ja \u013cauj efekt\u012bvi kontrol\u0113t da\u017e\u0101das traktora funkcijas, uzlabojot veiktsp\u0113ju un produktivit\u0101ti.<\/p>\n<p>Rezum\u0113jot, 10002 Professional Craftsmanship mazais divk\u0101r\u0161\u0101s darb\u012bbas ner\u016bs\u0113jo\u0161\u0101 t\u0113rauda hidrauliskais cilindrs ir iztur\u012bgs un efekt\u012bvs risin\u0101jums traktoru lietojumprogramm\u0101m. T\u0101 augstas kvalit\u0101tes konstrukcija, divk\u0101r\u0161\u0101s darb\u012bbas dizains un kompaktais izm\u0113rs padara to par nenov\u0113rt\u0113jamu instrumentu lauksaimniec\u012bbas tehnikas veiktsp\u0113jas un uzticam\u012bbas uzlabo\u0161anai. Neatkar\u012bgi no t\u0101, vai tas ir pacel\u0161anas, regul\u0113\u0161anas vai vilk\u0161anas darbs, \u0161is hidrauliskais cilindrs ir izstr\u0101d\u0101ts, lai apmierin\u0101tu m\u016bsdienu lauksaimniec\u012bbas pras\u012bbas.<\/p>\n<p><img decoding=\"async\" class=\"aligncenter\" src=\"https:\/\/hzpt.com\/wp-content\/uploads\/2023\/12\/random-4.webp\" alt=\"FMP r\u016bpn\u012bca\" title=\"\"><\/p>\n<h2>Metin\u0101t\u0101 T veida cilindra priek\u0161roc\u012bbas<\/h2>\n<ul>\n<li style=\"list-style-type: none;\">\n<ul>\n<li><strong>Palielin\u0101ts sp\u0113ks:<\/strong> Metin\u0101tie T veida cilindri ir paz\u012bstami ar savu augsto iztur\u012bbu, padarot tos piem\u0113rotus lietojumiem, kuros nepiecie\u0161ama smagu kravu cel\u0161ana. \u0160o cilindru ra\u017eo\u0161anas laik\u0101 izmantotais metin\u0101\u0161anas process nodro\u0161ina, ka cilindram nav v\u0101ju punktu un tas var iztur\u0113t augstu spiedienu un spriegumu.<\/li>\n<\/ul>\n<\/li>\n<\/ul>\n<p>Kad uz cilindru tiek iedarbin\u0101ts spiediens, tas vienm\u0113r\u012bgi sadal\u0101s pa visu virsmu, padarot to iztur\u012bgu pret deform\u0101ciju. \u0160\u012b \u012bpa\u0161\u012bba nodro\u0161ina, ka cilindrs saglab\u0101 savu formu un struktur\u0101lo integrit\u0101ti pat ekstrem\u0101los apst\u0101k\u013cos.<\/p>\n<ul>\n<li style=\"list-style-type: none;\">\n<ul>\n<li><strong>Nopl\u016b\u017eu nov\u0113r\u0161ana:<\/strong> Metin\u0101tie T veida cilindri ir izstr\u0101d\u0101ti, lai nov\u0113rstu nopl\u016bdes. Ra\u017eo\u0161anas proces\u0101 izmantotais metin\u0101\u0161anas process nodro\u0161ina, ka cilindrs ir piln\u012bb\u0101 nosl\u0113gts un bez jebk\u0101d\u0101m iesp\u0113jam\u0101m nopl\u016bd\u0113m. \u0160\u012b \u012bpa\u0161\u012bba padara tos piem\u0113rotus lieto\u0161anai lietojumos, kur nopl\u016bde var\u0113tu izrais\u012bt nopietnus boj\u0101jumus vai traumas.<\/li>\n<\/ul>\n<\/li>\n<\/ul>\n<p>Metin\u0101tie savienojumi ir gludi, bez plais\u0101m vai riev\u0101m, kur var\u0113tu uzkr\u0101ties gru\u017ei vai net\u012brumi, t\u0101d\u0113j\u0101di samazinot korozijas un cilindra boj\u0101jumu risku.<\/p>\n<ul>\n<li style=\"list-style-type: none;\">\n<ul>\n<li><strong>Piel\u0101gojams:<\/strong> Metin\u0101tos T veida cilindrus var piel\u0101got konkr\u0113tiem pielietojumiem. Cilindri ir pieejami da\u017e\u0101dos izm\u0113ros un form\u0101s, un tos var izgatavot atbilsto\u0161i konkr\u0113t\u0101 pielietojuma pras\u012bb\u0101m.<\/li>\n<\/ul>\n<\/li>\n<\/ul>\n<p>Piel\u0101go\u0161anas process \u013cauj optimiz\u0113t cilindra veiktsp\u0113ju, nodro\u0161inot, ka tas ir piem\u0113rots paredz\u0113tajam pielietojumam. \u0160\u012b \u012bpa\u0161\u012bba padara metin\u0101tus T veida cilindrus ide\u0101li piem\u0113rotus izmanto\u0161anai da\u017e\u0101dos r\u016bpnieciskos pielietojumos, tostarp b\u016bvniec\u012bb\u0101, ieguves r\u016bpniec\u012bb\u0101 un materi\u0101lu apstr\u0101d\u0113.<\/p>\n<ul>\n<li style=\"list-style-type: none;\">\n<ul>\n<li><strong>Izmaksu zi\u0146\u0101 efekt\u012bvs:<\/strong> Metin\u0101tie T veida cilindri ir izmaksu zi\u0146\u0101 efekt\u012bv\u0101ki sal\u012bdzin\u0101jum\u0101 ar cita veida cilindriem. \u0160o cilindru ra\u017eo\u0161anas process ir vienk\u0101r\u0161s, t\u0101p\u0113c tie ir l\u0113t\u0101ki nek\u0101 cita veida cilindri.<\/li>\n<\/ul>\n<\/li>\n<\/ul>\n<p>Turkl\u0101t metin\u0101to T veida cilindru augst\u0101 iztur\u012bba un ilgm\u016b\u017e\u012bba samazina nepiecie\u0161am\u012bbu p\u0113c bie\u017ea remonta un nomai\u0146as, t\u0101d\u0113j\u0101di ietaupot apkopes izmaksas. \u0160\u012b \u012bpa\u0161\u012bba padara tos par popul\u0101ru izv\u0113li daudz\u0101s nozar\u0113s, \u012bpa\u0161i taj\u0101s, kur\u0101m ir ierobe\u017eots bud\u017eets.<\/p>\n<ul>\n<li style=\"list-style-type: none;\">\n<ul>\n<li><strong>Paaugstin\u0101ta efektivit\u0101te:<\/strong> Metin\u0101tie T veida cilindri ir \u013coti efekt\u012bvi un lietder\u012bgi. Cilindra konstrukcija nodro\u0161ina, ka pieliktais sp\u0113ks tiek tie\u0161i p\u0101rnests uz slodzi, samazinot ener\u0123ijas zudumus un palielinot efektivit\u0101ti.<\/li>\n<\/ul>\n<\/li>\n<\/ul>\n<p>Metin\u0101tie savienojumi ir iztur\u012bgi un stingri, samazinot novirzi un nodro\u0161inot, ka cilindrs saglab\u0101 savu formu un struktur\u0101lo integrit\u0101ti pat ekstrem\u0101los apst\u0101k\u013cos. \u0160\u012b \u012bpa\u0161\u012bba padara metin\u0101tos T veida cilindrus ide\u0101li piem\u0113rotus lieto\u0161anai lietojumos, kuriem nepiecie\u0161ama augsta efektivit\u0101te un uzticam\u012bba.<\/p>\n<h2>Metin\u0101t\u0101 T veida cilindra pielietojums<\/h2>\n<ol>\n<li>\n<h3>Automobi\u013cu r\u016bpniec\u012bba<\/h3>\n<p>Metin\u0101tie T veida cilindri tiek pla\u0161i izmantoti autob\u016bves nozar\u0113. Tos izmanto automa\u0161\u012bnu durv\u012bs, motora p\u0101rsegu un bag\u0101\u017enieka pac\u0113l\u0101jos, kabrioletu jumtos un st\u016bres pastiprin\u0101t\u0101ja sist\u0113m\u0101s. \u0160ie cilindri ir iecien\u012bti, jo tie sp\u0113j nodro\u0161in\u0101t lielu sp\u0113ka izvadi ar nelielu vietas nepiecie\u0161am\u012bbu. T veida cilindra konstrukcija ir labi piem\u0113rota lietojumiem, kur sp\u0113ks ir j\u0101p\u0101rnes divos da\u017e\u0101dos virzienos.<\/p>\n<p>Turkl\u0101t \u0161o cilindru metin\u0101t\u0101 konstrukcija \u013cauj tiem darboties augst\u0101 temperat\u016br\u0101 un spiedien\u0101 bez nopl\u016bd\u0113m. Tas padara tos piem\u0113rotus izmanto\u0161anai dzin\u0113jos, transmisij\u0101s un brem\u017eu sist\u0113m\u0101s.<\/li>\n<li>\n<h3>Ra\u017eo\u0161anas nozare<\/h3>\n<p>Metin\u0101tie T veida cilindri tiek izmantoti ar\u012b ra\u017eo\u0161anas nozar\u0113. Tos izmanto hidrauliskaj\u0101s pres\u0113s, kal\u0161anas ma\u0161\u012bn\u0101s un met\u0101la grie\u0161anas ma\u0161\u012bn\u0101s. \u0160o cilindru liel\u0101 jauda padara tos ide\u0101li piem\u0113rotus lietojumiem, kur neliel\u0101 telp\u0101 nepiecie\u0161ams liels sp\u0113ks.<\/p>\n<p>T veida cilindra konstrukcija ir labi piem\u0113rota ar\u012b lietojumiem, kuros sp\u0113ks j\u0101p\u0101rnes divos da\u017e\u0101dos virzienos. Piem\u0113ram, hidrauliskaj\u0101 pres\u0113 T veida cilindru var izmantot, lai pieliktu sp\u0113ku gan vertik\u0101li, gan horizont\u0101li, kas \u013cauj veikt sare\u017e\u0123\u012bt\u0101kus ra\u017eo\u0161anas procesus.<\/li>\n<li>\n<h3>Avi\u0101cijas un kosmosa r\u016bpniec\u012bba<\/h3>\n<p>Metin\u0101tie T veida cilindri tiek izmantoti avi\u0101cijas un kosmosa r\u016bpniec\u012bb\u0101 da\u017e\u0101diem m\u0113r\u0137iem. Tos izmanto \u0161asijas sist\u0113m\u0101s, kravas nodal\u012bjuma durv\u012bs un lidojumu vad\u012bbas sist\u0113m\u0101s. \u0160o cilindru augst\u0101 jauda un kompaktais dizains padara tos ide\u0101li piem\u0113rotus lieto\u0161anai ierobe\u017eot\u0101 telp\u0101 lidma\u0161\u012bn\u0101.<\/p>\n<p>\u0160o cilindru metin\u0101t\u0101 konstrukcija padara tos iztur\u012bgus pret augstu spiedienu un temperat\u016bru lidojuma laik\u0101. Turkl\u0101t T veida cilindra konstrukcija \u013cauj sp\u0113ku p\u0101rnest divos da\u017e\u0101dos virzienos, padarot to labi piem\u0113rotu lietojumiem, kur sp\u0113ks j\u0101pieliek le\u0146\u0137\u012b.<\/li>\n<li>\n<h3>B\u016bvniec\u012bbas nozare<\/h3>\n<p>Metin\u0101tie T veida cilindri tiek izmantoti b\u016bvniec\u012bbas nozar\u0113 smagu kravu cel\u0161anai un p\u0101rvieto\u0161anai. Tos izmanto celt\u0146os, ekskavatoros un ekskavatoros. \u0160o cilindru augst\u0101 jauda un kompaktais dizains padara tos ide\u0101li piem\u0113rotus lieto\u0161anai ierobe\u017eot\u0101 telp\u0101 b\u016bvlaukum\u0101.<\/p>\n<p>T veida cilindra konstrukcija \u013cauj sp\u0113ku p\u0101rnest divos da\u017e\u0101dos virzienos, padarot to labi piem\u0113rotu lietojumiem, kuros sp\u0113ks j\u0101pieliek le\u0146\u0137\u012b. Turkl\u0101t \u0161o cilindru metin\u0101t\u0101 konstrukcija \u013cauj tiem darboties augst\u0101 spiedien\u0101 un temperat\u016br\u0101 bez nopl\u016bd\u0113m, padarot tos piem\u0113rotus lieto\u0161anai skarbos \u0101ra apst\u0101k\u013cos.<\/li>\n<\/ol>\n<p><img loading=\"lazy\" decoding=\"async\" class=\"size-full wp-image-974 aligncenter\" src=\"https:\/\/fmp-components.com\/wp-content\/uploads\/2024\/12\/application-of-Welded-Tee-Type-Cylinder.webp\" alt=\"Metin\u0101t\u0101 T veida cilindra pielietojums\" width=\"760\" height=\"860\" title=\"\" srcset=\"https:\/\/fmp-components.com\/wp-content\/uploads\/2024\/12\/application-of-Welded-Tee-Type-Cylinder.webp 760w, https:\/\/fmp-components.com\/wp-content\/uploads\/2024\/12\/application-of-Welded-Tee-Type-Cylinder-480x543.webp 480w\" sizes=\"(min-width: 0px) and (max-width: 480px) 480px, (min-width: 481px) 760px, 100vw\" \/><\/p>\n<h3>Par FMP<\/h3>\n<p>FMP ir atz\u012bts hidraulisko cilindru ra\u017eot\u0101js ar vair\u0101k nek\u0101 30 gadu pieredzi nozar\u0113, kas atrodas It\u0101lij\u0101. M\u0113s specializ\u0113jamies pla\u0161a hidraulisko cilindru kl\u0101sta ra\u017eo\u0161an\u0101 un pied\u0101v\u0101jam ar\u012b piel\u0101go\u0161anas iesp\u0113jas, lai apmierin\u0101tu m\u016bsu klientu \u012bpa\u0161\u0101s vajadz\u012bbas.<\/p>\n<p>\u0160eit ir pieci iemesli, k\u0101p\u0113c jums vajadz\u0113tu izv\u0113l\u0113ties FMP hidraulisko cilindru vajadz\u012bb\u0101m:<\/p>\n<p>1. Vismodern\u0101kais apr\u012bkojums<\/p>\n<p>Mums ir vair\u0101k nek\u0101 100 modernu iek\u0101rtu vien\u012bbu, tostarp autom\u0101tisk\u0101s g\u0101zes ekran\u0113t\u0101s metin\u0101\u0161anas iek\u0101rtas, dzi\u013curbumu urb\u0161anas iek\u0101rtas, CNC virpas, cilindrisk\u0101s sl\u012bpma\u0161\u012bnas, autom\u0101tisk\u0101s t\u012br\u012b\u0161anas iek\u0101rtas, autom\u0101tisk\u0101s uzst\u0101d\u012b\u0161anas iek\u0101rtas, autom\u0101tiskie hidraulisko cilindru veiktsp\u0113jas p\u0101rbaudes stendi, autom\u0101tisk\u0101s kr\u0101so\u0161anas l\u012bnijas un citas. Ar m\u016bsu modernaj\u0101m iek\u0101rt\u0101m m\u0113s varam garant\u0113t m\u016bsu hidraulisko cilindru kvalit\u0101ti un precizit\u0101ti.<\/p>\n<p>2. Stingra kvalit\u0101tes kontrole<\/p>\n<p>Visi m\u016bsu hidrauliskie cilindri tiek pak\u013cauti stingrai apstr\u0101dei un p\u0101rbaudei, lai nodro\u0161in\u0101tu to atbilst\u012bbu m\u016bsu augstajiem kvalit\u0101tes standartiem. M\u0113s cen\u0161amies nodro\u0161in\u0101t saviem klientiem vislab\u0101kos iesp\u0113jamos produktus.<\/p>\n<p>3. Dizaina pakalpojumi<\/p>\n<p>M\u016bsu pieredz\u0113ju\u0161\u0101 dizaina komanda var pal\u012bdz\u0113t jums izstr\u0101d\u0101t jaunus produktus vai uzlabot eso\u0161os. M\u0113s varam sniegt jums ekspertu padomus un atbalstu vis\u0101 dizaina proces\u0101.<\/p>\n<p>4. Piln\u012bgs produkta serviss<\/p>\n<p>M\u0113s pied\u0101v\u0101jam pilnu pakalpojumu kl\u0101stu, s\u0101kot no izejvielu izv\u0113les l\u012bdz transport\u0113\u0161anai. M\u016bsu process ietver grie\u0161anu, rupju apstr\u0101di, test\u0113\u0161anu, t\u012br\u012b\u0161anu, mont\u0101\u017eu, iepako\u0161anu un citus procesus. M\u0113s nodro\u0161in\u0101m saviem klientiem visaptvero\u0161us pakalpojumus, lai nodro\u0161in\u0101tu vi\u0146u apmierin\u0101t\u012bbu ar hidrauliskajiem cilindriem.<\/p>\n<p>5. P\u0113tniec\u012bba un att\u012bst\u012bba<\/p>\n<p>M\u0113s past\u0101v\u012bgi p\u0113t\u0101m jaun\u0101k\u0101s tirgus tendences un izstr\u0101d\u0101jam jaunus hidraulisko cilindru mode\u013cus, lai apmierin\u0101tu m\u016bsu klientu vajadz\u012bbas. M\u0113s esam ap\u0146\u0113mu\u0161ies saglab\u0101t vado\u0161o poz\u012bciju nozar\u0113 un nodro\u0161in\u0101t m\u016bsu klientiem inovat\u012bvus risin\u0101jumus.<\/p>\n<p><img decoding=\"async\" src=\"https:\/\/fmp-components.com\/wp-content\/uploads\/2024\/12\/fmp-factory-4.webp\" alt=\"FMP r\u016bpn\u012bca\" width=\"800\" title=\"\"><br \/>\nAutors: CX<\/p>","protected":false},"excerpt":{"rendered":"<p>The 10002 Professional Craftsmanship Small Double Acting Stainless Steel Hydraulic Cylinder is engineered for optimal performance in tractor applications. Combining innovative design with high-quality materials, this hydraulic cylinder is an essential tool for enhancing the efficiency and effectiveness of your agricultural operations. Key Features: Double Acting Design: This hydraulic cylinder operates in both extension and [&hellip;]<\/p>","protected":false},"featured_media":1133,"comment_status":"closed","ping_status":"closed","template":"","meta":{"_et_pb_use_builder":"","_et_pb_old_content":"","_et_gb_content_width":""},"product_brand":[],"product_cat":[31],"product_tag":[34,35],"class_list":{"0":"post-921","1":"product","2":"type-product","3":"status-publish","4":"has-post-thumbnail","6":"product_cat-welded-tee-type-cylinder","7":"product_tag-hydraulic-cylinder","8":"product_tag-welded-tee-type-cylinder","10":"first","11":"instock","12":"product-type-simple"},"_links":{"self":[{"href":"https:\/\/fmp-components.com\/lv\/wp-json\/wp\/v2\/product\/921","targetHints":{"allow":["GET"]}}],"collection":[{"href":"https:\/\/fmp-components.com\/lv\/wp-json\/wp\/v2\/product"}],"about":[{"href":"https:\/\/fmp-components.com\/lv\/wp-json\/wp\/v2\/types\/product"}],"replies":[{"embeddable":true,"href":"https:\/\/fmp-components.com\/lv\/wp-json\/wp\/v2\/comments?post=921"}],"wp:featuredmedia":[{"embeddable":true,"href":"https:\/\/fmp-components.com\/lv\/wp-json\/wp\/v2\/media\/1133"}],"wp:attachment":[{"href":"https:\/\/fmp-components.com\/lv\/wp-json\/wp\/v2\/media?parent=921"}],"wp:term":[{"taxonomy":"product_brand","embeddable":true,"href":"https:\/\/fmp-components.com\/lv\/wp-json\/wp\/v2\/product_brand?post=921"},{"taxonomy":"product_cat","embeddable":true,"href":"https:\/\/fmp-components.com\/lv\/wp-json\/wp\/v2\/product_cat?post=921"},{"taxonomy":"product_tag","embeddable":true,"href":"https:\/\/fmp-components.com\/lv\/wp-json\/wp\/v2\/product_tag?post=921"}],"curies":[{"name":"wp","href":"https:\/\/api.w.org\/{rel}","templated":true}]}}