{"id":919,"date":"2024-12-19T03:39:00","date_gmt":"2024-12-19T03:39:00","guid":{"rendered":"https:\/\/fmp-components.com\/product\/10001-selected-products-double-acting-hydraulic-cylinder-with-end-plug-hole-for-agricultural-machinery-american-standard-black-serious\/"},"modified":"2024-12-26T09:00:43","modified_gmt":"2024-12-26T09:00:43","slug":"10001-selected-products-double-acting-hydraulic-cylinder-with-end-plug-hole-for-agricultural-machinery-american-standard-black-serious","status":"publish","type":"product","link":"https:\/\/fmp-components.com\/lv\/product\/10001-selected-products-double-acting-hydraulic-cylinder-with-end-plug-hole-for-agricultural-machinery-american-standard-black-serious\/","title":{"rendered":"10001 Izv\u0113l\u0113tie produkti Divk\u0101r\u0161as darb\u012bbas hidrauliskais cilindrs ar gala aizb\u0101\u017e\u0146a atveri lauksaimniec\u012bbas tehnikai Amerik\u0101\u0146u standarts MELNS Serious"},"content":{"rendered":"<div class=\"ChatMessage_chatMessage__xkgHx\" data-complete=\"true\">\n<div class=\"ChatMessage_messageRow__DHlnq\">\n<div class=\"ChatMessage_messageWrapper__4Ugd6\">\n<div class=\"Message_rowWithFooter__FShU6\">\n<div class=\"Message_row__ug_UU\">\n<div class=\"Message_messageBubbleWrapper__sEq8z\">\n<div class=\"Message_leftSideMessageBubble__VPdk6\">\n<div class=\"Message_messageTextContainer__w64Sc\">\n<div>\n<div class=\"Markdown_markdownContainer__Tz3HQ\">\n<p>10001 Selected Products divk\u0101r\u0161\u0101s darb\u012bbas hidrauliskais cilindrs ir izstr\u0101d\u0101ts lauksaimniec\u012bbas tehnikai, nodro\u0161inot uzticamu veiktsp\u0113ju un iztur\u012bbu. \u0160is hidrauliskais cilindrs, kas izstr\u0101d\u0101ts atbilsto\u0161i Amerikas standartiem, ir apr\u012bkots ar gala aizb\u0101\u017e\u0146a caurumu, lai uzlabotu daudzpus\u012bbu da\u017e\u0101dos pielietojumos.<\/p>\n<h4>Galven\u0101s iez\u012bmes:<\/h4>\n<ul>\n<li><strong>Divk\u0101r\u0161as darb\u012bbas meh\u0101nisms:<\/strong><br \/>\n\u0160is hidrauliskais cilindrs darbojas gan izstiep\u0161anas, gan ievilk\u0161anas re\u017e\u012bm\u0101, nodro\u0161inot efekt\u012bvu un kontrol\u0113tu kust\u012bbu. Divk\u0101r\u0161\u0101s darb\u012bbas konstrukcija uzlabo t\u0101 funkcionalit\u0101ti pla\u0161am lauksaimniec\u012bbas darbu kl\u0101stam, s\u0101kot no instrumentu cel\u0161anas l\u012bdz stum\u0161anai un vilk\u0161anai.<\/li>\n<li><strong>Gala aizb\u0101\u017e\u0146a cauruma dizains:<\/strong><br \/>\nGala aizb\u0101\u017e\u0146a cauruma iek\u013cau\u0161ana nodro\u0161ina \u0113rtu piestiprin\u0101\u0161anu un piel\u0101go\u0161anu, padarot to piem\u0113rotu da\u017e\u0101d\u0101m lauksaimniec\u012bbas tehnikas iestat\u012bjumiem. \u0160\u012b funkcija uzlabo cilindra piel\u0101gojam\u012bbu, nodro\u0161inot, ka tas var atbilst \u012bpa\u0161\u0101m ekspluat\u0101cijas vajadz\u012bb\u0101m.<\/li>\n<li><strong>Augstas kvalit\u0101tes konstrukcija:<\/strong><br \/>\n10001 hidrauliskais cilindrs ir izgatavots no augst\u0101k\u0101s kvalit\u0101tes materi\u0101liem, lai iztur\u0113tu lauksaimniec\u012bbas vides sare\u017e\u0123\u012btos apst\u0101k\u013cus. T\u0101 iztur\u012bg\u0101 konstrukcija nodro\u0161ina ilgsto\u0161u veiktsp\u0113ju un uzticam\u012bbu pat pie liel\u0101m slodz\u0113m.<\/li>\n<li><strong>Atbilst\u012bba Amerikas standartiem:<\/strong><br \/>\n\u0160is hidrauliskais cilindrs, kas izstr\u0101d\u0101ts atbilsto\u0161i Amerikas nozares standartiem, garant\u0113 sader\u012bbu un dro\u0161\u012bbu lauksaimniec\u012bbas lietojumprogramm\u0101s. Lauksaimnieki var uztic\u0113ties t\u0101 kvalit\u0101tei un veiktsp\u0113jai sav\u0101s darb\u012bb\u0101s.<\/li>\n<li><strong>Daudzpus\u012bgi pielietojumi:<\/strong><br \/>\n10001 hidrauliskais cilindrs ir ide\u0101li piem\u0113rots da\u017e\u0101d\u0101m lauksaimniec\u012bbas ma\u0161\u012bn\u0101m, tostarp traktoriem, kombainiem un iekr\u0101v\u0113jiem. T\u0101 daudzpus\u012bba padara to par v\u0113rt\u012bgu papildin\u0101jumu jebkurai lauksaimniec\u012bbas darb\u012bbai.<\/li>\n<\/ul>\n<h4>Tehnisk\u0101s specifik\u0101cijas:<\/h4>\n<table style=\"width: 97.8316%; height: 216px;\">\n<thead>\n<tr>\n<th>Specifik\u0101cija<\/th>\n<th>Apraksts<\/th>\n<\/tr>\n<\/thead>\n<tbody>\n<tr>\n<td><strong>Kravnes\u012bba<\/strong><\/td>\n<td>Piel\u0101gojams<\/td>\n<\/tr>\n<tr>\n<td><strong>Urbuma izm\u0113rs<\/strong><\/td>\n<td>Pieejamas da\u017e\u0101das iesp\u0113jas<\/td>\n<\/tr>\n<tr>\n<td><strong>g\u0101jiena garums<\/strong><\/td>\n<td>Piel\u0101gojams<\/td>\n<\/tr>\n<tr>\n<td><strong>Maksim\u0101lais spiediens<\/strong><\/td>\n<td>L\u012bdz 3000 PSI<\/td>\n<\/tr>\n<tr>\n<td><strong>Materi\u0101ls<\/strong><\/td>\n<td>Augstas kvalit\u0101tes t\u0113rauds<\/td>\n<\/tr>\n<tr>\n<td><strong>Savienojuma veids<\/strong><\/td>\n<td>Atloka vai v\u012bt\u0146ota<\/td>\n<\/tr>\n<\/tbody>\n<\/table>\n<h4>Darb\u012bbas princips:<\/h4>\n<p>10001 divk\u0101r\u0161\u0101s darb\u012bbas hidrauliskais cilindrs darbojas, pamatojoties uz hidraulisk\u0101 \u0161\u0137idruma spiedienu. Kad hidrauliskais \u0161\u0137idrums tiek ies\u016bkn\u0113ts cilindr\u0101, tas iedarbojas uz virzuli, radot line\u0101ru kust\u012bbu abos virzienos. \u0160is efekt\u012bvais meh\u0101nisms \u013cauj prec\u012bzi kontrol\u0113t lauksaimniec\u012bbas darbus, uzlabojot efektivit\u0101ti un produktivit\u0101ti.<\/p>\n<p>Rezum\u0113jot, 10001 Selected Products divk\u0101r\u0161\u0101s darb\u012bbas hidrauliskais cilindrs ar gala aizb\u0101\u017e\u0146a atveri ir uzticams un daudzpus\u012bgs risin\u0101jums lauksaimniec\u012bbas tehnikai. T\u0101 iztur\u012bg\u0101 konstrukcija, atbilst\u012bba Amerikas standartiem un piel\u0101gojam\u012bba padara to par b\u016btisku instrumentu lauksaimniekiem, kuri v\u0113las uzlabot savu darb\u012bbas efektivit\u0101ti.<\/p>\n<\/div>\n<\/div>\n<\/div>\n<\/div>\n<\/div>\n<\/div>\n<\/div>\n<\/div>\n<\/div>\n<\/div>\n<p><img decoding=\"async\" src=\"https:\/\/hzpt.com\/wp-content\/uploads\/2023\/12\/random-2.webp\" alt=\"\" title=\"\"><\/p>\n<h2>Produkta ievads<\/h2>\n<p>Divk\u0101r\u0161\u0101s darb\u012bbas hidrauliskais cilindrs ar gala aizb\u0101\u017e\u0146a atveri ir daudzpus\u012bgs un uzticams hidrauliskais cilindrs, kas ir izstr\u0101d\u0101ts, lai apmierin\u0101tu t\u0101du nozaru k\u0101 lauksaimniec\u012bba, ieguves r\u016bpniec\u012bba un b\u016bvniec\u012bba pras\u012bbas. \u0160im produktam ir ilga pier\u0101d\u012btas veiktsp\u0113jas un iztur\u012bbas v\u0113sture, un tas ir pieejams da\u017e\u0101dos veidos un izm\u0113ros, lai atbilstu da\u017e\u0101diem specifiskiem pielietojumiem.<\/p>\n<p>\u0160\u012b hidraulisk\u0101 cilindra uzst\u0101d\u012b\u0161ana un apkope ir vienk\u0101r\u0161a, padarot to par iecien\u012btu izv\u0113li uz\u0146\u0113mumiem, kas mekl\u0113 \u0113rtu produktu, kas nodro\u0161ina izcilus rezult\u0101tus. Neatkar\u012bgi no t\u0101, vai esat lauksaimnieks, celtnieks vai kalnra\u010ds, divk\u0101r\u0161\u0101s darb\u012bbas hidrauliskais cilindrs ar gala aizb\u0101\u017e\u0146a atveri ir b\u016btisks instruments, kas var pal\u012bdz\u0113t jums darbu paveikt \u0101tri, efekt\u012bvi un dro\u0161i.<\/p>\n<h2>Produktu izv\u0113le un reklam\u0113\u0161ana<\/h2>\n<p>Pareizas hidraulisk\u0101s e\u013c\u013cas un bl\u012bv\u0113juma izv\u0113le ir \u013coti svar\u012bga divk\u0101r\u0161as darb\u012bbas hidraulisk\u0101 cilindra efekt\u012bvai darb\u012bbai. Ir svar\u012bgi regul\u0101ri nomain\u012bt hidraulisko e\u013c\u013cu un izm\u0113r\u012bt hidraulisko cilindru, lai nodro\u0161in\u0101tu optim\u0101lu veiktsp\u0113ju. FMP m\u0113s sniedzam vadl\u012bnijas par to, k\u0101 izv\u0113l\u0113ties pareizo hidraulisko e\u013c\u013cu un bl\u012bv\u0113jumu, k\u0101 ar\u012b to, k\u0101 nomain\u012bt un izm\u0113r\u012bt hidraulisko cilindru.<\/p>\n<p>FMP ir vado\u0161ais v\u0101rds mobilo ma\u0161\u012bnu hidraulisko cilindru tirg\u016b It\u0101lij\u0101. M\u0113s pied\u0101v\u0101jam pla\u0161u produktu kl\u0101stu, tostarp hidrauliskos sl\u012bpuma cilindrus, hidrauliskos st\u016bres cilindrus un hidrauliskos pacel\u0161anas cilindrus, kas visi ir izstr\u0101d\u0101ti, lai nodro\u0161in\u0101tu izcilu veiktsp\u0113ju un iztur\u012bbu. M\u016bsu projekt\u0113t\u0101 jauda 200\u00a0000 komplektu apm\u0113r\u0101 un 300 da\u017e\u0101du piln\u012bb\u0101 autom\u0101tisku CNC ra\u017eo\u0161anas iek\u0101rtu un piln\u012bb\u0101 autom\u0101tisku hidraulisko cilindru mont\u0101\u017eas iek\u0101rtu komplekti nodro\u0161ina, ka m\u0113s varam apmierin\u0101t visu lielumu uz\u0146\u0113mumu vajadz\u012bbas.<\/p>\n<p>Neatkar\u012bgi no t\u0101, vai jums ir nepiecie\u0161ams divk\u0101r\u0161as darb\u012bbas hidrauliskais cilindrs lauksaimniec\u012bbas, b\u016bvniec\u012bbas vai kalnr\u016bpniec\u012bbas vajadz\u012bb\u0101m, FMP pied\u0101v\u0101 jums nepiecie\u0161amo produktu par konkur\u0113tsp\u0113j\u012bg\u0101m cen\u0101m. M\u0113s pied\u0101v\u0101jam ar\u012b lielisku servisu, lai nodro\u0161in\u0101tu, ka m\u016bsu klienti ir piln\u012bb\u0101 apmierin\u0101ti ar saviem pirkumiem.<\/p>\n<p>Turkl\u0101t FMP pieg\u0101d\u0101 virkni citu hidraulisko cilindru, tostarp pac\u0113l\u0101ju darba platformu cilindrus, r\u016bpniecisko transportl\u012bdzek\u013cu hidrauliskos cilindrus, rot\u0101cijas urb\u0161anas platformu cilindrus, autocelt\u0146u cilindrus, celtniec\u012bbas tehnikas hidrauliskos cilindrus, iekr\u0101v\u0113ju hidrauliskos cilindrus, raktuvju pa\u0161izg\u0101z\u0113ju cilindrus, sanit\u0101ro iek\u0101rtu hidrauliskos cilindrus un citus. M\u0113s pied\u0101v\u0101jam ar\u012b piel\u0101go\u0161anas pakalpojumus klientiem ar \u012bpa\u0161\u0101m pras\u012bb\u0101m.<\/p>\n<p><img decoding=\"async\" src=\"https:\/\/hzpt.com\/wp-content\/uploads\/2023\/12\/random-6.webp\" alt=\"FMP r\u016bpn\u012bca\" title=\"\"><\/p>\n<h2>Bie\u017ei uzdotie jaut\u0101jumi<\/h2>\n<p>J: Kam paredz\u0113ts divk\u0101r\u0161as darb\u012bbas hidrauliskais cilindrs ar gala aizb\u0101\u017e\u0146a caurumu?<\/p>\n<p>A: Divk\u0101r\u0161as darb\u012bbas hidrauliskais cilindrs tiek izmantots da\u017e\u0101dos pielietojumos, piem\u0113ram, lauksaimniec\u012bb\u0101, b\u016bvniec\u012bb\u0101, ieguves r\u016bpniec\u012bb\u0101 un citur. \u0160ie cilindri ir b\u016btiskas smago ma\u0161\u012bnu sast\u0101vda\u013cas, kas nodro\u0161ina nepiecie\u0161amo sp\u0113ku lielu kravu pacel\u0161anai, stum\u0161anai un vilk\u0161anai.<\/p>\n<p>J: K\u0101 darbojas hidraulisk\u0101 sist\u0113ma?<\/p>\n<p>A: Hidraulisk\u0101 sist\u0113ma darbojas, izmantojot spiediena \u0161\u0137idrumu, lai iedarbin\u0101tu sp\u0113ku uz virzuli. P\u0113c tam virzulis p\u0101rvieto slodzi, nodro\u0161inot smago ma\u0161\u012bnu vieglu un efekt\u012bvu p\u0101rvieto\u0161anos. Hidraulisk\u0101 sist\u0113ma darbojas p\u0113c Pask\u0101la likuma principa, kas nosaka, ka spiediens, kas tiek pielikts sl\u0113gtam \u0161\u0137idrumam, vienm\u0113r\u012bgi tiek p\u0101rnests pa visu \u0161\u0137idrumu visos virzienos.<\/p>\n<p>J: K\u0101das ir divk\u0101r\u0161as darb\u012bbas hidraulisk\u0101 cilindra priek\u0161roc\u012bbas?<\/p>\n<p>A: Divk\u0101r\u0161\u0101s darb\u012bbas hidrauliskais cilindrs ir energoefekt\u012bvs, \u013coti efekt\u012bvs un dro\u0161s lieto\u0161an\u0101. Tas nodro\u0161ina izcilu veiktsp\u0113ju un iztur\u012bbu, padarot to par b\u016btisku instrumentu smago ma\u0161\u012bnu vienm\u0113r\u012bgai darb\u012bbai.<\/p>\n<h2>Metin\u0101t\u0101 T veida cilindra priek\u0161roc\u012bbas<\/h2>\n<ul>\n<li style=\"list-style-type: none;\">\n<ul>\n<li><strong>Palielin\u0101ts sp\u0113ks:<\/strong> Metin\u0101tie T veida cilindri ir paz\u012bstami ar savu augsto iztur\u012bbu, padarot tos piem\u0113rotus lietojumiem, kuros nepiecie\u0161ama smagu kravu cel\u0161ana. \u0160o cilindru ra\u017eo\u0161anas laik\u0101 izmantotais metin\u0101\u0161anas process nodro\u0161ina, ka cilindram nav v\u0101ju punktu un tas var iztur\u0113t augstu spiedienu un spriegumu.<\/li>\n<\/ul>\n<\/li>\n<\/ul>\n<p>Kad uz cilindru tiek iedarbin\u0101ts spiediens, tas vienm\u0113r\u012bgi sadal\u0101s pa visu virsmu, padarot to iztur\u012bgu pret deform\u0101ciju. \u0160\u012b \u012bpa\u0161\u012bba nodro\u0161ina, ka cilindrs saglab\u0101 savu formu un struktur\u0101lo integrit\u0101ti pat ekstrem\u0101los apst\u0101k\u013cos.<\/p>\n<ul>\n<li style=\"list-style-type: none;\">\n<ul>\n<li><strong>Nopl\u016b\u017eu nov\u0113r\u0161ana:<\/strong> Metin\u0101tie T veida cilindri ir izstr\u0101d\u0101ti, lai nov\u0113rstu nopl\u016bdes. Ra\u017eo\u0161anas proces\u0101 izmantotais metin\u0101\u0161anas process nodro\u0161ina, ka cilindrs ir piln\u012bb\u0101 nosl\u0113gts un bez jebk\u0101d\u0101m iesp\u0113jam\u0101m nopl\u016bd\u0113m. \u0160\u012b \u012bpa\u0161\u012bba padara tos piem\u0113rotus lieto\u0161anai lietojumos, kur nopl\u016bde var\u0113tu izrais\u012bt nopietnus boj\u0101jumus vai traumas.<\/li>\n<\/ul>\n<\/li>\n<\/ul>\n<p>Metin\u0101tie savienojumi ir gludi, bez plais\u0101m vai riev\u0101m, kur var\u0113tu uzkr\u0101ties gru\u017ei vai net\u012brumi, t\u0101d\u0113j\u0101di samazinot korozijas un cilindra boj\u0101jumu risku.<\/p>\n<ul>\n<li style=\"list-style-type: none;\">\n<ul>\n<li><strong>Piel\u0101gojams:<\/strong> Metin\u0101tos T veida cilindrus var piel\u0101got konkr\u0113tiem pielietojumiem. Cilindri ir pieejami da\u017e\u0101dos izm\u0113ros un form\u0101s, un tos var izgatavot atbilsto\u0161i konkr\u0113t\u0101 pielietojuma pras\u012bb\u0101m.<\/li>\n<\/ul>\n<\/li>\n<\/ul>\n<p>Piel\u0101go\u0161anas process \u013cauj optimiz\u0113t cilindra veiktsp\u0113ju, nodro\u0161inot, ka tas ir piem\u0113rots paredz\u0113tajam pielietojumam. \u0160\u012b \u012bpa\u0161\u012bba padara metin\u0101tus T veida cilindrus ide\u0101li piem\u0113rotus izmanto\u0161anai da\u017e\u0101dos r\u016bpnieciskos pielietojumos, tostarp b\u016bvniec\u012bb\u0101, ieguves r\u016bpniec\u012bb\u0101 un materi\u0101lu apstr\u0101d\u0113.<\/p>\n<ul>\n<li style=\"list-style-type: none;\">\n<ul>\n<li><strong>Izmaksu zi\u0146\u0101 efekt\u012bvs:<\/strong> Metin\u0101tie T veida cilindri ir izmaksu zi\u0146\u0101 efekt\u012bv\u0101ki sal\u012bdzin\u0101jum\u0101 ar cita veida cilindriem. \u0160o cilindru ra\u017eo\u0161anas process ir vienk\u0101r\u0161s, t\u0101p\u0113c tie ir l\u0113t\u0101ki nek\u0101 cita veida cilindri.<\/li>\n<\/ul>\n<\/li>\n<\/ul>\n<p>Turkl\u0101t metin\u0101to T veida cilindru augst\u0101 iztur\u012bba un ilgm\u016b\u017e\u012bba samazina nepiecie\u0161am\u012bbu p\u0113c bie\u017ea remonta un nomai\u0146as, t\u0101d\u0113j\u0101di ietaupot apkopes izmaksas. \u0160\u012b \u012bpa\u0161\u012bba padara tos par popul\u0101ru izv\u0113li daudz\u0101s nozar\u0113s, \u012bpa\u0161i taj\u0101s, kur\u0101m ir ierobe\u017eots bud\u017eets.<\/p>\n<ul>\n<li style=\"list-style-type: none;\">\n<ul>\n<li><strong>Paaugstin\u0101ta efektivit\u0101te:<\/strong> Metin\u0101tie T veida cilindri ir \u013coti efekt\u012bvi un lietder\u012bgi. Cilindra konstrukcija nodro\u0161ina, ka pieliktais sp\u0113ks tiek tie\u0161i p\u0101rnests uz slodzi, samazinot ener\u0123ijas zudumus un palielinot efektivit\u0101ti.<\/li>\n<\/ul>\n<\/li>\n<\/ul>\n<p>Metin\u0101tie savienojumi ir iztur\u012bgi un stingri, samazinot novirzi un nodro\u0161inot, ka cilindrs saglab\u0101 savu formu un struktur\u0101lo integrit\u0101ti pat ekstrem\u0101los apst\u0101k\u013cos. \u0160\u012b \u012bpa\u0161\u012bba padara metin\u0101tos T veida cilindrus ide\u0101li piem\u0113rotus lieto\u0161anai lietojumos, kuriem nepiecie\u0161ama augsta efektivit\u0101te un uzticam\u012bba.<\/p>\n<p><img loading=\"lazy\" decoding=\"async\" class=\"size-full wp-image-977 aligncenter\" src=\"https:\/\/fmp-components.com\/wp-content\/uploads\/2024\/12\/Welded-Tee-Type-Cylinder3.webp\" alt=\"Metin\u0101ts T veida cilindrs\" width=\"653\" height=\"600\" title=\"\" srcset=\"https:\/\/fmp-components.com\/wp-content\/uploads\/2024\/12\/Welded-Tee-Type-Cylinder3.webp 653w, https:\/\/fmp-components.com\/wp-content\/uploads\/2024\/12\/Welded-Tee-Type-Cylinder3-480x441.webp 480w\" sizes=\"(min-width: 0px) and (max-width: 480px) 480px, (min-width: 481px) 653px, 100vw\" \/><\/p>\n<h2>Metin\u0101t\u0101 T veida cilindra pielietojums<\/h2>\n<ol>\n<li>\n<h3>Automobi\u013cu r\u016bpniec\u012bba<\/h3>\n<p>Metin\u0101tie T veida cilindri tiek pla\u0161i izmantoti autob\u016bves nozar\u0113. Tos izmanto automa\u0161\u012bnu durv\u012bs, motora p\u0101rsegu un bag\u0101\u017enieka pac\u0113l\u0101jos, kabrioletu jumtos un st\u016bres pastiprin\u0101t\u0101ja sist\u0113m\u0101s. \u0160ie cilindri ir iecien\u012bti, jo tie sp\u0113j nodro\u0161in\u0101t lielu sp\u0113ka izvadi ar nelielu vietas nepiecie\u0161am\u012bbu. T veida cilindra konstrukcija ir labi piem\u0113rota lietojumiem, kur sp\u0113ks ir j\u0101p\u0101rnes divos da\u017e\u0101dos virzienos.<\/p>\n<p>Turkl\u0101t \u0161o cilindru metin\u0101t\u0101 konstrukcija \u013cauj tiem darboties augst\u0101 temperat\u016br\u0101 un spiedien\u0101 bez nopl\u016bd\u0113m. Tas padara tos piem\u0113rotus izmanto\u0161anai dzin\u0113jos, transmisij\u0101s un brem\u017eu sist\u0113m\u0101s.<\/li>\n<li>\n<h3>Ra\u017eo\u0161anas nozare<\/h3>\n<p>Metin\u0101tie T veida cilindri tiek izmantoti ar\u012b ra\u017eo\u0161anas nozar\u0113. Tos izmanto hidrauliskaj\u0101s pres\u0113s, kal\u0161anas ma\u0161\u012bn\u0101s un met\u0101la grie\u0161anas ma\u0161\u012bn\u0101s. \u0160o cilindru liel\u0101 jauda padara tos ide\u0101li piem\u0113rotus lietojumiem, kur neliel\u0101 telp\u0101 nepiecie\u0161ams liels sp\u0113ks.<\/p>\n<p>T veida cilindra konstrukcija ir labi piem\u0113rota ar\u012b lietojumiem, kuros sp\u0113ks j\u0101p\u0101rnes divos da\u017e\u0101dos virzienos. Piem\u0113ram, hidrauliskaj\u0101 pres\u0113 T veida cilindru var izmantot, lai pieliktu sp\u0113ku gan vertik\u0101li, gan horizont\u0101li, kas \u013cauj veikt sare\u017e\u0123\u012bt\u0101kus ra\u017eo\u0161anas procesus.<\/li>\n<li>\n<h3>Avi\u0101cijas un kosmosa r\u016bpniec\u012bba<\/h3>\n<p>Metin\u0101tie T veida cilindri tiek izmantoti avi\u0101cijas un kosmosa r\u016bpniec\u012bb\u0101 da\u017e\u0101diem m\u0113r\u0137iem. Tos izmanto \u0161asijas sist\u0113m\u0101s, kravas nodal\u012bjuma durv\u012bs un lidojumu vad\u012bbas sist\u0113m\u0101s. \u0160o cilindru augst\u0101 jauda un kompaktais dizains padara tos ide\u0101li piem\u0113rotus lieto\u0161anai ierobe\u017eot\u0101 telp\u0101 lidma\u0161\u012bn\u0101.<\/p>\n<p>\u0160o cilindru metin\u0101t\u0101 konstrukcija padara tos iztur\u012bgus pret augstu spiedienu un temperat\u016bru lidojuma laik\u0101. Turkl\u0101t T veida cilindra konstrukcija \u013cauj sp\u0113ku p\u0101rnest divos da\u017e\u0101dos virzienos, padarot to labi piem\u0113rotu lietojumiem, kur sp\u0113ks j\u0101pieliek le\u0146\u0137\u012b.<\/li>\n<li>\n<h3>B\u016bvniec\u012bbas nozare<\/h3>\n<p>Metin\u0101tie T veida cilindri tiek izmantoti b\u016bvniec\u012bbas nozar\u0113 smagu kravu cel\u0161anai un p\u0101rvieto\u0161anai. Tos izmanto celt\u0146os, ekskavatoros un ekskavatoros. \u0160o cilindru augst\u0101 jauda un kompaktais dizains padara tos ide\u0101li piem\u0113rotus lieto\u0161anai ierobe\u017eot\u0101 telp\u0101 b\u016bvlaukum\u0101.<\/p>\n<p>T veida cilindra konstrukcija \u013cauj sp\u0113ku p\u0101rnest divos da\u017e\u0101dos virzienos, padarot to labi piem\u0113rotu lietojumiem, kuros sp\u0113ks j\u0101pieliek le\u0146\u0137\u012b. Turkl\u0101t \u0161o cilindru metin\u0101t\u0101 konstrukcija \u013cauj tiem darboties augst\u0101 spiedien\u0101 un temperat\u016br\u0101 bez nopl\u016bd\u0113m, padarot tos piem\u0113rotus lieto\u0161anai skarbos \u0101ra apst\u0101k\u013cos.<\/li>\n<\/ol>\n<h3>Par FMP<\/h3>\n<p>FMP ir pieredz\u0113jis uz\u0146\u0113mums ar vair\u0101k nek\u0101 30 gadu pieredzi da\u017e\u0101du veidu hidraulisko cilindru ra\u017eo\u0161an\u0101 un p\u0101rdo\u0161an\u0101. M\u016bsu r\u016bpniec\u012bbas zona atrodas It\u0101lij\u0101, un m\u0113s lepojamies ar savu modern\u0101ko ra\u017eotni, kas apr\u012bkota ar vair\u0101k nek\u0101 100 modern\u0101m iek\u0101rt\u0101m, tostarp autom\u0101tisk\u0101m g\u0101zes ekran\u0113t\u0101m metin\u0101\u0161anas iek\u0101rt\u0101m, dzi\u013curbumu urb\u0161anas iek\u0101rt\u0101m, CNC virp\u0101m, cilindrisk\u0101m sl\u012bpma\u0161\u012bn\u0101m, autom\u0101tisk\u0101m t\u012br\u012b\u0161anas iek\u0101rt\u0101m, autom\u0101tisk\u0101m uzst\u0101d\u012b\u0161anas iek\u0101rt\u0101m, autom\u0101tiskiem hidraulisko cilindru veiktsp\u0113jas p\u0101rbaudes stendiem un autom\u0101tisk\u0101m kr\u0101so\u0161anas l\u012bnij\u0101m.<\/p>\n<p><img decoding=\"async\" src=\"https:\/\/fmp-components.com\/wp-content\/uploads\/2024\/12\/fmp-factory-4.webp\" alt=\"FMP r\u016bpn\u012bca\" width=\"800\" title=\"\"><\/p>\n<p>FMP m\u0113s pie\u0161\u0137iram priorit\u0101ti savu produktu kvalit\u0101tei un uzticam\u012bbai. Katrs hidrauliskais cilindrs tiek stingri apstr\u0101d\u0101ts un p\u0101rbaud\u012bts, lai nodro\u0161in\u0101tu m\u016bsu klientiem visaugst\u0101ko kvalit\u0101ti.<\/p>\n<p>\u0160eit ir m\u016bsu uz\u0146\u0113muma un produktu galven\u0101s priek\u0161roc\u012bbas un iez\u012bmes:<\/p>\n<ol>\n<li>Dizaina pakalpojums: M\u016bsu pieredz\u0113jus\u012b dizaina komanda specializ\u0113jas kard\u0101nv\u0101rpstu produktu projekt\u0113\u0161an\u0101 un izstr\u0101d\u0113. Neatkar\u012bgi no t\u0101, vai jums ir \u012bpa\u0161as pras\u012bbas attiec\u012bb\u0101 uz jauniem produktiem vai v\u0113laties veikt turpm\u0101kus uzlabojumus, m\u0113s esam \u0161eit, lai j\u016bs atbalst\u012btu.<\/li>\n<li>Produktu apkalpo\u0161ana: M\u016bsu visaptvero\u0161ais produktu apkalpo\u0161anas serviss ietver racionaliz\u0113tu procesu no izejviel\u0101m l\u012bdz transport\u0113\u0161anai. M\u0113s nodarbojamies ar visu, s\u0101kot no grie\u0161anas un rupjas apstr\u0101des l\u012bdz test\u0113\u0161anai, t\u012br\u012b\u0161anai, mont\u0101\u017eai, iepako\u0161anai un transport\u0113\u0161anai, nodro\u0161inot nevainojamu pieredzi m\u016bsu klientiem.<\/li>\n<li>Paraugu process: M\u0113s pied\u0101v\u0101jam paraugu izstr\u0101di atbilsto\u0161i j\u016bsu pras\u012bb\u0101m. M\u016bsu komanda past\u0101v\u012bgi modific\u0113 paraugus, lai tie atbilstu j\u016bsu \u012bpa\u0161aj\u0101m vajadz\u012bb\u0101m, garant\u0113jot klientu apmierin\u0101t\u012bbu.<\/li>\n<li>P\u0113tniec\u012bba un att\u012bst\u012bba: M\u0113s esam tirgus l\u012bderi, p\u0113tot jaun\u0101s tirgus vajadz\u012bbas un izstr\u0101d\u0101jot jaunus mode\u013cus ikreiz, kad tiek ieviestas jaunas automa\u0161\u012bnas. \u0160\u012b ap\u0146\u0113m\u012bba p\u0113tniec\u012bbai un att\u012bst\u012bbai \u013cauj mums pied\u0101v\u0101t m\u016bsu klientiem inovat\u012bvus risin\u0101jumus.<\/li>\n<li>Piel\u0101go\u0161ana: Papildus m\u016bsu standarta hidraulisko cilindru pied\u0101v\u0101jumiem m\u0113s pie\u0146emam piel\u0101go\u0161anas piepras\u012bjumus. M\u016bsu komanda var cie\u0161i sadarboties ar jums, lai izstr\u0101d\u0101tu piel\u0101gotus risin\u0101jumus, kas lieliski atbilst j\u016bsu unik\u0101laj\u0101m pras\u012bb\u0101m.<\/li>\n<\/ol>\n<p>Izv\u0113lieties FMP, lai ieg\u016btu uzticamus, augstas kvalit\u0101tes hidrauliskos cilindrus. Sadarbojieties ar mums un izbaudiet m\u016bsu ap\u0146em\u0161anos nodro\u0161in\u0101t izcil\u012bbu. Sazinieties ar mums jau \u0161odien, lai p\u0101rrun\u0101tu j\u016bsu hidraulisko cilindru vajadz\u012bbas un to, k\u0101 m\u0113s varam jums pal\u012bdz\u0113t.<\/p>\n<p>Autors: CX<\/p>","protected":false},"excerpt":{"rendered":"<p>The 10001 Selected Products Double Acting Hydraulic Cylinder is engineered for agricultural machinery, providing reliable performance and durability. Designed to meet American standards, this hydraulic cylinder features an end plug hole for enhanced versatility in various applications. Key Features: Double Acting Mechanism: This hydraulic cylinder operates in both extension and retraction, ensuring efficient and controlled [&hellip;]<\/p>","protected":false},"featured_media":1132,"comment_status":"closed","ping_status":"closed","template":"","meta":{"_et_pb_use_builder":"","_et_pb_old_content":"","_et_gb_content_width":""},"product_brand":[],"product_cat":[31],"product_tag":[34,35],"class_list":{"0":"post-919","1":"product","2":"type-product","3":"status-publish","4":"has-post-thumbnail","6":"product_cat-welded-tee-type-cylinder","7":"product_tag-hydraulic-cylinder","8":"product_tag-welded-tee-type-cylinder","10":"first","11":"instock","12":"product-type-simple"},"_links":{"self":[{"href":"https:\/\/fmp-components.com\/lv\/wp-json\/wp\/v2\/product\/919","targetHints":{"allow":["GET"]}}],"collection":[{"href":"https:\/\/fmp-components.com\/lv\/wp-json\/wp\/v2\/product"}],"about":[{"href":"https:\/\/fmp-components.com\/lv\/wp-json\/wp\/v2\/types\/product"}],"replies":[{"embeddable":true,"href":"https:\/\/fmp-components.com\/lv\/wp-json\/wp\/v2\/comments?post=919"}],"wp:featuredmedia":[{"embeddable":true,"href":"https:\/\/fmp-components.com\/lv\/wp-json\/wp\/v2\/media\/1132"}],"wp:attachment":[{"href":"https:\/\/fmp-components.com\/lv\/wp-json\/wp\/v2\/media?parent=919"}],"wp:term":[{"taxonomy":"product_brand","embeddable":true,"href":"https:\/\/fmp-components.com\/lv\/wp-json\/wp\/v2\/product_brand?post=919"},{"taxonomy":"product_cat","embeddable":true,"href":"https:\/\/fmp-components.com\/lv\/wp-json\/wp\/v2\/product_cat?post=919"},{"taxonomy":"product_tag","embeddable":true,"href":"https:\/\/fmp-components.com\/lv\/wp-json\/wp\/v2\/product_tag?post=919"}],"curies":[{"name":"wp","href":"https:\/\/api.w.org\/{rel}","templated":true}]}}