{"id":866,"date":"2024-12-19T00:54:04","date_gmt":"2024-12-19T00:54:04","guid":{"rendered":"https:\/\/fmp-components.com\/?page_id=8"},"modified":"2024-12-19T02:46:26","modified_gmt":"2024-12-19T02:46:26","slug":"hydraulic-cylinder-for-shield-machine","status":"publish","type":"product","link":"https:\/\/fmp-components.com\/lv\/product\/hydraulic-cylinder-for-shield-machine\/","title":{"rendered":"Hidrauliskais cilindrs vairoga ma\u0161\u012bnai"},"content":{"rendered":"<p style=\"text-align: center;\"><span style=\"font-size: 18pt;\">Hidrauliskais cilindrs vairoga ma\u0161\u012bnai<\/span><\/p>\n<p>Vairoga ma\u0161\u012bnu hidrauliskais cilindrs ir b\u016btiska sast\u0101vda\u013ca, kas \u012bpa\u0161i izstr\u0101d\u0101ta tune\u013cu urb\u0161anas darbiem. \u0160ie cilindri ir izstr\u0101d\u0101ti, lai nodro\u0161in\u0101tu augstas veiktsp\u0113jas vilci un atbalstu, un tiem ir iz\u0161\u0137iro\u0161a noz\u012bme pazemes rak\u0161anas darbos izmantoto vairoga ma\u0161\u012bnu efekt\u012bv\u0101 darb\u012bb\u0101.<\/p>\n<p><img loading=\"lazy\" decoding=\"async\" class=\"alignnone size-full wp-image-870\" src=\"https:\/\/fmp-components.com\/wp-content\/uploads\/2024\/12\/Shield-Machine-Thrust-Cylinder-2.webp\" alt=\"Vairogs-Ma\u0161\u012bna-Vilces Cilindrs\" width=\"1024\" height=\"559\" title=\"\" srcset=\"https:\/\/fmp-components.com\/wp-content\/uploads\/2024\/12\/Shield-Machine-Thrust-Cylinder-2.webp 1024w, https:\/\/fmp-components.com\/wp-content\/uploads\/2024\/12\/Shield-Machine-Thrust-Cylinder-2-980x535.webp 980w, https:\/\/fmp-components.com\/wp-content\/uploads\/2024\/12\/Shield-Machine-Thrust-Cylinder-2-480x262.webp 480w\" sizes=\"(min-width: 0px) and (max-width: 480px) 480px, (min-width: 481px) and (max-width: 980px) 980px, (min-width: 981px) 1024px, 100vw\" \/><\/p>\n<h4>Galven\u0101s iez\u012bmes:<\/h4>\n<ul>\n<li><strong>Augsta spiediena iztur\u012bba:<\/strong> \u0160ie hidrauliskie cilindri, kas rad\u012bti, lai iztur\u0113tu \u0101rk\u0101rt\u0113ju spiedienu, nodro\u0161ina uzticamu darb\u012bbu pat sare\u017e\u0123\u012btos \u0123eolo\u0123iskos apst\u0101k\u013cos.<\/li>\n<li><strong>Iztur\u012bga konstrukcija:<\/strong> Izgatavoti no augstas iztur\u012bbas materi\u0101liem, tie ir paredz\u0113ti, lai iztur\u0113tu skarbus apst\u0101k\u013cus, nodro\u0161inot ilgm\u016b\u017e\u012bbu un samazinot apkopes nepiecie\u0161am\u012bbu.<\/li>\n<li><strong>Prec\u012bza kust\u012bba:<\/strong> Hidrauliskie cilindri atvieglo prec\u012bzas un kontrol\u0113tas vairoga kust\u012bbas, nodro\u0161inot efekt\u012bvu tunel\u0113\u0161anu un izl\u012bdzin\u0101\u0161anu urbum\u0101.<\/li>\n<li><strong>Stabilit\u0101te un atbalsts:<\/strong> Tie b\u016btiski veicina vairoga ma\u0161\u012bnas kop\u0113jo stabilit\u0101ti, \u013caujot tai p\u0101rvietoties da\u017e\u0101dos augsnes veidos un saglab\u0101t darb\u012bbas integrit\u0101ti.<\/li>\n<li><strong>Daudzpus\u012bgi pielietojumi:<\/strong> \u0160ie cilindri ir piem\u0113roti da\u017e\u0101diem tune\u013cu rak\u0161anas projektiem un ir ide\u0101li piem\u0113roti metro, kanaliz\u0101cijas sist\u0113mu un citas pazemes infrastrukt\u016bras b\u016bvniec\u012bbai.<\/li>\n<\/ul>\n<p>Vairoga iek\u0101rtu hidrauliskais cilindrs ir b\u016btisks elements m\u016bsdienu tune\u013cu rak\u0161anas tehnolo\u0123ij\u0101, kas nodro\u0161ina dro\u0161us, efekt\u012bvus un lietder\u012bgus rak\u0161anas procesus. T\u0101 robustais dizains un augstas veiktsp\u0113jas iesp\u0113jas padara to par neaizst\u0101jamu sast\u0101vda\u013cu veiksm\u012bgiem pazemes projektiem.<\/p>\n<p><img loading=\"lazy\" decoding=\"async\" class=\"alignnone wp-image-868\" src=\"https:\/\/fmp-components.com\/wp-content\/uploads\/2024\/12\/Shield-Machine-Articulated-Cylinder-for-Tunnel-Boring.webp\" alt=\"Vairoga ma\u0161\u012bnas \u0161arn\u012brveida cilindrs tune\u013cu urb\u0161anai\" width=\"904\" height=\"303\" title=\"\" srcset=\"https:\/\/fmp-components.com\/wp-content\/uploads\/2024\/12\/Shield-Machine-Articulated-Cylinder-for-Tunnel-Boring.webp 904w, https:\/\/fmp-components.com\/wp-content\/uploads\/2024\/12\/Shield-Machine-Articulated-Cylinder-for-Tunnel-Boring-480x161.webp 480w\" sizes=\"(min-width: 0px) and (max-width: 480px) 480px, (min-width: 481px) 904px, 100vw\" \/><\/p>\n<h2>Vairoga ma\u0161\u012bnas vilces cilindrs<\/h2>\n<p><img loading=\"lazy\" decoding=\"async\" class=\"size-full wp-image-878 aligncenter\" src=\"https:\/\/fmp-components.com\/wp-content\/uploads\/2024\/12\/Shield-Machine-Thrust-Cylinder-for-Tunnel-Boring.webp\" alt=\"Vairoga ma\u0161\u012bnas vilces cilindrs tune\u013ca urb\u0161anai\" width=\"500\" height=\"200\" title=\"\" srcset=\"https:\/\/fmp-components.com\/wp-content\/uploads\/2024\/12\/Shield-Machine-Thrust-Cylinder-for-Tunnel-Boring.webp 500w, https:\/\/fmp-components.com\/wp-content\/uploads\/2024\/12\/Shield-Machine-Thrust-Cylinder-for-Tunnel-Boring-480x192.webp 480w\" sizes=\"(min-width: 0px) and (max-width: 480px) 480px, (min-width: 481px) 500px, 100vw\" \/><\/p>\n<table style=\"width: 97.095%; height: 210px;\" border=\"1\" cellspacing=\"0\" cellpadding=\"0\">\n<tbody>\n<tr>\n<td>Produkta nosaukums<\/td>\n<td>Vairoga ma\u0161\u012bnas vilces cilindrs<\/td>\n<\/tr>\n<tr>\n<td>Funkcijas:<\/td>\n<td>P\u0101rvietojiet vairoga ma\u0161\u012bnu uz priek\u0161u<\/td>\n<\/tr>\n<tr>\n<td>Urbuma diametrs:<\/td>\n<td>140 mm\uff5e550 mm<\/td>\n<\/tr>\n<tr>\n<td>Stie\u0146a diametrs:<\/td>\n<td>120 mm\uff5e420 mm<br \/>\nG\u0101jiens: 900 mm\uff5e4100 mm<\/td>\n<\/tr>\n<tr>\n<td>Spiediens:<\/td>\n<td>l\u012bdz 35 MPa<br \/>\n\u012apa\u0161as pras\u012bbas var sasniegt pat 45 MPa<\/td>\n<\/tr>\n<tr>\n<td>Lietojumi:<\/td>\n<td>Vairoga ma\u0161\u012bna, tune\u013cu urb\u0161anas iek\u0101rtas<\/td>\n<\/tr>\n<\/tbody>\n<\/table>\n<h2><img loading=\"lazy\" decoding=\"async\" class=\"alignnone wp-image-872\" src=\"https:\/\/fmp-components.com\/wp-content\/uploads\/2024\/12\/Shield-Machine-Thrust-Cylinder.webp\" alt=\"Vairogs-Ma\u0161\u012bna-Vilces Cilindrs\" width=\"901\" height=\"513\" title=\"\">Vairoga ma\u0161\u012bnas \u0161arn\u012brveida cilindrs<\/h2>\n<p><img loading=\"lazy\" decoding=\"async\" class=\"size-full wp-image-875 aligncenter\" src=\"https:\/\/fmp-components.com\/wp-content\/uploads\/2024\/12\/Shield-Machine-Articulated-Cylinder-for-Tunnel-Boring-1.webp\" alt=\"Vairoga ma\u0161\u012bnas \u0161arn\u012brveida cilindrs tune\u013cu urb\u0161anai\" width=\"500\" height=\"200\" title=\"\" srcset=\"https:\/\/fmp-components.com\/wp-content\/uploads\/2024\/12\/Shield-Machine-Articulated-Cylinder-for-Tunnel-Boring-1.webp 500w, https:\/\/fmp-components.com\/wp-content\/uploads\/2024\/12\/Shield-Machine-Articulated-Cylinder-for-Tunnel-Boring-1-480x192.webp 480w\" sizes=\"(min-width: 0px) and (max-width: 480px) 480px, (min-width: 481px) 500px, 100vw\" \/><\/p>\n<table style=\"width: 97.2566%; height: 209px;\" border=\"1\" cellspacing=\"0\" cellpadding=\"0\">\n<tbody>\n<tr>\n<td>Produkta nosaukums<\/td>\n<td>Vairoga ma\u0161\u012bnas \u0161arn\u012brveida cilindrs<\/td>\n<\/tr>\n<tr>\n<td>Funkcijas:<\/td>\n<td>Akt\u012bva artikul\u0101cija: griez\u0113jgalvas st\u016br\u0113\u0161ana\/koordin\u0113ta instrumentu mai\u0146a<br \/>\nPas\u012bva artikul\u0101cija: velciet vairoga asti uz priek\u0161u<\/td>\n<\/tr>\n<tr>\n<td>Urbuma diametrs:<\/td>\n<td>125 mm\uff5e550 mm<\/td>\n<\/tr>\n<tr>\n<td>Stie\u0146a diametrs:<\/td>\n<td>\u00a070 mm\uff5e370 mm<br \/>\nG\u0101jiens 140 mm\uff5e1200 mm<\/td>\n<\/tr>\n<tr>\n<td>Spiediens:<\/td>\n<td>L\u012bdz 35 MPa<\/td>\n<\/tr>\n<tr>\n<td>Lietojumi:<\/td>\n<td>Vairoga ma\u0161\u012bna, tune\u013cu urb\u0161anas iek\u0101rtas<\/td>\n<\/tr>\n<\/tbody>\n<\/table>\n<p><img loading=\"lazy\" decoding=\"async\" class=\"alignnone wp-image-882\" src=\"https:\/\/fmp-components.com\/wp-content\/uploads\/2024\/12\/Shield-Machine-Articulated-Cylinder-1.webp\" alt=\"Vairoga-ma\u0161\u012bnas-\u0161arn\u012brveida-cilindrs\" width=\"901\" height=\"501\" title=\"\" srcset=\"https:\/\/fmp-components.com\/wp-content\/uploads\/2024\/12\/Shield-Machine-Articulated-Cylinder-1.webp 901w, https:\/\/fmp-components.com\/wp-content\/uploads\/2024\/12\/Shield-Machine-Articulated-Cylinder-1-480x267.webp 480w\" sizes=\"(min-width: 0px) and (max-width: 480px) 480px, (min-width: 481px) 901px, 100vw\" \/><\/p>\n<h2>Vairoga ma\u0161\u012bnas mont\u0101\u017eas pacel\u0161anas cilindrs<\/h2>\n<p><img loading=\"lazy\" decoding=\"async\" class=\"size-full wp-image-876 aligncenter\" src=\"https:\/\/fmp-components.com\/wp-content\/uploads\/2024\/12\/Shield-Machine-Assembly-Lifting-Cylinder-for-Tunnel-Boring.webp\" alt=\"Vairoga ma\u0161\u012bnas mont\u0101\u017eas pacel\u0161anas cilindrs tune\u013ca urb\u0161anai\" width=\"500\" height=\"200\" title=\"\" srcset=\"https:\/\/fmp-components.com\/wp-content\/uploads\/2024\/12\/Shield-Machine-Assembly-Lifting-Cylinder-for-Tunnel-Boring.webp 500w, https:\/\/fmp-components.com\/wp-content\/uploads\/2024\/12\/Shield-Machine-Assembly-Lifting-Cylinder-for-Tunnel-Boring-480x192.webp 480w\" sizes=\"(min-width: 0px) and (max-width: 480px) 480px, (min-width: 481px) 500px, 100vw\" \/><\/p>\n<table style=\"width: 97.9899%; height: 171px;\" border=\"1\" cellspacing=\"0\" cellpadding=\"0\">\n<tbody>\n<tr>\n<td>Produkta nosaukums<\/td>\n<td>Vairoga ma\u0161\u012bnas mont\u0101\u017eas pacel\u0161anas cilindrs<\/td>\n<\/tr>\n<tr>\n<td>Funkcijas:<\/td>\n<td>P\u0101rvietojiet segmentus uz nor\u0101d\u012bto poz\u012bciju un salieciet tos gredzen\u0101<\/td>\n<\/tr>\n<tr>\n<td>Specifik\u0101cija:<\/td>\n<td>Parasti divl\u012bme\u0146u strukt\u016bra<br \/>\nVilk\u0161anas un vilces sp\u0113ku nodro\u0161ina iek\u0161\u0113jais mazais e\u013c\u013cas cilindrs<br \/>\nMazs virzu\u013ca stienis fiks\u0113ts<br \/>\nLieli virzu\u013ca stie\u0146i teleskopisk\u0101 izb\u012bd\u012b\u0161anas laik\u0101 var iztur\u0113t lielus s\u0101nu sp\u0113kus<\/td>\n<\/tr>\n<tr>\n<td>Lietojumi:<\/td>\n<td>Vairoga ma\u0161\u012bna, tune\u013cu urb\u0161anas iek\u0101rtas<\/td>\n<\/tr>\n<\/tbody>\n<\/table>\n<h2><img loading=\"lazy\" decoding=\"async\" class=\"alignnone wp-image-881\" src=\"https:\/\/fmp-components.com\/wp-content\/uploads\/2024\/12\/Shield-Machine-Assembly-Lifting-Cylinder-1.webp\" alt=\"Vairoga-Ma\u0161\u012bnas-Mont\u0101\u017eas-Ce\u013ca-Cilindra\" width=\"896\" height=\"637\" title=\"\" srcset=\"https:\/\/fmp-components.com\/wp-content\/uploads\/2024\/12\/Shield-Machine-Assembly-Lifting-Cylinder-1.webp 896w, https:\/\/fmp-components.com\/wp-content\/uploads\/2024\/12\/Shield-Machine-Assembly-Lifting-Cylinder-1-480x341.webp 480w\" sizes=\"(min-width: 0px) and (max-width: 480px) 480px, (min-width: 481px) 896px, 100vw\" \/>Vairoga ma\u0161\u012bnas pretgriezes cilindrs<\/h2>\n<p><img loading=\"lazy\" decoding=\"async\" class=\"size-full wp-image-874 aligncenter\" src=\"https:\/\/fmp-components.com\/wp-content\/uploads\/2024\/12\/Shield-Machine-Anti-torque-Cylinder-for-Tunnel-Boring-1.webp\" alt=\"Vairoga ma\u0161\u012bnas pretgriezes cilindrs tune\u013ca urb\u0161anai\" width=\"500\" height=\"200\" title=\"\" srcset=\"https:\/\/fmp-components.com\/wp-content\/uploads\/2024\/12\/Shield-Machine-Anti-torque-Cylinder-for-Tunnel-Boring-1.webp 500w, https:\/\/fmp-components.com\/wp-content\/uploads\/2024\/12\/Shield-Machine-Anti-torque-Cylinder-for-Tunnel-Boring-1-480x192.webp 480w\" sizes=\"(min-width: 0px) and (max-width: 480px) 480px, (min-width: 481px) 500px, 100vw\" \/><\/p>\n<table style=\"width: 97.4236%; height: 200px;\" border=\"1\" cellspacing=\"0\" cellpadding=\"0\">\n<tbody>\n<tr>\n<td>Produkta nosaukums<\/td>\n<td>Vairoga ma\u0161\u012bnas pretgriezes cilindrs<\/td>\n<\/tr>\n<tr>\n<td>Funkcijas:<\/td>\n<td>P\u0101rnest griezes momentu, kad griez\u0113jgalva grie\u017eas<\/td>\n<\/tr>\n<tr>\n<td>Urbuma diametrs:<\/td>\n<td>330 mm\uff5e570 mm<\/td>\n<\/tr>\n<tr>\n<td>Stie\u0146a diametrs:<\/td>\n<td>260 mm\uff5e530 mm<br \/>\nG\u0101jiens 120 mm\uff5e160 mm<\/td>\n<\/tr>\n<tr>\n<td>Spiediens:<\/td>\n<td>Parasti l\u012bdz 35 MPa<br \/>\nMaksim\u0101l\u0101 l\u012bdz 42 MPa<\/td>\n<\/tr>\n<tr>\n<td>Lietojumi:<\/td>\n<td>Vairoga ma\u0161\u012bna, tune\u013cu urb\u0161anas iek\u0101rtas<\/td>\n<\/tr>\n<\/tbody>\n<\/table>\n<p><img loading=\"lazy\" decoding=\"async\" class=\"alignnone wp-image-880\" src=\"https:\/\/fmp-components.com\/wp-content\/uploads\/2024\/12\/Shield-Machine-Anti-torque-Cylinder-1.webp\" alt=\"Vairoga-ma\u0161\u012bnas-griezes momenta-cilindrs\" width=\"906\" height=\"453\" title=\"\"><\/p>\n<h2>Vairoga ma\u0161\u012bnas drupin\u0101t\u0101ja cilindrs<\/h2>\n<p><img loading=\"lazy\" decoding=\"async\" class=\"size-full wp-image-877 aligncenter\" src=\"https:\/\/fmp-components.com\/wp-content\/uploads\/2024\/12\/Shield-Machine-Crusher-Cylinder-for-Tunnel-Boring.webp\" alt=\"Vairoga ma\u0161\u012bnas drupin\u0101t\u0101ja cilindrs tune\u013ca urb\u0161anai\" width=\"500\" height=\"200\" title=\"\" srcset=\"https:\/\/fmp-components.com\/wp-content\/uploads\/2024\/12\/Shield-Machine-Crusher-Cylinder-for-Tunnel-Boring.webp 500w, https:\/\/fmp-components.com\/wp-content\/uploads\/2024\/12\/Shield-Machine-Crusher-Cylinder-for-Tunnel-Boring-480x192.webp 480w\" sizes=\"(min-width: 0px) and (max-width: 480px) 480px, (min-width: 481px) 500px, 100vw\" \/><\/p>\n<table style=\"width: 97.4971%; height: 117px;\" border=\"1\" cellspacing=\"0\" cellpadding=\"0\">\n<tbody>\n<tr style=\"height: 23px;\">\n<td style=\"height: 23px;\">Produkta nosaukums<\/td>\n<td style=\"height: 23px;\">Vairoga ma\u0161\u012bnas drupin\u0101t\u0101ja cilindrs<\/td>\n<\/tr>\n<tr style=\"height: 23px;\">\n<td style=\"height: 23px;\">Funkcijas:<\/td>\n<td style=\"height: 23px;\">Nostipriniet drupin\u0101\u0161anas knaibles, lai nodro\u0161in\u0101tu, ka lieli grants gabali tiek sasmalcin\u0101ti, pirms tie non\u0101k izpl\u016bdes atver\u0113<\/td>\n<\/tr>\n<tr style=\"height: 23px;\">\n<td style=\"height: 23px;\">\n<div class=\"txtboxL\">Specifik\u0101cija:<\/div>\n<\/td>\n<td style=\"height: 23px;\">Da\u017e\u0101das drupin\u0101t\u0101ju cilindru specifik\u0101cijas var tikt projekt\u0113tas un ra\u017eotas atbilsto\u0161i klienta pras\u012bb\u0101m<\/td>\n<\/tr>\n<tr style=\"height: 23px;\">\n<td style=\"height: 23px;\">Lietojumi:<\/td>\n<td style=\"height: 23px;\">Vairoga ma\u0161\u012bna, tune\u013cu urb\u0161anas iek\u0101rtas<\/td>\n<\/tr>\n<\/tbody>\n<\/table>\n<p><img loading=\"lazy\" decoding=\"async\" class=\"alignnone wp-image-869\" src=\"https:\/\/fmp-components.com\/wp-content\/uploads\/2024\/12\/Shield-Machine-Crusher-Cylinder-for-Tunnel-Boring2.webp\" alt=\"Vairoga ma\u0161\u012bnas drupin\u0101t\u0101ja cilindrs tune\u013ca urb\u0161anai2\" width=\"907\" height=\"324\" title=\"\" srcset=\"https:\/\/fmp-components.com\/wp-content\/uploads\/2024\/12\/Shield-Machine-Crusher-Cylinder-for-Tunnel-Boring2.webp 907w, https:\/\/fmp-components.com\/wp-content\/uploads\/2024\/12\/Shield-Machine-Crusher-Cylinder-for-Tunnel-Boring2-480x171.webp 480w\" sizes=\"(min-width: 0px) and (max-width: 480px) 480px, (min-width: 481px) 907px, 100vw\" \/><\/p>\n<h3>Vairoga ma\u0161\u012bnas hidraulisk\u0101 cilindra priek\u0161roc\u012bbas<\/h3>\n<ol>\n<li><strong>Augsta efektivit\u0101te:<\/strong><br \/>\nVairoga ma\u0161\u012bnu hidrauliskie cilindri ir konstru\u0113ti t\u0101, lai nodro\u0161in\u0101tu sp\u0113c\u012bgu vilci, kas iev\u0113rojami uzlabo tune\u013cu rak\u0161anas oper\u0101ciju \u0101trumu un efektivit\u0101ti. \u0160\u012b iesp\u0113ja \u013cauj b\u016bvniec\u012bbas komand\u0101m \u0101tr\u0101k pabeigt projektus, t\u0101d\u0113j\u0101di samazinot kop\u0113jo projektu termi\u0146u. Pateicoties \u0101tr\u0101kiem rak\u0161anas tempiem, darbuz\u0146\u0113m\u0113ji var efekt\u012bv\u0101k iev\u0113rot termi\u0146us, kas palielina produktivit\u0101ti un ietaupa izmaksas.<\/li>\n<li><strong>Iztur\u012bga iztur\u012bba:<\/strong><br \/>\n\u0160ie hidrauliskie cilindri ir izgatavoti no augstas iztur\u012bbas materi\u0101liem, kas \u012bpa\u0161i izstr\u0101d\u0101ti, lai iztur\u0113tu skarbus vides apst\u0101k\u013cus un \u0101rk\u0101rt\u0113ju spiedienu, ar ko saskaras tune\u013cu rak\u0161anas laik\u0101. To robust\u0101 iztur\u012bba nodro\u0161ina ilgtermi\u0146a uzticam\u012bbu, samazinot boj\u0101jumu risku, kas var\u0113tu izrais\u012bt d\u0101rgus kav\u0113jumus. \u0160\u012b notur\u012bba padara tos piem\u0113rotus da\u017e\u0101diem \u0123eolo\u0123iskiem veidojumiem, nodro\u0161inot nemain\u012bgu veiktsp\u0113ju vis\u0101 projekta dz\u012bves cikl\u0101.<\/li>\n<li><strong>Prec\u012bzijas kontrole:<\/strong><br \/>\nVairoga ma\u0161\u012bnas cilindru hidraulisk\u0101 sist\u0113ma nodro\u0161ina \u013coti prec\u012bzu vairoga kust\u012bbu, kas ir b\u016btiski prec\u012bzai tunel\u0113\u0161anas un izl\u012bdzin\u0101\u0161anas darb\u012bbai. \u0160\u012b precizit\u0101te ir \u013coti svar\u012bga veiksm\u012bgiem rak\u0161anas darbiem, jo \u200b\u200bt\u0101 \u013cauj operatoriem p\u0101rliecino\u0161i orient\u0113ties sare\u017e\u0123\u012bt\u0101s pazemes vid\u0113s. Sp\u0113ja kontrol\u0113t prec\u012bzas kust\u012bbas samazina nepareizas izl\u012bdzin\u0101\u0161anas risku un nodro\u0161ina, ka tunelis atbilst noteiktajiem projekt\u0113\u0161anas parametriem.<\/li>\n<li><strong>Uzlabota stabilit\u0101te:<\/strong><br \/>\n\u0160iem cilindriem ir b\u016btiska loma vairoga ma\u0161\u012bnas stabilit\u0101tes saglab\u0101\u0161an\u0101 darb\u012bbas laik\u0101. Nodro\u0161inot past\u0101v\u012bgu atbalstu, tie \u013cauj ma\u0161\u012bnai p\u0101rvietoties da\u017e\u0101dos \u0123eolo\u0123iskos apst\u0101k\u013cos, neapdraudot dro\u0161\u012bbu. \u0160\u012b stabilit\u0101te ir b\u016btiska negad\u012bjumu nov\u0113r\u0161anai un gan darbinieku, gan pa\u0161as ma\u0161\u012bnas dro\u0161\u012bbas nodro\u0161in\u0101\u0161anai, \u012bpa\u0161i neparedzam\u0101 vid\u0113.<\/li>\n<li><strong>Samazin\u0101ta apkope:<\/strong><br \/>\nVairogma\u0161\u012bnu hidraulisko cilindru iztur\u012bg\u0101 konstrukcija samazina nodilumu, kas samazina apkopes izmaksas un d\u012bkst\u0101ves laiku. T\u0101 k\u0101 \u0161iem cilindriem ir nepiecie\u0161ams maz\u0101k remontu un nomai\u0146u, tie veicina kop\u0113jo projekta efektivit\u0101ti. \u0160\u012b apkopes samazin\u0101\u0161ana ne tikai ietaupa naudu, bet ar\u012b nodro\u0161ina nep\u0101rtraukt\u0101ku darb\u012bbu, uzlabojot produktivit\u0101ti objekt\u0101.<\/li>\n<li><strong>Daudzpus\u012bba:<\/strong><br \/>\nVairogma\u0161\u012bnu hidrauliskie cilindri ir piem\u0113roti pla\u0161am pielietojumu kl\u0101stam, tostarp metro, kanaliz\u0101cijas sist\u0113m\u0101m un cita veida pazemes infrastrukt\u016brai. To piel\u0101gojam\u012bba padara tos par ide\u0101lu izv\u0113li da\u017e\u0101d\u0101m tune\u013cu rak\u0161anas vajadz\u012bb\u0101m, \u013caujot darbuz\u0146\u0113m\u0113jiem izmantot vienu un to pa\u0161u apr\u012bkojumu da\u017e\u0101dos projektos. \u0160\u012b daudzpus\u012bba vienk\u0101r\u0161o lo\u0123istiku un samazina nepiecie\u0161am\u012bbu p\u0113c vair\u0101kiem specializ\u0113tiem instrumentiem.<\/li>\n<li><strong>Dro\u0161\u012bbas funkcijas:<\/strong><br \/>\n\u0160ie hidrauliskie cilindri, kas apr\u012bkoti ar uzlabotiem dro\u0161\u012bbas meh\u0101nismiem, pal\u012bdz nov\u0113rst nejau\u0161u atvieno\u0161anos darb\u012bbas laik\u0101. \u0160\u012b funkcija nodro\u0161ina dro\u0161u darb\u012bbu pat sare\u017e\u0123\u012btu rak\u0161anas darbu laik\u0101, iev\u0113rojami uzlabojot tunel\u0113\u0161anas procesa dro\u0161\u012bbu. \u0160\u0101di dro\u0161\u012bbas pas\u0101kumi ir \u013coti svar\u012bgi, lai uztur\u0113tu dro\u0161u darba vidi un aizsarg\u0101tu darbinieku labsaj\u016btu.<\/li>\n<li><strong>Hidraulisk\u0101 jauda:<\/strong><br \/>\nHidraulisko sist\u0113mu izmanto\u0161ana \u0161ajos cilindros \u013cauj rad\u012bt liel\u0101ku sp\u0113ku kompakt\u0101 konstrukcij\u0101. \u0160\u012b sp\u0113ja atvieglo smagu kravu p\u0101rvald\u012b\u0161anu un sare\u017e\u0123\u012btu kust\u012bbu prec\u012bzu izpildi. Hidraulisk\u0101 jauda \u013cauj vairoga ma\u0161\u012bn\u0101m darboties efekt\u012bvi pat sare\u017e\u0123\u012btos apst\u0101k\u013cos, t\u0101d\u0113j\u0101di uzlabojot tunel\u0113\u0161anas oper\u0101ciju kop\u0113jo efektivit\u0101ti.<\/li>\n<\/ol>\n<p>Izmantojot \u0161\u012bs priek\u0161roc\u012bbas, vairogma\u0161\u012bnu hidrauliskajiem cilindriem ir iz\u0161\u0137iro\u0161a noz\u012bme m\u016bsdienu tunel\u0113\u0161anas projektu pan\u0101kumos, nodro\u0161inot efektivit\u0101ti, dro\u0161\u012bbu un uzticam\u012bbu vis\u0101 rak\u0161anas proces\u0101. To integr\u0101cija tunel\u0113\u0161anas tehnik\u0101 ir b\u016btiska, lai apmierin\u0101tu m\u016bsdienu infrastrukt\u016bras att\u012bst\u012bbas pras\u012bbas.<\/p>\n<p><img loading=\"lazy\" decoding=\"async\" class=\"alignnone wp-image-879\" src=\"https:\/\/fmp-components.com\/wp-content\/uploads\/2024\/12\/Shield-Machine-Crusher-Cylinder-1.webp\" alt=\"Vairoga-Ma\u0161\u012bnas-Drupin\u0101t\u0101ja-Cilindra\" width=\"903\" height=\"601\" title=\"\"><\/p>\n<h3>Par FMP<\/h3>\n<p>FMP ir specializ\u0113ts meh\u0101nisk\u0101s ra\u017eo\u0161anas uz\u0146\u0113mums, kas nodarbojas ar hidraulisko cilindru ra\u017eo\u0161anu. Kop\u0161 dibin\u0101\u0161anas uz\u0146\u0113mums ir koncentr\u0113jies uz hidraulisko tehnolo\u0123iju izp\u0113ti un ra\u017eo\u0161anu, veiksm\u012bgi p\u0101rejot no daudzveid\u012bga produktu kl\u0101sta, kas ietv\u0113ra ra\u017eas nov\u0101k\u0161anas un celtniec\u012bbas tehniku, uz specializ\u0101ciju lauksaimniec\u012bbas traktoru deta\u013c\u0101s. Ar vair\u0101k nek\u0101 desmit gadu pieredzi ra\u017eo\u0161an\u0101 un vad\u012bb\u0101 FMP nodro\u0161ina augstas kvalit\u0101tes produktus, izmantojot progres\u012bvas ra\u017eo\u0161anas metodes.<\/p>\n<p>Uz\u0146\u0113mumam att\u012bstoties, tas ir izstr\u0101d\u0101jis visaptvero\u0161u apstr\u0101des ra\u017eo\u0161anas l\u012bniju, mont\u0101\u017eas l\u012bniju un p\u0101rkl\u0101\u0161anas l\u012bniju. M\u016bsu komandu veido prasm\u012bgs vad\u012bbas person\u0101ls, pieredz\u0113ju\u0161i meh\u0101niskie konstruktori un augsti kvalific\u0113ti tehni\u0137i, kas str\u0101d\u0101 kop\u0101, lai uztur\u0113tu stabilu ra\u017eo\u0161anas kvalit\u0101ti, vienlaikus efekt\u012bvi kontrol\u0113jot procesa nep\u0101rtraukt\u012bbu un efektivit\u0101ti.<\/p>\n<p>FMP iev\u0113ro filozofiju \u201cTehnolo\u0123isk\u0101s inov\u0101cijas veicina progresu, kvalit\u0101te rada z\u012bmolus, meistar\u012bba nodro\u0161ina kvalit\u0101ti un veido ilgtermi\u0146a abpus\u0113ji izdev\u012bgas attiec\u012bbas\u201d. M\u016bsu ap\u0146em\u0161an\u0101s nodro\u0161in\u0101t augstas kvalit\u0101tes produktus un izcilu klientu apkalpo\u0161anu joproj\u0101m ir m\u016bsu galvenais m\u0113r\u0137is, turpinot apmierin\u0101t main\u012bg\u0101s tirgus vajadz\u012bbas.<\/p>\n<p><img loading=\"lazy\" decoding=\"async\" class=\"alignnone size-full wp-image-426\" src=\"https:\/\/fmp-components.com\/wp-content\/uploads\/2024\/12\/Sanitation-Machinery-Locking-Hydraulic-Cylinder-factory.webp\" sizes=\"(min-width: 0px) and (max-width: 480px) 480px, (min-width: 481px) and (max-width: 980px) 980px, (min-width: 981px) and (max-width: 1280px) 1280px, (min-width: 1281px) 1414px, 100vw\" srcset=\"https:\/\/fmp-components.com\/wp-content\/uploads\/2024\/12\/Sanitation-Machinery-Locking-Hydraulic-Cylinder-factory.webp 1414w, https:\/\/fmp-components.com\/wp-content\/uploads\/2024\/12\/Sanitation-Machinery-Locking-Hydraulic-Cylinder-factory-1280x529.webp 1280w, https:\/\/fmp-components.com\/wp-content\/uploads\/2024\/12\/Sanitation-Machinery-Locking-Hydraulic-Cylinder-factory-980x405.webp 980w, https:\/\/fmp-components.com\/wp-content\/uploads\/2024\/12\/Sanitation-Machinery-Locking-Hydraulic-Cylinder-factory-480x198.webp 480w\" alt=\"Sanit\u0101rijas-ma\u0161\u012bnu-blo\u0137\u0113\u0161anas-hidraulisko-cilindru-fabrika\" width=\"1414\" height=\"584\" title=\"\"><\/p>\n<p>Autors: CX<\/p>","protected":false},"excerpt":{"rendered":"<p>Vairoga ma\u0161\u012bnu hidrauliskais cilindrs ir kritiski svar\u012bga sast\u0101vda\u013ca, kas paredz\u0113ta, lai nodro\u0161in\u0101tu sp\u0113c\u012bgu vilci un atbalstu tune\u013cu urb\u0161anas darbos. \u0160ie cilindri ir konstru\u0113ti t\u0101, lai iztur\u0113tu augstu spiedienu un skarbus apst\u0101k\u013cus, nodro\u0161inot uzticamu veiktsp\u0113ju rak\u0161anas proces\u0101. Pateicoties to iztur\u012bgajai konstrukcijai, tie atvieglo prec\u012bzas vairoga kust\u012bbas, \u013caujot veikt prec\u012bzu tune\u013cu rak\u0161anu un efekt\u012bvu darb\u012bbu. Hidrauliskajiem cilindriem ir ar\u012b b\u016btiska loma ma\u0161\u012bnas stabilit\u0101tes uztur\u0113\u0161an\u0101, \u013caujot tai p\u0101rvietoties pa da\u017e\u0101diem \u0123eolo\u0123iskiem veidojumiem. To iztur\u012bba un efektivit\u0101te padara tos neaizst\u0101jamus m\u016bsdienu tune\u013cu rak\u0161anas projektos, veicinot veiksm\u012bgu pazemes infrastrukt\u016bras pabeig\u0161anu.<\/p>","protected":false},"featured_media":873,"comment_status":"open","ping_status":"closed","template":"","meta":{"_et_pb_use_builder":"","_et_pb_old_content":"","_et_gb_content_width":""},"product_brand":[],"product_cat":[30],"product_tag":[],"class_list":{"0":"post-866","1":"product","2":"type-product","3":"status-publish","4":"has-post-thumbnail","6":"product_cat-tunnel-boring-machine-hydraulic-cylinders","8":"first","9":"instock","10":"shipping-taxable","11":"product-type-simple"},"_links":{"self":[{"href":"https:\/\/fmp-components.com\/lv\/wp-json\/wp\/v2\/product\/866","targetHints":{"allow":["GET"]}}],"collection":[{"href":"https:\/\/fmp-components.com\/lv\/wp-json\/wp\/v2\/product"}],"about":[{"href":"https:\/\/fmp-components.com\/lv\/wp-json\/wp\/v2\/types\/product"}],"replies":[{"embeddable":true,"href":"https:\/\/fmp-components.com\/lv\/wp-json\/wp\/v2\/comments?post=866"}],"wp:featuredmedia":[{"embeddable":true,"href":"https:\/\/fmp-components.com\/lv\/wp-json\/wp\/v2\/media\/873"}],"wp:attachment":[{"href":"https:\/\/fmp-components.com\/lv\/wp-json\/wp\/v2\/media?parent=866"}],"wp:term":[{"taxonomy":"product_brand","embeddable":true,"href":"https:\/\/fmp-components.com\/lv\/wp-json\/wp\/v2\/product_brand?post=866"},{"taxonomy":"product_cat","embeddable":true,"href":"https:\/\/fmp-components.com\/lv\/wp-json\/wp\/v2\/product_cat?post=866"},{"taxonomy":"product_tag","embeddable":true,"href":"https:\/\/fmp-components.com\/lv\/wp-json\/wp\/v2\/product_tag?post=866"}],"curies":[{"name":"wp","href":"https:\/\/api.w.org\/{rel}","templated":true}]}}