{"id":816,"date":"2024-12-18T07:55:12","date_gmt":"2024-12-18T07:55:12","guid":{"rendered":"https:\/\/fmp-components.com\/?page_id=8"},"modified":"2024-12-18T08:06:02","modified_gmt":"2024-12-18T08:06:02","slug":"hydraulic-cylinder-for-wave-tide-power-generation","status":"publish","type":"product","link":"https:\/\/fmp-components.com\/lv\/product\/hydraulic-cylinder-for-wave-tide-power-generation\/","title":{"rendered":"Hidrauliskais cilindrs vi\u013c\u0146u\/pl\u016bdmai\u0146u ener\u0123ijas \u0123ener\u0113\u0161anai"},"content":{"rendered":"<p style=\"text-align: center;\"><span style=\"font-size: 18pt;\">Hidrauliskais cilindrs vi\u013c\u0146u\/pl\u016bdmai\u0146u ener\u0123ijas \u0123ener\u0113\u0161anai<\/span><\/p>\n<p>Hidrauliskais cilindrs vi\u013c\u0146u\/pl\u016bdmai\u0146u ener\u0123ijas ra\u017eo\u0161anai ir moderna ier\u012bce, kas paredz\u0113ta oke\u0101na vi\u013c\u0146u un pl\u016bdmai\u0146u kust\u012bbu ener\u0123ijas izmanto\u0161anai. \u0160is inovat\u012bvais risin\u0101jums kin\u0113tisko ener\u0123iju p\u0101rveido izmantojam\u0101 ener\u0123ij\u0101, veicinot ilgtsp\u0113j\u012bgu ener\u0123ijas ra\u017eo\u0161anu.<\/p>\n<h4>Galven\u0101s iez\u012bmes:<\/h4>\n<ul>\n<li><strong>Iztur\u012bgs dizains:<\/strong> M\u016bsu hidrauliskais cilindrs ir izstr\u0101d\u0101ts, lai iztur\u0113tu skarbus j\u016bras apst\u0101k\u013cus, un tas ir izgatavots no augstas stipr\u012bbas materi\u0101liem, kas ir iztur\u012bgi pret koroziju un nodilumu.<\/li>\n<li><strong>Augsta efektivit\u0101te:<\/strong> Optimiz\u0113ta maksim\u0101lai ener\u0123ijas ieguvei, hidraulisk\u0101 sist\u0113ma nodro\u0161ina vi\u013c\u0146u un pl\u016bdmai\u0146u ener\u0123ijas efekt\u012bvu p\u0101rveido\u0161anu hidrauliskaj\u0101 ener\u0123ij\u0101.<\/li>\n<li><strong>Daudzpus\u012bgs pielietojums:<\/strong> \u0160is hidrauliskais cilindrs ir piem\u0113rots da\u017e\u0101diem j\u016bras ener\u0123ijas projektiem, tostarp iek\u0101rt\u0101m j\u016br\u0101 un piekrast\u0113, un to var integr\u0113t eso\u0161aj\u0101s energosist\u0113m\u0101s vai izmantot jaun\u0101s \u0113k\u0101s.<\/li>\n<li><strong>Vienk\u0101r\u0161a apkope:<\/strong> Hidrauliskais cilindrs, kas paredz\u0113ts \u0113rtai piek\u013cuvei, vienk\u0101r\u0161o apkopes proced\u016bras, nodro\u0161inot ilgtermi\u0146a uzticam\u012bbu un samazin\u0101tu d\u012bkst\u0101ves laiku.<\/li>\n<li><strong>Videi draudz\u012bgs:<\/strong> Izmantojot atjaunojamo j\u016bras ener\u0123iju, \u0161is produkts veicina oglek\u013ca emisiju samazin\u0101\u0161anu un veicina ilgtsp\u0113j\u012bgus ener\u0123ijas risin\u0101jumus.<\/li>\n<\/ul>\n<p>Hidrauliskais cilindrs vi\u013c\u0146u\/pl\u016bdmai\u0146u ener\u0123ijas ra\u017eo\u0161anai ir iev\u0113rojams sasniegums atjaunojam\u0101s ener\u0123ijas jom\u0101. Efekt\u012bvi izmantojot oke\u0101na kust\u012bbu ener\u0123iju, tam ir iz\u0161\u0137iro\u0161a noz\u012bme p\u0101rej\u0101 uz ilgtsp\u0113j\u012bg\u0101ku ener\u0123ijas n\u0101kotni.<\/p>\n<h2>Vi\u013c\u0146u\/pl\u016bdmai\u0146u ener\u0123ijas ra\u017eo\u0161anas iek\u0101rtu hidrauliskais cilindrs<\/h2>\n<table border=\"1\" cellspacing=\"0\" cellpadding=\"0\">\n<tbody>\n<tr>\n<td>Produkta nosaukums<\/td>\n<td>Vi\u013c\u0146u\/pl\u016bdmai\u0146u ener\u0123ijas ra\u017eo\u0161anas iek\u0101rtu cilindrs<\/td>\n<\/tr>\n<tr>\n<td>Funkcijas:<\/td>\n<td>P\u0101rveidojiet vi\u013c\u0146u ener\u0123iju hidrauliskaj\u0101 ener\u0123ij\u0101, lai virz\u012btu hidrauliskos cilindrus kust\u012bb\u0101. P\u0113c tam augstspiediena e\u013c\u013ca darbina elektromotoru, kas \u0123ener\u0113 elektr\u012bbu, kura visbeidzot tiek p\u0101rveidota elektriskaj\u0101 ener\u0123ij\u0101.<\/td>\n<\/tr>\n<tr>\n<td>Urbuma diametrs:<\/td>\n<td>\u00a0L\u012bdz 250 mm<\/td>\n<\/tr>\n<tr>\n<td>Stie\u0146a diametrs:<\/td>\n<td>L\u012bdz 190 mm<br \/>\nG\u0101jiens l\u012bdz 4800 mm<\/td>\n<\/tr>\n<tr>\n<td>Spiediens:<\/td>\n<td>l\u012bdz 31,5 MPa<\/td>\n<\/tr>\n<tr>\n<td>Lietojumi:<\/td>\n<td>Vi\u013c\u0146u\/pl\u016bdmai\u0146u ener\u0123ijas \u0123ener\u0113\u0161ana<\/td>\n<\/tr>\n<\/tbody>\n<\/table>\n<h3>Hidraulisko cilindru priek\u0161roc\u012bbas vi\u013c\u0146u\/pl\u016bdmai\u0146u ener\u0123ijas ra\u017eo\u0161anas iek\u0101rt\u0101s<\/h3>\n<p>Hidrauliskajiem cilindriem ir iz\u0161\u0137iro\u0161a noz\u012bme vi\u013c\u0146u un pl\u016bdmai\u0146u ener\u0123ijas ra\u017eo\u0161anas sist\u0113mu darb\u012bb\u0101. \u0160eit ir galven\u0101s hidraulisko cilindru izmanto\u0161anas priek\u0161roc\u012bbas \u0161aj\u0101 kontekst\u0101:<\/p>\n<ol>\n<li><strong>Augsts jaudas bl\u012bvums:<\/strong> Hidrauliskie cilindri nodro\u0161ina lielisku jaudas un svara attiec\u012bbu, \u013caujot izveidot kompaktas un efekt\u012bvas konstrukcijas. Tas ir \u012bpa\u0161i izdev\u012bgi vi\u013c\u0146u un pl\u016bdmai\u0146u ener\u0123ijas pielietojumos, kur ir ierobe\u017eota telpa un iek\u0101rtas bie\u017ei ir j\u0101iegremd\u0113.<\/li>\n<li><strong>Iztur\u012bba un uzticam\u012bba:<\/strong> Hidrauliskie cilindri, kas ir paz\u012bstami ar savu iztur\u012bbu, var iztur\u0113t skarbu j\u016bras vidi, tostarp s\u0101ls\u016bdeni un ekstrem\u0101lus laikapst\u0101k\u013cus. Tie ir paredz\u0113ti ilgsto\u0161ai darb\u012bbai ar minim\u0101lu apkopi, padarot tos ide\u0101li piem\u0113rotus sist\u0113m\u0101m, kas nep\u0101rtraukti tiek pak\u013cautas laikapst\u0101k\u013ciem.<\/li>\n<li><strong>Prec\u012bza kontrole:<\/strong> \u0160ie cilindri nodro\u0161ina prec\u012bzu komponentu kust\u012bbu kontroli vi\u013c\u0146u un pl\u016bdmai\u0146u ener\u0123ijas sist\u0113m\u0101s. Tas ir svar\u012bgi, lai optimiz\u0113tu ener\u0123ijas uztver\u0161anu un piel\u0101gotos main\u012bgajiem vides apst\u0101k\u013ciem.<\/li>\n<li><strong>M\u0113rogojam\u012bba:<\/strong> Hidraulisk\u0101s sist\u0113mas ir viegli m\u0113rogojamas, \u013caujot piel\u0101got t\u0101s atkar\u012bb\u0101 no da\u017e\u0101d\u0101m ener\u0123ijas ra\u017eo\u0161anas vajadz\u012bb\u0101m. Mainot cilindru izm\u0113ru un skaitu, iek\u0101rtas var piel\u0101got konkr\u0113t\u0101m ener\u0123ijas pras\u012bb\u0101m.<\/li>\n<li><strong>Ener\u0123ijas konversijas efektivit\u0101te:<\/strong> Hidrauliskie cilindri efekt\u012bvi p\u0101rveido vi\u013c\u0146u un pl\u016bdmai\u0146u kust\u012bbas meh\u0101niskaj\u0101 ener\u0123ij\u0101, efekt\u012bvi uztverot ener\u0123iju un p\u0101rveidojot to rot\u0101cijas kust\u012bb\u0101 \u0123eneratoriem vai cit\u0101m ier\u012bc\u0113m.<\/li>\n<li><strong>Minim\u0101la ietekme uz vidi:<\/strong> Sal\u012bdzinot ar cit\u0101m ener\u0123ijas ra\u017eo\u0161anas metod\u0113m, hidrauliskajiem cilindriem ir maza ietekme uz vidi. Tie nerada tie\u0161as emisijas un darbojas klusi, samazinot trok\u0161\u0146a pies\u0101r\u0146ojumu un aizsarg\u0101jot j\u016bras ekosist\u0113mas.<\/li>\n<li><strong>Dizaina elast\u012bba:<\/strong> Hidrauliskie cilindri pied\u0101v\u0101 iev\u0113rojamu konstrukcijas elast\u012bbu, \u013caujot in\u017eenieriem piel\u0101got izm\u0113ru, g\u0101jiena garumu un sp\u0113ka izvadi, lai optimiz\u0113tu sist\u0113mas veiktsp\u0113ju un efektivit\u0101ti konkr\u0113tiem vi\u013c\u0146u un pl\u016bdmai\u0146u ener\u0123ijas ra\u017eo\u0161anas lietojumiem.<\/li>\n<\/ol>\n<p><img loading=\"lazy\" decoding=\"async\" class=\"alignnone  wp-image-819\" src=\"https:\/\/fmp-components.com\/wp-content\/uploads\/2024\/12\/Wave-Tide-Power-Generation-Equipment-Hydraulic-Cylinder.webp\" alt=\"Vi\u013c\u0146u pl\u016bdmai\u0146u ener\u0123ijas ra\u017eo\u0161anas iek\u0101rtu hidrauliskais cilindrs\" width=\"925\" height=\"308\" title=\"\" srcset=\"https:\/\/fmp-components.com\/wp-content\/uploads\/2024\/12\/Wave-Tide-Power-Generation-Equipment-Hydraulic-Cylinder.webp 925w, https:\/\/fmp-components.com\/wp-content\/uploads\/2024\/12\/Wave-Tide-Power-Generation-Equipment-Hydraulic-Cylinder-480x160.webp 480w\" sizes=\"(min-width: 0px) and (max-width: 480px) 480px, (min-width: 481px) 925px, 100vw\" \/><\/p>\n<h3>Izv\u0113lieties FMP hidrauliskos cilindrus vi\u013c\u0146u\/pl\u016bdmai\u0146u ener\u0123ijas ra\u017eo\u0161anai<\/h3>\n<p>FMP ir vado\u0161ais hidraulisko cilindru ra\u017eot\u0101js, kas \u012bpa\u0161i paredz\u0113ti vi\u013c\u0146u un pl\u016bdmai\u0146u ener\u0123ijas ra\u017eo\u0161anai. FMP cilindri, kas ir paz\u012bstami ar savu kvalit\u0101ti, iztur\u012bbu un uzticam\u012bbu, ir ide\u0101li piem\u0113roti skarbai j\u016bras videi.<\/p>\n<h4>FMP hidraulisko cilindru izv\u0113les priek\u0161roc\u012bbas:<\/h4>\n<ul>\n<li><strong>Augsta efektivit\u0101te:<\/strong> FMP hidrauliskie cilindri ir konstru\u0113ti optim\u0101lai efektivit\u0101tei, p\u0101rveidojot vi\u013c\u0146u un pl\u016bdmai\u0146u ener\u0123iju hidrauliskaj\u0101 ener\u0123ij\u0101 ar minim\u0101liem zudumiem.<\/li>\n<li><strong>Ilgs kalpo\u0161anas laiks:<\/strong> \u0160ie cilindri ir rad\u012bti iztur\u012bbai, tiem ir iztur\u012bgas deta\u013cas un konstrukcija, kas iztur sare\u017e\u0123\u012btus j\u016bras apst\u0101k\u013cus.<\/li>\n<li><strong>Zema apkope:<\/strong> FMP hidrauliskie cilindri, kas paredz\u0113ti minim\u0101lai apkopei, prasa maz apkopes, vienlaikus nodro\u0161inot uzticamu veiktsp\u0113ju.<\/li>\n<li><strong>Piel\u0101gojams dizains:<\/strong> FMP pied\u0101v\u0101 pla\u0161u hidraulisko cilindru konstrukciju kl\u0101stu, kas piel\u0101gots katra vi\u013c\u0146u un pl\u016bdmai\u0146u ener\u0123ijas ra\u017eo\u0161anas projekta \u012bpa\u0161aj\u0101m pras\u012bb\u0101m.<\/li>\n<\/ul>\n<p>FMP hidrauliskie cilindri ir veiksm\u012bgi ieviesti da\u017e\u0101dos projektos vis\u0101 pasaul\u0113, tostarp Oyster vi\u013c\u0146u elektrostacij\u0101 Orkneju sal\u0101s, Skotij\u0101, un Penghu paisuma lag\u016bn\u0101 Taiv\u0101n\u0101.<\/p>\n<h4>Apsv\u0113rumi FMP hidraulisko cilindru izv\u0113lei:<\/h4>\n<ol>\n<li><strong>Ener\u0123ijas ra\u017eo\u0161anas ier\u012bces tips:<\/strong> J\u016bsu hidraulisko cilindru \u012bpa\u0161\u0101s pras\u012bbas b\u016bs atkar\u012bgas no izmantot\u0101s ier\u012bces. Piem\u0113ram, vi\u013c\u0146u ener\u0123ijas p\u0101rveidot\u0101jiem (WEC) var b\u016bt nepiecie\u0161ami cilindri ar augstu jaudas bl\u012bvumu un gar\u0101ku g\u0101jiena garumu, savuk\u0101rt paisuma aizsprostiem nepiecie\u0161ami cilindri ar liel\u0101ku sp\u0113ka jaudu.<\/li>\n<li><strong>Darb\u012bbas vide:<\/strong> \u0145emiet v\u0113r\u0101 t\u0101dus faktorus k\u0101 \u016bdens dzi\u013cums, s\u0101\u013cums un temperat\u016bra, jo tie var ietekm\u0113t hidraulisko cilindru veiktsp\u0113ju un ilgm\u016b\u017e\u012bbu.<\/li>\n<li><strong>Bud\u017eets:<\/strong> FMP pied\u0101v\u0101 da\u017e\u0101dus hidrauliskos cilindrus da\u017e\u0101d\u0101s cenu kategorij\u0101s. Ir svar\u012bgi atrast l\u012bdzsvaru starp j\u016bsu bud\u017eetu un nepiecie\u0161amo kvalit\u0101ti un veiktsp\u0113ju.<\/li>\n<\/ol>\n<p>Lai sa\u0146emtu pal\u012bdz\u012bbu pareizo FMP hidraulisko cilindru izv\u0113l\u0113 j\u016bsu vi\u013c\u0146u vai paisuma ener\u0123ijas ra\u017eo\u0161anas projektam, sazinieties tie\u0161i ar FMP. Vi\u0146u pieredz\u0113ju\u0161ie in\u017eenieri ir gatavi pal\u012bdz\u0113t jums atrast lab\u0101kos risin\u0101jumus, kas piel\u0101goti j\u016bsu \u012bpa\u0161aj\u0101m pras\u012bb\u0101m.<\/p>\n<p><img loading=\"lazy\" decoding=\"async\" class=\"alignnone size-full wp-image-818\" src=\"https:\/\/fmp-components.com\/wp-content\/uploads\/2024\/12\/Wave-Tide-Power-Generation-Equipment-Hydraulic-Cylinder-Advantages.webp\" alt=\"Vi\u013c\u0146u-pl\u016bdmai\u0146u-ener\u0123ijas-\u0123ener\u0101cijas-iek\u0101rtu-hidraulisko-cilindru-priek\u0161roc\u012bbas\" width=\"1000\" height=\"501\" title=\"\" srcset=\"https:\/\/fmp-components.com\/wp-content\/uploads\/2024\/12\/Wave-Tide-Power-Generation-Equipment-Hydraulic-Cylinder-Advantages.webp 1000w, https:\/\/fmp-components.com\/wp-content\/uploads\/2024\/12\/Wave-Tide-Power-Generation-Equipment-Hydraulic-Cylinder-Advantages-980x491.webp 980w, https:\/\/fmp-components.com\/wp-content\/uploads\/2024\/12\/Wave-Tide-Power-Generation-Equipment-Hydraulic-Cylinder-Advantages-480x240.webp 480w\" sizes=\"(min-width: 0px) and (max-width: 480px) 480px, (min-width: 481px) and (max-width: 980px) 980px, (min-width: 981px) 1000px, 100vw\" \/><\/p>\n<h3>Par FMP<\/h3>\n<p>FMP ir specializ\u0113ts meh\u0101nisk\u0101s ra\u017eo\u0161anas uz\u0146\u0113mums, kas nodarbojas ar hidraulisko cilindru ra\u017eo\u0161anu. Kop\u0161 dibin\u0101\u0161anas uz\u0146\u0113mums ir koncentr\u0113jies uz hidraulisko tehnolo\u0123iju izp\u0113ti un ra\u017eo\u0161anu, veiksm\u012bgi p\u0101rejot no daudzveid\u012bga produktu kl\u0101sta, kas ietv\u0113ra ra\u017eas nov\u0101k\u0161anas un celtniec\u012bbas tehniku, uz specializ\u0101ciju lauksaimniec\u012bbas traktoru deta\u013c\u0101s. Ar vair\u0101k nek\u0101 desmit gadu pieredzi ra\u017eo\u0161an\u0101 un vad\u012bb\u0101 FMP nodro\u0161ina augstas kvalit\u0101tes produktus, izmantojot progres\u012bvas ra\u017eo\u0161anas metodes.<\/p>\n<p>Uz\u0146\u0113mumam att\u012bstoties, tas ir izstr\u0101d\u0101jis visaptvero\u0161u apstr\u0101des ra\u017eo\u0161anas l\u012bniju, mont\u0101\u017eas l\u012bniju un p\u0101rkl\u0101\u0161anas l\u012bniju. M\u016bsu komandu veido prasm\u012bgs vad\u012bbas person\u0101ls, pieredz\u0113ju\u0161i meh\u0101niskie konstruktori un augsti kvalific\u0113ti tehni\u0137i, kas str\u0101d\u0101 kop\u0101, lai uztur\u0113tu stabilu ra\u017eo\u0161anas kvalit\u0101ti, vienlaikus efekt\u012bvi kontrol\u0113jot procesa nep\u0101rtraukt\u012bbu un efektivit\u0101ti.<\/p>\n<p>FMP iev\u0113ro filozofiju \u201cTehnolo\u0123isk\u0101s inov\u0101cijas veicina progresu, kvalit\u0101te rada z\u012bmolus, meistar\u012bba nodro\u0161ina kvalit\u0101ti un veido ilgtermi\u0146a abpus\u0113ji izdev\u012bgas attiec\u012bbas\u201d. M\u016bsu ap\u0146em\u0161an\u0101s nodro\u0161in\u0101t augstas kvalit\u0101tes produktus un izcilu klientu apkalpo\u0161anu joproj\u0101m ir m\u016bsu galvenais m\u0113r\u0137is, turpinot apmierin\u0101t main\u012bg\u0101s tirgus vajadz\u012bbas.<\/p>\n<p><img loading=\"lazy\" decoding=\"async\" class=\"alignnone size-full wp-image-426\" src=\"https:\/\/fmp-components.com\/wp-content\/uploads\/2024\/12\/Sanitation-Machinery-Locking-Hydraulic-Cylinder-factory.webp\" sizes=\"(min-width: 0px) and (max-width: 480px) 480px, (min-width: 481px) and (max-width: 980px) 980px, (min-width: 981px) and (max-width: 1280px) 1280px, (min-width: 1281px) 1414px, 100vw\" srcset=\"https:\/\/fmp-components.com\/wp-content\/uploads\/2024\/12\/Sanitation-Machinery-Locking-Hydraulic-Cylinder-factory.webp 1414w, https:\/\/fmp-components.com\/wp-content\/uploads\/2024\/12\/Sanitation-Machinery-Locking-Hydraulic-Cylinder-factory-1280x529.webp 1280w, https:\/\/fmp-components.com\/wp-content\/uploads\/2024\/12\/Sanitation-Machinery-Locking-Hydraulic-Cylinder-factory-980x405.webp 980w, https:\/\/fmp-components.com\/wp-content\/uploads\/2024\/12\/Sanitation-Machinery-Locking-Hydraulic-Cylinder-factory-480x198.webp 480w\" alt=\"Sanit\u0101rijas-ma\u0161\u012bnu-blo\u0137\u0113\u0161anas-hidraulisko-cilindru-fabrika\" width=\"1414\" height=\"584\" title=\"\"><\/p>\n<p>Autors: CX<\/p>","protected":false},"excerpt":{"rendered":"<p>Vi\u013c\u0146u\/pl\u016bdmai\u0146u ener\u0123ijas ra\u017eo\u0161anas iek\u0101rtas hidrauliskais cilindrs ir svar\u012bga hidrauliska sast\u0101vda\u013ca, kas paredz\u0113ta, lai izmantotu ener\u0123iju no oke\u0101na vi\u013c\u0146iem un pl\u016bdmai\u0146u kust\u012bb\u0101m. \u0160im cilindram ir iz\u0161\u0137iro\u0161a loma \u016bdens kin\u0113tisk\u0101s ener\u0123ijas p\u0101rveido\u0161an\u0101 meh\u0101nisk\u0101 ener\u0123ij\u0101, atvieglojot da\u017e\u0101du ener\u0123ijas ra\u017eo\u0161anas meh\u0101nismu darb\u012bbu. Izgatavots no augstas iztur\u012bbas, pret koroziju iztur\u012bgiem materi\u0101liem, tas ir izstr\u0101d\u0101ts, lai iztur\u0113tu skarbu j\u016bras vidi, tostarp s\u0101ls\u016bdens iedarb\u012bbu un ekstrem\u0101lus laika apst\u0101k\u013cus. Hidraulisk\u0101 sist\u0113ma nodro\u0161ina vienm\u0113r\u012bgu un efekt\u012bvu kust\u012bbu, maksim\u0101li palielinot ener\u0123ijas uztver\u0161anu, vienlaikus nodro\u0161inot iek\u0101rtas uzticam\u012bbu un iztur\u012bbu. \u0160is hidrauliskais cilindrs ir b\u016btisks vi\u013c\u0146u un pl\u016bdmai\u0146u ener\u0123ijas sist\u0113mu veiktsp\u0113jas optimiz\u0113\u0161anai, b\u016btiski veicinot ilgtsp\u0113j\u012bgus un atjaunojamus ener\u0123ijas risin\u0101jumus.<\/p>","protected":false},"featured_media":817,"comment_status":"open","ping_status":"closed","template":"","meta":{"_et_pb_use_builder":"","_et_pb_old_content":"","_et_gb_content_width":""},"product_brand":[],"product_cat":[29],"product_tag":[],"class_list":{"0":"post-816","1":"product","2":"type-product","3":"status-publish","4":"has-post-thumbnail","6":"product_cat-energy-technology-hydraulic-cylinders","8":"first","9":"instock","10":"shipping-taxable","11":"product-type-simple"},"_links":{"self":[{"href":"https:\/\/fmp-components.com\/lv\/wp-json\/wp\/v2\/product\/816","targetHints":{"allow":["GET"]}}],"collection":[{"href":"https:\/\/fmp-components.com\/lv\/wp-json\/wp\/v2\/product"}],"about":[{"href":"https:\/\/fmp-components.com\/lv\/wp-json\/wp\/v2\/types\/product"}],"replies":[{"embeddable":true,"href":"https:\/\/fmp-components.com\/lv\/wp-json\/wp\/v2\/comments?post=816"}],"wp:featuredmedia":[{"embeddable":true,"href":"https:\/\/fmp-components.com\/lv\/wp-json\/wp\/v2\/media\/817"}],"wp:attachment":[{"href":"https:\/\/fmp-components.com\/lv\/wp-json\/wp\/v2\/media?parent=816"}],"wp:term":[{"taxonomy":"product_brand","embeddable":true,"href":"https:\/\/fmp-components.com\/lv\/wp-json\/wp\/v2\/product_brand?post=816"},{"taxonomy":"product_cat","embeddable":true,"href":"https:\/\/fmp-components.com\/lv\/wp-json\/wp\/v2\/product_cat?post=816"},{"taxonomy":"product_tag","embeddable":true,"href":"https:\/\/fmp-components.com\/lv\/wp-json\/wp\/v2\/product_tag?post=816"}],"curies":[{"name":"wp","href":"https:\/\/api.w.org\/{rel}","templated":true}]}}