{"id":809,"date":"2024-12-18T07:45:43","date_gmt":"2024-12-18T07:45:43","guid":{"rendered":"https:\/\/fmp-components.com\/?page_id=8"},"modified":"2024-12-18T07:51:27","modified_gmt":"2024-12-18T07:51:27","slug":"desalination-equipment-hydraulic-cylinders","status":"publish","type":"product","link":"https:\/\/fmp-components.com\/lv\/product\/desalination-equipment-hydraulic-cylinders\/","title":{"rendered":"Ats\u0101\u013co\u0161anas iek\u0101rtu hidrauliskie cilindri"},"content":{"rendered":"<p style=\"text-align: center;\"><span style=\"font-size: 18pt;\">Ats\u0101\u013co\u0161anas iek\u0101rtu hidrauliskie cilindri<\/span><\/p>\n<p>Ats\u0101\u013co\u0161anas iek\u0101rtu hidrauliskie cilindri ir svar\u012bgi hidrauliskie komponenti, kas \u012bpa\u0161i izstr\u0101d\u0101ti lieto\u0161anai ats\u0101\u013co\u0161anas iek\u0101rt\u0101s. \u0160iem cilindriem ir iz\u0161\u0137iro\u0161a noz\u012bme da\u017e\u0101du \u016bdens att\u012br\u012b\u0161anas proces\u0101 iesaist\u012bto meh\u0101nismu, piem\u0113ram, s\u016bk\u0146u, v\u0101rstu un filtr\u0101cijas sist\u0113mu, kust\u012bbas un darb\u012bbas atvieglo\u0161an\u0101.<\/p>\n<h4>Galven\u0101s iez\u012bmes:<\/h4>\n<ul>\n<li><strong>Augstas iztur\u012bbas konstrukcija:<\/strong> \u0160ie hidrauliskie cilindri, kas izgatavoti no iztur\u012bgiem, korozijiztur\u012bgiem materi\u0101liem, ir paredz\u0113ti, lai iztur\u0113tu skarbos apst\u0101k\u013cus, kas rakstur\u012bgi ats\u0101\u013co\u0161anas darb\u012bb\u0101m, tostarp s\u0101ls\u016bdens un augsta spiediena iedarb\u012bbu.<\/li>\n<li><strong>Uzticama veiktsp\u0113ja:<\/strong> \u0160ie cilindri, kas izstr\u0101d\u0101ti augstai efektivit\u0101tei, nodro\u0161ina past\u0101v\u012bgu un jaud\u012bgu hidraulisko sp\u0113ku, garant\u0113jot ats\u0101\u013co\u0161anas iek\u0101rtu efekt\u012bvu darb\u012bbu un veicinot \u016bdens att\u012br\u012b\u0161anas procesa visp\u0101r\u0113jo uzticam\u012bbu.<\/li>\n<li><strong>Prec\u012bza kontrole:<\/strong> Hidraulisk\u0101 konstrukcija nodro\u0161ina vienm\u0113r\u012bgu un prec\u012bzu regul\u0113\u0161anu, uzlabojot v\u0101rstu un s\u016bk\u0146u darb\u012bbas efektivit\u0101ti, kas ir \u013coti svar\u012bgi \u016bdens pl\u016bsmas un att\u012br\u012b\u0161anas procesu optimiz\u0113\u0161anai.<\/li>\n<li><strong>Daudzpus\u012bgs pielietojums:<\/strong> \u0160ie hidrauliskie cilindri ir piem\u0113roti da\u017e\u0101d\u0101m ats\u0101\u013co\u0161anas tehnolo\u0123ij\u0101m, tostarp reversajai osmozei un daudzpak\u0101pju zibdestil\u0101cijai, un tos var piel\u0101got da\u017e\u0101d\u0101m ekspluat\u0101cijas vajadz\u012bb\u0101m, padarot tos daudzpus\u012bgus da\u017e\u0101diem pielietojumiem.<\/li>\n<li><strong>Zemas apkopes pras\u012bbas:<\/strong> \u0160ie cilindri, kas paredz\u0113ti minim\u0101lam nodilumam, samazina nepiecie\u0161am\u012bbu p\u0113c bie\u017eas apkopes, t\u0101d\u0113j\u0101di samazinot ekspluat\u0101cijas izmaksas un palielinot produktivit\u0101ti ats\u0101\u013co\u0161anas iek\u0101rt\u0101s.<\/li>\n<\/ul>\n<p>Rezum\u0113jot, ats\u0101\u013co\u0161anas iek\u0101rtu hidrauliskie cilindri ir b\u016btiskas sast\u0101vda\u013cas, kas optimiz\u0113 ats\u0101\u013co\u0161anas iek\u0101rtu darb\u012bbu un efektivit\u0101ti, iev\u0113rojami uzlabojot to efektivit\u0101ti sald\u016bdens nodro\u0161in\u0101\u0161an\u0101 no j\u016bras \u016bdens un nodro\u0161inot ilgtsp\u0113j\u012bgu \u016bdens resursu p\u0101rvald\u012bbu.<\/p>\n<h2>Ats\u0101\u013co\u0161anas iek\u0101rtu hidrauliskais cilindrs<\/h2>\n<table style=\"width: 98.4268%; height: 316px;\" border=\"1\" cellspacing=\"0\" cellpadding=\"0\">\n<tbody>\n<tr>\n<td>Produkta nosaukums<\/td>\n<td>Hidrauliskie cilindri ats\u0101\u013co\u0161anas iek\u0101rt\u0101m<\/td>\n<\/tr>\n<tr>\n<td>Funkcijas:<\/td>\n<td>Ieg\u016bstiet un saspiediet j\u016bras \u016bdeni un nog\u0101d\u0101jiet to filtr\u0113\u0161anas ier\u012bc\u0113.<\/td>\n<\/tr>\n<tr>\n<td>Urbuma diametrs:<\/td>\n<td>L\u012bdz 300 mm<\/td>\n<\/tr>\n<tr>\n<td>Stie\u0146a diametrs:<\/td>\n<td>L\u012bdz 185 mm<br \/>\nG\u0101jiens l\u012bdz 1000 mm<\/td>\n<\/tr>\n<tr>\n<td>Darba temperat\u016bra:<\/td>\n<td>-20~30 \u2103<\/td>\n<\/tr>\n<tr>\n<td>Darba \u0101trums:<\/td>\n<td>l\u012bdz 110 mm\/s<\/td>\n<\/tr>\n<tr>\n<td>Darba frekvence:<\/td>\n<td>24 stundas<\/td>\n<\/tr>\n<tr>\n<td>Iek\u0161\u0113j\u0101 un \u0101r\u0113j\u0101 nopl\u016bde:<\/td>\n<td>&lt; 5 ml\/min<\/td>\n<\/tr>\n<tr>\n<td>Spiediens:<\/td>\n<td>l\u012bdz 11 MPa<br \/>\ns\u0101kuma spiediens \uff1c0,1 MPa<\/td>\n<\/tr>\n<tr>\n<td>Lietojumi:<\/td>\n<td>Ats\u0101\u013co\u0161anas iek\u0101rtas<\/td>\n<\/tr>\n<\/tbody>\n<\/table>\n<h2>Ats\u0101\u013co\u0161anas iek\u0101rtu hidraulisk\u0101 cilindra konstrukcijas iez\u012bmes<\/h2>\n<ul>\n<li><strong>Korozijas iztur\u012bba:<\/strong> Izgatavots no dupleksa ner\u016bs\u0113jo\u0161\u0101 t\u0113rauda bez metin\u0101jumiem, \u0161is dizains efekt\u012bvi iztur j\u016bras \u016bdens koroziju, nodro\u0161inot ilgm\u016b\u017e\u012bbu un uzticam\u012bbu.<\/li>\n<li><strong>Uzlabota iztur\u012bba:<\/strong> Hidraulisk\u0101 cilindra korpuss un virzu\u013ca stienis ir p\u0101rkl\u0101ti ar keramikas kr\u0101su, kas nodro\u0161ina paaugstin\u0101tu virsmas nodilumiztur\u012bbu un kop\u0113jo iztur\u012bbu.<\/li>\n<li><strong>Piel\u0101gots bl\u012bv\u0113jums:<\/strong> Lai efekt\u012bvi likvid\u0113tu j\u016bras \u016bden\u012b eso\u0161os mikrobus un smalk\u0101s smiltis, tiek izmantotas specializ\u0113tas bl\u012bv\u0113\u0161anas konfigur\u0101cijas un materi\u0101li, t\u0101d\u0113j\u0101di maksim\u0101li palielinot bl\u012bv\u0113jumu uzticam\u012bbu un kalpo\u0161anas laiku.<\/li>\n<li><strong>Optimiz\u0113ta v\u0101rstu konstrukcija:<\/strong> Hidrauliskajam cilindram ir speci\u0101li izstr\u0101d\u0101ts j\u016bras \u016bdens iepl\u016bdes un izpl\u016bdes v\u0101rsts, kas nodro\u0161ina efekt\u012bvu j\u016bras \u016bdens transport\u0113\u0161anu.<\/li>\n<li><strong>T\u012bras mont\u0101\u017eas process:<\/strong> Unik\u0101la mont\u0101\u017eas un attauko\u0161anas proced\u016bra nodro\u0161ina, ka hidrauliskais cilindrs ir bez e\u013c\u013cas traipiem, t\u0101d\u0113j\u0101di saglab\u0101jot optim\u0101lu veiktsp\u0113ju un t\u012br\u012bbu.<\/li>\n<\/ul>\n<p><img loading=\"lazy\" decoding=\"async\" class=\"wp-image-813 aligncenter\" src=\"https:\/\/fmp-components.com\/wp-content\/uploads\/2024\/12\/Hydraulic-Cylinders-in-Desalination-Equipment-Benefits.webp\" alt=\"Hidraulisko cilindru ats\u0101\u013co\u0161anas iek\u0101rtu priek\u0161roc\u012bbas\" width=\"814\" height=\"407\" title=\"\"><\/p>\n<h2>Hidraulisko cilindru priek\u0161roc\u012bbas ats\u0101\u013co\u0161anas iek\u0101rt\u0101s<\/h2>\n<p>Hidrauliskie cilindri sniedz daudzas priek\u0161roc\u012bbas ats\u0101\u013co\u0161anas iek\u0101rt\u0101m, tostarp:<\/p>\n<ol>\n<li><strong>Augsta jaudas un svara attiec\u012bba:<\/strong> \u0160ie cilindri nodro\u0161ina iev\u0113rojamu sp\u0113ku, vienlaikus saglab\u0101jot relat\u012bvi vieglu svaru, kas ir \u013coti svar\u012bgi ats\u0101\u013co\u0161anas sist\u0113m\u0101m, kur\u0101m j\u0101p\u0101rvad\u0101 smagas sast\u0101vda\u013cas, piem\u0113ram, RO membr\u0101nas un s\u0101ls\u016bdens kolektori.<\/li>\n<li><strong>Main\u012bga \u0101truma kontrole:<\/strong> Hidrauliskos cilindrus var regul\u0113t, lai tie kust\u0113tos ar da\u017e\u0101du \u0101trumu, kas \u013cauj prec\u012bzi kontrol\u0113t ats\u0101\u013co\u0161anas procesus, piem\u0113ram, s\u0101ls\u016bdens atgr\u016b\u0161anas \u0101trumu un membr\u0101nas t\u012br\u012b\u0161anas \u0101trumu.<\/li>\n<li><strong>Pozicion\u0113\u0161anas precizit\u0101te:<\/strong> Tie \u013cauj prec\u012bzi pozicion\u0113t iek\u0101rtu komponentus, nodro\u0161inot optim\u0101lu darb\u012bbu un efektivit\u0101ti ats\u0101\u013co\u0161anas procesos.<\/li>\n<li><strong>Efekt\u012bva ener\u0123ijas izmanto\u0161ana:<\/strong> Hidraulisk\u0101s sist\u0113mas ir paz\u012bstamas ar savu energoefektivit\u0101ti, kas ir b\u016btiska ats\u0101\u013co\u0161anas iek\u0101rt\u0101m, kur\u0101m j\u0101darbojas nep\u0101rtraukti.<\/li>\n<li><strong>Iztur\u012bba un uzticam\u012bba:<\/strong> Hidrauliskie cilindri ir izgatavoti t\u0101, lai tie b\u016btu iztur\u012bgi un uzticami, sp\u0113jot iztur\u0113t skarbos apst\u0101k\u013cus, kas rakstur\u012bgi ats\u0101\u013co\u0161anas iek\u0101rt\u0101m, tostarp augstu temperat\u016bru un pak\u013cau\u0161anu kod\u012bg\u0101m \u0137\u012bmisk\u0101m viel\u0101m.<\/li>\n<\/ol>\n<p><img loading=\"lazy\" decoding=\"async\" class=\"alignnone  wp-image-814\" src=\"https:\/\/fmp-components.com\/wp-content\/uploads\/2024\/12\/Desalination-Equipment-Hydraulic-Cylinder.webp\" alt=\"Ats\u0101\u013co\u0161anas iek\u0101rtas hidrauliskais cilindrs\" width=\"900\" height=\"451\" title=\"\"><\/p>\n<h3>Par FMP<\/h3>\n<p>FMP ir specializ\u0113ts meh\u0101nisk\u0101s ra\u017eo\u0161anas uz\u0146\u0113mums, kas nodarbojas ar hidraulisko cilindru ra\u017eo\u0161anu. Kop\u0161 dibin\u0101\u0161anas uz\u0146\u0113mums ir koncentr\u0113jies uz hidraulisko tehnolo\u0123iju izp\u0113ti un ra\u017eo\u0161anu, veiksm\u012bgi p\u0101rejot no daudzveid\u012bga produktu kl\u0101sta, kas ietv\u0113ra ra\u017eas nov\u0101k\u0161anas un celtniec\u012bbas tehniku, uz specializ\u0101ciju lauksaimniec\u012bbas traktoru deta\u013c\u0101s. Ar vair\u0101k nek\u0101 desmit gadu pieredzi ra\u017eo\u0161an\u0101 un vad\u012bb\u0101 FMP nodro\u0161ina augstas kvalit\u0101tes produktus, izmantojot progres\u012bvas ra\u017eo\u0161anas metodes.<\/p>\n<p>Uz\u0146\u0113mumam att\u012bstoties, tas ir izstr\u0101d\u0101jis visaptvero\u0161u apstr\u0101des ra\u017eo\u0161anas l\u012bniju, mont\u0101\u017eas l\u012bniju un p\u0101rkl\u0101\u0161anas l\u012bniju. M\u016bsu komandu veido prasm\u012bgs vad\u012bbas person\u0101ls, pieredz\u0113ju\u0161i meh\u0101niskie konstruktori un augsti kvalific\u0113ti tehni\u0137i, kas str\u0101d\u0101 kop\u0101, lai uztur\u0113tu stabilu ra\u017eo\u0161anas kvalit\u0101ti, vienlaikus efekt\u012bvi kontrol\u0113jot procesa nep\u0101rtraukt\u012bbu un efektivit\u0101ti.<\/p>\n<p>FMP iev\u0113ro filozofiju \u201cTehnolo\u0123isk\u0101s inov\u0101cijas veicina progresu, kvalit\u0101te rada z\u012bmolus, meistar\u012bba nodro\u0161ina kvalit\u0101ti un veido ilgtermi\u0146a abpus\u0113ji izdev\u012bgas attiec\u012bbas\u201d. M\u016bsu ap\u0146em\u0161an\u0101s nodro\u0161in\u0101t augstas kvalit\u0101tes produktus un izcilu klientu apkalpo\u0161anu joproj\u0101m ir m\u016bsu galvenais m\u0113r\u0137is, turpinot apmierin\u0101t main\u012bg\u0101s tirgus vajadz\u012bbas.<\/p>\n<p><img loading=\"lazy\" decoding=\"async\" class=\"alignnone size-full wp-image-426\" src=\"https:\/\/fmp-components.com\/wp-content\/uploads\/2024\/12\/Sanitation-Machinery-Locking-Hydraulic-Cylinder-factory.webp\" sizes=\"(min-width: 0px) and (max-width: 480px) 480px, (min-width: 481px) and (max-width: 980px) 980px, (min-width: 981px) and (max-width: 1280px) 1280px, (min-width: 1281px) 1414px, 100vw\" srcset=\"https:\/\/fmp-components.com\/wp-content\/uploads\/2024\/12\/Sanitation-Machinery-Locking-Hydraulic-Cylinder-factory.webp 1414w, https:\/\/fmp-components.com\/wp-content\/uploads\/2024\/12\/Sanitation-Machinery-Locking-Hydraulic-Cylinder-factory-1280x529.webp 1280w, https:\/\/fmp-components.com\/wp-content\/uploads\/2024\/12\/Sanitation-Machinery-Locking-Hydraulic-Cylinder-factory-980x405.webp 980w, https:\/\/fmp-components.com\/wp-content\/uploads\/2024\/12\/Sanitation-Machinery-Locking-Hydraulic-Cylinder-factory-480x198.webp 480w\" alt=\"Sanit\u0101rijas-ma\u0161\u012bnu-blo\u0137\u0113\u0161anas-hidraulisko-cilindru-fabrika\" width=\"1414\" height=\"584\" title=\"\"><\/p>\n<p>Autors: CX<\/p>\n<p>&nbsp;<\/p>","protected":false},"excerpt":{"rendered":"<p>Ats\u0101\u013co\u0161anas iek\u0101rtu hidrauliskie cilindri ir kritiski svar\u012bgas sast\u0101vda\u013cas, ko izmanto ats\u0101\u013co\u0161anas iek\u0101rt\u0101s, lai atvieglotu da\u017e\u0101du \u016bdens att\u012br\u012b\u0161anas proces\u0101 iesaist\u012bto meh\u0101nismu kust\u012bbu un darb\u012bbu. \u0160ie hidrauliskie cilindri nodro\u0161ina nepiecie\u0161amo sp\u0113ku v\u0101rstu, s\u016bk\u0146u un cita apr\u012bkojuma vad\u012bbai, nodro\u0161inot efekt\u012bvu darb\u012bbu j\u016bras \u016bdens p\u0101rv\u0113r\u0161an\u0101 sald\u016bden\u012b. Izgatavoti no augstas iztur\u012bbas, pret koroziju iztur\u012bgiem materi\u0101liem, tie ir paredz\u0113ti, lai iztur\u0113tu skarbos apst\u0101k\u013cus, kas rakstur\u012bgi ats\u0101\u013co\u0161anas videi, tostarp s\u0101ls\u016bdens un augsta spiediena iedarb\u012bbu. Vienm\u0113r\u012bg\u0101 hidraulisk\u0101 darb\u012bba \u013cauj prec\u012bzi kontrol\u0113t un regul\u0113t, uzlabojot ats\u0101\u013co\u0161anas procesa kop\u0113jo efektivit\u0101ti un uzticam\u012bbu. \u0160iem hidrauliskajiem cilindriem ir b\u016btiska loma ats\u0101\u013co\u0161anas iek\u0101rtu darb\u012bbas optimiz\u0113\u0161an\u0101, iev\u0113rojami veicinot efekt\u012bvu \u016bdens resursu p\u0101rvald\u012bbu.<\/p>","protected":false},"featured_media":812,"comment_status":"open","ping_status":"closed","template":"","meta":{"_et_pb_use_builder":"","_et_pb_old_content":"","_et_gb_content_width":""},"product_brand":[],"product_cat":[29],"product_tag":[],"class_list":{"0":"post-809","1":"product","2":"type-product","3":"status-publish","4":"has-post-thumbnail","6":"product_cat-energy-technology-hydraulic-cylinders","8":"first","9":"instock","10":"shipping-taxable","11":"product-type-simple"},"_links":{"self":[{"href":"https:\/\/fmp-components.com\/lv\/wp-json\/wp\/v2\/product\/809","targetHints":{"allow":["GET"]}}],"collection":[{"href":"https:\/\/fmp-components.com\/lv\/wp-json\/wp\/v2\/product"}],"about":[{"href":"https:\/\/fmp-components.com\/lv\/wp-json\/wp\/v2\/types\/product"}],"replies":[{"embeddable":true,"href":"https:\/\/fmp-components.com\/lv\/wp-json\/wp\/v2\/comments?post=809"}],"wp:featuredmedia":[{"embeddable":true,"href":"https:\/\/fmp-components.com\/lv\/wp-json\/wp\/v2\/media\/812"}],"wp:attachment":[{"href":"https:\/\/fmp-components.com\/lv\/wp-json\/wp\/v2\/media?parent=809"}],"wp:term":[{"taxonomy":"product_brand","embeddable":true,"href":"https:\/\/fmp-components.com\/lv\/wp-json\/wp\/v2\/product_brand?post=809"},{"taxonomy":"product_cat","embeddable":true,"href":"https:\/\/fmp-components.com\/lv\/wp-json\/wp\/v2\/product_cat?post=809"},{"taxonomy":"product_tag","embeddable":true,"href":"https:\/\/fmp-components.com\/lv\/wp-json\/wp\/v2\/product_tag?post=809"}],"curies":[{"name":"wp","href":"https:\/\/api.w.org\/{rel}","templated":true}]}}