{"id":7978,"date":"2025-04-15T02:14:53","date_gmt":"2025-04-15T02:14:53","guid":{"rendered":"https:\/\/fmp-components.com\/?post_type=product&#038;p=7978"},"modified":"2025-04-15T02:31:38","modified_gmt":"2025-04-15T02:31:38","slug":"plastic-rack-and-pinion","status":"publish","type":"product","link":"https:\/\/fmp-components.com\/lv\/product\/plastic-rack-and-pinion\/","title":{"rendered":"Plastmasas zobrats un zobrats"},"content":{"rendered":"<h2>Plastmasas zobrats un zobrats: precizit\u0101te un iztur\u012bba It\u0101lijas r\u016bpniec\u012bbai<\/h2>\n<p>Ma\u0161\u012bnb\u016bv\u0113 plastmasas zobratu un zobratu sist\u0113mas ir uzticams risin\u0101jums rot\u0101cijas kust\u012bbas p\u0101rveido\u0161anai line\u0101r\u0101 kust\u012bb\u0101 (vai otr\u0101di). Meh\u0101nisms, kas sast\u0101v no line\u0101ra zobrata un savienotiem zobratiem, tiek izmantots pla\u0161\u0101 nozaru kl\u0101st\u0101, pateicoties t\u0101 precizit\u0101tei, iztur\u012bbai un daudzpus\u012bbai. It\u0101lij\u0101, s\u0101kot no Mil\u0101nas r\u016bpniec\u012bbas centra l\u012bdz Bolo\u0146as ra\u017eo\u0161anas centram, plastmasas zobratu un zobratu sist\u0113mas ir k\u013cuvu\u0161as par neat\u0146emamu sast\u0101vda\u013cu t\u0101d\u0101s lietojumprogramm\u0101s k\u0101 automatiz\u0101cija, CNC darbgaldi un st\u016bres sist\u0113mas.<\/p>\n<p>Izgatavotas no augstas veiktsp\u0113jas materi\u0101liem, piem\u0113ram, neilona un polioksimetil\u0113na, plastmasas zobratu un zobratu sist\u0113mas pied\u0101v\u0101 iev\u0113rojamas priek\u0161roc\u012bbas sal\u012bdzin\u0101jum\u0101 ar met\u0101la zobratu un zobratu sist\u0113m\u0101m. \u0160\u012bs priek\u0161roc\u012bbas ietver zem\u0101ku trok\u0161\u0146a l\u012bmeni, liel\u0101ku nodilumiztur\u012bbu un pa\u0161e\u013c\u013cojo\u0161as \u012bpa\u0161\u012bbas, padarot t\u0101s ide\u0101li piem\u0113rotas vid\u0113m ar augst\u0101m apkopes pras\u012bb\u0101m. Neatkar\u012bgi no t\u0101, vai t\u0101 ir m\u0101kslas darbn\u012bca Florenc\u0113 vai j\u016bras nozare Ven\u0113cij\u0101, plastmasas zobrati pied\u0101v\u0101 rentablus, augstas kvalit\u0101tes risin\u0101jumus, lai apmierin\u0101tu da\u017e\u0101das vajadz\u012bbas.<\/p>\n<div>\n<h3 dir=\"auto\">Plastmasas zobrata un zobrata priek\u0161roc\u012bbas<\/h3>\n<h4 dir=\"auto\">Iztur\u012bba un nodilumiztur\u012bba<\/h4>\n<p class=\"break-words\" dir=\"auto\">Plastmasas zobrati, \u012bpa\u0161i tie, kas izgatavoti no neilona plastmasas vai acet\u0101la plastmasas, ir izstr\u0101d\u0101ti ilgam kalpo\u0161anas laikam. To rakstur\u012bg\u0101 nodilumiztur\u012bba nodro\u0161ina nemain\u012bgu veiktsp\u0113ju sare\u017e\u0123\u012btos apst\u0101k\u013cos, piem\u0113ram, liftos un dzelzce\u013ca sist\u0113m\u0101s t\u0101d\u0101s It\u0101lijas pils\u0113t\u0101s k\u0101 Mil\u0101na un Bolo\u0146a. At\u0161\u0137ir\u012bb\u0101 no met\u0101la zobratiem, plastmasas zobrati ir iztur\u012bgi pret koroziju un tiem nepiecie\u0161ama minim\u0101la e\u013c\u013co\u0161ana, t\u0101d\u0113j\u0101di samazinot apkopes izmaksas.<\/p>\n<h4 dir=\"auto\">Trok\u0161\u0146u samazin\u0101\u0161ana<\/h4>\n<p class=\"break-words\" dir=\"auto\">Vid\u0113s, kur trok\u0161\u0146u kontrole ir kritiski svar\u012bga, piem\u0113ram, iepako\u0161anas ma\u0161\u012bn\u0101s Florenc\u0113 vai automatiz\u0101cijas sist\u0113m\u0101s Ven\u0113cij\u0101, plastmasas zobratu un stie\u0146u sist\u0113mas ir izcilas. Izmantotie polim\u0113ri sl\u0101p\u0113 vibr\u0101cijas, k\u0101 rezult\u0101t\u0101 darbojas klus\u0101k sal\u012bdzin\u0101jum\u0101 ar met\u0101la alternat\u012bv\u0101m, uzlabojot dro\u0161\u012bbu un komfortu darba viet\u0101.<\/p>\n<h4 dir=\"auto\">Viegls un rentabls<\/h4>\n<p class=\"break-words\" dir=\"auto\">Plastmasas zobrati ir iev\u0113rojami viegl\u0101ki nek\u0101 met\u0101la, padarot tos ide\u0101li piem\u0113rotus lietojumiem, kuriem nepiecie\u0161ams samazin\u0101ts svars, piem\u0113ram, k\u0101p\u0146u pac\u0113l\u0101jiem vai pneimatiskajiem izpildmeh\u0101nismiem Bolo\u0146\u0101. To izmaksu efektivit\u0101te piesaista ar\u012b uz\u0146\u0113mumus, kas mekl\u0113 augstas kvalit\u0101tes risin\u0101jumus, nep\u0101rsniedzot bud\u017eetu, kas ir priorit\u0101te nozar\u0113m vis\u0101 It\u0101lij\u0101.<\/p>\n<h4 dir=\"auto\">Pa\u0161e\u013c\u013cojo\u0161as \u012bpa\u0161\u012bbas<\/h4>\n<p class=\"break-words\" dir=\"auto\">FMP produktu kl\u0101sta materi\u0101li ir pa\u0161e\u013c\u013cojo\u0161i un tiem nav nepiecie\u0161ama bie\u017ea e\u013c\u013co\u0161ana, kas ir \u012bpa\u0161i svar\u012bga putek\u013cain\u0101 vai net\u012br\u0101 vid\u0113, kas rakstur\u012bga Mil\u0101nas un Ven\u0113cijas ra\u017eotn\u0113m, kur tradicion\u0101l\u0101s e\u013c\u013co\u0161anas metodes nav praktiskas.<\/p>\n<div>\n<h3 dir=\"auto\">Plastmasas zobrata un zobrata pielietojums<\/h3>\n<p class=\"break-words\" dir=\"auto\">Plastmasas zobratu un stie\u0146u sist\u0113mas ir \u013coti daudzpus\u012bgas, kalpojot pla\u0161am nozaru kl\u0101stam ar uzticamu veiktsp\u0113ju:<\/p>\n<ul class=\"marker:text-secondary\" dir=\"auto\">\n<li class=\"break-words\"><strong>Automatiz\u0101cija un CNC iek\u0101rtas<\/strong>Plastmasas zobratu stat\u012bvi nodro\u0161ina prec\u012bzu line\u0101ru kust\u012bbu CNC ma\u0161\u012bn\u0101s, uzlabojot produktivit\u0101ti progres\u012bv\u0101s ra\u017eo\u0161anas vid\u0113s.<\/li>\n<li class=\"break-words\"><strong>St\u016bres meh\u0101nismi<\/strong>No maziem transportl\u012bdzek\u013ciem l\u012bdz r\u016bpniecisk\u0101m iek\u0101rt\u0101m plastmasas bag\u0101\u017enieki nodro\u0161ina vieglus un atsauc\u012bgus st\u016br\u0113\u0161anas risin\u0101jumus.<\/li>\n<li class=\"break-words\"><strong>Lifti un pacel\u0161anas sist\u0113mas<\/strong>Plastmasas zobratu stat\u012bvi nodro\u0161ina iztur\u012bgu un efekt\u012bvu darb\u012bbu liftos un pacel\u0161anas sist\u0113m\u0101s, kur telpa un uzticam\u012bba ir kritiski svar\u012bgas.<\/li>\n<li class=\"break-words\"><strong>Iepako\u0161anas un pozicion\u0113\u0161anas sist\u0113mas<\/strong>Iepako\u0161anas ma\u0161\u012bn\u0101s plastmasas stat\u012bvi nodro\u0161ina vienm\u0113r\u012bgu un prec\u012bzu kust\u012bbas kontroli, atbalstot augstas precizit\u0101tes darb\u012bbas.<\/li>\n<\/ul>\n<p class=\"break-words\" dir=\"auto\">\u0160ie pielietojumi demonstr\u0113 plastmasas zobratu un zobratu sist\u0113mu piel\u0101gojam\u012bbu, prec\u012bzi un efekt\u012bvi apmierinot da\u017e\u0101das r\u016bpniec\u012bbas pras\u012bbas.<\/p>\n<p dir=\"auto\"><img loading=\"lazy\" decoding=\"async\" class=\"size-full wp-image-7987 aligncenter\" src=\"https:\/\/fmp-components.com\/wp-content\/uploads\/2025\/04\/custom-nylon-rack-and-pinion-2.webp\" alt=\"piel\u0101gots neilona zobrats un zobrats\" width=\"720\" height=\"720\" title=\"\" srcset=\"https:\/\/fmp-components.com\/wp-content\/uploads\/2025\/04\/custom-nylon-rack-and-pinion-2.webp 720w, https:\/\/fmp-components.com\/wp-content\/uploads\/2025\/04\/custom-nylon-rack-and-pinion-2-480x480.webp 480w\" sizes=\"(min-width: 0px) and (max-width: 480px) 480px, (min-width: 481px) 720px, 100vw\" \/><\/p>\n<div>\n<h3 dir=\"auto\">K\u0101p\u0113c izv\u0113l\u0113ties plastmasu, nevis met\u0101lu?<\/h3>\n<p class=\"break-words\" dir=\"auto\">Lai gan met\u0101la zobratu plaukti ir iztur\u012bgi, plastmasas plauktiem ir unik\u0101las priek\u0161roc\u012bbas, kas atbilst m\u016bsdienu r\u016bpniec\u012bbas vajadz\u012bb\u0101m:<\/p>\n<ul class=\"marker:text-secondary\" dir=\"auto\">\n<li class=\"break-words\"><strong>Korozijas iztur\u012bba<\/strong>Plastmasas stat\u012bvi iztur mitrumu bez r\u016bs\u0113\u0161anas, padarot tos ide\u0101li piem\u0113rotus mitrai vai sare\u017e\u0123\u012btai videi.<\/li>\n<li class=\"break-words\"><strong>Piel\u0101go\u0161ana<\/strong>Plastmasas plauktus var piel\u0101got konkr\u0113tiem izm\u0113riem un modu\u013ciem, atbilstot inovat\u012bvu dizainu individu\u0101laj\u0101m pras\u012bb\u0101m.<\/li>\n<li class=\"break-words\"><strong>Videi draudz\u012bgs<\/strong>Plastmasas zobrati, \u012bpa\u0161i tie, kas izgatavoti no p\u0101rstr\u0101d\u0101jamiem materi\u0101liem, atbalsta ilgtsp\u0113j\u012bgu praksi, piesaistot videi apzin\u012bgus uz\u0146\u0113mumus.<\/li>\n<\/ul>\n<p class=\"break-words\" dir=\"auto\">OEM ra\u017eot\u0101jiem un met\u0101la nomai\u0146as vajadz\u012bb\u0101m plastmasas zobratu un stie\u0146u sist\u0113mas nodro\u0161ina nozares standartiem atbilsto\u0161u veiktsp\u0113ju, garant\u0113jot neman\u0101mu integr\u0101ciju eso\u0161aj\u0101s sist\u0113m\u0101s.<\/p>\n<div class=\"message-bubble rounded-3xl prose dark:prose-invert break-words text-primary min-h-7 prose-p:opacity-95 prose-strong:opacity-100 w-full max-w-none\" dir=\"auto\">\n<h3 dir=\"auto\">Tehnisk\u0101s specifik\u0101cijas<\/h3>\n<p class=\"break-words\" dir=\"auto\">Plastmasas zobratu un zobratu sist\u0113mas ir pieejamas da\u017e\u0101d\u0101s konfigur\u0101cij\u0101s, lai t\u0101s atbilstu konkr\u0113tiem pielietojumiem. Piem\u0113ram:<\/p>\n<ul class=\"marker:text-secondary\" dir=\"auto\">\n<li class=\"break-words\"><strong>Modulis<\/strong>No 0,5 l\u012bdz 10, piem\u0113rots gan nelieliem, gan lieljaudas uzdevumiem.<\/li>\n<li class=\"break-words\"><strong>Materi\u0101li<\/strong>T\u0101das iesp\u0113jas k\u0101 p\u0101rtikas kvalit\u0101tes ar e\u013c\u013cu pild\u012bts neilons un acet\u0101ls nodro\u0161ina atbilst\u012bbu dro\u0161\u012bbas standartiem, kas ir vit\u0101li svar\u012bgi da\u017e\u0101d\u0101m nozar\u0113m.<\/li>\n<li class=\"break-words\"><strong>Izm\u0113ri<\/strong>Standarta garumi no 100 mm l\u012bdz 2000 mm, ar piel\u0101gotiem garumiem specializ\u0113tiem projektiem.<\/li>\n<li class=\"break-words\"><strong>Apdare<\/strong>Nesl\u012bp\u0113ti vai sl\u012bp\u0113ti zobi da\u017e\u0101diem precizit\u0101tes l\u012bme\u0146iem, kas atbilst augsto tehnolo\u0123iju nozaru vajadz\u012bb\u0101m.<\/li>\n<\/ul>\n<p class=\"break-words\" dir=\"auto\">\u0160\u012bs specifik\u0101cijas padara plastmasas plauktus daudzpus\u012bgus pielietojumiem, s\u0101kot no dzi\u013cuma m\u0113r\u012bt\u0101jiem l\u012bdz v\u0101rtu sist\u0113m\u0101m, da\u017e\u0101d\u0101s nozar\u0113s.<\/p>\n<p dir=\"auto\"><img loading=\"lazy\" decoding=\"async\" class=\"wp-image-7985 aligncenter\" src=\"https:\/\/fmp-components.com\/wp-content\/uploads\/2025\/04\/high-quality-material.webp\" alt=\"augstas kvalit\u0101tes materi\u0101ls\" width=\"837\" height=\"699\" title=\"\" srcset=\"https:\/\/fmp-components.com\/wp-content\/uploads\/2025\/04\/high-quality-material.webp 837w, https:\/\/fmp-components.com\/wp-content\/uploads\/2025\/04\/high-quality-material-480x401.webp 480w\" sizes=\"(min-width: 0px) and (max-width: 480px) 480px, (min-width: 481px) 837px, 100vw\" \/><\/p>\n<div>\n<h2 class=\"\" dir=\"auto\">Par FMP: J\u016bsu uzticamais plastmasas zobratu partneris It\u0101lij\u0101<\/h2>\n<p class=\"break-words\" dir=\"auto\">Uz\u0146\u0113mum\u0101 FMP m\u0113s lepojamies ar to, ka esam vado\u0161ais plastmasas zobratu ra\u017eot\u0101js, tostarp augstas kvalit\u0101tes plastmasas zobratu un zobratu sist\u0113mu ra\u017eot\u0101js. M\u016bsu produktu kl\u0101st\u0101 ir standarta apstr\u0101d\u0101ti cilindriski zobrati, lieti zobrati un zobratu stat\u012bvi, kas izgatavoti no augst\u0101k\u0101s kvalit\u0101tes materi\u0101liem, piem\u0113ram, neilona un acet\u0101la, un ir izstr\u0101d\u0101ti, lai apmierin\u0101tu da\u017e\u0101das r\u016bpniec\u012bbas pras\u012bbas.<\/p>\n<p class=\"break-words\" dir=\"auto\">FMP specializ\u0113jas ar\u012b piel\u0101gotu plastmasas zobratu izgatavo\u0161an\u0101, pied\u0101v\u0101jot piel\u0101gotus risin\u0101jumus unik\u0101liem pielietojumiem. Ja m\u016bsu produktu sarakstos nevarat atrast nepiecie\u0161amo konkr\u0113to modeli, neuztraucieties \u2014 tas, iesp\u0113jams, v\u0113l nav aug\u0161upiel\u0101d\u0113ts. Vienk\u0101r\u0161i rakstiet mums e-pastu ar sav\u0101m pras\u012bb\u0101m, un m\u016bsu prasm\u012bgie in\u017eenieri atbild\u0113s 24 stundu laik\u0101 ar risin\u0101jumu, kas izstr\u0101d\u0101ts atbilsto\u0161i j\u016bsu specifik\u0101cij\u0101m.<\/p>\n<p class=\"break-words\" dir=\"auto\">Sazinieties ar FMP jau \u0161odien, lai iepaz\u012btos ar m\u016bsu pilnu plastmasas zobratu kl\u0101stu un uzzin\u0101tu, k\u0101 m\u0113s varam atbalst\u012bt j\u016bsu projektus vis\u0101 It\u0101lij\u0101.<\/p>\n<p dir=\"auto\"><img loading=\"lazy\" decoding=\"async\" class=\"size-full wp-image-7986 aligncenter\" src=\"https:\/\/fmp-components.com\/wp-content\/uploads\/2025\/04\/plastic-gear-and-rack.webp\" alt=\"plastmasas zobrats un plaukts\" width=\"891\" height=\"279\" title=\"\" srcset=\"https:\/\/fmp-components.com\/wp-content\/uploads\/2025\/04\/plastic-gear-and-rack.webp 891w, https:\/\/fmp-components.com\/wp-content\/uploads\/2025\/04\/plastic-gear-and-rack-480x150.webp 480w\" sizes=\"(min-width: 0px) and (max-width: 480px) 480px, (min-width: 481px) 891px, 100vw\" \/><\/p>\n<\/div>\n<\/div>\n<\/div>\n<\/div>\n<\/div>","protected":false},"excerpt":{"rendered":"<p>Plastic Rack and Pinion: Precision and Durability for Italian Industries In mechanical engineering, plastic rack and pinion systems are a reliable solution for converting rotary motion to linear motion (or vice versa). Consisting of a linear rack and meshing pinions, the mechanism is used across a wide range of industries for its precision, durability and [&hellip;]<\/p>","protected":false},"featured_media":7989,"comment_status":"open","ping_status":"closed","template":"","meta":{"_et_pb_use_builder":"","_et_pb_old_content":"","_et_gb_content_width":""},"product_brand":[],"product_cat":[117],"product_tag":[],"class_list":{"0":"post-7978","1":"product","2":"type-product","3":"status-publish","4":"has-post-thumbnail","6":"product_cat-plastic-gears","8":"first","9":"instock","10":"shipping-taxable","11":"product-type-simple"},"_links":{"self":[{"href":"https:\/\/fmp-components.com\/lv\/wp-json\/wp\/v2\/product\/7978","targetHints":{"allow":["GET"]}}],"collection":[{"href":"https:\/\/fmp-components.com\/lv\/wp-json\/wp\/v2\/product"}],"about":[{"href":"https:\/\/fmp-components.com\/lv\/wp-json\/wp\/v2\/types\/product"}],"replies":[{"embeddable":true,"href":"https:\/\/fmp-components.com\/lv\/wp-json\/wp\/v2\/comments?post=7978"}],"wp:featuredmedia":[{"embeddable":true,"href":"https:\/\/fmp-components.com\/lv\/wp-json\/wp\/v2\/media\/7989"}],"wp:attachment":[{"href":"https:\/\/fmp-components.com\/lv\/wp-json\/wp\/v2\/media?parent=7978"}],"wp:term":[{"taxonomy":"product_brand","embeddable":true,"href":"https:\/\/fmp-components.com\/lv\/wp-json\/wp\/v2\/product_brand?post=7978"},{"taxonomy":"product_cat","embeddable":true,"href":"https:\/\/fmp-components.com\/lv\/wp-json\/wp\/v2\/product_cat?post=7978"},{"taxonomy":"product_tag","embeddable":true,"href":"https:\/\/fmp-components.com\/lv\/wp-json\/wp\/v2\/product_tag?post=7978"}],"curies":[{"name":"wp","href":"https:\/\/api.w.org\/{rel}","templated":true}]}}