{"id":7977,"date":"2025-04-15T01:36:16","date_gmt":"2025-04-15T01:36:16","guid":{"rendered":"https:\/\/fmp-components.com\/?post_type=product&#038;p=7977"},"modified":"2025-04-15T01:50:22","modified_gmt":"2025-04-15T01:50:22","slug":"plastic-gear-set","status":"publish","type":"product","link":"https:\/\/fmp-components.com\/lv\/product\/plastic-gear-set\/","title":{"rendered":"Plastmasas zobratu komplekts"},"content":{"rendered":"<h2>Plastmasas zobratu komplekti: precizit\u0101te un daudzpus\u012bba meh\u0101niskiem pielietojumiem<\/h2>\n<p>Plastmasas zobratu komplekti ir b\u016btiskas m\u016bsdienu meh\u0101nisko sist\u0113mu sast\u0101vda\u013cas, kas pied\u0101v\u0101 vieglus, iztur\u012bgus un rentablus risin\u0101jumus jaudas p\u0101rvadei. \u0160ie komplekti parasti ietver da\u017e\u0101da izm\u0113ra un zobu skaita zobratus, kas paredz\u0113ti neman\u0101mai sadarb\u012bbai da\u017e\u0101d\u0101s lietojumprogramm\u0101s, s\u0101kot no robotikas l\u012bdz pat pla\u0161a pat\u0113ri\u0146a elektronikai. It\u0101lijas inov\u0101ciju virz\u012btaj\u0101s pils\u0113t\u0101s, piem\u0113ram, Mil\u0101n\u0101, Ven\u0113cij\u0101, Florenc\u0113 un Bolo\u0146\u0101, plastmasas zobratu komplekti tiek pla\u0161i izmantoti to iztur\u012bbas pret r\u016bsu, zem\u0101s apkopes un sp\u0113jas darboties bez e\u013c\u013co\u0161anas d\u0113\u013c. Izgatavoti no augstas kvalit\u0101tes in\u017eeniertehnisk\u0101s plastmasas, tie nodro\u0161ina uzticamu veiktsp\u0113ju da\u017e\u0101d\u0101s nozar\u0113s.<\/p>\n<div>\n<h3 dir=\"auto\">Plastmasas zobratu komplektu priek\u0161roc\u012bbas<\/h3>\n<p class=\"break-words\" dir=\"auto\">Plastmasas zobratu komplekti pied\u0101v\u0101 vair\u0101kas priek\u0161roc\u012bbas, kas padara tos par priek\u0161roku sal\u012bdzin\u0101jum\u0101 ar met\u0101la alternat\u012bv\u0101m, \u012bpa\u0161i It\u0101lijas dizaina un ra\u017eo\u0161anas centros:<\/p>\n<ul class=\"marker:text-secondary\" dir=\"auto\">\n<li class=\"break-words\"><strong>Viegls<\/strong>Izgatavoti no t\u0101diem materi\u0101liem k\u0101 poliacet\u0101ls (POM), neilons un Duracon, plastmasas zobrati samazina sist\u0113mas svaru, kas ir ide\u0101li piem\u0113roti lietojumiem Florences robotikas laboratorij\u0101s vai Ven\u0113cijas automatiz\u0101cijas sektoros.<\/li>\n<li class=\"break-words\"><strong>Korozijas iztur\u012bba<\/strong>At\u0161\u0137ir\u012bb\u0101 no met\u0101la zobratiem, plastmasas zobratu komplekti ir iztur\u012bgi pret r\u016bsu, nodro\u0161inot ilgm\u016b\u017e\u012bbu mitr\u0101 vid\u0113 vai \u0137\u012bmisk\u0101m viel\u0101m pak\u013caut\u0101s viet\u0101s, kas ir izplat\u012btas Bolo\u0146as r\u016bpnieciskaj\u0101s zon\u0101s.<\/li>\n<li class=\"break-words\"><strong>Zems trok\u0161\u0146a l\u012bmenis<\/strong>Plastmasas zobrati darbojas klusi, padarot tos piem\u0113rotus pla\u0161a pat\u0113ri\u0146a elektronikai un medic\u012bnas ier\u012bc\u0113m, kas ra\u017eotas Mil\u0101nas tehnolo\u0123iju tirgos.<\/li>\n<li class=\"break-words\"><strong>Izmaksu zi\u0146\u0101 efekt\u012bva ra\u017eo\u0161ana<\/strong>Iesmidzin\u0101\u0161anas form\u0113\u0161ana nodro\u0161ina liela apjoma ra\u017eo\u0161anu par zem\u0101m izmaks\u0101m, atbalstot m\u0113rogojamu ra\u017eo\u0161anu It\u0101lijas uz\u0146\u0113mumiem.<\/li>\n<li class=\"break-words\"><strong>Nav nepiecie\u0161ama e\u013c\u013co\u0161ana<\/strong>Daudzi plastmasas zobrati, piem\u0113ram, no neilona izgatavoti, var tikt savienoti p\u0101r\u012b ar met\u0101la zobratiem bez e\u013c\u013co\u0161anas, t\u0101d\u0113j\u0101di samazinot apkopes izmaksas.<\/li>\n<\/ul>\n<p class=\"break-words\" dir=\"auto\">Neskatoties uz to zem\u0101ku iztur\u012bbu sal\u012bdzin\u0101jum\u0101 ar met\u0101lu, r\u016bp\u012bga materi\u0101lu izv\u0113le un dizains mazina \u0161os ierobe\u017eojumus, nodro\u0161inot uzticamu veiktsp\u0113ju noteikt\u0101s slodz\u0113s un apst\u0101k\u013cos.<\/p>\n<div>\n<h3 dir=\"auto\">Materi\u0101li, ko izmanto plastmasas p\u0101rnesumu komplektos<\/h3>\n<p class=\"break-words\" dir=\"auto\">Plastmasas zobratu komplekta veiktsp\u0113ja ir \u013coti atkar\u012bga no t\u0101 materi\u0101la. Izplat\u012bt\u0101k\u0101s iesp\u0113jas ir \u0161\u0101das:<\/p>\n<ul class=\"marker:text-secondary\" dir=\"auto\">\n<li class=\"break-words\"><strong>Poliacet\u0101ls (POM)<\/strong>Paz\u012bstams ar zemu berzi un augstu nodilumiztur\u012bbu, ide\u0101li piem\u0113rots prec\u012bzijas p\u0101rnesumiem automobi\u013cu un r\u016bpnieciskajos lietojumos.<\/li>\n<li class=\"break-words\"><strong>Neilons (MC901)<\/strong>Pied\u0101v\u0101 izcilu stiepes iztur\u012bbu un elast\u012bbu, ide\u0101li piem\u0113rots lieljaudas zobratu komplektiem Bolo\u0146as ma\u0161\u012bnb\u016bves nozar\u0113.<\/li>\n<li class=\"break-words\"><strong>Durakons<\/strong>Izmaksu zi\u0146\u0101 efekt\u012bva iesp\u0113ja iesmidzin\u0101\u0161anas form\u0113\u0161anas zobratiem, kas piem\u0113rota nelielas slodzes lietojumiem, piem\u0113ram, \"dari pats\" projektiem Florenc\u0113.<\/li>\n<li class=\"break-words\"><strong>PEEK un U-PE<\/strong>Izmanto augstas veiktsp\u0113jas iestat\u012bjumos, kur nepiecie\u0161ama \u0137\u012bmisk\u0101 iztur\u012bba, ko bie\u017ei nov\u0113ro Mil\u0101nas medic\u012bnas ier\u012b\u010du ra\u017eo\u0161an\u0101.<\/li>\n<li class=\"break-words\"><strong>Pastiprin\u0101ti varianti<\/strong>Zobrati ar ner\u016bs\u0113jo\u0161\u0101 t\u0113rauda vai misi\u0146a rumb\u0101m (piem\u0113ram, acet\u0101la rumb\u0101m ar SUS303 serden\u0113m) uzlabo iztur\u012bbu sare\u017e\u0123\u012btos apst\u0101k\u013cos.<\/li>\n<\/ul>\n<p class=\"break-words\" dir=\"auto\">\u0160ie materi\u0101li \u013cauj It\u0101lijas ra\u017eot\u0101jiem piel\u0101got zobratu komplektus \u012bpa\u0161\u0101m vajadz\u012bb\u0101m, l\u012bdzsvarojot iztur\u012bbu, svaru un iztur\u012bbu pret vidi.<\/p>\n<p dir=\"auto\"><img loading=\"lazy\" decoding=\"async\" class=\"size-full wp-image-7983 aligncenter\" src=\"https:\/\/fmp-components.com\/wp-content\/uploads\/2025\/04\/plastic-gear-set-product.webp\" alt=\"plastmasas p\u0101rnesumu komplekta izstr\u0101d\u0101jums\" width=\"853\" height=\"697\" title=\"\" srcset=\"https:\/\/fmp-components.com\/wp-content\/uploads\/2025\/04\/plastic-gear-set-product.webp 853w, https:\/\/fmp-components.com\/wp-content\/uploads\/2025\/04\/plastic-gear-set-product-480x392.webp 480w\" sizes=\"(min-width: 0px) and (max-width: 480px) 480px, (min-width: 481px) 853px, 100vw\" \/><\/p>\n<div>\n<h3 dir=\"auto\">Zobratu veidi plastmasas zobratu komplektos<\/h3>\n<p class=\"break-words\" dir=\"auto\">Plastmasas zobratu komplekti parasti ietver da\u017e\u0101dus zobratu veidus, lai tie atbilstu da\u017e\u0101d\u0101m meh\u0101nisk\u0101m pras\u012bb\u0101m:<\/p>\n<ul class=\"marker:text-secondary\" dir=\"auto\">\n<li class=\"break-words\"><strong>Dzi\u013czobrati<\/strong>Vienk\u0101r\u0161s un efekt\u012bvs, tiek izmantots tie\u0161ai ener\u0123ijas p\u0101rvadei pat\u0113ri\u0146a prec\u0113s.<\/li>\n<li class=\"break-words\"><strong>Konusveida zobrati<\/strong>Atvieglot le\u0146\u0137isko kust\u012bbu, kas ir izplat\u012bta robotik\u0101 un automobi\u013cu sist\u0113m\u0101s Ven\u0113cij\u0101.<\/li>\n<li class=\"break-words\"><strong>Mitre zobrati<\/strong>Nodro\u0161ina 90 gr\u0101du jaudas p\u0101rnesi, kas ir ide\u0101li piem\u0113rots kompakt\u0101m iek\u0101rt\u0101m.<\/li>\n<li class=\"break-words\"><strong>T\u0101rpu rite\u0146i un t\u0101rpi<\/strong>Nodro\u0161ina augstu p\u0101rnesumu skaitli prec\u012bzai vad\u012bbai, ko izmanto Mil\u0101nas automatiz\u0101cijas iek\u0101rt\u0101s.<\/li>\n<li class=\"break-words\"><strong>Plaukti<\/strong>: P\u0101rveidot rot\u0101cijas kust\u012bbu line\u0101r\u0101 kust\u012bb\u0101, atbalstot t\u0101dus pielietojumus k\u0101 CNC iek\u0101rtas Bolo\u0146\u0101.<\/li>\n<\/ul>\n<p class=\"break-words\" dir=\"auto\">Modu\u013cu izm\u0113rs ir no 0,5 l\u012bdz 4, un zobu apdare tiek griezta vai iesmidzin\u0101\u0161anas form\u0113ta, lai sasniegtu t\u0101das pak\u0101pes k\u0101 JIS N9-N12, nodro\u0161inot sader\u012bbu ar da\u017e\u0101d\u0101m sist\u0113m\u0101m.<\/p>\n<div>\n<h3 dir=\"auto\">Pielietojumi da\u017e\u0101d\u0101s nozar\u0113s<\/h3>\n<p class=\"break-words\" dir=\"auto\">Plastmasas zobratu komplekti ir daudzpus\u012bgi, kalpojot pla\u0161am nozaru lokam It\u0101lijas dinamiskaj\u0101 ekonomik\u0101:<\/p>\n<ul class=\"marker:text-secondary\" dir=\"auto\">\n<li class=\"break-words\"><strong>Robotika<\/strong>Vieglie zobrati nodro\u0161ina veiklu kust\u012bbu prototipos, kas izstr\u0101d\u0101ti Florences tehnolo\u0123iju centros.<\/li>\n<li class=\"break-words\"><strong>Sadz\u012bves elektronika<\/strong>Klusi, iztur\u012bgi p\u0101rnesumi darbina t\u0101das ier\u012bces k\u0101 printerus un kameras, kas ir iecien\u012bti Mil\u0101nas dizaina studij\u0101s.<\/li>\n<li class=\"break-words\"><strong>Medic\u012bniskais apr\u012bkojums<\/strong>Ner\u016bs\u0113jo\u0161ie zobrati nodro\u0161ina Bolo\u0146\u0101 ra\u017eoto diagnostikas instrumentu uzticam\u012bbu.<\/li>\n<li class=\"break-words\"><strong>Automobi\u013ci<\/strong>Plastmasas zobrati samazina svaru pal\u012bgsist\u0113m\u0101s, atbalstot Ven\u0113cijas autob\u016bves pieg\u0101d\u0101t\u0101jus.<\/li>\n<li class=\"break-words\"><strong>Pa\u0161darin\u0101ts un izgl\u012bt\u012bba<\/strong>Pieejamas apr\u012bkojuma komplekti iedvesmo inov\u0101cijas klas\u0113s un rado\u0161aj\u0101s telp\u0101s vis\u0101 It\u0101lij\u0101.<\/li>\n<\/ul>\n<p class=\"break-words\" dir=\"auto\">To piel\u0101go\u0161an\u0101s sp\u0113ja padara tos par gan prototipu veido\u0161anas, gan ra\u017eo\u0161anas st\u016brakmeni It\u0101lijas industri\u0101laj\u0101 ainav\u0101.<\/p>\n<div>\n<h2 class=\"\" dir=\"auto\">Par FMP: j\u016bsu uzticamais plastmasas zobratu avots<\/h2>\n<p class=\"break-words\" dir=\"auto\">Uz\u0146\u0113mum\u0101 FMP m\u0113s lepojamies ar to, ka esam vado\u0161ais plastmasas zobratu ra\u017eot\u0101js, kas apkalpo uz\u0146\u0113mumus Mil\u0101n\u0101, Ven\u0113cij\u0101, Florenc\u0113 un Bolo\u0146\u0101. M\u016bsu pla\u0161aj\u0101 kl\u0101st\u0101 ietilpst cilindriski, koniski, sl\u012bpi, t\u0101rpu un zobratu zobrati, kas izgatavoti ar precizit\u0101ti, lai apmierin\u0101tu da\u017e\u0101du nozaru vajadz\u012bbas, s\u0101kot no robotikas l\u012bdz autob\u016bvei. M\u0113s specializ\u0113jamies:<\/p>\n<ul class=\"marker:text-secondary\" dir=\"auto\">\n<li class=\"break-words\"><strong>Visaptvero\u0161i p\u0101rnesumu risin\u0101jumi<\/strong>Pied\u0101v\u0101jam da\u017e\u0101dus plastmasas zobratu veidus, kas piem\u0113roti jebkuram meh\u0101niskam pielietojumam.<\/li>\n<li class=\"break-words\"><strong>Piel\u0101gota ra\u017eo\u0161ana<\/strong>M\u0113s pie\u0146emam piln\u012bb\u0101 piel\u0101gotus pas\u016bt\u012bjumus, projekt\u0113jot zobratus atbilsto\u0161i j\u016bsu prec\u012bzaj\u0101m specifik\u0101cij\u0101m, gan prototipiem, gan liela apjoma ra\u017eo\u0161anai.<\/li>\n<li class=\"break-words\"><strong>\u0100trais atbalsts<\/strong>Nevarat atrast sev nepiecie\u0161amo p\u0101rnesumu modeli m\u016bsu katalog\u0101? Visticam\u0101k, m\u0113s to v\u0113l neesam aug\u0161upiel\u0101d\u0113ju\u0161i. Nos\u016btiet mums e-pastu par sav\u0101m pras\u012bb\u0101m, un m\u016bsu in\u017eenieri atbild\u0113s 24 stundu laik\u0101 ar piel\u0101gotu risin\u0101jumu.<\/li>\n<\/ul>\n<p class=\"break-words\" dir=\"auto\">FMP, kas atrodas It\u0101lijas ra\u017eo\u0161anas sird\u012b, apvieno modern\u0101k\u0101s iesmidzin\u0101\u0161anas form\u0113\u0161anas tehnolo\u0123ijas ar ap\u0146em\u0161anos nodro\u0161in\u0101t kvalit\u0101ti, nodro\u0161inot j\u016bsu projektu pan\u0101kumus. Sazinieties ar mums jau \u0161odien, zvanot uz <a href=\"mailto:info@fmpcomponents.it\">info@fmpcomponents.it<\/a> lai izp\u0113t\u012btu, k\u0101 m\u016bsu plastmasas zobratu komplekti var veicin\u0101t j\u016bsu inov\u0101cijas.<\/p>\n<p dir=\"auto\"><img loading=\"lazy\" decoding=\"async\" class=\"wp-image-7981 aligncenter\" src=\"https:\/\/fmp-components.com\/wp-content\/uploads\/2025\/04\/plastic-gear-set-factory.webp\" alt=\"plastmasas p\u0101rnesumu komplekta r\u016bpn\u012bca\" width=\"901\" height=\"751\" title=\"\" srcset=\"https:\/\/fmp-components.com\/wp-content\/uploads\/2025\/04\/plastic-gear-set-factory.webp 901w, https:\/\/fmp-components.com\/wp-content\/uploads\/2025\/04\/plastic-gear-set-factory-480x400.webp 480w\" sizes=\"(min-width: 0px) and (max-width: 480px) 480px, (min-width: 481px) 901px, 100vw\" \/><\/p>\n<\/div>\n<\/div>\n<\/div>\n<\/div>\n<\/div>","protected":false},"excerpt":{"rendered":"<p>Plastic Gear Sets: Precision and Versatility for Mechanical Applications Plastic gear sets are essential components in modern mechanical systems, offering lightweight, durable, and cost-effective solutions for power transmission. These sets typically include gears of varying sizes and tooth counts, designed to work seamlessly together in applications ranging from robotics to consumer electronics. In Italy\u2019s innovation-driven [&hellip;]<\/p>","protected":false},"featured_media":7960,"comment_status":"open","ping_status":"closed","template":"","meta":{"_et_pb_use_builder":"","_et_pb_old_content":"","_et_gb_content_width":""},"product_brand":[],"product_cat":[117],"product_tag":[],"class_list":{"0":"post-7977","1":"product","2":"type-product","3":"status-publish","4":"has-post-thumbnail","6":"product_cat-plastic-gears","8":"first","9":"instock","10":"shipping-taxable","11":"product-type-simple"},"_links":{"self":[{"href":"https:\/\/fmp-components.com\/lv\/wp-json\/wp\/v2\/product\/7977","targetHints":{"allow":["GET"]}}],"collection":[{"href":"https:\/\/fmp-components.com\/lv\/wp-json\/wp\/v2\/product"}],"about":[{"href":"https:\/\/fmp-components.com\/lv\/wp-json\/wp\/v2\/types\/product"}],"replies":[{"embeddable":true,"href":"https:\/\/fmp-components.com\/lv\/wp-json\/wp\/v2\/comments?post=7977"}],"wp:featuredmedia":[{"embeddable":true,"href":"https:\/\/fmp-components.com\/lv\/wp-json\/wp\/v2\/media\/7960"}],"wp:attachment":[{"href":"https:\/\/fmp-components.com\/lv\/wp-json\/wp\/v2\/media?parent=7977"}],"wp:term":[{"taxonomy":"product_brand","embeddable":true,"href":"https:\/\/fmp-components.com\/lv\/wp-json\/wp\/v2\/product_brand?post=7977"},{"taxonomy":"product_cat","embeddable":true,"href":"https:\/\/fmp-components.com\/lv\/wp-json\/wp\/v2\/product_cat?post=7977"},{"taxonomy":"product_tag","embeddable":true,"href":"https:\/\/fmp-components.com\/lv\/wp-json\/wp\/v2\/product_tag?post=7977"}],"curies":[{"name":"wp","href":"https:\/\/api.w.org\/{rel}","templated":true}]}}