{"id":7925,"date":"2025-04-11T05:36:47","date_gmt":"2025-04-11T05:36:47","guid":{"rendered":"https:\/\/fmp-components.com\/?post_type=product&#038;p=7925"},"modified":"2025-04-11T05:45:56","modified_gmt":"2025-04-11T05:45:56","slug":"flywheel-ring-gear","status":"publish","type":"product","link":"https:\/\/fmp-components.com\/lv\/product\/flywheel-ring-gear\/","title":{"rendered":"Spararata gredzena zobrats"},"content":{"rendered":"<h2>Spararata gredzenu zobrati: precizit\u0101te un veiktsp\u0113ja It\u0101lijas r\u016bpniec\u012bbai<\/h2>\n<div>Spararats <a href=\"https:\/\/fmp-components.com\/lv\/ring-gear\/\">gredzenveida zobrati<\/a> ir kritiski svar\u012bgas automobi\u013cu un r\u016bpniecisko iek\u0101rtu sast\u0101vda\u013cas, kas nodro\u0161ina vienm\u0113r\u012bgu jaudas p\u0101rnesi starp dzin\u0113ju un starteri. \u0160ie zobrati, kas paredz\u0113ti iztur\u012bbai un precizit\u0101tei, ir nepiecie\u0161ami transportl\u012bdzek\u013ciem un iek\u0101rt\u0101m, ko izmanto vis\u0101 It\u0101lij\u0101, s\u0101kot no ros\u012bgaj\u0101m Mil\u0101nas iel\u0101m l\u012bdz gleznainajiem Florences mar\u0161rutiem. FMP ra\u017eo spararata gredzenveida zobratus, kas atbilst stingriem kvalit\u0101tes standartiem, pied\u0101v\u0101jot uzticamu veiktsp\u0113ju pla\u0161am pielietojumu kl\u0101stam. Neatkar\u012bgi no t\u0101, vai atrodaties Ven\u0113cij\u0101, apkopjot ku\u0123u dzin\u0113jus, vai Bolo\u0146\u0101, apkalpojot smago tehniku, m\u016bsu gredzenveida zobrati ir konstru\u0113ti t\u0101, lai iztur\u0113tu lielu griezes momentu un skarbus apst\u0101k\u013cus, nodro\u0161inot ilgsto\u0161u efektivit\u0101ti.<\/div>\n<p><img loading=\"lazy\" decoding=\"async\" class=\"alignnone size-full wp-image-7927\" src=\"https:\/\/fmp-components.com\/wp-content\/uploads\/2025\/04\/flywheel-ring-gear-product-detail.webp\" alt=\"spararata gredzena zobrata produkta inform\u0101cija\" width=\"1200\" height=\"1200\" title=\"\" srcset=\"https:\/\/fmp-components.com\/wp-content\/uploads\/2025\/04\/flywheel-ring-gear-product-detail.webp 1200w, https:\/\/fmp-components.com\/wp-content\/uploads\/2025\/04\/flywheel-ring-gear-product-detail-980x980.webp 980w, https:\/\/fmp-components.com\/wp-content\/uploads\/2025\/04\/flywheel-ring-gear-product-detail-480x480.webp 480w\" sizes=\"(min-width: 0px) and (max-width: 480px) 480px, (min-width: 481px) and (max-width: 980px) 980px, (min-width: 981px) 1200px, 100vw\" \/><\/p>\n<h2>K\u0101p\u0113c izv\u0113l\u0113ties FMP augstas kvalit\u0101tes spararata gredzenu zobratus?<\/h2>\n<div>It\u0101lijas daudzveid\u012bgaj\u0101 r\u016bpniec\u012bbas ainav\u0101, s\u0101kot no Florences amatniec\u012bbas darbn\u012bc\u0101m l\u012bdz Mil\u0101nas autob\u016bves centriem, piepras\u012bjums p\u0113c iztur\u012bgiem spararata gredzenveida zobratiem nep\u0101rtraukti pieaug. \u0160ie zobrati ir izgatavoti no augst\u0101k\u0101s kvalit\u0101tes materi\u0101liem, lai iztur\u0113tu pret nodilumu, nodro\u0161inot neman\u0101mu sa\u0137eri ar startermotoriem. FMP pied\u0101v\u0101 pla\u0161u gredzenveida zobratu kl\u0101stu, kas piem\u0113rots vieglaj\u0101m automa\u0161\u012bn\u0101m, kravas automa\u0161\u012bn\u0101m un r\u016bpnieciskaj\u0101m iek\u0101rt\u0101m, nodro\u0161inot sader\u012bbu ar da\u017e\u0101diem mode\u013ciem. Ja atrodaties Ven\u0113cij\u0101 vai Bolo\u0146\u0101 un nevarat atrast konkr\u0113to gredzenveida zobrata modeli, kas jums nepiecie\u0161ams, neuztraucieties \u2014 m\u016bsu komanda var piel\u0101got risin\u0101jumus j\u016bsu pras\u012bb\u0101m, pieg\u0101d\u0101jot prec\u012bzi konstru\u0113tus produktus, kas nodro\u0161ina j\u016bsu darb\u012bbas netrauc\u0113tu norisi.<\/div>\n<div>\n<h3>FMP: J\u016bsu uzticamais spararata gredzenu zobratu partneris It\u0101lij\u0101<\/h3>\n<p>FMP ir vado\u0161ais spararata gredzenu zobratu ra\u017eot\u0101js. M\u016bsu uz\u0146\u0113mums specializ\u0113jas pla\u0161\u0101 gredzenu zobratu kl\u0101st\u0101 un pied\u0101v\u0101 piel\u0101gotus pakalpojumus, lai atbilstu j\u016bsu unik\u0101laj\u0101m specifik\u0101cij\u0101m. Ja m\u016bsu produktu sarakst\u0101 neatrodat nepiecie\u0161amo modeli, iesp\u0113jams, tas ir t\u0101p\u0113c, ka m\u0113s to v\u0113l neesam aug\u0161upiel\u0101d\u0113ju\u0161i. Vienk\u0101r\u0161i pazi\u0146ojiet mums savas vajadz\u012bbas pa e-pastu, un viens no m\u016bsu profesion\u0101lajiem in\u017eenieriem 24 stundu laik\u0101 atbild\u0113s ar piel\u0101gotu risin\u0101jumu. Lai kur j\u016bs atrastos It\u0101lij\u0101, FMP var nodro\u0161in\u0101t augstas kvalit\u0101tes un iztur\u012bgus gredzenu zobratus j\u016bsu uz\u0146\u0113muma darb\u012bbai.<\/p>\n<table style=\"border-collapse: collapse; width: 103.578%; height: 58px;\" border=\"0\" width=\"240\" cellspacing=\"0\" cellpadding=\"0\">\n<tbody>\n<tr style=\"height: 14.40pt;\">\n<td style=\"height: 14.40pt; width: 48.00pt;\" align=\"right\" width=\"80\" height=\"24\"><img loading=\"lazy\" decoding=\"async\" class=\"size-full wp-image-7931 aligncenter\" src=\"https:\/\/fmp-components.com\/wp-content\/uploads\/2025\/04\/flywheel-ring-gear-product-1.webp\" alt=\"spararata gredzena zobrata produkts\" width=\"750\" height=\"750\" title=\"\" srcset=\"https:\/\/fmp-components.com\/wp-content\/uploads\/2025\/04\/flywheel-ring-gear-product-1.webp 750w, https:\/\/fmp-components.com\/wp-content\/uploads\/2025\/04\/flywheel-ring-gear-product-1-480x480.webp 480w\" sizes=\"(min-width: 0px) and (max-width: 480px) 480px, (min-width: 481px) 750px, 100vw\" \/><\/td>\n<td style=\"width: 48.00pt;\" align=\"right\" width=\"80\"><img loading=\"lazy\" decoding=\"async\" class=\"size-full wp-image-7929 aligncenter\" src=\"https:\/\/fmp-components.com\/wp-content\/uploads\/2025\/04\/flywheel-ring-gear-product-2.webp\" alt=\"spararata gredzena zobrata produkts\" width=\"800\" height=\"800\" title=\"\" srcset=\"https:\/\/fmp-components.com\/wp-content\/uploads\/2025\/04\/flywheel-ring-gear-product-2.webp 800w, https:\/\/fmp-components.com\/wp-content\/uploads\/2025\/04\/flywheel-ring-gear-product-2-480x480.webp 480w\" sizes=\"(min-width: 0px) and (max-width: 480px) 480px, (min-width: 481px) 800px, 100vw\" \/><\/td>\n<td style=\"width: 48.00pt;\" align=\"right\" width=\"80\"><img loading=\"lazy\" decoding=\"async\" class=\"size-full wp-image-7930 aligncenter\" src=\"https:\/\/fmp-components.com\/wp-content\/uploads\/2025\/04\/flywheel-ring-gear-product-3.webp\" alt=\"spararata gredzena zobrata produkts\" width=\"800\" height=\"800\" title=\"\" srcset=\"https:\/\/fmp-components.com\/wp-content\/uploads\/2025\/04\/flywheel-ring-gear-product-3.webp 800w, https:\/\/fmp-components.com\/wp-content\/uploads\/2025\/04\/flywheel-ring-gear-product-3-480x480.webp 480w\" sizes=\"(min-width: 0px) and (max-width: 480px) 480px, (min-width: 481px) 800px, 100vw\" \/><\/td>\n<\/tr>\n<\/tbody>\n<\/table>\n<\/div>","protected":false},"excerpt":{"rendered":"<p>Flywheel Ring Gears: Precision and Performance for Italian Industries Flywheel ring gears are critical components in automotive and industrial machinery, ensuring smooth power transmission between the engine and the starter motor. Designed for durability and precision, these gears are essential for vehicles and equipment used across Italy, from the bustling streets of Milan to the [&hellip;]<\/p>","protected":false},"featured_media":7926,"comment_status":"open","ping_status":"closed","template":"","meta":{"_et_pb_use_builder":"","_et_pb_old_content":"","_et_gb_content_width":""},"product_brand":[],"product_cat":[114],"product_tag":[],"class_list":{"0":"post-7925","1":"product","2":"type-product","3":"status-publish","4":"has-post-thumbnail","6":"product_cat-ring-gear","8":"first","9":"instock","10":"shipping-taxable","11":"product-type-simple"},"_links":{"self":[{"href":"https:\/\/fmp-components.com\/lv\/wp-json\/wp\/v2\/product\/7925","targetHints":{"allow":["GET"]}}],"collection":[{"href":"https:\/\/fmp-components.com\/lv\/wp-json\/wp\/v2\/product"}],"about":[{"href":"https:\/\/fmp-components.com\/lv\/wp-json\/wp\/v2\/types\/product"}],"replies":[{"embeddable":true,"href":"https:\/\/fmp-components.com\/lv\/wp-json\/wp\/v2\/comments?post=7925"}],"wp:featuredmedia":[{"embeddable":true,"href":"https:\/\/fmp-components.com\/lv\/wp-json\/wp\/v2\/media\/7926"}],"wp:attachment":[{"href":"https:\/\/fmp-components.com\/lv\/wp-json\/wp\/v2\/media?parent=7925"}],"wp:term":[{"taxonomy":"product_brand","embeddable":true,"href":"https:\/\/fmp-components.com\/lv\/wp-json\/wp\/v2\/product_brand?post=7925"},{"taxonomy":"product_cat","embeddable":true,"href":"https:\/\/fmp-components.com\/lv\/wp-json\/wp\/v2\/product_cat?post=7925"},{"taxonomy":"product_tag","embeddable":true,"href":"https:\/\/fmp-components.com\/lv\/wp-json\/wp\/v2\/product_tag?post=7925"}],"curies":[{"name":"wp","href":"https:\/\/api.w.org\/{rel}","templated":true}]}}