{"id":7920,"date":"2025-04-11T03:30:53","date_gmt":"2025-04-11T03:30:53","guid":{"rendered":"https:\/\/fmp-components.com\/?post_type=product&#038;p=7920"},"modified":"2025-04-11T03:45:02","modified_gmt":"2025-04-11T03:45:02","slug":"external-ring-gear","status":"publish","type":"product","link":"https:\/\/fmp-components.com\/lv\/product\/external-ring-gear\/","title":{"rendered":"\u0100r\u0113jais gredzenveida zobrats"},"content":{"rendered":"<h2>Augstas kvalit\u0101tes \u0101r\u0113jie gredzenveida zobrati prec\u012bzai in\u017eenierijai<\/h2>\n<p>\u0100r\u0113jie gredzenveida zobrati ir kritiski svar\u012bgas sast\u0101vda\u013cas da\u017e\u0101d\u0101s meh\u0101nisk\u0101s sist\u0113m\u0101s, kas paz\u012bstamas ar savu iztur\u012bbu un precizit\u0101ti griezes momenta un kust\u012bbas p\u0101rraid\u0113. \u0160ie zobrati ar zobiem uz \u0101r\u0113j\u0101s perimetra tiek pla\u0161i izmantoti t\u0101d\u0101s nozar\u0113s k\u0101 autob\u016bve, kosmosa r\u016bpniec\u012bba un r\u016bpniecisk\u0101s iek\u0101rtas. Pils\u0113t\u0101s, piem\u0113ram, Mil\u0101n\u0101 un Ven\u0113cij\u0101, kur plaukst progres\u012bva ra\u017eo\u0161ana, \u0101r\u0113jie gredzenveida zobrati sp\u0113l\u0113 iz\u0161\u0137iro\u0161u lomu augstas veiktsp\u0113jas iek\u0101rtu netrauc\u0113tas darb\u012bbas nodro\u0161in\u0101\u0161an\u0101. Tie ir paredz\u0113ti savieno\u0161anai ar zobratiem vai citiem zobratiem, un nodro\u0161ina uzticamu jaudas p\u0101rvadi, padarot tos neaizst\u0101jamus lietojumos, kuriem nepiecie\u0161ami iztur\u012bgi un efekt\u012bvi meh\u0101niski risin\u0101jumi.<\/p>\n<h2>Cementa deta\u013cu mais\u012bt\u0101js Micro 5000mm \u0101r\u0113jais lie\u0161anas t\u0113rauda gredzenveida zobrats<\/h2>\n<p>FMP galvenok\u0101rt nodarbojas ar zema \u0101truma, lielas slodzes un lielas jaudas p\u0101rnesumu p\u0113tniec\u012bbu, izstr\u0101di un ra\u017eo\u0161anu. Tas ir izveidojis standarta specifik\u0101ciju sist\u0113mu projekt\u0113\u0161anai, ra\u017eo\u0161anai, test\u0113\u0161anai un p\u0101rbaudei, kuras pamat\u0101 ir progres\u012bvi standarti, un tam ir inovat\u012bva in\u017eeniertehnisk\u0101 person\u0101la grupa.<\/p>\n<p><img loading=\"lazy\" decoding=\"async\" class=\"size-full wp-image-7922 aligncenter\" src=\"https:\/\/fmp-components.com\/wp-content\/uploads\/2025\/04\/External-Ring-Gear-1.webp\" alt=\"\u0100r\u0113jais gredzenveida zobrats\" width=\"790\" height=\"686\" title=\"\" srcset=\"https:\/\/fmp-components.com\/wp-content\/uploads\/2025\/04\/External-Ring-Gear-1.webp 790w, https:\/\/fmp-components.com\/wp-content\/uploads\/2025\/04\/External-Ring-Gear-1-480x417.webp 480w\" sizes=\"(min-width: 0px) and (max-width: 480px) 480px, (min-width: 481px) 790px, 100vw\" \/><\/p>\n<table style=\"width: 100%;\" border=\"1\" width=\"100%\" cellspacing=\"0\" cellpadding=\"0\">\n<tbody>\n<tr>\n<th style=\"width: 13.8116%;\">Forma:<\/th>\n<td style=\"width: 35.9743%;\">T\u0101rps<\/td>\n<th style=\"width: 15.2034%;\">St\u0101voklis:<\/th>\n<td style=\"width: 34.6895%;\">Jauns<\/td>\n<\/tr>\n<tr class=\"bg_gray\">\n<th style=\"width: 13.8116%;\">Piem\u0113rojam\u0101s nozares:<\/th>\n<td style=\"width: 35.9743%;\">Ra\u017eo\u0161anas r\u016bpn\u012bca, celtniec\u012bbas darbi, ener\u0123\u0113tika un ieguves r\u016bpniec\u012bba<\/td>\n<th style=\"width: 15.2034%;\">Salona atra\u0161an\u0101s vieta:<\/th>\n<td style=\"width: 34.6895%;\">Neviens<\/td>\n<\/tr>\n<tr>\n<th style=\"width: 13.8116%;\">Materi\u0101ls:<\/th>\n<td style=\"width: 35.9743%;\">Ner\u016bs\u0113jo\u0161ais t\u0113rauds, ZG35CrMo\/42CrMo<\/td>\n<th style=\"width: 15.2034%;\">Standarta vai nestandarta:<\/th>\n<td style=\"width: 34.6895%;\">Nestandarta<\/td>\n<\/tr>\n<tr class=\"bg_gray\">\n<th style=\"width: 13.8116%;\">Virziens:<\/th>\n<td style=\"width: 35.9743%;\">Kreisais, labais<\/td>\n<th style=\"width: 15.2034%;\">V\u0101rds:<\/th>\n<td style=\"width: 34.6895%;\">Cementa mais\u012bt\u0101ja deta\u013cas Micro Steel Worm Gear<\/td>\n<\/tr>\n<tr>\n<th style=\"width: 13.8116%;\">Diametrs:<\/th>\n<td style=\"width: 35.9743%;\">2000\u20138000 mm<\/td>\n<th style=\"width: 15.2034%;\">Apstr\u0101des veids:<\/th>\n<td style=\"width: 34.6895%;\">Kastings<\/td>\n<\/tr>\n<tr class=\"bg_gray\">\n<th style=\"width: 13.8116%;\">Sertifik\u0101ts:<\/th>\n<td style=\"width: 35.9743%;\">ISO 9001:2000, ANSI, ASME, GES<\/td>\n<th style=\"width: 15.2034%;\">Pielietojuma diapazons:<\/th>\n<td style=\"width: 34.6895%;\">Cementa un ieguves iek\u0101rtas, \u0101truma reduktors, lod\u012b\u0161u dzirnavas, raktuvju pac\u0113l\u0101js<\/td>\n<\/tr>\n<tr>\n<th style=\"width: 13.8116%;\">Eksporta zonas:<\/th>\n<td style=\"width: 35.9743%;\">Krievija, Dienvidaustrum\u0101zija, Indija, Dienvid\u0101frika, Austr\u0101lija<\/td>\n<th style=\"width: 15.2034%;\">Ciet\u012bba:<\/th>\n<td style=\"width: 34.6895%;\">&lt;=217<\/td>\n<\/tr>\n<tr>\n<th style=\"width: 13.8116%;\" colspan=\"1\">Spilgts apgaismojums:<\/th>\n<td style=\"width: 85.8672%;\" colspan=\"3\">mikro t\u0113rauda t\u0101rpa p\u0101rnesums, 5000 mm t\u0113rauda t\u0101rpa p\u0101rnesums<\/td>\n<\/tr>\n<\/tbody>\n<\/table>\n<h3>FMP: J\u016bsu uzticamais partneris \u0101r\u0113jo gredzenu zobratu jom\u0101<\/h3>\n<p>Uz\u0146\u0113mum\u0101 FMP m\u0113s lepojamies ar pla\u0161a kl\u0101sta \u0101r\u0113jo izstr\u0101d\u0101jumu ra\u017eo\u0161anu. <a href=\"https:\/\/fmp-components.com\/lv\/ring-gear\/\">gredzenveida zobrati<\/a>, izstr\u0101d\u0101ti, lai atbilstu augst\u0101kajiem nozares standartiem. Atrodamies It\u0101lijas r\u016bpniec\u012bbas t\u012bkla sird\u012b, m\u0113s apkalpojam uz\u0146\u0113mumus Mil\u0101n\u0101, Ven\u0113cij\u0101, Florenc\u0113, Bolo\u0146\u0101 un citur, pied\u0101v\u0101jot gan standarta, gan piel\u0101gotus risin\u0101jumus. Ja m\u016bsu produktu sarakst\u0101 neatrodat konkr\u0113to gredzenu zobratu modeli, kas jums nepiecie\u0161ams, neuztraucieties \u2014 mums, iesp\u0113jams, v\u0113l nav bijusi iesp\u0113ja to aug\u0161upiel\u0101d\u0113t. Vienk\u0101r\u0161i rakstiet mums e-pastu ar sav\u0101m pras\u012bb\u0101m, un m\u016bsu prasm\u012bgie in\u017eenieri atbild\u0113s 24 stundu laik\u0101 ar piel\u0101gotiem risin\u0101jumiem j\u016bsu darb\u012bbas uzlabo\u0161anai. Izv\u0113lieties FMP, lai ieg\u016btu precizit\u0101ti, uzticam\u012bbu un nep\u0101rsp\u0113jamu klientu apkalpo\u0161anu vis\u0101 It\u0101lij\u0101.<\/p>\n<p><img loading=\"lazy\" decoding=\"async\" class=\"wp-image-7924 aligncenter\" src=\"https:\/\/fmp-components.com\/wp-content\/uploads\/2025\/04\/external_casting_steel_ring_gear_1.webp\" alt=\"\u0101r\u0113j\u0101 lie\u0161anas t\u0113rauda gredzenveida zobrats \" width=\"913\" height=\"667\" title=\"\" srcset=\"https:\/\/fmp-components.com\/wp-content\/uploads\/2025\/04\/external_casting_steel_ring_gear_1.webp 913w, https:\/\/fmp-components.com\/wp-content\/uploads\/2025\/04\/external_casting_steel_ring_gear_1-480x351.webp 480w\" sizes=\"(min-width: 0px) and (max-width: 480px) 480px, (min-width: 481px) 913px, 100vw\" \/><\/p>","protected":false},"excerpt":{"rendered":"<p>High-Quality External Ring Gears for Precision Engineering External ring gears are critical components in various mechanical systems, known for their durability and precision in transmitting torque and motion. These gears, featuring teeth on the outer circumference, are widely used in industries such as automotive, aerospace, and industrial machinery. In cities like Milan and Venice, where [&hellip;]<\/p>","protected":false},"featured_media":7923,"comment_status":"open","ping_status":"closed","template":"","meta":{"_et_pb_use_builder":"on","_et_pb_old_content":"<h2>High-Quality External Ring Gears for Precision Engineering<\/h2>\r\nExternal ring gears are critical components in various mechanical systems, known for their durability and precision in transmitting torque and motion. These gears, featuring teeth on the outer circumference, are widely used in industries such as automotive, aerospace, and industrial machinery. In cities like Milan and Venice, where advanced manufacturing thrives, external ring gears play a pivotal role in ensuring seamless operations for high-performance equipment. Designed to mesh with pinions or other gears, they provide reliable power transmission, making them indispensable for applications requiring robust and efficient mechanical solutions.\r\n<h2>Cement Parts Mixer Micro 5000mm External Casting Steel Ring Gear<\/h2>\r\nFMP is mainly engaged in the research, development and manufacturing of low-speed, heavy-load and high-power gears. It has established a standard specification system for design, manufacturing, testing and inspection based on advanced standards and has a group of innovative engineering and technical personnel.\r\n\r\n<img class=\"size-full wp-image-7922 aligncenter\" src=\"https:\/\/fmp-components.com\/wp-content\/uploads\/2025\/04\/External-Ring-Gear-1.webp\" alt=\"External Ring Gear\" width=\"790\" height=\"686\" \/>\r\n<table style=\"width: 100%;\" border=\"1\" width=\"100%\" cellspacing=\"0\" cellpadding=\"0\">\r\n<tbody>\r\n<tr>\r\n<th style=\"width: 13.8116%;\">Shape:<\/th>\r\n<td style=\"width: 35.9743%;\">Worm<\/td>\r\n<th style=\"width: 15.2034%;\">Condition:<\/th>\r\n<td style=\"width: 34.6895%;\">New<\/td>\r\n<\/tr>\r\n<tr class=\"bg_gray\">\r\n<th style=\"width: 13.8116%;\">Applicable Industries:<\/th>\r\n<td style=\"width: 35.9743%;\">Manufacturing Plant, Construction Works\u00a0, Energy &amp; Mining<\/td>\r\n<th style=\"width: 15.2034%;\">Showroom Location:<\/th>\r\n<td style=\"width: 34.6895%;\">None<\/td>\r\n<\/tr>\r\n<tr>\r\n<th style=\"width: 13.8116%;\">Material:<\/th>\r\n<td style=\"width: 35.9743%;\">Stainless Steel, ZG35CrMo\/42CrMo<\/td>\r\n<th style=\"width: 15.2034%;\">Standard Or Nonstandard:<\/th>\r\n<td style=\"width: 34.6895%;\">Nonstandard<\/td>\r\n<\/tr>\r\n<tr class=\"bg_gray\">\r\n<th style=\"width: 13.8116%;\">Direction:<\/th>\r\n<td style=\"width: 35.9743%;\">Left, Right<\/td>\r\n<th style=\"width: 15.2034%;\">Name:<\/th>\r\n<td style=\"width: 34.6895%;\">Cement Mixer Parts Micro Steel Worm Gear<\/td>\r\n<\/tr>\r\n<tr>\r\n<th style=\"width: 13.8116%;\">Diameter:<\/th>\r\n<td style=\"width: 35.9743%;\">2000-8000mm<\/td>\r\n<th style=\"width: 15.2034%;\">Processing Type:<\/th>\r\n<td style=\"width: 34.6895%;\">Casting<\/td>\r\n<\/tr>\r\n<tr class=\"bg_gray\">\r\n<th style=\"width: 13.8116%;\">Certificate:<\/th>\r\n<td style=\"width: 35.9743%;\">ISO 9001:2000,ANSI,ASME,GES<\/td>\r\n<th style=\"width: 15.2034%;\">Application Range:<\/th>\r\n<td style=\"width: 34.6895%;\">Cement And Mining Facilities,speed Reducer,ball Mill,mine Hoist<\/td>\r\n<\/tr>\r\n<tr>\r\n<th style=\"width: 13.8116%;\">Export Areas:<\/th>\r\n<td style=\"width: 35.9743%;\">Russia, Southeast Asia, India,South Africa, Australia<\/td>\r\n<th style=\"width: 15.2034%;\">Hardness:<\/th>\r\n<td style=\"width: 34.6895%;\">&lt;=217<\/td>\r\n<\/tr>\r\n<tr>\r\n<th style=\"width: 13.8116%;\" colspan=\"1\">High Light:<\/th>\r\n<td style=\"width: 85.8672%;\" colspan=\"3\">micro steel worm gear,\u00a0 5000mm steel worm gear<\/td>\r\n<\/tr>\r\n<\/tbody>\r\n<\/table>\r\n<h3>FMP: Your Trusted Partner for External Ring Gears<\/h3>\r\nAt FMP, we pride ourselves on manufacturing a wide range of external <a href=\"https:\/\/fmp-components.com\/en\/ring-gear\">ring gears<\/a>, crafted to meet the highest industry standards. Based in the heart of Italy\u2019s industrial network, we serve businesses in Milan, Venice, Florence, Bologna, and beyond, offering both standard and custom solutions. If you don\u2019t find the specific ring gear model you need in our product list, don\u2019t worry\u2014we likely haven\u2019t had the chance to upload it yet. Simply email us with your requirements, and our skilled engineers will respond within 24 hours with tailored solutions to power your operations. Choose FMP for precision, reliability, and unmatched customer service across Italy.\r\n\r\n<img class=\"wp-image-7924 aligncenter\" src=\"https:\/\/fmp-components.com\/wp-content\/uploads\/2025\/04\/external_casting_steel_ring_gear_1.webp\" alt=\"external casting steel ring gear \" width=\"913\" height=\"667\" \/>","_et_gb_content_width":""},"product_brand":[],"product_cat":[114],"product_tag":[],"class_list":{"0":"post-7920","1":"product","2":"type-product","3":"status-publish","4":"has-post-thumbnail","6":"product_cat-ring-gear","8":"first","9":"instock","10":"shipping-taxable","11":"product-type-simple"},"_links":{"self":[{"href":"https:\/\/fmp-components.com\/lv\/wp-json\/wp\/v2\/product\/7920","targetHints":{"allow":["GET"]}}],"collection":[{"href":"https:\/\/fmp-components.com\/lv\/wp-json\/wp\/v2\/product"}],"about":[{"href":"https:\/\/fmp-components.com\/lv\/wp-json\/wp\/v2\/types\/product"}],"replies":[{"embeddable":true,"href":"https:\/\/fmp-components.com\/lv\/wp-json\/wp\/v2\/comments?post=7920"}],"wp:featuredmedia":[{"embeddable":true,"href":"https:\/\/fmp-components.com\/lv\/wp-json\/wp\/v2\/media\/7923"}],"wp:attachment":[{"href":"https:\/\/fmp-components.com\/lv\/wp-json\/wp\/v2\/media?parent=7920"}],"wp:term":[{"taxonomy":"product_brand","embeddable":true,"href":"https:\/\/fmp-components.com\/lv\/wp-json\/wp\/v2\/product_brand?post=7920"},{"taxonomy":"product_cat","embeddable":true,"href":"https:\/\/fmp-components.com\/lv\/wp-json\/wp\/v2\/product_cat?post=7920"},{"taxonomy":"product_tag","embeddable":true,"href":"https:\/\/fmp-components.com\/lv\/wp-json\/wp\/v2\/product_tag?post=7920"}],"curies":[{"name":"wp","href":"https:\/\/api.w.org\/{rel}","templated":true}]}}