{"id":7915,"date":"2025-04-11T02:22:27","date_gmt":"2025-04-11T02:22:27","guid":{"rendered":"https:\/\/fmp-components.com\/?post_type=product&#038;p=7915"},"modified":"2025-04-11T03:15:34","modified_gmt":"2025-04-11T03:15:34","slug":"precision-gear-ring-and-pinion","status":"publish","type":"product","link":"https:\/\/fmp-components.com\/lv\/product\/precision-gear-ring-and-pinion\/","title":{"rendered":"Prec\u012bzijas zobrata gredzens un zobrats"},"content":{"rendered":"<div>\n<h2 dir=\"auto\">In\u017eeniertehnisk\u0101 izcil\u012bba It\u0101lijas ce\u013ciem<\/h2>\n<p class=\"break-words\" dir=\"auto\">Run\u0101jot par j\u016bsu transportl\u012bdzek\u013ca veiktsp\u0113jas optimiz\u0113\u0161anu, Precision Gear gredzenu un zobratu komplekti ir autovad\u012bt\u0101ju izv\u0113le vis\u0101 It\u0101lij\u0101, s\u0101kot no ros\u012bgaj\u0101m Mil\u0101nas iel\u0101m l\u012bdz gleznainajiem Florences ce\u013ciem. \u0160ie augstas kvalit\u0101tes zobratu komplekti ir izstr\u0101d\u0101ti, izmantojot progres\u012bvas ra\u017eo\u0161anas metodes un augst\u0101k\u0101s kvalit\u0101tes 8620 kalumus, nodro\u0161inot iztur\u012bbu un precizit\u0101ti gan ielu, gan trases brauk\u0161anai. Neatkar\u012bgi no t\u0101, vai j\u016bs uzlabojat musku\u013cauto Ven\u0113cij\u0101 vai preciz\u0113jat 4x4 bezce\u013cu piedz\u012bvojumiem net\u0101lu no Bolo\u0146as, Precision Gear pied\u0101v\u0101 pla\u0161u p\u0101rnesumu attiec\u012bbu kl\u0101stu \u2014 piem\u0113ram, 3,08:1 GM 8,5\/8,6 coll\u0101m, 4,56:1 Dana 44 vai 5,13:1 Ford 8,8 coll\u0101m \u2014, lai atbilstu j\u016bsu \u012bpa\u0161aj\u0101m vajadz\u012bb\u0101m. \u0160ie zobratu komplekti, kas paredz\u0113ti, lai tiktu gal\u0101 ar lielas jaudas rad\u012btaj\u0101m gr\u016bt\u012bb\u0101m, nodro\u0161ina efekt\u012bvu jaudas p\u0101rnesi, lai j\u016bsu transportl\u012bdzeklis kust\u0113tos vienm\u0113r\u012bgi neatkar\u012bgi no reljefa.<\/p>\n<p dir=\"auto\"><img loading=\"lazy\" decoding=\"async\" class=\"size-full wp-image-7917 aligncenter\" src=\"https:\/\/fmp-components.com\/wp-content\/uploads\/2025\/04\/Precision-Gear-Ring-and-Pinion-2.webp\" alt=\"Prec\u012bzijas zobratu gredzens un zobrats\" width=\"800\" height=\"800\" title=\"\" srcset=\"https:\/\/fmp-components.com\/wp-content\/uploads\/2025\/04\/Precision-Gear-Ring-and-Pinion-2.webp 800w, https:\/\/fmp-components.com\/wp-content\/uploads\/2025\/04\/Precision-Gear-Ring-and-Pinion-2-480x480.webp 480w\" sizes=\"(min-width: 0px) and (max-width: 480px) 480px, (min-width: 481px) 800px, 100vw\" \/><\/p>\n<h3 dir=\"auto\">Specifik\u0101cija<\/h3>\n<\/div>\n<div>\n<table style=\"width: 100%;\" border=\"1\" width=\"100%\" cellspacing=\"0\" cellpadding=\"0\">\n<tbody>\n<tr>\n<td colspan=\"1\" rowspan=\"1\">\n<div class=\"magic-13\" data-spm-anchor-id=\"a2700.details-description.0.i1.1c4atCsDtCsDdk\">Pieejamais materi\u0101ls:<\/div>\n<\/td>\n<td colspan=\"1\" rowspan=\"1\">\n<div class=\"magic-14\">Misi\u0146\u0161, var\u0161, oglek\u013ca t\u0113rauds, ner\u016bs\u0113jo\u0161ais t\u0113rauds, t\u0113rauda sakaus\u0113jums, alum\u012bnija sakaus\u0113jums utt.<\/div>\n<\/td>\n<\/tr>\n<tr>\n<td colspan=\"1\" rowspan=\"1\">\n<div class=\"magic-13\">Tolerance:<\/div>\n<\/td>\n<td colspan=\"1\" rowspan=\"1\">\n<div class=\"magic-14\">Saska\u0146\u0101 ar z\u012bm\u0113jumu (+\/- 0,05 mm, +\/- 0,01 mm)<\/div>\n<\/td>\n<\/tr>\n<tr>\n<td colspan=\"1\" rowspan=\"1\">\n<div class=\"magic-13\">Virsmas apstr\u0101de:<\/div>\n<\/td>\n<td colspan=\"1\" rowspan=\"1\">\n<div class=\"magic-14\">Cinkots, ni\u0137el\u0113ts, hrom\u0113ts, anod\u0113ts, fosfat\u0113ts, \u0137\u012bmiski melnots, s\u0101ls vannas nitrid\u0113\u0161ana utt.<\/div>\n<\/td>\n<\/tr>\n<tr>\n<td colspan=\"1\" rowspan=\"1\">\n<div class=\"magic-13\">Izpildes laiks:<\/div>\n<\/td>\n<td colspan=\"1\" rowspan=\"1\">\n<div class=\"magic-14\">20\u201345 dienas ir atkar\u012bgas no daudzuma un sare\u017e\u0123\u012bt\u012bbas<\/div>\n<\/td>\n<\/tr>\n<tr>\n<td colspan=\"1\" rowspan=\"1\">\n<div class=\"magic-13\">Pielietojums:<\/div>\n<\/td>\n<td colspan=\"1\" rowspan=\"1\">\n<div class=\"magic-14\">Iekr\u0101v\u0113js, celtnis, vilciens, kravas automa\u0161\u012bna, z\u0101les p\u013c\u0101v\u0113js, dzelzce\u013ca apr\u012bkojums, medic\u012bnas ier\u012bce, r\u016bpniecisk\u0101 ma\u0161\u012bna, automobilis, elektriskais<br \/>\nier\u012bce, automatiz\u0101cijas iek\u0101rta, citas nozares utt.,<\/div>\n<\/td>\n<\/tr>\n<tr>\n<td colspan=\"1\" rowspan=\"1\">\n<div class=\"magic-13\">Maks\u0101juma termi\u0146\u0161:<\/div>\n<\/td>\n<td colspan=\"1\" rowspan=\"1\">\n<div class=\"magic-14\">\n<p>Akredit\u012bvs pie redzesloka<\/p>\n<div>T\/T 30% depoz\u012bts un l\u012bdzsvarots 70%, kas j\u0101maks\u0101 pirms nos\u016bt\u012b\u0161anas.<\/div>\n<\/div>\n<\/td>\n<\/tr>\n<tr>\n<td colspan=\"1\" rowspan=\"1\">\n<div class=\"magic-13\">Ra\u017eo\u0161anas iek\u0101rtas:<\/div>\n<\/td>\n<td colspan=\"1\" rowspan=\"1\">\n<div class=\"magic-14\">CNC apstr\u0101des centrs, CNC virpa, sl\u012bpma\u0161\u012bna, fr\u0113zma\u0161\u012bna, z\u0101\u0123ma\u0161\u012bna, metin\u0101\u0161anas iek\u0101rta, hidraulisk\u0101 preses iek\u0101rta, urb\u0161ana<br \/>\nun v\u012bt\u0146o\u0161anas ma\u0161\u012bna, zobratu veido\u0161anas ma\u0161\u012bna utt.<\/div>\n<\/td>\n<\/tr>\n<tr>\n<td colspan=\"1\" rowspan=\"1\">\n<div class=\"magic-13\">P\u0101rbaudes apr\u012bkojums:<\/div>\n<\/td>\n<td colspan=\"1\" rowspan=\"1\">\n<div class=\"magic-14\">Elektronisks Penumatic m\u0113rinstruments, tr\u012bs koordin\u0101tu noteik\u0161anas iek\u0101rtas, Rokvela ciet\u012bbas testeris, digit\u0101lais ultraska\u0146as defekts<br \/>\nDetektors, virsmas raupjuma m\u0113r\u012b\u0161anas instruments, L\u012bba ciet\u012bbas testeris, ap\u0161uvuma m\u0113r\u012b\u0161anas instruments, s\u0101ls izsmidzin\u0101\u0161anas testeris, p\u0101rnesums<br \/>\nM\u0113r\u012bjumu centrs utt.<\/div>\n<\/td>\n<\/tr>\n<tr>\n<td colspan=\"1\" rowspan=\"1\">\n<div class=\"magic-13\">Kvalit\u0101tes kontrole:<\/div>\n<\/td>\n<td colspan=\"1\" rowspan=\"1\">\n<div class=\"magic-14\">\n<p>1. Ien\u0101ko\u0161ie materi\u0101li tiks p\u0101rbaud\u012bti pirms ra\u017eo\u0161anas.<\/p>\n<div data-spm-anchor-id=\"a2700.pc-decorate.0.i39.bc343333CIclSA\">2. Stingra apstr\u0101des kvalit\u0101tes kontrole.<\/div>\n<div data-spm-anchor-id=\"a2700.pc-decorate.0.i39.bc343333CIclSA\">3.100% p\u0101rbaude pirms nos\u016bt\u012b\u0161anas.<\/div>\n<div data-spm-anchor-id=\"a2700.pc-decorate.0.i39.bc343333CIclSA\">4. M\u0113s esam atbild\u012bgi par produkta kvalit\u0101ti gala lietot\u0101jam.<\/div>\n<\/div>\n<\/td>\n<\/tr>\n<tr>\n<td colspan=\"1\" rowspan=\"1\">\n<div class=\"magic-13\">Iepakojums:<\/div>\n<\/td>\n<td colspan=\"1\" rowspan=\"1\">\n<div class=\"magic-14\">\n<p>1. metode: kartona kaste vai gofr\u0113ta kartona kaste<\/p>\n<div data-spm-anchor-id=\"a2700.pc-decorate.0.i43.bc343333CIclSA\">2. metode: koka kaste vai koka kaste<\/div>\n<div data-spm-anchor-id=\"a2700.pc-decorate.0.i43.bc343333CIclSA\">3. metode: Dzelzs grozs vai plastmasas grozs<\/div>\n<div data-spm-anchor-id=\"a2700.pc-decorate.0.i43.bc343333CIclSA\">4. metode: Palete<\/div>\n<\/div>\n<\/td>\n<\/tr>\n<tr>\n<td colspan=\"1\" rowspan=\"1\">\n<div class=\"magic-13\">P\u0113cp\u0101rdo\u0161anas serviss:<\/div>\n<\/td>\n<td colspan=\"1\" rowspan=\"1\">\n<div class=\"magic-14\">M\u0113s sekosim l\u012bdzi pre\u010du pieg\u0101dei klientiem un pal\u012bdz\u0113sim atrisin\u0101t probl\u0113mas p\u0113c p\u0101rdo\u0161anas<\/div>\n<\/td>\n<\/tr>\n<\/tbody>\n<\/table>\n<div>\n<h2 dir=\"auto\">Daudzpus\u012bga veiktsp\u0113ja katram braucienam<\/h2>\n<p class=\"break-words\" dir=\"auto\">Precision Gear gredzenu un zobratu komplekti ir izstr\u0101d\u0101ti, lai nodro\u0161in\u0101tu izcilu v\u0113rt\u012bbu, neapdraudot kvalit\u0101ti, padarot tos par lielisku izv\u0113li auto entuziastiem t\u0101d\u0101s pils\u0113t\u0101s k\u0101 Roma un Tur\u012bna. Ar iesp\u0113j\u0101m GM, Ford, Dana, Toyota un citiem, \u0161ie zobratu komplekti ir piem\u0113roti da\u017e\u0101diem transportl\u012bdzek\u013ciem, nodro\u0161inot sader\u012bbu un veiktsp\u0113ju. Piem\u0113ram, t\u0101di mode\u013ci k\u0101 F88\/410 Ford 8,8 collu 4,10 p\u0101rnesumi vai TOY\/456 Toyota 8 collu 4,56 p\u0101rnesumi ir rad\u012bti, lai iztur\u0113tu sare\u017e\u0123\u012btus apst\u0101k\u013cus, pied\u0101v\u0101jot uzticam\u012bbu ikdienas braucienos Neapol\u0113 vai ener\u0123iskos braucienos pa Tosk\u0101nas pakalniem. Ar klientu 4,0 zvaig\u017e\u0146u v\u0113rt\u0113jumu Precision Gear komplekti ir sinon\u012bms iztur\u012bbai un pieejam\u012bbai, pal\u012bdzot it\u0101\u013cu autovad\u012bt\u0101jiem ar p\u0101rliec\u012bbu sasniegt savus veiktsp\u0113jas m\u0113r\u0137us.<\/p>\n<h3 dir=\"auto\">FMP: J\u016bsu uzticamais partneris piel\u0101gotu apr\u012bkojuma risin\u0101jumu jom\u0101<\/h3>\n<p dir=\"auto\">Uz\u0146\u0113mum\u0101 FMP m\u0113s lepojamies ar to, ka esam vado\u0161ais gredzenu un zobratu zobratu ra\u017eot\u0101js, pied\u0101v\u0101jot daudzveid\u012bgu prec\u012bz\u0101s p\u0101rnesumk\u0101rbas komplektu kl\u0101stu, lai apmierin\u0101tu It\u0101lijas autob\u016bves kopienas vajadz\u012bbas. Atrodamies nozares sird\u012b, m\u0113s ra\u017eojam zobratus da\u017e\u0101diem pielietojumiem, k\u0101 ar\u012b specializ\u0113jamies piel\u0101gotos risin\u0101jumos unik\u0101l\u0101m transportl\u012bdzek\u013cu konstrukcij\u0101m.<\/p>\n<p dir=\"auto\">Ja m\u016bsu produktu sarakst\u0101 nevarat atrast nepiecie\u0161amo modeli, neuztraucieties \u2014 iesp\u0113jams, m\u0113s to v\u0113l neesam aug\u0161upiel\u0101d\u0113ju\u0161i. Vienk\u0101r\u0161i nos\u016btiet mums e-pastu ar sav\u0101m pras\u012bb\u0101m, un viens no m\u016bsu pieredz\u0113ju\u0161ajiem in\u017eenieriem atbild\u0113s 24 stundu laik\u0101, lai sniegtu personaliz\u0113tu pal\u012bdz\u012bbu.<\/p>\n<\/div>\n<p dir=\"auto\"><img loading=\"lazy\" decoding=\"async\" class=\"wp-image-7919 aligncenter\" src=\"https:\/\/fmp-components.com\/wp-content\/uploads\/2025\/04\/Precision-Gear-Ring-and-Pinion-3.webp\" alt=\"Prec\u012bzijas zobrata gredzens un zobrats\" width=\"860\" height=\"860\" title=\"\" srcset=\"https:\/\/fmp-components.com\/wp-content\/uploads\/2025\/04\/Precision-Gear-Ring-and-Pinion-3.webp 860w, https:\/\/fmp-components.com\/wp-content\/uploads\/2025\/04\/Precision-Gear-Ring-and-Pinion-3-480x480.webp 480w\" sizes=\"(min-width: 0px) and (max-width: 480px) 480px, (min-width: 481px) 860px, 100vw\" \/><\/p>\n<\/div>","protected":false},"excerpt":{"rendered":"<p>Engineered Excellence for Italian Roads When it comes to optimizing your vehicle\u2019s performance, Precision Gear ring and pinion sets are the go-to choice for drivers across Italy, from the bustling streets of Milan to the scenic roads of Florence. These high-quality gear sets are engineered with advanced manufacturing techniques and premium 8620 forgings, ensuring durability [&hellip;]<\/p>","protected":false},"featured_media":7916,"comment_status":"open","ping_status":"closed","template":"","meta":{"_et_pb_use_builder":"","_et_pb_old_content":"","_et_gb_content_width":""},"product_brand":[],"product_cat":[114],"product_tag":[],"class_list":{"0":"post-7915","1":"product","2":"type-product","3":"status-publish","4":"has-post-thumbnail","6":"product_cat-ring-gear","8":"first","9":"instock","10":"shipping-taxable","11":"product-type-simple"},"_links":{"self":[{"href":"https:\/\/fmp-components.com\/lv\/wp-json\/wp\/v2\/product\/7915","targetHints":{"allow":["GET"]}}],"collection":[{"href":"https:\/\/fmp-components.com\/lv\/wp-json\/wp\/v2\/product"}],"about":[{"href":"https:\/\/fmp-components.com\/lv\/wp-json\/wp\/v2\/types\/product"}],"replies":[{"embeddable":true,"href":"https:\/\/fmp-components.com\/lv\/wp-json\/wp\/v2\/comments?post=7915"}],"wp:featuredmedia":[{"embeddable":true,"href":"https:\/\/fmp-components.com\/lv\/wp-json\/wp\/v2\/media\/7916"}],"wp:attachment":[{"href":"https:\/\/fmp-components.com\/lv\/wp-json\/wp\/v2\/media?parent=7915"}],"wp:term":[{"taxonomy":"product_brand","embeddable":true,"href":"https:\/\/fmp-components.com\/lv\/wp-json\/wp\/v2\/product_brand?post=7915"},{"taxonomy":"product_cat","embeddable":true,"href":"https:\/\/fmp-components.com\/lv\/wp-json\/wp\/v2\/product_cat?post=7915"},{"taxonomy":"product_tag","embeddable":true,"href":"https:\/\/fmp-components.com\/lv\/wp-json\/wp\/v2\/product_tag?post=7915"}],"curies":[{"name":"wp","href":"https:\/\/api.w.org\/{rel}","templated":true}]}}