{"id":7898,"date":"2025-04-09T08:43:15","date_gmt":"2025-04-09T08:43:15","guid":{"rendered":"https:\/\/fmp-components.com\/?post_type=product&#038;p=7898"},"modified":"2025-04-14T08:55:11","modified_gmt":"2025-04-14T08:55:11","slug":"internal-ring-gear","status":"publish","type":"product","link":"https:\/\/fmp-components.com\/lv\/product\/internal-ring-gear\/","title":{"rendered":"Iek\u0161\u0113jais gredzenveida zobrats"},"content":{"rendered":"<h2>Iek\u0161\u0113jo gredzenu zobratu izpratne<\/h2>\n<div><\/div>\n<div>Iek\u0161\u0113jais <a href=\"https:\/\/fmp-components.com\/lv\/ring-gear\/\">gredzenveida zobrati<\/a> ir b\u016btiskas meh\u0101nisko sist\u0113mu sast\u0101vda\u013cas, kas paredz\u0113tas \u0101truma samazin\u0101\u0161anai un griezes momenta palielin\u0101\u0161anai ieb\u016bv\u0113tu v\u0101rpstu lietojumos. At\u0161\u0137ir\u012bb\u0101 no \u0101r\u0113jiem zobratiem, \u0161iem cilindriskajiem zobratiem ir zobi, kas iegriezti iek\u0161\u0113j\u0101 diametr\u0101, \u013caujot tiem neman\u0101mi savienoties ar cilindriskiem zobratiem vai zobratiem. \u0160\u012b konstrukcija \u013cauj piedzi\u0146as zobratam griezties zobrata iek\u0161pus\u0113, nodro\u0161inot vienm\u0113r\u012bgu un efekt\u012bvu darb\u012bbu. Iek\u0161\u0113jie gredzenveida zobrati tiek pla\u0161i izmantoti plan\u0113tu zobratu sist\u0113m\u0101s, zobratu savienojumos un cit\u0101s konfigur\u0101cij\u0101s, kur\u0101m nepiecie\u0161ami kompakti, liela griezes momenta risin\u0101jumi. \u0160o zobratu ra\u017eo\u0161an\u0101 parasti tiek izmantotas zobratu veido\u0161anas ma\u0161\u012bnas ar zobratu griez\u0113jiem, lai gan m\u016bsdienu metodes, piem\u0113ram, \u0161\u0137el\u0161ana, ir uzlaboju\u0161as ra\u017eo\u0161anas efektivit\u0101ti. Tom\u0113r to sare\u017e\u0123\u012bt\u0101 \u0123eometrija rada izaicin\u0101jumus, \u012bpa\u0161i pl\u0101n\u0101kiem gredzeniem, kuriem var rasties struktur\u0101las integrit\u0101tes probl\u0113mas vai slodzes apstr\u0101des laik\u0101.<\/div>\n<h3>Specifik\u0101cija<\/h3>\n<p>Iek\u0161\u0113jais gredzena zobrats ar zobiem uz t\u0101 loka iek\u0161\u0113j\u0101s virsmas.<\/p>\n<table border=\"1\" width=\"881\" cellspacing=\"0\" cellpadding=\"0\">\n<tbody>\n<tr>\n<td height=\"39\">Produkti<\/td>\n<td>Iek\u0161\u0113jais gredzenveida zobrats<\/td>\n<\/tr>\n<tr>\n<td height=\"39\">P\u0113c pas\u016bt\u012bjuma izgatavots<\/td>\n<td>\u221a<\/td>\n<\/tr>\n<tr>\n<td height=\"39\">P\u0101rnesumu profila tips<\/td>\n<td>Cilindrisks gredzenveida zobrats<\/td>\n<\/tr>\n<tr>\n<td height=\"39\">Zobratu zobu ra\u017eo\u0161ana<\/td>\n<td>Zobratu veido\u0161ana<\/td>\n<\/tr>\n<tr>\n<td height=\"39\">Zobratu zobu sl\u012bp\u0113\u0161ana<\/td>\n<td>* Ja nepiecie\u0161ams<\/td>\n<\/tr>\n<tr>\n<td height=\"39\">Modulis (M)<\/td>\n<td>Piel\u0101gots<\/td>\n<\/tr>\n<tr>\n<td height=\"39\">Zobu skaits (Z)<\/td>\n<td>Piel\u0101gots<\/td>\n<\/tr>\n<tr>\n<td>Spiediena le\u0146\u0137is (\u03b1)<\/td>\n<td>Piel\u0101gots<\/td>\n<\/tr>\n<tr>\n<td height=\"31\">Spir\u0101les le\u0146\u0137is (\u03b2)<\/td>\n<td>Piel\u0101gots<\/td>\n<\/tr>\n<tr>\n<td height=\"23\">Zobu precizit\u0101tes pak\u0101pe<\/td>\n<td>ISO 8-9 klase<\/td>\n<\/tr>\n<tr>\n<td height=\"15\">Termisk\u0101 apstr\u0101de<\/td>\n<td>R\u016bd\u012b\u0161ana un atlaidin\u0101\u0161ana\/indukcijas saciet\u0113\u0161ana<\/td>\n<\/tr>\n<tr>\n<td>Ciet\u012bba<\/td>\n<td>230\u2013260 HB<\/td>\n<\/tr>\n<\/tbody>\n<\/table>\n<p>&nbsp;<\/p>\n<table style=\"width: 99.1544%;\" border=\"1\" width=\"796\" cellspacing=\"0\" cellpadding=\"0\">\n<tbody>\n<tr>\n<td style=\"width: 116.377%;\" colspan=\"6\" height=\"36\">T\u0112RAUDA KODU KLASES SAL\u012aDZIN\u0100JUMS<\/td>\n<\/tr>\n<tr>\n<td style=\"width: 18.5139%;\" height=\"36\">\u0136\u012aNA\/LIELBRIT\u0100NIJA<\/td>\n<td style=\"width: 18.136%;\">ISO<\/td>\n<td style=\"width: 17.3804%;\">GOST<\/td>\n<td style=\"width: 10.0756%;\">ASTM<\/td>\n<td style=\"width: 16.4987%;\">JIS<\/td>\n<td style=\"width: 35.7722%;\">DIN<\/td>\n<\/tr>\n<tr>\n<td style=\"width: 18.5139%;\" height=\"36\">45<\/td>\n<td style=\"width: 18.136%;\">C45E4<\/td>\n<td style=\"width: 17.3804%;\">45<\/td>\n<td style=\"width: 10.0756%;\">1045<\/td>\n<td style=\"width: 16.4987%;\">S45C<\/td>\n<td style=\"width: 35.7722%;\">CK45<\/td>\n<\/tr>\n<tr>\n<td style=\"width: 18.5139%;\" height=\"36\">40Cr<\/td>\n<td style=\"width: 18.136%;\">41Cr4<\/td>\n<td style=\"width: 17.3804%;\">40x<\/td>\n<td style=\"width: 10.0756%;\">5140<\/td>\n<td style=\"width: 16.4987%;\">SCr440<\/td>\n<td style=\"width: 35.7722%;\">41Cr4<\/td>\n<\/tr>\n<tr>\n<td style=\"width: 18.5139%;\" height=\"36\">20CrMo<\/td>\n<td style=\"width: 18.136%;\">18CrMo4<\/td>\n<td style=\"width: 17.3804%;\">20HM<\/td>\n<td style=\"width: 10.0756%;\">4118<\/td>\n<td style=\"width: 16.4987%;\">SCM22<\/td>\n<td style=\"width: 35.7722%;\">25CrMo4<\/td>\n<\/tr>\n<tr>\n<td style=\"width: 18.5139%;\" height=\"36\">42CrMo<\/td>\n<td style=\"width: 18.136%;\">42CrMo4<\/td>\n<td style=\"width: 17.3804%;\">38XM<\/td>\n<td style=\"width: 10.0756%;\">4140<\/td>\n<td style=\"width: 16.4987%;\">SCM440<\/td>\n<td style=\"width: 35.7722%;\">42CrMo4<\/td>\n<\/tr>\n<tr>\n<td style=\"width: 18.5139%;\" height=\"36\">20CrMnTi<\/td>\n<td style=\"width: 18.136%;\"><\/td>\n<td style=\"width: 17.3804%;\">18X\u0413T<\/td>\n<td style=\"width: 10.0756%;\"><\/td>\n<td style=\"width: 16.4987%;\">SMK22<\/td>\n<td style=\"width: 35.7722%;\"><\/td>\n<\/tr>\n<tr>\n<td style=\"width: 18.5139%;\" height=\"36\">20Cr2Ni4<\/td>\n<td style=\"width: 18.136%;\"><\/td>\n<td style=\"width: 17.3804%;\">20X2H4A<\/td>\n<td style=\"width: 10.0756%;\"><\/td>\n<td style=\"width: 16.4987%;\"><\/td>\n<td style=\"width: 35.7722%;\"><\/td>\n<\/tr>\n<tr>\n<td style=\"width: 18.5139%;\" height=\"36\">20CrNiMo<\/td>\n<td style=\"width: 18.136%;\">20CrNiMo2<\/td>\n<td style=\"width: 17.3804%;\">20XHM<\/td>\n<td style=\"width: 10.0756%;\">8720<\/td>\n<td style=\"width: 16.4987%;\">SNCM220<\/td>\n<td style=\"width: 35.7722%;\">21NiCrMo2<\/td>\n<\/tr>\n<tr>\n<td style=\"width: 18.5139%;\" height=\"36\">40CrNiMoA<\/td>\n<td style=\"width: 18.136%;\"><\/td>\n<td style=\"width: 17.3804%;\">40XH2MA\/<br \/>\n40XHMA<\/td>\n<td style=\"width: 10.0756%;\">4340<\/td>\n<td style=\"width: 16.4987%;\">SNCM439<\/td>\n<td style=\"width: 35.7722%;\">40NiCrMo6\/<br \/>\n36NiCrMo4<\/td>\n<\/tr>\n<tr>\n<td style=\"width: 18.5139%;\" height=\"36\">20CrNi2Mo<\/td>\n<td style=\"width: 18.136%;\">20NiCrMo7<\/td>\n<td style=\"width: 17.3804%;\">20XH2MA<\/td>\n<td style=\"width: 10.0756%;\">4320<\/td>\n<td style=\"width: 16.4987%;\">SNCM420<\/td>\n<td style=\"width: 35.7722%;\"><\/td>\n<\/tr>\n<\/tbody>\n<\/table>\n<p><img loading=\"lazy\" decoding=\"async\" class=\"alignnone size-full wp-image-7899\" src=\"https:\/\/fmp-components.com\/wp-content\/uploads\/2025\/04\/internal-ring-gear-product-image.webp\" alt=\"iek\u0161\u0113j\u0101 gredzena zobrata produkta att\u0113ls\" width=\"2000\" height=\"1400\" title=\"\" srcset=\"https:\/\/fmp-components.com\/wp-content\/uploads\/2025\/04\/internal-ring-gear-product-image.webp 2000w, https:\/\/fmp-components.com\/wp-content\/uploads\/2025\/04\/internal-ring-gear-product-image-1280x896.webp 1280w, https:\/\/fmp-components.com\/wp-content\/uploads\/2025\/04\/internal-ring-gear-product-image-980x686.webp 980w, https:\/\/fmp-components.com\/wp-content\/uploads\/2025\/04\/internal-ring-gear-product-image-480x336.webp 480w\" sizes=\"(min-width: 0px) and (max-width: 480px) 480px, (min-width: 481px) and (max-width: 980px) 980px, (min-width: 981px) and (max-width: 1280px) 1280px, (min-width: 1281px) 2000px, 100vw\" \/><\/p>\n<h2>Dizaina un lietojumprogrammu ieskati<\/h2>\n<div>Iek\u0161\u0113j\u0101 gredzenveida zobrata veiktsp\u0113ja ir atkar\u012bga no t\u0101diem galvenajiem parametriem k\u0101 \u0101r\u0113jais diametrs, biezums un zobu profils. Pietiekami liels \u0101r\u0113jais diametrs nodro\u0161ina konstrukcijas stabilit\u0101ti, savuk\u0101rt atbilsto\u0161s biezums nov\u0113r\u0161 p\u0101rm\u0113r\u012bgu spriegumu darb\u012bbas laik\u0101. \u0160os zobratus var izgatavot no t\u0101diem materi\u0101liem k\u0101 t\u0113rauds, misi\u0146\u0161, bronza vai plastmasa, un r\u016bd\u012b\u0161ana tiek veikta atkar\u012bb\u0101 no iztur\u012bbas un ilgm\u016b\u017e\u012bbas vajadz\u012bb\u0101m. Savienojot tos ar cilindrisku vai zobratu, ir \u013coti svar\u012bgi nodro\u0161in\u0101t sader\u012bbu sol\u012b, spiediena le\u0146\u0137\u012b un spir\u0101les le\u0146\u0137\u012b (spir\u0101lveida zobratiem), k\u0101 ar\u012b p\u0101rbaud\u012bt evolventa, troho\u012bda un apgrie\u0161anas trauc\u0113jumus, lai nodro\u0161in\u0101tu nevainojamu funkcionalit\u0101ti. Iek\u0161\u0113jie zobrati izce\u013cas plan\u0113tu zobratu piedzi\u0146\u0101s, pied\u0101v\u0101jot da\u017e\u0101dus \u0101truma p\u0101rneses koeficientus un grie\u0161an\u0101s virzienus atkar\u012bb\u0101 no konfigur\u0101cijas, padarot tos par daudzpus\u012bgu izv\u0113li da\u017e\u0101d\u0101s nozar\u0113s.<\/div>\n<div><img loading=\"lazy\" decoding=\"async\" class=\"size-full wp-image-7913 aligncenter\" src=\"https:\/\/fmp-components.com\/wp-content\/uploads\/2025\/04\/internal_spur_ring_gear.webp\" alt=\"iek\u0161\u0113jais_piekares_gredzens_zobrats\" width=\"1024\" height=\"764\" title=\"\" srcset=\"https:\/\/fmp-components.com\/wp-content\/uploads\/2025\/04\/internal_spur_ring_gear.webp 1024w, https:\/\/fmp-components.com\/wp-content\/uploads\/2025\/04\/internal_spur_ring_gear-980x731.webp 980w, https:\/\/fmp-components.com\/wp-content\/uploads\/2025\/04\/internal_spur_ring_gear-480x358.webp 480w\" sizes=\"(min-width: 0px) and (max-width: 480px) 480px, (min-width: 481px) and (max-width: 980px) 980px, (min-width: 981px) 1024px, 100vw\" \/><\/div>\n<div>\n<h2>FMP: J\u016bsu uzticamais partneris It\u0101lij\u0101<\/h2>\n<p>Uz\u0146\u0113mum\u0101 FMP m\u0113s lepojamies ar to, ka ra\u017eojam pla\u0161u iek\u0161\u0113jo gredzenu zobratu kl\u0101stu, lai apmierin\u0101tu r\u016bpniec\u012bbas piepras\u012bjumu vis\u0101 It\u0101lij\u0101, s\u0101kot no Mil\u0101nas plauksto\u0161ajiem ra\u017eo\u0161anas centriem l\u012bdz Ven\u0113cijas prec\u012bz\u0101s in\u017eenierijas centriem, Florences amatniec\u012bbas darbn\u012bc\u0101m un Bolo\u0146as autob\u016bves nozarei. M\u016bsu produktu kl\u0101st\u0101 ir standarta iek\u0161\u0113jie zobrati da\u017e\u0101dos izm\u0113ros un specifik\u0101cij\u0101s, ta\u010du m\u016bsu stipr\u0101 puse ir piel\u0101go\u0161ana \u2014 risin\u0101jumu piel\u0101go\u0161ana j\u016bsu prec\u012bzaj\u0101m vajadz\u012bb\u0101m. Ja m\u016bsu produktu sarakst\u0101 neredzat v\u0113lamo modeli, tas vienk\u0101r\u0161i noz\u012bm\u0113, ka m\u0113s to v\u0113l neesam iek\u013c\u0101vu\u0161i sarakst\u0101. Sazinieties ar mums pa e-pastu, nor\u0101dot savas specifik\u0101cijas, un m\u016bsu prasm\u012bgie in\u017eenieri 24 stundu laik\u0101 atbild\u0113s ar piel\u0101gotu risin\u0101jumu.<\/p>\n<p><img loading=\"lazy\" decoding=\"async\" class=\"size-full wp-image-7914 aligncenter\" src=\"https:\/\/fmp-components.com\/wp-content\/uploads\/2025\/04\/fmp-ring-gear-product.webp\" alt=\"fmp gredzenveida zobrata izstr\u0101d\u0101jums\" width=\"1040\" height=\"502\" title=\"\" srcset=\"https:\/\/fmp-components.com\/wp-content\/uploads\/2025\/04\/fmp-ring-gear-product.webp 1040w, https:\/\/fmp-components.com\/wp-content\/uploads\/2025\/04\/fmp-ring-gear-product-980x473.webp 980w, https:\/\/fmp-components.com\/wp-content\/uploads\/2025\/04\/fmp-ring-gear-product-480x232.webp 480w\" sizes=\"(min-width: 0px) and (max-width: 480px) 480px, (min-width: 481px) and (max-width: 980px) 980px, (min-width: 981px) 1040px, 100vw\" \/><\/p>\n<\/div>","protected":false},"excerpt":{"rendered":"<p>Understanding Internal Ring Gears Internal ring gears are essential components in mechanical systems designed to reduce speed and increase torque in inline shaft applications. Unlike external gears, these cylindrical gears feature teeth cut into the inside diameter, allowing them to mesh seamlessly with spur gears or pinions. This design enables the driving pinion to rotate [&hellip;]<\/p>","protected":false},"featured_media":7911,"comment_status":"open","ping_status":"closed","template":"","meta":{"_et_pb_use_builder":"","_et_pb_old_content":"","_et_gb_content_width":""},"product_brand":[],"product_cat":[114],"product_tag":[],"class_list":{"0":"post-7898","1":"product","2":"type-product","3":"status-publish","4":"has-post-thumbnail","6":"product_cat-ring-gear","8":"first","9":"instock","10":"shipping-taxable","11":"product-type-simple"},"_links":{"self":[{"href":"https:\/\/fmp-components.com\/lv\/wp-json\/wp\/v2\/product\/7898","targetHints":{"allow":["GET"]}}],"collection":[{"href":"https:\/\/fmp-components.com\/lv\/wp-json\/wp\/v2\/product"}],"about":[{"href":"https:\/\/fmp-components.com\/lv\/wp-json\/wp\/v2\/types\/product"}],"replies":[{"embeddable":true,"href":"https:\/\/fmp-components.com\/lv\/wp-json\/wp\/v2\/comments?post=7898"}],"wp:featuredmedia":[{"embeddable":true,"href":"https:\/\/fmp-components.com\/lv\/wp-json\/wp\/v2\/media\/7911"}],"wp:attachment":[{"href":"https:\/\/fmp-components.com\/lv\/wp-json\/wp\/v2\/media?parent=7898"}],"wp:term":[{"taxonomy":"product_brand","embeddable":true,"href":"https:\/\/fmp-components.com\/lv\/wp-json\/wp\/v2\/product_brand?post=7898"},{"taxonomy":"product_cat","embeddable":true,"href":"https:\/\/fmp-components.com\/lv\/wp-json\/wp\/v2\/product_cat?post=7898"},{"taxonomy":"product_tag","embeddable":true,"href":"https:\/\/fmp-components.com\/lv\/wp-json\/wp\/v2\/product_tag?post=7898"}],"curies":[{"name":"wp","href":"https:\/\/api.w.org\/{rel}","templated":true}]}}