{"id":7829,"date":"2025-04-08T07:33:38","date_gmt":"2025-04-08T07:33:38","guid":{"rendered":"https:\/\/fmp-components.com\/?post_type=product&#038;p=7829"},"modified":"2025-04-08T07:33:39","modified_gmt":"2025-04-08T07:33:39","slug":"differential-ring-and-pinion-gears10-bolt-fmp-c8-456","status":"publish","type":"product","link":"https:\/\/fmp-components.com\/lv\/product\/differential-ring-and-pinion-gears10-bolt-fmp-c8-456\/","title":{"rendered":"Diferenci\u0101l\u0101 gredzena un zobrata zobrati (10 skr\u016bvju) FMP-C8-456"},"content":{"rendered":"<h2>Specifik\u0101cija<\/h2>\n<table style=\"width: 100%;\" border=\"1\" width=\"100%\" cellspacing=\"0\" cellpadding=\"0\">\n<thead>\n<tr>\n<th><strong>Specifik\u0101cija<\/strong><\/th>\n<th><strong>V\u0113rt\u012bba<\/strong><\/th>\n<\/tr>\n<\/thead>\n<tbody>\n<tr>\n<td>Lietotnes modelis<\/td>\n<td>Chrysler 8<\/td>\n<\/tr>\n<tr>\n<td>V\u0101ka skr\u016bvju daudzums<\/td>\n<td>10<\/td>\n<\/tr>\n<tr>\n<td>Diferenci\u0101l\u0101 nes\u0113ja p\u0101rtraukums<\/td>\n<td>3,54. attiec\u012bba un augst\u0101ka<\/td>\n<\/tr>\n<tr>\n<td>Diferenci\u0101l\u0101 korpusa konstrukcijas tips<\/td>\n<td>Chrysler 8<\/td>\n<\/tr>\n<tr>\n<td>P\u0101rnesumu attiec\u012bba<\/td>\n<td>4.56<\/td>\n<\/tr>\n<tr>\n<td>Zobrata zobrata zobu skaits<\/td>\n<td>9<\/td>\n<\/tr>\n<tr>\n<td>Zobrata v\u0101rpstas diametrs<\/td>\n<td>1,406 (collas)<\/td>\n<\/tr>\n<tr>\n<td>Zobrata rievu skaits<\/td>\n<td>27<\/td>\n<\/tr>\n<tr>\n<td>Gredzena zobrata skr\u016bves daudzums<\/td>\n<td>10<\/td>\n<\/tr>\n<tr>\n<td>Gredzenveida zobrata materi\u0101ls<\/td>\n<td>8620 t\u0113rauds<\/td>\n<\/tr>\n<tr>\n<td>Gredzena zobrata \u0101r\u0113jais diametrs<\/td>\n<td>8 (collas)<\/td>\n<\/tr>\n<tr>\n<td>Gredzena zobrata rot\u0101cija<\/td>\n<td>Standarta<\/td>\n<\/tr>\n<tr>\n<td>Gredzena zobrata zobu daudzums<\/td>\n<td>41<\/td>\n<\/tr>\n<tr>\n<td>Taksonomija A<\/td>\n<td>LD diferenci\u0101lis<\/td>\n<\/tr>\n<tr>\n<td>Taksonomija B<\/td>\n<td>Gredzens un zobrats<\/td>\n<\/tr>\n<tr>\n<td>Taksonomija C<\/td>\n<td>Priek\u0161puse<\/td>\n<\/tr>\n<tr>\n<td>Taksonomija D<\/td>\n<td>4.56<\/td>\n<\/tr>\n<\/tbody>\n<\/table>\n<div><img loading=\"lazy\" decoding=\"async\" class=\"size-full wp-image-7830 aligncenter\" src=\"https:\/\/fmp-components.com\/wp-content\/uploads\/2025\/04\/Differential-Ring-and-Pinion-10-Bolt-C8-456-6.webp\" alt=\"Diferenci\u0101l\u0101 gredzena un zobrata (10 skr\u016bvju) C8-456\" width=\"1500\" height=\"500\" title=\"\" srcset=\"https:\/\/fmp-components.com\/wp-content\/uploads\/2025\/04\/Differential-Ring-and-Pinion-10-Bolt-C8-456-6.webp 1500w, https:\/\/fmp-components.com\/wp-content\/uploads\/2025\/04\/Differential-Ring-and-Pinion-10-Bolt-C8-456-6-1280x427.webp 1280w, https:\/\/fmp-components.com\/wp-content\/uploads\/2025\/04\/Differential-Ring-and-Pinion-10-Bolt-C8-456-6-980x327.webp 980w, https:\/\/fmp-components.com\/wp-content\/uploads\/2025\/04\/Differential-Ring-and-Pinion-10-Bolt-C8-456-6-480x160.webp 480w\" sizes=\"(min-width: 0px) and (max-width: 480px) 480px, (min-width: 481px) and (max-width: 980px) 980px, (min-width: 981px) and (max-width: 1280px) 1280px, (min-width: 1281px) 1500px, 100vw\" \/><\/div>\n<div class=\"Message_messageMetadataContainer__nBPq7\">\n<h3 class=\"\" dir=\"auto\">FMP: Augst\u0101k\u0101s kvalit\u0101tes gredzenu un zobratu p\u0101rvadu risin\u0101jumi<\/h3>\n<p class=\"break-words\" dir=\"auto\">FMP ar lepnumu ra\u017eo augst\u0101k\u0101s klases gredzenu un zobratu komplektus, kas paredz\u0113ti sader\u012bbai ar Ford 10,5 collu diferenci\u0101\u013ciem, nodro\u0161inot izcilu veiktsp\u0113ju autovad\u012bt\u0101jiem da\u017e\u0101dos reljefos. Neatkar\u012bgi no t\u0101, vai braucat pa nel\u012bdzeniem bezce\u013cu tak\u0101m vai vienm\u0113r\u012bgi pa \u0161oseju, m\u016bsu augst\u0101k\u0101s kvalit\u0101tes p\u0101rnesumu komplekti ir izstr\u0101d\u0101ti, lai uzlabotu j\u016bsu brauk\u0161anas pieredzi. Ar vair\u0101k nek\u0101 40 gadu pieredzi FMP ir ap\u0146\u0113mies nodro\u0161in\u0101t augstas kvalit\u0101tes komponentus, kas paaugstina transportl\u012bdzek\u013cu iesp\u0113jas, nodro\u0161inot, ka pie st\u016bres varat baud\u012bt gan jaudu, gan precizit\u0101ti.<\/p>\n<p class=\"break-words\" dir=\"auto\">M\u016bsu gredzenu un zobratu komplekti pied\u0101v\u0101 virkni b\u016btisku priek\u0161roc\u012bbu, kas piel\u0101gotas j\u016bsu vajadz\u012bb\u0101m. Tie ir izgatavoti no augstas kvalit\u0101tes t\u0113rauda, \u200b\u200bizmantojot uzlabotus prec\u012bzas grie\u0161anas un termisk\u0101s apstr\u0101des procesus, un nodro\u0161ina izcilu iztur\u012bbu un ilgm\u016b\u017e\u012bbu, atbilstot vai p\u0101rsniedzot ori\u0123in\u0101l\u0101 apr\u012bkojuma standartus. Tas nodro\u0161ina uzticamu veiktsp\u0113ju ikdienas brauk\u0161anas apst\u0101k\u013cos vai ekstrem\u0101los bezce\u013cu apst\u0101k\u013cos. Optimiz\u0113tie p\u0101rnesumu skait\u013ci uzlabo griezes momenta pieg\u0101di, nodro\u0161inot lab\u0101ku sa\u0137eri, vilk\u0161anas efektivit\u0101ti un kontroli, vienlaikus uzlabojot degvielas ekonomiju pie lielce\u013cu \u0101truma, saglab\u0101jot ide\u0101lus dzin\u0113ja apgriezienus. Turkl\u0101t m\u016bsu zobratu komplekti ir izstr\u0101d\u0101ti vienk\u0101r\u0161ai uzst\u0101d\u012b\u0161anai un klusai darb\u012bbai, nov\u0113r\u0161ot nev\u0113lamu troksni \u0113rtai brauk\u0161anai.<\/p>\n<p class=\"break-words\" dir=\"auto\">FMP ar p\u0101rliec\u012bbu atbild par katru produktu, pied\u0101v\u0101jot 2 gadu garantiju pret ra\u017eo\u0161anas defektiem. M\u016bsu gredzenu un zobratu komplekti ir r\u016bp\u012bgi p\u0101rbaud\u012bti lieto\u0161anai ielu, bezce\u013cu un pat sac\u012bk\u0161u apst\u0101k\u013cos, padarot tos par uzticamu izv\u0113li gan entuziastiem, gan profesion\u0101\u013ciem. Jaunin\u0101\u0161ana ar FMP nav tikai modifik\u0101cija \u2014 t\u0101 ir ieguld\u012bjums veiktsp\u0113j\u0101, efektivit\u0101t\u0113 un ilgsto\u0161\u0101 uzticam\u012bb\u0101. Lai sa\u0146emtu piel\u0101gotus risin\u0101jumus vai \u012bpa\u0161us jaut\u0101jumus, sazinieties ar mums, un m\u016bsu \u012bpa\u0161\u0101 komanda nodro\u0161in\u0101s, ka ieg\u016bsiet perfektu p\u0101rnesumu komplektu savam transportl\u012bdzeklim.<\/p>\n<\/div>","protected":false},"excerpt":{"rendered":"<p>Specification Specification Value App Model Chrysler 8 Cover Bolt Quantity 10 Differential Carrier Break 3.54 Ratio and Higher Differential Case Design Type Chrysler 8 Gear Ratio 4.56 Pinion Gear Tooth Quantity 9 Pinion Shaft Diameter 1.406 (Inch) Pinion Spline Count 27 Ring Gear Bolt Quantity 10 Ring Gear Material 8620 Steel Ring Gear Outside Diameter [&hellip;]<\/p>","protected":false},"featured_media":7831,"comment_status":"open","ping_status":"closed","template":"","meta":{"_et_pb_use_builder":"","_et_pb_old_content":"","_et_gb_content_width":""},"product_brand":[],"product_cat":[115],"product_tag":[],"class_list":{"0":"post-7829","1":"product","2":"type-product","3":"status-publish","4":"has-post-thumbnail","6":"product_cat-ring-and-pinion-gears","8":"first","9":"instock","10":"shipping-taxable","11":"product-type-simple"},"_links":{"self":[{"href":"https:\/\/fmp-components.com\/lv\/wp-json\/wp\/v2\/product\/7829","targetHints":{"allow":["GET"]}}],"collection":[{"href":"https:\/\/fmp-components.com\/lv\/wp-json\/wp\/v2\/product"}],"about":[{"href":"https:\/\/fmp-components.com\/lv\/wp-json\/wp\/v2\/types\/product"}],"replies":[{"embeddable":true,"href":"https:\/\/fmp-components.com\/lv\/wp-json\/wp\/v2\/comments?post=7829"}],"wp:featuredmedia":[{"embeddable":true,"href":"https:\/\/fmp-components.com\/lv\/wp-json\/wp\/v2\/media\/7831"}],"wp:attachment":[{"href":"https:\/\/fmp-components.com\/lv\/wp-json\/wp\/v2\/media?parent=7829"}],"wp:term":[{"taxonomy":"product_brand","embeddable":true,"href":"https:\/\/fmp-components.com\/lv\/wp-json\/wp\/v2\/product_brand?post=7829"},{"taxonomy":"product_cat","embeddable":true,"href":"https:\/\/fmp-components.com\/lv\/wp-json\/wp\/v2\/product_cat?post=7829"},{"taxonomy":"product_tag","embeddable":true,"href":"https:\/\/fmp-components.com\/lv\/wp-json\/wp\/v2\/product_tag?post=7829"}],"curies":[{"name":"wp","href":"https:\/\/api.w.org\/{rel}","templated":true}]}}