{"id":7790,"date":"2025-04-04T07:52:48","date_gmt":"2025-04-04T07:52:48","guid":{"rendered":"https:\/\/fmp-components.com\/?post_type=product&#038;p=7790"},"modified":"2025-04-04T07:53:35","modified_gmt":"2025-04-04T07:53:35","slug":"planetary-ring-gear-2","status":"publish","type":"product","link":"https:\/\/fmp-components.com\/lv\/product\/planetary-ring-gear-2\/","title":{"rendered":"Plan\u0113tu gredzenu p\u0101rnesums"},"content":{"rendered":"<p>Plan\u0113tu gredzenveida zobrats, kas paz\u012bstams ar\u012b k\u0101 iek\u0161\u0113jais <a href=\"https:\/\/fmp-components.com\/lv\/ring-gear\/\">gredzenveida zobrats<\/a>, ir galven\u0101 planet\u0101ro zobratu sist\u0113mu sast\u0101vda\u013ca, kuras zobi ir izgriezti cilindriska gredzena iek\u0161\u0113j\u0101 virsm\u0101. T\u0101 savienojas ar vair\u0101kiem plan\u0113tu zobratiem, kas ri\u0146\u0137o ap centr\u0101lo saules zobratu, nodro\u0161inot kompaktu, liela griezes momenta jaudas p\u0101rvadi ar izcilu efektivit\u0101ti. Parasti t\u0101 ir konstru\u0113ta ar evolventu zobu profilu, kas nodro\u0161ina vienm\u0113r\u012bgu darb\u012bbu un vienm\u0113r\u012bgu slodzes sadal\u012bjumu, savuk\u0101rt t\u0101s lielais diametrs un iek\u0161\u0113j\u0101 orient\u0101cija \u013cauj sasniegt augstus p\u0101rnesumu samazin\u0101\u0161anas koeficientus ierobe\u017eot\u0101 telp\u0101. Tas padara to pla\u0161i izmantojamu t\u0101d\u0101s lietojumprogramm\u0101s k\u0101 automobi\u013cu transmisijas, r\u016bpniecisk\u0101s iek\u0101rtas un kosmosa sist\u0113mas.<\/p>\n<h2>Specifik\u0101cija<\/h2>\n<table style=\"width: 100%;\" border=\"1\" width=\"100%\" cellspacing=\"0\" cellpadding=\"0\">\n<tbody>\n<tr>\n<td width=\"80\">Mode\u013ca numurs<\/td>\n<td width=\"531\">M3, M4, M5, M8, M12 un citi.<\/td>\n<\/tr>\n<tr>\n<td width=\"80\">Materi\u0101ls<\/td>\n<td width=\"531\">Misi\u0146\u0161, C45 t\u0113rauds, ner\u016bs\u0113jo\u0161ais t\u0113rauds, var\u0161, POM, alum\u012bnijs, sakaus\u0113jums utt.<\/td>\n<\/tr>\n<tr>\n<td rowspan=\"2\" width=\"80\">Virsmas apstr\u0101de<\/td>\n<td width=\"531\">Cinkots, Ni\u0137el\u0113ts, Pasiv\u0101cija, Oksid\u0101cija, Anod\u0113\u0161ana,<\/td>\n<\/tr>\n<tr>\n<td width=\"531\">\u0122eomets, dakromets, melnais oks\u012bds, fosfatiz\u0101cija, pulverkr\u0101so\u0161ana un elektrofor\u0113ze<\/td>\n<\/tr>\n<tr>\n<td width=\"80\">Standarta<\/td>\n<td width=\"531\">ISO, DIN, ANSI, JIS, BS un nestandarta.<\/td>\n<\/tr>\n<tr>\n<td width=\"80\">Precizit\u0101te<\/td>\n<td width=\"531\">DIN6, DIN7, DIN8, DIN9.<\/td>\n<\/tr>\n<tr>\n<td width=\"80\">Zobu \u0101rst\u0113\u0161ana<\/td>\n<td width=\"531\">R\u016bd\u012bts, fr\u0113z\u0113ts vai samalts<\/td>\n<\/tr>\n<tr>\n<td width=\"80\">Tolerance<\/td>\n<td width=\"531\">0,001 mm\u20130,01 mm\u20130,1 mm<\/td>\n<\/tr>\n<tr>\n<td width=\"80\">Pabeigt<\/td>\n<td width=\"531\">ar lodveida\/smil\u0161u str\u016bklu, termisko apstr\u0101di, atkv\u0113lin\u0101\u0161anu, r\u016bd\u012b\u0161anu, pul\u0113\u0161anu, anod\u0113\u0161anu, cinko\u0161anu<\/td>\n<\/tr>\n<tr>\n<td width=\"80\">Pre\u010du iesai\u0146o\u0161ana<\/td>\n<td width=\"531\">Plastmasas maisi\u0146\u0161 + kartona kastes vai koka iepakojums<\/td>\n<\/tr>\n<tr>\n<td width=\"80\">Maks\u0101juma noteikumi<\/td>\n<td width=\"531\">T\/T, akredit\u012bvs<\/td>\n<\/tr>\n<tr>\n<td width=\"80\">Ra\u017eo\u0161anas izpildes laiks<\/td>\n<td width=\"531\">20 darba dienas paraugam, 25 dienas liel\u0101kajai da\u013cai<\/td>\n<\/tr>\n<tr>\n<td rowspan=\"2\" width=\"80\">Paraugi<\/td>\n<td width=\"531\">Parauga cenu diapazons ir no $2 l\u012bdz $100.<\/td>\n<\/tr>\n<tr>\n<td width=\"531\">klientu apmaks\u0101ta eksprespiepras\u012bjuma paraugs<\/td>\n<\/tr>\n<tr>\n<td rowspan=\"8\" width=\"80\">Pieteikums<\/td>\n<td width=\"531\">1. Autom\u0101tiska vad\u012bbas iek\u0101rta<\/td>\n<\/tr>\n<tr>\n<td width=\"531\">2. Pusvad\u012bt\u0101ju r\u016bpniec\u012bba<\/td>\n<\/tr>\n<tr>\n<td width=\"531\">3. Visp\u0101r\u0113j\u0101s r\u016bpniec\u012bbas iek\u0101rtas<\/td>\n<\/tr>\n<tr>\n<td width=\"531\">4. Medic\u012bnas iek\u0101rtas<\/td>\n<\/tr>\n<tr>\n<td width=\"531\">5. Saules ener\u0123ijas iek\u0101rtas<\/td>\n<\/tr>\n<tr>\n<td width=\"531\">6. Darbgalds<\/td>\n<\/tr>\n<tr>\n<td width=\"531\">7. Parko\u0161an\u0101s sist\u0113ma<\/td>\n<\/tr>\n<tr>\n<td width=\"531\">8. \u0100trgaitas dzelzce\u013ca un avi\u0101cijas transporta apr\u012bkojums utt.<\/td>\n<\/tr>\n<\/tbody>\n<\/table>\n<div>\n<h2 dir=\"auto\">Plan\u0113tu gredzenu p\u0101rnesumu \u012bpa\u0161\u012bbas<\/h2>\n<p class=\"break-words\" dir=\"auto\">Plan\u0113tu gredzenveida zobratu raksturo t\u0101 iek\u0161\u0113j\u0101 zobu konfigur\u0101cija, kas ir izgriezta uz cilindriska gredzena iek\u0161\u0113j\u0101s virsmas, kas to at\u0161\u0137ir no \u0101r\u0113jiem zobratiem. Taj\u0101 parasti tiek izmantots evolvents zobu profils, kas nodro\u0161ina vienm\u0113r\u012bgu un efekt\u012bvu sasl\u0113g\u0161anos ar plan\u0113tu zobratiem, kas rot\u0113 ap centr\u0101lo saules zobratu. \u0160\u012b konstrukcija nodro\u0161ina nemain\u012bgu \u0101truma attiec\u012bbu un lielisku slodzes sadal\u012bjumu, veicinot uzticamu jaudas p\u0101rvadi kompakt\u0101s konfigur\u0101cij\u0101s.<\/p>\n<p class=\"break-words\" dir=\"auto\">Zobrata lielais diametrs un iek\u0161\u0113j\u0101 orient\u0101cija nodro\u0161ina augstus zobratu redukcijas koeficientus, padarot to par b\u016btisku sast\u0101vda\u013cu plan\u0113tu zobratu sist\u0113m\u0101s, kur ir ierobe\u017eota telpa un nepiecie\u0161ams liels griezes moments. T\u0101 sp\u0113ja griezties taj\u0101 pa\u0161\u0101 virzien\u0101 k\u0101 plan\u0113tu zobrati uzlabo sist\u0113mas vienk\u0101r\u0161\u012bbu, savuk\u0101rt ieliekt\u0101 zobu forma var uzlabot kontakta stipr\u012bbu un iztur\u012bbu. \u0160\u012bs \u012bpa\u0161\u012bbas padara to ide\u0101li piem\u0113rotu sare\u017e\u0123\u012btiem lietojumiem, piem\u0113ram, automobi\u013cu transmisij\u0101m un smagaj\u0101m ma\u0161\u012bn\u0101m.<\/p>\n<p class=\"break-words\" dir=\"auto\">Plan\u0113tu gredzenveida zobratu ra\u017eo\u0161ana bie\u017ei ietver zobratu form\u0113\u0161anu t\u0101 iek\u0161\u0113j\u0101s \u0123eometrijas d\u0113\u013c, kas prasa precizit\u0101ti, lai izvair\u012btos no trauc\u0113jumu probl\u0113m\u0101m, piem\u0113ram, evolventa vai troho\u012bda mijiedarb\u012bbas ar pretzobratiem. Profila nob\u012bde parasti tiek izmantota, lai stiprin\u0101tu zobus un nov\u0113rstu sazobes probl\u0113mas, nodro\u0161inot iztur\u012bbu. T\u0101 daudzpus\u012bba un efektivit\u0101te ir padar\u012bjusi to par st\u016brakmeni t\u0101d\u0101s nozar\u0113s k\u0101 kosmosa r\u016bpniec\u012bba, robotika un r\u016bpniecisk\u0101 automatiz\u0101cija.<\/p>\n<\/div>","protected":false},"excerpt":{"rendered":"<p>A planetary ring gear, also known as an internal ring gear, is a key component in planetary gear systems, featuring teeth cut on the inner surface of a cylindrical ring. It meshes with multiple planet gears that orbit a central sun gear, enabling compact, high-torque power transmission with excellent efficiency. Typically designed with an involute [&hellip;]<\/p>","protected":false},"featured_media":4642,"comment_status":"open","ping_status":"closed","template":"","meta":{"_et_pb_use_builder":"","_et_pb_old_content":"","_et_gb_content_width":""},"product_brand":[],"product_cat":[114],"product_tag":[],"class_list":{"0":"post-7790","1":"product","2":"type-product","3":"status-publish","4":"has-post-thumbnail","6":"product_cat-ring-gear","8":"first","9":"instock","10":"shipping-taxable","11":"product-type-simple"},"_links":{"self":[{"href":"https:\/\/fmp-components.com\/lv\/wp-json\/wp\/v2\/product\/7790","targetHints":{"allow":["GET"]}}],"collection":[{"href":"https:\/\/fmp-components.com\/lv\/wp-json\/wp\/v2\/product"}],"about":[{"href":"https:\/\/fmp-components.com\/lv\/wp-json\/wp\/v2\/types\/product"}],"replies":[{"embeddable":true,"href":"https:\/\/fmp-components.com\/lv\/wp-json\/wp\/v2\/comments?post=7790"}],"wp:featuredmedia":[{"embeddable":true,"href":"https:\/\/fmp-components.com\/lv\/wp-json\/wp\/v2\/media\/4642"}],"wp:attachment":[{"href":"https:\/\/fmp-components.com\/lv\/wp-json\/wp\/v2\/media?parent=7790"}],"wp:term":[{"taxonomy":"product_brand","embeddable":true,"href":"https:\/\/fmp-components.com\/lv\/wp-json\/wp\/v2\/product_brand?post=7790"},{"taxonomy":"product_cat","embeddable":true,"href":"https:\/\/fmp-components.com\/lv\/wp-json\/wp\/v2\/product_cat?post=7790"},{"taxonomy":"product_tag","embeddable":true,"href":"https:\/\/fmp-components.com\/lv\/wp-json\/wp\/v2\/product_tag?post=7790"}],"curies":[{"name":"wp","href":"https:\/\/api.w.org\/{rel}","templated":true}]}}