{"id":7788,"date":"2025-04-04T07:30:31","date_gmt":"2025-04-04T07:30:31","guid":{"rendered":"https:\/\/fmp-components.com\/?post_type=product&#038;p=7788"},"modified":"2025-04-04T07:37:12","modified_gmt":"2025-04-04T07:37:12","slug":"involute-internal-gear","status":"publish","type":"product","link":"https:\/\/fmp-components.com\/lv\/product\/involute-internal-gear\/","title":{"rendered":"Iesl\u0113gt iek\u0161\u0113jo p\u0101rnesumu"},"content":{"rendered":"<p>Evolventais iek\u0161\u0113jais zobrats ir zobrata veids ar zobiem, kas izgriezti pa evolventu l\u012bkni uz t\u0101 iek\u0161\u0113j\u0101s cilindrisk\u0101s virsmas, un tas ir paredz\u0113ts savieno\u0161anai ar \u0101r\u0113jo zobratu, nodro\u0161inot vienm\u0113r\u012bgu jaudas p\u0101rvadi, augstu efektivit\u0101ti un samazin\u0101tu troksni meh\u0101niskaj\u0101s sist\u0113m\u0101s.<\/p>\n<h2>Produkta specifik\u0101cija<\/h2>\n<div class=\"table-responsive\">\n<table class=\"table\" style=\"width: 99.4216%;\" border=\"1\">\n<tbody>\n<tr>\n<td style=\"width: 38.9027%;\">Zobu forma<\/td>\n<td style=\"width: 191.521%;\">Invol\u016bts<\/td>\n<\/tr>\n<tr>\n<td style=\"width: 38.9027%;\">Materi\u0101ls<\/td>\n<td style=\"width: 191.521%;\">Le\u0123\u0113tais t\u0113rauds un ner\u016bs\u0113jo\u0161ais t\u0113rauds<\/td>\n<\/tr>\n<tr>\n<td style=\"width: 38.9027%;\">Forma<\/td>\n<td style=\"width: 191.521%;\">Apa\u013c\u0161<\/td>\n<\/tr>\n<tr>\n<td style=\"width: 38.9027%;\">Modulis<\/td>\n<td style=\"width: 191.521%;\">Maks. L\u012bdz 4,0 mm<\/td>\n<\/tr>\n<tr>\n<td style=\"width: 38.9027%;\">Iek\u0161\u0113jais diametrs<\/td>\n<td style=\"width: 191.521%;\">Maks. 30 mm<\/td>\n<\/tr>\n<tr>\n<td style=\"width: 38.9027%;\">Pieteikums<\/td>\n<td style=\"width: 191.521%;\">Plan\u0113tu p\u0101rnesumk\u0101rbas un automobi\u013ci.<\/td>\n<\/tr>\n<tr>\n<td style=\"width: 38.9027%;\">Minim\u0101lais pas\u016bt\u012bjuma daudzums<\/td>\n<td style=\"width: 191.521%;\">50 gab.<\/td>\n<\/tr>\n<\/tbody>\n<\/table>\n<\/div>\n<p>Iek\u0161\u0113j\u0101 ap\u013ca zobi ir iek\u0161\u0113jie zobrati, parasti iek\u0161\u0113jos sazobes zobratu meh\u0101nismos, un zobrati uz <a href=\"https:\/\/fmp-components.com\/lv\/ring-gear\/\">gredzenveida zobrats<\/a> ir iek\u0161\u0113ji.<\/p>\n<h2>Involute iek\u0161\u0113j\u0101 p\u0101rnesuma funkcijas<\/h2>\n<div>\n<p class=\"break-words\" dir=\"auto\">Evolventam iek\u0161\u0113jam zobratam ir zobi ar evolventu l\u012bknes profilu, kas izgriezti cilindriska gredzena iek\u0161\u0113j\u0101 virsm\u0101, nodro\u0161inot vienm\u0113r\u012bgu sa\u0137eri ar \u0101r\u0113jo zobratu. Evolventa forma nodro\u0161ina konjug\u0113tu darb\u012bbu un nemain\u012bgu \u0101truma attiec\u012bbu, savuk\u0101rt tipisks 20\u00b0 spiediena le\u0146\u0137is uztur vienm\u0113r\u012bgu sp\u0113ka sadal\u012bjumu. \u0160\u012b konstrukcija atbalsta viena virziena rot\u0101ciju ar pretzobratu, at\u0161\u0137irot to no \u0101r\u0113jo zobratu p\u0101riem.<\/p>\n<p class=\"break-words\" dir=\"auto\">Zobrata kompaktais dizains un iev\u0113rojam\u0101 profila nob\u012bde pal\u012bdz izvair\u012bties no trauc\u0113jumiem (evolventa, troho\u012bda vai apgrie\u0161anas) un uzlabo zobu iztur\u012bbu, padarot to ide\u0101li piem\u0113rotu lietojumiem ar augstu redukcijas pak\u0101pi, piem\u0113ram, plan\u0113tu sist\u0113m\u0101m. T\u0101 ieliektais zobu profils uzlabo slodzes sadal\u012bjumu, potenci\u0101li palielinot iztur\u012bbu. \u0160\u012bs \u012bpa\u0161\u012bbas ir piem\u0113rotas lietojumiem ar lielu griezes momentu un ierobe\u017eotu vietu, piem\u0113ram, automobi\u013cu diferenci\u0101\u013ciem un r\u016bpnieciskaj\u0101m iek\u0101rt\u0101m.<\/p>\n<p class=\"break-words\" dir=\"auto\">Iek\u0161\u0113jo zobratu ra\u017eo\u0161an\u0101 parasti tiek izmantota zobratu form\u0113\u0161ana, nevis fr\u0113z\u0113\u0161ana to iek\u0161\u0113j\u0101s \u0123eometrijas d\u0113\u013c, kam nepiecie\u0161ami specializ\u0113ti instrumenti. Trauc\u0113jumu p\u0101rvald\u012bba ir kritiski svar\u012bga, un to bie\u017ei risina, piel\u0101gojot pielikumus, dedendus vai profila nob\u012bdi, nodro\u0161inot uzticamu veiktsp\u0113ju sare\u017e\u0123\u012btos pielietojumos.<\/p>\n<\/div>","protected":false},"excerpt":{"rendered":"<p>An involute internal gear is a type of gear with teeth cut along an involute curve on its inner cylindrical surface, designed to mesh with an external gear, offering smooth power transmission, high efficiency, and reduced noise in mechanical systems. Product Specification Tooth Form Involute Material Alloy Steel And Stainless Steel Shape Round Module Max [&hellip;]<\/p>","protected":false},"featured_media":4640,"comment_status":"open","ping_status":"closed","template":"","meta":{"_et_pb_use_builder":"","_et_pb_old_content":"","_et_gb_content_width":""},"product_brand":[],"product_cat":[114],"product_tag":[],"class_list":{"0":"post-7788","1":"product","2":"type-product","3":"status-publish","4":"has-post-thumbnail","6":"product_cat-ring-gear","8":"first","9":"instock","10":"shipping-taxable","11":"product-type-simple"},"_links":{"self":[{"href":"https:\/\/fmp-components.com\/lv\/wp-json\/wp\/v2\/product\/7788","targetHints":{"allow":["GET"]}}],"collection":[{"href":"https:\/\/fmp-components.com\/lv\/wp-json\/wp\/v2\/product"}],"about":[{"href":"https:\/\/fmp-components.com\/lv\/wp-json\/wp\/v2\/types\/product"}],"replies":[{"embeddable":true,"href":"https:\/\/fmp-components.com\/lv\/wp-json\/wp\/v2\/comments?post=7788"}],"wp:featuredmedia":[{"embeddable":true,"href":"https:\/\/fmp-components.com\/lv\/wp-json\/wp\/v2\/media\/4640"}],"wp:attachment":[{"href":"https:\/\/fmp-components.com\/lv\/wp-json\/wp\/v2\/media?parent=7788"}],"wp:term":[{"taxonomy":"product_brand","embeddable":true,"href":"https:\/\/fmp-components.com\/lv\/wp-json\/wp\/v2\/product_brand?post=7788"},{"taxonomy":"product_cat","embeddable":true,"href":"https:\/\/fmp-components.com\/lv\/wp-json\/wp\/v2\/product_cat?post=7788"},{"taxonomy":"product_tag","embeddable":true,"href":"https:\/\/fmp-components.com\/lv\/wp-json\/wp\/v2\/product_tag?post=7788"}],"curies":[{"name":"wp","href":"https:\/\/api.w.org\/{rel}","templated":true}]}}