{"id":7787,"date":"2025-04-04T07:21:01","date_gmt":"2025-04-04T07:21:01","guid":{"rendered":"https:\/\/fmp-components.com\/?post_type=product&#038;p=7787"},"modified":"2025-04-04T07:21:43","modified_gmt":"2025-04-04T07:21:43","slug":"internal-spur-gear","status":"publish","type":"product","link":"https:\/\/fmp-components.com\/lv\/product\/internal-spur-gear\/","title":{"rendered":"Iek\u0161\u0113jais spur zobrats"},"content":{"rendered":"<div>\n<p class=\"break-words\" dir=\"auto\">Iek\u0161\u0113jie cilindriskie zobrati at\u0161\u0137iras no tipiskiem cilindriskajiem zobratiem ar to, ka to zobi ir izveidoti uz sagataves iek\u0161\u0113j\u0101s virsmas. \u0160ie zobrati parasti ir iztur\u012bg\u0101ki un efekt\u012bv\u0101ki sal\u012bdzin\u0101jum\u0101 ar zobratu, ar kuru tie sa\u0137eras. Lai pareizi darbotos, iek\u0161\u0113j\u0101 zobrata so\u013ca diametram j\u0101b\u016bt vismaz 1,5 reizes liel\u0101kam par atbilsto\u0161\u0101 zobrata diametru; pret\u0113j\u0101 gad\u012bjum\u0101 zobu gali trauc\u0113s viens otram.<\/p>\n<p class=\"break-words\" dir=\"auto\">Iek\u0161\u0113jie zobrati pied\u0101v\u0101 projekt\u0113t\u0101jiem priek\u0161roc\u012bbu, sasniedzot liel\u0101ku kontakta un piedzi\u0146as p\u0101rnesumskaitli \u012bs\u0101kos att\u0101lumos starp centriem nek\u0101 standarta cilindriskie zobrati. Turkl\u0101t tie \u013cauj regul\u0113t \u0101trumu, nemainot virzienu, t\u0101d\u0113j\u0101di nov\u0113r\u0161ot nepiecie\u0161am\u012bbu p\u0113c br\u012bvgaitas zobrata, kas b\u016btu nepiecie\u0161ams ar tradicion\u0101lajiem cilindriskajiem zobratiem.<\/p>\n<\/div>\n<h2>Produkta specifik\u0101cija<\/h2>\n<div class=\"table-responsive\">\n<table class=\"table\" style=\"width: 101.427%; height: 279px;\" border=\"1\">\n<tbody>\n<tr>\n<td>Zobu forma<\/td>\n<td>Saska\u0146\u0101 ar klienta pras\u012bbu<\/td>\n<\/tr>\n<tr>\n<td>Materi\u0101ls<\/td>\n<td>Saska\u0146\u0101 ar klienta pras\u012bbu<\/td>\n<\/tr>\n<tr>\n<td>Forma<\/td>\n<td>Saska\u0146\u0101 ar klienta pras\u012bbu<\/td>\n<\/tr>\n<tr>\n<td>Pak\u0101pe<\/td>\n<td>Saska\u0146\u0101 ar klienta pras\u012bbu<\/td>\n<\/tr>\n<tr>\n<td>Tehnika<\/td>\n<td>Saska\u0146\u0101 ar klienta pras\u012bbu<\/td>\n<\/tr>\n<tr>\n<td>Spiediena le\u0146\u0137is<\/td>\n<td>Saska\u0146\u0101 ar klienta pras\u012bbu<\/td>\n<\/tr>\n<tr>\n<td>Diametrs<\/td>\n<td>Saska\u0146\u0101 ar klienta pras\u012bbu<\/td>\n<\/tr>\n<tr>\n<td>Izm\u0113rs<\/td>\n<td>Saska\u0146\u0101 ar klienta pras\u012bbu<\/td>\n<\/tr>\n<tr>\n<td>Minim\u0101lais pas\u016bt\u012bjuma daudzums<\/td>\n<td>1 vien\u012bba<\/td>\n<\/tr>\n<\/tbody>\n<\/table>\n<div>\n<h3 class=\"\" dir=\"auto\">Iek\u0161\u0113jo cilindrisko zobratu izcil\u012bba no FMP It\u0101lijas tirgiem<\/h3>\n<p class=\"break-words\" dir=\"auto\">FMP ir vado\u0161ais iek\u0161\u0113jo cilindrisko zobratu ra\u017eot\u0101js, kas pieg\u0101d\u0101 augst\u0101k\u0101s kvalit\u0101tes produktus <a href=\"https:\/\/fmp-components.com\/lv\/ring-gear\/\">gredzenveida zobrati<\/a> nozar\u0113m vis\u0101 It\u0101lij\u0101, no Mil\u0101nas l\u012bdz Ven\u0113cijai. M\u016bsu pla\u0161aj\u0101 katalog\u0101 ir pla\u0161s zobratu veidu kl\u0101sts, kas izstr\u0101d\u0101ti, lai nodro\u0161in\u0101tu precizit\u0101ti un uzticam\u012bbu lietojumos ma\u0161\u012bnb\u016bv\u0113, autob\u016bv\u0113 un citur. Neatkar\u012bgi no t\u0101, vai str\u0101d\u0101jat Florenc\u0113 vai Bolo\u0146\u0101, FMP nodro\u0161ina, ka katrs iek\u0161\u0113jais cilindriskais zobrats atbilst augst\u0101kajiem standartiem, kas ir izgatavots, izmantojot jaun\u0101k\u0101s tehnolo\u0123ijas, lai atbalst\u012btu It\u0101lijas plauksto\u0161\u0101s r\u016bpniec\u012bbas nozares. M\u0113s esam j\u016bsu uzticamais partneris iztur\u012bgiem un efekt\u012bviem zobratu risin\u0101jumiem, kas piel\u0101goti viet\u0113j\u0101m vajadz\u012bb\u0101m.<\/p>\n<h3 class=\"\" dir=\"auto\">Piel\u0101goti iek\u0161\u0113jie cilindriskie zobrati j\u016bsu unik\u0101laj\u0101m pras\u012bb\u0101m<\/h3>\n<p class=\"break-words\" dir=\"auto\">FMP pied\u0101v\u0101 piln\u012bb\u0101 piel\u0101gojamus iek\u0161\u0113jos cilindriskos zobratus, kas atbilst j\u016bsu konkr\u0113tajiem projektiem. Ja atrodaties Mil\u0101n\u0101, Ven\u0113cij\u0101, Florenc\u0113 vai Bolo\u0146\u0101 un m\u016bsu produktu sarakst\u0101 neatrodat tie\u0161i jums nepiecie\u0161amo modeli, iesp\u0113jams, m\u0113s to v\u0113l neesam aug\u0161upiel\u0101d\u0113ju\u0161i \u2014 m\u016bsu invent\u0101rs nep\u0101rtraukti papla\u0161in\u0101s. Sazinieties ar mums pa e-pastu, nor\u0101dot savas specifik\u0101cijas, un m\u016bsu prasm\u012bgie in\u017eenieri sazin\u0101sies ar jums 24 stundu laik\u0101, pied\u0101v\u0101jot personaliz\u0113tas iesp\u0113jas. Neatkar\u012bgi no j\u016bsu piepras\u012bjuma sare\u017e\u0123\u012bt\u012bbas, FMP ir ap\u0146\u0113mies nodro\u0161in\u0101t \u0101tru, profesion\u0101lu apkalpo\u0161anu un augstas kvalit\u0101tes zobratus uz\u0146\u0113mumiem vis\u0101 It\u0101lij\u0101.<\/p>\n<\/div>\n<\/div>","protected":false},"excerpt":{"rendered":"<p>Internal Spur Gears differ from typical spur gears in that their teeth are formed on the inner surface of the blank. These gears tend to be stronger and more efficient compared to the pinion gear they mesh with. For proper function, the pitch diameter of the internal gear should be at least 1.5 times that [&hellip;]<\/p>","protected":false},"featured_media":4639,"comment_status":"open","ping_status":"closed","template":"","meta":{"_et_pb_use_builder":"","_et_pb_old_content":"","_et_gb_content_width":""},"product_brand":[],"product_cat":[114],"product_tag":[],"class_list":{"0":"post-7787","1":"product","2":"type-product","3":"status-publish","4":"has-post-thumbnail","6":"product_cat-ring-gear","8":"first","9":"instock","10":"shipping-taxable","11":"product-type-simple"},"_links":{"self":[{"href":"https:\/\/fmp-components.com\/lv\/wp-json\/wp\/v2\/product\/7787","targetHints":{"allow":["GET"]}}],"collection":[{"href":"https:\/\/fmp-components.com\/lv\/wp-json\/wp\/v2\/product"}],"about":[{"href":"https:\/\/fmp-components.com\/lv\/wp-json\/wp\/v2\/types\/product"}],"replies":[{"embeddable":true,"href":"https:\/\/fmp-components.com\/lv\/wp-json\/wp\/v2\/comments?post=7787"}],"wp:featuredmedia":[{"embeddable":true,"href":"https:\/\/fmp-components.com\/lv\/wp-json\/wp\/v2\/media\/4639"}],"wp:attachment":[{"href":"https:\/\/fmp-components.com\/lv\/wp-json\/wp\/v2\/media?parent=7787"}],"wp:term":[{"taxonomy":"product_brand","embeddable":true,"href":"https:\/\/fmp-components.com\/lv\/wp-json\/wp\/v2\/product_brand?post=7787"},{"taxonomy":"product_cat","embeddable":true,"href":"https:\/\/fmp-components.com\/lv\/wp-json\/wp\/v2\/product_cat?post=7787"},{"taxonomy":"product_tag","embeddable":true,"href":"https:\/\/fmp-components.com\/lv\/wp-json\/wp\/v2\/product_tag?post=7787"}],"curies":[{"name":"wp","href":"https:\/\/api.w.org\/{rel}","templated":true}]}}