{"id":7786,"date":"2025-04-04T07:12:32","date_gmt":"2025-04-04T07:12:32","guid":{"rendered":"https:\/\/fmp-components.com\/?post_type=product&#038;p=7786"},"modified":"2025-04-04T07:12:32","modified_gmt":"2025-04-04T07:12:32","slug":"steel-internal-gear","status":"publish","type":"product","link":"https:\/\/fmp-components.com\/lv\/product\/steel-internal-gear\/","title":{"rendered":"T\u0113rauda iek\u0161\u0113jais zobrats"},"content":{"rendered":"<h2>Produkta specifik\u0101cija<\/h2>\n<div class=\"table-responsive\">\n<table class=\"table\" style=\"width: 99.372%; height: 202px;\" border=\"1\" cellspacing=\"0\" cellpadding=\"0\">\n<tbody>\n<tr>\n<td>Zobu forma<\/td>\n<td>Iek\u0161\u0113jais<\/td>\n<\/tr>\n<tr>\n<td>Materi\u0101ls<\/td>\n<td>Maigais t\u0113rauds<\/td>\n<\/tr>\n<tr>\n<td>Forma<\/td>\n<td>Apa\u013c\u0161<\/td>\n<\/tr>\n<tr>\n<td>Diametrs<\/td>\n<td>100 mm<\/td>\n<\/tr>\n<tr>\n<td>Izcelsmes valsts<\/td>\n<td>\u0136\u012bna<\/td>\n<\/tr>\n<tr>\n<td>Virsmas apdare<\/td>\n<td>Pulverkr\u0101sots<\/td>\n<\/tr>\n<tr>\n<td>Ciet\u012bba<\/td>\n<td>45 HRC<\/td>\n<\/tr>\n<\/tbody>\n<\/table>\n<div>\n<h3 class=\"\" dir=\"auto\">FMP t\u0113rauda iek\u0161\u0113jo zobratu risin\u0101jumi It\u0101lijas r\u016bpniec\u012bbai<\/h3>\n<p class=\"break-words\" dir=\"auto\">M\u016bsu pla\u0161ais kl\u0101sts <a href=\"https:\/\/fmp-components.com\/lv\/ring-gear\/\">gredzenveida zobrati<\/a> ir izstr\u0101d\u0101ts, lai apmierin\u0101tu da\u017e\u0101d\u0101s ma\u0161\u012bnu un automobi\u013cu lietojumprogrammu vajadz\u012bbas, nodro\u0161inot katra produkta iztur\u012bbu un precizit\u0101ti. Neatkar\u012bgi no t\u0101, vai atrodaties Florenc\u0113 vai Bolo\u0146\u0101, FMP pied\u0101v\u0101 da\u017e\u0101dus zobratu veidus, tostarp standarta un specializ\u0113tus dizainus, kas visi ir izgatavoti, izmantojot progres\u012bvas tehnolo\u0123ijas, lai nodro\u0161in\u0101tu optim\u0101lu veiktsp\u0113ju. M\u016bsu ap\u0146em\u0161an\u0101s sasniegt izcil\u012bbu padara m\u016bs par uzticamu partneri uz\u0146\u0113mumiem, kas mekl\u0113 uzticamus zobratu risin\u0101jumus It\u0101lijas r\u016bpniec\u012bbas centros.<\/p>\n<h3 class=\"\" dir=\"auto\">Piel\u0101goti t\u0113rauda iek\u0161\u0113jie zobrati, kas piel\u0101goti j\u016bsu vajadz\u012bb\u0101m<\/h3>\n<p class=\"break-words\" dir=\"auto\">Uz\u0146\u0113mum\u0101 FMP m\u0113s saprotam, ka katrs projekts ir unik\u0101ls, t\u0101p\u0113c m\u0113s pied\u0101v\u0101jam ar\u012b piln\u012bb\u0101 piel\u0101gotas t\u0113rauda iek\u0161\u0113jo zobratu iesp\u0113jas. Ja atrodaties Mil\u0101n\u0101, Ven\u0113cij\u0101, Florenc\u0113 vai citur un m\u016bsu produktu sarakst\u0101 nevarat atrast tie\u0161i sev nepiecie\u0161amo modeli, neuztraucieties \u2014 m\u0113s past\u0101v\u012bgi atjaunin\u0101m savu pied\u0101v\u0101jumu. Vienk\u0101r\u0161i rakstiet mums e-pastu ar sav\u0101m pras\u012bb\u0101m, un m\u016bsu in\u017eenieri-eksperti 24 stundu laik\u0101 atbild\u0113s ar piel\u0101gotiem risin\u0101jumiem. Neatkar\u012bgi no t\u0101, vai tas ir konkr\u0113ts izm\u0113rs vai individu\u0101ls dizains j\u016bsu darb\u012bbai Bolo\u0146\u0101 vai cit\u0101s It\u0101lijas pils\u0113t\u0101s, FMP ir \u0161eit, lai atbalst\u012btu j\u016bsu uz\u0146\u0113mumu ar \u0101tru, profesion\u0101lu apkalpo\u0161anu un augst\u0101k\u0101 l\u012bme\u0146a ra\u017eo\u0161anas pieredzi.<\/p>\n<\/div>\n<\/div>","protected":false},"excerpt":{"rendered":"<p>Product Specification Tooth Form Internal Material Mild Steel Shape Round Diameter 100 mm Country of Origin China Surface Finish Powder Coated Hardness 45 HRC Steel Internal Gear Solutions by FMP for Italian Industries Our extensive range of ring gears is designed to meet the diverse needs of machinery and automotive applications, ensuring durability and precision [&hellip;]<\/p>","protected":false},"featured_media":4647,"comment_status":"open","ping_status":"closed","template":"","meta":{"_et_pb_use_builder":"","_et_pb_old_content":"","_et_gb_content_width":""},"product_brand":[],"product_cat":[114],"product_tag":[],"class_list":{"0":"post-7786","1":"product","2":"type-product","3":"status-publish","4":"has-post-thumbnail","6":"product_cat-ring-gear","8":"first","9":"instock","10":"shipping-taxable","11":"product-type-simple"},"_links":{"self":[{"href":"https:\/\/fmp-components.com\/lv\/wp-json\/wp\/v2\/product\/7786","targetHints":{"allow":["GET"]}}],"collection":[{"href":"https:\/\/fmp-components.com\/lv\/wp-json\/wp\/v2\/product"}],"about":[{"href":"https:\/\/fmp-components.com\/lv\/wp-json\/wp\/v2\/types\/product"}],"replies":[{"embeddable":true,"href":"https:\/\/fmp-components.com\/lv\/wp-json\/wp\/v2\/comments?post=7786"}],"wp:featuredmedia":[{"embeddable":true,"href":"https:\/\/fmp-components.com\/lv\/wp-json\/wp\/v2\/media\/4647"}],"wp:attachment":[{"href":"https:\/\/fmp-components.com\/lv\/wp-json\/wp\/v2\/media?parent=7786"}],"wp:term":[{"taxonomy":"product_brand","embeddable":true,"href":"https:\/\/fmp-components.com\/lv\/wp-json\/wp\/v2\/product_brand?post=7786"},{"taxonomy":"product_cat","embeddable":true,"href":"https:\/\/fmp-components.com\/lv\/wp-json\/wp\/v2\/product_cat?post=7786"},{"taxonomy":"product_tag","embeddable":true,"href":"https:\/\/fmp-components.com\/lv\/wp-json\/wp\/v2\/product_tag?post=7786"}],"curies":[{"name":"wp","href":"https:\/\/api.w.org\/{rel}","templated":true}]}}