{"id":7784,"date":"2025-04-04T07:00:59","date_gmt":"2025-04-04T07:00:59","guid":{"rendered":"https:\/\/fmp-components.com\/?post_type=product&#038;p=7784"},"modified":"2025-04-04T07:02:10","modified_gmt":"2025-04-04T07:02:10","slug":"industrial-internal-gear","status":"publish","type":"product","link":"https:\/\/fmp-components.com\/lv\/product\/industrial-internal-gear\/","title":{"rendered":"R\u016bpnieciskie iek\u0161\u0113jie p\u0101rnesumi"},"content":{"rendered":"<h3 class=\"\" dir=\"auto\">R\u016bpnieciskie iek\u0161\u0113jie zobrati: precizit\u0101te un piel\u0101go\u0161ana no FMP<\/h3>\n<p class=\"break-words\" dir=\"auto\">Iek\u0161\u0113jie zobrati, kas ir b\u016btiskas planet\u0101ro zobratu transmisiju un zobratu savienojumu sast\u0101vda\u013cas, ir unik\u0101li izstr\u0101d\u0101ti ar zobiem, kas iegriezti cilindra iek\u0161\u0113j\u0101 virsm\u0101, neman\u0101mi sasl\u0113dzoties ar cilindriskajiem zobratiem. FMP specializ\u0113jas pla\u0161a gredzenveida zobratu kl\u0101sta ra\u017eo\u0161an\u0101, tostarp r\u016bpnieciskajos iek\u0161\u0113jos zobratos, kas izgatavoti, lai apmierin\u0101tu da\u017e\u0101das meh\u0101nisk\u0101s vajadz\u012bbas vis\u0101 It\u0101lij\u0101 \u2014 no Mil\u0101nas ros\u012bgajiem r\u016bpniec\u012bbas centriem l\u012bdz Ven\u0113cijas in\u017eeniertehniskaj\u0101m darbn\u012bc\u0101m. M\u016bsu produkti, kas pieejami ar soli no 32 l\u012bdz 120 DP un no t\u0101diem materi\u0101liem k\u0101 alum\u012bnijs un ner\u016bs\u0113jo\u0161ais t\u0113rauds, nodro\u0161ina iztur\u012bbu un efektivit\u0101ti. Papildus m\u016bsu pla\u0161ajam katalogam FMP ar lepnumu pied\u0101v\u0101 piel\u0101gotus iek\u0161\u0113jo zobratu risin\u0101jumus, piel\u0101gojot dizainus j\u016bsu \u012bpa\u0161aj\u0101m pras\u012bb\u0101m neatkar\u012bgi no t\u0101, vai str\u0101d\u0101jat Florences amatniec\u012bbas ma\u0161\u012bnb\u016bves nozar\u0113 vai Bolo\u0146as progres\u012bvaj\u0101s ra\u017eo\u0161anas r\u016bpn\u012bc\u0101s.<\/p>\n<p class=\"break-words\" dir=\"auto\">T\u0101diem lietojumiem k\u0101 plan\u0113tu p\u0101rnesumu sist\u0113mas, kur precizit\u0101te ir \u0101rk\u0101rt\u012bgi svar\u012bga, FMP iek\u0161\u0113jie zobrati nodro\u0161ina augstus kontakta koeficientus un kompaktu dizainu, optimiz\u0113jot veiktsp\u0113ju, neapdraudot kvalit\u0101ti. Ja mekl\u0113jat konkr\u0113tu modeli un neatrodat to m\u016bsu produktu sarakst\u0101 \u2014 vai tas b\u016btu projektam Mil\u0101n\u0101, Ven\u0113cij\u0101, Florenc\u0113 vai Bolo\u0146\u0101 \u2014, esiet dro\u0161i, ka tas, visticam\u0101k, tikai gaida aug\u0161upiel\u0101di. Vienk\u0101r\u0161i rakstiet mums e-pastu ar v\u0113lamaj\u0101m specifik\u0101cij\u0101m, un m\u016bsu pieredz\u0113ju\u0161ie in\u017eenieri atbild\u0113s 24 stundu laik\u0101 ar piel\u0101gotiem risin\u0101jumiem. FMP m\u0113s esam ap\u0146\u0113mu\u0161ies atbalst\u012bt It\u0101lijas r\u016bpniec\u012bbas novatorus ar augst\u0101k\u0101 l\u012bme\u0146a... <a href=\"https:\/\/fmp-components.com\/lv\/ring-gear\/\">gredzenveida zobrati<\/a> un nep\u0101rsp\u0113jamu klientu apkalpo\u0161anu.<\/p>\n<h2>Produkta specifik\u0101cija<\/h2>\n<div class=\"table-responsive\">\n<table class=\"table\" style=\"width: 101.056%;\" border=\"1\">\n<tbody>\n<tr>\n<td style=\"width: 31.6708%;\">Materi\u0101ls<\/td>\n<td style=\"width: 202.494%;\">Maigais t\u0113rauds<\/td>\n<\/tr>\n<tr>\n<td style=\"width: 31.6708%;\">Forma<\/td>\n<td style=\"width: 202.494%;\">Apa\u013c\u0161<\/td>\n<\/tr>\n<tr>\n<td style=\"width: 31.6708%;\">Tehnika<\/td>\n<td style=\"width: 202.494%;\">Auksti velm\u0113ts<\/td>\n<\/tr>\n<tr>\n<td style=\"width: 31.6708%;\">Korozijiztur\u012bgs<\/td>\n<td style=\"width: 202.494%;\">J\u0101<\/td>\n<\/tr>\n<tr>\n<td style=\"width: 31.6708%;\">Stiepes iztur\u012bba<\/td>\n<td style=\"width: 202.494%;\">300\u2013400 MPa<\/td>\n<\/tr>\n<tr>\n<td style=\"width: 31.6708%;\">Ciet\u012bba<\/td>\n<td style=\"width: 202.494%;\">60\u201370 HRC<\/td>\n<\/tr>\n<tr>\n<td style=\"width: 31.6708%;\">Lieto\u0161ana\/Pielietojums<\/td>\n<td style=\"width: 202.494%;\">Ma\u0161\u012bnas, lauksaimniec\u012bbas tehnika, r\u016bpniec\u012bba<\/td>\n<\/tr>\n<\/tbody>\n<\/table>\n<\/div>","protected":false},"excerpt":{"rendered":"<p>Industrial Internal Gears: Precision and Customization by FMP Internal gears, essential components in planetary gear transmissions and gear couplings, are uniquely designed with teeth cut into the inner surface of a cylinder, engaging seamlessly with spur gears. At FMP, we specialize in manufacturing a wide range of ring gears, including industrial internal gears, crafted to [&hellip;]<\/p>","protected":false},"featured_media":4637,"comment_status":"open","ping_status":"closed","template":"","meta":{"_et_pb_use_builder":"","_et_pb_old_content":"","_et_gb_content_width":""},"product_brand":[],"product_cat":[114],"product_tag":[],"class_list":{"0":"post-7784","1":"product","2":"type-product","3":"status-publish","4":"has-post-thumbnail","6":"product_cat-ring-gear","8":"first","9":"instock","10":"shipping-taxable","11":"product-type-simple"},"_links":{"self":[{"href":"https:\/\/fmp-components.com\/lv\/wp-json\/wp\/v2\/product\/7784","targetHints":{"allow":["GET"]}}],"collection":[{"href":"https:\/\/fmp-components.com\/lv\/wp-json\/wp\/v2\/product"}],"about":[{"href":"https:\/\/fmp-components.com\/lv\/wp-json\/wp\/v2\/types\/product"}],"replies":[{"embeddable":true,"href":"https:\/\/fmp-components.com\/lv\/wp-json\/wp\/v2\/comments?post=7784"}],"wp:featuredmedia":[{"embeddable":true,"href":"https:\/\/fmp-components.com\/lv\/wp-json\/wp\/v2\/media\/4637"}],"wp:attachment":[{"href":"https:\/\/fmp-components.com\/lv\/wp-json\/wp\/v2\/media?parent=7784"}],"wp:term":[{"taxonomy":"product_brand","embeddable":true,"href":"https:\/\/fmp-components.com\/lv\/wp-json\/wp\/v2\/product_brand?post=7784"},{"taxonomy":"product_cat","embeddable":true,"href":"https:\/\/fmp-components.com\/lv\/wp-json\/wp\/v2\/product_cat?post=7784"},{"taxonomy":"product_tag","embeddable":true,"href":"https:\/\/fmp-components.com\/lv\/wp-json\/wp\/v2\/product_tag?post=7784"}],"curies":[{"name":"wp","href":"https:\/\/api.w.org\/{rel}","templated":true}]}}