{"id":7781,"date":"2025-04-04T06:46:54","date_gmt":"2025-04-04T06:46:54","guid":{"rendered":"https:\/\/fmp-components.com\/?post_type=product&#038;p=7781"},"modified":"2025-04-04T06:48:36","modified_gmt":"2025-04-04T06:48:36","slug":"internal-gears-for-tractors-and-cranes","status":"publish","type":"product","link":"https:\/\/fmp-components.com\/lv\/product\/internal-gears-for-tractors-and-cranes\/","title":{"rendered":"Iek\u0161\u0113jie zobrati traktoriem un celt\u0146iem"},"content":{"rendered":"<h2>Produkta specifik\u0101cija<\/h2>\n<div class=\"table-responsive\">\n<table class=\"table\" style=\"width: 99.2193%;\" border=\"1\">\n<tbody>\n<tr>\n<td style=\"width: 56.4286%;\">Produkta veids<\/td>\n<td style=\"width: 281.083%;\">P\u0101rnesumu da\u013cas<\/td>\n<\/tr>\n<tr>\n<td style=\"width: 56.4286%;\">Lieto\u0161ana\/Pielietojums<\/td>\n<td style=\"width: 281.083%;\">Traktors un celtnis<\/td>\n<\/tr>\n<tr>\n<td style=\"width: 56.4286%;\">Materi\u0101ls<\/td>\n<td style=\"width: 281.083%;\">Maigais t\u0113rauds<\/td>\n<\/tr>\n<tr>\n<td style=\"width: 56.4286%;\">Forma<\/td>\n<td style=\"width: 281.083%;\">Apa\u013c\u0161<\/td>\n<\/tr>\n<tr>\n<td style=\"width: 56.4286%;\">Iepakojuma veids<\/td>\n<td style=\"width: 281.083%;\">Kaste<\/td>\n<\/tr>\n<tr>\n<td style=\"width: 56.4286%;\">Minim\u0101lais pas\u016bt\u012bjuma daudzums<\/td>\n<td style=\"width: 281.083%;\">10 skaitlis<\/td>\n<\/tr>\n<\/tbody>\n<\/table>\n<\/div>\n<p>Ar m\u016bsu profesion\u0101\u013cu sirsn\u012bbu un smagu darbu m\u0113s esam izveidoju\u0161i sev ni\u0161u \u0161aj\u0101 jom\u0101, pied\u0101v\u0101jot augst\u0101k\u0101s kvalit\u0101tes iek\u0161\u0113jo p\u0101rnesumu gammu.<\/p>\n<div>\n<h3 class=\"\" dir=\"auto\">Uzlabojiet traktoru un celt\u0146u veiktsp\u0113ju ar iek\u0161\u0113jiem p\u0101rnesumiem no FMP It\u0101lij\u0101<\/h3>\n<p class=\"break-words\" dir=\"auto\">Iek\u0161\u0113jiem zobratiem ir iz\u0161\u0137iro\u0161a noz\u012bme t\u0101du smago ma\u0161\u012bnu k\u0101 traktoru un celt\u0146u vienm\u0113r\u012bg\u0101 darb\u012bb\u0101, nodro\u0161inot jaudu un precizit\u0101ti tur, kur tas ir vissvar\u012bg\u0101kais. FMP ra\u017eo pla\u0161u gredzenveida zobratu kl\u0101stu, tostarp augstas kvalit\u0101tes iek\u0161\u0113jos zobratus, kas paredz\u0113ti, lai iztur\u0113tu lauksaimniec\u012bbas un b\u016bvniec\u012bbas vides pras\u012bbas. S\u0101kot no augl\u012bgajiem laukiem net\u0101lu no Florences l\u012bdz pat Mil\u0101nas r\u016bpniec\u012bbas centriem, m\u016bsu zobrati nodro\u0161ina iztur\u012bbu, efektivit\u0101ti un samazin\u0101tu j\u016bsu apr\u012bkojuma apkopi. Neatkar\u012bgi no t\u0101, vai j\u016bs darbin\u0101t celt\u0146us Ven\u0113cijas ros\u012bgaj\u0101s ost\u0101s vai traktorus Bolo\u0146as laukos, FMP nodro\u0161ina uzticamus risin\u0101jumus, kas piel\u0101goti It\u0101lijas daudzveid\u012bgaj\u0101m nozar\u0113m.<\/p>\n<h3 class=\"\" dir=\"auto\">Piel\u0101goti iek\u0161\u0113jie zobrati j\u016bsu vajadz\u012bb\u0101m \u2014 sazinieties ar FMP jau \u0161odien!<\/h3>\n<p class=\"break-words\" dir=\"auto\">FMP ir ap\u0146\u0113mies apmierin\u0101t j\u016bsu \u012bpa\u0161\u0101s vajadz\u012bbas ar m\u016bsu pla\u0161o kl\u0101stu <a href=\"https:\/\/fmp-components.com\/lv\/ring-gear\/\">gredzenveida zobrati<\/a> un piel\u0101gotas ra\u017eo\u0161anas iesp\u0113jas. Ja mekl\u0113jat iek\u0161\u0113jos zobratus traktoriem vai celt\u0146iem un m\u016bsu produktu sarakst\u0101 neatrodat prec\u012bzu modeli, iesp\u0113jams, m\u0113s to v\u0113l neesam aug\u0161upiel\u0101d\u0113ju\u0161i \u2014 m\u016bsu invent\u0101rs nep\u0101rtraukti pieaug. Sazinieties ar mums pa e-pastu, lai nor\u0101d\u012btu savas pras\u012bbas, neatkar\u012bgi no t\u0101, vai atrodaties Mil\u0101n\u0101, Ven\u0113cij\u0101, Florenc\u0113 vai \u0101rpus t\u0101m, un m\u016bsu prasm\u012bgie in\u017eenieri atbild\u0113s 24 stundu laik\u0101 ar personaliz\u0113tu risin\u0101jumu. Uzticieties FMP, lai nodro\u0161in\u0101tu izcilu kvalit\u0101ti un atbalstu, darbinot j\u016bsu iek\u0101rtas vis\u0101 It\u0101lij\u0101 ar precizit\u0101ti un kompetenci.<\/p>\n<\/div>","protected":false},"excerpt":{"rendered":"<p>Product Specification Product Type Gear Parts Usage\/Application Tractor and crane Material Mild Steel Shape Round Packaging Type Box Minimum Order Quantity 10 Number With our professionals&#8217; sincerity and hard work, we have carved a niche for ourselves in this domain by offering a premium quality gamut of Internal Gear. Boost Tractor and Crane Performance with [&hellip;]<\/p>","protected":false},"featured_media":4638,"comment_status":"open","ping_status":"closed","template":"","meta":{"_et_pb_use_builder":"","_et_pb_old_content":"","_et_gb_content_width":""},"product_brand":[],"product_cat":[114],"product_tag":[],"class_list":{"0":"post-7781","1":"product","2":"type-product","3":"status-publish","4":"has-post-thumbnail","6":"product_cat-ring-gear","8":"first","9":"instock","10":"shipping-taxable","11":"product-type-simple"},"_links":{"self":[{"href":"https:\/\/fmp-components.com\/lv\/wp-json\/wp\/v2\/product\/7781","targetHints":{"allow":["GET"]}}],"collection":[{"href":"https:\/\/fmp-components.com\/lv\/wp-json\/wp\/v2\/product"}],"about":[{"href":"https:\/\/fmp-components.com\/lv\/wp-json\/wp\/v2\/types\/product"}],"replies":[{"embeddable":true,"href":"https:\/\/fmp-components.com\/lv\/wp-json\/wp\/v2\/comments?post=7781"}],"wp:featuredmedia":[{"embeddable":true,"href":"https:\/\/fmp-components.com\/lv\/wp-json\/wp\/v2\/media\/4638"}],"wp:attachment":[{"href":"https:\/\/fmp-components.com\/lv\/wp-json\/wp\/v2\/media?parent=7781"}],"wp:term":[{"taxonomy":"product_brand","embeddable":true,"href":"https:\/\/fmp-components.com\/lv\/wp-json\/wp\/v2\/product_brand?post=7781"},{"taxonomy":"product_cat","embeddable":true,"href":"https:\/\/fmp-components.com\/lv\/wp-json\/wp\/v2\/product_cat?post=7781"},{"taxonomy":"product_tag","embeddable":true,"href":"https:\/\/fmp-components.com\/lv\/wp-json\/wp\/v2\/product_tag?post=7781"}],"curies":[{"name":"wp","href":"https:\/\/api.w.org\/{rel}","templated":true}]}}