{"id":7774,"date":"2025-04-04T06:19:01","date_gmt":"2025-04-04T06:19:01","guid":{"rendered":"https:\/\/fmp-components.com\/?post_type=product&#038;p=7774"},"modified":"2025-04-04T06:39:10","modified_gmt":"2025-04-04T06:39:10","slug":"automotive-internal-gear","status":"publish","type":"product","link":"https:\/\/fmp-components.com\/lv\/product\/automotive-internal-gear\/","title":{"rendered":"Automobi\u013cu iek\u0161\u0113j\u0101 p\u0101rnesumk\u0101rba"},"content":{"rendered":"<h3>specifik\u0101cija<\/h3>\n<table class=\"table\" style=\"width: 100.875%; height: 310px;\" border=\"1\">\n<tbody>\n<tr>\n<td colspan=\"2\">Automobi\u013cu iek\u0161\u0113j\u0101 p\u0101rnesumk\u0101rba<\/td>\n<\/tr>\n<tr>\n<td>Izm\u0113rs<\/td>\n<td>\u03a650mm<\/td>\n<\/tr>\n<tr>\n<td>Modulis<\/td>\n<td>M0,15\u2013M2,2<\/td>\n<\/tr>\n<tr>\n<td>Materi\u0101la veids<\/td>\n<td>Met\u0101ls, bronza, t\u0113rauds, sakaus\u0113jums, POM, cinks, alum\u012bnijs, dzelzs, ner\u016bs\u0113jo\u0161ais t\u0113rauds, misi\u0146\u0161, var\u0161<\/td>\n<\/tr>\n<tr>\n<td>T\u012bkla klase<\/td>\n<td>ISO6, JGMA 1, JIS 6, AGMA 13, DIN 6, Din5, AGMA12<\/td>\n<\/tr>\n<tr>\n<td>Pieteikums<\/td>\n<td>Automobi\u013cu, milit\u0101r\u0101, lidma\u0161\u012bnu, meh\u0101nisk\u0101, r\u016bpniec\u012bbas, medic\u012bnas<\/td>\n<\/tr>\n<tr>\n<td>Piel\u0101gots<\/td>\n<td>ODM\/OEM<\/td>\n<\/tr>\n<tr>\n<td>Paraugs<\/td>\n<td>Paraugs pieejams<\/td>\n<\/tr>\n<tr>\n<td>Iepako\u0161anas veidi<\/td>\n<td>Vakuuma iepakojums ar plastmasas papl\u0101ti<\/td>\n<\/tr>\n<tr>\n<td>Pieg\u0101des veidi<\/td>\n<td>DHL UPS<\/td>\n<\/tr>\n<tr>\n<td>Sertifik\u0101ts<\/td>\n<td>ISO 9001:2008\/TS16949<\/td>\n<\/tr>\n<\/tbody>\n<\/table>\n<p><span style=\"color: #333333; font-size: 22px;\">Optimiz\u0113jiet savus automobi\u013cu iek\u0161\u0113jos p\u0101rnesumu risin\u0101jumus ar FMP It\u0101lij\u0101<\/span><\/p>\n<div>\n<p class=\"break-words\" dir=\"auto\">Iek\u0161\u0113jie zobrati, paz\u012bstami ar\u012b k\u0101 <a href=\"https:\/\/fmp-components.com\/lv\/ring-gear\/\">gredzenveida zobrati<\/a>, ir b\u016btiska loma jaudas p\u0101rvad\u0113 kompakt\u0101s, augstas veiktsp\u0113jas sist\u0113m\u0101s. At\u0161\u0137ir\u012bb\u0101 no \u0101r\u0113jiem zobratiem, kuru zobi ir griezti uz \u0101r\u0113j\u0101 diametra, iek\u0161\u0113jiem zobratiem ir zobi uz cilindriskas strukt\u016bras iek\u0161\u0113j\u0101s virsmas, padarot tos ide\u0101li piem\u0113rotus lietojumiem, kuros nepiecie\u0161ama efekt\u012bva griezes momenta p\u0101rne\u0161ana sl\u0113gt\u0101s telp\u0101s. FMP m\u0113s specializ\u0113jamies pla\u0161a gredzenveida zobratu kl\u0101sta ra\u017eo\u0161an\u0101, tostarp cilindrisko un spir\u0101lveida tipu zobratu, kas piel\u0101goti nozaru vajadz\u012bb\u0101m vis\u0101 It\u0101lij\u0101 \u2014 s\u0101kot no Mil\u0101nas ros\u012bgajiem autob\u016bves centriem l\u012bdz Ven\u0113cijas prec\u012bz\u0101s in\u017eenierijas uz\u0146\u0113mumiem.<\/p>\n<p class=\"break-words\" dir=\"auto\">FMP ar lepnumu pied\u0101v\u0101 piel\u0101gotus iek\u0161\u0113jo zobratu risin\u0101jumus, kas atbilst j\u016bsu \u012bpa\u0161aj\u0101m pras\u012bb\u0101m. Ja mekl\u0113jat konkr\u0113tu modeli un neredzat to m\u016bsu produktu sarakst\u0101 \u2014 neatkar\u012bgi no t\u0101, vai atrodaties Mil\u0101n\u0101, Ven\u0113cij\u0101, Florenc\u0113 vai citur \u2014, neuztraucieties; tas vienk\u0101r\u0161i noz\u012bm\u0113, ka m\u0113s to v\u0113l neesam aug\u0161upiel\u0101d\u0113ju\u0161i. L\u016bdzu, rakstiet mums e-pastu ar v\u0113lamaj\u0101m specifik\u0101cij\u0101m, un m\u016bsu prasm\u012bgie in\u017eenieri atbild\u0113s 24 stundu laik\u0101 ar piel\u0101gotu risin\u0101jumu. S\u0101kot ar dizaina izaicin\u0101jumu, piem\u0113ram, zobratu mijiedarb\u012bbas, p\u0101rvar\u0113\u0161anu l\u012bdz zobu profila nob\u012bdes optimiz\u0113\u0161anai, lai uzlabotu veiktsp\u0113ju, FMP ir j\u016bsu uzticamais partneris automobi\u013cu iek\u0161\u0113jo zobratu jom\u0101 vis\u0101 It\u0101lij\u0101, nodro\u0161inot precizit\u0101ti un uzticam\u012bbu katr\u0101 projekt\u0101.<\/p>\n<\/div>\n<p><img loading=\"lazy\" decoding=\"async\" class=\"size-full wp-image-7775 aligncenter\" src=\"https:\/\/fmp-components.com\/wp-content\/uploads\/2025\/04\/Internal-gear.webp\" alt=\"Iek\u0161\u0113jais p\u0101rnesums\" width=\"771\" height=\"543\" title=\"\" srcset=\"https:\/\/fmp-components.com\/wp-content\/uploads\/2025\/04\/Internal-gear.webp 771w, https:\/\/fmp-components.com\/wp-content\/uploads\/2025\/04\/Internal-gear-480x338.webp 480w\" sizes=\"(min-width: 0px) and (max-width: 480px) 480px, (min-width: 481px) 771px, 100vw\" \/><\/p>","protected":false},"excerpt":{"rendered":"<p>specification Automotive Internal Gear Dimension \u03a650mm Module M0.15-M2.2 Material Type Metal, Bronze, Steel, Alloy, POM, Zinc, Aluminum, Iron, Stainless, Brass, Copper Meshing Grade ISO6, JGMA 1, JIS 6, AGMA 13, DIN 6,Din5,AGMA12 Application Automotive, Military, Aircraft, Mechanical, industrial, Medical Customized ODM\/OEM Sample Sample available Modes of Packing Vacuum-packed with Plastic Tray Modes of Delivery DHL [&hellip;]<\/p>","protected":false},"featured_media":4635,"comment_status":"open","ping_status":"closed","template":"","meta":{"_et_pb_use_builder":"","_et_pb_old_content":"","_et_gb_content_width":""},"product_brand":[],"product_cat":[114],"product_tag":[],"class_list":{"0":"post-7774","1":"product","2":"type-product","3":"status-publish","4":"has-post-thumbnail","6":"product_cat-ring-gear","8":"first","9":"instock","10":"shipping-taxable","11":"product-type-simple"},"_links":{"self":[{"href":"https:\/\/fmp-components.com\/lv\/wp-json\/wp\/v2\/product\/7774","targetHints":{"allow":["GET"]}}],"collection":[{"href":"https:\/\/fmp-components.com\/lv\/wp-json\/wp\/v2\/product"}],"about":[{"href":"https:\/\/fmp-components.com\/lv\/wp-json\/wp\/v2\/types\/product"}],"replies":[{"embeddable":true,"href":"https:\/\/fmp-components.com\/lv\/wp-json\/wp\/v2\/comments?post=7774"}],"wp:featuredmedia":[{"embeddable":true,"href":"https:\/\/fmp-components.com\/lv\/wp-json\/wp\/v2\/media\/4635"}],"wp:attachment":[{"href":"https:\/\/fmp-components.com\/lv\/wp-json\/wp\/v2\/media?parent=7774"}],"wp:term":[{"taxonomy":"product_brand","embeddable":true,"href":"https:\/\/fmp-components.com\/lv\/wp-json\/wp\/v2\/product_brand?post=7774"},{"taxonomy":"product_cat","embeddable":true,"href":"https:\/\/fmp-components.com\/lv\/wp-json\/wp\/v2\/product_cat?post=7774"},{"taxonomy":"product_tag","embeddable":true,"href":"https:\/\/fmp-components.com\/lv\/wp-json\/wp\/v2\/product_tag?post=7774"}],"curies":[{"name":"wp","href":"https:\/\/api.w.org\/{rel}","templated":true}]}}