{"id":7773,"date":"2025-04-04T06:08:44","date_gmt":"2025-04-04T06:08:44","guid":{"rendered":"https:\/\/fmp-components.com\/?post_type=product&#038;p=7773"},"modified":"2025-04-04T06:38:52","modified_gmt":"2025-04-04T06:38:52","slug":"metal-internal-gear","status":"publish","type":"product","link":"https:\/\/fmp-components.com\/lv\/product\/metal-internal-gear\/","title":{"rendered":"Met\u0101la iek\u0161\u0113jais zobrats"},"content":{"rendered":"<h2>Kas ir met\u0101la iek\u0161\u0113jais zobrats?<\/h2>\n<p>Met\u0101la iek\u0161\u0113jie zobrati ir prec\u012bzi konstru\u0113ta deta\u013ca, ko pla\u0161i izmanto meh\u0101nisk\u0101s sist\u0113m\u0101s, un tiem rakstur\u012bgi zobi, kas ir iegriezti cilindriska met\u0101la gredzena iek\u0161\u0113j\u0101 virsm\u0101. At\u0161\u0137ir\u012bb\u0101 no \u0101r\u0113jiem zobratiem, iek\u0161\u0113jie zobrati sav\u0101 perimetr\u0101 sasl\u0113dzas ar \u0101r\u0113jiem zobratiem, nodro\u0161inot kompaktu dizainu un efekt\u012bvu jaudas p\u0101rvadi. Parasti tie ir izgatavoti no augstas stipr\u012bbas met\u0101liem, piem\u0113ram, t\u0113rauda vai sakaus\u0113jumiem, un pied\u0101v\u0101 iztur\u012bbu un nodilumiztur\u012bbu, padarot tos ide\u0101li piem\u0113rotus lietojumiem automobi\u013cu transmisij\u0101s, r\u016bpnieciskaj\u0101s ma\u0161\u012bn\u0101s un robotik\u0101. To unik\u0101lais dizains nodro\u0161ina vienm\u0113r\u012bgu darb\u012bbu, samazin\u0101tu troksni un uzlabotu griezes momenta jaudu ierobe\u017eot\u0101 telp\u0101.<\/p>\n<h3>Specifik\u0101cija<\/h3>\n<table class=\"table\" style=\"width: 100.982%; height: 321px;\" border=\"1\">\n<tbody>\n<tr>\n<td colspan=\"2\">Met\u0101la iek\u0161\u0113jais zobrats<\/td>\n<\/tr>\n<tr>\n<td>Izm\u0113rs<\/td>\n<td>\u03a660mm<\/td>\n<\/tr>\n<tr>\n<td>Modulis<\/td>\n<td>M0,15\u2013M3,0<\/td>\n<\/tr>\n<tr>\n<td>Materi\u0101la veids<\/td>\n<td>Met\u0101ls, bronza, t\u0113rauds, sakaus\u0113jums, POM, cinks, alum\u012bnijs, dzelzs, ner\u016bs\u0113jo\u0161ais t\u0113rauds, misi\u0146\u0161, var\u0161<\/td>\n<\/tr>\n<tr>\n<td>T\u012bkla klase<\/td>\n<td>ISO6, JGMA 1, JIS 6, AGMA 13, DIN 6, Din5, AGMA12<\/td>\n<\/tr>\n<tr>\n<td>Pieteikums<\/td>\n<td>Automobi\u013cu, milit\u0101r\u0101, lidma\u0161\u012bnu, meh\u0101nisk\u0101, r\u016bpniec\u012bbas, medic\u012bnas<\/td>\n<\/tr>\n<tr>\n<td>Piel\u0101gots<\/td>\n<td>ODM\/OEM<\/td>\n<\/tr>\n<tr>\n<td>Paraugs<\/td>\n<td>Paraugs pieejams<\/td>\n<\/tr>\n<tr>\n<td>Iepako\u0161anas veidi<\/td>\n<td>Vakuuma iepakojums ar plastmasas papl\u0101ti<\/td>\n<\/tr>\n<tr>\n<td>Pieg\u0101des veidi<\/td>\n<td>DHL un UPS<\/td>\n<\/tr>\n<tr>\n<td>Sertifik\u0101ts<\/td>\n<td>ISO 9001:2008\/TS16949<\/td>\n<\/tr>\n<\/tbody>\n<\/table>\n<div>\n<h3 class=\"\" dir=\"auto\">Met\u0101la iek\u0161\u0113jie zobrati: FMP prec\u012bza in\u017eenierija<\/h3>\n<p class=\"break-words\" dir=\"auto\">Run\u0101jot par met\u0101la iek\u0161\u0113jiem zobratiem, FMP ir vado\u0161ais ra\u017eot\u0101js, kas pieg\u0101d\u0101 augst\u0101k\u0101s klases gredzenveida zobratus da\u017e\u0101d\u0101m nozar\u0113m vis\u0101 It\u0101lij\u0101, s\u0101kot no Mil\u0101nas industri\u0101laj\u0101m lielvar\u0101m l\u012bdz Ven\u0113cijas profesion\u0101laj\u0101m darbn\u012bc\u0101m. \u0160ie zobrati ir b\u016btiski efekt\u012bvai jaudas p\u0101rvadei ma\u0161\u012bn\u0101s, nodro\u0161inot iztur\u012bbu un precizit\u0101ti da\u017e\u0101d\u0101s lietojumprogramm\u0101s, s\u0101kot no autob\u016bves l\u012bdz smagajai tehnikai. FMP ra\u017eojam da\u017e\u0101dus... <a href=\"https:\/\/fmp-components.com\/lv\/ring-gear\/\">Gredzenveida zobrati<\/a> Izmantojot augstas stipr\u012bbas met\u0101lus un jaun\u0101k\u0101s tehnolo\u0123ijas, tiek nodro\u0161in\u0101ta izcila veiktsp\u0113ja, kas piel\u0101gota klientu vajadz\u012bb\u0101m Florenc\u0113, Bolo\u0146\u0101 un citur. M\u016bsu ap\u0146em\u0161an\u0101s nodro\u0161in\u0101t kvalit\u0101ti padara m\u016bs par uzticamu partneri uz\u0146\u0113mumiem, kas mekl\u0113 uzticamus meh\u0101niskos risin\u0101jumus.<\/p>\n<h3 class=\"\" dir=\"auto\">Piel\u0101go\u0161ana un atbalsts It\u0101lijas klientiem<\/h3>\n<p class=\"break-words\" dir=\"auto\">Nevarat atrast prec\u012bzu modeli m\u016bsu produktu sarakst\u0101? Neuztraucieties \u2014 tas noz\u012bm\u0113, ka m\u0113s to v\u0113l neesam aug\u0161upiel\u0101d\u0113ju\u0161i. Vienk\u0101r\u0161i rakstiet mums e-pastu ar sav\u0101m vajadz\u012bb\u0101m, un m\u016bsu in\u017eenieri-eksperti 24 stundu laik\u0101 atbild\u0113s ar piel\u0101gotu risin\u0101jumu. Izv\u0113lieties FMP, lai ieg\u016btu precizit\u0101ti, elast\u012bbu un it\u0101\u013cu iedvesmotu izcil\u012bbu katr\u0101 m\u016bsu ra\u017eotaj\u0101 apr\u012bkojum\u0101!<\/p>\n<\/div>","protected":false},"excerpt":{"rendered":"<p>What is Metal Internal Gear? Metal Internal Gear is a precision-engineered component widely used in mechanical systems, characterized by its teeth being cut into the inner surface of a cylindrical metal ring. Unlike external gears, internal gears mesh with external gears inside their circumference, enabling compact designs and efficient power transmission. Typically made from high-strength [&hellip;]<\/p>","protected":false},"featured_media":4641,"comment_status":"open","ping_status":"closed","template":"","meta":{"_et_pb_use_builder":"","_et_pb_old_content":"","_et_gb_content_width":""},"product_brand":[],"product_cat":[114],"product_tag":[],"class_list":{"0":"post-7773","1":"product","2":"type-product","3":"status-publish","4":"has-post-thumbnail","6":"product_cat-ring-gear","8":"first","9":"instock","10":"shipping-taxable","11":"product-type-simple"},"_links":{"self":[{"href":"https:\/\/fmp-components.com\/lv\/wp-json\/wp\/v2\/product\/7773","targetHints":{"allow":["GET"]}}],"collection":[{"href":"https:\/\/fmp-components.com\/lv\/wp-json\/wp\/v2\/product"}],"about":[{"href":"https:\/\/fmp-components.com\/lv\/wp-json\/wp\/v2\/types\/product"}],"replies":[{"embeddable":true,"href":"https:\/\/fmp-components.com\/lv\/wp-json\/wp\/v2\/comments?post=7773"}],"wp:featuredmedia":[{"embeddable":true,"href":"https:\/\/fmp-components.com\/lv\/wp-json\/wp\/v2\/media\/4641"}],"wp:attachment":[{"href":"https:\/\/fmp-components.com\/lv\/wp-json\/wp\/v2\/media?parent=7773"}],"wp:term":[{"taxonomy":"product_brand","embeddable":true,"href":"https:\/\/fmp-components.com\/lv\/wp-json\/wp\/v2\/product_brand?post=7773"},{"taxonomy":"product_cat","embeddable":true,"href":"https:\/\/fmp-components.com\/lv\/wp-json\/wp\/v2\/product_cat?post=7773"},{"taxonomy":"product_tag","embeddable":true,"href":"https:\/\/fmp-components.com\/lv\/wp-json\/wp\/v2\/product_tag?post=7773"}],"curies":[{"name":"wp","href":"https:\/\/api.w.org\/{rel}","templated":true}]}}