{"id":7760,"date":"2025-04-04T04:01:26","date_gmt":"2025-04-04T04:01:26","guid":{"rendered":"https:\/\/fmp-components.com\/?post_type=product&#038;p=7760"},"modified":"2025-04-04T05:33:52","modified_gmt":"2025-04-04T05:33:52","slug":"stainless-steel-ring-gear-for-wind-turbine","status":"publish","type":"product","link":"https:\/\/fmp-components.com\/lv\/product\/stainless-steel-ring-gear-for-wind-turbine\/","title":{"rendered":"Ner\u016bs\u0113jo\u0161\u0101 t\u0113rauda gredzenu zobrats v\u0113ja turb\u012bnai"},"content":{"rendered":"<div>\n<h2 dir=\"auto\">Ner\u016bs\u0113jo\u0161\u0101 t\u0113rauda gredzeni: v\u0113ja turb\u012bnu darbin\u0101\u0161ana<\/h2>\n<p class=\"break-words\" dir=\"auto\">Ner\u016bs\u0113jo\u0161\u0101 t\u0113rauda gredzeni ir kritiski svar\u012bgi komponenti m\u016bsdienu in\u017eenierij\u0101, kas tiek augstu v\u0113rt\u0113ti to izcil\u0101s iztur\u012bbas pret koroziju, nodilumiztur\u012bbas un r\u016bsas iztur\u012bbas d\u0113\u013c. V\u0113ja turb\u012bn\u0101s \u0161iem gredzeniem, kas bie\u017ei tiek konstru\u0113ti k\u0101 iek\u0161\u0113jie gredzenveida zobrati, ir b\u016btiska loma pagrieziena un so\u013ca sist\u0113m\u0101s, nodro\u0161inot prec\u012bzu kust\u012bbu un ilgtermi\u0146a uzticam\u012bbu skarbos vides apst\u0101k\u013cos. It\u0101lija ar augo\u0161o atjaunojam\u0101s ener\u0123ijas sektoru t\u0101d\u0101s pils\u0113t\u0101s k\u0101 Mil\u0101na un Bolo\u0146a pa\u013caujas uz \u0161\u0101diem augstas precizit\u0101tes komponentiem, lai atbalst\u012btu ilgtsp\u0113j\u012bgu ener\u0123ijas ra\u017eo\u0161anu. Izgatavoti no augst\u0101k\u0101s kvalit\u0101tes ner\u016bs\u0113jo\u0161\u0101 t\u0113rauda, \u200b\u200b\u0161ie gredzeni izce\u013cas ar izcil\u0101m pras\u012bb\u0101m, s\u0101kot no smagaj\u0101m ma\u0161\u012bn\u0101m l\u012bdz j\u016bras apr\u012bkojumam Ven\u0113cij\u0101 un kosmosa inov\u0101cij\u0101m Florenc\u0113, padarot tos neaizst\u0101jamus r\u016bpnieciskajai izcil\u012bbai.<\/p>\n<\/div>\n<table class=\"aliDataTable\" style=\"width: 100.293%;\" border=\"1\">\n<tbody>\n<tr>\n<td style=\"width: 374.349%;\" colspan=\"2\">\n<div><b data-spm-anchor-id=\"a2700.details.0.i27.bf425d5dOqoAqD\">Specifik\u0101cijas<\/b><\/div>\n<\/td>\n<\/tr>\n<tr>\n<td style=\"width: 33.7449%;\">\n<div>Forma<\/div>\n<\/td>\n<td style=\"width: 340.604%;\">\n<div><a href=\"https:\/\/fmp-components.com\/lv\/ring-gear\/\">Gredzenveida zobrats<\/a><\/div>\n<\/td>\n<\/tr>\n<tr>\n<td style=\"width: 33.7449%;\">\n<div>Zoba profils<\/div>\n<\/td>\n<td style=\"width: 340.604%;\">evolv\u0113ts<\/td>\n<\/tr>\n<tr>\n<td style=\"width: 33.7449%;\">\n<div>Apraksts<\/div>\n<\/td>\n<td style=\"width: 340.604%;\">\n<div>Transmisijas gredzena zobrats<\/div>\n<\/td>\n<\/tr>\n<tr>\n<td style=\"width: 33.7449%;\">\n<div>Izm\u0113rs<\/div>\n<\/td>\n<td style=\"width: 340.604%;\">\n<div>Saska\u0146\u0101 ar z\u012bm\u0113jumu<\/div>\n<\/td>\n<\/tr>\n<\/tbody>\n<\/table>\n<div><\/div>\n<div>\n<div id=\"3u9z5\">\n<div id=\"ali-anchor-AliMaya-kiqiy\" data-section=\"AliMaya-kiqiy\" data-section-title=\"Technical Detail\" data-spm-anchor-id=\"a2700.details.0.i29.bf425d5dOqoAqD\">Tehnisk\u0101 inform\u0101cija<\/div>\n<\/div>\n<div>\n<div id=\"6re8y\">\n<table class=\"aliDataTable\" style=\"width: 99.9363%;\" border=\"1\">\n<tbody>\n<tr>\n<td style=\"width: 16.5312%;\" rowspan=\"3\">\n<div>\n<div><\/div>\n<div><\/div>\n<div>Izv\u0113l\u0113tais materi\u0101ls<\/div>\n<\/div>\n<\/td>\n<td style=\"width: 18.6992%;\">\n<div>Oglek\u013ca t\u0113rauds<\/div>\n<\/td>\n<td style=\"width: 90.1521%;\">\n<div>SAE1020, SAE1045, Cr12, 40Cr, Y15Pb, 1214L utt.<\/div>\n<\/td>\n<\/tr>\n<tr>\n<td style=\"width: 18.6992%;\">\n<div>Le\u0123\u0113tais t\u0113rauds<\/div>\n<\/td>\n<td style=\"width: 90.1521%;\">\n<div>20CrMnTi, 16MnCr5, 20CrMnMo, 41CrMo, 17CrNiMo5 utt.<\/div>\n<\/td>\n<\/tr>\n<tr>\n<td style=\"width: 18.6992%;\">\n<div>Misi\u0146\u0161\/Bronza<\/div>\n<\/td>\n<td style=\"width: 90.1521%;\">\n<div>HPb59-1, H70, CuZn39Pb2, CuZn40Pb2, C38000, CuZn40 utt.<\/div>\n<\/td>\n<\/tr>\n<tr>\n<td style=\"width: 16.5312%;\">\n<div>\n<div>Modu\u013ci<\/div>\n<\/div>\n<\/td>\n<td style=\"width: 108.851%;\" colspan=\"2\">\n<div>1,0, 1,25, 1,5, 1,75, 2,0, 2,25, 2,5\u2026.8,0 utt.<\/div>\n<\/td>\n<\/tr>\n<tr>\n<td style=\"width: 16.5312%;\">\n<div>\n<div>Apstr\u0101des process<\/div>\n<\/div>\n<\/td>\n<td style=\"width: 108.851%;\" colspan=\"2\">\n<div>Zobratu fr\u0113z\u0113\u0161ana, Zobratu fr\u0113z\u0113\u0161ana, Zobratu veido\u0161ana, Zobratu caurvilk\u0161ana,<br \/>\nZobratu sk\u016b\u0161ana, zobratu sl\u012bp\u0113\u0161ana un zobratu pievilk\u0161ana<\/div>\n<\/td>\n<\/tr>\n<tr>\n<td style=\"width: 16.5312%;\" rowspan=\"2\">\n<div>\n<div><\/div>\n<div>Tolerances kontrole<\/div>\n<\/div>\n<\/td>\n<td style=\"width: 18.6992%;\">\n<div>\u0100r\u0113jais diametrs<\/div>\n<\/td>\n<td style=\"width: 90.1521%;\">\n<div>\u00b10,005 mm<\/div>\n<\/td>\n<\/tr>\n<tr>\n<td style=\"width: 18.6992%;\">\n<div>Garuma dimensija<\/div>\n<\/td>\n<td style=\"width: 90.1521%;\">\n<div>\u00b10,05 mm<\/div>\n<\/td>\n<\/tr>\n<tr>\n<td style=\"width: 16.5312%;\">\n<div>\n<div>Termisk\u0101 apstr\u0101de<\/div>\n<\/div>\n<\/td>\n<td style=\"width: 108.851%;\" colspan=\"2\">\n<div>R\u016bd\u012b\u0161ana un atlaidin\u0101\u0161ana, karbur\u0113\u0161ana un r\u016bd\u012b\u0161ana, augstfrekvences saciet\u0113\u0161ana, karbonitr\u012bd\u0113\u0161ana\u2026\u2026<\/div>\n<\/td>\n<\/tr>\n<tr>\n<td style=\"width: 16.5312%;\">\n<div>\n<div>Zobu precizit\u0101te<\/div>\n<\/div>\n<\/td>\n<td style=\"width: 108.851%;\" colspan=\"2\">\n<div>DIN 4. klase, ISO\/GB 4. klase, AGMA 13. klase, JIS 0. klase<\/div>\n<\/td>\n<\/tr>\n<tr>\n<td style=\"width: 16.5312%;\">\n<div>\n<div>Virsmas apstr\u0101de<\/div>\n<\/div>\n<\/td>\n<td style=\"width: 108.851%;\" colspan=\"2\">\n<div>Melno\u0161ana, pul\u0113\u0161ana, anod\u0113\u0161ana, hrom\u0113\u0161ana, cinko\u0161ana, ni\u0137el\u0113\u0161ana\u2026\u2026<\/div>\n<\/td>\n<\/tr>\n<\/tbody>\n<\/table>\n<div class=\"sliderTable mt10 mb10 sliderTable-index0 change-to-org\">\n<div class=\"inner\">\n<table border=\"1\" width=\"100%\">\n<tbody>\n<tr class=\"firstRow\">\n<th colspan=\"2\" valign=\"top\">P\u0101rnesumu pamatdati<\/th>\n<\/tr>\n<tr>\n<td valign=\"center\">Zobrata zobu forma<\/td>\n<td valign=\"center\">evolv\u0113ts<\/td>\n<\/tr>\n<tr>\n<td valign=\"center\">Zobratu materi\u0101ls<\/td>\n<td valign=\"center\">42CrMo<\/td>\n<\/tr>\n<tr>\n<td valign=\"center\">P\u0101rnesumu process<\/td>\n<td valign=\"center\">miglo\u0161ana, notur\u0113\u0161ana, zobu fr\u0113z\u0113\u0161ana, iek\u0161\u0113j\u0101 un plaknes sl\u012bp\u0113\u0161ana, zobu sl\u012bp\u0113\u0161ana<\/td>\n<\/tr>\n<tr>\n<td valign=\"center\">Spiediena le\u0146\u0137is<\/td>\n<td valign=\"center\">20\u00b0<\/td>\n<\/tr>\n<tr>\n<td valign=\"center\">Kvalit\u0101tes l\u012bmenis<\/td>\n<td valign=\"center\">DIN 3962 7. klase<\/td>\n<\/tr>\n<tr>\n<td valign=\"center\">P\u0101rnesumu tips<\/td>\n<td valign=\"center\">Mn=6, Z=109, \u03b2=0\u00b0, X=-0,25<\/td>\n<\/tr>\n<\/tbody>\n<\/table>\n<\/div>\n<\/div>\n<p>ZOBRAUKTU\/RIEVU IESP\u0112JAS<\/p>\n<div class=\"sliderTable mt10 mb10 sliderTable-index1 change-to-org\">\n<div class=\"inner\">\n<table border=\"1\" width=\"100%\">\n<tbody>\n<tr class=\"firstRow\">\n<th colspan=\"4\" valign=\"top\">Iek\u0161\u0113jie zobrati un iek\u0161\u0113j\u0101s rievas<\/th>\n<\/tr>\n<tr>\n<td valign=\"top\"><\/td>\n<td valign=\"top\">Fr\u0113z\u0113\u0161ana<\/td>\n<td valign=\"top\">VEIDO\u0160ANA<\/td>\n<td valign=\"top\">ZOBU GRIE\u0160ANA<\/td>\n<\/tr>\n<tr>\n<td valign=\"top\">Maksim\u0101lais OD<\/td>\n<td valign=\"top\">2500 mm<\/td>\n<td valign=\"top\">2500 mm<\/td>\n<td valign=\"top\">2500 mm<\/td>\n<\/tr>\n<tr>\n<td valign=\"top\">Minim\u0101l\u0101 identifik\u0101cijas inform\u0101cija<\/td>\n<td valign=\"top\">650 mm<\/td>\n<td valign=\"top\">50 mm<\/td>\n<td valign=\"top\">100 mm<\/td>\n<\/tr>\n<tr>\n<td valign=\"top\">Maksim\u0101lais sejas platums<\/td>\n<td valign=\"top\">500 mm<\/td>\n<td valign=\"top\">500 mm<\/td>\n<td valign=\"top\">500 mm<\/td>\n<\/tr>\n<tr>\n<td valign=\"top\">Maksim\u0101lais diametr\u0101lais solis<\/td>\n<td valign=\"top\">DP 1<\/td>\n<td valign=\"top\">DP 1<\/td>\n<td valign=\"top\">DP 0,5<\/td>\n<\/tr>\n<tr>\n<td valign=\"top\">Maksim\u0101lais modulis<\/td>\n<td valign=\"top\">26 mm<\/td>\n<td valign=\"top\">26 mm<\/td>\n<td valign=\"top\">45 mm<\/td>\n<\/tr>\n<tr>\n<td valign=\"top\">AGMA l\u012bmenis\/DIN l\u012bmenis<\/td>\n<td valign=\"top\">DIN 8. klase<\/td>\n<td valign=\"top\">DIN 8. klase<\/td>\n<td valign=\"top\">DIN 4. klase<\/td>\n<\/tr>\n<tr>\n<td valign=\"top\">Zobu virsmas apdare<\/td>\n<td valign=\"top\">Ra 3.2<\/td>\n<td valign=\"top\">Ra 3.2<\/td>\n<td valign=\"top\">Ra 0,6<\/td>\n<\/tr>\n<tr>\n<td valign=\"top\">Maksim\u0101lais spir\u0101les le\u0146\u0137is<\/td>\n<td valign=\"top\">\u00b122,5\u00b0<\/td>\n<td valign=\"top\">\u00b122,5\u00b0<\/td>\n<td valign=\"top\">\u00b145\u00b0<\/td>\n<\/tr>\n<tr>\n<th colspan=\"4\" valign=\"top\">\u0100R\u0112JIE ZOBRATI UN \u0100R\u0112JIE RIEBI<\/th>\n<\/tr>\n<tr>\n<td valign=\"top\"><\/td>\n<td valign=\"top\">HOBBING<\/td>\n<td valign=\"top\">Fr\u0113z\u0113\u0161ana<\/td>\n<td valign=\"top\">ZOBU GRIE\u0160ANA<\/td>\n<\/tr>\n<tr>\n<td valign=\"top\">Maksim\u0101lais OD<\/td>\n<td valign=\"top\">1250 mm<\/td>\n<td valign=\"top\">2500 mm<\/td>\n<td valign=\"top\">2500 mm<\/td>\n<\/tr>\n<tr>\n<td valign=\"top\">Minim\u0101lais OD<\/td>\n<td valign=\"top\">20 mm<\/td>\n<td valign=\"top\">200 mm<\/td>\n<td valign=\"top\">20 mm<\/td>\n<\/tr>\n<tr>\n<td valign=\"top\">Maksim\u0101lais sejas platums<\/td>\n<td valign=\"top\">500 mm<\/td>\n<td valign=\"top\">500 mm<\/td>\n<td valign=\"top\">1480 mm<\/td>\n<\/tr>\n<tr>\n<td valign=\"top\">Maksim\u0101lais diametr\u0101lais solis<\/td>\n<td valign=\"top\">DP 1<\/td>\n<td valign=\"top\">DP 1<\/td>\n<td valign=\"top\">DP 0,5<\/td>\n<\/tr>\n<tr>\n<td valign=\"top\">Maksim\u0101lais modulis<\/td>\n<td valign=\"top\">26 mm<\/td>\n<td valign=\"top\">26 mm<\/td>\n<td valign=\"top\">45 mm<\/td>\n<\/tr>\n<tr>\n<td valign=\"top\">AGMA l\u012bmenis\/DIN l\u012bmenis<\/td>\n<td valign=\"top\">DIN 8. klase<\/td>\n<td valign=\"top\">DIN 8. klase<\/td>\n<td valign=\"top\">DIN 4. klase<\/td>\n<\/tr>\n<tr>\n<td valign=\"top\">Zobu virsmas apdare<\/td>\n<td valign=\"top\">Ra 3.2<\/td>\n<td valign=\"top\">Ra 3.2<\/td>\n<td valign=\"top\">Ra 0,6<\/td>\n<\/tr>\n<tr>\n<td valign=\"top\">Maksim\u0101lais spir\u0101les le\u0146\u0137is<\/td>\n<td valign=\"top\">\u00b145\u00b0<\/td>\n<td valign=\"top\">\u00b145\u00b0<\/td>\n<td valign=\"top\">\u00b145\u00b0<\/td>\n<\/tr>\n<\/tbody>\n<\/table>\n<p><span style=\"color: #333333; font-size: 22px;\">FMP: J\u016bsu augst\u0101k\u0101s kvalit\u0101tes ner\u016bs\u0113jo\u0161\u0101 t\u0113rauda gredzenu zobratu avots<\/span><\/p>\n<div>\n<p class=\"break-words\" dir=\"auto\">FMP ir vado\u0161ais augstas kvalit\u0101tes smago ma\u0161\u012bnu deta\u013cu ra\u017eot\u0101js, eksport\u0113t\u0101js un pieg\u0101d\u0101t\u0101js, tostarp pla\u0161s kl\u0101sts ar <strong>gredzenveida zobrati<\/strong> Izgatavots no ner\u016bs\u0113jo\u0161\u0101 t\u0113rauda. M\u016bsu galven\u0101 m\u012btne atrodas It\u0101lij\u0101 un apkalpo nozares Mil\u0101n\u0101, Ven\u0113cij\u0101, Florenc\u0113 un Bolo\u0146\u0101, pieg\u0101d\u0101jot iztur\u012bgus, nodilumiztur\u012bgus produktus ar iztur\u012bgu virsmas apstr\u0101di, kas samazina punktveida koroziju un maksim\u0101li palielina ilgm\u016b\u017e\u012bbu \u2014 tas viss par konkur\u0113tsp\u0113j\u012bg\u0101m cen\u0101m. M\u016bsu pieredze aptver piel\u0101gotus risin\u0101jumus cukura dzirnavu zobratiem, meh\u0101niskiem gredzenveida zobratiem un specializ\u0113tiem ner\u016bs\u0113jo\u0161\u0101 t\u0113rauda gredzeniem v\u0113ja turb\u012bn\u0101m. Neatkar\u012bgi no t\u0101, vai j\u016bs darbin\u0101t atjaunojam\u0101s ener\u0123ijas projektus Bolo\u0146\u0101 vai j\u016bras sist\u0113mas Ven\u0113cij\u0101, FMP pied\u0101v\u0101 piel\u0101gotus dizainus, kas atbilst j\u016bsu prec\u012bzaj\u0101m specifik\u0101cij\u0101m, nodro\u0161inot augst\u0101ko veiktsp\u0113ju un struktur\u0101lo integrit\u0101ti.<\/p>\n<\/div>\n<table style=\"border-collapse: collapse; width: 100.345%; height: 5px;\" border=\"0\" width=\"243\" cellspacing=\"0\" cellpadding=\"0\">\n<tbody>\n<tr style=\"height: 14.40pt;\">\n<td style=\"height: 14.4pt; width: 33.2978%;\" align=\"right\" width=\"81\" height=\"24\">\u00a0<img loading=\"lazy\" decoding=\"async\" class=\"alignnone size-full wp-image-7766\" src=\"https:\/\/fmp-components.com\/wp-content\/uploads\/2025\/04\/Stainless_Steel_Ring_Gear_For_Wind_Turbine_1.webp\" alt=\"Ner\u016bs\u0113jo\u0161\u0101_t\u0113rauda_gredzenveida_zobrats_v\u0113ja_turb\u012bnai\" width=\"1024\" height=\"1024\" title=\"\" srcset=\"https:\/\/fmp-components.com\/wp-content\/uploads\/2025\/04\/Stainless_Steel_Ring_Gear_For_Wind_Turbine_1.webp 1024w, https:\/\/fmp-components.com\/wp-content\/uploads\/2025\/04\/Stainless_Steel_Ring_Gear_For_Wind_Turbine_1-980x980.webp 980w, https:\/\/fmp-components.com\/wp-content\/uploads\/2025\/04\/Stainless_Steel_Ring_Gear_For_Wind_Turbine_1-480x480.webp 480w\" sizes=\"(min-width: 0px) and (max-width: 480px) 480px, (min-width: 481px) and (max-width: 980px) 980px, (min-width: 981px) 1024px, 100vw\" \/><\/td>\n<td style=\"width: 33.2978%;\" align=\"right\" width=\"81\"><img loading=\"lazy\" decoding=\"async\" class=\"alignnone size-full wp-image-7765\" src=\"https:\/\/fmp-components.com\/wp-content\/uploads\/2025\/04\/Stainless_Steel_Ring_Gear_For_Wind_Turbine_3.webp\" alt=\"Ner\u016bs\u0113jo\u0161\u0101_t\u0113rauda_gredzenveida_zobrats_v\u0113ja_turb\u012bnai\" width=\"1024\" height=\"1024\" title=\"\" srcset=\"https:\/\/fmp-components.com\/wp-content\/uploads\/2025\/04\/Stainless_Steel_Ring_Gear_For_Wind_Turbine_3.webp 1024w, https:\/\/fmp-components.com\/wp-content\/uploads\/2025\/04\/Stainless_Steel_Ring_Gear_For_Wind_Turbine_3-980x980.webp 980w, https:\/\/fmp-components.com\/wp-content\/uploads\/2025\/04\/Stainless_Steel_Ring_Gear_For_Wind_Turbine_3-480x480.webp 480w\" sizes=\"(min-width: 0px) and (max-width: 480px) 480px, (min-width: 481px) and (max-width: 980px) 980px, (min-width: 981px) 1024px, 100vw\" \/><\/td>\n<td style=\"width: 33.2978%;\" align=\"right\" width=\"81\"><img loading=\"lazy\" decoding=\"async\" class=\"alignnone size-full wp-image-7767\" src=\"https:\/\/fmp-components.com\/wp-content\/uploads\/2025\/04\/Stainless_Steel_Ring_Gear_For_Wind_Turbine_2.webp\" alt=\"Ner\u016bs\u0113jo\u0161\u0101_t\u0113rauda_gredzenveida_zobrats_v\u0113ja_turb\u012bnai\" width=\"1024\" height=\"1024\" title=\"\" srcset=\"https:\/\/fmp-components.com\/wp-content\/uploads\/2025\/04\/Stainless_Steel_Ring_Gear_For_Wind_Turbine_2.webp 1024w, https:\/\/fmp-components.com\/wp-content\/uploads\/2025\/04\/Stainless_Steel_Ring_Gear_For_Wind_Turbine_2-980x980.webp 980w, https:\/\/fmp-components.com\/wp-content\/uploads\/2025\/04\/Stainless_Steel_Ring_Gear_For_Wind_Turbine_2-480x480.webp 480w\" sizes=\"(min-width: 0px) and (max-width: 480px) 480px, (min-width: 481px) and (max-width: 980px) 980px, (min-width: 981px) 1024px, 100vw\" \/><\/td>\n<\/tr>\n<\/tbody>\n<\/table>\n<div>\n<h3 class=\"\" dir=\"auto\">Piel\u0101goti pas\u016bt\u012bjumi un \u0101trs FMP atbalsts<\/h3>\n<p class=\"break-words\" dir=\"auto\">Nevarat atrast sev piem\u0113rotu ner\u016bs\u0113jo\u0161\u0101 t\u0113rauda gredzenu modeli v\u0113ja turb\u012bnai vai citam pielietojumam? FMP ra\u017eo pla\u0161u gredzenu zobratu kl\u0101stu un pie\u0146em piel\u0101gotus pas\u016bt\u012bjumus atbilsto\u0161i j\u016bsu unik\u0101laj\u0101m pras\u012bb\u0101m. Ja j\u016bsu v\u0113lamais modelis nav sarakst\u0101, iesp\u0113jams, m\u0113s to v\u0113l neesam aug\u0161upiel\u0101d\u0113ju\u0161i \u2014 vienk\u0101r\u0161i nos\u016btiet mums e-pastu ar sav\u0101m specifik\u0101cij\u0101m, un m\u016bsu in\u017eenieru eksperti 24 stundu laik\u0101 atbild\u0113s ar risin\u0101jumu. Apkalpojot It\u0101lijas r\u016bpniec\u012bbas centrus, piem\u0113ram, Mil\u0101nu, Florenci, Ven\u0113ciju un Bolo\u0146u, m\u0113s esam ap\u0146\u0113mu\u0161ies atbalst\u012bt j\u016bsu projektus ar precizit\u0101ti un \u0101trumu. Sazinieties ar FMP jau \u0161odien, lai uzlabotu savas v\u0113ja turb\u012bnu sist\u0113mas ar m\u016bsu elites ner\u016bs\u0113jo\u0161\u0101 t\u0113rauda gredzenu zobratiem!<\/p>\n<\/div>\n<\/div>\n<\/div>\n<\/div>\n<\/div>\n<\/div>","protected":false},"excerpt":{"rendered":"<p>Ner\u016bs\u0113jo\u0161\u0101 t\u0113rauda gredzeni: v\u0113ja turb\u012bnu darbin\u0101\u0161ana Ner\u016bs\u0113jo\u0161\u0101 t\u0113rauda gredzeni ir kritiski svar\u012bgi komponenti m\u016bsdienu in\u017eenierij\u0101, kas tiek augstu v\u0113rt\u0113ti to izcil\u0101s iztur\u012bbas pret koroziju, nodilumiztur\u012bbas un r\u016bsas iztur\u012bbas \u012bpa\u0161\u012bbu d\u0113\u013c. V\u0113ja turb\u012bn\u0101s \u0161ie gredzeni, kas bie\u017ei tiek konstru\u0113ti k\u0101 iek\u0161\u0113jie gredzenveida zobrati, sp\u0113l\u0113 b\u016btisku lomu pagrieziena un garenisk\u0101s kust\u012bbas sist\u0113m\u0101s, nodro\u0161inot prec\u012bzu kust\u012bbu un ilgtermi\u0146a uzticam\u012bbu skarbos vides apst\u0101k\u013cos. [\u2026]<\/p>","protected":false},"featured_media":7766,"comment_status":"open","ping_status":"closed","template":"","meta":{"_et_pb_use_builder":"","_et_pb_old_content":"","_et_gb_content_width":""},"product_brand":[],"product_cat":[114],"product_tag":[],"class_list":{"0":"post-7760","1":"product","2":"type-product","3":"status-publish","4":"has-post-thumbnail","6":"product_cat-ring-gear","8":"first","9":"instock","10":"shipping-taxable","11":"product-type-simple"},"_links":{"self":[{"href":"https:\/\/fmp-components.com\/lv\/wp-json\/wp\/v2\/product\/7760","targetHints":{"allow":["GET"]}}],"collection":[{"href":"https:\/\/fmp-components.com\/lv\/wp-json\/wp\/v2\/product"}],"about":[{"href":"https:\/\/fmp-components.com\/lv\/wp-json\/wp\/v2\/types\/product"}],"replies":[{"embeddable":true,"href":"https:\/\/fmp-components.com\/lv\/wp-json\/wp\/v2\/comments?post=7760"}],"wp:featuredmedia":[{"embeddable":true,"href":"https:\/\/fmp-components.com\/lv\/wp-json\/wp\/v2\/media\/7766"}],"wp:attachment":[{"href":"https:\/\/fmp-components.com\/lv\/wp-json\/wp\/v2\/media?parent=7760"}],"wp:term":[{"taxonomy":"product_brand","embeddable":true,"href":"https:\/\/fmp-components.com\/lv\/wp-json\/wp\/v2\/product_brand?post=7760"},{"taxonomy":"product_cat","embeddable":true,"href":"https:\/\/fmp-components.com\/lv\/wp-json\/wp\/v2\/product_cat?post=7760"},{"taxonomy":"product_tag","embeddable":true,"href":"https:\/\/fmp-components.com\/lv\/wp-json\/wp\/v2\/product_tag?post=7760"}],"curies":[{"name":"wp","href":"https:\/\/api.w.org\/{rel}","templated":true}]}}