{"id":7751,"date":"2025-04-04T03:10:57","date_gmt":"2025-04-04T03:10:57","guid":{"rendered":"https:\/\/fmp-components.com\/?post_type=product&#038;p=7751"},"modified":"2025-04-04T05:33:32","modified_gmt":"2025-04-04T05:33:32","slug":"ring-gear-for-cement-mixer","status":"publish","type":"product","link":"https:\/\/fmp-components.com\/lv\/product\/ring-gear-for-cement-mixer\/","title":{"rendered":"Gredzenveida zobrats cementa mais\u012bt\u0101jam"},"content":{"rendered":"<div>\n<h2 dir=\"auto\">FMP augstas kvalit\u0101tes gredzenveida zobrati cementa mais\u012bt\u0101jiem<\/h2>\n<p class=\"break-words\" dir=\"auto\">It\u0101lijas ros\u012bgajos b\u016bvniec\u012bbas centros, piem\u0113ram, Mil\u0101n\u0101, Ven\u0113cij\u0101, Florenc\u0113 un Bolo\u0146\u0101, piepras\u012bjums p\u0113c uzticamiem cementa mais\u012bt\u0101jiem ir past\u0101v\u012bgs. \u0160o ma\u0161\u012bnu galven\u0101 sast\u0101vda\u013ca ir <a href=\"https:\/\/fmp-components.com\/lv\/ring-gear\/\">gredzenveida zobrats<\/a> cementa mais\u012bt\u0101jiem \u2014 iztur\u012bgs ap\u013cveida zobrats, kas darbina trumu\u013ca rot\u0101ciju, lai efekt\u012bvi sajauktu betonu. FMP specializ\u0113jas da\u017e\u0101du veidu gredzenveida zobratu ra\u017eo\u0161an\u0101, tostarp nestandarta, piel\u0101gotu, \u012bpa\u0161i iztur\u012bgu, liela modu\u013ca le\u0123\u0113t\u0101 t\u0113rauda segmentu lie\u0161anas \u201csi\u013c\u0137es kaula\u201d zobu dubultspir\u0101lveida gredzenveida zobratu ra\u017eo\u0161an\u0101. Izgatavoti no augstas stipr\u012bbas le\u0123\u0113t\u0101 t\u0113rauda un uzlaboti ar virsmas cement\u0113\u0161anas vai r\u016bd\u012b\u0161anas apstr\u0101di, m\u016bsu zobrati pied\u0101v\u0101 izcilu nestsp\u0113ju un iztur\u012bbu. Neatkar\u012bgi no t\u0101, vai str\u0101d\u0101jat pie moderniem debesskr\u0101pjiem Mil\u0101n\u0101 vai restaur\u0113jat v\u0113sturiskas celtnes Florenc\u0113, FMP gredzenveida zobrati nodro\u0161ina stabilu transmisiju ar zemu triecienu, vibr\u0101ciju un trok\u0161\u0146a l\u012bmeni \u2014 ide\u0101li piem\u0113roti \u0101trgaitas, lielas slodzes ma\u0161\u012bn\u0101m.<\/p>\n<h2 dir=\"auto\">Specifik\u0101cija<\/h2>\n<\/div>\n<table style=\"width: 100%;\" border=\"1\" width=\"100%\" cellspacing=\"0\" cellpadding=\"0\">\n<tbody>\n<tr>\n<td colspan=\"2\" width=\"160\">Produkta nosaukums<\/td>\n<td colspan=\"2\" width=\"611\">Zobratu gredzens<\/td>\n<\/tr>\n<tr>\n<td colspan=\"2\" width=\"160\">Z\u012bmols<\/td>\n<td colspan=\"2\" width=\"611\">FMP<\/td>\n<\/tr>\n<tr>\n<td colspan=\"2\" width=\"160\">Process<\/td>\n<td colspan=\"2\" width=\"611\">Kal\u0161ana, meh\u0101nisk\u0101 apstr\u0101de, termisk\u0101 apstr\u0101de<\/td>\n<\/tr>\n<tr>\n<td colspan=\"2\" width=\"160\"><\/td>\n<td colspan=\"2\" rowspan=\"2\" width=\"611\">liela drukas iek\u0101rta, lidma\u0161\u012bnas, ra\u017eo\u0161anas iek\u0101rtas, ostu nozare, smag\u0101s r\u016bpniec\u012bbas iek\u0101rtas utt.<\/td>\n<\/tr>\n<tr>\n<td colspan=\"2\" width=\"160\">Pieteikums<\/td>\n<\/tr>\n<tr>\n<td colspan=\"2\" width=\"160\">Apstr\u0101des materi\u0101ls<\/td>\n<td colspan=\"2\" width=\"611\">45#40CR 20CRM O20CRNIMO 17CRNIMO620CRMNTI42CRMO utt.<\/td>\n<\/tr>\n<\/tbody>\n<\/table>\n<p>&nbsp;<\/p>\n<table style=\"width: 100%;\" border=\"1\" width=\"100%\" cellspacing=\"0\" cellpadding=\"0\">\n<tbody>\n<tr style=\"height: 27.60pt;\">\n<td class=\"et2\" style=\"height: 27.60pt; width: 48.00pt;\" width=\"80\" height=\"46\">P\u0101rnesumu modulis<\/td>\n<td class=\"et3\" style=\"width: 48.00pt;\" width=\"80\">8-120<\/td>\n<\/tr>\n<tr style=\"height: 41.40pt;\">\n<td class=\"et4\" style=\"height: 41.40pt; width: 48.00pt;\" width=\"80\" height=\"69\">Zobratu sl\u012bp\u0113\u0161ana<\/td>\n<td class=\"et5\" style=\"width: 48.00pt;\" width=\"80\">MAX modulis 25<\/td>\n<\/tr>\n<tr style=\"height: 41.40pt;\">\n<td class=\"et4\" style=\"height: 41.40pt; width: 48.00pt;\" width=\"80\" height=\"69\">Zobrata diametrs<\/td>\n<td class=\"et5\" style=\"width: 48.00pt;\" width=\"80\">MAKSIM\u0100LI 13\u00a0000 mm<\/td>\n<\/tr>\n<tr style=\"height: 41.40pt;\">\n<td class=\"et4\" style=\"height: 41.40pt; width: 48.00pt;\" width=\"80\" height=\"69\">Spir\u0101lveida zobrata diametrs<\/td>\n<td class=\"et5\" style=\"width: 48.00pt;\" width=\"80\">MAKS. 2200 mm<\/td>\n<\/tr>\n<tr style=\"height: 41.40pt;\">\n<td class=\"et4\" style=\"height: 41.40pt; width: 48.00pt;\" width=\"80\" height=\"69\">Zobrata v\u0101rpstas garums<\/td>\n<td class=\"et5\" style=\"width: 48.00pt;\" width=\"80\">MAKSIM\u0100LI 5000 mm<\/td>\n<\/tr>\n<tr style=\"height: 82.80pt;\">\n<td class=\"et4\" style=\"height: 82.80pt; width: 48.00pt;\" width=\"80\" height=\"138\">Zobratu zobu \u0101rst\u0113\u0161ana<\/td>\n<td class=\"et5\" style=\"width: 48.00pt;\" width=\"80\">Virsmas saciet\u0113\u0161ana, cement\u0113\u0161ana un r\u016bd\u012b\u0161ana<\/td>\n<\/tr>\n<tr style=\"height: 55.95pt;\">\n<td class=\"et6\" style=\"height: 55.95pt; width: 48.00pt;\" width=\"80\" height=\"93\">Darba iek\u0101rta<\/td>\n<td class=\"et7\" style=\"width: 48.00pt;\" width=\"80\">Kal\u0161ana, lie\u0161ana un metin\u0101\u0161ana<\/td>\n<\/tr>\n<\/tbody>\n<\/table>\n<p><span style=\"color: #333333; font-size: 22px;\">FMP pieredze piel\u0101gotu gredzenu zobratu ra\u017eo\u0161an\u0101<\/span><\/p>\n<div>\n<p class=\"break-words\" dir=\"auto\">FMP izce\u013cas k\u0101 uzticams partneris It\u0101lijas b\u016bvniec\u012bbas un in\u017eenierzin\u0101t\u0146u nozar\u0113s, pied\u0101v\u0101jot pla\u0161u gredzenveida zobratu kl\u0101stu, piem\u0113ram, cilindriskus, spir\u0101lveida un \"si\u013c\u0137u kaula\" dizainus, kas visi ir piel\u0101goti klientu specifik\u0101cij\u0101m. M\u016bsu progres\u012bv\u0101s ra\u017eo\u0161anas metodes, tostarp pulvermetalur\u0123ija un unik\u0101li termisk\u0101s apstr\u0101des procesi, optimiz\u0113 zobratu strukt\u016bru, palielinot ciet\u012bbu, nodilumiztur\u012bbu un triecieniztur\u012bbu. M\u0113s izmantojam augstas stipr\u012bbas t\u0113raudu un koncentr\u0113jamies uz ilgtermi\u0146a stabilit\u0101ti, nodro\u0161inot, ka m\u016bsu komponenti veiksm\u012bgi darbojas ar\u012b sare\u017e\u0123\u012btos cementa mais\u012b\u0161anas apst\u0101k\u013cos. Uz\u0146\u0113mumiem Ven\u0113cij\u0101, kas risina unik\u0101lus projektus kan\u0101la mal\u0101, vai Bolo\u0146as in\u017eenierzin\u0101t\u0146u nozar\u0113m, FMP pie\u0146em piel\u0101gotus pas\u016bt\u012bjumus, lai prec\u012bzi atbilstu j\u016bsu vajadz\u012bb\u0101m. M\u016bsu iesp\u0113jas ietver liela m\u0113roga kal\u0161anu, lie\u0161anu un metin\u0101\u0161anu, un p\u0113c piepras\u012bjuma ir pieejamas ar\u012b papildu apstr\u0101des metodes, piem\u0113ram, zobratu sl\u012bp\u0113\u0161ana un nitrid\u0113\u0161ana.<\/p>\n<\/div>\n<table style=\"border-collapse: collapse; width: 101.637%; height: 5px;\" border=\"0\" width=\"270\" cellspacing=\"0\" cellpadding=\"0\">\n<tbody>\n<tr style=\"height: 14.40pt;\">\n<td style=\"height: 14.4pt; width: 34.4985%;\" align=\"right\" width=\"90\" height=\"24\"><img loading=\"lazy\" decoding=\"async\" class=\"size-full wp-image-7756 aligncenter\" src=\"https:\/\/fmp-components.com\/wp-content\/uploads\/2025\/04\/Ring-Gear-For-Cement-Mixer-Factory-1.webp\" alt=\"Gredzenveida zobrats cementa mais\u012bt\u0101ja r\u016bpn\u012bcai\" width=\"889\" height=\"570\" title=\"\" srcset=\"https:\/\/fmp-components.com\/wp-content\/uploads\/2025\/04\/Ring-Gear-For-Cement-Mixer-Factory-1.webp 889w, https:\/\/fmp-components.com\/wp-content\/uploads\/2025\/04\/Ring-Gear-For-Cement-Mixer-Factory-1-480x308.webp 480w\" sizes=\"(min-width: 0px) and (max-width: 480px) 480px, (min-width: 481px) 889px, 100vw\" \/><\/td>\n<td style=\"width: 32.7072%;\" align=\"right\" width=\"90\"><img loading=\"lazy\" decoding=\"async\" class=\"size-full wp-image-7757 aligncenter\" src=\"https:\/\/fmp-components.com\/wp-content\/uploads\/2025\/04\/Ring-Gear-For-Cement-Mixer-Factory-2.webp\" alt=\"Gredzenveida zobrats cementa mais\u012bt\u0101ja r\u016bpn\u012bcai\" width=\"885\" height=\"608\" title=\"\" srcset=\"https:\/\/fmp-components.com\/wp-content\/uploads\/2025\/04\/Ring-Gear-For-Cement-Mixer-Factory-2.webp 885w, https:\/\/fmp-components.com\/wp-content\/uploads\/2025\/04\/Ring-Gear-For-Cement-Mixer-Factory-2-480x330.webp 480w\" sizes=\"(min-width: 0px) and (max-width: 480px) 480px, (min-width: 481px) 885px, 100vw\" \/><\/td>\n<td style=\"width: 31.8642%;\" align=\"right\" width=\"90\"><img loading=\"lazy\" decoding=\"async\" class=\"size-full wp-image-7758 aligncenter\" src=\"https:\/\/fmp-components.com\/wp-content\/uploads\/2025\/04\/Ring-Gear-For-Cement-Mixer-Factory-3.webp\" alt=\"Gredzenveida zobrats cementa mais\u012bt\u0101ja r\u016bpn\u012bcai\" width=\"500\" height=\"360\" title=\"\" srcset=\"https:\/\/fmp-components.com\/wp-content\/uploads\/2025\/04\/Ring-Gear-For-Cement-Mixer-Factory-3.webp 500w, https:\/\/fmp-components.com\/wp-content\/uploads\/2025\/04\/Ring-Gear-For-Cement-Mixer-Factory-3-480x346.webp 480w\" sizes=\"(min-width: 0px) and (max-width: 480px) 480px, (min-width: 481px) 500px, 100vw\" \/><\/td>\n<\/tr>\n<\/tbody>\n<\/table>\n<div>\n<h3 class=\"\" dir=\"auto\">Vai nepiecie\u0161ams konkr\u0113ts modelis? Sazinieties ar FMP, lai sa\u0146emtu atbildi 24 stundu laik\u0101.<\/h3>\n<p class=\"break-words\" dir=\"auto\">FMP m\u0113s esam ap\u0146\u0113mu\u0161ies sniegt piel\u0101gotus risin\u0101jumus. Vienk\u0101r\u0161i nos\u016btiet mums e-pastu ar sav\u0101m specifik\u0101cij\u0101m, un m\u016bsu prasm\u012bgie in\u017eenieri 24 stundu laik\u0101 atbild\u0113s ar ekspertu nor\u0101d\u012bjumiem vai piel\u0101gotu dizaina priek\u0161likumu. M\u016bsu \u0101tr\u0101 rea\u0123\u0113\u0161ana un sp\u0113ja apstr\u0101d\u0101t lielas partijas, \u012bsa cikla lie\u0161anu padara m\u016bs par ide\u0101lu izv\u0113li It\u0101lijas strauji main\u012bgaj\u0101 b\u016bvniec\u012bbas tirg\u016b. Palieliniet sava projekta efektivit\u0101ti ar FMP iztur\u012bgajiem, augstas veiktsp\u0113jas gredzenveida zobratiem \u2014 sazinieties ar mums jau \u0161odien, lai nodro\u0161in\u0101tu j\u016bsu n\u0101kamo b\u016bvniec\u012bbu!<\/p>\n<table style=\"border-collapse: collapse; width: 97.6392%; height: 54px;\" border=\"0\" width=\"243\" cellspacing=\"0\" cellpadding=\"0\">\n<tbody>\n<tr style=\"height: 14.40pt;\">\n<td style=\"height: 14.4pt; width: 31.0307%;\" align=\"right\" width=\"81\" height=\"24\">\u00a0<img loading=\"lazy\" decoding=\"async\" class=\"size-full wp-image-7763 aligncenter\" src=\"https:\/\/fmp-components.com\/wp-content\/uploads\/2025\/04\/Ring-Gear-For-Cement-Mixer-2.webp\" alt=\"Gredzenveida zobrats cementa mais\u012bt\u0101jam\" width=\"550\" height=\"550\" title=\"\" srcset=\"https:\/\/fmp-components.com\/wp-content\/uploads\/2025\/04\/Ring-Gear-For-Cement-Mixer-2.webp 550w, https:\/\/fmp-components.com\/wp-content\/uploads\/2025\/04\/Ring-Gear-For-Cement-Mixer-2-480x480.webp 480w\" sizes=\"(min-width: 0px) and (max-width: 480px) 480px, (min-width: 481px) 550px, 100vw\" \/><\/td>\n<td style=\"width: 32.7851%;\" align=\"right\" width=\"81\"><img loading=\"lazy\" decoding=\"async\" class=\"size-full wp-image-7764 aligncenter\" src=\"https:\/\/fmp-components.com\/wp-content\/uploads\/2025\/04\/Ring-Gear-For-Cement-Mixer-3.webp\" alt=\"Gredzenveida zobrats cementa mais\u012bt\u0101jam\" width=\"550\" height=\"550\" title=\"\" srcset=\"https:\/\/fmp-components.com\/wp-content\/uploads\/2025\/04\/Ring-Gear-For-Cement-Mixer-3.webp 550w, https:\/\/fmp-components.com\/wp-content\/uploads\/2025\/04\/Ring-Gear-For-Cement-Mixer-3-480x480.webp 480w\" sizes=\"(min-width: 0px) and (max-width: 480px) 480px, (min-width: 481px) 550px, 100vw\" \/><\/td>\n<td style=\"width: 36.1842%;\" align=\"right\" width=\"81\"><img loading=\"lazy\" decoding=\"async\" class=\"size-full wp-image-7762 aligncenter\" src=\"https:\/\/fmp-components.com\/wp-content\/uploads\/2025\/04\/Ring-Gear-For-Cement-Mixer-5.webp\" alt=\"Gredzenveida zobrats cementa mais\u012bt\u0101jam\" width=\"1024\" height=\"756\" title=\"\" srcset=\"https:\/\/fmp-components.com\/wp-content\/uploads\/2025\/04\/Ring-Gear-For-Cement-Mixer-5.webp 1024w, https:\/\/fmp-components.com\/wp-content\/uploads\/2025\/04\/Ring-Gear-For-Cement-Mixer-5-980x724.webp 980w, https:\/\/fmp-components.com\/wp-content\/uploads\/2025\/04\/Ring-Gear-For-Cement-Mixer-5-480x354.webp 480w\" sizes=\"(min-width: 0px) and (max-width: 480px) 480px, (min-width: 481px) and (max-width: 980px) 980px, (min-width: 981px) 1024px, 100vw\" \/><\/td>\n<\/tr>\n<\/tbody>\n<\/table>\n<\/div>","protected":false},"excerpt":{"rendered":"<p>High-Quality Ring Gears for Cement Mixers by FMP In the bustling construction hubs of Italy, such as Milan, Venice, Florence, and Bologna, the demand for reliable cement mixers is ever-present. A key component in these machines is the ring gear for cement mixers, a robust circular gear that drives the drum\u2019s rotation to blend concrete [&hellip;]<\/p>","protected":false},"featured_media":7759,"comment_status":"open","ping_status":"closed","template":"","meta":{"_et_pb_use_builder":"","_et_pb_old_content":"","_et_gb_content_width":""},"product_brand":[],"product_cat":[114],"product_tag":[],"class_list":{"0":"post-7751","1":"product","2":"type-product","3":"status-publish","4":"has-post-thumbnail","6":"product_cat-ring-gear","8":"first","9":"instock","10":"shipping-taxable","11":"product-type-simple"},"_links":{"self":[{"href":"https:\/\/fmp-components.com\/lv\/wp-json\/wp\/v2\/product\/7751","targetHints":{"allow":["GET"]}}],"collection":[{"href":"https:\/\/fmp-components.com\/lv\/wp-json\/wp\/v2\/product"}],"about":[{"href":"https:\/\/fmp-components.com\/lv\/wp-json\/wp\/v2\/types\/product"}],"replies":[{"embeddable":true,"href":"https:\/\/fmp-components.com\/lv\/wp-json\/wp\/v2\/comments?post=7751"}],"wp:featuredmedia":[{"embeddable":true,"href":"https:\/\/fmp-components.com\/lv\/wp-json\/wp\/v2\/media\/7759"}],"wp:attachment":[{"href":"https:\/\/fmp-components.com\/lv\/wp-json\/wp\/v2\/media?parent=7751"}],"wp:term":[{"taxonomy":"product_brand","embeddable":true,"href":"https:\/\/fmp-components.com\/lv\/wp-json\/wp\/v2\/product_brand?post=7751"},{"taxonomy":"product_cat","embeddable":true,"href":"https:\/\/fmp-components.com\/lv\/wp-json\/wp\/v2\/product_cat?post=7751"},{"taxonomy":"product_tag","embeddable":true,"href":"https:\/\/fmp-components.com\/lv\/wp-json\/wp\/v2\/product_tag?post=7751"}],"curies":[{"name":"wp","href":"https:\/\/api.w.org\/{rel}","templated":true}]}}