{"id":7749,"date":"2025-04-04T02:41:12","date_gmt":"2025-04-04T02:41:12","guid":{"rendered":"https:\/\/fmp-components.com\/?post_type=product&#038;p=7749"},"modified":"2025-04-04T05:33:18","modified_gmt":"2025-04-04T05:33:18","slug":"alloy-steel-internal-ring-gear","status":"publish","type":"product","link":"https:\/\/fmp-components.com\/lv\/product\/alloy-steel-internal-ring-gear\/","title":{"rendered":"Le\u0123\u0113t\u0101 t\u0113rauda iek\u0161\u0113jais gredzenu zobrats"},"content":{"rendered":"<div>\n<h2 dir=\"auto\">Le\u0123\u0113t\u0101 t\u0113rauda iek\u0161\u0113jie gredzenu zobrati: prec\u012bza in\u017eenierija It\u0101lijas r\u016bpniec\u012bbai<\/h2>\n<p class=\"break-words\" dir=\"auto\">Le\u0123\u0113t\u0101 t\u0113rauda iek\u0161\u0113jais <a href=\"https:\/\/fmp-components.com\/lv\/ring-gear\/\">gredzenveida zobrati<\/a> ir svar\u012bgas meh\u0101nisko sist\u0113mu sast\u0101vda\u013cas, kas paz\u012bstamas ar savu augsto iztur\u012bbu un nodilumiztur\u012bbu, padarot t\u0101s ide\u0101li piem\u0113rotas sare\u017e\u0123\u012btiem lietojumiem, piem\u0113ram, plan\u0113tu p\u0101rnesumu sist\u0113m\u0101m automobi\u013cu un r\u016bpnieciskaj\u0101s iek\u0101rt\u0101s. It\u0101lijas r\u016bpniec\u012bbas centros, piem\u0113ram, Mil\u0101n\u0101 un Bolo\u0146\u0101, \u0161ie p\u0101rnesumi darbina prec\u012bzijas iek\u0101rtas, savuk\u0101rt Ven\u0113cija uz tiem pa\u013caujas j\u016bras in\u017eenierij\u0101, un Florence tos integr\u0113 sav\u0101 bag\u0101t\u012bgaj\u0101 meistar\u012bbas un moderno tehnolo\u0123iju trad\u012bcij\u0101. Izgatavoti no le\u0123\u0113t\u0101 t\u0113rauda, \u200b\u200bbie\u017ei vien uzlaboti ar t\u0101diem elementiem k\u0101 hroms vai molibd\u0113ns, \u0161ie p\u0101rnesumi nodro\u0161ina iztur\u012bbu un veiktsp\u0113ju liel\u0101s slodz\u0113s, atbilstot It\u0101lijas daudzveid\u012bg\u0101s in\u017eenierijas vides vajadz\u012bb\u0101m.<\/p>\n<h3 dir=\"auto\">Specifik\u0101cija<\/h3>\n<p>(1). Visu veidu zobrati, zobrati, zobratu v\u0101rpstas, prec\u012bzijas zobrati un CNC zobrati.<br \/>\n(2). Specializ\u0113jas visu veidu kal\u0161anas automa\u0161\u012bnu deta\u013cu ra\u017eo\u0161an\u0101 ar ras\u0113jumiem<br \/>\n(3). Materi\u0101ls: ka\u013camais \u010duguns, bronza, oglek\u013ca t\u0113rauds, ner\u016bs\u0113jo\u0161ais t\u0113rauds, le\u0123\u0113tais t\u0113rauds un var\u0161<br \/>\n(4). Modu\u013ci: no M1 l\u012bdz M5<br \/>\n(5). Atbilst ISO, DIN un ASTM standartiem<br \/>\n(6). Pak\u0101pe: SUS201,SUS304,SUS316,A2-70,A2-80,A4-80,4,8 6,8 8,8 10,9 12,9<br \/>\n(7). Izm\u0113rs: Saska\u0146\u0101 ar z\u012bm\u0113jumu<br \/>\n(8). Sertifik\u0101cija: ISO\/TS16949:2009<\/p>\n<table style=\"width: 99.5203%; height: 640px;\" border=\"1\" width=\"813\" cellspacing=\"0\" cellpadding=\"0\">\n<tbody>\n<tr>\n<td rowspan=\"3\" width=\"179\">\n<p align=\"left\"><span data-spm-anchor-id=\"a2700.details-description.0.i4.7d85I1zII1zIju\">Materi\u0101ls<\/span><\/p>\n<\/td>\n<td width=\"190\">\n<p align=\"left\">\u00a0Oglek\u013ca t\u0113rauds<\/p>\n<\/td>\n<td width=\"439\">\n<p align=\"left\">\u00a0SAE1020, SAE1045, Cr12, 40Cr, Y15Pb, 1214Letc<\/p>\n<\/td>\n<\/tr>\n<tr>\n<td width=\"190\">\n<p align=\"left\">\u00a0Le\u0123\u0113tais t\u0113rauds<\/p>\n<\/td>\n<td width=\"439\">\n<p align=\"left\">\u00a020CrMnTi, 16MnCr5, 20CrMnMo, 41CrMo, 17CrNiMo5 utt.<\/p>\n<\/td>\n<\/tr>\n<tr>\n<td width=\"190\">\n<p align=\"left\">\u00a0Misi\u0146\u0161\/Bronza<\/p>\n<\/td>\n<td width=\"439\">\n<p align=\"left\">\u00a0HPb59-1, H70, CuZn39Pb2, CuZn40Pb2, C38000, CuZn40 utt.<\/p>\n<\/td>\n<\/tr>\n<tr>\n<td rowspan=\"2\" width=\"179\">\n<p align=\"left\">Tolerances kontrole<\/p>\n<\/td>\n<td width=\"190\">\n<p align=\"left\">\u0100r\u0113jais diametrs<\/p>\n<\/td>\n<td width=\"439\">\n<p align=\"left\">\u00a0Balstoties uz z\u012bm\u0113jumu<\/p>\n<\/td>\n<\/tr>\n<tr>\n<td width=\"190\">\n<p align=\"left\">Garuma dimensija<\/p>\n<\/td>\n<td width=\"439\">\n<p align=\"left\">\u00a0Balstoties uz z\u012bm\u0113jumu<\/p>\n<\/td>\n<\/tr>\n<tr>\n<td width=\"179\">\n<p align=\"left\">Apstr\u0101des process<\/p>\n<\/td>\n<td colspan=\"2\" width=\"630\">\n<p align=\"left\">Zobratu fr\u0113z\u0113\u0161ana, zobratu veido\u0161ana, zobratu caurvilk\u0161ana, zobratu sk\u016b\u0161ana, zobratu sl\u012bp\u0113\u0161ana un zobratu piesl\u012bp\u0113\u0161ana<\/p>\n<\/td>\n<\/tr>\n<tr>\n<td width=\"179\">\n<p align=\"left\">Zobu precizit\u0101te<\/p>\n<\/td>\n<td colspan=\"2\" width=\"630\">\n<p align=\"left\">DIN 4. klase, ISO\/GB 4. klase, AGMA 13. klase, JIS 0. klase<\/p>\n<\/td>\n<\/tr>\n<tr>\n<td width=\"179\">\n<p align=\"left\">Modu\u013ci<\/p>\n<\/td>\n<td colspan=\"2\" width=\"630\">\n<p align=\"left\">1,0, 1,25, 1,5, 1,75, 2,0, 2,25, 2,5\u2026.8,0 utt.<\/p>\n<\/td>\n<\/tr>\n<tr>\n<td width=\"179\">\n<p align=\"left\">Termisk\u0101 apstr\u0101de<\/p>\n<\/td>\n<td colspan=\"2\" width=\"630\">\n<p align=\"left\">R\u016bd\u012b\u0161ana un atlaidin\u0101\u0161ana, karbur\u0113\u0161ana un r\u016bd\u012b\u0161ana, augstfrekvences saciet\u0113\u0161ana, karbonitr\u012bd\u0113\u0161ana<\/p>\n<\/td>\n<\/tr>\n<tr>\n<td width=\"179\">\n<p align=\"left\">Virsmas apstr\u0101de<\/p>\n<\/td>\n<td colspan=\"2\" width=\"630\">\n<p align=\"left\">Melno\u0161ana, pul\u0113\u0161ana, anod\u0113\u0161ana, hrom\u0113\u0161ana, cinko\u0161ana, ni\u0137el\u0113\u0161ana<\/p>\n<\/td>\n<\/tr>\n<tr>\n<td width=\"179\">\n<p align=\"left\">Standarta<\/p>\n<\/td>\n<td colspan=\"2\" width=\"630\">\n<p align=\"left\">DIN, ISO\/GB, AGMA, JIS<\/p>\n<\/td>\n<\/tr>\n<\/tbody>\n<\/table>\n<div>\n<h3 class=\"\" dir=\"auto\">FMP: J\u016bsu uzticamais partneris piel\u0101gotu gredzenu zobratu ra\u017eo\u0161an\u0101 It\u0101lij\u0101<\/h3>\n<p class=\"break-words\" dir=\"auto\">M\u0113s pied\u0101v\u0101jam ar\u012b piel\u0101gotus risin\u0101jumus, lai atbilstu j\u016bsu \u012bpa\u0161aj\u0101m pras\u012bb\u0101m. Ja m\u016bsu produktu sarakst\u0101 neatrodat nepiecie\u0161amo modeli, iesp\u0113jams, m\u0113s to v\u0113l neesam aug\u0161upiel\u0101d\u0113ju\u0161i \u2014 dro\u0161i rakstiet mums e-pastu ar sav\u0101m specifik\u0101cij\u0101m. M\u016bsu prasm\u012bgie in\u017eenieri atbild\u0113s 24 stundu laik\u0101, nodro\u0161inot, ka j\u016bs sa\u0146emsiet perfektu apr\u012bkojumu savam projektam neatkar\u012bgi no t\u0101, vai atrodaties Mil\u0101nas ra\u017eo\u0161anas nozar\u0113 vai Bolo\u0146as autob\u016bves sird\u012b. FMP ir j\u016bsu uzticamais partneris prec\u012bzijas zobratu jom\u0101 It\u0101lij\u0101.<\/p>\n<table style=\"border-collapse: collapse; width: 97.75%; height: 53px;\" border=\"0\" width=\"270\" cellspacing=\"0\" cellpadding=\"0\">\n<tbody>\n<tr style=\"height: 14.40pt;\">\n<td style=\"height: 14.40pt; width: 54.00pt;\" align=\"right\" width=\"90\" height=\"24\"><img loading=\"lazy\" decoding=\"async\" class=\"size-full wp-image-7753 aligncenter\" src=\"https:\/\/fmp-components.com\/wp-content\/uploads\/2025\/04\/Alloy-Steel-Internal-Ring-Gear-1.webp\" alt=\"Le\u0123\u0113t\u0101 t\u0113rauda iek\u0161\u0113jais gredzenu zobrats\" width=\"650\" height=\"650\" title=\"\" srcset=\"https:\/\/fmp-components.com\/wp-content\/uploads\/2025\/04\/Alloy-Steel-Internal-Ring-Gear-1.webp 650w, https:\/\/fmp-components.com\/wp-content\/uploads\/2025\/04\/Alloy-Steel-Internal-Ring-Gear-1-480x480.webp 480w\" sizes=\"(min-width: 0px) and (max-width: 480px) 480px, (min-width: 481px) 650px, 100vw\" \/><\/td>\n<td style=\"width: 54.00pt;\" align=\"right\" width=\"90\"><img loading=\"lazy\" decoding=\"async\" class=\"size-full wp-image-7754 aligncenter\" src=\"https:\/\/fmp-components.com\/wp-content\/uploads\/2025\/04\/Alloy-Steel-Internal-Ring-Gear-2.webp\" alt=\"Le\u0123\u0113t\u0101 t\u0113rauda iek\u0161\u0113jais gredzenu zobrats\" width=\"650\" height=\"650\" title=\"\" srcset=\"https:\/\/fmp-components.com\/wp-content\/uploads\/2025\/04\/Alloy-Steel-Internal-Ring-Gear-2.webp 650w, https:\/\/fmp-components.com\/wp-content\/uploads\/2025\/04\/Alloy-Steel-Internal-Ring-Gear-2-480x480.webp 480w\" sizes=\"(min-width: 0px) and (max-width: 480px) 480px, (min-width: 481px) 650px, 100vw\" \/><\/td>\n<td style=\"width: 54.00pt;\" align=\"right\" width=\"90\"><img loading=\"lazy\" decoding=\"async\" class=\"size-full wp-image-7755 aligncenter\" src=\"https:\/\/fmp-components.com\/wp-content\/uploads\/2025\/04\/Alloy-Steel-Internal-Ring-Gear-3.webp\" alt=\"Le\u0123\u0113t\u0101 t\u0113rauda iek\u0161\u0113jais gredzenu zobrats\" width=\"650\" height=\"650\" title=\"\" srcset=\"https:\/\/fmp-components.com\/wp-content\/uploads\/2025\/04\/Alloy-Steel-Internal-Ring-Gear-3.webp 650w, https:\/\/fmp-components.com\/wp-content\/uploads\/2025\/04\/Alloy-Steel-Internal-Ring-Gear-3-480x480.webp 480w\" sizes=\"(min-width: 0px) and (max-width: 480px) 480px, (min-width: 481px) 650px, 100vw\" \/><\/td>\n<\/tr>\n<\/tbody>\n<\/table>\n<\/div>\n<\/div>","protected":false},"excerpt":{"rendered":"<p>Alloy Steel Internal Ring Gears: Precision Engineering for Italy\u2019s Industries Alloy steel internal ring gears are vital components in mechanical systems, known for their high strength and wear resistance, making them ideal for demanding applications like planetary gear systems in automotive and industrial machinery. In Italy\u2019s industrial hubs such as Milan and Bologna, these gears [&hellip;]<\/p>","protected":false},"featured_media":7750,"comment_status":"open","ping_status":"closed","template":"","meta":{"_et_pb_use_builder":"","_et_pb_old_content":"","_et_gb_content_width":""},"product_brand":[],"product_cat":[114],"product_tag":[],"class_list":{"0":"post-7749","1":"product","2":"type-product","3":"status-publish","4":"has-post-thumbnail","6":"product_cat-ring-gear","8":"first","9":"instock","10":"shipping-taxable","11":"product-type-simple"},"_links":{"self":[{"href":"https:\/\/fmp-components.com\/lv\/wp-json\/wp\/v2\/product\/7749","targetHints":{"allow":["GET"]}}],"collection":[{"href":"https:\/\/fmp-components.com\/lv\/wp-json\/wp\/v2\/product"}],"about":[{"href":"https:\/\/fmp-components.com\/lv\/wp-json\/wp\/v2\/types\/product"}],"replies":[{"embeddable":true,"href":"https:\/\/fmp-components.com\/lv\/wp-json\/wp\/v2\/comments?post=7749"}],"wp:featuredmedia":[{"embeddable":true,"href":"https:\/\/fmp-components.com\/lv\/wp-json\/wp\/v2\/media\/7750"}],"wp:attachment":[{"href":"https:\/\/fmp-components.com\/lv\/wp-json\/wp\/v2\/media?parent=7749"}],"wp:term":[{"taxonomy":"product_brand","embeddable":true,"href":"https:\/\/fmp-components.com\/lv\/wp-json\/wp\/v2\/product_brand?post=7749"},{"taxonomy":"product_cat","embeddable":true,"href":"https:\/\/fmp-components.com\/lv\/wp-json\/wp\/v2\/product_cat?post=7749"},{"taxonomy":"product_tag","embeddable":true,"href":"https:\/\/fmp-components.com\/lv\/wp-json\/wp\/v2\/product_tag?post=7749"}],"curies":[{"name":"wp","href":"https:\/\/api.w.org\/{rel}","templated":true}]}}