{"id":7748,"date":"2025-04-04T02:01:13","date_gmt":"2025-04-04T02:01:13","guid":{"rendered":"https:\/\/fmp-components.com\/?post_type=product&#038;p=7748"},"modified":"2025-04-04T05:32:58","modified_gmt":"2025-04-04T05:32:58","slug":"helical-angle-7-internal-helical-ring-gear-2","status":"publish","type":"product","link":"https:\/\/fmp-components.com\/lv\/product\/helical-angle-7-internal-helical-ring-gear-2\/","title":{"rendered":"Spir\u0101lveida le\u0146\u0137is 7 Iek\u0161\u0113jais spir\u0101lveida gredzenveida zobrats"},"content":{"rendered":"<div class=\"J_module\">\n<div class=\"detail-decorate-json-renderer-container\">\n<div class=\"magic-1\">\n<div class=\"magic-2\">\n<div class=\"magic-3\">\n<div class=\"magic-4\">\n<div>\n<h2 dir=\"auto\">Kas ir spir\u0101lveida le\u0146\u0137a 7 iek\u0161\u0113jais spir\u0101lveida gredzena zobrats?<\/h2>\n<p class=\"break-words\" dir=\"auto\">Iek\u0161\u0113j\u0101 spir\u0101lveida <a href=\"https:\/\/fmp-components.com\/lv\/ring-gear\/\">gredzenveida zobrats<\/a> Ar spir\u0101les le\u0146\u0137i 7 gr\u0101di zobi ir sagriezti zem\u0101 le\u0146\u0137\u012b gredzena iek\u0161pus\u0113, kas paredz\u0113ti minim\u0101lai aksi\u0101lai vilcei un vienm\u0113r\u012bgai darb\u012bbai. \u0160o tipu bie\u017ei izmanto plan\u0113tu p\u0101rnesumu sist\u0113m\u0101s, piem\u0113ram, automobi\u013cu transmisij\u0101s, kur ir b\u016btiska klusa darb\u012bba un augsta kravnes\u012bba. 7 gr\u0101du le\u0146\u0137is, kas ir zem\u0101ks nek\u0101 tipiskais diapazons (parasti 12\u00b0\u201320\u00b0 viena spir\u0101lveida zobrata gad\u012bjum\u0101), var\u0113tu b\u016bt piem\u0113rots \u012bpa\u0161iem lietojumiem ar mazu vilci, lai gan prec\u012bza inform\u0101cija par \u0161o le\u0146\u0137i standarta resursos ir ret\u0101k sastopama.<\/p>\n<\/div>\n<h3 class=\"magic-5\" data-spm-anchor-id=\"a2700.details.0.i31.212e5440VhHX7p\">Zobratu\/spraugas iesp\u0113jas<\/h3>\n<\/div>\n<\/div>\n<\/div>\n<\/div>\n<\/div>\n<\/div>\n<div class=\"J_module\">\n<div class=\"ife-detail-decorate-table\">\n<table class=\"all magic-7\" style=\"width: 101.538%; height: 278px;\" border=\"1\">\n<tbody>\n<tr style=\"height: 23px;\">\n<td style=\"height: 23px; width: 215.138%;\" colspan=\"4\" rowspan=\"1\">\n<div class=\"magic-8\">\n<div class=\"magic-5\" data-spm-anchor-id=\"a2700.siteadmin.0.i174.58853333j5JHlI\"><strong>Iek\u0161\u0113jie zobrati un iek\u0161\u0113j\u0101s rievas<\/strong><\/div>\n<\/div>\n<\/td>\n<\/tr>\n<tr style=\"height: 47px;\">\n<td style=\"height: 47px; width: 37.3853%;\" colspan=\"1\" rowspan=\"1\">\n<div class=\"magic-13\"><\/div>\n<\/td>\n<td style=\"height: 47px; width: 18.578%;\" colspan=\"1\" rowspan=\"1\">\n<div class=\"magic-10\">\n<div class=\"magic-5\"><span class=\"magic-14\">Zobu fr\u0113z\u0113\u0161ana<\/span><\/div>\n<\/div>\n<\/td>\n<td style=\"height: 47px; width: 21.1009%;\" colspan=\"1\" rowspan=\"1\">\n<div class=\"magic-11\">\n<div class=\"magic-5\"><span class=\"magic-14\">Zobu veido\u0161ana<\/span><\/div>\n<\/div>\n<\/td>\n<td style=\"height: 47px; width: 138.073%;\" colspan=\"1\" rowspan=\"1\">\n<div class=\"magic-15\">\n<div class=\"magic-5\"><span class=\"magic-14\">Zobu grie\u0161ana<\/span><\/div>\n<\/div>\n<\/td>\n<\/tr>\n<tr style=\"height: 23px;\">\n<td style=\"height: 23px; width: 37.3853%;\" colspan=\"1\" rowspan=\"1\">\n<div class=\"magic-13\"><span class=\"magic-14\">Maksim\u0101lais OD<\/span><\/div>\n<\/td>\n<td style=\"height: 23px; width: 18.578%;\" colspan=\"1\" rowspan=\"1\">\n<div class=\"magic-10\"><span class=\"magic-14\">2500 mm<\/span><\/div>\n<\/td>\n<td style=\"height: 23px; width: 21.1009%;\" colspan=\"1\" rowspan=\"1\">\n<div class=\"magic-11\"><span class=\"magic-14\">2500 mm<\/span><\/div>\n<\/td>\n<td style=\"height: 23px; width: 138.073%;\" colspan=\"1\" rowspan=\"1\">\n<div class=\"magic-15\"><span class=\"magic-14\">2500 mm<\/span><\/div>\n<\/td>\n<\/tr>\n<tr style=\"height: 23px;\">\n<td style=\"height: 23px; width: 37.3853%;\" colspan=\"1\" rowspan=\"1\">\n<div class=\"magic-13\"><span class=\"magic-14\">Minim\u0101l\u0101 identifik\u0101cijas inform\u0101cija<\/span><\/div>\n<\/td>\n<td style=\"height: 23px; width: 18.578%;\" colspan=\"1\" rowspan=\"1\">\n<div class=\"magic-10\"><span class=\"magic-14\">650 mm<\/span><\/div>\n<\/td>\n<td style=\"height: 23px; width: 21.1009%;\" colspan=\"1\" rowspan=\"1\">\n<div class=\"magic-11\"><span class=\"magic-14\">50 mm<\/span><\/div>\n<\/td>\n<td style=\"height: 23px; width: 138.073%;\" colspan=\"1\" rowspan=\"1\">\n<div class=\"magic-15\"><span class=\"magic-14\">100 mm<\/span><\/div>\n<\/td>\n<\/tr>\n<tr style=\"height: 23px;\">\n<td style=\"height: 23px; width: 37.3853%;\" colspan=\"1\" rowspan=\"1\">\n<div class=\"magic-13\"><span class=\"magic-14\">Maksim\u0101lais sejas platums<\/span><\/div>\n<\/td>\n<td style=\"height: 23px; width: 18.578%;\" colspan=\"1\" rowspan=\"1\">\n<div class=\"magic-10\"><span class=\"magic-14\">500 mm<\/span><\/div>\n<\/td>\n<td style=\"height: 23px; width: 21.1009%;\" colspan=\"1\" rowspan=\"1\">\n<div class=\"magic-11\"><span class=\"magic-14\">500 mm<\/span><\/div>\n<\/td>\n<td style=\"height: 23px; width: 138.073%;\" colspan=\"1\" rowspan=\"1\">\n<div class=\"magic-15\"><span class=\"magic-14\">500 mm<\/span><\/div>\n<\/td>\n<\/tr>\n<tr style=\"height: 23px;\">\n<td style=\"height: 23px; width: 37.3853%;\" colspan=\"1\" rowspan=\"1\">\n<div class=\"magic-13\"><span class=\"magic-14\">Maksim\u0101lais diametr\u0101lais solis<\/span><\/div>\n<\/td>\n<td style=\"height: 23px; width: 18.578%;\" colspan=\"1\" rowspan=\"1\">\n<div class=\"magic-10\"><span class=\"magic-14\">DP1<\/span><\/div>\n<\/td>\n<td style=\"height: 23px; width: 21.1009%;\" colspan=\"1\" rowspan=\"1\">\n<div class=\"magic-11\"><span class=\"magic-14\">DP1<\/span><\/div>\n<\/td>\n<td style=\"height: 23px; width: 138.073%;\" colspan=\"1\" rowspan=\"1\">\n<div class=\"magic-15\"><span class=\"magic-14\">DP0.5<\/span><\/div>\n<\/td>\n<\/tr>\n<tr style=\"height: 23px;\">\n<td style=\"height: 23px; width: 37.3853%;\" colspan=\"1\" rowspan=\"1\">\n<div class=\"magic-13\"><span class=\"magic-14\">Maksim\u0101lais modulis<\/span><\/div>\n<\/td>\n<td style=\"height: 23px; width: 18.578%;\" colspan=\"1\" rowspan=\"1\">\n<div class=\"magic-10\"><span class=\"magic-14\">26 mm<\/span><\/div>\n<\/td>\n<td style=\"height: 23px; width: 21.1009%;\" colspan=\"1\" rowspan=\"1\">\n<div class=\"magic-11\"><span class=\"magic-14\">26 mm<\/span><\/div>\n<\/td>\n<td style=\"height: 23px; width: 138.073%;\" colspan=\"1\" rowspan=\"1\">\n<div class=\"magic-15\"><span class=\"magic-14\">45 mm<\/span><\/div>\n<\/td>\n<\/tr>\n<tr style=\"height: 47px;\">\n<td style=\"height: 47px; width: 37.3853%;\" colspan=\"1\" rowspan=\"1\">\n<div class=\"magic-13\"><span class=\"magic-14\">AGMA klase \/ DIN klase<\/span><\/div>\n<\/td>\n<td style=\"height: 47px; width: 18.578%;\" colspan=\"1\" rowspan=\"1\">\n<div class=\"magic-10\"><span class=\"magic-14\">DIN 8. klase<\/span><\/div>\n<\/td>\n<td style=\"height: 47px; width: 21.1009%;\" colspan=\"1\" rowspan=\"1\">\n<div class=\"magic-11\"><span class=\"magic-14\">DIN 8. klase<\/span><\/div>\n<\/td>\n<td style=\"height: 47px; width: 138.073%;\" colspan=\"1\" rowspan=\"1\">\n<div class=\"magic-15\"><span class=\"magic-14\">DIN 4. klase<\/span><\/div>\n<\/td>\n<\/tr>\n<tr style=\"height: 23px;\">\n<td style=\"height: 23px; width: 37.3853%;\" colspan=\"1\" rowspan=\"1\">\n<div class=\"magic-13\"><span class=\"magic-14\">Zobu apdare<\/span><\/div>\n<\/td>\n<td style=\"height: 23px; width: 18.578%;\" colspan=\"1\" rowspan=\"1\">\n<div class=\"magic-10\"><span class=\"magic-14\">Ra 3.2<\/span><\/div>\n<\/td>\n<td style=\"height: 23px; width: 21.1009%;\" colspan=\"1\" rowspan=\"1\">\n<div class=\"magic-11\"><span class=\"magic-14\">Ra 3.2<\/span><\/div>\n<\/td>\n<td style=\"height: 23px; width: 138.073%;\" colspan=\"1\" rowspan=\"1\">\n<div class=\"magic-15\"><span class=\"magic-14\">Ra 0,6<\/span><\/div>\n<\/td>\n<\/tr>\n<tr style=\"height: 23px;\">\n<td style=\"height: 23px; width: 37.3853%;\" colspan=\"1\" rowspan=\"1\">\n<div class=\"magic-13\"><span class=\"magic-14\">Maksim\u0101lais spir\u0101les le\u0146\u0137is<\/span><\/div>\n<\/td>\n<td style=\"height: 23px; width: 18.578%;\" colspan=\"1\" rowspan=\"1\">\n<div class=\"magic-10\"><span class=\"magic-14\">\u00b122,5\u00b0<\/span><\/div>\n<\/td>\n<td style=\"height: 23px; width: 21.1009%;\" colspan=\"1\" rowspan=\"1\">\n<div class=\"magic-11\"><span class=\"magic-14\">\u00b122,5\u00b0<\/span><\/div>\n<\/td>\n<td style=\"height: 23px; width: 138.073%;\" colspan=\"1\" rowspan=\"1\">\n<div class=\"magic-15\"><span class=\"magic-14\">\u00b145\u00b0<\/span><\/div>\n<\/td>\n<\/tr>\n<\/tbody>\n<\/table>\n<\/div>\n<\/div>\n<div class=\"J_module\">\n<div class=\"ife-detail-decorate-table\">\n<table class=\"all magic-7\" style=\"width: 101.751%; height: 259px;\" border=\"1\">\n<tbody>\n<tr>\n<td style=\"width: 231.63%;\" colspan=\"4\" rowspan=\"1\">\n<div class=\"magic-16\">\n<div class=\"magic-5\" data-spm-anchor-id=\"a2700.siteadmin.0.i170.58853333j5JHlI\"><strong>\u0100r\u0113jie zobrati un \u0101r\u0113j\u0101s rievas<\/strong><\/div>\n<\/div>\n<\/td>\n<\/tr>\n<tr>\n<td style=\"width: 39.9027%;\" colspan=\"1\" rowspan=\"1\">\n<div class=\"magic-19\"><span class=\"magic-14\">Maksim\u0101lais OD<\/span><\/div>\n<\/td>\n<td style=\"width: 19.2214%;\" colspan=\"1\" rowspan=\"1\">\n<div class=\"magic-17\"><span class=\"magic-14\">1250 mm<\/span><\/div>\n<\/td>\n<td style=\"width: 19.2214%;\" colspan=\"1\" rowspan=\"1\">\n<div class=\"magic-11\"><span class=\"magic-14\">2500 mm<\/span><\/div>\n<\/td>\n<td style=\"width: 153.285%;\" colspan=\"1\" rowspan=\"1\">\n<div class=\"magic-11\"><span class=\"magic-14\">2500 mm<\/span><\/div>\n<\/td>\n<\/tr>\n<tr>\n<td style=\"width: 39.9027%;\" colspan=\"1\" rowspan=\"1\">\n<div class=\"magic-19\"><span class=\"magic-14\">Minim\u0101l\u0101 identifik\u0101cijas inform\u0101cija<\/span><\/div>\n<\/td>\n<td style=\"width: 19.2214%;\" colspan=\"1\" rowspan=\"1\">\n<div class=\"magic-17\"><span class=\"magic-14\">20 mm<\/span><\/div>\n<\/td>\n<td style=\"width: 19.2214%;\" colspan=\"1\" rowspan=\"1\">\n<div class=\"magic-11\"><span class=\"magic-14\">200 mm<\/span><\/div>\n<\/td>\n<td style=\"width: 153.285%;\" colspan=\"1\" rowspan=\"1\">\n<div class=\"magic-11\"><span class=\"magic-14\">20 mm<\/span><\/div>\n<\/td>\n<\/tr>\n<tr>\n<td style=\"width: 39.9027%;\" colspan=\"1\" rowspan=\"1\">\n<div class=\"magic-19\"><span class=\"magic-14\">Maksim\u0101lais sejas platums<\/span><\/div>\n<\/td>\n<td style=\"width: 19.2214%;\" colspan=\"1\" rowspan=\"1\">\n<div class=\"magic-17\"><span class=\"magic-14\">500 mm<\/span><\/div>\n<\/td>\n<td style=\"width: 19.2214%;\" colspan=\"1\" rowspan=\"1\">\n<div class=\"magic-11\"><span class=\"magic-14\">500 mm<\/span><\/div>\n<\/td>\n<td style=\"width: 153.285%;\" colspan=\"1\" rowspan=\"1\">\n<div class=\"magic-11\"><span class=\"magic-14\">1480 mm<\/span><\/div>\n<\/td>\n<\/tr>\n<tr>\n<td style=\"width: 39.9027%;\" colspan=\"1\" rowspan=\"1\">\n<div class=\"magic-19\"><span class=\"magic-14\">Maksim\u0101lais diametr\u0101lais solis<\/span><\/div>\n<\/td>\n<td style=\"width: 19.2214%;\" colspan=\"1\" rowspan=\"1\">\n<div class=\"magic-17\"><span class=\"magic-14\">DP 1<\/span><\/div>\n<\/td>\n<td style=\"width: 19.2214%;\" colspan=\"1\" rowspan=\"1\">\n<div class=\"magic-11\"><span class=\"magic-14\">DP 1<\/span><\/div>\n<\/td>\n<td style=\"width: 153.285%;\" colspan=\"1\" rowspan=\"1\">\n<div class=\"magic-11\"><span class=\"magic-14\">DP 0,5<\/span><\/div>\n<\/td>\n<\/tr>\n<tr>\n<td style=\"width: 39.9027%;\" colspan=\"1\" rowspan=\"1\">\n<div class=\"magic-19\"><span class=\"magic-14\">Maksim\u0101lais modulis<\/span><\/div>\n<\/td>\n<td style=\"width: 19.2214%;\" colspan=\"1\" rowspan=\"1\">\n<div class=\"magic-17\"><span class=\"magic-14\">26 mm<\/span><\/div>\n<\/td>\n<td style=\"width: 19.2214%;\" colspan=\"1\" rowspan=\"1\">\n<div class=\"magic-11\"><span class=\"magic-14\">26 mm<\/span><\/div>\n<\/td>\n<td style=\"width: 153.285%;\" colspan=\"1\" rowspan=\"1\">\n<div class=\"magic-11\"><span class=\"magic-14\">45 mm<\/span><\/div>\n<\/td>\n<\/tr>\n<tr>\n<td style=\"width: 39.9027%;\" colspan=\"1\" rowspan=\"1\">\n<div class=\"magic-19\"><span class=\"magic-14\">AGMA klase \/ DIN klase<\/span><\/div>\n<\/td>\n<td style=\"width: 19.2214%;\" colspan=\"1\" rowspan=\"1\">\n<div class=\"magic-17\"><span class=\"magic-14\">DIN 8. klase<\/span><\/div>\n<\/td>\n<td style=\"width: 19.2214%;\" colspan=\"1\" rowspan=\"1\">\n<div class=\"magic-11\"><span class=\"magic-14\">DIN 8. klase<\/span><\/div>\n<\/td>\n<td style=\"width: 153.285%;\" colspan=\"1\" rowspan=\"1\">\n<div class=\"magic-11\"><span class=\"magic-14\">DIN 4. klase<\/span><\/div>\n<\/td>\n<\/tr>\n<tr>\n<td style=\"width: 39.9027%;\" colspan=\"1\" rowspan=\"1\">\n<div class=\"magic-19\"><span class=\"magic-14\">Zobu apdare<\/span><\/div>\n<\/td>\n<td style=\"width: 19.2214%;\" colspan=\"1\" rowspan=\"1\">\n<div class=\"magic-17\"><span class=\"magic-14\">Ra 3.2<\/span><\/div>\n<\/td>\n<td style=\"width: 19.2214%;\" colspan=\"1\" rowspan=\"1\">\n<div class=\"magic-11\"><span class=\"magic-14\">Ra 3.2<\/span><\/div>\n<\/td>\n<td style=\"width: 153.285%;\" colspan=\"1\" rowspan=\"1\">\n<div class=\"magic-11\"><span class=\"magic-14\">Ra 0,6<\/span><\/div>\n<\/td>\n<\/tr>\n<tr>\n<td style=\"width: 39.9027%;\" colspan=\"1\" rowspan=\"1\">\n<div class=\"magic-19\"><span class=\"magic-14\">Maksim\u0101lais spir\u0101les le\u0146\u0137is<\/span><\/div>\n<\/td>\n<td style=\"width: 19.2214%;\" colspan=\"1\" rowspan=\"1\">\n<div class=\"magic-17\"><span class=\"magic-14\">\u00b145\u00b0<\/span><\/div>\n<\/td>\n<td style=\"width: 19.2214%;\" colspan=\"1\" rowspan=\"1\">\n<div class=\"magic-11\"><span class=\"magic-14\">\u00b145\u00b0<\/span><\/div>\n<\/td>\n<td style=\"width: 153.285%;\" colspan=\"1\" rowspan=\"1\">\n<div class=\"magic-11\"><span class=\"magic-14\">\u00b145\u00b0<\/span><\/div>\n<\/td>\n<\/tr>\n<\/tbody>\n<\/table>\n<div>\n<h2 dir=\"auto\">FMP pied\u0101v\u0101jumi un viet\u0113j\u0101 atbilst\u012bba<\/h2>\n<p class=\"break-words\" dir=\"auto\">FMP specializ\u0113jas pla\u0161a gredzenu zobratu kl\u0101sta ra\u017eo\u0161an\u0101, tostarp piel\u0101gotu iek\u0161\u0113jo spir\u0101lveida konstrukciju ra\u017eo\u0161an\u0101, apkalpojot nozares Mil\u0101n\u0101, Ven\u0113cij\u0101, Florenc\u0113 un Bolo\u0146\u0101. Ja t\u0101ds modelis k\u0101 spir\u0101lveida le\u0146\u0137a 7 iek\u0161\u0113jais spir\u0101lveida gredzenu zobrats nav sarakst\u0101, klienti var nos\u016bt\u012bt savas specifik\u0101cijas pa e-pastu, un FMP in\u017eenieri atbild\u0113s 24 stundu laik\u0101. \u0160is pakalpojums ir piel\u0101gots It\u0101lijas dinamiskajai in\u017eenierijas videi, atbalstot t\u0101das nozares k\u0101 autob\u016bve Bolo\u0146\u0101 un prec\u012bz\u0101 ra\u017eo\u0161ana Florenc\u0113.<\/p>\n<\/div>\n<\/div>\n<\/div>","protected":false},"excerpt":{"rendered":"<p>What is a Helical Angle 7 Internal Helical Ring Gear? An internal helical ring gear with a helix angle of 7 degrees has teeth cut at a low angle on the inside of a ring, designed for minimal axial thrust and smooth operation. This type is often used in planetary gear systems, such as those [&hellip;]<\/p>","protected":false},"featured_media":4589,"comment_status":"open","ping_status":"closed","template":"","meta":{"_et_pb_use_builder":"","_et_pb_old_content":"","_et_gb_content_width":""},"product_brand":[],"product_cat":[114],"product_tag":[],"class_list":{"0":"post-7748","1":"product","2":"type-product","3":"status-publish","4":"has-post-thumbnail","6":"product_cat-ring-gear","8":"first","9":"instock","10":"shipping-taxable","11":"product-type-simple"},"_links":{"self":[{"href":"https:\/\/fmp-components.com\/lv\/wp-json\/wp\/v2\/product\/7748","targetHints":{"allow":["GET"]}}],"collection":[{"href":"https:\/\/fmp-components.com\/lv\/wp-json\/wp\/v2\/product"}],"about":[{"href":"https:\/\/fmp-components.com\/lv\/wp-json\/wp\/v2\/types\/product"}],"replies":[{"embeddable":true,"href":"https:\/\/fmp-components.com\/lv\/wp-json\/wp\/v2\/comments?post=7748"}],"wp:featuredmedia":[{"embeddable":true,"href":"https:\/\/fmp-components.com\/lv\/wp-json\/wp\/v2\/media\/4589"}],"wp:attachment":[{"href":"https:\/\/fmp-components.com\/lv\/wp-json\/wp\/v2\/media?parent=7748"}],"wp:term":[{"taxonomy":"product_brand","embeddable":true,"href":"https:\/\/fmp-components.com\/lv\/wp-json\/wp\/v2\/product_brand?post=7748"},{"taxonomy":"product_cat","embeddable":true,"href":"https:\/\/fmp-components.com\/lv\/wp-json\/wp\/v2\/product_cat?post=7748"},{"taxonomy":"product_tag","embeddable":true,"href":"https:\/\/fmp-components.com\/lv\/wp-json\/wp\/v2\/product_tag?post=7748"}],"curies":[{"name":"wp","href":"https:\/\/api.w.org\/{rel}","templated":true}]}}