{"id":774,"date":"2024-12-18T06:44:58","date_gmt":"2024-12-18T06:44:58","guid":{"rendered":"https:\/\/fmp-components.com\/?page_id=8"},"modified":"2024-12-18T06:54:43","modified_gmt":"2024-12-18T06:54:43","slug":"hydraulic-cylinder-for-reach-stacker","status":"publish","type":"product","link":"https:\/\/fmp-components.com\/lv\/product\/hydraulic-cylinder-for-reach-stacker\/","title":{"rendered":"Hidrauliskais cilindrs kr\u0101v\u0113jam"},"content":{"rendered":"<p style=\"text-align: center;\"><span style=\"font-size: 18pt;\">Hidrauliskais cilindrs kr\u0101v\u0113jam<\/span><\/p>\n<p>Konteineru kr\u0101v\u0113ju hidrauliskais cilindrs ir b\u016btiska hidrauliska sast\u0101vda\u013ca, kas paredz\u0113ta, lai uzlabotu lo\u0123istik\u0101 un konteineru apstr\u0101des oper\u0101cij\u0101s izmantoto konteineru kr\u0101v\u0113ju cel\u0161anas un izstiep\u0161anas iesp\u0113jas. \u0160im cilindram ir iz\u0161\u0137iro\u0161a noz\u012bme, lai nodro\u0161in\u0101tu kr\u0101v\u0113ja str\u0113les vienm\u0113r\u012bgu un prec\u012bzu kust\u012bbu, \u013caujot efekt\u012bvi iekraut, izkraut un sakraujot konteinerus un smagas kravas.<\/p>\n<p><img loading=\"lazy\" decoding=\"async\" class=\"alignnone size-full wp-image-788\" src=\"https:\/\/fmp-components.com\/wp-content\/uploads\/2024\/12\/Reach-Stacker-Luffing-Cylinders-2.webp\" alt=\"Konteineru kr\u0101v\u0113ju pacel\u0161anas cilindri-2\" width=\"870\" height=\"535\" title=\"\" srcset=\"https:\/\/fmp-components.com\/wp-content\/uploads\/2024\/12\/Reach-Stacker-Luffing-Cylinders-2.webp 870w, https:\/\/fmp-components.com\/wp-content\/uploads\/2024\/12\/Reach-Stacker-Luffing-Cylinders-2-480x295.webp 480w\" sizes=\"(min-width: 0px) and (max-width: 480px) 480px, (min-width: 481px) 870px, 100vw\" \/><\/p>\n<h4>Galven\u0101s iez\u012bmes:<\/h4>\n<ul>\n<li><strong>Augsta kravnes\u012bba:<\/strong> \u0160is hidrauliskais cilindrs, kas izstr\u0101d\u0101ts iev\u0113rojama svara apstr\u0101dei, nodro\u0161ina uzticamu veiktsp\u0113ju smagu cel\u0161anas oper\u0101ciju laik\u0101, kas ir \u013coti svar\u012bgi efekt\u012bvai kravu p\u0101rvald\u012bbai.<\/li>\n<li><strong>Iztur\u012bga konstrukcija:<\/strong> Izgatavots no augstas iztur\u012bbas materi\u0101liem, tas ir paredz\u0113ts, lai iztur\u0113tu stingr\u0101s pras\u012bbas intens\u012bvai darb\u012bbai ku\u0123niec\u012bbas un lo\u0123istikas vid\u0113, nodro\u0161inot ilgsto\u0161u iztur\u012bbu un uzticam\u012bbu.<\/li>\n<li><strong>Vienm\u0113r\u012bga darb\u012bba:<\/strong> Uzlabot\u0101 hidraulisk\u0101 konstrukcija nodro\u0161ina pl\u016bsto\u0161as \u200b\u200bun kontrol\u0113tas kust\u012bbas, \u013caujot \u0101tri veikt korekcijas iekrau\u0161anas un izkrau\u0161anas procesos, vienlaikus samazinot apr\u012bkojuma nodilumu.<\/li>\n<li><strong>Pastiprin\u0101ta dro\u0161\u012bba:<\/strong> Apr\u012bkots ar dro\u0161\u012bbas funkcij\u0101m, kas nov\u0113r\u0161 p\u0101rslodzi un nodro\u0161ina dro\u0161u darb\u012bbu, aizsarg\u0101jot gan operatorus, gan kravu apstr\u0101des uzdevumu laik\u0101.<\/li>\n<li><strong>Daudzpus\u012bgs pielietojums:<\/strong> \u0160is hidrauliskais cilindrs, kas ir piem\u0113rots da\u017e\u0101d\u0101m konteineru kraut\u0146ot\u0101ju konfigur\u0101cij\u0101m, var piel\u0101goties da\u017e\u0101d\u0101m ekspluat\u0101cijas vajadz\u012bb\u0101m, padarot to par ide\u0101lu izv\u0113li da\u017e\u0101diem konteineru apstr\u0101des uzdevumiem.<\/li>\n<li><strong>Zemas apkopes pras\u012bbas:<\/strong> Tas ir izstr\u0101d\u0101ts minim\u0101lam nodilumam, samazinot nepiecie\u0161am\u012bbu p\u0113c bie\u017eas apkopes, t\u0101d\u0113j\u0101di palielinot produktivit\u0101ti un samazinot ekspluat\u0101cijas izmaksas.<\/li>\n<\/ul>\n<p>Rezum\u0113jot, hidrauliskais cilindrs konteineru kr\u0101v\u0113jiem ir b\u016btiska sast\u0101vda\u013ca, kas optimiz\u0113 konteineru kr\u0101v\u0113ju veiktsp\u0113ju un efektivit\u0101ti, iev\u0113rojami uzlabojot to efektivit\u0101ti konteineru apstr\u0101d\u0113 un lo\u0123istikas oper\u0101cij\u0101s.<\/p>\n<h2>Teleskopiskais cilindrs kr\u0101v\u0113jam<\/h2>\n<p><img loading=\"lazy\" decoding=\"async\" class=\"size-full wp-image-786 aligncenter\" src=\"https:\/\/fmp-components.com\/wp-content\/uploads\/2024\/12\/Reach-Stacker-Telescopic-Cylinder.webp\" alt=\"Teleskopiskais cilindrs kr\u0101v\u0113jam\" width=\"500\" height=\"200\" title=\"\" srcset=\"https:\/\/fmp-components.com\/wp-content\/uploads\/2024\/12\/Reach-Stacker-Telescopic-Cylinder.webp 500w, https:\/\/fmp-components.com\/wp-content\/uploads\/2024\/12\/Reach-Stacker-Telescopic-Cylinder-480x192.webp 480w\" sizes=\"(min-width: 0px) and (max-width: 480px) 480px, (min-width: 481px) 500px, 100vw\" \/><\/p>\n<table style=\"width: 83.0024%; height: 162px;\" border=\"1\" cellspacing=\"0\" cellpadding=\"0\">\n<tbody>\n<tr>\n<td>Produkta nosaukums<\/td>\n<td>Teleskopiskais cilindrs kr\u0101v\u0113jam<\/td>\n<\/tr>\n<tr>\n<td>Funkcijas:<\/td>\n<td>Realiz\u0113t str\u0113les line\u0101ro teleskopisko kust\u012bbu<\/td>\n<\/tr>\n<tr>\n<td>Urbuma diametrs:<\/td>\n<td>200 mm\uff5e220 mm<\/td>\n<\/tr>\n<tr>\n<td>Stie\u0146a diametrs:<\/td>\n<td>150 mm\uff5e180 mm<br \/>\nG\u0101jiens \u22648000 mm<\/td>\n<\/tr>\n<tr>\n<td>Spiediens:<\/td>\n<td>Maksim\u0101li 30 MPa<\/td>\n<\/tr>\n<tr>\n<td>Lietojumi:<\/td>\n<td>Konteineru kr\u0101v\u0113js<\/td>\n<\/tr>\n<\/tbody>\n<\/table>\n<p><img loading=\"lazy\" decoding=\"async\" class=\"alignnone wp-image-790\" src=\"https:\/\/fmp-components.com\/wp-content\/uploads\/2024\/12\/Stacker-Telescopic-Cylinder.webp\" alt=\"Krau\u0161anas teleskopiskais cilindrs\" width=\"761\" height=\"457\" title=\"\"><\/p>\n<p><img loading=\"lazy\" decoding=\"async\" class=\"alignnone wp-image-789\" src=\"https:\/\/fmp-components.com\/wp-content\/uploads\/2024\/12\/Stacker-Telescopic-Cylinder-1.webp\" alt=\"Krau\u0161anas teleskopiskais cilindrs\" width=\"764\" height=\"383\" title=\"\"><\/p>\n<h2>Konteineru kr\u0101v\u0113ja pacel\u0161anas cilindrs<\/h2>\n<p><img loading=\"lazy\" decoding=\"async\" class=\"size-full wp-image-784 aligncenter\" src=\"https:\/\/fmp-components.com\/wp-content\/uploads\/2024\/12\/Reach-Stacker-Luffing-Cylinder-1.webp\" alt=\"Konteineru kr\u0101v\u0113ja pacel\u0161anas cilindrs\" width=\"500\" height=\"200\" title=\"\" srcset=\"https:\/\/fmp-components.com\/wp-content\/uploads\/2024\/12\/Reach-Stacker-Luffing-Cylinder-1.webp 500w, https:\/\/fmp-components.com\/wp-content\/uploads\/2024\/12\/Reach-Stacker-Luffing-Cylinder-1-480x192.webp 480w\" sizes=\"(min-width: 0px) and (max-width: 480px) 480px, (min-width: 481px) 500px, 100vw\" \/><\/p>\n<table style=\"width: 84.0327%; height: 185px;\" border=\"1\" cellspacing=\"0\" cellpadding=\"0\">\n<tbody>\n<tr>\n<td>Produkta nosaukums<\/td>\n<td>Konteineru kr\u0101v\u0113ja pacel\u0161anas cilindrs<\/td>\n<\/tr>\n<tr>\n<td>Funkcijas:<\/td>\n<td>Izprotiet str\u0113les aug\u0161up un lejupv\u0113rsto sl\u012bpumu<\/td>\n<\/tr>\n<tr>\n<td>Urbuma diametrs:<\/td>\n<td>100 mm\uff5e220 mm<\/td>\n<\/tr>\n<tr>\n<td>Stie\u0146a diametrs:<\/td>\n<td>60 mm\uff5e140 mm<br \/>\nG\u0101jiens \u22645000 mm<\/td>\n<\/tr>\n<tr>\n<td>Spiediens:<\/td>\n<td>Maksim\u0101li 30 MPa<\/td>\n<\/tr>\n<tr>\n<td>Lietojumi:<\/td>\n<td>Konteineru kr\u0101v\u0113js<\/td>\n<\/tr>\n<\/tbody>\n<\/table>\n<p><img loading=\"lazy\" decoding=\"async\" class=\"alignnone wp-image-782\" src=\"https:\/\/fmp-components.com\/wp-content\/uploads\/2024\/12\/Reach-Stacker-Luffing-Cylinder.webp\" alt=\"Konteineru kr\u0101v\u0113ja pacel\u0161anas cilindrs\" width=\"780\" height=\"285\" title=\"\" srcset=\"https:\/\/fmp-components.com\/wp-content\/uploads\/2024\/12\/Reach-Stacker-Luffing-Cylinder.webp 780w, https:\/\/fmp-components.com\/wp-content\/uploads\/2024\/12\/Reach-Stacker-Luffing-Cylinder-480x175.webp 480w\" sizes=\"(min-width: 0px) and (max-width: 480px) 480px, (min-width: 481px) 780px, 100vw\" \/><\/p>\n<p><img loading=\"lazy\" decoding=\"async\" class=\"alignnone wp-image-787\" src=\"https:\/\/fmp-components.com\/wp-content\/uploads\/2024\/12\/Reach-Stacker-Luffing-Cylinder-2.webp\" alt=\"Konteineru kr\u0101v\u0113ja pacel\u0161anas cilindrs 2\" width=\"774\" height=\"503\" title=\"\"><\/p>\n<h2>Konteineru kr\u0101v\u0113ja st\u016bres cilindrs<\/h2>\n<p><img loading=\"lazy\" decoding=\"async\" class=\"size-full wp-image-785 aligncenter\" src=\"https:\/\/fmp-components.com\/wp-content\/uploads\/2024\/12\/Reach-Stacker-Steering-Cylinder.webp\" alt=\"Konteineru kr\u0101v\u0113ja st\u016bres cilindrs\" width=\"500\" height=\"200\" title=\"\" srcset=\"https:\/\/fmp-components.com\/wp-content\/uploads\/2024\/12\/Reach-Stacker-Steering-Cylinder.webp 500w, https:\/\/fmp-components.com\/wp-content\/uploads\/2024\/12\/Reach-Stacker-Steering-Cylinder-480x192.webp 480w\" sizes=\"(min-width: 0px) and (max-width: 480px) 480px, (min-width: 481px) 500px, 100vw\" \/><\/p>\n<table style=\"width: 84.0349%; height: 200px;\" border=\"1\" cellspacing=\"0\" cellpadding=\"0\">\n<tbody>\n<tr style=\"height: 23px;\">\n<td style=\"height: 23px;\">Produkta nosaukums<\/td>\n<td style=\"height: 23px;\">Konteineru kr\u0101v\u0113ja pacel\u0161anas cilindrs<\/td>\n<\/tr>\n<tr style=\"height: 23px;\">\n<td style=\"height: 23px;\">Funkcijas:<\/td>\n<td style=\"height: 23px;\">Realiz\u0113jiet celt\u0146a riepu virziena regul\u0113\u0161anu<\/td>\n<\/tr>\n<tr style=\"height: 23px;\">\n<td style=\"height: 23px;\">Urbuma diametrs:<\/td>\n<td style=\"height: 23px;\">80 mm\uff5e200 mm<\/td>\n<\/tr>\n<tr style=\"height: 47px;\">\n<td style=\"height: 47px;\">Stie\u0146a diametrs:<\/td>\n<td style=\"height: 47px;\">60 mm\uff5e100 mm<br \/>\nG\u0101jiens \u22649500 mm<\/td>\n<\/tr>\n<tr style=\"height: 23px;\">\n<td style=\"height: 23px;\">Spiediens:<\/td>\n<td style=\"height: 23px;\">Maksim\u0101li 25 MPa<\/td>\n<\/tr>\n<tr style=\"height: 23px;\">\n<td style=\"height: 23px;\">Lietojumi:<\/td>\n<td style=\"height: 23px;\">Konteineru kr\u0101v\u0113js<\/td>\n<\/tr>\n<\/tbody>\n<\/table>\n<p><img loading=\"lazy\" decoding=\"async\" class=\"alignnone wp-image-793\" src=\"https:\/\/fmp-components.com\/wp-content\/uploads\/2024\/12\/Reach-Stacker-Steering-Cylinder-1.webp\" alt=\"Konteineru kr\u0101v\u0113ja st\u016bres cilindrs\" width=\"794\" height=\"269\" title=\"\" srcset=\"https:\/\/fmp-components.com\/wp-content\/uploads\/2024\/12\/Reach-Stacker-Steering-Cylinder-1.webp 794w, https:\/\/fmp-components.com\/wp-content\/uploads\/2024\/12\/Reach-Stacker-Steering-Cylinder-1-480x163.webp 480w\" sizes=\"(min-width: 0px) and (max-width: 480px) 480px, (min-width: 481px) 794px, 100vw\" \/><\/p>\n<p><img loading=\"lazy\" decoding=\"async\" class=\"alignnone size-full wp-image-794\" src=\"https:\/\/fmp-components.com\/wp-content\/uploads\/2024\/12\/Reach-Stacker-Steering-Cylinder1.webp\" alt=\"Konteineru kr\u0101v\u0113ja st\u016bres cilindrs1\" width=\"828\" height=\"297\" title=\"\" srcset=\"https:\/\/fmp-components.com\/wp-content\/uploads\/2024\/12\/Reach-Stacker-Steering-Cylinder1.webp 828w, https:\/\/fmp-components.com\/wp-content\/uploads\/2024\/12\/Reach-Stacker-Steering-Cylinder1-480x172.webp 480w\" sizes=\"(min-width: 0px) and (max-width: 480px) 480px, (min-width: 481px) 828px, 100vw\" \/><\/p>\n<h2>Hidraulisk\u0101 cilindra priek\u0161roc\u012bbas<\/h2>\n<p>Konteineru kr\u0101v\u0113ju hidrauliskais cilindrs pied\u0101v\u0101 vair\u0101kas b\u016btiskas priek\u0161roc\u012bbas, kas uzlabo konteineru kr\u0101v\u0113ju veiktsp\u0113ju un uzticam\u012bbu lo\u0123istik\u0101 un konteineru apstr\u0101des oper\u0101cij\u0101s.<\/p>\n<p>Viena no galvenaj\u0101m priek\u0161roc\u012bb\u0101m ir t\u0101 augst\u0101 kravnes\u012bba, kas \u013cauj hidrauliskajam cilindram dro\u0161i pacelt un manevr\u0113t smagus konteinerus un kravas. \u0160\u012b sp\u0113ja ir \u013coti svar\u012bga efekt\u012bvai kravu p\u0101rvald\u012bbai noslogot\u0101 ku\u0123niec\u012bbas un lo\u0123istikas vid\u0113.<\/p>\n<p>Cilindrs nodro\u0161ina prec\u012bzu vad\u012bbu, \u013caujot vienm\u0113r\u012bgi un prec\u012bzi p\u0101rvietot konteinerus. \u0160\u012b precizit\u0101te pal\u012bdz operatoriem prec\u012bzi novietot konteinerus, samazinot negad\u012bjumu risku un uzlabojot kop\u0113jo darb\u012bbas efektivit\u0101ti.<\/p>\n<p>Hidrauliskais cilindrs ir izgatavots no iztur\u012bgiem materi\u0101liem un ir paredz\u0113ts, lai iztur\u0113tu sare\u017e\u0123\u012btus apst\u0101k\u013cus intens\u012bvai darb\u012bbai. T\u0101 iztur\u012bba nodro\u0161ina ilgsto\u0161u darb\u012bbu pat skarbos apst\u0101k\u013cos, samazinot remonta un nomai\u0146as bie\u017eumu.<\/p>\n<p>V\u0113l viena priek\u0161roc\u012bba ir uzlabot\u0101s dro\u0161\u012bbas funkcijas, kas integr\u0113tas hidrauliskaj\u0101 konstrukcij\u0101. \u0160\u012bs funkcijas pal\u012bdz nov\u0113rst p\u0101rslodzi un nodro\u0161ina dro\u0161u darb\u012bbu, aizsarg\u0101jot gan apr\u012bkojumu, gan person\u0101lu apstr\u0101des uzdevumu laik\u0101.<\/p>\n<p>Hidrauliskais cilindrs ar\u012b nodro\u0161ina vienm\u0113r\u012bgu darb\u012bbu, kas samazina gan cilindra, gan pa\u0161a konteineru iekr\u0101v\u0113ja nodilumu. \u0160\u012b vienm\u0113r\u012bg\u0101 funkcionalit\u0101te uzlabo produktivit\u0101ti, \u013caujot \u0101tr\u0101k veikt iekrau\u0161anas un izkrau\u0161anas procesus.<\/p>\n<p>Turkl\u0101t hidraulisk\u0101 cilindra daudzpus\u012bba \u013cauj to izmantot da\u017e\u0101dos konteineru kraut\u0146ot\u0101ju mode\u013cos, padarot to piel\u0101gojamu da\u017e\u0101d\u0101m ekspluat\u0101cijas vajadz\u012bb\u0101m un uzlabojot t\u0101 lietder\u012bbu konteineru apstr\u0101d\u0113.<\/p>\n<p>Visbeidzot, hidraulisk\u0101 cilindra zem\u0101s apkopes pras\u012bbas veicina samazin\u0101tu d\u012bkst\u0101ves laiku un ekspluat\u0101cijas izmaksas. T\u0101 konstrukcija ir v\u0113rsta uz uzticam\u012bbu un ilgm\u016b\u017e\u012bbu, nodro\u0161inot, ka konteineru kraut\u0146ot\u0101ji var darboties efekt\u012bvi bez bie\u017eiem p\u0101rtraukumiem.<\/p>\n<p>Rezum\u0113jot, konteineru kr\u0101v\u0113ju hidrauliskais cilindrs ir b\u016btisks, lai optimiz\u0113tu konteineru kr\u0101v\u0113ju efektivit\u0101ti, dro\u0161\u012bbu un uzticam\u012bbu, iev\u0113rojami uzlabojot to veiktsp\u0113ju konteineru apstr\u0101des un lo\u0123istikas oper\u0101cij\u0101s.<\/p>\n<p><img loading=\"lazy\" decoding=\"async\" class=\"alignnone  wp-image-795\" src=\"https:\/\/fmp-components.com\/wp-content\/uploads\/2024\/12\/Choose-Reach-Stacker-Steering-Cylinder.webp\" alt=\"Izv\u0113lieties-izstiep\u0161anas-kr\u0101v\u0113ja-st\u016br\u0113\u0161anas-cilindru\" width=\"853\" height=\"443\" title=\"\"><\/p>\n<h3>Par FMP<\/h3>\n<p>FMP ir specializ\u0113ts meh\u0101nisk\u0101s ra\u017eo\u0161anas uz\u0146\u0113mums, kas nodarbojas ar hidraulisko cilindru ra\u017eo\u0161anu. Kop\u0161 dibin\u0101\u0161anas uz\u0146\u0113mums ir koncentr\u0113jies uz hidraulisko tehnolo\u0123iju izp\u0113ti un ra\u017eo\u0161anu, veiksm\u012bgi p\u0101rejot no daudzveid\u012bga produktu kl\u0101sta, kas ietv\u0113ra ra\u017eas nov\u0101k\u0161anas un celtniec\u012bbas tehniku, uz specializ\u0101ciju lauksaimniec\u012bbas traktoru deta\u013c\u0101s. Ar vair\u0101k nek\u0101 desmit gadu pieredzi ra\u017eo\u0161an\u0101 un vad\u012bb\u0101 FMP nodro\u0161ina augstas kvalit\u0101tes produktus, izmantojot progres\u012bvas ra\u017eo\u0161anas metodes.<\/p>\n<p>Uz\u0146\u0113mumam att\u012bstoties, tas ir izstr\u0101d\u0101jis visaptvero\u0161u apstr\u0101des ra\u017eo\u0161anas l\u012bniju, mont\u0101\u017eas l\u012bniju un p\u0101rkl\u0101\u0161anas l\u012bniju. M\u016bsu komandu veido prasm\u012bgs vad\u012bbas person\u0101ls, pieredz\u0113ju\u0161i meh\u0101niskie konstruktori un augsti kvalific\u0113ti tehni\u0137i, kas str\u0101d\u0101 kop\u0101, lai uztur\u0113tu stabilu ra\u017eo\u0161anas kvalit\u0101ti, vienlaikus efekt\u012bvi kontrol\u0113jot procesa nep\u0101rtraukt\u012bbu un efektivit\u0101ti.<\/p>\n<p>FMP iev\u0113ro filozofiju \u201cTehnolo\u0123isk\u0101s inov\u0101cijas veicina progresu, kvalit\u0101te rada z\u012bmolus, meistar\u012bba nodro\u0161ina kvalit\u0101ti un veido ilgtermi\u0146a abpus\u0113ji izdev\u012bgas attiec\u012bbas\u201d. M\u016bsu ap\u0146em\u0161an\u0101s nodro\u0161in\u0101t augstas kvalit\u0101tes produktus un izcilu klientu apkalpo\u0161anu joproj\u0101m ir m\u016bsu galvenais m\u0113r\u0137is, turpinot apmierin\u0101t main\u012bg\u0101s tirgus vajadz\u012bbas.<\/p>\n<p><img loading=\"lazy\" decoding=\"async\" class=\"alignnone size-full wp-image-426\" src=\"https:\/\/fmp-components.com\/wp-content\/uploads\/2024\/12\/Sanitation-Machinery-Locking-Hydraulic-Cylinder-factory.webp\" sizes=\"(min-width: 0px) and (max-width: 480px) 480px, (min-width: 481px) and (max-width: 980px) 980px, (min-width: 981px) and (max-width: 1280px) 1280px, (min-width: 1281px) 1414px, 100vw\" srcset=\"https:\/\/fmp-components.com\/wp-content\/uploads\/2024\/12\/Sanitation-Machinery-Locking-Hydraulic-Cylinder-factory.webp 1414w, https:\/\/fmp-components.com\/wp-content\/uploads\/2024\/12\/Sanitation-Machinery-Locking-Hydraulic-Cylinder-factory-1280x529.webp 1280w, https:\/\/fmp-components.com\/wp-content\/uploads\/2024\/12\/Sanitation-Machinery-Locking-Hydraulic-Cylinder-factory-980x405.webp 980w, https:\/\/fmp-components.com\/wp-content\/uploads\/2024\/12\/Sanitation-Machinery-Locking-Hydraulic-Cylinder-factory-480x198.webp 480w\" alt=\"Sanit\u0101rijas-ma\u0161\u012bnu-blo\u0137\u0113\u0161anas-hidraulisko-cilindru-fabrika\" width=\"1414\" height=\"584\" title=\"\"><\/p>\n<p>Autors: CX<\/p>","protected":false},"excerpt":{"rendered":"<p>Hidrauliskais cilindrs konteineru kr\u0101v\u0113jam ir svar\u012bga hidrauliska sast\u0101vda\u013ca, kas paredz\u0113ta, lai nodro\u0161in\u0101tu nepiecie\u0161amo pacel\u0161anas un pagarin\u0101\u0161anas sp\u0113ku konteineru kr\u0101v\u0113ja str\u0113lei. \u0160is cilindrs nodro\u0161ina vienm\u0113r\u012bgas un prec\u012bzas kust\u012bbas, \u013caujot operatoriem efekt\u012bvi pacelt, nolaist un pagarin\u0101t konteineru kr\u0101v\u0113ja sviras, lai viegli apstr\u0101d\u0101tu konteinerus un smagas kravas. Izgatavots no augstas iztur\u012bbas materi\u0101liem, tas ir izstr\u0101d\u0101ts, lai iztur\u0113tu lielas slodzes oper\u0101ciju pras\u012bbas lo\u0123istikas un pieg\u0101des vid\u0113, nodro\u0161inot iztur\u012bbu un uzticam\u012bbu. Uzlabot\u0101 hidraulisk\u0101 konstrukcija atvieglo \u0101tru regul\u0113\u0161anu un uzlabotu kontroli, uzlabojot darb\u012bbas efektivit\u0101ti un dro\u0161\u012bbu konteineru apstr\u0101des uzdevumu laik\u0101. \u0160is hidrauliskais cilindrs ir b\u016btisks, lai optimiz\u0113tu konteineru kr\u0101v\u0113ju veiktsp\u0113ju, iev\u0113rojami veicinot efekt\u012bvu kravu p\u0101rvald\u012bbu ost\u0101s un noliktav\u0101s.<\/p>","protected":false},"featured_media":783,"comment_status":"open","ping_status":"closed","template":"","meta":{"_et_pb_use_builder":"","_et_pb_old_content":"","_et_gb_content_width":""},"product_brand":[],"product_cat":[28],"product_tag":[],"class_list":{"0":"post-774","1":"product","2":"type-product","3":"status-publish","4":"has-post-thumbnail","6":"product_cat-offshore-hydraulic-cylinders","8":"first","9":"instock","10":"shipping-taxable","11":"product-type-simple"},"_links":{"self":[{"href":"https:\/\/fmp-components.com\/lv\/wp-json\/wp\/v2\/product\/774","targetHints":{"allow":["GET"]}}],"collection":[{"href":"https:\/\/fmp-components.com\/lv\/wp-json\/wp\/v2\/product"}],"about":[{"href":"https:\/\/fmp-components.com\/lv\/wp-json\/wp\/v2\/types\/product"}],"replies":[{"embeddable":true,"href":"https:\/\/fmp-components.com\/lv\/wp-json\/wp\/v2\/comments?post=774"}],"wp:featuredmedia":[{"embeddable":true,"href":"https:\/\/fmp-components.com\/lv\/wp-json\/wp\/v2\/media\/783"}],"wp:attachment":[{"href":"https:\/\/fmp-components.com\/lv\/wp-json\/wp\/v2\/media?parent=774"}],"wp:term":[{"taxonomy":"product_brand","embeddable":true,"href":"https:\/\/fmp-components.com\/lv\/wp-json\/wp\/v2\/product_brand?post=774"},{"taxonomy":"product_cat","embeddable":true,"href":"https:\/\/fmp-components.com\/lv\/wp-json\/wp\/v2\/product_cat?post=774"},{"taxonomy":"product_tag","embeddable":true,"href":"https:\/\/fmp-components.com\/lv\/wp-json\/wp\/v2\/product_tag?post=774"}],"curies":[{"name":"wp","href":"https:\/\/api.w.org\/{rel}","templated":true}]}}