{"id":7727,"date":"2025-04-03T06:15:43","date_gmt":"2025-04-03T06:15:43","guid":{"rendered":"https:\/\/fmp-components.com\/?post_type=product&#038;p=7727"},"modified":"2025-04-03T06:27:46","modified_gmt":"2025-04-03T06:27:46","slug":"planetary-ring-gear","status":"publish","type":"product","link":"https:\/\/fmp-components.com\/lv\/product\/planetary-ring-gear\/","title":{"rendered":"Plan\u0113tu gredzenu p\u0101rnesums"},"content":{"rendered":"<div>\n<h2>Augst\u0101k\u0101s kvalit\u0101tes plan\u0113tu gredzenu zobrati ar FMP It\u0101lij\u0101<\/h2>\n<p class=\"break-words\">Run\u0101jot par prec\u012bzu in\u017eenieriju un uzticam\u0101m ma\u0161\u012bnu deta\u013c\u0101m, plan\u0113tu gredzenu zobrats ir kritiski svar\u012bgs elements neskait\u0101mos pielietojumos, s\u0101kot no automobi\u013cu sist\u0113m\u0101m l\u012bdz r\u016bpnieciskaj\u0101m iek\u0101rt\u0101m. FMP lepojas ar to, ka ir vado\u0161ais augstas kvalit\u0101tes plan\u0113tu gredzenu zobratu ra\u017eot\u0101js, kas apkalpo uz\u0146\u0113mumus un nozares vis\u0101 It\u0101lij\u0101, tostarp t\u0101das pils\u0113tas k\u0101 Mil\u0101na, Ven\u0113cija, Florence un Bolo\u0146a. M\u016bsu pla\u0161ais plan\u0113tu gredzenu zobratu kl\u0101sts ir izstr\u0101d\u0101ts, lai apmierin\u0101tu da\u017e\u0101das veiktsp\u0113jas vajadz\u012bbas, nodro\u0161inot iztur\u012bbu, efektivit\u0101ti un neman\u0101mu integr\u0101ciju j\u016bsu sist\u0113m\u0101s.<\/p>\n<\/div>\n<h3>Specifik\u0101cija<\/h3>\n<table style=\"width: 100%;\" border=\"1\" width=\"100%\" cellspacing=\"0\" cellpadding=\"0\">\n<tbody>\n<tr style=\"height: 30.00pt;\">\n<td class=\"et2\" style=\"height: 30.00pt; width: 48.00pt;\" width=\"80\" height=\"50\">Mode\u013ca numurs<\/td>\n<td class=\"et2\" style=\"width: 318.60pt;\" width=\"531\">M3, M4, M5, M8, M12 un citi.<\/td>\n<\/tr>\n<tr style=\"height: 30.00pt;\">\n<td class=\"et2\" style=\"height: 30.00pt; width: 48.00pt;\" width=\"80\" height=\"50\">Materi\u0101ls<\/td>\n<td class=\"et2\" style=\"width: 318.60pt;\" width=\"531\">Misi\u0146\u0161, C45 t\u0113rauds, ner\u016bs\u0113jo\u0161ais t\u0113rauds, var\u0161, POM, alum\u012bnijs, sakaus\u0113jums utt.<\/td>\n<\/tr>\n<tr style=\"height: 30.00pt;\">\n<td class=\"et2\" style=\"height: 60.00pt; width: 48.00pt;\" rowspan=\"2\" width=\"80\" height=\"100\">Virsmas apstr\u0101de<\/td>\n<td class=\"et2\" style=\"width: 318.60pt;\" width=\"531\">Cinkots, Ni\u0137el\u0113ts, Pasiv\u0101cija, Oksid\u0101cija, Anod\u0113\u0161ana,<\/td>\n<\/tr>\n<tr style=\"height: 30.00pt;\">\n<td class=\"et2\" style=\"width: 318.60pt;\" width=\"531\">\u0122eomets, dakromets, melnais oks\u012bds, fosfatiz\u0101cija, pulverkr\u0101so\u0161ana un elektrofor\u0113ze<\/td>\n<\/tr>\n<tr style=\"height: 30.00pt;\">\n<td class=\"et2\" style=\"height: 30.00pt; width: 48.00pt;\" width=\"80\" height=\"50\">Standarta<\/td>\n<td class=\"et2\" style=\"width: 318.60pt;\" width=\"531\">ISO, DIN, ANSI, JIS, BS un nestandarta.<\/td>\n<\/tr>\n<tr style=\"height: 30.00pt;\">\n<td class=\"et2\" style=\"height: 30.00pt; width: 48.00pt;\" width=\"80\" height=\"50\">Precizit\u0101te<\/td>\n<td class=\"et2\" style=\"width: 318.60pt;\" width=\"531\">DIN6, DIN7, DIN8, DIN9.<\/td>\n<\/tr>\n<tr style=\"height: 45.00pt;\">\n<td class=\"et2\" style=\"height: 45.00pt; width: 48.00pt;\" width=\"80\" height=\"75\">Zobu \u0101rst\u0113\u0161ana<\/td>\n<td class=\"et2\" style=\"width: 318.60pt;\" width=\"531\">R\u016bd\u012bts, fr\u0113z\u0113ts vai samalts<\/td>\n<\/tr>\n<tr style=\"height: 30.00pt;\">\n<td class=\"et2\" style=\"height: 30.00pt; width: 48.00pt;\" width=\"80\" height=\"50\">Tolerance<\/td>\n<td class=\"et2\" style=\"width: 318.60pt;\" width=\"531\">0,001 mm\u20130,01 mm\u20130,1 mm<\/td>\n<\/tr>\n<tr style=\"height: 30.00pt;\">\n<td class=\"et2\" style=\"height: 30.00pt; width: 48.00pt;\" width=\"80\" height=\"50\">Pabeigt<\/td>\n<td class=\"et2\" style=\"width: 318.60pt;\" width=\"531\">ar lodveida\/smil\u0161u str\u016bklu, termisko apstr\u0101di, atkv\u0113lin\u0101\u0161anu, r\u016bd\u012b\u0161anu, pul\u0113\u0161anu, anod\u0113\u0161anu, cinko\u0161anu<\/td>\n<\/tr>\n<tr style=\"height: 30.00pt;\">\n<td class=\"et2\" style=\"height: 30.00pt; width: 48.00pt;\" width=\"80\" height=\"50\">Pre\u010du iesai\u0146o\u0161ana<\/td>\n<td class=\"et2\" style=\"width: 318.60pt;\" width=\"531\">Plastmasas maisi\u0146\u0161 + kartona kastes vai koka iepakojums<\/td>\n<\/tr>\n<tr style=\"height: 15.00pt;\">\n<td class=\"et2\" style=\"height: 30.00pt; width: 48.00pt;\" rowspan=\"2\" width=\"80\" height=\"50\">Paraugi<\/td>\n<td class=\"et2\" style=\"width: 318.60pt;\" width=\"531\">Parauga cenu diapazons ir no $2 l\u012bdz $100.<\/td>\n<\/tr>\n<tr style=\"height: 15.00pt;\">\n<td class=\"et2\" style=\"width: 318.60pt;\" width=\"531\">klientu apmaks\u0101ta eksprespiepras\u012bjuma paraugs<\/td>\n<\/tr>\n<tr style=\"height: 15.00pt;\">\n<td class=\"et2\" style=\"height: 135.00pt; width: 48.00pt;\" rowspan=\"8\" width=\"80\" height=\"225\">Pieteikums<\/td>\n<td class=\"et2\" style=\"width: 318.60pt;\" width=\"531\">1. Autom\u0101tiska vad\u012bbas iek\u0101rta<\/td>\n<\/tr>\n<tr style=\"height: 15.00pt;\">\n<td class=\"et2\" style=\"width: 318.60pt;\" width=\"531\">2. Pusvad\u012bt\u0101ju r\u016bpniec\u012bba<\/td>\n<\/tr>\n<tr style=\"height: 15.00pt;\">\n<td class=\"et2\" style=\"width: 318.60pt;\" width=\"531\">3. Visp\u0101r\u0113j\u0101s r\u016bpniec\u012bbas iek\u0101rtas<\/td>\n<\/tr>\n<tr style=\"height: 15.00pt;\">\n<td class=\"et2\" style=\"width: 318.60pt;\" width=\"531\">4. Medic\u012bnas iek\u0101rtas<\/td>\n<\/tr>\n<tr style=\"height: 15.00pt;\">\n<td class=\"et2\" style=\"width: 318.60pt;\" width=\"531\">5. Saules ener\u0123ijas iek\u0101rtas<\/td>\n<\/tr>\n<tr style=\"height: 15.00pt;\">\n<td class=\"et2\" style=\"width: 318.60pt;\" width=\"531\">6. Darbgalds<\/td>\n<\/tr>\n<tr style=\"height: 15.00pt;\">\n<td class=\"et2\" style=\"width: 318.60pt;\" width=\"531\">7. Parko\u0161an\u0101s sist\u0113ma<\/td>\n<\/tr>\n<tr style=\"height: 30.00pt;\">\n<td class=\"et2\" style=\"width: 318.60pt;\" width=\"531\">8. \u0100trgaitas dzelzce\u013ca un avi\u0101cijas transporta apr\u012bkojums utt.<\/td>\n<\/tr>\n<\/tbody>\n<\/table>\n<div>\n<h4>K\u0101p\u0113c plan\u0113tu gredzenu zobratiem izv\u0113l\u0113ties FMP?<\/h4>\n<p class=\"break-words\">FMP, kas atrodas It\u0101lijas sird\u012b, specializ\u0113jas da\u017e\u0101du veidu plan\u0113tu gredzenu zobratu ra\u017eo\u0161an\u0101, kas piel\u0101goti j\u016bsu \u012bpa\u0161aj\u0101m pras\u012bb\u0101m. Neatkar\u012bgi no t\u0101, vai atrodaties Mil\u0101n\u0101, mekl\u0113jot komponentus progres\u012bvai ra\u017eo\u0161anai, Ven\u0113cij\u0101, str\u0101d\u0101jot pie ku\u0123u in\u017eenierijas projektiem, Florenc\u0113, uzlabojot automatiz\u0101cijas sist\u0113mas, vai Bolo\u0146\u0101, moderniz\u0113jot automobi\u013cu dizainu, m\u0113s par\u016bp\u0113simies par jums. M\u016bsu produkti ir izgatavoti ar precizit\u0101ti un rad\u012bti, lai iztur\u0113tu vissmag\u0101kos apst\u0101k\u013cus, padarot tos par galveno izv\u0113li It\u0101lijas r\u016bpniec\u012bb\u0101.<\/p>\n<p class=\"break-words\">Papildus m\u016bsu standarta pied\u0101v\u0101jumiem m\u0113s pied\u0101v\u0101jam ar\u012b piel\u0101gotus plan\u0113tu gredzenu zobratus, kas atbilst j\u016bsu unik\u0101laj\u0101m specifik\u0101cij\u0101m. FMP m\u0113s saprotam, ka katrs projekts ir at\u0161\u0137ir\u012bgs, un m\u016bsu prasm\u012bgo in\u017eenieru komanda ir gatava sadarboties ar jums, lai rad\u012btu perfektu risin\u0101jumu. S\u0101kot ar materi\u0101la izv\u0113li un beidzot ar zobratu izm\u0113riem, m\u0113s nodro\u0161in\u0101m, ka j\u016bsu piel\u0101gotais gredzenu zobrats nevainojami darbosies j\u016bsu pielietojum\u0101.<\/p>\n<\/div>\n<table style=\"width: 99.375%; height: 49px;\" border=\"0\" width=\"240\" cellspacing=\"0\" cellpadding=\"0\">\n<tbody>\n<tr>\n<td width=\"80\" height=\"24\">\u00a0\u00a0<img loading=\"lazy\" decoding=\"async\" class=\"size-full wp-image-7731 aligncenter\" src=\"https:\/\/fmp-components.com\/wp-content\/uploads\/2025\/04\/Internal-Spur-Gear-Rings-3.webp\" alt=\"Iek\u0161\u0113jie cilindriskie zobratu gredzeni\" width=\"600\" height=\"600\" title=\"\" srcset=\"https:\/\/fmp-components.com\/wp-content\/uploads\/2025\/04\/Internal-Spur-Gear-Rings-3.webp 600w, https:\/\/fmp-components.com\/wp-content\/uploads\/2025\/04\/Internal-Spur-Gear-Rings-3-480x480.webp 480w\" sizes=\"(min-width: 0px) and (max-width: 480px) 480px, (min-width: 481px) 600px, 100vw\" \/><\/td>\n<td width=\"80\"><img loading=\"lazy\" decoding=\"async\" class=\"size-full wp-image-7729 aligncenter\" src=\"https:\/\/fmp-components.com\/wp-content\/uploads\/2025\/04\/Internal-Spur-Gear-Rings-1.webp\" alt=\"Iek\u0161\u0113jie cilindriskie zobratu gredzeni\" width=\"600\" height=\"600\" title=\"\" srcset=\"https:\/\/fmp-components.com\/wp-content\/uploads\/2025\/04\/Internal-Spur-Gear-Rings-1.webp 600w, https:\/\/fmp-components.com\/wp-content\/uploads\/2025\/04\/Internal-Spur-Gear-Rings-1-480x480.webp 480w\" sizes=\"(min-width: 0px) and (max-width: 480px) 480px, (min-width: 481px) 600px, 100vw\" \/><\/td>\n<td width=\"80\"><strong><img loading=\"lazy\" decoding=\"async\" class=\"size-full wp-image-7730 aligncenter\" src=\"https:\/\/fmp-components.com\/wp-content\/uploads\/2025\/04\/Internal-Spur-Gear-Rings-4.webp\" alt=\"Iek\u0161\u0113jie cilindriskie zobratu gredzeni\" width=\"1024\" height=\"1024\" title=\"\" srcset=\"https:\/\/fmp-components.com\/wp-content\/uploads\/2025\/04\/Internal-Spur-Gear-Rings-4.webp 1024w, https:\/\/fmp-components.com\/wp-content\/uploads\/2025\/04\/Internal-Spur-Gear-Rings-4-980x980.webp 980w, https:\/\/fmp-components.com\/wp-content\/uploads\/2025\/04\/Internal-Spur-Gear-Rings-4-480x480.webp 480w\" sizes=\"(min-width: 0px) and (max-width: 480px) 480px, (min-width: 481px) and (max-width: 980px) 980px, (min-width: 981px) 1024px, 100vw\" \/><\/strong><\/td>\n<\/tr>\n<\/tbody>\n<\/table>\n<p>&nbsp;<\/p>","protected":false},"excerpt":{"rendered":"<p>Premium Planetary Ring Gears with FMP in Italy When it comes to precision engineering and reliable machinery components, a planetary ring gear is a critical element in countless applications, from automotive systems to industrial equipment. At FMP, we take pride in being a leading manufacturer of high-quality planetary ring gears, serving businesses and industries across [&hellip;]<\/p>","protected":false},"featured_media":7729,"comment_status":"open","ping_status":"closed","template":"","meta":{"_et_pb_use_builder":"","_et_pb_old_content":"","_et_gb_content_width":""},"product_brand":[],"product_cat":[113],"product_tag":[],"class_list":{"0":"post-7727","1":"product","2":"type-product","3":"status-publish","4":"has-post-thumbnail","6":"product_cat-planetary-gear","8":"first","9":"instock","10":"shipping-taxable","11":"product-type-simple"},"_links":{"self":[{"href":"https:\/\/fmp-components.com\/lv\/wp-json\/wp\/v2\/product\/7727","targetHints":{"allow":["GET"]}}],"collection":[{"href":"https:\/\/fmp-components.com\/lv\/wp-json\/wp\/v2\/product"}],"about":[{"href":"https:\/\/fmp-components.com\/lv\/wp-json\/wp\/v2\/types\/product"}],"replies":[{"embeddable":true,"href":"https:\/\/fmp-components.com\/lv\/wp-json\/wp\/v2\/comments?post=7727"}],"wp:featuredmedia":[{"embeddable":true,"href":"https:\/\/fmp-components.com\/lv\/wp-json\/wp\/v2\/media\/7729"}],"wp:attachment":[{"href":"https:\/\/fmp-components.com\/lv\/wp-json\/wp\/v2\/media?parent=7727"}],"wp:term":[{"taxonomy":"product_brand","embeddable":true,"href":"https:\/\/fmp-components.com\/lv\/wp-json\/wp\/v2\/product_brand?post=7727"},{"taxonomy":"product_cat","embeddable":true,"href":"https:\/\/fmp-components.com\/lv\/wp-json\/wp\/v2\/product_cat?post=7727"},{"taxonomy":"product_tag","embeddable":true,"href":"https:\/\/fmp-components.com\/lv\/wp-json\/wp\/v2\/product_tag?post=7727"}],"curies":[{"name":"wp","href":"https:\/\/api.w.org\/{rel}","templated":true}]}}