{"id":7721,"date":"2025-04-03T05:48:55","date_gmt":"2025-04-03T05:48:55","guid":{"rendered":"https:\/\/fmp-components.com\/?post_type=product&#038;p=7721"},"modified":"2025-04-03T05:54:27","modified_gmt":"2025-04-03T05:54:27","slug":"internal-planetary-gear","status":"publish","type":"product","link":"https:\/\/fmp-components.com\/lv\/product\/internal-planetary-gear\/","title":{"rendered":"Iek\u0161\u0113jais plan\u0113tu p\u0101rnesums"},"content":{"rendered":"<h2>Iek\u0161\u0113jie plan\u0113tu p\u0101rnesumi: precizit\u0101te un jauda no FMP<\/h2>\n<p>Iek\u0161\u0113jie planet\u0101rie zobrati, kas ir b\u016btiska plan\u0113tu zobratu meh\u0101nismu sast\u0101vda\u013ca, ir paz\u012bstami ar savu sp\u0113ju nodro\u0161in\u0101t augstu griezes momentu un prec\u012bzu \u0101truma samazin\u0101\u0161anu kompakt\u0101s konstrukcij\u0101s. \u0160\u012bm sist\u0113m\u0101m ir centr\u0101lais saules zobrats, orb\u012bt\u0101 ri\u0146\u0137ojo\u0161ie plan\u0113tu zobrati un iek\u0161\u0113jais gredzenveida zobrats, kas iek\u0161\u0113ji savienots ar plan\u0113tu zobratiem. \u0160\u012b unik\u0101l\u0101 konfigur\u0101cija padara iek\u0161\u0113jos planet\u0101ros zobratus neaizst\u0101jamus r\u016bpniec\u012bbas nozar\u0113m vis\u0101 It\u0101lij\u0101, s\u0101kot no Mil\u0101nas autodarbn\u012bc\u0101m l\u012bdz Bolo\u0146as ma\u0161\u012bnb\u016bves centriem. FMP m\u0113s specializ\u0113jamies \u0161o moderno zobratu sist\u0113mu izstr\u0101d\u0113, pied\u0101v\u0101jot piel\u0101gotus risin\u0101jumus, lai apmierin\u0101tu m\u016bsu klientu da\u017e\u0101d\u0101s vajadz\u012bbas.<\/p>\n<div>\n<h3>Kas ir iek\u0161\u0113jie plan\u0113tu p\u0101rnesumi?<\/h3>\n<p class=\"break-words\">Iek\u0161\u0113j\u0101 plan\u0113tu p\u0101rnesumu sist\u0113ma sast\u0101v no:<\/p>\n<ul class=\"marker:text-secondary\">\n<li class=\"break-words\"><strong>Saules apr\u012bkojums<\/strong>Centr\u0101lais zobrats, kas darbina meh\u0101nismu.<\/li>\n<li class=\"break-words\"><strong>Plan\u0113tu zobrati<\/strong>Zobrati, kas ri\u0146\u0137o ap Saules zobratu un ir savienoti ar nes\u0113ju.<\/li>\n<li class=\"break-words\"><strong>Iek\u0161\u0113jais zobrats (gredzenveida zobrats)<\/strong>Zobrats ar zobiem uz t\u0101 iek\u0161\u0113j\u0101s virsmas, kas sasl\u0113dzas ar plan\u0113tu zobratiem.<\/li>\n<\/ul>\n<p class=\"break-words\">At\u0161\u0137ir\u012bb\u0101 no \u0101r\u0113jo zobratu sist\u0113m\u0101m, iek\u0161\u0113jo zobratu konstrukcija \u013cauj sasniegt liel\u0101kus redukcijas koeficientus maz\u0101k\u0101 izm\u0113r\u0101, padarot to ide\u0101li piem\u0113rotu lietojumiem, kuriem nepiecie\u0161ama jaudas un telpas efektivit\u0101te. Nostiprinot da\u017e\u0101das sast\u0101vda\u013cas (piem\u0113ram, iek\u0161\u0113jo zobratu vai nes\u0113ju), sist\u0113ma var sasniegt da\u017e\u0101dus redukcijas koeficientus, nodro\u0161inot in\u017eenieriem elast\u012bbu visur.<\/p>\n<\/div>\n<h3>Specifik\u0101cija<\/h3>\n<table style=\"width: 100%;\" border=\"1\" width=\"100%\" cellspacing=\"0\" cellpadding=\"0\">\n<tbody>\n<tr>\n<td width=\"80\">Mode\u013ca numurs<\/td>\n<td width=\"531\">M3, M4, M5, M8, M12 un citi.<\/td>\n<\/tr>\n<tr>\n<td width=\"80\">Materi\u0101ls<\/td>\n<td width=\"531\">Misi\u0146\u0161, C45 t\u0113rauds, ner\u016bs\u0113jo\u0161ais t\u0113rauds, var\u0161, POM, alum\u012bnijs, sakaus\u0113jums utt.<\/td>\n<\/tr>\n<tr>\n<td rowspan=\"2\" width=\"80\">Virsmas apstr\u0101de<\/td>\n<td width=\"531\">Cinkots, Ni\u0137el\u0113ts, Pasiv\u0101cija, Oksid\u0101cija, Anod\u0113\u0161ana,<\/td>\n<\/tr>\n<tr>\n<td width=\"531\">\u0122eomets, dakromets, melnais oks\u012bds, fosfatiz\u0101cija, pulverkr\u0101so\u0161ana un elektrofor\u0113ze<\/td>\n<\/tr>\n<tr>\n<td width=\"80\">Standarta<\/td>\n<td width=\"531\">ISO, DIN, ANSI, JIS, BS un nestandarta.<\/td>\n<\/tr>\n<tr>\n<td width=\"80\">Precizit\u0101te<\/td>\n<td width=\"531\">DIN6, DIN7, DIN8, DIN9.<\/td>\n<\/tr>\n<tr>\n<td width=\"80\">Zobu \u0101rst\u0113\u0161ana<\/td>\n<td width=\"531\">R\u016bd\u012bts, fr\u0113z\u0113ts vai samalts<\/td>\n<\/tr>\n<tr>\n<td width=\"80\">Tolerance<\/td>\n<td width=\"531\">0,001 mm\u20130,01 mm\u20130,1 mm<\/td>\n<\/tr>\n<tr>\n<td width=\"80\">Pabeigt<\/td>\n<td width=\"531\">ar lodveida\/smil\u0161u str\u016bklu, termisko apstr\u0101di, atkv\u0113lin\u0101\u0161anu, r\u016bd\u012b\u0161anu, pul\u0113\u0161anu, anod\u0113\u0161anu, cinko\u0161anu<\/td>\n<\/tr>\n<tr>\n<td width=\"80\">Pre\u010du iesai\u0146o\u0161ana<\/td>\n<td width=\"531\">Plastmasas maisi\u0146\u0161 + kartona kastes vai koka iepakojums<\/td>\n<\/tr>\n<tr>\n<td width=\"80\">Ra\u017eo\u0161anas izpildes laiks<\/td>\n<td width=\"531\">20 darba dienas paraugam, 25 dienas liel\u0101kajai da\u013cai<\/td>\n<\/tr>\n<tr>\n<td rowspan=\"8\" width=\"80\">Pieteikums<\/td>\n<td width=\"531\">1. Autom\u0101tiska vad\u012bbas iek\u0101rta<\/td>\n<\/tr>\n<tr>\n<td width=\"531\">2. Pusvad\u012bt\u0101ju r\u016bpniec\u012bba<\/td>\n<\/tr>\n<tr>\n<td width=\"531\">3. Visp\u0101r\u0113j\u0101s r\u016bpniec\u012bbas iek\u0101rtas<\/td>\n<\/tr>\n<tr>\n<td width=\"531\">4. Medic\u012bnas iek\u0101rtas<\/td>\n<\/tr>\n<tr>\n<td width=\"531\">5. Saules ener\u0123ijas iek\u0101rtas<\/td>\n<\/tr>\n<tr>\n<td width=\"531\">6. Darbgalds<\/td>\n<\/tr>\n<tr>\n<td width=\"531\">7. Parko\u0161an\u0101s sist\u0113ma<\/td>\n<\/tr>\n<tr>\n<td width=\"531\">8. \u0100trgaitas dzelzce\u013ca un avi\u0101cijas transporta apr\u012bkojums utt.<\/td>\n<\/tr>\n<\/tbody>\n<\/table>\n<div>\n<h3>K\u0101p\u0113c izv\u0113l\u0113ties iek\u0161\u0113jos plan\u0113tu p\u0101rnesumus?<\/h3>\n<p class=\"break-words\">Iek\u0161\u0113jo plan\u0113tu p\u0101rnesumu priek\u0161roc\u012bbas ietver:<\/p>\n<ul class=\"marker:text-secondary\">\n<li class=\"break-words\"><strong>Augstas redukcijas attiec\u012bbas<\/strong>Pan\u0101kts, pateicoties iek\u0161\u0113j\u0101 zobrata mijiedarb\u012bbai ar plan\u0113tu zobratiem.<\/li>\n<li class=\"break-words\"><strong>Kompakts izm\u0113rs<\/strong>Lieliski piem\u0113rots ierobe\u017eotas vietas lietojumprogramm\u0101m.<\/li>\n<li class=\"break-words\"><strong>Iztur\u012bga griezes momenta izeja<\/strong>Ide\u0101li piem\u0113rots smagiem darbiem.<\/li>\n<li class=\"break-words\"><strong>Daudzpus\u012bba<\/strong>Piel\u0101gojamas konfigur\u0101cijas atbilst da\u017e\u0101d\u0101m vajadz\u012bb\u0101m.<\/li>\n<\/ul>\n<p class=\"break-words\">Uz\u0146\u0113mumiem Mil\u0101nas autob\u016bves nozar\u0113 vai Florences r\u016bpniec\u012bbas zon\u0101s \u0161\u012bs priek\u0161roc\u012bbas noz\u012bm\u0113 uzlabotu efektivit\u0101ti un iztur\u012bbu.<\/p>\n<h2>FMP: J\u016bsu iek\u0161\u0113jo plan\u0113tu p\u0101rnesumu eksperts It\u0101lij\u0101<\/h2>\n<p class=\"break-words\">FMP lepojas ar to, ka ir vado\u0161ais iek\u0161\u0113jo planet\u0101ro p\u0101rnesumu ra\u017eot\u0101js, apkalpojot klientus no Ven\u0113cijas l\u012bdz Bolo\u0146ai. M\u016bsu pied\u0101v\u0101jums ietver:<\/p>\n<ul class=\"marker:text-secondary\">\n<li class=\"break-words\"><strong>Da\u017e\u0101ds diapazons<\/strong>M\u0113s ra\u017eojam da\u017e\u0101du veidu iek\u0161\u0113jos planet\u0101ros p\u0101rnesumus, s\u0101kot no standarta konstrukcij\u0101m l\u012bdz sare\u017e\u0123\u012bt\u0101m sist\u0113m\u0101m.<\/li>\n<li class=\"break-words\"><strong>Piel\u0101go\u0161ana<\/strong>Vai nepiecie\u0161ams individu\u0101ls risin\u0101jums? M\u016bsu in\u017eenieri var izstr\u0101d\u0101t un izgatavot piel\u0101gotus iek\u0161\u0113jos planet\u0101ros p\u0101rnesumus, kas piel\u0101goti j\u016bsu specifik\u0101cij\u0101m.<\/li>\n<li class=\"break-words\"><strong>Prec\u012bza meistar\u012bba<\/strong>Izmantojot progres\u012bvas tehnolo\u0123ijas, m\u0113s nodro\u0161in\u0101m, ka katrs apr\u012bkojums atbilst stingriem kvalit\u0101tes standartiem.<\/li>\n<\/ul>\n<table style=\"width: 100.875%; height: 89px;\" border=\"0\" width=\"240\" cellspacing=\"0\" cellpadding=\"0\">\n<tbody>\n<tr>\n<td width=\"80\" height=\"24\"><img loading=\"lazy\" decoding=\"async\" class=\"size-full wp-image-7717 aligncenter\" src=\"https:\/\/fmp-components.com\/wp-content\/uploads\/2025\/04\/Planetary-Gear-set-factory-2-scaled.webp\" sizes=\"(min-width: 0px) and (max-width: 480px) 480px, (min-width: 481px) and (max-width: 980px) 980px, (min-width: 981px) and (max-width: 1280px) 1280px, (min-width: 1281px) 2560px, 100vw\" srcset=\"https:\/\/fmp-components.com\/wp-content\/uploads\/2025\/04\/Planetary-Gear-set-factory-2-scaled.webp 2560w, https:\/\/fmp-components.com\/wp-content\/uploads\/2025\/04\/Planetary-Gear-set-factory-2-1280x1280.webp 1280w, https:\/\/fmp-components.com\/wp-content\/uploads\/2025\/04\/Planetary-Gear-set-factory-2-980x980.webp 980w, https:\/\/fmp-components.com\/wp-content\/uploads\/2025\/04\/Planetary-Gear-set-factory-2-480x480.webp 480w\" alt=\"\u884c\u661f\u9f7f\u8f6e\u7ec4\u5de5\u5382\" width=\"2560\" height=\"2560\" title=\"\"><\/td>\n<td width=\"80\"><img loading=\"lazy\" decoding=\"async\" class=\"size-full wp-image-7718 aligncenter\" src=\"https:\/\/fmp-components.com\/wp-content\/uploads\/2025\/04\/Planetary-Gear-set-factory-4.webp\" sizes=\"(min-width: 0px) and (max-width: 480px) 480px, (min-width: 481px) 600px, 100vw\" srcset=\"https:\/\/fmp-components.com\/wp-content\/uploads\/2025\/04\/Planetary-Gear-set-factory-4.webp 600w, https:\/\/fmp-components.com\/wp-content\/uploads\/2025\/04\/Planetary-Gear-set-factory-4-480x480.webp 480w\" alt=\"\u884c\u661f\u9f7f\u8f6e\u7ec4\u5de5\u5382\" width=\"600\" height=\"600\" title=\"\"><\/td>\n<td width=\"80\"><strong><img loading=\"lazy\" decoding=\"async\" class=\"size-full wp-image-7719 aligncenter\" src=\"https:\/\/fmp-components.com\/wp-content\/uploads\/2025\/04\/Planetary-Gear-set-factory-1-scaled.webp\" sizes=\"(min-width: 0px) and (max-width: 480px) 480px, (min-width: 481px) and (max-width: 980px) 980px, (min-width: 981px) and (max-width: 1280px) 1280px, (min-width: 1281px) 2560px, 100vw\" srcset=\"https:\/\/fmp-components.com\/wp-content\/uploads\/2025\/04\/Planetary-Gear-set-factory-1-scaled.webp 2560w, https:\/\/fmp-components.com\/wp-content\/uploads\/2025\/04\/Planetary-Gear-set-factory-1-1280x1280.webp 1280w, https:\/\/fmp-components.com\/wp-content\/uploads\/2025\/04\/Planetary-Gear-set-factory-1-980x980.webp 980w, https:\/\/fmp-components.com\/wp-content\/uploads\/2025\/04\/Planetary-Gear-set-factory-1-480x480.webp 480w\" alt=\"\u884c\u661f\u9f7f\u8f6e\u7ec4\u5de5\u5382\" width=\"2560\" height=\"2560\" title=\"\"><\/strong><\/td>\n<\/tr>\n<\/tbody>\n<\/table>\n<\/div>","protected":false},"excerpt":{"rendered":"<p>Internal Planetary Gears: Precision and Power by FMP Internal planetary gears, a vital component of planetary gear mechanisms, are renowned for their ability to deliver high torque and precise speed reduction in compact designs. These systems feature a central sun gear, orbiting planet gears, and an internal ring gear that meshes internally with the planet [&hellip;]<\/p>","protected":false},"featured_media":4625,"comment_status":"open","ping_status":"closed","template":"","meta":{"_et_pb_use_builder":"","_et_pb_old_content":"","_et_gb_content_width":""},"product_brand":[],"product_cat":[113],"product_tag":[],"class_list":{"0":"post-7721","1":"product","2":"type-product","3":"status-publish","4":"has-post-thumbnail","6":"product_cat-planetary-gear","8":"first","9":"instock","10":"shipping-taxable","11":"product-type-simple"},"_links":{"self":[{"href":"https:\/\/fmp-components.com\/lv\/wp-json\/wp\/v2\/product\/7721","targetHints":{"allow":["GET"]}}],"collection":[{"href":"https:\/\/fmp-components.com\/lv\/wp-json\/wp\/v2\/product"}],"about":[{"href":"https:\/\/fmp-components.com\/lv\/wp-json\/wp\/v2\/types\/product"}],"replies":[{"embeddable":true,"href":"https:\/\/fmp-components.com\/lv\/wp-json\/wp\/v2\/comments?post=7721"}],"wp:featuredmedia":[{"embeddable":true,"href":"https:\/\/fmp-components.com\/lv\/wp-json\/wp\/v2\/media\/4625"}],"wp:attachment":[{"href":"https:\/\/fmp-components.com\/lv\/wp-json\/wp\/v2\/media?parent=7721"}],"wp:term":[{"taxonomy":"product_brand","embeddable":true,"href":"https:\/\/fmp-components.com\/lv\/wp-json\/wp\/v2\/product_brand?post=7721"},{"taxonomy":"product_cat","embeddable":true,"href":"https:\/\/fmp-components.com\/lv\/wp-json\/wp\/v2\/product_cat?post=7721"},{"taxonomy":"product_tag","embeddable":true,"href":"https:\/\/fmp-components.com\/lv\/wp-json\/wp\/v2\/product_tag?post=7721"}],"curies":[{"name":"wp","href":"https:\/\/api.w.org\/{rel}","templated":true}]}}