{"id":7713,"date":"2025-04-03T05:19:05","date_gmt":"2025-04-03T05:19:05","guid":{"rendered":"https:\/\/fmp-components.com\/?post_type=product&#038;p=7713"},"modified":"2025-04-03T05:39:42","modified_gmt":"2025-04-03T05:39:42","slug":"planetary-gear-sets","status":"publish","type":"product","link":"https:\/\/fmp-components.com\/lv\/product\/planetary-gear-sets\/","title":{"rendered":"Plan\u0113tu p\u0101rnesumu komplekti"},"content":{"rendered":"<div>\n<h2>Plan\u0113tu p\u0101rnesumu komplektu pamati<\/h2>\n<p class=\"break-words\">Plan\u0113tu zobratu komplekti, kas paz\u012bstami ar\u012b k\u0101 epiciklisko zobratu sist\u0113mas, ir m\u016bsdienu ma\u0161\u012bnb\u016bves st\u016brakmens. \u0160o sist\u0113mu pamat\u0101 ir centr\u0101lais saules zobrats, uz nes\u0113ja uzst\u0101d\u012bti orb\u012btveida plan\u0113tu zobrati un \u0101r\u0113jais gredzena zobrats. \u0160is unik\u0101lais izk\u0101rtojums \u013cauj plan\u0113tu zobratu komplektiem nodro\u0161in\u0101t izcilu griezes momentu, \u0101truma samazin\u0101\u0161anu un efektivit\u0101ti kompakt\u0101 konstrukcij\u0101. Neatkar\u012bgi no t\u0101, vai atrodaties Mil\u0101n\u0101, Ven\u0113cij\u0101, Florenc\u0113 vai Bolo\u0146\u0101, r\u016bpniec\u012bbas nozares vis\u0101 It\u0101lij\u0101 pa\u013caujas uz \u0161\u012bm iztur\u012bgaj\u0101m sist\u0113m\u0101m, s\u0101kot no automobi\u013cu transmisij\u0101m l\u012bdz r\u016bpnieciskaj\u0101m iek\u0101rt\u0101m.<\/p>\n<p class=\"break-words\">FMP specializ\u0113jas augstas kvalit\u0101tes planet\u0101ro zobratu komplektu ra\u017eo\u0161an\u0101, kas piel\u0101goti da\u017e\u0101d\u0101m vajadz\u012bb\u0101m. Ar ap\u0146em\u0161anos nodro\u0161in\u0101t precizit\u0101ti un inov\u0101cijas, m\u0113s apkalpojam klientus vis\u0101 It\u0101lij\u0101 un \u0101rpus t\u0101s, nodro\u0161inot augst\u0101k\u0101 l\u012bme\u0146a veiktsp\u0113ju katram m\u016bsu ra\u017eotajam zobratam.<\/p>\n<\/div>\n<p><img loading=\"lazy\" decoding=\"async\" class=\"size-full wp-image-7714 aligncenter\" src=\"https:\/\/fmp-components.com\/wp-content\/uploads\/2025\/04\/Planetary-Gear-set-1.webp\" alt=\"Plan\u0113tu p\u0101rnesumu komplekts\" width=\"943\" height=\"634\" title=\"\" srcset=\"https:\/\/fmp-components.com\/wp-content\/uploads\/2025\/04\/Planetary-Gear-set-1.webp 943w, https:\/\/fmp-components.com\/wp-content\/uploads\/2025\/04\/Planetary-Gear-set-1-480x323.webp 480w\" sizes=\"(min-width: 0px) and (max-width: 480px) 480px, (min-width: 481px) 943px, 100vw\" \/><\/p>\n<div>\n<h4>Kas ir plan\u0113tu p\u0101rnesumu komplekti?<\/h4>\n<p class=\"break-words\">Plan\u0113tu p\u0101rnesumu komplekts darbojas ar trim galvenaj\u0101m sast\u0101vda\u013c\u0101m:<\/p>\n<ul class=\"marker:text-secondary\">\n<li class=\"break-words\"><strong>Saules apr\u012bkojums<\/strong>Centr\u0101lais zobrats (bie\u017ei att\u0113lots dzelten\u0101 kr\u0101s\u0101), kas darbina sist\u0113mu.<\/li>\n<li class=\"break-words\"><strong>Plan\u0113tu zobrati<\/strong>Vair\u0101ki zobrati (parasti zili), kas ri\u0146\u0137o ap saules zobratu un ir uzst\u0101d\u012bti uz kust\u012bga nes\u0113ja (za\u013c\u0161).<\/li>\n<li class=\"break-words\"><strong>Gredzenveida zobrats<\/strong>\u0100r\u0113jais zobrats (roz\u0101 kr\u0101s\u0101), kas sasl\u0113dzas ar plan\u0113tas zobratiem, aptverot sist\u0113mu.<\/li>\n<\/ul>\n<p class=\"break-words\">\u0160\u012b konfigur\u0101cija nodro\u0161ina daudzpus\u012bgus p\u0101rnesumu skait\u013cus un lielu griezes momentu, padarot plan\u0113tu p\u0101rnesumu komplektus ide\u0101li piem\u0113rotus lietojumiem, kuros telpa un svars ir kritiski svar\u012bgi. S\u0101kot no vienk\u0101r\u0161\u0101m konstrukcij\u0101m l\u012bdz sare\u017e\u0123\u012bt\u0101m savienojumu sist\u0113m\u0101m, to piel\u0101gojam\u012bba ir piem\u0113rota pla\u0161am nozaru kl\u0101stam.<\/p>\n<h4>Plan\u0113tu p\u0101rnesumu komplektu pielietojumi<\/h4>\n<p class=\"break-words\">Plan\u0113tu p\u0101rnesumu komplekti tiek pla\u0161i izmantoti vis\u0101 It\u0101lij\u0101, s\u0101kot no Mil\u0101nas un Bolo\u0146as r\u016bpniec\u012bbas centriem l\u012bdz pat Florences un Ven\u0113cijas in\u017eeniertehniskaj\u0101m darbn\u012bc\u0101m. To sp\u0113ja nodro\u0161in\u0101t iev\u0113rojamu \u0101truma samazin\u0101jumu un griezes momentu kompakt\u0101 veid\u0101 padara tos neaizst\u0101jamus:<\/p>\n<ul class=\"marker:text-secondary\">\n<li class=\"break-words\"><strong>Automobi\u013ci un bezce\u013cu transportl\u012bdzek\u013ci<\/strong>Atrodams autom\u0101tiskaj\u0101s p\u0101rnesumk\u0101rb\u0101s un rite\u0146u piedzi\u0146\u0101s.<\/li>\n<li class=\"break-words\"><strong>R\u016bpniecisk\u0101s iek\u0101rtas<\/strong>: Konveijeru, mais\u012bt\u0101ju un me\u017esaimniec\u012bbas tehnikas darbin\u0101\u0161ana.<\/li>\n<li class=\"break-words\"><strong>Pat\u0113ri\u0146a preces<\/strong>Izmanto elektriskajos skr\u016bvgrie\u017eos un velosip\u0113du p\u0101rnesumu sist\u0113m\u0101s.<\/li>\n<li class=\"break-words\"><strong>Lieljaudas pielietojumi<\/strong>: Atbalsta traktorus, celtniec\u012bbas apr\u012bkojumu un turb\u012bnu dzin\u0113jus.<\/li>\n<\/ul>\n<p class=\"break-words\">Vair\u0101ku plan\u0113tu p\u0101rnesumu slodzes sadales raksturs nodro\u0161ina iztur\u012bbu un nodilumiztur\u012bbu, ko \u012bpa\u0161i nov\u0113rt\u0113 It\u0101lijas ra\u017eot\u0101ji un in\u017eenieri t\u0101d\u0101s pils\u0113t\u0101s k\u0101 Mil\u0101na un Bolo\u0146a, veicot darb\u012bbas ar lielu triecienu.<\/p>\n<div>\n<h4>K\u0101p\u0113c izv\u0113l\u0113ties plan\u0113tu p\u0101rnesumu komplektus?<\/h4>\n<p class=\"break-words\">Plan\u0113tu p\u0101rnesumu komplektu priek\u0161roc\u012bbas ir ac\u012bmredzamas:<\/p>\n<ul class=\"marker:text-secondary\">\n<li class=\"break-words\"><strong>Augsts griezes momenta bl\u012bvums<\/strong>Vair\u0101ki plan\u0113tu p\u0101rnesumi sadala slodzi, palielinot jaudas izvadi.<\/li>\n<li class=\"break-words\"><strong>Kompakts dizains<\/strong>Ide\u0101li piem\u0113rots lietojumprogramm\u0101m ar ierobe\u017eotu vietu.<\/li>\n<li class=\"break-words\"><strong>Iztur\u012bba<\/strong>Vienm\u0113r\u012bgs slodzes sadal\u012bjums palielina p\u0101rnesumu kalpo\u0161anas laiku.<\/li>\n<li class=\"break-words\"><strong>Elast\u012bba<\/strong>Viegli regul\u0113jami p\u0101rnesumu skait\u013ci, modific\u0113jot neso\u0161o vai saules zobratu.<\/li>\n<\/ul>\n<p class=\"break-words\">Uz\u0146\u0113mumiem Ven\u0113cij\u0101 vai Florenc\u0113, kas v\u0113las optimiz\u0113t iek\u0101rtu veiktsp\u0113ju, \u0161\u012bs priek\u0161roc\u012bbas noz\u012bm\u0113 efektivit\u0101ti un uzticam\u012bbu, samazinot d\u012bkst\u0101ves laiku un apkopes izmaksas.<\/p>\n<p><img loading=\"lazy\" decoding=\"async\" class=\"wp-image-7716 aligncenter\" src=\"https:\/\/fmp-components.com\/wp-content\/uploads\/2025\/04\/Planetary-Gear-set-2.webp\" alt=\"Plan\u0113tu p\u0101rnesumu komplekts\" width=\"809\" height=\"539\" title=\"\" srcset=\"https:\/\/fmp-components.com\/wp-content\/uploads\/2025\/04\/Planetary-Gear-set-2.webp 809w, https:\/\/fmp-components.com\/wp-content\/uploads\/2025\/04\/Planetary-Gear-set-2-480x320.webp 480w\" sizes=\"(min-width: 0px) and (max-width: 480px) 480px, (min-width: 481px) 809px, 100vw\" \/><\/p>\n<h4>FMP: J\u016bsu uzticamais plan\u0113tu p\u0101rnesumu komplektu ra\u017eot\u0101js It\u0101lij\u0101<\/h4>\n<p class=\"break-words\">Uz\u0146\u0113mum\u0101 FMP m\u0113s lepojamies ar to, ka esam vado\u0161ais planet\u0101ro zobratu komplektu ra\u017eot\u0101js, apkalpojot klientus vis\u0101 It\u0101lij\u0101 un vis\u0101 pasaul\u0113. Balstoties uz m\u016bsu pla\u0161o in\u017eeniertehnisko pieredzi, m\u0113s pied\u0101v\u0101jam:<\/p>\n<ul class=\"marker:text-secondary\">\n<li class=\"break-words\"><strong>Da\u017e\u0101di veidi<\/strong>No standarta konstrukcij\u0101m l\u012bdz sare\u017e\u0123\u012bt\u0101m salikt\u0101m sist\u0113m\u0101m m\u0113s ra\u017eojam planet\u0101ros p\u0101rnesumu komplektus visiem pielietojumiem.<\/li>\n<li class=\"break-words\"><strong>Piel\u0101go\u0161ana<\/strong>Vai nepiecie\u0161ama \u012bpa\u0161a konfigur\u0101cija? M\u016bsu kvalific\u0113tie in\u017eenieri It\u0101lij\u0101 var izstr\u0101d\u0101t un izgatavot piel\u0101gotus planet\u0101ros p\u0101rnesumu komplektus, kas prec\u012bzi atbilst j\u016bsu specifik\u0101cij\u0101m.<\/li>\n<li class=\"break-words\"><strong>Prec\u012bza ra\u017eo\u0161ana<\/strong>Izmantojot progres\u012bvas metodes, m\u0113s nodro\u0161in\u0101m, ka katrs apr\u012bkojums atbilst augst\u0101kajiem kvalit\u0101tes un veiktsp\u0113jas standartiem.<\/li>\n<\/ul>\n<p class=\"break-words\">Neatkar\u012bgi no t\u0101, vai atrodaties Mil\u0101nas ros\u012bgaj\u0101 r\u016bpniec\u012bbas sektor\u0101, Ven\u0113cijas inovat\u012bvaj\u0101s darbn\u012bc\u0101s, Bolo\u0146as ma\u0161\u012bnb\u016bves centros vai Florences amatniecisk\u0101s in\u017eenierijas telp\u0101s, FMP ir j\u016bsu uzticamais partneris planet\u0101ro p\u0101rnesumu risin\u0101jumu jom\u0101.<\/p>\n<table style=\"border-collapse: collapse; width: 101.625%; height: 50px;\" border=\"0\" width=\"240\" cellspacing=\"0\" cellpadding=\"0\">\n<tbody>\n<tr style=\"height: 14.40pt;\">\n<td style=\"height: 14.40pt; width: 48.00pt;\" width=\"80\" height=\"24\"><img loading=\"lazy\" decoding=\"async\" class=\"size-full wp-image-7717 aligncenter\" src=\"https:\/\/fmp-components.com\/wp-content\/uploads\/2025\/04\/Planetary-Gear-set-factory-2-scaled.webp\" alt=\"Plan\u0113tu p\u0101rnesumu komplekta r\u016bpn\u012bca\" width=\"2560\" height=\"2560\" title=\"\" srcset=\"https:\/\/fmp-components.com\/wp-content\/uploads\/2025\/04\/Planetary-Gear-set-factory-2-scaled.webp 2560w, https:\/\/fmp-components.com\/wp-content\/uploads\/2025\/04\/Planetary-Gear-set-factory-2-1280x1280.webp 1280w, https:\/\/fmp-components.com\/wp-content\/uploads\/2025\/04\/Planetary-Gear-set-factory-2-980x980.webp 980w, https:\/\/fmp-components.com\/wp-content\/uploads\/2025\/04\/Planetary-Gear-set-factory-2-480x480.webp 480w\" sizes=\"(min-width: 0px) and (max-width: 480px) 480px, (min-width: 481px) and (max-width: 980px) 980px, (min-width: 981px) and (max-width: 1280px) 1280px, (min-width: 1281px) 2560px, 100vw\" \/><\/td>\n<td style=\"width: 48.00pt;\" width=\"80\"><img loading=\"lazy\" decoding=\"async\" class=\"size-full wp-image-7718 aligncenter\" src=\"https:\/\/fmp-components.com\/wp-content\/uploads\/2025\/04\/Planetary-Gear-set-factory-4.webp\" alt=\"Plan\u0113tu p\u0101rnesumu komplekta r\u016bpn\u012bca\" width=\"600\" height=\"600\" title=\"\" srcset=\"https:\/\/fmp-components.com\/wp-content\/uploads\/2025\/04\/Planetary-Gear-set-factory-4.webp 600w, https:\/\/fmp-components.com\/wp-content\/uploads\/2025\/04\/Planetary-Gear-set-factory-4-480x480.webp 480w\" sizes=\"(min-width: 0px) and (max-width: 480px) 480px, (min-width: 481px) 600px, 100vw\" \/><\/td>\n<td style=\"width: 48.00pt;\" width=\"80\"><strong><img loading=\"lazy\" decoding=\"async\" class=\"size-full wp-image-7719 aligncenter\" src=\"https:\/\/fmp-components.com\/wp-content\/uploads\/2025\/04\/Planetary-Gear-set-factory-1-scaled.webp\" alt=\"Plan\u0113tu p\u0101rnesumu komplekta r\u016bpn\u012bca\" width=\"2560\" height=\"2560\" title=\"\" srcset=\"https:\/\/fmp-components.com\/wp-content\/uploads\/2025\/04\/Planetary-Gear-set-factory-1-scaled.webp 2560w, https:\/\/fmp-components.com\/wp-content\/uploads\/2025\/04\/Planetary-Gear-set-factory-1-1280x1280.webp 1280w, https:\/\/fmp-components.com\/wp-content\/uploads\/2025\/04\/Planetary-Gear-set-factory-1-980x980.webp 980w, https:\/\/fmp-components.com\/wp-content\/uploads\/2025\/04\/Planetary-Gear-set-factory-1-480x480.webp 480w\" sizes=\"(min-width: 0px) and (max-width: 480px) 480px, (min-width: 481px) and (max-width: 980px) 980px, (min-width: 981px) and (max-width: 1280px) 1280px, (min-width: 1281px) 2560px, 100vw\" \/><\/strong><\/td>\n<\/tr>\n<\/tbody>\n<\/table>\n<\/div>\n<\/div>","protected":false},"excerpt":{"rendered":"<p>The Fundamentals of Planetary Gear Sets Planetary gear sets, also known as epicyclic gear systems, are a cornerstone of modern mechanical engineering. At their core, these systems consist of a central sun gear, orbiting planet gears mounted on a carrier, and an outer ring gear. This unique arrangement allows planetary gear sets to deliver exceptional [&hellip;]<\/p>","protected":false},"featured_media":7720,"comment_status":"open","ping_status":"closed","template":"","meta":{"_et_pb_use_builder":"","_et_pb_old_content":"","_et_gb_content_width":""},"product_brand":[],"product_cat":[113],"product_tag":[],"class_list":{"0":"post-7713","1":"product","2":"type-product","3":"status-publish","4":"has-post-thumbnail","6":"product_cat-planetary-gear","8":"first","9":"instock","10":"shipping-taxable","11":"product-type-simple"},"_links":{"self":[{"href":"https:\/\/fmp-components.com\/lv\/wp-json\/wp\/v2\/product\/7713","targetHints":{"allow":["GET"]}}],"collection":[{"href":"https:\/\/fmp-components.com\/lv\/wp-json\/wp\/v2\/product"}],"about":[{"href":"https:\/\/fmp-components.com\/lv\/wp-json\/wp\/v2\/types\/product"}],"replies":[{"embeddable":true,"href":"https:\/\/fmp-components.com\/lv\/wp-json\/wp\/v2\/comments?post=7713"}],"wp:featuredmedia":[{"embeddable":true,"href":"https:\/\/fmp-components.com\/lv\/wp-json\/wp\/v2\/media\/7720"}],"wp:attachment":[{"href":"https:\/\/fmp-components.com\/lv\/wp-json\/wp\/v2\/media?parent=7713"}],"wp:term":[{"taxonomy":"product_brand","embeddable":true,"href":"https:\/\/fmp-components.com\/lv\/wp-json\/wp\/v2\/product_brand?post=7713"},{"taxonomy":"product_cat","embeddable":true,"href":"https:\/\/fmp-components.com\/lv\/wp-json\/wp\/v2\/product_cat?post=7713"},{"taxonomy":"product_tag","embeddable":true,"href":"https:\/\/fmp-components.com\/lv\/wp-json\/wp\/v2\/product_tag?post=7713"}],"curies":[{"name":"wp","href":"https:\/\/api.w.org\/{rel}","templated":true}]}}