{"id":7653,"date":"2025-04-02T07:39:15","date_gmt":"2025-04-02T07:39:15","guid":{"rendered":"https:\/\/fmp-components.com\/?post_type=product&#038;p=7653"},"modified":"2025-04-02T08:44:40","modified_gmt":"2025-04-02T08:44:40","slug":"bevel-gear-set","status":"publish","type":"product","link":"https:\/\/fmp-components.com\/lv\/product\/bevel-gear-set\/","title":{"rendered":"Konusveida zobratu komplekts"},"content":{"rendered":"<div>\n<h2>Konusveida zobratu komplekts: FMP augstas kvalit\u0101tes risin\u0101jumi ikvienai vajadz\u012bbai<\/h2>\n<p class=\"break-words\">Konusveida zobratu komplekti ir b\u016btiskas kust\u012bbas p\u0101rvades sist\u0113mu sast\u0101vda\u013cas, ko izmanto jaudas p\u0101rs\u016bt\u012b\u0161anai starp krustojo\u0161\u0101m as\u012bm, bie\u017ei vien 90 gr\u0101du le\u0146\u0137\u012b. Pateicoties to daudzpus\u012bbai, tie atrod pielietojumu da\u017e\u0101d\u0101s nozar\u0113s, s\u0101kot no autob\u016bves l\u012bdz ra\u017eo\u0161anas nozarei. FMP lepojas ar to, ka pied\u0101v\u0101 pla\u0161u konusveida zobratu komplektu kl\u0101stu, kas piln\u012bb\u0101 ra\u017eots It\u0101lij\u0101 un apvieno augst\u0101ko kvalit\u0101ti ar piel\u0101go\u0161anas iesp\u0113j\u0101m, lai apmierin\u0101tu visas pras\u012bbas.<\/p>\n<\/div>\n<p><img loading=\"lazy\" decoding=\"async\" class=\"size-full wp-image-7654 alignnone\" src=\"https:\/\/fmp-components.com\/wp-content\/uploads\/2025\/04\/coppia-conica.webp\" alt=\"kopija-konica\" width=\"1400\" height=\"700\" title=\"\" srcset=\"https:\/\/fmp-components.com\/wp-content\/uploads\/2025\/04\/coppia-conica.webp 1400w, https:\/\/fmp-components.com\/wp-content\/uploads\/2025\/04\/coppia-conica-1280x640.webp 1280w, https:\/\/fmp-components.com\/wp-content\/uploads\/2025\/04\/coppia-conica-980x490.webp 980w, https:\/\/fmp-components.com\/wp-content\/uploads\/2025\/04\/coppia-conica-480x240.webp 480w\" sizes=\"(min-width: 0px) and (max-width: 480px) 480px, (min-width: 481px) and (max-width: 980px) 980px, (min-width: 981px) and (max-width: 1280px) 1280px, (min-width: 1281px) 1400px, 100vw\" \/><\/p>\n<div>\n<h3>FMP ra\u017eoto konusveida zobratu komplektu veidi<\/h3>\n<p class=\"break-words\">FMP pied\u0101v\u0101 pla\u0161u konusveida zobratu komplektu kl\u0101stu, kas izstr\u0101d\u0101ti, lai apmierin\u0101tu da\u017e\u0101das tehnisk\u0101s vajadz\u012bbas:<\/p>\n<ul class=\"marker:text-secondary\">\n<li class=\"break-words\"><strong>Standarta konusveida zobratu komplekti:<\/strong> Pieejami no 1. modu\u013ca l\u012bdz 5. modulim, ar taisniem vai spir\u0101lveida zobiem no C45 E t\u0113rauda. \u0160ie konusveida zobratu komplekti atbilst UNI 6588 (A tips) standartiem un ietver iepriek\u0161 urbtus caurumus, lai atvieglotu apstr\u0101di. Tie ir ide\u0101li piem\u0113roti lietojumiem, kuriem nepiecie\u0161ami p\u0101rnesumskait\u013ci 1:1 vai l\u012bdz 1:4.<\/li>\n<li class=\"break-words\"><strong>Piel\u0101goti konusveida zobratu komplekti:<\/strong> Klientiem ar \u012bpa\u0161\u0101m vajadz\u012bb\u0101m m\u0113s pied\u0101v\u0101jam iesp\u0113ju izstr\u0101d\u0101t konusveida zobratu komplektus ar piel\u0101gotiem zobiem, materi\u0101liem un virsmas apstr\u0101di, kas piel\u0101gota visinik\u0101l\u0101kaj\u0101m pras\u012bb\u0101m.<\/li>\n<\/ul>\n<p class=\"break-words\">Neatkar\u012bgi no t\u0101, vai tas ir automobi\u013cu diferenci\u0101lis vai sare\u017e\u0123\u012bta r\u016bpniecisk\u0101 sist\u0113ma, m\u016bsu konusveida zobratu komplekti nodro\u0161ina uzticamu un ilgsto\u0161u veiktsp\u0113ju.<\/p>\n<p><img loading=\"lazy\" decoding=\"async\" class=\"size-full wp-image-7656 aligncenter\" src=\"https:\/\/fmp-components.com\/wp-content\/uploads\/2025\/04\/coppia-conica-1.webp\" alt=\"kopija-konica\" width=\"1600\" height=\"800\" title=\"\" srcset=\"https:\/\/fmp-components.com\/wp-content\/uploads\/2025\/04\/coppia-conica-1.webp 1600w, https:\/\/fmp-components.com\/wp-content\/uploads\/2025\/04\/coppia-conica-1-1280x640.webp 1280w, https:\/\/fmp-components.com\/wp-content\/uploads\/2025\/04\/coppia-conica-1-980x490.webp 980w, https:\/\/fmp-components.com\/wp-content\/uploads\/2025\/04\/coppia-conica-1-480x240.webp 480w\" sizes=\"(min-width: 0px) and (max-width: 480px) 480px, (min-width: 481px) and (max-width: 980px) 980px, (min-width: 981px) and (max-width: 1280px) 1280px, (min-width: 1281px) 1600px, 100vw\" \/><\/p>\n<h3>Da\u017eas produkta specifik\u0101cijas<\/h3>\n<h4>Attiec\u012bba 3:1<\/h4>\n<table style=\"width: 100%; height: 369px;\" border=\"1\" width=\"100%\" cellspacing=\"0\" cellpadding=\"0\">\n<tbody>\n<tr style=\"height: 47px;\">\n<td style=\"height: 47px;\" width=\"80\">Modulis<\/td>\n<td style=\"height: 47px;\" width=\"80\">Zobu skaits<\/td>\n<td style=\"height: 47px;\" width=\"80\">da<br \/>\n(mm)<\/td>\n<td style=\"height: 47px;\" width=\"80\">d<br \/>\n(mm)<\/td>\n<td style=\"height: 47px;\" width=\"80\">ND<br \/>\n(mm)<\/td>\n<td style=\"height: 47px;\" width=\"80\">NL<br \/>\n(mm)<\/td>\n<td style=\"height: 47px;\" width=\"80\">L1<br \/>\n(mm)<\/td>\n<td style=\"height: 47px;\" width=\"80\">L<br \/>\n(mm)<\/td>\n<td style=\"height: 47px;\" width=\"80\">S1) (mm)<\/td>\n<td style=\"height: 47px;\" width=\"80\">b<br \/>\n(mm)<\/td>\n<td style=\"height: 47px;\" width=\"80\">BH7 (mm)<\/td>\n<td style=\"height: 47px;\" width=\"80\">E<br \/>\n(mm)<\/td>\n<td style=\"height: 47px;\" width=\"80\">Griezes moments* (Nm)<\/td>\n<td style=\"height: 47px;\" width=\"80\">Svars g\/p\u0101ris<\/td>\n<\/tr>\n<tr style=\"height: 23px;\">\n<td style=\"height: 46px;\" rowspan=\"2\" width=\"80\">0,6<\/td>\n<td style=\"height: 23px;\" width=\"80\">20<\/td>\n<td style=\"height: 23px;\" width=\"80\">19<\/td>\n<td style=\"height: 23px;\" width=\"80\">18<\/td>\n<td style=\"height: 23px;\" width=\"80\">15<\/td>\n<td style=\"height: 23px;\" width=\"80\">7<\/td>\n<td style=\"height: 23px;\" width=\"80\">17,<\/td>\n<td style=\"height: 23px;\" width=\"80\">17,7<\/td>\n<td style=\"height: 23px;\" width=\"80\">8,2<\/td>\n<td style=\"height: 23px;\" width=\"80\">10<\/td>\n<td style=\"height: 23px;\" width=\"80\">6<\/td>\n<td style=\"height: 23px;\" width=\"80\">35<\/td>\n<td style=\"height: 23px;\" width=\"80\">2<\/td>\n<td style=\"height: 23px;\" width=\"80\">175<\/td>\n<\/tr>\n<tr style=\"height: 23px;\">\n<td style=\"height: 23px;\" width=\"80\">60<\/td>\n<td style=\"height: 23px;\" width=\"80\">54,<\/td>\n<td style=\"height: 23px;\" width=\"80\">54<\/td>\n<td style=\"height: 23px;\" width=\"80\">45<\/td>\n<td style=\"height: 23px;\" width=\"80\">8<\/td>\n<td style=\"height: 23px;\" width=\"80\">16<\/td>\n<td style=\"height: 23px;\" width=\"80\">1<\/td>\n<td style=\"height: 23px;\" width=\"80\">16<\/td>\n<td style=\"height: 23px;\" width=\"80\">10<\/td>\n<td style=\"height: 23px;\" width=\"80\">10<\/td>\n<td style=\"height: 23px;\" width=\"80\">2<\/td>\n<td style=\"height: 23px;\" width=\"80\">6,3<\/td>\n<td style=\"height: 23px;\" width=\"80\">175<\/td>\n<\/tr>\n<tr style=\"height: 23px;\">\n<td style=\"height: 46px;\" rowspan=\"2\" width=\"80\">1<\/td>\n<td style=\"height: 23px;\" width=\"80\">16<\/td>\n<td style=\"height: 23px;\" width=\"80\">26,1<\/td>\n<td style=\"height: 23px;\" width=\"80\">2<\/td>\n<td style=\"height: 23px;\" width=\"80\">20<\/td>\n<td style=\"height: 23px;\" width=\"80\">8,3<\/td>\n<td style=\"height: 23px;\" width=\"80\">2<\/td>\n<td style=\"height: 23px;\" width=\"80\">22,6<\/td>\n<td style=\"height: 23px;\" width=\"80\">9<\/td>\n<td style=\"height: 23px;\" width=\"80\">14<\/td>\n<td style=\"height: 23px;\" width=\"80\">8<\/td>\n<td style=\"height: 23px;\" width=\"80\">45<\/td>\n<td style=\"height: 23px;\" width=\"80\">5<\/td>\n<td style=\"height: 23px;\" width=\"80\">380<\/td>\n<\/tr>\n<tr style=\"height: 23px;\">\n<td style=\"height: 23px;\" width=\"80\">48<\/td>\n<td style=\"height: 23px;\" width=\"80\">72,5<\/td>\n<td style=\"height: 23px;\" width=\"80\">72<\/td>\n<td style=\"height: 23px;\" width=\"80\">50<\/td>\n<td style=\"height: 23px;\" width=\"80\">8<\/td>\n<td style=\"height: 23px;\" width=\"80\">1<\/td>\n<td style=\"height: 23px;\" width=\"80\">21,3<\/td>\n<td style=\"height: 23px;\" width=\"80\">16,8<\/td>\n<td style=\"height: 23px;\" width=\"80\">14<\/td>\n<td style=\"height: 23px;\" width=\"80\">1<\/td>\n<td style=\"height: 23px;\" width=\"80\">28<\/td>\n<td style=\"height: 23px;\" width=\"80\">17,<\/td>\n<td style=\"height: 23px;\" width=\"80\">380<\/td>\n<\/tr>\n<tr style=\"height: 23px;\">\n<td style=\"height: 46px;\" rowspan=\"2\" width=\"80\">1,3<\/td>\n<td style=\"height: 23px;\" width=\"80\">11<\/td>\n<td style=\"height: 23px;\" width=\"80\">2<\/td>\n<td style=\"height: 23px;\" width=\"80\">22<\/td>\n<td style=\"height: 23px;\" width=\"80\">1<\/td>\n<td style=\"height: 23px;\" width=\"80\">6<\/td>\n<td style=\"height: 23px;\" width=\"80\">17<\/td>\n<td style=\"height: 23px;\" width=\"80\">17,<\/td>\n<td style=\"height: 23px;\" width=\"80\">7,5<\/td>\n<td style=\"height: 23px;\" width=\"80\">11<\/td>\n<td style=\"height: 23px;\" width=\"80\">8<\/td>\n<td style=\"height: 23px;\" width=\"80\">4<\/td>\n<td style=\"height: 23px;\" width=\"80\">7,7<\/td>\n<td style=\"height: 23px;\" width=\"80\">320<\/td>\n<\/tr>\n<tr style=\"height: 23px;\">\n<td style=\"height: 23px;\" width=\"80\">33<\/td>\n<td style=\"height: 23px;\" width=\"80\">6<\/td>\n<td style=\"height: 23px;\" width=\"80\">60<\/td>\n<td style=\"height: 23px;\" width=\"80\">4<\/td>\n<td style=\"height: 23px;\" width=\"80\">8<\/td>\n<td style=\"height: 23px;\" width=\"80\">1<\/td>\n<td style=\"height: 23px;\" width=\"80\">2<\/td>\n<td style=\"height: 23px;\" width=\"80\">16,9<\/td>\n<td style=\"height: 23px;\" width=\"80\">11<\/td>\n<td style=\"height: 23px;\" width=\"80\">12<\/td>\n<td style=\"height: 23px;\" width=\"80\">27<\/td>\n<td style=\"height: 23px;\" width=\"80\">23<\/td>\n<td style=\"height: 23px;\" width=\"80\">320<\/td>\n<\/tr>\n<tr style=\"height: 23px;\">\n<td style=\"height: 46px;\" rowspan=\"2\" width=\"80\">1,5<\/td>\n<td style=\"height: 23px;\" width=\"80\">10<\/td>\n<td style=\"height: 23px;\" width=\"80\">26,0<\/td>\n<td style=\"height: 23px;\" width=\"80\">22<\/td>\n<td style=\"height: 23px;\" width=\"80\">17<\/td>\n<td style=\"height: 23px;\" width=\"80\">8<\/td>\n<td style=\"height: 23px;\" width=\"80\">19<\/td>\n<td style=\"height: 23px;\" width=\"80\">20,1<\/td>\n<td style=\"height: 23px;\" width=\"80\">9,6<\/td>\n<td style=\"height: 23px;\" width=\"80\">11<\/td>\n<td style=\"height: 23px;\" width=\"80\">8<\/td>\n<td style=\"height: 23px;\" width=\"80\">42<\/td>\n<td style=\"height: 23px;\" width=\"80\">9,1<\/td>\n<td style=\"height: 23px;\" width=\"80\">380<\/td>\n<\/tr>\n<tr style=\"height: 23px;\">\n<td style=\"height: 23px;\" width=\"80\">30<\/td>\n<td style=\"height: 23px;\" width=\"80\">66,6<\/td>\n<td style=\"height: 23px;\" width=\"80\">66<\/td>\n<td style=\"height: 23px;\" width=\"80\">40<\/td>\n<td style=\"height: 23px;\" width=\"80\">8<\/td>\n<td style=\"height: 23px;\" width=\"80\">17<\/td>\n<td style=\"height: 23px;\" width=\"80\">21,3<\/td>\n<td style=\"height: 23px;\" width=\"80\">17,8<\/td>\n<td style=\"height: 23px;\" width=\"80\">11<\/td>\n<td style=\"height: 23px;\" width=\"80\">12<\/td>\n<td style=\"height: 23px;\" width=\"80\">28<\/td>\n<td style=\"height: 23px;\" width=\"80\">27,3<\/td>\n<td style=\"height: 23px;\" width=\"80\">380<\/td>\n<\/tr>\n<tr style=\"height: 23px;\">\n<td style=\"height: 46px;\" rowspan=\"2\" width=\"80\">22,291<\/td>\n<td style=\"height: 23px;\" width=\"80\">9<\/td>\n<td style=\"height: 23px;\" width=\"80\">36,5<\/td>\n<td style=\"height: 23px;\" width=\"80\">32<\/td>\n<td style=\"height: 23px;\" width=\"80\">22<\/td>\n<td style=\"height: 23px;\" width=\"80\">11<\/td>\n<td style=\"height: 23px;\" width=\"80\">24<\/td>\n<td style=\"height: 23px;\" width=\"80\">25,8<\/td>\n<td style=\"height: 23px;\" width=\"80\">15,4<\/td>\n<td style=\"height: 23px;\" width=\"80\">13<\/td>\n<td style=\"height: 23px;\" width=\"80\">8<\/td>\n<td style=\"height: 23px;\" width=\"80\">60,52<\/td>\n<td style=\"height: 23px;\" width=\"80\">28<\/td>\n<td style=\"height: 23px;\" width=\"80\">638<\/td>\n<\/tr>\n<tr style=\"height: 23px;\">\n<td style=\"height: 23px;\" width=\"80\">27<\/td>\n<td style=\"height: 23px;\" width=\"80\">96,0<\/td>\n<td style=\"height: 23px;\" width=\"80\">96<\/td>\n<td style=\"height: 23px;\" width=\"80\">48<\/td>\n<td style=\"height: 23px;\" width=\"80\">19<\/td>\n<td style=\"height: 23px;\" width=\"80\">25<\/td>\n<td style=\"height: 23px;\" width=\"80\">29,5<\/td>\n<td style=\"height: 23px;\" width=\"80\">25,5<\/td>\n<td style=\"height: 23px;\" width=\"80\">13<\/td>\n<td style=\"height: 23px;\" width=\"80\">20<\/td>\n<td style=\"height: 23px;\" width=\"80\">40<\/td>\n<td style=\"height: 23px;\" width=\"80\">84<\/td>\n<td style=\"height: 23px;\" width=\"80\">638<\/td>\n<\/tr>\n<tr style=\"height: 23px;\">\n<td style=\"height: 46px;\" rowspan=\"2\" width=\"80\">25,736<\/td>\n<td style=\"height: 23px;\" width=\"80\">9<\/td>\n<td style=\"height: 23px;\" width=\"80\">42,0<\/td>\n<td style=\"height: 23px;\" width=\"80\">37,5<\/td>\n<td style=\"height: 23px;\" width=\"80\">27<\/td>\n<td style=\"height: 23px;\" width=\"80\">12<\/td>\n<td style=\"height: 23px;\" width=\"80\">26,5<\/td>\n<td style=\"height: 23px;\" width=\"80\">28,64<\/td>\n<td style=\"height: 23px;\" width=\"80\">15,1<\/td>\n<td style=\"height: 23px;\" width=\"80\">15<\/td>\n<td style=\"height: 23px;\" width=\"80\">12<\/td>\n<td style=\"height: 23px;\" width=\"80\">69,84<\/td>\n<td style=\"height: 23px;\" width=\"80\">46<\/td>\n<td style=\"height: 23px;\" width=\"80\">1100<\/td>\n<\/tr>\n<tr style=\"height: 23px;\">\n<td style=\"height: 23px;\" width=\"80\">27<\/td>\n<td style=\"height: 23px;\" width=\"80\">113,0<\/td>\n<td style=\"height: 23px;\" width=\"80\">112,5<\/td>\n<td style=\"height: 23px;\" width=\"80\">54<\/td>\n<td style=\"height: 23px;\" width=\"80\">24<\/td>\n<td style=\"height: 23px;\" width=\"80\">32<\/td>\n<td style=\"height: 23px;\" width=\"80\">38,41<\/td>\n<td style=\"height: 23px;\" width=\"80\">33,9<\/td>\n<td style=\"height: 23px;\" width=\"80\">15<\/td>\n<td style=\"height: 23px;\" width=\"80\">25<\/td>\n<td style=\"height: 23px;\" width=\"80\">50<\/td>\n<td style=\"height: 23px;\" width=\"80\">138<\/td>\n<td style=\"height: 23px;\" width=\"80\">1100<\/td>\n<\/tr>\n<tr style=\"height: 23px;\">\n<td style=\"height: 46px;\" rowspan=\"2\" width=\"80\">3,5<\/td>\n<td style=\"height: 23px;\" width=\"80\">9<\/td>\n<td style=\"height: 23px;\" width=\"80\">59,0<\/td>\n<td style=\"height: 23px;\" width=\"80\">52,5<\/td>\n<td style=\"height: 23px;\" width=\"80\">40<\/td>\n<td style=\"height: 23px;\" width=\"80\">12<\/td>\n<td style=\"height: 23px;\" width=\"80\">33<\/td>\n<td style=\"height: 23px;\" width=\"80\">36,2<\/td>\n<td style=\"height: 23px;\" width=\"80\">18,9<\/td>\n<td style=\"height: 23px;\" width=\"80\">22<\/td>\n<td style=\"height: 23px;\" width=\"80\">16<\/td>\n<td style=\"height: 23px;\" width=\"80\">92,64<\/td>\n<td style=\"height: 23px;\" width=\"80\">132<\/td>\n<td style=\"height: 23px;\" width=\"80\">2700<\/td>\n<\/tr>\n<tr style=\"height: 23px;\">\n<td style=\"height: 23px;\" width=\"80\">27<\/td>\n<td style=\"height: 23px;\" width=\"80\">158,5<\/td>\n<td style=\"height: 23px;\" width=\"80\">157,5<\/td>\n<td style=\"height: 23px;\" width=\"80\">70<\/td>\n<td style=\"height: 23px;\" width=\"80\">29<\/td>\n<td style=\"height: 23px;\" width=\"80\">40<\/td>\n<td style=\"height: 23px;\" width=\"80\">47,9<\/td>\n<td style=\"height: 23px;\" width=\"80\">41,2<\/td>\n<td style=\"height: 23px;\" width=\"80\">22<\/td>\n<td style=\"height: 23px;\" width=\"80\">30<\/td>\n<td style=\"height: 23px;\" width=\"80\">65<\/td>\n<td style=\"height: 23px;\" width=\"80\">396<\/td>\n<td style=\"height: 23px;\" width=\"80\">2700<\/td>\n<\/tr>\n<\/tbody>\n<\/table>\n<h4>Attiec\u012bba 4:1<\/h4>\n<table style=\"width: 100%;\" border=\"1\" width=\"100%\" cellspacing=\"0\" cellpadding=\"0\">\n<tbody>\n<tr>\n<td width=\"80\">Modulis<\/td>\n<td width=\"80\">Zobu skaits<\/td>\n<td width=\"80\">da<br \/>\n(mm)<\/td>\n<td width=\"80\">d<br \/>\n(mm)<\/td>\n<td width=\"80\">ND<br \/>\n(mm)<\/td>\n<td width=\"80\">NL<br \/>\n(mm)<\/td>\n<td width=\"80\">L1<br \/>\n(mm)<\/td>\n<td width=\"80\">L<br \/>\n(mm)<\/td>\n<td width=\"80\">S1) (mm)<\/td>\n<td width=\"80\">b<br \/>\n(mm)<\/td>\n<td width=\"80\">BH7 (mm)<\/td>\n<td width=\"80\">E<br \/>\n(mm)<\/td>\n<td width=\"80\">Griezes moments* (Nm)<\/td>\n<td width=\"80\">Svars g\/p\u0101ris<\/td>\n<\/tr>\n<tr>\n<td rowspan=\"2\" width=\"80\">1<\/td>\n<td width=\"80\">16<\/td>\n<td width=\"80\">25,9<\/td>\n<td width=\"80\">24<\/td>\n<td width=\"80\">20<\/td>\n<td width=\"80\">7,3<\/td>\n<td width=\"80\">21<\/td>\n<td width=\"80\">21,8<\/td>\n<td width=\"80\">8,2<\/td>\n<td width=\"80\">14<\/td>\n<td width=\"80\">8<\/td>\n<td width=\"80\">56<\/td>\n<td width=\"80\">7,8<\/td>\n<td rowspan=\"2\" width=\"80\">842<\/td>\n<\/tr>\n<tr>\n<td width=\"80\">64<\/td>\n<td width=\"80\">96,5<\/td>\n<td width=\"80\">96<\/td>\n<td width=\"80\">70<\/td>\n<td width=\"80\">8<\/td>\n<td width=\"80\">19<\/td>\n<td width=\"80\">22,4<\/td>\n<td width=\"80\">19<\/td>\n<td width=\"80\">14<\/td>\n<td width=\"80\">20<\/td>\n<td width=\"80\">30<\/td>\n<td width=\"80\">31,2<\/td>\n<\/tr>\n<tr>\n<td rowspan=\"2\" width=\"80\">1,5<\/td>\n<td width=\"80\">11<\/td>\n<td width=\"80\">27,8<\/td>\n<td width=\"80\">24,2<\/td>\n<td width=\"80\">20<\/td>\n<td width=\"80\">8<\/td>\n<td width=\"80\">19<\/td>\n<td width=\"80\">20,7<\/td>\n<td width=\"80\">9<\/td>\n<td width=\"80\">12<\/td>\n<td width=\"80\">8<\/td>\n<td width=\"80\">57<\/td>\n<td width=\"80\">11,3<\/td>\n<td rowspan=\"2\" width=\"80\">775<\/td>\n<\/tr>\n<tr>\n<td width=\"80\">44<\/td>\n<td width=\"80\">97,3<\/td>\n<td width=\"80\">96,8<\/td>\n<td width=\"80\">70<\/td>\n<td width=\"80\">8<\/td>\n<td width=\"80\">17<\/td>\n<td width=\"80\">21,9<\/td>\n<td width=\"80\">19<\/td>\n<td width=\"80\">12<\/td>\n<td width=\"80\">20<\/td>\n<td width=\"80\">30<\/td>\n<td width=\"80\">45,2<\/td>\n<\/tr>\n<\/tbody>\n<\/table>\n<\/div>\n<div>\n<h3>K\u0101p\u0113c izv\u0113l\u0113ties FMP konusveida zobratu komplektus?<\/h3>\n<p class=\"break-words\">FMP konusveida zobratu komplekti izce\u013cas ar vair\u0101k\u0101m priek\u0161roc\u012bb\u0101m:<\/p>\n<ul class=\"marker:text-secondary\">\n<li class=\"break-words\"><strong>Augstas kvalit\u0101tes materi\u0101li:<\/strong> M\u0113s izmantojam C45 E t\u0113raudu, kas paz\u012bstams ar savu iztur\u012bbu un ilgm\u016b\u017e\u012bbu, lai nodro\u0161in\u0101tu iztur\u012bgus un uzticamus produktus.<\/li>\n<li class=\"break-words\"><strong>It\u0101\u013cu produkcija:<\/strong> Visi m\u016bsu konusveida zobratu komplekti tiek ra\u017eoti m\u016bsu r\u016bpn\u012bc\u0101s net\u0101lu no Mil\u0101nas, kur m\u0113s piem\u0113rojam stingru kvalit\u0101tes kontroli, lai atbilstu augst\u0101kajiem standartiem.<\/li>\n<li class=\"break-words\"><strong>Tehnisk\u0101 precizit\u0101te:<\/strong> Zobi, kas atbilst UNI 6588 standartiem, nodro\u0161ina vienm\u0113r\u012bgu un klusu kust\u012bbas p\u0101rraidi ar optim\u0101lu attiec\u012bbu starp zobratu un vainagu.<\/li>\n<\/ul>\n<p class=\"break-words\">\u0160\u012bs \u012bpa\u0161\u012bbas padara m\u016bsu konusveida zobratu komplektus par ide\u0101lu izv\u0113li tiem, kas mekl\u0113 izcilas deta\u013cas, gan Ven\u0113cij\u0101 j\u016bras vajadz\u012bb\u0101m, gan Bolo\u0146\u0101 autob\u016bves nozarei.<\/p>\n<h3>Piel\u0101go\u0161ana un atbalsts mode\u013ciem, kas nav katalog\u0101<\/h3>\n<p>Viena no FMP stipraj\u0101m pus\u0113m ir sp\u0113ja apmierin\u0101t \u012bpa\u0161as klientu vajadz\u012bbas. Ja m\u016bsu katalog\u0101 nevarat atrast sev nepiecie\u0161amo konusveida zobratu komplekta modeli, neuztraucieties \u2014 iesp\u0113jams, tas vienk\u0101r\u0161i v\u0113l nav aug\u0161upiel\u0101d\u0113ts m\u016bsu vietn\u0113. Aicin\u0101m sazin\u0101ties ar mums pa e-pastu: <a href=\"mailto:info@fmpcomponents.it\">info@fmpcomponents.it<\/a> lai piepras\u012btu v\u0113lamo modeli.<\/p>\n<p><img loading=\"lazy\" decoding=\"async\" class=\"wp-image-7659 aligncenter\" src=\"https:\/\/fmp-components.com\/wp-content\/uploads\/2025\/04\/coppia-conica-3.webp\" alt=\"kopija-konica\" width=\"820\" height=\"820\" title=\"\" srcset=\"https:\/\/fmp-components.com\/wp-content\/uploads\/2025\/04\/coppia-conica-3.webp 820w, https:\/\/fmp-components.com\/wp-content\/uploads\/2025\/04\/coppia-conica-3-480x480.webp 480w\" sizes=\"(min-width: 0px) and (max-width: 480px) 480px, (min-width: 481px) 820px, 100vw\" \/><\/p>\n<\/div>","protected":false},"excerpt":{"rendered":"<p>Bevel Gear Set: FMP&#8217;s High-Quality Solutions for Every Need Bevel gear sets are essential components in motion transmission systems, used to transfer power between intersecting axes, often at a 90-degree angle. Due to their versatility, they find applications in various sectors, from automotive to manufacturing industries. At FMP, we take pride in offering a comprehensive [&hellip;]<\/p>","protected":false},"featured_media":7657,"comment_status":"open","ping_status":"closed","template":"","meta":{"_et_pb_use_builder":"","_et_pb_old_content":"","_et_gb_content_width":""},"product_brand":[],"product_cat":[106],"product_tag":[],"class_list":{"0":"post-7653","1":"product","2":"type-product","3":"status-publish","4":"has-post-thumbnail","6":"product_cat-bevel-gears","8":"first","9":"instock","10":"shipping-taxable","11":"product-type-simple"},"_links":{"self":[{"href":"https:\/\/fmp-components.com\/lv\/wp-json\/wp\/v2\/product\/7653","targetHints":{"allow":["GET"]}}],"collection":[{"href":"https:\/\/fmp-components.com\/lv\/wp-json\/wp\/v2\/product"}],"about":[{"href":"https:\/\/fmp-components.com\/lv\/wp-json\/wp\/v2\/types\/product"}],"replies":[{"embeddable":true,"href":"https:\/\/fmp-components.com\/lv\/wp-json\/wp\/v2\/comments?post=7653"}],"wp:featuredmedia":[{"embeddable":true,"href":"https:\/\/fmp-components.com\/lv\/wp-json\/wp\/v2\/media\/7657"}],"wp:attachment":[{"href":"https:\/\/fmp-components.com\/lv\/wp-json\/wp\/v2\/media?parent=7653"}],"wp:term":[{"taxonomy":"product_brand","embeddable":true,"href":"https:\/\/fmp-components.com\/lv\/wp-json\/wp\/v2\/product_brand?post=7653"},{"taxonomy":"product_cat","embeddable":true,"href":"https:\/\/fmp-components.com\/lv\/wp-json\/wp\/v2\/product_cat?post=7653"},{"taxonomy":"product_tag","embeddable":true,"href":"https:\/\/fmp-components.com\/lv\/wp-json\/wp\/v2\/product_tag?post=7653"}],"curies":[{"name":"wp","href":"https:\/\/api.w.org\/{rel}","templated":true}]}}