{"id":761,"date":"2024-12-18T06:11:37","date_gmt":"2024-12-18T06:11:37","guid":{"rendered":"https:\/\/fmp-components.com\/?page_id=8"},"modified":"2024-12-18T06:27:29","modified_gmt":"2024-12-18T06:27:29","slug":"hydraulic-cylinder-for-offshore-crane","status":"publish","type":"product","link":"https:\/\/fmp-components.com\/lv\/product\/hydraulic-cylinder-for-offshore-crane\/","title":{"rendered":"Hidrauliskais cilindrs j\u016bras celtnim"},"content":{"rendered":"<p style=\"text-align: center;\"><span style=\"font-size: 18pt;\">Hidrauliskais cilindrs j\u016bras celtnim<\/span><\/p>\n<p>J\u016bras celt\u0146a hidrauliskais cilindrs ir b\u016btiska hidrauliska sast\u0101vda\u013ca, kas paredz\u0113ta, lai nodro\u0161in\u0101tu cel\u0161anas un nolai\u0161anas iesp\u0113jas, kas nepiecie\u0161amas j\u016bras celt\u0146u darb\u012bbai. \u0160im cilindram ir iz\u0161\u0137iro\u0161a noz\u012bme, lai nodro\u0161in\u0101tu prec\u012bzu celt\u0146a str\u0113les un citu meh\u0101nismu vad\u012bbu un kust\u012bbu, garant\u0113jot dro\u0161u un efekt\u012bvu smagu kravu apstr\u0101di sare\u017e\u0123\u012btos j\u016bras apst\u0101k\u013cos.<\/p>\n<p><img loading=\"lazy\" decoding=\"async\" class=\"alignnone wp-image-780\" src=\"https:\/\/fmp-components.com\/wp-content\/uploads\/2024\/12\/Offshore-Crane-Folding-Arm-Tilt-Cylinder-2.webp\" alt=\"J\u016bras celt\u0146a loc\u012b\u0161anas rokas sl\u012bpuma cilindrs\" width=\"935\" height=\"304\" title=\"\" srcset=\"https:\/\/fmp-components.com\/wp-content\/uploads\/2024\/12\/Offshore-Crane-Folding-Arm-Tilt-Cylinder-2.webp 935w, https:\/\/fmp-components.com\/wp-content\/uploads\/2024\/12\/Offshore-Crane-Folding-Arm-Tilt-Cylinder-2-480x156.webp 480w\" sizes=\"(min-width: 0px) and (max-width: 480px) 480px, (min-width: 481px) 935px, 100vw\" \/><\/p>\n<h4>Galven\u0101s iez\u012bmes:<\/h4>\n<ul>\n<li><strong>Augsta kravnes\u012bba:<\/strong> \u0160is hidrauliskais cilindrs, kas izstr\u0101d\u0101ts iev\u0113rojama svara cel\u0161anai, nodro\u0161ina uzticamu veiktsp\u0113ju smagu cel\u0161anas oper\u0101ciju laik\u0101, kas ir \u013coti svar\u012bgi j\u016bras b\u016bvniec\u012bbas un apkopes darbiem.<\/li>\n<li><strong>Iztur\u012bga konstrukcija:<\/strong> Izgatavots no augstas iztur\u012bbas materi\u0101liem, tas ir paredz\u0113ts, lai iztur\u0113tu skarbos apst\u0101k\u013cus, kas rakstur\u012bgi j\u016bras videi, tostarp s\u0101ls\u016bdens iedarb\u012bbu, augstu spiedienu un ekstrem\u0101lus laikapst\u0101k\u013cus.<\/li>\n<li><strong>Vienm\u0113r\u012bga darb\u012bba:<\/strong> Uzlabot\u0101 hidraulisk\u0101 konstrukcija nodro\u0161ina vienm\u0113r\u012bgas un kontrol\u0113tas kust\u012bbas, \u013caujot veikt \u0101tras regul\u0113\u0161anas un uzlabot kop\u0113jo darb\u012bbas efektivit\u0101ti.<\/li>\n<li><strong>Dro\u0161\u012bbas meh\u0101nismi:<\/strong> Apr\u012bkots ar ieb\u016bv\u0113t\u0101m dro\u0161\u012bbas funkcij\u0101m, kas nov\u0113r\u0161 p\u0101rslodzi un nodro\u0161ina dro\u0161u darb\u012bbu, aizsarg\u0101jot gan person\u0101lu, gan apr\u012bkojumu cel\u0161anas darb\u012bbu laik\u0101.<\/li>\n<li><strong>Daudzpus\u012bgs pielietojums:<\/strong> \u0160is hidrauliskais cilindrs, kas ir piem\u0113rots da\u017e\u0101d\u0101m j\u016bras celt\u0146u konfigur\u0101cij\u0101m, var piel\u0101goties da\u017e\u0101d\u0101m ekspluat\u0101cijas vajadz\u012bb\u0101m, padarot to daudzpus\u012bgu da\u017e\u0101diem j\u016bras lietojumiem.<\/li>\n<li><strong>Zemas apkopes pras\u012bbas:<\/strong> Tas ir izstr\u0101d\u0101ts minim\u0101lam nodilumam, samazina apkopes nepiecie\u0161am\u012bbu un darb\u012bbas d\u012bkst\u0101ves laiku, t\u0101d\u0113j\u0101di palielinot produktivit\u0101ti.<\/li>\n<\/ul>\n<p>Rezum\u0113jot, hidrauliskais cilindrs j\u016bras celt\u0146iem ir b\u016btiska sast\u0101vda\u013ca, kas optimiz\u0113 j\u016bras celt\u0146u veiktsp\u0113ju un dro\u0161\u012bbu, iev\u0113rojami uzlabojot j\u016bras b\u016bvniec\u012bbas, urb\u0161anas un apkopes darb\u012bbu efektivit\u0101ti.<\/p>\n<h2>J\u016bras celt\u0146a galven\u0101 str\u0113les pacel\u0161anas cilindrs<\/h2>\n<p>J\u016bras celt\u0146a galven\u0101s str\u0113les pacel\u0161anas cilindrs ir kritiski svar\u012bga hidrauliska sast\u0101vda\u013ca, kas atbild par celt\u0146a galven\u0101s str\u0113les pacel\u0161anas kust\u012bbas vad\u012bbu. \u0160is cilindrs \u013cauj prec\u012bzi pacelt un nolaist str\u0113li, nodro\u0161inot optim\u0101lu pozicion\u0113\u0161anu cel\u0161anas oper\u0101ciju laik\u0101. Izgatavots no augstas iztur\u012bbas materi\u0101liem, tas ir paredz\u0113ts iztur\u0113t sare\u017e\u0123\u012btus j\u016bras vides apst\u0101k\u013cus, tostarp s\u0101ls\u016bdens iedarb\u012bbu un ekstrem\u0101lus laikapst\u0101k\u013cus. Vienm\u0113r\u012bg\u0101 hidraulisk\u0101 darb\u012bba nodro\u0161ina \u0101tru un prec\u012bzu regul\u0113\u0161anu, uzlabojot darb\u012bbas efektivit\u0101ti un dro\u0161\u012bbu. \u0160is pacel\u0161anas cilindrs ir b\u016btisks j\u016bras celt\u0146u efekt\u012bvai darb\u012bbai, iev\u0113rojami veicinot j\u016bras b\u016bvniec\u012bbas, apkopes un urb\u0161anas darb\u012bbu pan\u0101kumus.<\/p>\n<p><img loading=\"lazy\" decoding=\"async\" class=\"size-full wp-image-773 aligncenter\" src=\"https:\/\/fmp-components.com\/wp-content\/uploads\/2024\/12\/Offshore-Crane-Main-Boom-Luffing-Cylinder.webp\" alt=\"J\u016bras celt\u0146a galven\u0101 str\u0113les pacel\u0161anas cilindrs\" width=\"500\" height=\"200\" title=\"\" srcset=\"https:\/\/fmp-components.com\/wp-content\/uploads\/2024\/12\/Offshore-Crane-Main-Boom-Luffing-Cylinder.webp 500w, https:\/\/fmp-components.com\/wp-content\/uploads\/2024\/12\/Offshore-Crane-Main-Boom-Luffing-Cylinder-480x192.webp 480w\" sizes=\"(min-width: 0px) and (max-width: 480px) 480px, (min-width: 481px) 500px, 100vw\" \/><\/p>\n<table style=\"width: 87.4644%; height: 209px;\" border=\"1\" cellspacing=\"0\" cellpadding=\"0\">\n<tbody>\n<tr>\n<td>Produkta nosaukums<\/td>\n<td>J\u016bras celt\u0146a galven\u0101 str\u0113les pacel\u0161anas cilindrs<\/td>\n<\/tr>\n<tr>\n<td>Funkcijas:<\/td>\n<td>Nodro\u0161ina vilces sp\u0113ku, lai pan\u0101ktu celt\u0146a str\u0113les sl\u012bpumu<\/td>\n<\/tr>\n<tr>\n<td>Urbuma diametrs:<\/td>\n<td>L\u012bdz 580 mm<\/td>\n<\/tr>\n<tr>\n<td>Stie\u0146a diametrs:<\/td>\n<td>L\u012bdz 440 mm<br \/>\nG\u0101jiens l\u012bdz 5635 mm<\/td>\n<\/tr>\n<tr>\n<td>Vilces sp\u0113ks:<\/td>\n<td>Maksim\u0101l\u0101 jauda 8454 kN<br \/>\n(Cilindru diametrs 580 mm\/spiediens 32 MPa)<\/td>\n<\/tr>\n<tr>\n<td>Lietojumi:<\/td>\n<td>J\u016bras celtnis<\/td>\n<\/tr>\n<\/tbody>\n<\/table>\n<p><img loading=\"lazy\" decoding=\"async\" class=\"alignnone wp-image-778\" src=\"https:\/\/fmp-components.com\/wp-content\/uploads\/2024\/12\/Offshore-Crane-Main-Boom-Luffing-Cylinder-1.webp\" alt=\"J\u016bras celtnis-galven\u0101 str\u0113le-pacel\u0161anas cilindrs-1\" width=\"810\" height=\"480\" title=\"\"><\/p>\n<p><img loading=\"lazy\" decoding=\"async\" class=\"alignnone wp-image-781\" src=\"https:\/\/fmp-components.com\/wp-content\/uploads\/2024\/12\/Offshore-Crane-Main-Boom-Luffing-Cylinder-2.webp\" alt=\"J\u016bras celt\u0146a galven\u0101 str\u0113les pacel\u0161anas cilindrs\" width=\"813\" height=\"254\" title=\"\" srcset=\"https:\/\/fmp-components.com\/wp-content\/uploads\/2024\/12\/Offshore-Crane-Main-Boom-Luffing-Cylinder-2.webp 813w, https:\/\/fmp-components.com\/wp-content\/uploads\/2024\/12\/Offshore-Crane-Main-Boom-Luffing-Cylinder-2-480x150.webp 480w\" sizes=\"(min-width: 0px) and (max-width: 480px) 480px, (min-width: 481px) 813px, 100vw\" \/><\/p>\n<h2>J\u016bras celt\u0146a loc\u012b\u0161anas rokas sl\u012bpuma cilindrs<\/h2>\n<p>J\u016bras celt\u0146a loc\u012b\u0161anas sviras noliek\u0161anas cilindrs ir svar\u012bga hidrauliska sast\u0101vda\u013ca, kas atvieglo celt\u0146a loc\u012b\u0161anas sviras noliek\u0161anas kust\u012bbu. \u0160is cilindrs nodro\u0161ina nepiecie\u0161amo sp\u0113ku sviras pacel\u0161anai un nolai\u0161anai, nodro\u0161inot prec\u012bzu pozicion\u0113\u0161anu iekrau\u0161anas un izkrau\u0161anas laik\u0101. Izgatavots no augstas iztur\u012bbas materi\u0101liem, tas ir paredz\u0113ts iztur\u0113t skarbu j\u016bras vidi, tostarp s\u0101ls\u016bdens un augsta spiediena iedarb\u012bbu. Hidraulisk\u0101 sist\u0113ma nodro\u0161ina vienm\u0113r\u012bgas un kontrol\u0113tas kust\u012bbas, uzlabojot darb\u012bbas efektivit\u0101ti un dro\u0161\u012bbu celt\u0146a darb\u012bbas laik\u0101. \u0160is noliek\u0161anas cilindrs ir b\u016btisks, lai optimiz\u0113tu j\u016bras celt\u0146u veiktsp\u0113ju, iev\u0113rojami veicinot j\u016bras b\u016bvniec\u012bbas, apkopes un lo\u0123istikas uzdevumu efektivit\u0101ti.<\/p>\n<p><img loading=\"lazy\" decoding=\"async\" class=\"size-full wp-image-772 aligncenter\" src=\"https:\/\/fmp-components.com\/wp-content\/uploads\/2024\/12\/Offshore-Crane-Folding-Arm-Tilt-Cylinder.webp\" alt=\"J\u016bras celt\u0146a loc\u012b\u0161anas rokas sl\u012bpuma cilindrs\" width=\"500\" height=\"200\" title=\"\" srcset=\"https:\/\/fmp-components.com\/wp-content\/uploads\/2024\/12\/Offshore-Crane-Folding-Arm-Tilt-Cylinder.webp 500w, https:\/\/fmp-components.com\/wp-content\/uploads\/2024\/12\/Offshore-Crane-Folding-Arm-Tilt-Cylinder-480x192.webp 480w\" sizes=\"(min-width: 0px) and (max-width: 480px) 480px, (min-width: 481px) 500px, 100vw\" \/><\/p>\n<table style=\"width: 86.8088%; height: 199px;\" border=\"1\" cellspacing=\"0\" cellpadding=\"0\">\n<tbody>\n<tr>\n<td>Produkta nosaukums<\/td>\n<td>J\u016bras celt\u0146a loc\u012b\u0161anas rokas sl\u012bpuma cilindrs<\/td>\n<\/tr>\n<tr>\n<td>Funkcijas:<\/td>\n<td>Nodro\u0161ina vilces sp\u0113ku un vilk\u0161anas sp\u0113ku, ko izmanto, lai piel\u0101gotu celt\u0146a apak\u0161delma horizont\u0101lo le\u0146\u0137i<\/td>\n<\/tr>\n<tr>\n<td>Urbuma diametrs:<\/td>\n<td>L\u012bdz 580 mm<\/td>\n<\/tr>\n<tr>\n<td>Stie\u0146a diametrs:<\/td>\n<td>L\u012bdz 400 mm<br \/>\nG\u0101jiens l\u012bdz 5170 mm<\/td>\n<\/tr>\n<tr>\n<td>Vilces sp\u0113ks \/ Vilk\u0161anas sp\u0113ks:<\/td>\n<td>Maksimums 8454KN\/3589KN<br \/>\n(Cilindru diametrs 580 mm\/spiediens 32 MPa)<\/td>\n<\/tr>\n<tr>\n<td>Lietojumi:<\/td>\n<td>J\u016bras celtnis<\/td>\n<\/tr>\n<\/tbody>\n<\/table>\n<p><img loading=\"lazy\" decoding=\"async\" class=\"alignnone wp-image-777\" src=\"https:\/\/fmp-components.com\/wp-content\/uploads\/2024\/12\/Offshore-Crane-Folding-Arm-Tilt-Cylinder-1.webp\" alt=\"J\u016bras celt\u0146a saliekam\u0101s rokas nolieces cilindrs\" width=\"803\" height=\"481\" title=\"\"><\/p>\n<h2>J\u016bras celtnis A tipa masta celt\u0146a pacel\u0161anas cilindrs<\/h2>\n<p>J\u016bras celt\u0146a A tipa masta celt\u0146a pacel\u0161anas cilindrs ir svar\u012bga hidrauliska sast\u0101vda\u013ca, kas paredz\u0113ta celt\u0146a masta pacel\u0161anas kust\u012bbas kontrolei. \u0160is cilindrs nodro\u0161ina nepiecie\u0161amo sp\u0113ku masta pacel\u0161anai un nolai\u0161anai, \u013caujot prec\u012bzi piel\u0101got mastu optim\u0101lai pozicion\u0113\u0161anai cel\u0161anas oper\u0101ciju laik\u0101. Izgatavots no augstas iztur\u012bbas materi\u0101liem, tas ir izstr\u0101d\u0101ts, lai iztur\u0113tu sare\u017e\u0123\u012btus j\u016bras vides apst\u0101k\u013cus, tostarp s\u0101ls\u016bdens iedarb\u012bbu un ekstrem\u0101lus laikapst\u0101k\u013cus. Vienm\u0113r\u012bg\u0101 hidraulisk\u0101 darb\u012bba nodro\u0161ina \u0101tras un prec\u012bzas kust\u012bbas, uzlabojot darb\u012bbas efektivit\u0101ti un dro\u0161\u012bbu. \u0160is pacel\u0161anas cilindrs ir b\u016btisks A tipa masta celt\u0146u efekt\u012bvai darb\u012bbai, iev\u0113rojami veicinot j\u016bras b\u016bvniec\u012bbas, urb\u0161anas un apkopes darb\u012bbu pan\u0101kumus.<\/p>\n<p><img loading=\"lazy\" decoding=\"async\" class=\"size-full wp-image-771 aligncenter\" src=\"https:\/\/fmp-components.com\/wp-content\/uploads\/2024\/12\/Offshore-Crane-A-Type-Mast-Crane-Luffing-Cylinder.webp\" alt=\"J\u016bras celtnis A tipa masta celt\u0146a pacel\u0161anas cilindrs\" width=\"500\" height=\"200\" title=\"\" srcset=\"https:\/\/fmp-components.com\/wp-content\/uploads\/2024\/12\/Offshore-Crane-A-Type-Mast-Crane-Luffing-Cylinder.webp 500w, https:\/\/fmp-components.com\/wp-content\/uploads\/2024\/12\/Offshore-Crane-A-Type-Mast-Crane-Luffing-Cylinder-480x192.webp 480w\" sizes=\"(min-width: 0px) and (max-width: 480px) 480px, (min-width: 481px) 500px, 100vw\" \/><\/p>\n<table style=\"width: 87.239%; height: 196px;\" border=\"1\" cellspacing=\"0\" cellpadding=\"0\">\n<tbody>\n<tr>\n<td>Produkta nosaukums<\/td>\n<td>J\u016bras celtnis A tipa masta celt\u0146a pacel\u0161anas cilindrs<\/td>\n<\/tr>\n<tr>\n<td>Funkcijas:<\/td>\n<td>Nodro\u0161ina vilces sp\u0113ku un vilk\u0161anas sp\u0113ku, ko izmanto, lai piel\u0101gotu celt\u0146a apak\u0161delma horizont\u0101lo le\u0146\u0137i<\/td>\n<\/tr>\n<tr>\n<td>Urbuma diametrs:<\/td>\n<td>L\u012bdz 580 mm<\/td>\n<\/tr>\n<tr>\n<td>Stie\u0146a diametrs:<\/td>\n<td>L\u012bdz 400 mm<br \/>\nG\u0101jiens l\u012bdz 5170 mm<\/td>\n<\/tr>\n<tr>\n<td>Vilces sp\u0113ks \/ Vilk\u0161anas sp\u0113ks:<\/td>\n<td>Maksimums 8454KN\/3589KN<br \/>\n(Cilindru diametrs 580 mm\/spiediens 32 MPa)<\/td>\n<\/tr>\n<tr>\n<td>Lietojumi:<\/td>\n<td>J\u016bras celtnis<\/td>\n<\/tr>\n<\/tbody>\n<\/table>\n<p data-sourcepos=\"14:1-14:90\"><img loading=\"lazy\" decoding=\"async\" class=\"alignnone wp-image-779\" src=\"https:\/\/fmp-components.com\/wp-content\/uploads\/2024\/12\/Offshore-Crane-A-Type-Mast-Crane-Luffing-Cylinder-1.webp\" alt=\"J\u016bras celtnis A tipa masta celt\u0146a pacel\u0161anas cilindrs\" width=\"811\" height=\"404\" title=\"\" srcset=\"https:\/\/fmp-components.com\/wp-content\/uploads\/2024\/12\/Offshore-Crane-A-Type-Mast-Crane-Luffing-Cylinder-1.webp 811w, https:\/\/fmp-components.com\/wp-content\/uploads\/2024\/12\/Offshore-Crane-A-Type-Mast-Crane-Luffing-Cylinder-1-480x239.webp 480w\" sizes=\"(min-width: 0px) and (max-width: 480px) 480px, (min-width: 481px) 811px, 100vw\" \/><\/p>\n<h2>J\u016bras celt\u0146a hidraulisk\u0101 cilindra priek\u0161roc\u012bbas<\/h2>\n<p>J\u016bras celt\u0146a hidrauliskais cilindrs pied\u0101v\u0101 vair\u0101kas galven\u0101s priek\u0161roc\u012bbas, kas uzlabo j\u016bras celt\u0146u veiktsp\u0113ju un uzticam\u012bbu j\u016bras un r\u016bpnieciskos lietojumos.<\/p>\n<p>Viena no galvenaj\u0101m priek\u0161roc\u012bb\u0101m ir augst\u0101 kravnes\u012bba, kas \u013cauj dro\u0161i pacelt un apstr\u0101d\u0101t smagas kravas, kas rakstur\u012bgas darb\u012bb\u0101m j\u016br\u0101. \u0160\u012b kravnes\u012bba ir b\u016btiska darb\u012bbas efektivit\u0101tes un dro\u0161\u012bbas uztur\u0113\u0161anai sare\u017e\u0123\u012btu cel\u0161anas uzdevumu laik\u0101.<\/p>\n<p>Hidrauliskais cilindrs nodro\u0161ina ar\u012b prec\u012bzu vad\u012bbu, \u013caujot vienm\u0113r\u012bgi un prec\u012bzi regul\u0113t str\u0113les pozicion\u0113\u0161anu. \u0160\u012b precizit\u0101te ir \u013coti svar\u012bga dro\u0161as darb\u012bbas nodro\u0161in\u0101\u0161anai, \u012bpa\u0161i sare\u017e\u0123\u012btos j\u016bras apst\u0101k\u013cos, kur apst\u0101k\u013ci var strauji main\u012bties.<\/p>\n<p>Balons ir izgatavots no iztur\u012bgiem materi\u0101liem un paredz\u0113ts iztur\u0113t skarbus j\u016bras apst\u0101k\u013cus, tostarp s\u0101ls\u016bdens, kod\u012bgu elementu un ekstrem\u0101lu temperat\u016bru iedarb\u012bbu. \u0160\u012b iztur\u012bba nodro\u0161ina ilgsto\u0161u darb\u012bbu un samazina nepiecie\u0161am\u012bbu p\u0113c bie\u017eas nomai\u0146as.<\/p>\n<p>V\u0113l viena b\u016btiska priek\u0161roc\u012bba ir uzlabot\u0101s dro\u0161\u012bbas funkcijas, kas integr\u0113tas hidrauliskaj\u0101 konstrukcij\u0101. \u0160\u012bs funkcijas pal\u012bdz nov\u0113rst p\u0101rslodzi un nodro\u0161ina dro\u0161u darb\u012bbu, aizsarg\u0101jot gan person\u0101lu, gan apr\u012bkojumu cel\u0161anas darb\u012bbu laik\u0101.<\/p>\n<p>Hidraulisk\u0101 sist\u0113ma ar\u012b nodro\u0161ina vienm\u0113r\u012bgu darb\u012bbu, kas samazina gan cilindra, gan pa\u0161a celt\u0146a nodilumu. \u0160\u012b vienm\u0113r\u012bg\u0101 funkcionalit\u0101te pal\u012bdz uzlabot kop\u0113jo darb\u012bbas efektivit\u0101ti un samazina apkopes pras\u012bbas.<\/p>\n<p>Turkl\u0101t hidraulisk\u0101 cilindra daudzpus\u012bba \u013cauj to piel\u0101got da\u017e\u0101d\u0101m j\u016bras celt\u0146u konfigur\u0101cij\u0101m, padarot to piem\u0113rotu pla\u0161am pielietojumu kl\u0101stam, s\u0101kot no b\u016bvniec\u012bbas l\u012bdz apkopes un urb\u0161anas uzdevumiem.<\/p>\n<p>Visbeidzot, hidraulisk\u0101 cilindra zem\u0101s apkopes pras\u012bbas veicina samazin\u0101tu d\u012bkst\u0101ves laiku un ekspluat\u0101cijas izmaksas. T\u0101 konstrukcija ir v\u0113rsta uz uzticam\u012bbu un ilgm\u016b\u017e\u012bbu, nodro\u0161inot, ka darb\u012bbas j\u016br\u0101 var notikt bez p\u0101rtraukumiem.<\/p>\n<p>Rezum\u0113jot, j\u016bras celt\u0146a hidrauliskais cilindrs ir b\u016btisks, lai optimiz\u0113tu j\u016bras celt\u0146u efektivit\u0101ti, dro\u0161\u012bbu un uzticam\u012bbu, iev\u0113rojami uzlabojot to veiktsp\u0113ju sare\u017e\u0123\u012btos j\u016bras apst\u0101k\u013cos.<\/p>\n<p data-sourcepos=\"14:1-14:90\"><img loading=\"lazy\" decoding=\"async\" class=\"alignnone wp-image-776\" src=\"https:\/\/fmp-components.com\/wp-content\/uploads\/2024\/12\/A-Type-Mast-Crane-Luffing-Cylinder-for-Offshore-Crane.webp\" alt=\"A tipa masta celt\u0146a pacel\u0161anas cilindrs j\u016bras celtnim\" width=\"840\" height=\"442\" title=\"\"><\/p>\n<h3>Par FMP<\/h3>\n<p>FMP ir specializ\u0113ts meh\u0101nisk\u0101s ra\u017eo\u0161anas uz\u0146\u0113mums, kas nodarbojas ar hidraulisko cilindru ra\u017eo\u0161anu. Kop\u0161 dibin\u0101\u0161anas uz\u0146\u0113mums ir koncentr\u0113jies uz hidraulisko tehnolo\u0123iju izp\u0113ti un ra\u017eo\u0161anu, veiksm\u012bgi p\u0101rejot no daudzveid\u012bga produktu kl\u0101sta, kas ietv\u0113ra ra\u017eas nov\u0101k\u0161anas un celtniec\u012bbas tehniku, uz specializ\u0101ciju lauksaimniec\u012bbas traktoru deta\u013c\u0101s. Ar vair\u0101k nek\u0101 desmit gadu pieredzi ra\u017eo\u0161an\u0101 un vad\u012bb\u0101 FMP nodro\u0161ina augstas kvalit\u0101tes produktus, izmantojot progres\u012bvas ra\u017eo\u0161anas metodes.<\/p>\n<p>Uz\u0146\u0113mumam att\u012bstoties, tas ir izstr\u0101d\u0101jis visaptvero\u0161u apstr\u0101des ra\u017eo\u0161anas l\u012bniju, mont\u0101\u017eas l\u012bniju un p\u0101rkl\u0101\u0161anas l\u012bniju. M\u016bsu komandu veido prasm\u012bgs vad\u012bbas person\u0101ls, pieredz\u0113ju\u0161i meh\u0101niskie konstruktori un augsti kvalific\u0113ti tehni\u0137i, kas str\u0101d\u0101 kop\u0101, lai uztur\u0113tu stabilu ra\u017eo\u0161anas kvalit\u0101ti, vienlaikus efekt\u012bvi kontrol\u0113jot procesa nep\u0101rtraukt\u012bbu un efektivit\u0101ti.<\/p>\n<p>FMP iev\u0113ro filozofiju \u201cTehnolo\u0123isk\u0101s inov\u0101cijas veicina progresu, kvalit\u0101te rada z\u012bmolus, meistar\u012bba nodro\u0161ina kvalit\u0101ti un veido ilgtermi\u0146a abpus\u0113ji izdev\u012bgas attiec\u012bbas\u201d. M\u016bsu ap\u0146em\u0161an\u0101s nodro\u0161in\u0101t augstas kvalit\u0101tes produktus un izcilu klientu apkalpo\u0161anu joproj\u0101m ir m\u016bsu galvenais m\u0113r\u0137is, turpinot apmierin\u0101t main\u012bg\u0101s tirgus vajadz\u012bbas.<\/p>\n<p><img loading=\"lazy\" decoding=\"async\" class=\"alignnone size-full wp-image-426\" src=\"https:\/\/fmp-components.com\/wp-content\/uploads\/2024\/12\/Sanitation-Machinery-Locking-Hydraulic-Cylinder-factory.webp\" sizes=\"(min-width: 0px) and (max-width: 480px) 480px, (min-width: 481px) and (max-width: 980px) 980px, (min-width: 981px) and (max-width: 1280px) 1280px, (min-width: 1281px) 1414px, 100vw\" srcset=\"https:\/\/fmp-components.com\/wp-content\/uploads\/2024\/12\/Sanitation-Machinery-Locking-Hydraulic-Cylinder-factory.webp 1414w, https:\/\/fmp-components.com\/wp-content\/uploads\/2024\/12\/Sanitation-Machinery-Locking-Hydraulic-Cylinder-factory-1280x529.webp 1280w, https:\/\/fmp-components.com\/wp-content\/uploads\/2024\/12\/Sanitation-Machinery-Locking-Hydraulic-Cylinder-factory-980x405.webp 980w, https:\/\/fmp-components.com\/wp-content\/uploads\/2024\/12\/Sanitation-Machinery-Locking-Hydraulic-Cylinder-factory-480x198.webp 480w\" alt=\"Sanit\u0101rijas-ma\u0161\u012bnu-blo\u0137\u0113\u0161anas-hidraulisko-cilindru-fabrika\" width=\"1414\" height=\"584\" title=\"\"><\/p>\n<p>Autors: CX<\/p>","protected":false},"excerpt":{"rendered":"<p>J\u016bras celt\u0146a hidrauliskais cilindrs ir b\u016btiska sast\u0101vda\u013ca, kas paredz\u0113ta, lai nodro\u0161in\u0101tu nepiecie\u0161amo pacel\u0161anas un nolai\u0161anas sp\u0113ku celt\u0146a str\u0113lei un citiem darb\u012bbas meh\u0101nismiem. \u0160is hidrauliskais cilindrs nodro\u0161ina prec\u012bzu vad\u012bbu un kust\u012bbu, \u013caujot dro\u0161i apstr\u0101d\u0101t smagas kravas sare\u017e\u0123\u012bt\u0101 j\u016bras vid\u0113. Izgatavots no augstas iztur\u012bbas materi\u0101liem, tas ir izstr\u0101d\u0101ts, lai iztur\u0113tu skarbus j\u016bras apst\u0101k\u013cus, tostarp s\u0101ls\u016bdens iedarb\u012bbu un ekstrem\u0101lus laikapst\u0101k\u013cus, nodro\u0161inot iztur\u012bbu un uzticam\u012bbu. Vienm\u0113r\u012bg\u0101 hidraulisk\u0101 darb\u012bba atvieglo \u0101tru regul\u0113\u0161anu, uzlabojot darb\u012bbas efektivit\u0101ti un dro\u0161\u012bbu cel\u0161anas oper\u0101ciju laik\u0101. \u0160is hidrauliskais cilindrs ir b\u016btisks, lai optimiz\u0113tu j\u016bras celt\u0146u veiktsp\u0113ju, iev\u0113rojami veicinot j\u016bras b\u016bvniec\u012bbas, urb\u0161anas un apkopes darb\u012bbu efektivit\u0101ti.<\/p>","protected":false},"featured_media":770,"comment_status":"open","ping_status":"closed","template":"","meta":{"_et_pb_use_builder":"","_et_pb_old_content":"","_et_gb_content_width":""},"product_brand":[],"product_cat":[28],"product_tag":[],"class_list":{"0":"post-761","1":"product","2":"type-product","3":"status-publish","4":"has-post-thumbnail","6":"product_cat-offshore-hydraulic-cylinders","8":"first","9":"instock","10":"shipping-taxable","11":"product-type-simple"},"_links":{"self":[{"href":"https:\/\/fmp-components.com\/lv\/wp-json\/wp\/v2\/product\/761","targetHints":{"allow":["GET"]}}],"collection":[{"href":"https:\/\/fmp-components.com\/lv\/wp-json\/wp\/v2\/product"}],"about":[{"href":"https:\/\/fmp-components.com\/lv\/wp-json\/wp\/v2\/types\/product"}],"replies":[{"embeddable":true,"href":"https:\/\/fmp-components.com\/lv\/wp-json\/wp\/v2\/comments?post=761"}],"wp:featuredmedia":[{"embeddable":true,"href":"https:\/\/fmp-components.com\/lv\/wp-json\/wp\/v2\/media\/770"}],"wp:attachment":[{"href":"https:\/\/fmp-components.com\/lv\/wp-json\/wp\/v2\/media?parent=761"}],"wp:term":[{"taxonomy":"product_brand","embeddable":true,"href":"https:\/\/fmp-components.com\/lv\/wp-json\/wp\/v2\/product_brand?post=761"},{"taxonomy":"product_cat","embeddable":true,"href":"https:\/\/fmp-components.com\/lv\/wp-json\/wp\/v2\/product_cat?post=761"},{"taxonomy":"product_tag","embeddable":true,"href":"https:\/\/fmp-components.com\/lv\/wp-json\/wp\/v2\/product_tag?post=761"}],"curies":[{"name":"wp","href":"https:\/\/api.w.org\/{rel}","templated":true}]}}