{"id":751,"date":"2024-12-18T05:37:50","date_gmt":"2024-12-18T05:37:50","guid":{"rendered":"https:\/\/fmp-components.com\/?page_id=8"},"modified":"2024-12-18T05:39:02","modified_gmt":"2024-12-18T05:39:02","slug":"pile-driving-barge-luffing-cylinder","status":"publish","type":"product","link":"https:\/\/fmp-components.com\/lv\/product\/pile-driving-barge-luffing-cylinder\/","title":{"rendered":"P\u0101\u013cu dz\u012b\u0161anas bar\u017eas luf\u0113\u0161anas cilindrs"},"content":{"rendered":"<p style=\"text-align: center;\"><span style=\"font-size: 18pt;\">P\u0101\u013cu dz\u012b\u0161anas bar\u017eas luf\u0113\u0161anas cilindrs<\/span><\/p>\n<p>P\u0101\u013cu dz\u012b\u0161anas bar\u017eas pacel\u0161anas cilindrs ir b\u016btiska hidrauliska sast\u0101vda\u013ca, kas paredz\u0113ta, lai nodro\u0161in\u0101tu celt\u0146a rokas pacel\u0161anas kust\u012bbu uz p\u0101\u013cu dz\u012b\u0161anas bar\u017e\u0101m. \u0160im cilindram ir iz\u0161\u0137iro\u0161a noz\u012bme nepiecie\u0161am\u0101 sp\u0113ka nodro\u0161in\u0101\u0161an\u0101 celt\u0146a rokas pacel\u0161anai un nolai\u0161anai, \u013caujot prec\u012bzi pozicion\u0113t p\u0101\u013cu dzin\u0113ju uzst\u0101d\u012b\u0161anas laik\u0101.<\/p>\n<p><img loading=\"lazy\" decoding=\"async\" class=\"alignnone size-full wp-image-754\" src=\"https:\/\/fmp-components.com\/wp-content\/uploads\/2024\/12\/Pile-Driving-Barge-Luffing-Cylinder-1-1.webp\" alt=\"P\u0101\u013cu dz\u012b\u0161anas bar\u017eas pacel\u0161anas cilindrs-1\" width=\"1024\" height=\"675\" title=\"\" srcset=\"https:\/\/fmp-components.com\/wp-content\/uploads\/2024\/12\/Pile-Driving-Barge-Luffing-Cylinder-1-1.webp 1024w, https:\/\/fmp-components.com\/wp-content\/uploads\/2024\/12\/Pile-Driving-Barge-Luffing-Cylinder-1-1-980x646.webp 980w, https:\/\/fmp-components.com\/wp-content\/uploads\/2024\/12\/Pile-Driving-Barge-Luffing-Cylinder-1-1-480x316.webp 480w\" sizes=\"(min-width: 0px) and (max-width: 480px) 480px, (min-width: 481px) and (max-width: 980px) 980px, (min-width: 981px) 1024px, 100vw\" \/><\/p>\n<h4>Galven\u0101s iez\u012bmes:<\/h4>\n<ul>\n<li><strong>Augsta kravnes\u012bba:<\/strong> Izstr\u0101d\u0101ts iev\u0113rojamu kravu iztur\u0113\u0161anai, pac\u0113l\u0101jcilindrs nodro\u0161ina stabilas un kontrol\u0113tas celt\u0146a rokas kust\u012bbas p\u0101\u013cu dz\u012b\u0161anas laik\u0101.<\/li>\n<li><strong>Iztur\u012bga konstrukcija:<\/strong> Izgatavots no augstas iztur\u012bbas materi\u0101liem, \u0161is cilindrs ir paredz\u0113ts, lai iztur\u0113tu skarbos j\u016bras apst\u0101k\u013cus un augstu spiedienu, kas saist\u012bts ar p\u0101\u013cu dz\u012b\u0161anas oper\u0101cij\u0101m, nodro\u0161inot ilgsto\u0161u iztur\u012bbu un uzticam\u012bbu.<\/li>\n<li><strong>Vienm\u0113r\u012bga darb\u012bba:<\/strong> Uzlabot\u0101 hidraulisk\u0101 konstrukcija nodro\u0161ina vienm\u0113r\u012bgu un efekt\u012bvu regul\u0113\u0161anu, atvieglojot p\u0101\u013cu dz\u012b\u0161anas apr\u012bkojuma \u0101tru un prec\u012bzu pozicion\u0113\u0161anu.<\/li>\n<li><strong>Pastiprin\u0101ta dro\u0161\u012bba:<\/strong> Apr\u012bkots ar dro\u0161\u012bbas meh\u0101nismiem, kas nov\u0113r\u0161 p\u0101rstiep\u0161anos un nodro\u0161ina dro\u0161u darb\u012bbu, t\u0101d\u0113j\u0101di veicinot p\u0101\u013cu dz\u012b\u0161anas oper\u0101ciju visp\u0101r\u0113jo dro\u0161\u012bbu.<\/li>\n<li><strong>Daudzpus\u012bgs pielietojums:<\/strong> \u0160is pacel\u0161anas cilindrs, kas ir piem\u0113rots da\u017e\u0101da veida p\u0101\u013cu dz\u012b\u0161anas bar\u017e\u0101m, var piel\u0101goties da\u017e\u0101d\u0101m ekspluat\u0101cijas vajadz\u012bb\u0101m, padarot to ide\u0101li piem\u0113rotu da\u017e\u0101diem j\u016bras b\u016bvniec\u012bbas projektiem.<\/li>\n<li><strong>Zemas apkopes pras\u012bbas:<\/strong> Tas ir izstr\u0101d\u0101ts minim\u0101lam nodilumam, samazinot nepiecie\u0161am\u012bbu p\u0113c bie\u017eas apkopes, t\u0101d\u0113j\u0101di palielinot produktivit\u0101ti un samazinot ekspluat\u0101cijas izmaksas.<\/li>\n<\/ul>\n<p>P\u0101\u013cu dz\u012b\u0161anas bar\u017eas pacel\u0161anas cilindrs ir neaizst\u0101jams, lai optimiz\u0113tu p\u0101\u013cu dz\u012b\u0161anas oper\u0101ciju veiktsp\u0113ju, iev\u0113rojami uzlabojot pamatu b\u016bvniec\u012bbas un j\u016bras in\u017eeniertehnisko projektu efektivit\u0101ti un lietder\u012bbu.<\/p>\n<h2>P\u0101\u013cu dz\u012b\u0161anas bar\u017eas luf\u0113\u0161anas cilindrs<\/h2>\n<p><img loading=\"lazy\" decoding=\"async\" class=\"size-full wp-image-753 aligncenter\" src=\"https:\/\/fmp-components.com\/wp-content\/uploads\/2024\/12\/Pile-Driving-Barge-Luffing-Cylinder-1.webp\" alt=\"P\u0101\u013cu dz\u012b\u0161anas bar\u017eas pacel\u0161anas cilindrs\" width=\"600\" height=\"600\" title=\"\" srcset=\"https:\/\/fmp-components.com\/wp-content\/uploads\/2024\/12\/Pile-Driving-Barge-Luffing-Cylinder-1.webp 600w, https:\/\/fmp-components.com\/wp-content\/uploads\/2024\/12\/Pile-Driving-Barge-Luffing-Cylinder-1-480x480.webp 480w\" sizes=\"(min-width: 0px) and (max-width: 480px) 480px, (min-width: 481px) 600px, 100vw\" \/><\/p>\n<table style=\"width: 97.7861%; height: 234px;\" border=\"1\" cellspacing=\"0\" cellpadding=\"0\">\n<tbody>\n<tr style=\"height: 23px;\">\n<td style=\"height: 23px; width: 12.6359%;\">Produkta nosaukums<\/td>\n<td style=\"height: 23px; width: 110.054%;\">P\u0101\u013cu dz\u012b\u0161anas bar\u017eas luf\u0113\u0161anas cilindrs<\/td>\n<\/tr>\n<tr style=\"height: 47px;\">\n<td style=\"height: 47px; width: 12.6359%;\">Funkcijas:<\/td>\n<td style=\"height: 47px; width: 110.054%;\">pagrieziet p\u0101\u013ca r\u0101mi un izturiet slodzi, un sa\u0146emtais \u0101r\u0113jais sp\u0113ks ir ne tikai liels, bet ar\u012b sare\u017e\u0123\u012bts<\/td>\n<\/tr>\n<tr style=\"height: 47px;\">\n<td style=\"height: 47px; width: 12.6359%;\">Urbuma diametrs:<\/td>\n<td style=\"height: 47px; width: 110.054%;\">L\u012bdz 1400 mm<\/td>\n<\/tr>\n<tr style=\"height: 47px;\">\n<td style=\"height: 47px; width: 12.6359%;\">Stie\u0146a diametrs:<\/td>\n<td style=\"height: 47px; width: 110.054%;\">L\u012bdz 900 mm<br \/>\nG\u0101jiens l\u012bdz 15500 mm<\/td>\n<\/tr>\n<tr style=\"height: 47px;\">\n<td style=\"height: 47px; width: 12.6359%;\">Vilces sp\u0113ks:<\/td>\n<td style=\"height: 47px; width: 110.054%;\">28465KN<br \/>\n(spiediens 25MPa)<\/td>\n<\/tr>\n<tr style=\"height: 23px;\">\n<td style=\"height: 23px; width: 12.6359%;\">Lietojumi:<\/td>\n<td style=\"height: 23px; width: 110.054%;\">Pace\u013cama j\u016bras platforma<\/td>\n<\/tr>\n<\/tbody>\n<\/table>\n<h2>P\u0101\u013cu dz\u012b\u0161anas bar\u017eas luf\u0113\u0161anas cilindra pielietojums<\/h2>\n<p>P\u0101\u013cu dz\u012b\u0161anas bar\u017eas pacel\u0161anas cilindrs tiek izmantots da\u017e\u0101dos j\u016bras b\u016bvniec\u012bbas un p\u0101\u013cu dz\u012b\u0161anas projektos, un tam ir b\u016btiska loma da\u017e\u0101du konstrukciju stabilit\u0101tes un dro\u0161\u012bbas nodro\u0161in\u0101\u0161an\u0101. \u0160eit ir da\u017ei galvenie pielietojumi:<\/p>\n<p>Tiltu b\u016bvniec\u012bb\u0101 izci\u013c\u0146u cilindri ir b\u016btiski p\u0101\u013cu iedz\u012b\u0161anai upes vai j\u016bras gultn\u0113, veidojot iztur\u012bgus pamatus tilta balstiem un balstiem. \u0160is process ir \u013coti svar\u012bgs, lai nodro\u0161in\u0101tu tilta konstrukcijas integrit\u0101ti.<\/p>\n<p>Piest\u0101t\u0146u un molu b\u016bvniec\u012bbai \u0161ie cilindri atvieglo p\u0101\u013cu uzst\u0101d\u012b\u0161anu, kas veido stabilus pamatus piest\u0101tn\u0113m, moliem un cit\u0101m piekrastes konstrukcij\u0101m. Dro\u0161i noenkurojot \u0161os pamatus, tie var iztur\u0113t ku\u0123u un kravu apstr\u0101des iek\u0101rtu rad\u012bt\u0101s slodzes.<\/p>\n<p>J\u016bras v\u0113ja elektrostaciju att\u012bst\u012b\u0161an\u0101 v\u0113ja turb\u012bnu monop\u0101\u013cu pamatu uzst\u0101d\u012b\u0161anai tiek izmantoti pacel\u0161anas cilindri. To prec\u012bz\u0101s pozicion\u0113\u0161anas iesp\u0113jas \u013cauj prec\u012bzi iedz\u012bt p\u0101\u013cus j\u016bras gultn\u0113, nodro\u0161inot dro\u0161u turb\u012bnu pamatni.<\/p>\n<p>B\u016bv\u0113jot molu un delf\u012bnu konstrukcijas, kas ir kritiski svar\u012bgas ku\u0123u pietauvo\u0161anai un ostu aizsardz\u012bbai, p\u0101\u013cu iedz\u012b\u0161anai \u016bden\u012b vai j\u016bras gultn\u0113 tiek izmantoti izci\u013c\u0146u cilindri. Tas rada iztur\u012bgus pamatus, kas iztur \u016bdens un ku\u0123u rad\u012btos sp\u0113kus.<\/p>\n<p>Naftas un g\u0101zes platformu b\u016bvniec\u012bb\u0101 iz\u0161\u0137ir\u012bga noz\u012bme ir pacel\u0161anas cilindriem, lai iedz\u012btu p\u0101\u013cus j\u016bras gultn\u0113, veidojot platformas atbalsta konstrukcijas pamatu. Tas nodro\u0161ina platformas stabilit\u0101ti un dro\u0161\u012bbu sare\u017e\u0123\u012btos j\u016bras apst\u0101k\u013cos.<\/p>\n<p>Turkl\u0101t ostu papla\u0161in\u0101\u0161anas un padzi\u013cin\u0101\u0161anas projektos luf\u0113\u0161anas cilindri atvieglo jaunu p\u0101\u013cu uzst\u0101d\u012b\u0161anu vai eso\u0161o nomai\u0146u. Tas ir \u013coti svar\u012bgi infrastrukt\u016bras moderniz\u0113\u0161anai, lai uz\u0146emtu liel\u0101kus ku\u0123us, palielin\u0101tu ostas jaudu un uzlabotu navig\u0101cijas kan\u0101lus.<\/p>\n<p>Kopum\u0101 p\u0101\u013cu dz\u012b\u0161anas bar\u017eas pacel\u0161anas cilindra daudzpus\u012bba un efektivit\u0101te padara to par neaizst\u0101jamu instrumentu da\u017e\u0101dos j\u016bras b\u016bvniec\u012bbas pielietojumos.<\/p>\n<p><img loading=\"lazy\" decoding=\"async\" class=\"alignnone wp-image-752\" src=\"https:\/\/fmp-components.com\/wp-content\/uploads\/2024\/12\/Pile-Driving-Barge-Luffing-Cylinder.webp\" alt=\"P\u0101\u013cu dz\u012b\u0161anas bar\u017eas luf\u0113\u0161anas cilindrs\" width=\"955\" height=\"480\" title=\"\" srcset=\"https:\/\/fmp-components.com\/wp-content\/uploads\/2024\/12\/Pile-Driving-Barge-Luffing-Cylinder.webp 955w, https:\/\/fmp-components.com\/wp-content\/uploads\/2024\/12\/Pile-Driving-Barge-Luffing-Cylinder-480x241.webp 480w\" sizes=\"(min-width: 0px) and (max-width: 480px) 480px, (min-width: 481px) 955px, 100vw\" \/><\/p>\n<h3>Par FMP<\/h3>\n<p>FMP ir specializ\u0113ts meh\u0101nisk\u0101s ra\u017eo\u0161anas uz\u0146\u0113mums, kas nodarbojas ar hidraulisko cilindru ra\u017eo\u0161anu. Kop\u0161 dibin\u0101\u0161anas uz\u0146\u0113mums ir koncentr\u0113jies uz hidraulisko tehnolo\u0123iju izp\u0113ti un ra\u017eo\u0161anu, veiksm\u012bgi p\u0101rejot no daudzveid\u012bga produktu kl\u0101sta, kas ietv\u0113ra ra\u017eas nov\u0101k\u0161anas un celtniec\u012bbas tehniku, uz specializ\u0101ciju lauksaimniec\u012bbas traktoru deta\u013c\u0101s. Ar vair\u0101k nek\u0101 desmit gadu pieredzi ra\u017eo\u0161an\u0101 un vad\u012bb\u0101 FMP nodro\u0161ina augstas kvalit\u0101tes produktus, izmantojot progres\u012bvas ra\u017eo\u0161anas metodes.<\/p>\n<p>Uz\u0146\u0113mumam att\u012bstoties, tas ir izstr\u0101d\u0101jis visaptvero\u0161u apstr\u0101des ra\u017eo\u0161anas l\u012bniju, mont\u0101\u017eas l\u012bniju un p\u0101rkl\u0101\u0161anas l\u012bniju. M\u016bsu komandu veido prasm\u012bgs vad\u012bbas person\u0101ls, pieredz\u0113ju\u0161i meh\u0101niskie konstruktori un augsti kvalific\u0113ti tehni\u0137i, kas str\u0101d\u0101 kop\u0101, lai uztur\u0113tu stabilu ra\u017eo\u0161anas kvalit\u0101ti, vienlaikus efekt\u012bvi kontrol\u0113jot procesa nep\u0101rtraukt\u012bbu un efektivit\u0101ti.<\/p>\n<p>FMP iev\u0113ro filozofiju \u201cTehnolo\u0123isk\u0101s inov\u0101cijas veicina progresu, kvalit\u0101te rada z\u012bmolus, meistar\u012bba nodro\u0161ina kvalit\u0101ti un veido ilgtermi\u0146a abpus\u0113ji izdev\u012bgas attiec\u012bbas\u201d. M\u016bsu ap\u0146em\u0161an\u0101s nodro\u0161in\u0101t augstas kvalit\u0101tes produktus un izcilu klientu apkalpo\u0161anu joproj\u0101m ir m\u016bsu galvenais m\u0113r\u0137is, turpinot apmierin\u0101t main\u012bg\u0101s tirgus vajadz\u012bbas.<\/p>\n<p><img loading=\"lazy\" decoding=\"async\" class=\"alignnone size-full wp-image-426\" src=\"https:\/\/fmp-components.com\/wp-content\/uploads\/2024\/12\/Sanitation-Machinery-Locking-Hydraulic-Cylinder-factory.webp\" sizes=\"(min-width: 0px) and (max-width: 480px) 480px, (min-width: 481px) and (max-width: 980px) 980px, (min-width: 981px) and (max-width: 1280px) 1280px, (min-width: 1281px) 1414px, 100vw\" srcset=\"https:\/\/fmp-components.com\/wp-content\/uploads\/2024\/12\/Sanitation-Machinery-Locking-Hydraulic-Cylinder-factory.webp 1414w, https:\/\/fmp-components.com\/wp-content\/uploads\/2024\/12\/Sanitation-Machinery-Locking-Hydraulic-Cylinder-factory-1280x529.webp 1280w, https:\/\/fmp-components.com\/wp-content\/uploads\/2024\/12\/Sanitation-Machinery-Locking-Hydraulic-Cylinder-factory-980x405.webp 980w, https:\/\/fmp-components.com\/wp-content\/uploads\/2024\/12\/Sanitation-Machinery-Locking-Hydraulic-Cylinder-factory-480x198.webp 480w\" alt=\"Sanit\u0101rijas-ma\u0161\u012bnu-blo\u0137\u0113\u0161anas-hidraulisko-cilindru-fabrika\" width=\"1414\" height=\"584\" title=\"\"><\/p>\n<p>Autors: CX<\/p>","protected":false},"excerpt":{"rendered":"<p>P\u0101\u013cu dz\u012b\u0161anas bar\u017eas pacel\u0161anas cilindrs ir kritiski svar\u012bga hidrauliska sast\u0101vda\u013ca, kas paredz\u0113ta, lai atvieglotu celt\u0146a rokas pacel\u0161anas kust\u012bbu p\u0101\u013cu dz\u012b\u0161anas bar\u017e\u0101s. \u0160is cilindrs nodro\u0161ina nepiecie\u0161amo sp\u0113ku rokas pacel\u0161anai un nolai\u0161anai, \u013caujot prec\u012bzi pozicion\u0113t p\u0101\u013cu dzin\u0113ju uzst\u0101d\u012b\u0161anas laik\u0101. Izgatavots no augstas iztur\u012bbas materi\u0101liem, tas ir konstru\u0113ts t\u0101, lai iztur\u0113tu j\u016bras vides sare\u017e\u0123\u012btos apst\u0101k\u013cus, nodro\u0161inot iztur\u012bbu un uzticam\u012bbu pat augsta spiediena apst\u0101k\u013cos. Vienm\u0113r\u012bg\u0101 hidraulisk\u0101 darb\u012bba \u013cauj \u0101tri piel\u0101goties, uzlabojot darb\u012bbas efektivit\u0101ti un dro\u0161\u012bbu p\u0101\u013cu dz\u012b\u0161anas laik\u0101. \u0160is pacel\u0161anas cilindrs ir b\u016btisks, lai optimiz\u0113tu p\u0101\u013cu dz\u012b\u0161anas bar\u017eu veiktsp\u0113ju, b\u016btiski veicinot efekt\u012bvus pamatu b\u016bvniec\u012bbas un j\u016bras in\u017eenierijas projektus.<\/p>","protected":false},"featured_media":753,"comment_status":"open","ping_status":"closed","template":"","meta":{"_et_pb_use_builder":"","_et_pb_old_content":"","_et_gb_content_width":""},"product_brand":[],"product_cat":[28],"product_tag":[],"class_list":{"0":"post-751","1":"product","2":"type-product","3":"status-publish","4":"has-post-thumbnail","6":"product_cat-offshore-hydraulic-cylinders","8":"first","9":"instock","10":"shipping-taxable","11":"product-type-simple"},"_links":{"self":[{"href":"https:\/\/fmp-components.com\/lv\/wp-json\/wp\/v2\/product\/751","targetHints":{"allow":["GET"]}}],"collection":[{"href":"https:\/\/fmp-components.com\/lv\/wp-json\/wp\/v2\/product"}],"about":[{"href":"https:\/\/fmp-components.com\/lv\/wp-json\/wp\/v2\/types\/product"}],"replies":[{"embeddable":true,"href":"https:\/\/fmp-components.com\/lv\/wp-json\/wp\/v2\/comments?post=751"}],"wp:featuredmedia":[{"embeddable":true,"href":"https:\/\/fmp-components.com\/lv\/wp-json\/wp\/v2\/media\/753"}],"wp:attachment":[{"href":"https:\/\/fmp-components.com\/lv\/wp-json\/wp\/v2\/media?parent=751"}],"wp:term":[{"taxonomy":"product_brand","embeddable":true,"href":"https:\/\/fmp-components.com\/lv\/wp-json\/wp\/v2\/product_brand?post=751"},{"taxonomy":"product_cat","embeddable":true,"href":"https:\/\/fmp-components.com\/lv\/wp-json\/wp\/v2\/product_cat?post=751"},{"taxonomy":"product_tag","embeddable":true,"href":"https:\/\/fmp-components.com\/lv\/wp-json\/wp\/v2\/product_tag?post=751"}],"curies":[{"name":"wp","href":"https:\/\/api.w.org\/{rel}","templated":true}]}}