{"id":744,"date":"2024-12-18T05:28:55","date_gmt":"2024-12-18T05:28:55","guid":{"rendered":"https:\/\/fmp-components.com\/?page_id=8"},"modified":"2024-12-18T05:32:12","modified_gmt":"2024-12-18T05:32:12","slug":"drilling-platform-steel-wire-rope-tensioner-cylinder","status":"publish","type":"product","link":"https:\/\/fmp-components.com\/lv\/product\/drilling-platform-steel-wire-rope-tensioner-cylinder\/","title":{"rendered":"Urb\u0161anas platformas t\u0113rauda stiep\u013cu tro\u0161u spriegot\u0101ja cilindrs"},"content":{"rendered":"<p style=\"text-align: center;\"><span style=\"font-size: 18pt;\">Urb\u0161anas platformas t\u0113rauda stiep\u013cu tro\u0161u spriegot\u0101ja cilindrs<\/span><\/p>\n<p>Urb\u0161anas platformas t\u0113rauda stiep\u013cu tro\u0161u spriegot\u0101ja cilindrs ir b\u016btiska hidrauliska sast\u0101vda\u013ca, kas paredz\u0113ta, lai nodro\u0161in\u0101tu optim\u0101lu t\u0113rauda stiep\u013cu tro\u0161u spriegojumu, ko izmanto urb\u0161anas darbos. \u0160im cilindram ir iz\u0161\u0137iro\u0161a noz\u012bme urb\u0161anas oper\u0101ciju dro\u0161\u012bbas un efektivit\u0101tes uztur\u0113\u0161an\u0101, nodro\u0161inot nepiecie\u0161amo sp\u0113ku, lai piel\u0101gotu un stabiliz\u0113tu stiep\u013cu tro\u0161u spriegojumu, kas ir vit\u0101li svar\u012bgi urb\u0161anas iek\u0101rtu pareizai darb\u012bbai.<\/p>\n<p><img loading=\"lazy\" decoding=\"async\" class=\"alignnone size-full wp-image-745\" src=\"https:\/\/fmp-components.com\/wp-content\/uploads\/2024\/12\/Drilling-Platform-Steel-Wire-Rope-Tensioner-Cylinder.webp\" alt=\"Urb\u0161anas platformas t\u0113rauda stiep\u013cu tro\u0161u spriegot\u0101ja cilindrs\" width=\"1024\" height=\"607\" title=\"\" srcset=\"https:\/\/fmp-components.com\/wp-content\/uploads\/2024\/12\/Drilling-Platform-Steel-Wire-Rope-Tensioner-Cylinder.webp 1024w, https:\/\/fmp-components.com\/wp-content\/uploads\/2024\/12\/Drilling-Platform-Steel-Wire-Rope-Tensioner-Cylinder-980x581.webp 980w, https:\/\/fmp-components.com\/wp-content\/uploads\/2024\/12\/Drilling-Platform-Steel-Wire-Rope-Tensioner-Cylinder-480x285.webp 480w\" sizes=\"(min-width: 0px) and (max-width: 480px) 480px, (min-width: 481px) and (max-width: 980px) 980px, (min-width: 981px) 1024px, 100vw\" \/><\/p>\n<h4>Galven\u0101s iez\u012bmes:<\/h4>\n<ul>\n<li><strong>Augsta sprieguma jauda:<\/strong> \u0160is cilindrs, kas izstr\u0101d\u0101ts iev\u0113rojamu slodzi iztur\u0113\u0161anai, efekt\u012bvi p\u0101rvalda t\u0113rauda stiep\u013cu tro\u0161u spriegojumu, nodro\u0161inot nemain\u012bgu veiktsp\u0113ju sare\u017e\u0123\u012btos apst\u0101k\u013cos.<\/li>\n<li><strong>Iztur\u012bga konstrukcija:<\/strong> Spriegot\u0101jcilindrs ir izgatavots no augstas iztur\u012bbas materi\u0101liem un ir paredz\u0113ts, lai iztur\u0113tu skarbos apst\u0101k\u013cus un augstu spiedienu, kas rakstur\u012bgs urb\u0161anas oper\u0101cij\u0101m, nodro\u0161inot ilgsto\u0161u iztur\u012bbu un uzticam\u012bbu.<\/li>\n<li><strong>Vienm\u0113r\u012bga darb\u012bba:<\/strong> Uzlabot\u0101 hidraulisk\u0101 konstrukcija nodro\u0161ina vienm\u0113r\u012bgu un prec\u012bzu regul\u0113\u0161anu, atvieglojot \u0101tru spriegojuma mai\u0146u p\u0113c nepiecie\u0161am\u012bbas urb\u0161anas laik\u0101.<\/li>\n<li><strong>Dro\u0161\u012bbas meh\u0101nismi:<\/strong> Ietver dro\u0161\u012bbas funkcijas, kas nov\u0113r\u0161 p\u0101rspriegojumu un nodro\u0161ina dro\u0161u darb\u012bbu, uzlabojot urb\u0161anas darb\u012bbu visp\u0101r\u0113jo dro\u0161\u012bbu.<\/li>\n<li><strong>Daudzpus\u012bgs pielietojums:<\/strong> \u0160is cilindrs ir piem\u0113rots da\u017e\u0101d\u0101m urb\u0161anas platform\u0101m un var piel\u0101goties da\u017e\u0101d\u0101m ekspluat\u0101cijas vajadz\u012bb\u0101m, padarot to par daudzpus\u012bgu izv\u0113li da\u017e\u0101d\u0101m urb\u0161anas vid\u0113m.<\/li>\n<li><strong>Zemas apkopes pras\u012bbas:<\/strong> Tas ir izstr\u0101d\u0101ts minim\u0101lam nodilumam, samazina apkopes nepiecie\u0161am\u012bbu un darb\u012bbas d\u012bkst\u0101ves laiku, t\u0101d\u0113j\u0101di palielinot produktivit\u0101ti.<\/li>\n<\/ul>\n<p>Rezum\u0113jot, urb\u0161anas platformas t\u0113rauda stiep\u013cu tro\u0161u spriegot\u0101ja cilindrs ir neaizst\u0101jams urb\u0161anas oper\u0101ciju veiktsp\u0113jas un dro\u0161\u012bbas optimiz\u0113\u0161anai, iev\u0113rojami uzlabojot urb\u0161anas platformu efektivit\u0101ti un uzticam\u012bbu lauk\u0101.<\/p>\n<h2>Urb\u0161anas platformas t\u0113rauda stiep\u013cu tro\u0161u spriegot\u0101ja cilindrs<\/h2>\n<p><img loading=\"lazy\" decoding=\"async\" class=\"size-full wp-image-749 aligncenter\" src=\"https:\/\/fmp-components.com\/wp-content\/uploads\/2024\/12\/Drilling-Platform-Steel-Wire-Rope-Tensioner-Cylinder-1-1.webp\" alt=\"Urb\u0161anas platformas t\u0113rauda stiep\u013cu tro\u0161u spriegot\u0101ja cilindrs\" width=\"600\" height=\"600\" title=\"\" srcset=\"https:\/\/fmp-components.com\/wp-content\/uploads\/2024\/12\/Drilling-Platform-Steel-Wire-Rope-Tensioner-Cylinder-1-1.webp 600w, https:\/\/fmp-components.com\/wp-content\/uploads\/2024\/12\/Drilling-Platform-Steel-Wire-Rope-Tensioner-Cylinder-1-1-480x480.webp 480w\" sizes=\"(min-width: 0px) and (max-width: 480px) 480px, (min-width: 481px) 600px, 100vw\" \/><\/p>\n<table style=\"width: 96.3174%; height: 185px;\" border=\"1\" cellspacing=\"0\" cellpadding=\"0\">\n<tbody>\n<tr>\n<td>Produkta nosaukums<\/td>\n<td>Urb\u0161anas platformas t\u0113rauda stiep\u013cu tro\u0161u spriegot\u0101ja cilindrs<\/td>\n<\/tr>\n<tr>\n<td>Funkcijas:<\/td>\n<td>Nodro\u0161ina vilces sp\u0113ku un nodro\u0161ina stiep\u013cu troses spriegojumu caur skriemeli<\/td>\n<\/tr>\n<tr>\n<td>Urbuma diametrs:<\/td>\n<td>L\u012bdz 620 mm<\/td>\n<\/tr>\n<tr>\n<td>Stie\u0146a diametrs:<\/td>\n<td>L\u012bdz 580 mm<\/td>\n<\/tr>\n<tr>\n<td>Vilces sp\u0113ks:<\/td>\n<td>Maksim\u0101l\u0101 jauda 8500 kN<\/td>\n<\/tr>\n<tr>\n<td>Specifik\u0101cijas:<\/td>\n<td>Nodro\u0161iniet 889KN, 1112KN, 1245KN un citus cilindrus ar at\u0161\u0137ir\u012bg\u0101m sprieguma pras\u012bb\u0101m<\/td>\n<\/tr>\n<tr>\n<td>Lietojumi:<\/td>\n<td>Pace\u013cama j\u016bras platforma<\/td>\n<\/tr>\n<\/tbody>\n<\/table>\n<h2>Urb\u0161anas platformas t\u0113rauda stiep\u013cu tro\u0161u spriegot\u0101ja cilindra priek\u0161roc\u012bbas<\/h2>\n<p>Urb\u0161anas platformas t\u0113rauda stiep\u013cu tro\u0161u spriegot\u0101ja cilindrs pied\u0101v\u0101 daudzas priek\u0161roc\u012bbas, kas uzsver t\u0101 noz\u012bmi urb\u0161anas oper\u0101cij\u0101s j\u016br\u0101. \u0160eit ir da\u017eas no galvenaj\u0101m priek\u0161roc\u012bb\u0101m:<\/p>\n<p>Viena no galvenaj\u0101m priek\u0161roc\u012bb\u0101m ir prec\u012bza sprieguma kontrole. \u0160is cilindrs \u013cauj operatoriem prec\u012bzi piel\u0101got t\u0113rauda stiep\u013cu tros\u0113m pielikto spriegojumu, modul\u0113jot hidraulisko spiedienu. Pareiza sprieguma l\u012bme\u0146a sasnieg\u0161ana ir \u013coti svar\u012bga, lai nodro\u0161in\u0101tu stiep\u013cu tro\u0161u optim\u0101lu darb\u012bbu urb\u0161anas laik\u0101.<\/p>\n<p>V\u0113l viena b\u016btiska priek\u0161roc\u012bba ir uzlabota dro\u0161\u012bba. Spriegot\u0101ja cilindrs ir apr\u012bkots ar uzlabot\u0101m dro\u0161\u012bbas funkcij\u0101m, piem\u0113ram, spiediena sensoriem un aizsargmeh\u0101nismiem, kas pal\u012bdz nov\u0113rst p\u0101rspriegojumu vai p\u0113k\u0161\u0146u spriegojuma atbr\u012bvo\u0161anos. \u0160\u012bs funkcijas nodro\u0161ina dro\u0161u darb\u012bbu, aizsarg\u0101jot gan person\u0101lu, gan apr\u012bkojumu no iesp\u0113jamiem apdraud\u0113jumiem.<\/p>\n<p>Cilindrs ar\u012b veicina uzlabotu darb\u012bbas efektivit\u0101ti. Uzturot atbilsto\u0161u stiep\u013cu tro\u0161u spriegojumu, tas nodro\u0161ina urb\u0161anas auklas vienm\u0113r\u012bgu un kontrol\u0113tu kust\u012bbu un atvieglo smagu kravu pacel\u0161anu. Tas palielina produktivit\u0101ti un samazina d\u012bkst\u0101ves laiku urb\u0161anas oper\u0101cij\u0101s.<\/p>\n<p>Turkl\u0101t spriegot\u0101ja cilindra iztur\u012bba un uzticam\u012bba ir iev\u0113r\u012bbas cien\u012bga. Tas ir izgatavots no augstas iztur\u012bbas materi\u0101liem un ir paredz\u0113ts iztur\u0113t skarbos apst\u0101k\u013cus, ko rada urb\u0161ana j\u016br\u0101, tostarp koroz\u012bvu s\u0101ls\u016bdeni, augstu spiedienu un ekstrem\u0101las temperat\u016bras. \u0160\u012b iztur\u012bba nodro\u0161ina nemain\u012bgu veiktsp\u0113ju laika gait\u0101.<\/p>\n<p>Turkl\u0101t spriegot\u0101ja cilindrs pied\u0101v\u0101 daudzpus\u012bbu t\u0101 pielietojum\u0101. To var izmantot ar da\u017e\u0101da izm\u0113ra un veida t\u0113rauda stiep\u013cu tros\u0113m, padarot to piel\u0101gojamu da\u017e\u0101diem urb\u0161anas uzdevumiem, piem\u0113ram, urb\u0161anai, cel\u0161anai un kravu apstr\u0101dei. \u0160\u012b elast\u012bba nodro\u0161ina visaptvero\u0161u risin\u0101jumu stiep\u013cu tro\u0161u spriegojuma uztur\u0113\u0161anai vair\u0101ku darb\u012bbu laik\u0101.<\/p>\n<p>Visbeidzot, spriegot\u0101ja cilindra konstrukcija uzsver apkopi un apkalpojam\u012bbu. T\u0101 sast\u0101vda\u013cas ir viegli pieejamas p\u0101rbaudei un regul\u0101rai apkopei, kas pal\u012bdz nodro\u0161in\u0101t optim\u0101lu darb\u012bbu un samazina d\u012bkst\u0101ves laiku. \u0160\u012b vienk\u0101r\u0161\u0101 apkope veicina urb\u0161anas darb\u012bbu kop\u0113jo efektivit\u0101ti, nodro\u0161inot, ka apr\u012bkojums paliek vislab\u0101kaj\u0101 st\u0101vokl\u012b.<\/p>\n<p><img loading=\"lazy\" decoding=\"async\" class=\"alignnone wp-image-746\" src=\"https:\/\/fmp-components.com\/wp-content\/uploads\/2024\/12\/Drilling-Platform-Steel-Wire-Rope-Tensioner-Cylinder-1.webp\" alt=\"Urb\u0161anas platformas t\u0113rauda stiep\u013cu tro\u0161u spriegot\u0101ja cilindrs\" width=\"925\" height=\"648\" title=\"\" srcset=\"https:\/\/fmp-components.com\/wp-content\/uploads\/2024\/12\/Drilling-Platform-Steel-Wire-Rope-Tensioner-Cylinder-1.webp 925w, https:\/\/fmp-components.com\/wp-content\/uploads\/2024\/12\/Drilling-Platform-Steel-Wire-Rope-Tensioner-Cylinder-1-480x336.webp 480w\" sizes=\"(min-width: 0px) and (max-width: 480px) 480px, (min-width: 481px) 925px, 100vw\" \/><\/p>\n<h3>Par FMP<\/h3>\n<p>FMP ir specializ\u0113ts meh\u0101nisk\u0101s ra\u017eo\u0161anas uz\u0146\u0113mums, kas nodarbojas ar hidraulisko cilindru ra\u017eo\u0161anu. Kop\u0161 dibin\u0101\u0161anas uz\u0146\u0113mums ir koncentr\u0113jies uz hidraulisko tehnolo\u0123iju izp\u0113ti un ra\u017eo\u0161anu, veiksm\u012bgi p\u0101rejot no daudzveid\u012bga produktu kl\u0101sta, kas ietv\u0113ra ra\u017eas nov\u0101k\u0161anas un celtniec\u012bbas tehniku, uz specializ\u0101ciju lauksaimniec\u012bbas traktoru deta\u013c\u0101s. Ar vair\u0101k nek\u0101 desmit gadu pieredzi ra\u017eo\u0161an\u0101 un vad\u012bb\u0101 FMP nodro\u0161ina augstas kvalit\u0101tes produktus, izmantojot progres\u012bvas ra\u017eo\u0161anas metodes.<\/p>\n<p>Uz\u0146\u0113mumam att\u012bstoties, tas ir izstr\u0101d\u0101jis visaptvero\u0161u apstr\u0101des ra\u017eo\u0161anas l\u012bniju, mont\u0101\u017eas l\u012bniju un p\u0101rkl\u0101\u0161anas l\u012bniju. M\u016bsu komandu veido prasm\u012bgs vad\u012bbas person\u0101ls, pieredz\u0113ju\u0161i meh\u0101niskie konstruktori un augsti kvalific\u0113ti tehni\u0137i, kas str\u0101d\u0101 kop\u0101, lai uztur\u0113tu stabilu ra\u017eo\u0161anas kvalit\u0101ti, vienlaikus efekt\u012bvi kontrol\u0113jot procesa nep\u0101rtraukt\u012bbu un efektivit\u0101ti.<\/p>\n<p>FMP iev\u0113ro filozofiju \u201cTehnolo\u0123isk\u0101s inov\u0101cijas veicina progresu, kvalit\u0101te rada z\u012bmolus, meistar\u012bba nodro\u0161ina kvalit\u0101ti un veido ilgtermi\u0146a abpus\u0113ji izdev\u012bgas attiec\u012bbas\u201d. M\u016bsu ap\u0146em\u0161an\u0101s nodro\u0161in\u0101t augstas kvalit\u0101tes produktus un izcilu klientu apkalpo\u0161anu joproj\u0101m ir m\u016bsu galvenais m\u0113r\u0137is, turpinot apmierin\u0101t main\u012bg\u0101s tirgus vajadz\u012bbas.<\/p>\n<p><img loading=\"lazy\" decoding=\"async\" class=\"alignnone size-full wp-image-426\" src=\"https:\/\/fmp-components.com\/wp-content\/uploads\/2024\/12\/Sanitation-Machinery-Locking-Hydraulic-Cylinder-factory.webp\" sizes=\"(min-width: 0px) and (max-width: 480px) 480px, (min-width: 481px) and (max-width: 980px) 980px, (min-width: 981px) and (max-width: 1280px) 1280px, (min-width: 1281px) 1414px, 100vw\" srcset=\"https:\/\/fmp-components.com\/wp-content\/uploads\/2024\/12\/Sanitation-Machinery-Locking-Hydraulic-Cylinder-factory.webp 1414w, https:\/\/fmp-components.com\/wp-content\/uploads\/2024\/12\/Sanitation-Machinery-Locking-Hydraulic-Cylinder-factory-1280x529.webp 1280w, https:\/\/fmp-components.com\/wp-content\/uploads\/2024\/12\/Sanitation-Machinery-Locking-Hydraulic-Cylinder-factory-980x405.webp 980w, https:\/\/fmp-components.com\/wp-content\/uploads\/2024\/12\/Sanitation-Machinery-Locking-Hydraulic-Cylinder-factory-480x198.webp 480w\" alt=\"Sanit\u0101rijas-ma\u0161\u012bnu-blo\u0137\u0113\u0161anas-hidraulisko-cilindru-fabrika\" width=\"1414\" height=\"584\" title=\"\"><\/p>\n<p>Autors: CX<\/p>","protected":false},"excerpt":{"rendered":"<p>Urb\u0161anas platformas t\u0113rauda stiep\u013cu tro\u0161u spriegot\u0101ja cilindrs ir svar\u012bga hidrauliska sast\u0101vda\u013ca, kas paredz\u0113ta, lai uztur\u0113tu optim\u0101lu spriegojumu t\u0113rauda stiep\u013cu tros\u0113s, ko izmanto urb\u0161anas oper\u0101cij\u0101s. \u0160is cilindrs nodro\u0161ina nepiecie\u0161amo sp\u0113ku, lai piel\u0101gotu un stabiliz\u0113tu stiep\u013cu tro\u0161u spriegojumu, nodro\u0161inot dro\u0161u un efekt\u012bvu urb\u0161anas platformas darb\u012bbu. Izgatavots no augstas iztur\u012bbas materi\u0101liem, tas ir izstr\u0101d\u0101ts, lai iztur\u0113tu urb\u0161anas vid\u0113 rakstur\u012bgos sare\u017e\u0123\u012btos apst\u0101k\u013cus un augstu spiedienu, nodro\u0161inot iztur\u012bbu un uzticam\u012bbu. Vienm\u0113r\u012bg\u0101 hidraulisk\u0101 darb\u012bba \u013cauj veikt prec\u012bzus piel\u0101gojumus, uzlabojot darb\u012bbas efektivit\u0101ti un dro\u0161\u012bbu urb\u0161anas laik\u0101. \u0160is spriegot\u0101ja cilindrs ir b\u016btisks urb\u0161anas platformu veiktsp\u0113jas optimiz\u0113\u0161anai, iev\u0113rojami veicinot urb\u0161anas oper\u0101ciju efektivit\u0101ti un iek\u0101rtas visp\u0101r\u0113jo integrit\u0101ti.<\/p>","protected":false},"featured_media":749,"comment_status":"open","ping_status":"closed","template":"","meta":{"_et_pb_use_builder":"","_et_pb_old_content":"","_et_gb_content_width":""},"product_brand":[],"product_cat":[28],"product_tag":[],"class_list":{"0":"post-744","1":"product","2":"type-product","3":"status-publish","4":"has-post-thumbnail","6":"product_cat-offshore-hydraulic-cylinders","8":"first","9":"instock","10":"shipping-taxable","11":"product-type-simple"},"_links":{"self":[{"href":"https:\/\/fmp-components.com\/lv\/wp-json\/wp\/v2\/product\/744","targetHints":{"allow":["GET"]}}],"collection":[{"href":"https:\/\/fmp-components.com\/lv\/wp-json\/wp\/v2\/product"}],"about":[{"href":"https:\/\/fmp-components.com\/lv\/wp-json\/wp\/v2\/types\/product"}],"replies":[{"embeddable":true,"href":"https:\/\/fmp-components.com\/lv\/wp-json\/wp\/v2\/comments?post=744"}],"wp:featuredmedia":[{"embeddable":true,"href":"https:\/\/fmp-components.com\/lv\/wp-json\/wp\/v2\/media\/749"}],"wp:attachment":[{"href":"https:\/\/fmp-components.com\/lv\/wp-json\/wp\/v2\/media?parent=744"}],"wp:term":[{"taxonomy":"product_brand","embeddable":true,"href":"https:\/\/fmp-components.com\/lv\/wp-json\/wp\/v2\/product_brand?post=744"},{"taxonomy":"product_cat","embeddable":true,"href":"https:\/\/fmp-components.com\/lv\/wp-json\/wp\/v2\/product_cat?post=744"},{"taxonomy":"product_tag","embeddable":true,"href":"https:\/\/fmp-components.com\/lv\/wp-json\/wp\/v2\/product_tag?post=744"}],"curies":[{"name":"wp","href":"https:\/\/api.w.org\/{rel}","templated":true}]}}