{"id":7404,"date":"2025-03-25T07:23:21","date_gmt":"2025-03-25T07:23:21","guid":{"rendered":"https:\/\/fmp-components.com\/?post_type=product&#038;p=7404"},"modified":"2025-03-26T08:39:36","modified_gmt":"2025-03-26T08:39:36","slug":"medical-stainless-spur-gear","status":"publish","type":"product","link":"https:\/\/fmp-components.com\/lv\/product\/medical-stainless-spur-gear\/","title":{"rendered":"Medic\u012bniskais ner\u016bs\u0113jo\u0161\u0101 t\u0113rauda stie\u0146a zobrats"},"content":{"rendered":"<div>\n<h3>Ner\u016bs\u0113jo\u0161\u0101 t\u0113rauda cilindriskie zobrati medic\u012bnas lietojumprogramm\u0101s<\/h3>\n<p class=\"break-words\">Run\u0101jot par prec\u012bzo in\u017eenieriju, ner\u016bs\u0113jo\u0161\u0101 t\u0113rauda cilindriskie zobrati izce\u013cas k\u0101 b\u016btiska sast\u0101vda\u013ca da\u017e\u0101d\u0101s nozar\u0113s, \u012bpa\u0161i medic\u012bnas sektor\u0101. FMP m\u0113s specializ\u0113jamies augstas kvalit\u0101tes ner\u016bs\u0113jo\u0161\u0101 t\u0113rauda cilindrisko zobratu ra\u017eo\u0161an\u0101, kas piel\u0101goti stingraj\u0101m medic\u012bnas iek\u0101rtu pras\u012bb\u0101m. Neatkar\u012bgi no t\u0101, vai atrodaties Mil\u0101n\u0101, Ven\u0113cij\u0101, Florenc\u0113, Bolo\u0146\u0101 vai jebkur citur It\u0101lij\u0101, m\u016bsu pieredze nodro\u0161ina, ka j\u016bsu vajadz\u012bbas p\u0113c iztur\u012bga un uzticama materi\u0101la tiks apmierin\u0101tas. <a href=\"https:\/\/fmp-components.com\/lv\/spur-gear-2\/\">cilindriskie zobrati<\/a> tiek sagaid\u012bti ar izcil\u012bbu.<\/p>\n<table style=\"border-collapse: collapse; width: 98.7077%; height: 14px;\" border=\"0\" width=\"162\" cellspacing=\"0\" cellpadding=\"0\">\n<tbody>\n<tr style=\"height: 14.40pt;\">\n<td style=\"height: 14px; width: 49.8728%;\" align=\"right\" width=\"81\" height=\"24\"><img loading=\"lazy\" decoding=\"async\" class=\"size-full wp-image-7414 aligncenter\" src=\"https:\/\/fmp-components.com\/wp-content\/uploads\/2025\/03\/Stainless-steel-Spur-Gear-1.webp\" alt=\"Ner\u016bs\u0113jo\u0161\u0101 t\u0113rauda cilindriskais zobrats\" width=\"250\" height=\"250\" title=\"\" srcset=\"https:\/\/fmp-components.com\/wp-content\/uploads\/2025\/03\/Stainless-steel-Spur-Gear-1.webp 250w, https:\/\/fmp-components.com\/wp-content\/uploads\/2025\/03\/Stainless-steel-Spur-Gear-1-150x150.webp 150w, https:\/\/fmp-components.com\/wp-content\/uploads\/2025\/03\/Stainless-steel-Spur-Gear-1-12x12.webp 12w, https:\/\/fmp-components.com\/wp-content\/uploads\/2025\/03\/Stainless-steel-Spur-Gear-1-100x100.webp 100w\" sizes=\"(max-width: 250px) 100vw, 250px\" \/><\/td>\n<td style=\"width: 49.8728%; height: 14px;\" align=\"right\" width=\"81\"><img loading=\"lazy\" decoding=\"async\" class=\"size-full wp-image-7413 aligncenter\" src=\"https:\/\/fmp-components.com\/wp-content\/uploads\/2025\/03\/Stainless-steel-Spur-Gear-2.webp\" alt=\"Ner\u016bs\u0113jo\u0161\u0101 t\u0113rauda cilindriskais zobrats\" width=\"300\" height=\"300\" title=\"\" srcset=\"https:\/\/fmp-components.com\/wp-content\/uploads\/2025\/03\/Stainless-steel-Spur-Gear-2.webp 300w, https:\/\/fmp-components.com\/wp-content\/uploads\/2025\/03\/Stainless-steel-Spur-Gear-2-150x150.webp 150w, https:\/\/fmp-components.com\/wp-content\/uploads\/2025\/03\/Stainless-steel-Spur-Gear-2-12x12.webp 12w, https:\/\/fmp-components.com\/wp-content\/uploads\/2025\/03\/Stainless-steel-Spur-Gear-2-100x100.webp 100w\" sizes=\"(max-width: 300px) 100vw, 300px\" \/><\/td>\n<\/tr>\n<\/tbody>\n<\/table>\n<h2>Kas ir ner\u016bs\u0113jo\u0161\u0101 t\u0113rauda stie\u0146u zobrati?<\/h2>\n<p class=\"break-words\">Dzintarzobrati ir vienk\u0101r\u0161\u0101kais un izmaksu zi\u0146\u0101 visefekt\u012bv\u0101kais prec\u012bzijas zobratu veids, kam ir taisni zobi, kas ir izl\u012bdzin\u0101ti paral\u0113li zobrata rot\u0101cijas asij. \u0160ie zobrati efekt\u012bvi p\u0101rnes kust\u012bbu un jaudu starp paral\u0113l\u0101m v\u0101rpst\u0101m, kas rot\u0113 pret\u0113jos virzienos. Ner\u016bs\u0113jo\u0161ais t\u0113rauds ar savu iztur\u012bbu pret koroziju un ilgm\u016b\u017e\u012bbu padara \u0161os zobratus par ide\u0101lu izv\u0113li lietojumiem, kuros nepiecie\u0161ama higi\u0113na un ilgm\u016b\u017e\u012bba \u2014 galven\u0101s iez\u012bmes medic\u012bnas jom\u0101.<\/p>\n<p class=\"break-words\">FMP pied\u0101v\u0101 cilindriskos zobratus, kas atbilst un p\u0101rsniedz AGMA (Amerikas Zobratu ra\u017eot\u0101ju asoci\u0101cijas) kvalit\u0101tes standartus. M\u016bsu ner\u016bs\u0113jo\u0161\u0101 t\u0113rauda cilindriskie zobrati ir pieejami ar piel\u0101gojam\u0101m iesp\u0113j\u0101m, tostarp 14,5\u00b0 vai 20\u00b0 spiediena le\u0146\u0137iem, da\u017e\u0101diem urbuma izm\u0113riem un so\u013ca diametriem no 4 DP l\u012bdz 96 DP.<\/p>\n<\/div>\n<h2>Specifik\u0101cija<\/h2>\n<p>Izm\u0113ri: \u03a63mm - \u03a6120mm<br \/>\nModulis: M0.25<br \/>\nMateri\u0101la tips: Ner\u016bs\u0113jo\u0161ais t\u0113rauds, p\u0113c klienta piepras\u012bjuma<\/p>\n<div class=\"table-responsive\">\n<table class=\"table\" style=\"width: 101.186%; height: 344px;\" border=\"1\">\n<tbody>\n<tr>\n<td colspan=\"2\">Medic\u012bniskais ner\u016bs\u0113jo\u0161\u0101 t\u0113rauda zobrats<\/td>\n<\/tr>\n<tr>\n<td>Izm\u0113rs<\/td>\n<td>\u03a65mm<\/td>\n<\/tr>\n<tr>\n<td>Modulis<\/td>\n<td>M0.15, M0.2, M0.25\u2013M0.8, M0.8<br \/>\nM1.0<\/td>\n<\/tr>\n<tr>\n<td>Materi\u0101la veids<\/td>\n<td>Ner\u016bs\u0113jo\u0161ais t\u0113rauds<\/td>\n<\/tr>\n<tr>\n<td>T\u012bkla klase<\/td>\n<td>ISO\u00a06, JGMA\u00a01, JIS\u00a06, AGMA\u00a013, DIN\u00a06, Din5, AGMA12<\/td>\n<\/tr>\n<tr>\n<td>Pieteikums<\/td>\n<td>Automobi\u013cu, milit\u0101ro, lidma\u0161\u012bnu, meh\u0101nisko,<\/td>\n<\/tr>\n<tr>\n<td>Piel\u0101gots<\/td>\n<td>ODM\/OEM<\/td>\n<\/tr>\n<tr>\n<td>Paraugs<\/td>\n<td>Paraugs pieejams<\/td>\n<\/tr>\n<tr>\n<td>Iepako\u0161anas veidi<\/td>\n<td>Vakuuma iepakojums ar plastmasas papl\u0101ti<\/td>\n<\/tr>\n<tr>\n<td>Pieg\u0101des veidi<\/td>\n<td>DHL UPS<\/td>\n<\/tr>\n<tr>\n<td>Sertifik\u0101ts<\/td>\n<td>ISO 9001:2008\/TS16949<\/td>\n<\/tr>\n<\/tbody>\n<\/table>\n<div>\n<h3>Ner\u016bs\u0113jo\u0161\u0101 t\u0113rauda spur zobratu pielietojums medic\u012bnas iek\u0101rt\u0101s<\/h3>\n<p class=\"break-words\">Medic\u012bnas nozar\u0113 precizit\u0101te, uzticam\u012bba un t\u012br\u012bba ir neapstr\u012bdamas. Ner\u016bs\u0113jo\u0161\u0101 t\u0113rauda cilindriskajiem zobratiem ir iz\u0161\u0137iro\u0161a noz\u012bme t\u0101d\u0101s ier\u012bc\u0113s k\u0101:<\/p>\n<ul class=\"marker:text-secondary\">\n<li class=\"break-words\"><strong>Centrif\u016bgas<\/strong>\u0160\u012bs ma\u0161\u012bnas, ko izmanto laboratorij\u0101s Mil\u0101n\u0101 un Bolo\u0146\u0101 \u0161\u0137idrumu atdal\u012b\u0161anai, izmanto cilindriskos zobratus, lai nodro\u0161in\u0101tu vienm\u0113r\u012bgu rot\u0101cijas jaudu.<\/li>\n<li class=\"break-words\"><strong>Medic\u012bniskie s\u016bk\u0146i<\/strong>No inf\u016bzijas s\u016bk\u0146iem l\u012bdz dial\u012bzes iek\u0101rt\u0101m, ner\u016bs\u0113jo\u0161\u0101 t\u0113rauda cilindriskie zobrati nodro\u0161ina vienm\u0113r\u012bgu un prec\u012bzu \u0161\u0137idruma pieg\u0101di, kas ir nepiecie\u0161am\u012bba slimn\u012bc\u0101s Ven\u0113cij\u0101 un Florenc\u0113.<\/li>\n<li class=\"break-words\"><strong>\u0136irur\u0123iskie instrumenti<\/strong>Prec\u012bzijas instrumenti, piem\u0113ram, robotiz\u0113t\u0101s \u0137irur\u0123ijas sist\u0113mas, nevainojamas darb\u012bbas nodro\u0161in\u0101\u0161anai ir atkar\u012bgi no ner\u016bs\u0113jo\u0161\u0101 t\u0113rauda zobratu iztur\u012bbas un korozijas iztur\u012bbas.<\/li>\n<li class=\"break-words\"><strong>Domkrati un cel\u0161anas ier\u012bces<\/strong>Rehabilit\u0101cijas iek\u0101rt\u0101s vai oper\u0101ciju galdos cilindriskie zobrati nodro\u0161ina meh\u0101nisku priek\u0161roc\u012bbu, kas nepiecie\u0161ama dro\u0161ai pacientu p\u0101rvieto\u0161anai.<\/li>\n<\/ul>\n<p class=\"break-words\">Ner\u016bs\u0113jo\u0161\u0101 t\u0113rauda rakstur\u012bg\u0101s \u012bpa\u0161\u012bbas \u2014 iztur\u012bba pret r\u016bsu, viegla steriliz\u0101cija un iztur\u012bba \u2014 padara to par izv\u0113les materi\u0101lu \u0161iem lietojumiem, nodro\u0161inot atbilst\u012bbu stingriem medic\u012bnas standartiem.<\/p>\n<div>\n<h4>FMP: J\u016bsu uzticamais partneris ner\u016bs\u0113jo\u0161\u0101 t\u0113rauda cilindrisko zobratu ieg\u0101dei It\u0101lij\u0101<\/h4>\n<p class=\"break-words\">Uz\u0146\u0113mum\u0101 FMP m\u0113s lepojamies ar to, ka esam vado\u0161ais ner\u016bs\u0113jo\u0161\u0101 t\u0113rauda cilindrisko zobratu ra\u017eot\u0101js, kas apkalpo ori\u0123in\u0101l\u0101 apr\u012bkojuma ra\u017eot\u0101jus (OEM), izplat\u012bt\u0101jus un prec\u012bzijas iek\u0101rtu tirgus. Balstoties uz daudzu gadu pieredzi, m\u0113s ra\u017eojam pla\u0161u cilindrisko zobratu kl\u0101stu no da\u017e\u0101diem materi\u0101liem, tostarp t\u0113rauda, \u200b\u200bner\u016bs\u0113jo\u0161\u0101 t\u0113rauda, \u200b\u200balum\u012bnija un misi\u0146a. M\u016bsu pied\u0101v\u0101jums ietver:<\/p>\n<ul class=\"marker:text-secondary\">\n<li class=\"break-words\"><strong>Standarta spur zobrati<\/strong>Pieejams ar rumb\u0101m, urbuma izm\u0113riem, s\u0101kot no 0,437 coll\u0101m, un piel\u0101gojamiem so\u013ca diametriem.<\/li>\n<li class=\"break-words\"><strong>Piel\u0101goti spur zobrati<\/strong>Piel\u0101gots j\u016bsu \u012bpa\u0161aj\u0101m pras\u012bb\u0101m neatkar\u012bgi no t\u0101, vai tas ir unik\u0101ls zobu skaits, spiediena le\u0146\u0137is vai materi\u0101ls.<\/li>\n<\/ul>\n<p class=\"break-words\">M\u0113s saprotam, ka katrs projekts ir unik\u0101ls. T\u0101p\u0113c m\u0113s pied\u0101v\u0101jam piel\u0101gotu zobratu ra\u017eo\u0161anu klientiem vis\u0101 It\u0101lij\u0101, s\u0101kot no Mil\u0101nas ros\u012bgajiem r\u016bpniec\u012bbas centriem l\u012bdz Ven\u0113cijas inovat\u012bvaj\u0101m tehnolo\u0123iju apkaim\u0113m. Neatkar\u012bgi no t\u0101, vai jums ir nepiecie\u0161ami cilindriski zobrati, konusveida zobrati, spir\u0101lveida zobrati vai pat zobratu sagataves, m\u016bsu in\u017eenieri ir apr\u012bkoti, lai nodro\u0161in\u0101tu prec\u012bzi izstr\u0101d\u0101tus risin\u0101jumus.<\/p>\n<h4>Nevarat atrast savu modeli? Sazinieties ar mums!<\/h4>\n<p class=\"break-words\">Ja p\u0101rl\u016bkojat m\u016bsu produktu sarakstu un neatrodat tie\u0161i to ner\u016bs\u0113jo\u0161\u0101 t\u0113rauda cilindrisko zobratu, kas jums nepiecie\u0161ams, neuztraucieties \u2014 mums, iesp\u0113jams, v\u0113l nav bijusi iesp\u0113ja to aug\u0161upiel\u0101d\u0113t. M\u016bsu invent\u0101rs ir pla\u0161s, un m\u016bsu iesp\u0113jas sniedzas daudz t\u0101l\u0101k par sarakst\u0101 iek\u013cauto. Vienk\u0101r\u0161i nos\u016btiet mums e-pastu ar sav\u0101m pras\u012bb\u0101m, un m\u016bsu komanda atbild\u0113s noteikt\u0101 laik\u0101. <strong>24 stundas<\/strong>.<\/p>\n<p class=\"break-words\">\n<\/div>\n<\/div>\n<\/div>","protected":false},"excerpt":{"rendered":"<p>Stainless Steel Spur Gears in Medical Applications When it comes to precision engineering, stainless steel spur gears stand out as a vital component across various industries, particularly in the medical sector. At FMP, we specialize in producing high-quality stainless steel spur gears tailored to meet the rigorous demands of medical equipment. Whether you\u2019re in Milan, [&hellip;]<\/p>","protected":false},"featured_media":7412,"comment_status":"open","ping_status":"closed","template":"","meta":{"_et_pb_use_builder":"","_et_pb_old_content":"","_et_gb_content_width":""},"product_brand":[],"product_cat":[109],"product_tag":[],"class_list":{"0":"post-7404","1":"product","2":"type-product","3":"status-publish","4":"has-post-thumbnail","6":"product_cat-spur-gear","8":"first","9":"instock","10":"shipping-taxable","11":"product-type-simple"},"_links":{"self":[{"href":"https:\/\/fmp-components.com\/lv\/wp-json\/wp\/v2\/product\/7404","targetHints":{"allow":["GET"]}}],"collection":[{"href":"https:\/\/fmp-components.com\/lv\/wp-json\/wp\/v2\/product"}],"about":[{"href":"https:\/\/fmp-components.com\/lv\/wp-json\/wp\/v2\/types\/product"}],"replies":[{"embeddable":true,"href":"https:\/\/fmp-components.com\/lv\/wp-json\/wp\/v2\/comments?post=7404"}],"wp:featuredmedia":[{"embeddable":true,"href":"https:\/\/fmp-components.com\/lv\/wp-json\/wp\/v2\/media\/7412"}],"wp:attachment":[{"href":"https:\/\/fmp-components.com\/lv\/wp-json\/wp\/v2\/media?parent=7404"}],"wp:term":[{"taxonomy":"product_brand","embeddable":true,"href":"https:\/\/fmp-components.com\/lv\/wp-json\/wp\/v2\/product_brand?post=7404"},{"taxonomy":"product_cat","embeddable":true,"href":"https:\/\/fmp-components.com\/lv\/wp-json\/wp\/v2\/product_cat?post=7404"},{"taxonomy":"product_tag","embeddable":true,"href":"https:\/\/fmp-components.com\/lv\/wp-json\/wp\/v2\/product_tag?post=7404"}],"curies":[{"name":"wp","href":"https:\/\/api.w.org\/{rel}","templated":true}]}}