{"id":7398,"date":"2025-03-25T03:17:43","date_gmt":"2025-03-25T03:17:43","guid":{"rendered":"https:\/\/fmp-components.com\/?post_type=product&#038;p=7398"},"modified":"2025-03-26T08:39:56","modified_gmt":"2025-03-26T08:39:56","slug":"plastic-spur-gears-with-steel-core","status":"publish","type":"product","link":"https:\/\/fmp-components.com\/lv\/product\/plastic-spur-gears-with-steel-core\/","title":{"rendered":"Plastmasas spur zobrati ar t\u0113rauda serdi"},"content":{"rendered":"<div>\n<h3>Augstas kvalit\u0101tes plastmasas cilindriskie zobrati<\/h3>\n<p class=\"break-words\">Run\u0101jot par uzticam\u0101m un efekt\u012bv\u0101m meh\u0101nisk\u0101m deta\u013c\u0101m, plastmasas cilindriskie zobrati izce\u013cas k\u0101 daudzpus\u012bgs un izmaksu zi\u0146\u0101 efekt\u012bvs risin\u0101jums. FMP lepojas ar to, ka ir vado\u0161ais plastmasas cilindrisko zobratu ra\u017eot\u0101js, pied\u0101v\u0101jot pla\u0161u standarta produktu kl\u0101stu un individu\u0101lus risin\u0101jumus, kas piel\u0101goti j\u016bsu \u012bpa\u0161aj\u0101m pras\u012bb\u0101m. Neatkar\u012bgi no t\u0101, vai atrodaties Mil\u0101n\u0101, Ven\u0113cij\u0101, Florenc\u0113, Bolo\u0146\u0101 vai jebkur citur It\u0101lij\u0101, FMP ir j\u016bsu uzticamais partneris augst\u0101k\u0101s klases plastmasas cilindrisko zobratu pieg\u0101d\u0113, kas izstr\u0101d\u0101ti, lai apmierin\u0101tu da\u017e\u0101du nozaru pras\u012bbas.<\/p>\n<p><img loading=\"lazy\" decoding=\"async\" class=\"wp-image-7405 aligncenter\" src=\"https:\/\/fmp-components.com\/wp-content\/uploads\/2025\/03\/Plastic-spur-Gears.webp\" alt=\"Plastmasas l\u012bkveida zobrati\" width=\"734\" height=\"418\" title=\"\" srcset=\"https:\/\/fmp-components.com\/wp-content\/uploads\/2025\/03\/Plastic-spur-Gears.webp 734w, https:\/\/fmp-components.com\/wp-content\/uploads\/2025\/03\/Plastic-spur-Gears-480x273.webp 480w\" sizes=\"(min-width: 0px) and (max-width: 480px) 480px, (min-width: 481px) 734px, 100vw\" \/><\/p>\n<h4>K\u0101p\u0113c izv\u0113l\u0113ties plastmasas spur zobratus?<\/h4>\n<p class=\"break-words\">Plastmasas cilindriskie zobrati ir popul\u0101ra izv\u0113le to viegl\u0101 svara, iztur\u012bbas pret koroziju un klus\u0101s darb\u012bbas d\u0113\u013c, sal\u012bdzinot ar met\u0101la analogiem. \u0160ie zobrati ir ide\u0101li piem\u0113roti lietojumiem automobi\u013cu sist\u0113m\u0101s, medic\u012bnas ier\u012bc\u0113s, robotik\u0101 un pla\u0161a pat\u0113ri\u0146a elektronik\u0101. FMP m\u0113s izmantojam t\u0101dus uzlabotus materi\u0101lus k\u0101 neilons, acet\u0101ls (POM) un polikarbon\u0101ts, lai nodro\u0161in\u0101tu iztur\u012bbu, precizit\u0101ti un izcilu veiktsp\u0113ju da\u017e\u0101dos apst\u0101k\u013cos.<\/p>\n<\/div>\n<table style=\"border-collapse: collapse; width: 98.7077%; height: 14px;\" border=\"0\" width=\"162\" cellspacing=\"0\" cellpadding=\"0\">\n<tbody>\n<tr style=\"height: 14.40pt;\">\n<td style=\"height: 14px; width: 48.6pt;\" align=\"right\" width=\"81\" height=\"24\"><img loading=\"lazy\" decoding=\"async\" class=\"wp-image-7399 aligncenter\" src=\"https:\/\/fmp-components.com\/wp-content\/uploads\/2025\/03\/spur-gear-5.webp\" alt=\"plastmasas spur zobrats\" width=\"435\" height=\"290\" title=\"\" srcset=\"https:\/\/fmp-components.com\/wp-content\/uploads\/2025\/03\/spur-gear-5.webp 300w, https:\/\/fmp-components.com\/wp-content\/uploads\/2025\/03\/spur-gear-5-18x12.webp 18w\" sizes=\"(max-width: 435px) 100vw, 435px\" \/><\/td>\n<td style=\"width: 48.6pt; height: 14px;\" align=\"right\" width=\"81\"><img loading=\"lazy\" decoding=\"async\" class=\"wp-image-7400 aligncenter\" src=\"https:\/\/fmp-components.com\/wp-content\/uploads\/2025\/03\/spur-gear-4.webp\" alt=\"plastmasas spur zobrats\" width=\"410\" height=\"273\" title=\"\" srcset=\"https:\/\/fmp-components.com\/wp-content\/uploads\/2025\/03\/spur-gear-4.webp 300w, https:\/\/fmp-components.com\/wp-content\/uploads\/2025\/03\/spur-gear-4-18x12.webp 18w\" sizes=\"(max-width: 410px) 100vw, 410px\" \/><\/td>\n<\/tr>\n<\/tbody>\n<\/table>\n<h2>Specifik\u0101cija<\/h2>\n<div class=\"row\">\n<div class=\"col-xs-12\">\n<div id=\"specifications\" class=\"pdct-table\">\n<div class=\"row\">\n<div class=\"col-xs-12 col-sm-6\">\n<div class=\"table-wrap\">\n<table class=\"table table-striped\" style=\"height: 400px; width: 100%; border-style: solid; border-color: #0f0b0b;\" border=\"1\">\n<thead>\n<tr>\n<th colspan=\"2\">Plastmasas spur zobrati ar t\u0113rauda serde\u0146iem specifik\u0101cija<\/th>\n<\/tr>\n<\/thead>\n<tbody class=\"specification-table\">\n<tr>\n<td><b>Prec\u012bzijas pak\u0101pe<\/b><\/td>\n<td>JIS\u00a0N9\u00a0klase (JIS\u00a0B1702-1: 1998) JIS\u00a05.\u00a0klase (JIS\u00a0B1702: 1976)<\/td>\n<\/tr>\n<tr>\n<td><b>Zobratu zobi<\/b><\/td>\n<td>Standarta pilna dzi\u013cuma<\/td>\n<\/tr>\n<tr>\n<td><b>Spiediena le\u0146\u0137is<\/b><\/td>\n<td>20\u00b0<\/td>\n<\/tr>\n<tr>\n<td><b>Materi\u0101ls<\/b><\/td>\n<td>MC602ST ar S45C serdi<\/td>\n<\/tr>\n<tr>\n<td><b>Termisk\u0101 apstr\u0101de<\/b><\/td>\n<td>\u2014<\/td>\n<\/tr>\n<tr>\n<td><b>Zobu ciet\u012bba<\/b><\/td>\n<td>(115 ~ 120 stundas)<\/td>\n<\/tr>\n<\/tbody>\n<\/table>\n<\/div>\n<\/div>\n<div class=\"col-xs-12 col-sm-6\">\n<div class=\"table-wrap\"><span style=\"color: #333333; font-size: 26px;\">\u00a0<\/span><\/div>\n<\/div>\n<\/div>\n<\/div>\n<\/div>\n<\/div>\n<div id=\"table-wrap\">\n<div class=\"gear-rge\">\n<div class=\"table-responsive\">\n<table class=\"product-list-table table-striped table table-bordered\" style=\"height: 352px; width: 100%; border-style: solid; border-color: #0f0b0b;\" border=\"1\">\n<tbody>\n<tr class=\"product-names\" style=\"height: 44px;\">\n<th style=\"height: 44px;\" colspan=\"4\">Produkta Nr. NSU1-50<\/th>\n<\/tr>\n<tr class=\"product-fields\" style=\"height: 44px;\">\n<th class=\"odd\" style=\"height: 44px;\">Modulis<\/th>\n<td class=\"odd\" style=\"height: 44px;\">1<\/td>\n<th class=\"even\" style=\"height: 44px;\">Zobu skaits<\/th>\n<td class=\"even\" style=\"height: 44px;\">50<\/td>\n<\/tr>\n<tr class=\"product-fields\" style=\"height: 44px;\">\n<th class=\"odd\" style=\"height: 44px;\">Forma<\/th>\n<td class=\"odd\" style=\"height: 44px;\">S1<\/td>\n<th class=\"even\" style=\"height: 44px;\">Urbums (A)<\/th>\n<td class=\"even\" style=\"height: 44px;\">10 mm<\/td>\n<\/tr>\n<tr class=\"product-fields\" style=\"height: 44px;\">\n<th class=\"odd\" style=\"height: 44px;\">Rumbas diametrs (B)<\/th>\n<td class=\"odd\" style=\"height: 44px;\">30 mm<\/td>\n<th class=\"even\" style=\"height: 44px;\">Pi\u0137a diametrs (C)<\/th>\n<td class=\"even\" style=\"height: 44px;\">50 mm<\/td>\n<\/tr>\n<tr class=\"product-fields\" style=\"height: 44px;\">\n<th class=\"odd\" style=\"height: 44px;\">\u0100r\u0113jais diametrs (D)<\/th>\n<td class=\"odd\" style=\"height: 44px;\">52 mm<\/td>\n<th class=\"even\" style=\"height: 44px;\">Sejas platums (E)<\/th>\n<td class=\"even\" style=\"height: 44px;\">10 mm<\/td>\n<\/tr>\n<tr class=\"product-fields\" style=\"height: 44px;\">\n<th class=\"odd\" style=\"height: 44px;\">Rumbas platums (F)<\/th>\n<td class=\"odd\" style=\"height: 44px;\">10 mm<\/td>\n<th class=\"even\" style=\"height: 44px;\">Kop\u0113jais garums (G)<\/th>\n<td class=\"even\" style=\"height: 44px;\">20 mm<\/td>\n<\/tr>\n<tr class=\"product-fields\" style=\"height: 44px;\">\n<th class=\"odd\" style=\"height: 44px;\">Met\u0101la serdes diametrs<\/th>\n<td class=\"odd\" style=\"height: 44px;\">34<\/td>\n<th class=\"even\" style=\"height: 44px;\">S\u0113rijas kods<\/th>\n<td class=\"even\" style=\"height: 44px;\">12<\/td>\n<\/tr>\n<tr class=\"product-fields\" style=\"height: 44px;\">\n<th class=\"odd\" style=\"height: 44px;\">Zema pretreakcija<\/th>\n<td class=\"odd\" style=\"height: 44px;\">0 mm<\/td>\n<th class=\"even\" style=\"height: 44px;\">Negat\u012bva reakcija uz aug\u0161u<\/th>\n<td class=\"even\" style=\"height: 44px;\">0,34 mm<\/td>\n<\/tr>\n<\/tbody>\n<\/table>\n<div>\n<table style=\"border-collapse: collapse; width: 98.7077%; height: 14px;\" border=\"0\" width=\"162\" cellspacing=\"0\" cellpadding=\"0\">\n<tbody>\n<tr style=\"height: 14.40pt;\">\n<td style=\"height: 14px; width: 48.6pt;\" align=\"right\" width=\"81\" height=\"24\"><img loading=\"lazy\" decoding=\"async\" class=\"wp-image-7402 aligncenter\" src=\"https:\/\/fmp-components.com\/wp-content\/uploads\/2025\/03\/spur-gear-7.webp\" alt=\"cilindrisks zobrats\" width=\"353\" height=\"235\" title=\"\" srcset=\"https:\/\/fmp-components.com\/wp-content\/uploads\/2025\/03\/spur-gear-7.webp 300w, https:\/\/fmp-components.com\/wp-content\/uploads\/2025\/03\/spur-gear-7-18x12.webp 18w\" sizes=\"(max-width: 353px) 100vw, 353px\" \/><\/td>\n<td style=\"width: 48.6pt; height: 14px;\" align=\"right\" width=\"81\"><img loading=\"lazy\" decoding=\"async\" class=\"size-full wp-image-7403 aligncenter\" src=\"https:\/\/fmp-components.com\/wp-content\/uploads\/2025\/03\/spur-gear-6.webp\" alt=\"cilindrisks zobrats\" width=\"300\" height=\"200\" title=\"\" srcset=\"https:\/\/fmp-components.com\/wp-content\/uploads\/2025\/03\/spur-gear-6.webp 300w, https:\/\/fmp-components.com\/wp-content\/uploads\/2025\/03\/spur-gear-6-18x12.webp 18w\" sizes=\"(max-width: 300px) 100vw, 300px\" \/><\/td>\n<\/tr>\n<\/tbody>\n<\/table>\n<h4>FMP: J\u016bsu plastmasas cilindrisko zobratu avots It\u0101lij\u0101<\/h4>\n<p class=\"break-words\">Balstoties uz daudzu gadu pieredzi, FMP ra\u017eo pla\u0161u plastmasas kl\u0101stu. <a href=\"https:\/\/fmp-components.com\/lv\/spur-gear-2\/\">cilindriskie zobrati<\/a> piem\u0113rots uz\u0146\u0113mumiem vis\u0101 It\u0101lij\u0101, s\u0101kot no Mil\u0101nas un Bolo\u0146as r\u016bpniec\u012bbas centriem l\u012bdz inov\u0101ciju virz\u012btajiem Florences un Ven\u0113cijas re\u0123ioniem. M\u016bsu produktu kl\u0101st\u0101 ir da\u017e\u0101du izm\u0113ru, zobu skaita un specifik\u0101ciju zobrati, nodro\u0161inot, ka atrad\u012bsiet savam projektam vispiem\u0113rot\u0101ko variantu.<\/p>\n<ul class=\"marker:text-secondary\">\n<li class=\"break-words\"><strong>Standarta plastmasas spur zobrati<\/strong>M\u016bsu lieto\u0161anai gatavie p\u0101rnesumi, kas pieejami vair\u0101k\u0101s konfigur\u0101cij\u0101s, ir izstr\u0101d\u0101ti neman\u0101mai integr\u0101cijai j\u016bsu sist\u0113m\u0101s.<\/li>\n<li class=\"break-words\"><strong>Piel\u0101goti plastmasas spur zobrati<\/strong>Vai nepiecie\u0161ams unik\u0101ls dizains? FMP specializ\u0113jas piel\u0101go\u0161an\u0101. Neatkar\u012bgi no t\u0101, vai tas ir konkr\u0113ts modulis, pi\u0137is vai materi\u0101la pras\u012bba, m\u016bsu komanda cie\u0161i sadarbojas ar jums, lai nodro\u0161in\u0101tu tie\u0161i to, kas jums nepiecie\u0161ams.<\/li>\n<\/ul>\n<p class=\"break-words\">M\u016bsu tie\u0161saistes produktu katalogs tiek past\u0101v\u012bgi papildin\u0101ts, ta\u010du, ja neatrodat tie\u0161i t\u0101du plastmasas cilindrisko zobratu, k\u0101du mekl\u0113jat, neuztraucieties \u2014 mums v\u0113l nav bijusi iesp\u0113ja uzskait\u012bt visas iesp\u0113jas! Klientiem Mil\u0101n\u0101, Ven\u0113cij\u0101, Florenc\u0113, Bolo\u0146\u0101 vai citur m\u0113s iesak\u0101m sazin\u0101ties ar mums tie\u0161i. Vienk\u0101r\u0161i nos\u016btiet mums e-pastu ar inform\u0101ciju par nepiecie\u0161amo modeli, un m\u016bsu kvalific\u0113tie in\u017eenieri atbild\u0113s da\u017eu min\u016b\u0161u laik\u0101. <strong>24 stundas<\/strong> ar piel\u0101gotu risin\u0101jumu.<\/p>\n<\/div>\n<\/div>\n<\/div>\n<\/div>\n<h3>Saist\u012btie plastmasas spur zobrati<\/h3>\n<p><img loading=\"lazy\" decoding=\"async\" class=\"size-full wp-image-7409 aligncenter\" src=\"https:\/\/fmp-components.com\/wp-content\/uploads\/2025\/03\/ralated-plastic-spur-gear.webp\" alt=\"saliekams plastmasas cilindrisks zobrats\" width=\"900\" height=\"900\" title=\"\" srcset=\"https:\/\/fmp-components.com\/wp-content\/uploads\/2025\/03\/ralated-plastic-spur-gear.webp 900w, https:\/\/fmp-components.com\/wp-content\/uploads\/2025\/03\/ralated-plastic-spur-gear-480x480.webp 480w\" sizes=\"(min-width: 0px) and (max-width: 480px) 480px, (min-width: 481px) 900px, 100vw\" \/><\/p>\n<p>&nbsp;<\/p>","protected":false},"excerpt":{"rendered":"<p>High-Quality Plastic Spur Gears When it comes to reliable and efficient mechanical components, plastic spur gears stand out as a versatile and cost-effective solution. At FMP, we take pride in being a leading manufacturer of plastic spur gears, offering a wide range of standard products and bespoke solutions tailored to your specific requirements. Whether you&#8217;re [&hellip;]<\/p>","protected":false},"featured_media":7406,"comment_status":"open","ping_status":"closed","template":"","meta":{"_et_pb_use_builder":"","_et_pb_old_content":"","_et_gb_content_width":""},"product_brand":[],"product_cat":[109],"product_tag":[],"class_list":{"0":"post-7398","1":"product","2":"type-product","3":"status-publish","4":"has-post-thumbnail","6":"product_cat-spur-gear","8":"first","9":"instock","10":"shipping-taxable","11":"product-type-simple"},"_links":{"self":[{"href":"https:\/\/fmp-components.com\/lv\/wp-json\/wp\/v2\/product\/7398","targetHints":{"allow":["GET"]}}],"collection":[{"href":"https:\/\/fmp-components.com\/lv\/wp-json\/wp\/v2\/product"}],"about":[{"href":"https:\/\/fmp-components.com\/lv\/wp-json\/wp\/v2\/types\/product"}],"replies":[{"embeddable":true,"href":"https:\/\/fmp-components.com\/lv\/wp-json\/wp\/v2\/comments?post=7398"}],"wp:featuredmedia":[{"embeddable":true,"href":"https:\/\/fmp-components.com\/lv\/wp-json\/wp\/v2\/media\/7406"}],"wp:attachment":[{"href":"https:\/\/fmp-components.com\/lv\/wp-json\/wp\/v2\/media?parent=7398"}],"wp:term":[{"taxonomy":"product_brand","embeddable":true,"href":"https:\/\/fmp-components.com\/lv\/wp-json\/wp\/v2\/product_brand?post=7398"},{"taxonomy":"product_cat","embeddable":true,"href":"https:\/\/fmp-components.com\/lv\/wp-json\/wp\/v2\/product_cat?post=7398"},{"taxonomy":"product_tag","embeddable":true,"href":"https:\/\/fmp-components.com\/lv\/wp-json\/wp\/v2\/product_tag?post=7398"}],"curies":[{"name":"wp","href":"https:\/\/api.w.org\/{rel}","templated":true}]}}