{"id":7391,"date":"2025-03-25T02:52:39","date_gmt":"2025-03-25T02:52:39","guid":{"rendered":"https:\/\/fmp-components.com\/?post_type=product&#038;p=7391"},"modified":"2025-03-26T08:40:15","modified_gmt":"2025-03-26T08:40:15","slug":"automotive-spur-gear","status":"publish","type":"product","link":"https:\/\/fmp-components.com\/lv\/product\/automotive-spur-gear\/","title":{"rendered":"Automobi\u013cu virzu\u013creduktors"},"content":{"rendered":"<div class=\"message-bubble rounded-3xl prose dark:prose-invert break-words text-primary min-h-7 prose-p:opacity-95 prose-strong:opacity-100 bg-foreground border border-input-border max-w-[100%] sm:max-w-[90%] px-4 py-2.5 rounded-br-lg\" dir=\"auto\">\n<div>\n<h2>Spur zobratu loma automobi\u013cu in\u017eenierij\u0101<\/h2>\n<p class=\"break-words\">Cilindriskie zobrati ir automobi\u013cu in\u017eenierijas st\u016brakmens, kas veicina efektivit\u0101ti, uzticam\u012bbu un inov\u0101cijas da\u017e\u0101d\u0101s transportl\u012bdzek\u013cu meh\u0101niskaj\u0101s sist\u0113m\u0101s. Cilindriskie zobrati, kas paz\u012bstami ar savu vienk\u0101r\u0161o dizainu un robusto veiktsp\u0113ju, tiek pla\u0161i izmantoti automobi\u013cu lietojumprogramm\u0101s vis\u0101 It\u0101lij\u0101 \u2014 no ros\u012bgaj\u0101m Mil\u0101nas iel\u0101m l\u012bdz gleznainajiem Ven\u0113cijas, Florences un Bolo\u0146as ce\u013ciem. FMP Company specializ\u0113jas augstas kvalit\u0101tes automobi\u013cu cilindrisko zobratu ra\u017eo\u0161an\u0101, kas piel\u0101goti nozares da\u017e\u0101daj\u0101m vajadz\u012bb\u0101m, tostarp piel\u0101gotiem risin\u0101jumiem klientiem It\u0101lij\u0101 un \u0101rpus t\u0101s.<\/p>\n<p><img loading=\"lazy\" decoding=\"async\" class=\"size-full wp-image-7397 aligncenter\" src=\"https:\/\/fmp-components.com\/wp-content\/uploads\/2025\/03\/Automotive-Spur-Gear.webp\" alt=\"Automobi\u013cu virzu\u013czobrati\" width=\"1114\" height=\"918\" title=\"\" srcset=\"https:\/\/fmp-components.com\/wp-content\/uploads\/2025\/03\/Automotive-Spur-Gear.webp 1114w, https:\/\/fmp-components.com\/wp-content\/uploads\/2025\/03\/Automotive-Spur-Gear-980x808.webp 980w, https:\/\/fmp-components.com\/wp-content\/uploads\/2025\/03\/Automotive-Spur-Gear-480x396.webp 480w\" sizes=\"(min-width: 0px) and (max-width: 480px) 480px, (min-width: 481px) and (max-width: 980px) 980px, (min-width: 981px) 1114px, 100vw\" \/><\/p>\n<h2>Specifik\u0101cija<\/h2>\n<\/div>\n<\/div>\n<p>Izm\u0113ri: \u03a63mm - \u03a6120mm<br \/>\nModulis: M0.15-M2.2<br \/>\nMateri\u0101la tips: met\u0101ls, bronza, t\u0113rauds, sakaus\u0113jums, cinks, alum\u012bnijs, dzelzs, ner\u016bs\u0113jo\u0161ais t\u0113rauds, misi\u0146\u0161, var\u0161 p\u0113c klienta piepras\u012bjuma<\/p>\n<div class=\"table-responsive\">\n<table class=\"table\" style=\"width: 102%; height: 289px;\" border=\"1\">\n<tbody>\n<tr style=\"height: 24px;\">\n<td style=\"height: 24px;\" colspan=\"2\">Automobi\u013cu virzu\u013creduktors<\/td>\n<\/tr>\n<tr style=\"height: 24px;\">\n<td style=\"height: 24px;\">Izm\u0113rs<\/td>\n<td style=\"height: 24px;\">\u03a616mm<\/td>\n<\/tr>\n<tr style=\"height: 49px;\">\n<td style=\"height: 49px;\">Modulis<\/td>\n<td style=\"height: 49px;\">M0,15, M0,2, M0,25\u2013M0,8,<br \/>\nM1.0<\/td>\n<\/tr>\n<tr style=\"height: 24px;\">\n<td style=\"height: 24px;\">Materi\u0101la veids<\/td>\n<td style=\"height: 24px;\">Met\u0101ls, bronza, t\u0113rauds, sakaus\u0113jums, POM, cinks, alum\u012bnijs, dzelzs, ner\u016bs\u0113jo\u0161ais t\u0113rauds, misi\u0146\u0161, var\u0161<\/td>\n<\/tr>\n<tr style=\"height: 24px;\">\n<td style=\"height: 24px;\">T\u012bkla klase<\/td>\n<td style=\"height: 24px;\">GB\u00a06, ISO\u00a06, JGMA\u00a01, JIS\u00a06, AGMA\u00a013, DIN\u00a06, AGMA12<\/td>\n<\/tr>\n<tr style=\"height: 24px;\">\n<td style=\"height: 24px;\">Pieteikums<\/td>\n<td style=\"height: 24px;\">Medic\u012bnas, automobi\u013cu, milit\u0101r\u0101, lidma\u0161\u012bnu, meh\u0101nikas.<\/td>\n<\/tr>\n<tr style=\"height: 24px;\">\n<td style=\"height: 24px;\">Piel\u0101gots<\/td>\n<td style=\"height: 24px;\">ODM\/OEM<\/td>\n<\/tr>\n<tr style=\"height: 24px;\">\n<td style=\"height: 24px;\">Paraugs<\/td>\n<td style=\"height: 24px;\">Paraugs pieejams<\/td>\n<\/tr>\n<tr style=\"height: 24px;\">\n<td style=\"height: 24px;\">Iepako\u0161anas veidi<\/td>\n<td style=\"height: 24px;\">Vakuuma iepakojums ar plastmasas papl\u0101ti<\/td>\n<\/tr>\n<tr style=\"height: 24px;\">\n<td style=\"height: 24px;\">Pieg\u0101des veidi<\/td>\n<td style=\"height: 24px;\">DHL un TNT un FedEx un UPS<\/td>\n<\/tr>\n<tr style=\"height: 24px;\">\n<td style=\"height: 24px;\">Sertifik\u0101ts<\/td>\n<td style=\"height: 24px;\">ISO 9001:2008\/TS16949.<\/td>\n<\/tr>\n<\/tbody>\n<\/table>\n<div>\n<h4>Jaudas p\u0101rvade: automobi\u013cu kust\u012bbas sirds<\/h4>\n<p class=\"break-words\">Automobi\u013cu pasaul\u0113 cilindriskie zobrati ir b\u016btiski jaudas p\u0101rvadei. Tie efekt\u012bvi p\u0101rnes rot\u0101cijas kust\u012bbu un griezes momentu no dzin\u0113ja uz t\u0101d\u0101m sast\u0101vda\u013c\u0101m k\u0101 transmisija, diferenci\u0101lis un rite\u0146i. Neatkar\u012bgi no t\u0101, vai p\u0101rvietojaties pa Tosk\u0101nas l\u012bkumotajiem ce\u013ciem vai Mil\u0101nas pils\u0113tu izple\u0161anos, cilindriskie zobrati nodro\u0161ina vienm\u0113r\u012bgu jaudas pieg\u0101di, \u013caujot transportl\u012bdzek\u013ciem prec\u012bzi p\u0101rvietoties uz priek\u0161u vai atpaka\u013c. FMP m\u016bsu automobi\u013cu cilindriskie zobrati ir izstr\u0101d\u0101ti iztur\u012bbai un veiktsp\u0113jai, atbalstot ra\u017eot\u0101jus vis\u0101 It\u0101lij\u0101 uzticamu transportl\u012bdzek\u013cu rad\u012b\u0161an\u0101.<\/p>\n<h4>P\u0101rnesumu samazin\u0101\u0161ana: veiktsp\u0113jas un efektivit\u0101tes optimiz\u0113\u0161ana<\/h4>\n<p class=\"break-words\">Cilindriskie zobrati ir lieliski piem\u0113roti p\u0101rnesumu samazin\u0101\u0161anas sist\u0113m\u0101m, kas ir svar\u012bgs process \u0101truma un griezes momenta l\u012bdzsvaro\u0161anai automa\u0161\u012bn\u0101s. Piel\u0101gojot p\u0101rnesumu skait\u013cus, cilindriskie zobrati p\u0101rveido dzin\u0113ja \u0101trgaitas, zema griezes momenta jaudu rite\u0146iem nepiecie\u0161amaj\u0101 jaud\u0101 pie zem\u0101ka \u0101truma, ar lielu griezes momentu. Tas uzlabo degvielas ekonomiju un dzin\u0113ja veiktsp\u0113ju \u2014 galven\u0101s priorit\u0101tes autovad\u012bt\u0101jiem videi draudz\u012bg\u0101s pils\u0113t\u0101s, piem\u0113ram, Florenc\u0113 un Bolo\u0146\u0101. FMP prec\u012bzi ra\u017eotie cilindriskie zobrati nodro\u0161ina optim\u0101lu p\u0101rnesumu samazin\u0101\u0161anu, pal\u012bdzot It\u0101lijas autora\u017eot\u0101jiem izpild\u012bt stingros efektivit\u0101tes standartus.<\/p>\n<h4>Transmisijas sist\u0113mas: vienm\u0113r\u012bgas p\u0101rnesumu p\u0101rsl\u0113g\u0161anas nodro\u0161in\u0101\u0161ana<\/h4>\n<p class=\"break-words\">No manu\u0101l\u0101s l\u012bdz autom\u0101tiskajai transmisijai cilindriskie zobrati ir neat\u0146emama transmisijas sist\u0113mu sast\u0101vda\u013ca. Manu\u0101laj\u0101s sist\u0113m\u0101s tie savieno da\u017e\u0101dus p\u0101rnesumus ar ieejas v\u0101rpstu, lai nodro\u0161in\u0101tu vienm\u0113r\u012bgu p\u0101rsl\u0113g\u0161anu, savuk\u0101rt autom\u0101tiskaj\u0101s sist\u0113m\u0101s tie veicina plan\u0113tu zobratu konfigur\u0101cijas, lai nodro\u0161in\u0101tu vienm\u0113r\u012bgu p\u0101rsl\u0113g\u0161anos. Neatkar\u012bgi no t\u0101, vai esat meh\u0101ni\u0137is Ven\u0113cij\u0101 vai in\u017eenieris Mil\u0101n\u0101, FMP pied\u0101v\u0101 cilindrisko zobratu kl\u0101stu, kas paredz\u0113ts, lai uzlabotu transmisijas uzticam\u012bbu un vad\u012bt\u0101ja komfortu.<\/p>\n<div>\n<h3>FMP uz\u0146\u0113mums: j\u016bsu uzticamais partneris automobi\u013cu cilindrisko zobratu jom\u0101 It\u0101lij\u0101<\/h3>\n<p class=\"break-words\">Uz\u0146\u0113mum\u0101 FMP m\u0113s lepojamies ar pla\u0161a automobi\u013cu cilindrisko zobratu kl\u0101sta ra\u017eo\u0161anu, s\u0101kot no standarta dizainiem l\u012bdz piln\u012bb\u0101 piel\u0101gotiem risin\u0101jumiem. Apkalpojot klientus vis\u0101 It\u0101lij\u0101 \u2014 Mil\u0101n\u0101, Ven\u0113cij\u0101, Florenc\u0113 vai Bolo\u0146\u0101 \u2014, m\u0113s ar precizit\u0101ti un kompetenci apmierin\u0101m da\u017e\u0101das automobi\u013cu vajadz\u012bbas. M\u016bsu ra\u017eo\u0161anas process ietver t\u0101das progres\u012bvas metodes k\u0101 zobratu sl\u012bp\u0113\u0161ana un sk\u016b\u0161ana, lai nodro\u0161in\u0101tu izcilu precizit\u0101ti un iztur\u012bbu, padarot m\u016bsu zobratus par vienu no It\u0101lijas in\u017eenieru iecien\u012bt\u0101kaj\u0101m izv\u0113l\u0113m.<\/p>\n<p class=\"break-words\">Ja neredzat konkr\u0113to <a href=\"https:\/\/fmp-components.com\/lv\/spur-gear-2\/\">cilindrisks zobrats<\/a> Ja m\u016bsu produktu sarakst\u0101 ir jums nepiecie\u0161amais modelis, neuztraucieties \u2014 tas vienk\u0101r\u0161i noz\u012bm\u0113, ka mums v\u0113l nav bijusi iesp\u0113ja to aug\u0161upiel\u0101d\u0113t. M\u0113s labpr\u0101t pie\u0146emam piel\u0101gotus pas\u016bt\u012bjumus un aicin\u0101m j\u016bs <strong>rakstiet mums<\/strong> atbilsto\u0161i j\u016bsu pras\u012bb\u0101m. M\u016bsu kvalific\u0113tie in\u017eenieri atbild\u0113s noteikt\u0101 laik\u0101 <strong>24 stundas<\/strong>, pied\u0101v\u0101jot piel\u0101gotus risin\u0101jumus atbilsto\u0161i j\u016bsu vajadz\u012bb\u0101m.<\/p>\n<\/div>\n<\/div>\n<\/div>","protected":false},"excerpt":{"rendered":"<p>The Role of Spur Gears in Automotive Engineering Spur gears are a cornerstone of automotive engineering, driving efficiency, reliability, and innovation across various mechanical systems in vehicles. Known for their straightforward design and robust performance, spur gears are widely utilized in automotive applications throughout Italy\u2014from the bustling streets of Milan to the scenic roads of [&hellip;]<\/p>","protected":false},"featured_media":4606,"comment_status":"open","ping_status":"closed","template":"","meta":{"_et_pb_use_builder":"","_et_pb_old_content":"","_et_gb_content_width":""},"product_brand":[],"product_cat":[109],"product_tag":[],"class_list":{"0":"post-7391","1":"product","2":"type-product","3":"status-publish","4":"has-post-thumbnail","6":"product_cat-spur-gear","8":"first","9":"instock","10":"shipping-taxable","11":"product-type-simple"},"_links":{"self":[{"href":"https:\/\/fmp-components.com\/lv\/wp-json\/wp\/v2\/product\/7391","targetHints":{"allow":["GET"]}}],"collection":[{"href":"https:\/\/fmp-components.com\/lv\/wp-json\/wp\/v2\/product"}],"about":[{"href":"https:\/\/fmp-components.com\/lv\/wp-json\/wp\/v2\/types\/product"}],"replies":[{"embeddable":true,"href":"https:\/\/fmp-components.com\/lv\/wp-json\/wp\/v2\/comments?post=7391"}],"wp:featuredmedia":[{"embeddable":true,"href":"https:\/\/fmp-components.com\/lv\/wp-json\/wp\/v2\/media\/4606"}],"wp:attachment":[{"href":"https:\/\/fmp-components.com\/lv\/wp-json\/wp\/v2\/media?parent=7391"}],"wp:term":[{"taxonomy":"product_brand","embeddable":true,"href":"https:\/\/fmp-components.com\/lv\/wp-json\/wp\/v2\/product_brand?post=7391"},{"taxonomy":"product_cat","embeddable":true,"href":"https:\/\/fmp-components.com\/lv\/wp-json\/wp\/v2\/product_cat?post=7391"},{"taxonomy":"product_tag","embeddable":true,"href":"https:\/\/fmp-components.com\/lv\/wp-json\/wp\/v2\/product_tag?post=7391"}],"curies":[{"name":"wp","href":"https:\/\/api.w.org\/{rel}","templated":true}]}}