{"id":7390,"date":"2025-03-25T02:48:22","date_gmt":"2025-03-25T02:48:22","guid":{"rendered":"https:\/\/fmp-components.com\/?post_type=product&#038;p=7390"},"modified":"2025-03-26T08:40:29","modified_gmt":"2025-03-26T08:40:29","slug":"tractor-spur-gears","status":"publish","type":"product","link":"https:\/\/fmp-components.com\/lv\/product\/tractor-spur-gears\/","title":{"rendered":"Traktora piedzi\u0146as zobrati"},"content":{"rendered":"<div>\n<h3>Dzin\u0113ja zobratu loma traktoros<\/h3>\n<p class=\"break-words\">Run\u0101jot par sp\u0113c\u012bgo tehniku, kas darbina It\u0101lijas lauksaimniec\u012bbas centrus \u2014 piem\u0113ram, augl\u012bgos laukus net\u0101lu no Mil\u0101nas, Tosk\u0101nas paugurainos ap Florenci vai produkt\u012bvos Bolo\u0146as l\u012bdzenumus \u2014, traktori ir neaizst\u0101jami. \u0160o ma\u0161\u012bnu pamat\u0101 ir kritiski svar\u012bga sast\u0101vda\u013ca: <a href=\"https:\/\/fmp-components.com\/lv\/spur-gear-2\/\">cilindrisks zobrats<\/a>K\u0101 vado\u0161ais augstas kvalit\u0101tes cilindrisko zobratu ra\u017eot\u0101js, FMP uz\u0146\u0113mums ar lepnumu atbalsta nozares vis\u0101 It\u0101lij\u0101, no Ven\u0113cijas l\u012bdz Florencei, pied\u0101v\u0101jot prec\u012bzi in\u017eeniertehniskus risin\u0101jumus, kas piel\u0101goti traktoru un citu nozaru vajadz\u012bb\u0101m.<\/p>\n<table style=\"border-collapse: collapse; width: 97.3608%; height: 31px;\" border=\"0\" width=\"243\" cellspacing=\"0\" cellpadding=\"0\">\n<tbody>\n<tr style=\"height: 14.40pt;\">\n<td style=\"height: 14.40pt; width: 48.60pt;\" align=\"right\" width=\"81\" height=\"24\">\u00a0<img loading=\"lazy\" decoding=\"async\" class=\"size-full wp-image-7393 aligncenter\" src=\"https:\/\/fmp-components.com\/wp-content\/uploads\/2025\/03\/spur-gear-in-tractor-2.webp\" alt=\"cilindriskais zobrats traktor\u0101\" width=\"800\" height=\"800\" title=\"\" srcset=\"https:\/\/fmp-components.com\/wp-content\/uploads\/2025\/03\/spur-gear-in-tractor-2.webp 800w, https:\/\/fmp-components.com\/wp-content\/uploads\/2025\/03\/spur-gear-in-tractor-2-480x480.webp 480w\" sizes=\"(min-width: 0px) and (max-width: 480px) 480px, (min-width: 481px) 800px, 100vw\" \/><\/td>\n<td style=\"width: 48.60pt;\" align=\"right\" width=\"81\"><img loading=\"lazy\" decoding=\"async\" class=\"size-full wp-image-7394 aligncenter\" src=\"https:\/\/fmp-components.com\/wp-content\/uploads\/2025\/03\/spur-gear-in-tractor-3.webp\" alt=\"cilindriskais zobrats traktor\u0101\" width=\"800\" height=\"800\" title=\"\" srcset=\"https:\/\/fmp-components.com\/wp-content\/uploads\/2025\/03\/spur-gear-in-tractor-3.webp 800w, https:\/\/fmp-components.com\/wp-content\/uploads\/2025\/03\/spur-gear-in-tractor-3-480x480.webp 480w\" sizes=\"(min-width: 0px) and (max-width: 480px) 480px, (min-width: 481px) 800px, 100vw\" \/><\/td>\n<td style=\"width: 48.60pt;\" align=\"right\" width=\"81\"><img loading=\"lazy\" decoding=\"async\" class=\"size-full wp-image-7392 aligncenter\" src=\"https:\/\/fmp-components.com\/wp-content\/uploads\/2025\/03\/spur-gear-in-tractor-1.webp\" alt=\"cilindriskais zobrats traktor\u0101\" width=\"800\" height=\"800\" title=\"\" srcset=\"https:\/\/fmp-components.com\/wp-content\/uploads\/2025\/03\/spur-gear-in-tractor-1.webp 800w, https:\/\/fmp-components.com\/wp-content\/uploads\/2025\/03\/spur-gear-in-tractor-1-480x480.webp 480w\" sizes=\"(min-width: 0px) and (max-width: 480px) 480px, (min-width: 481px) 800px, 100vw\" \/><\/td>\n<\/tr>\n<\/tbody>\n<\/table>\n<\/div>\n<h3>Specifik\u0101cijas<\/h3>\n<table style=\"width: 103.5%; height: 281px;\" border=\"1\">\n<tbody>\n<tr>\n<td style=\"width: 33.1311%;\"><strong>Produkta nosaukums<\/strong><\/td>\n<td style=\"width: 66.1408%;\">Traktora cilindriskais zobrats ar 17 p\u0101rnesumiem<\/td>\n<\/tr>\n<tr>\n<td style=\"width: 33.1311%;\"><strong>Pieteikums\u00a0<\/strong><\/td>\n<td style=\"width: 66.1408%;\">Traktors<\/td>\n<\/tr>\n<tr>\n<td style=\"width: 33.1311%;\"><strong>Materi\u0101li<\/strong><\/td>\n<td style=\"width: 66.1408%;\">T\u0113rauds<\/td>\n<\/tr>\n<tr>\n<td style=\"width: 33.1311%;\"><strong>Izm\u0113rs<\/strong><\/td>\n<td style=\"width: 66.1408%;\">5 cm * 9 cm * 9 cm<\/td>\n<\/tr>\n<tr>\n<td style=\"width: 33.1311%;\"><strong>Svars<\/strong><\/td>\n<td style=\"width: 66.1408%;\">0,87 kg<\/td>\n<\/tr>\n<tr>\n<td style=\"width: 33.1311%;\"><strong>OEM\u00a0<\/strong><\/td>\n<td style=\"width: 66.1408%;\">50-1701212A<\/td>\n<\/tr>\n<tr>\n<td style=\"width: 33.1311%;\"><strong>MOQ (minim\u0101lais pas\u016bt\u012bjums)<\/strong><\/td>\n<td style=\"width: 66.1408%;\">30<\/td>\n<\/tr>\n<tr>\n<td style=\"width: 33.1311%;\"><strong>Diametrs<\/strong><\/td>\n<td style=\"width: 66.1408%;\">9 cm<\/td>\n<\/tr>\n<tr>\n<td style=\"width: 33.1311%;\"><strong>Kvalit\u0101te<\/strong><\/td>\n<td style=\"width: 66.1408%;\">100% test\u0113ts<\/td>\n<\/tr>\n<tr>\n<td style=\"width: 33.1311%;\"><strong>Iepako\u0161ana<\/strong><\/td>\n<td style=\"width: 66.1408%;\">Kartona kaste<\/td>\n<\/tr>\n<\/tbody>\n<\/table>\n<div>\n<h2>Spur zobrati traktoru ma\u0161\u012bn\u0101s<\/h2>\n<p class=\"break-words\">Traktoros cilindriskie zobrati sp\u0113l\u0113 galveno lomu transmisijas sist\u0113m\u0101, nodro\u0161inot vienm\u0113r\u012bgu jaudas padevi no dzin\u0113ja uz rite\u0146iem. Piem\u0113ram, m\u016bsu cilindriskie zobrati, t\u0101pat k\u0101 tie, ko izmanto metalur\u0123ijas deta\u013cu traktoru tehnikas pulveru pielietojumos, ir prec\u012bzi konstru\u0113ti (ISO6 precizit\u0101te), lai tiktu gal\u0101 ar sare\u017e\u0123\u012btiem lauksaimniec\u012bbas darba apst\u0101k\u013ciem. L\u016bk, k\u0101 tie veicina:<\/p>\n<ul class=\"marker:text-secondary\">\n<li class=\"break-words\"><strong>Jaudas p\u0101rvade<\/strong>Cilindriskie zobrati efekt\u012bvi p\u0101rnes rot\u0101cijas ener\u0123iju starp paral\u0113l\u0101m v\u0101rpst\u0101m, darbinot traktora rite\u0146us un agreg\u0101tus.<\/li>\n<li class=\"break-words\"><strong>Iztur\u012bba<\/strong>Izgatavoti no iztur\u012bgiem materi\u0101liem, piem\u0113ram, 16MnCrn5, un termiski apstr\u0101d\u0101ti, izmantojot cement\u0113\u0161anu, l\u012bdz 58\u201362 HRC ciet\u012bbai, m\u016bsu zobrati iztur nodilumu, kas rodas smagi str\u0101d\u0101jot.<\/li>\n<li class=\"break-words\"><strong>Precizit\u0101te<\/strong>Ar 4,6 moduli un 20\u00b0 spiediena le\u0146\u0137i m\u016bsu cilindriskajiem zobratiem ir profila un vadotnes modifik\u0101cijas (K diagrammas optimiz\u0101cija), lai nodro\u0161in\u0101tu minim\u0101lu troksni un maksim\u0101lu efektivit\u0101ti.<\/li>\n<\/ul>\n<p class=\"break-words\">No Florences v\u012bna d\u0101rziem l\u012bdz Mil\u0101nas r\u016bpniec\u012bbas centriem It\u0101lijas lauksaimnieki un ra\u017eot\u0101ji pa\u013caujas uz traktoriem, kas apr\u012bkoti ar uzticamiem cilindriskiem zobratiem, lai saglab\u0101tu produktivit\u0101ti. Neatkar\u012bgi no t\u0101, vai tiek arti lauki net\u0101lu no Bolo\u0146as vai p\u0101rvad\u0101tas preces Ven\u0113cij\u0101, \u0161ie zobrati nodro\u0161ina nemain\u012bgu veiktsp\u0113ju.<\/p>\n<div>\n<h4>K\u0101p\u0113c izv\u0113l\u0113ties FMP uz\u0146\u0113mumu cilindriskiem zobratiem?<\/h4>\n<p class=\"break-words\">Uz\u0146\u0113mum\u0101 FMP m\u0113s specializ\u0113jamies pla\u0161a kl\u0101sta cilindrisku zobratu ra\u017eo\u0161an\u0101, kas piel\u0101goti da\u017e\u0101d\u0101m nozar\u0113m, tostarp lauksaimniec\u012bbai. M\u016bsu produktu kl\u0101st\u0101 ir gan standarta konstrukcijas, gan piln\u012bb\u0101 piel\u0101gojamas iesp\u0113jas, lai apmierin\u0101tu j\u016bsu \u012bpa\u0161\u0101s vajadz\u012bbas. Balstoties uz daudzu gadu pieredzi, m\u0113s apkalpojam klientus vis\u0101 It\u0101lij\u0101, nodro\u0161inot, ka uz\u0146\u0113mumiem Mil\u0101n\u0101, Ven\u0113cij\u0101, Florenc\u0113, Bolo\u0146\u0101 un citur ir piek\u013cuve augst\u0101k\u0101s klases komponentiem.<\/p>\n<ul class=\"marker:text-secondary\">\n<li class=\"break-words\"><strong>Da\u017e\u0101d\u012bba<\/strong>M\u0113s ra\u017eojam cilindriskos zobratus traktoriem, metalur\u0123ijas iek\u0101rt\u0101m un cit\u0101m ier\u012bc\u0113m, kas viss ir izgatavots ar precizit\u0101ti un r\u016bp\u012bbu.<\/li>\n<li class=\"break-words\"><strong>Piel\u0101go\u0161ana<\/strong>Vai nepiecie\u0161ams unik\u0101ls p\u0101rnesums j\u016bsu traktoram? M\u0113s pie\u0146emam individu\u0101lus pas\u016bt\u012bjumus, kas prec\u012bzi atbilst j\u016bsu specifik\u0101cij\u0101m.<\/li>\n<li class=\"break-words\"><strong>Atbalsts<\/strong>Ja m\u016bsu produktu sarakst\u0101 neatrodat sev nepiecie\u0161amo modeli \u2014 neuztraucieties! Iesp\u0113jams, tas v\u0113l nav aug\u0161upiel\u0101d\u0113ts. Vienk\u0101r\u0161i rakstiet mums e-pastu ar sav\u0101m pras\u012bb\u0101m, un m\u016bsu in\u017eenieri 24 stundu laik\u0101 atbild\u0113s ar risin\u0101jumu.<\/li>\n<\/ul>\n<p class=\"break-words\">It\u0101lijas lauksaimniec\u012bbas nozare plaukst, pateicoties inov\u0101cij\u0101m un uzticam\u012bbai, un FMP lepojas ar savu ieguld\u012bjumu \u0161aj\u0101 mantojum\u0101. FMP m\u0113s esam ap\u0146\u0113mu\u0161ies nodro\u0161in\u0101t j\u016bsu pan\u0101kumus \u2014 pa vienam p\u0101rnesumam vienlaikus.<\/p>\n<\/div>\n<\/div>","protected":false},"excerpt":{"rendered":"<p>The Role of Spur Gears in Tractors When it comes to the robust machinery powering Italy\u2019s agricultural heartlands\u2014such as the fertile fields near Milan, the rolling hills of Tuscany around Florence, or the productive plains of Bologna\u2014tractors are indispensable. At the core of these machines lies a critical component: the spur gear. As a leading [&hellip;]<\/p>","protected":false},"featured_media":7393,"comment_status":"open","ping_status":"closed","template":"","meta":{"_et_pb_use_builder":"","_et_pb_old_content":"","_et_gb_content_width":""},"product_brand":[],"product_cat":[109],"product_tag":[],"class_list":{"0":"post-7390","1":"product","2":"type-product","3":"status-publish","4":"has-post-thumbnail","6":"product_cat-spur-gear","8":"first","9":"instock","10":"shipping-taxable","11":"product-type-simple"},"_links":{"self":[{"href":"https:\/\/fmp-components.com\/lv\/wp-json\/wp\/v2\/product\/7390","targetHints":{"allow":["GET"]}}],"collection":[{"href":"https:\/\/fmp-components.com\/lv\/wp-json\/wp\/v2\/product"}],"about":[{"href":"https:\/\/fmp-components.com\/lv\/wp-json\/wp\/v2\/types\/product"}],"replies":[{"embeddable":true,"href":"https:\/\/fmp-components.com\/lv\/wp-json\/wp\/v2\/comments?post=7390"}],"wp:featuredmedia":[{"embeddable":true,"href":"https:\/\/fmp-components.com\/lv\/wp-json\/wp\/v2\/media\/7393"}],"wp:attachment":[{"href":"https:\/\/fmp-components.com\/lv\/wp-json\/wp\/v2\/media?parent=7390"}],"wp:term":[{"taxonomy":"product_brand","embeddable":true,"href":"https:\/\/fmp-components.com\/lv\/wp-json\/wp\/v2\/product_brand?post=7390"},{"taxonomy":"product_cat","embeddable":true,"href":"https:\/\/fmp-components.com\/lv\/wp-json\/wp\/v2\/product_cat?post=7390"},{"taxonomy":"product_tag","embeddable":true,"href":"https:\/\/fmp-components.com\/lv\/wp-json\/wp\/v2\/product_tag?post=7390"}],"curies":[{"name":"wp","href":"https:\/\/api.w.org\/{rel}","templated":true}]}}