{"id":7384,"date":"2025-03-24T06:59:56","date_gmt":"2025-03-24T06:59:56","guid":{"rendered":"https:\/\/fmp-components.com\/?post_type=product&#038;p=7384"},"modified":"2025-03-26T08:41:37","modified_gmt":"2025-03-26T08:41:37","slug":"ground-helical-gears","status":"publish","type":"product","link":"https:\/\/fmp-components.com\/lv\/product\/ground-helical-gears\/","title":{"rendered":"Sl\u012bp\u0113ti spir\u0101lveida zobrati"},"content":{"rendered":"<div>\n<p class=\"break-words\">Kad precizit\u0101te, iztur\u012bba un vienm\u0113r\u012bga darb\u012bba ir \u0101rk\u0101rt\u012bgi svar\u012bga, sl\u012bp\u0113tie spir\u0101lveida zobrati ir izcila izv\u0113le jaudas p\u0101rvades sist\u0113m\u0101m. \u0160ie zobrati, kam rakstur\u012bgi le\u0146\u0137iski zobrati un r\u016bp\u012bgi sl\u012bp\u0113tas virsmas, pied\u0101v\u0101 izcilu veiktsp\u0113ju lielas slodzes un liela \u0101truma pielietojumos. FMP uz\u0146\u0113mum\u0101 m\u0113s lepojamies ar to, ka ra\u017eojam pla\u0161u sl\u012bp\u0113to zobratu kl\u0101stu. <a href=\"https:\/\/fmp-components.com\/lv\/helical-gears\/\">spir\u0101lveida zobrati<\/a>, apkalpojot nozares vis\u0101 pasaul\u0113 gan ar standarta, gan piel\u0101gotiem risin\u0101jumiem. \u0160aj\u0101 rakst\u0101 m\u0113s izp\u0113t\u012bsim izmantotos materi\u0101lus, pieejamos mode\u013cus un to, k\u0101 FMP pieg\u0101d\u0101 augst\u0101k\u0101s kvalit\u0101tes zobratus, kas piel\u0101goti j\u016bsu vajadz\u012bb\u0101m.<\/p>\n<h2>Kas ir zemes spir\u0101lveida zobrati?<\/h2>\n<p class=\"break-words\">Sl\u012bp\u0113ti spir\u0101lveida zobrati ir spir\u0101lveida zobratu veids, kur zobu virsmas p\u0113c termisk\u0101s apstr\u0101des tiek prec\u012bzi sl\u012bp\u0113tas, lai pan\u0101ktu izcilu precizit\u0101ti un gludumu. Spir\u0101lveida konstrukcija, kur\u0101 zobi ir griezti le\u0146\u0137\u012b pret zobrata asi, nodro\u0161ina pak\u0101penisku sa\u0137eri, samazinot troksni un vibr\u0101ciju sal\u012bdzin\u0101jum\u0101 ar cilindriskajiem zobratiem. Sl\u012bp\u0113\u0161anas process uzlabo virsmas apdari un izm\u0113ru precizit\u0101ti, padarot \u0161os zobratus ide\u0101li piem\u0113rotus lietojumiem, kuriem nepiecie\u0161ama minim\u0101la br\u012bvkust\u012bba un maksim\u0101la efektivit\u0101te, piem\u0113ram, p\u0101rnesumk\u0101rb\u0101m, automobi\u013cu sist\u0113m\u0101m un r\u016bpnieciskaj\u0101m ma\u0161\u012bn\u0101m.<\/p>\n<\/div>\n<h2>Specifik\u0101cija<\/h2>\n<table style=\"width: 100%;\" border=\"1\" width=\"100%\" cellspacing=\"0\" cellpadding=\"0\">\n<thead><\/thead>\n<tbody>\n<tr>\n<td>Urbuma tips<\/td>\n<td>Zeme<\/td>\n<\/tr>\n<tr>\n<td>\u0160\u0137\u0113rsvirziena modulis<\/td>\n<td>1<\/td>\n<\/tr>\n<tr>\n<td>Zobu skaits<\/td>\n<td>100<\/td>\n<\/tr>\n<tr>\n<td>Helix virziens<\/td>\n<td>Kreis\u0101 roka<\/td>\n<\/tr>\n<tr>\n<td>Forma<\/td>\n<td>S1<\/td>\n<\/tr>\n<tr>\n<td>Urbums (A)<\/td>\n<td>15,0 (mm)<\/td>\n<\/tr>\n<tr>\n<td>Rumbas diametrs (B)<\/td>\n<td>50,0 (mm)<\/td>\n<\/tr>\n<tr>\n<td>Pi\u0137a diametrs (C)<\/td>\n<td>100,00 (mm)<\/td>\n<\/tr>\n<tr>\n<td>\u0100r\u0113jais diametrs (D)<\/td>\n<td>102,00 (mm)<\/td>\n<\/tr>\n<tr>\n<td>Sejas platums (E)<\/td>\n<td>8,0 (mm)<\/td>\n<\/tr>\n<tr>\n<td>Rumbas platums (F)<\/td>\n<td>10,0 (mm)<\/td>\n<\/tr>\n<tr>\n<td>Kop\u0113jais garums (G)<\/td>\n<td>18,00 (mm)<\/td>\n<\/tr>\n<tr>\n<td>Spir\u0101les le\u0146\u0137is<\/td>\n<td>21\u00b030\u2032<\/td>\n<\/tr>\n<tr>\n<td>Spiediena le\u0146\u0137is<\/td>\n<td>20\u00b0<\/td>\n<\/tr>\n<\/tbody>\n<\/table>\n<div>\n<h3>Materi\u0101li, ko izmanto zemes spir\u0101lveida p\u0101rnesumos<\/h3>\n<p class=\"break-words\">Materi\u0101la izv\u0113le ir kritiski svar\u012bga sl\u012bp\u0113tu spir\u0101lveida zobratu veiktsp\u0113jai. FMP m\u0113s izv\u0113lamies augstas kvalit\u0101tes materi\u0101lus, lai nodro\u0161in\u0101tu iztur\u012bbu, nodilumiztur\u012bbu un ilgm\u016b\u017e\u012bbu. Zem\u0101k ir tabula, kur\u0101 detaliz\u0113ti aprakst\u012bti visbie\u017e\u0101k izmantotie materi\u0101li un to \u012bpa\u0161\u012bbas:<\/p>\n<div class=\"overflow-x-auto my-2\">\n<table style=\"width: 100%;\" border=\"1\" width=\"100%\" cellspacing=\"0\" cellpadding=\"0\">\n<thead class=\"border-b border-primary\/20\">\n<tr class=\"border-primary\/10\">\n<th class=\"break-words\"><strong>Materi\u0101ls<\/strong><\/th>\n<th class=\"break-words\"><strong>\u012apa\u0161umi<\/strong><\/th>\n<th class=\"break-words\"><strong>Bie\u017ei sastopamie pielietojumi<\/strong><\/th>\n<\/tr>\n<\/thead>\n<tbody>\n<tr class=\"border-primary\/10\">\n<td class=\"break-words\"><strong>Oglek\u013ca t\u0113rauds (piem\u0113ram, C45)<\/strong><\/td>\n<td class=\"break-words\">Augsta iztur\u012bba, rentabilit\u0101te, laba apstr\u0101d\u0101jam\u012bba<\/td>\n<td class=\"break-words\">Visp\u0101r\u0113j\u0101 tehnika, automobi\u013cu p\u0101rnesumi<\/td>\n<\/tr>\n<tr class=\"border-primary\/10\">\n<td class=\"break-words\"><strong>Le\u0123\u0113tais t\u0113rauds (piem\u0113ram, 4140)<\/strong><\/td>\n<td class=\"break-words\">Paaugstin\u0101ta iztur\u012bba, nodilumiztur\u012bba<\/td>\n<td class=\"break-words\">Lieljaudas p\u0101rnesumk\u0101rbas, r\u016bpniecisk\u0101s piedzi\u0146as<\/td>\n<\/tr>\n<tr class=\"border-primary\/10\">\n<td class=\"break-words\"><strong>Ner\u016bs\u0113jo\u0161ais t\u0113rauds<\/strong><\/td>\n<td class=\"break-words\">Iztur\u012bba pret koroziju, ilgm\u016b\u017e\u012bba<\/td>\n<td class=\"break-words\">P\u0101rtikas p\u0101rstr\u0101de, j\u016bras pielietojumi<\/td>\n<\/tr>\n<tr class=\"border-primary\/10\">\n<td class=\"break-words\"><strong>R\u016bd\u012bts t\u0113rauds<\/strong><\/td>\n<td class=\"break-words\">Cieta virsma, iztur\u012bgs kodols<\/td>\n<td class=\"break-words\">Augstas slodzes, augstas precizit\u0101tes sist\u0113mas<\/td>\n<\/tr>\n<tr class=\"border-primary\/10\">\n<td class=\"break-words\"><strong>Instrumentu t\u0113rauds<\/strong><\/td>\n<td class=\"break-words\">\u012apa\u0161a ciet\u012bba, karstumiztur\u012bba<\/td>\n<td class=\"break-words\">Specializ\u0113tas \u0101trgaitas ma\u0161\u012bnas<\/td>\n<\/tr>\n<\/tbody>\n<\/table>\n<\/div>\n<p class=\"break-words\">\u0160ie materi\u0101li \u013cauj mums ra\u017eot zobratus, kas iztur sare\u017e\u0123\u012btu vidi, s\u0101kot no r\u016bpniec\u012bbas r\u016bpn\u012bc\u0101m l\u012bdz pat prec\u012bz\u0101s in\u017eenierijas darbn\u012bc\u0101m.<\/p>\n<h3>Pieejamie zemes spir\u0101lveida zobratu mode\u013ci<\/h3>\n<p class=\"break-words\">FMP uz\u0146\u0113mums pied\u0101v\u0101 pla\u0161u sl\u012bp\u0113to spir\u0101lveida zobratu mode\u013cu kl\u0101stu, lai apmierin\u0101tu da\u017e\u0101das specifik\u0101cijas. Zem\u0101k eso\u0161aj\u0101 tabul\u0101 ir izcelti da\u017ei no m\u016bsu standarta pied\u0101v\u0101jumiem, lai gan m\u0113s varam tos piel\u0101got j\u016bsu prec\u012bzaj\u0101m pras\u012bb\u0101m:<\/p>\n<div class=\"overflow-x-auto my-2\">\n<table style=\"width: 100%;\" border=\"1\" width=\"100%\" cellspacing=\"0\" cellpadding=\"0\">\n<thead class=\"border-b border-primary\/20\">\n<tr class=\"border-primary\/10\">\n<th class=\"break-words\"><strong>Modelis<\/strong><\/th>\n<th class=\"break-words\"><strong>Modulis<\/strong><\/th>\n<th class=\"break-words\"><strong>Zobu skaits<\/strong><\/th>\n<th class=\"break-words\"><strong>Spiediena le\u0146\u0137is<\/strong><\/th>\n<th class=\"break-words\"><strong>Spir\u0101les le\u0146\u0137is<\/strong><\/th>\n<th class=\"break-words\"><strong>Materi\u0101lu opcijas<\/strong><\/th>\n<\/tr>\n<\/thead>\n<tbody>\n<tr class=\"border-primary\/10\">\n<td class=\"break-words\">SEG-101<\/td>\n<td class=\"break-words\">1.0<\/td>\n<td class=\"break-words\">20<\/td>\n<td class=\"break-words\">20\u00b0<\/td>\n<td class=\"break-words\">15\u00b0<\/td>\n<td class=\"break-words\">Oglek\u013ca t\u0113rauds, le\u0123\u0113tais t\u0113rauds<\/td>\n<\/tr>\n<tr class=\"border-primary\/10\">\n<td class=\"break-words\">SEG-152<\/td>\n<td class=\"break-words\">1.5<\/td>\n<td class=\"break-words\">30<\/td>\n<td class=\"break-words\">20\u00b0<\/td>\n<td class=\"break-words\">20\u00b0<\/td>\n<td class=\"break-words\">Ner\u016bs\u0113jo\u0161ais t\u0113rauds, instrumentu t\u0113rauds<\/td>\n<\/tr>\n<tr class=\"border-primary\/10\">\n<td class=\"break-words\">SEG-203<\/td>\n<td class=\"break-words\">2.0<\/td>\n<td class=\"break-words\">25<\/td>\n<td class=\"break-words\">20\u00b0<\/td>\n<td class=\"break-words\">15\u00b0<\/td>\n<td class=\"break-words\">R\u016bd\u012bts t\u0113rauds<\/td>\n<\/tr>\n<tr class=\"border-primary\/10\">\n<td class=\"break-words\">SEG-305<\/td>\n<td class=\"break-words\">3.0<\/td>\n<td class=\"break-words\">40<\/td>\n<td class=\"break-words\">20\u00b0<\/td>\n<td class=\"break-words\">25\u00b0<\/td>\n<td class=\"break-words\">Le\u0123\u0113tais t\u0113rauds, ner\u016bs\u0113jo\u0161ais t\u0113rauds<\/td>\n<\/tr>\n<tr class=\"border-primary\/10\">\n<td class=\"break-words\">Siltumn\u012bcefekta g\u0101zu piel\u0101gots<\/td>\n<td class=\"break-words\">Piel\u0101gots<\/td>\n<td class=\"break-words\">Piel\u0101gots<\/td>\n<td class=\"break-words\">Piel\u0101gots<\/td>\n<td class=\"break-words\">Piel\u0101gots<\/td>\n<td class=\"break-words\">Jebkur\u0161<\/td>\n<\/tr>\n<\/tbody>\n<\/table>\n<\/div>\n<p class=\"break-words\">\u0160ie mode\u013ci ir izstr\u0101d\u0101ti precizit\u0101tei un uzticam\u012bbai, nodro\u0161inot optim\u0101lu veiktsp\u0113ju da\u017e\u0101d\u0101s lietojumprogramm\u0101s, s\u0101kot no maz\u0101m iek\u0101rt\u0101m l\u012bdz liel\u0101m r\u016bpniecisk\u0101m sist\u0113m\u0101m.<\/p>\n<div>\n<h4>FMP uz\u0146\u0113mums: j\u016bsu zemes spir\u0101lveida zobratu avots<\/h4>\n<p class=\"break-words\">Uz\u0146\u0113mum\u0101 FMP m\u0113s specializ\u0113jamies sl\u012bp\u0113tu spir\u0101lveida zobratu ra\u017eo\u0161an\u0101, kas atbilst augst\u0101kajiem kvalit\u0101tes un veiktsp\u0113jas standartiem. Neatkar\u012bgi no t\u0101, vai jums ir nepiecie\u0161ams standarta modelis vai individu\u0101ls risin\u0101jums, m\u0113s par\u016bp\u0113simies par jums. M\u016bsu pied\u0101v\u0101jums ietver:<\/p>\n<ul class=\"marker:text-secondary\">\n<li class=\"break-words\"><strong>Pla\u0161a da\u017e\u0101d\u012bba<\/strong>No viegliem p\u0101rnesumiem l\u012bdz jaud\u012bgiem variantiem \u2014 m\u0113s apkalpojam visas nozares.<\/li>\n<li class=\"break-words\"><strong>Piel\u0101go\u0161ana<\/strong>M\u016bsu komanda var izstr\u0101d\u0101t un izgatavot sl\u012bp\u0113tus spir\u0101lveida zobratus, kas piel\u0101goti j\u016bsu \u012bpa\u0161aj\u0101m vajadz\u012bb\u0101m, nodro\u0161inot perfektu atbilst\u012bbu j\u016bsu pielietojumam.<\/li>\n<li class=\"break-words\"><strong>Prec\u012bza sl\u012bp\u0113\u0161ana<\/strong>Katrs zobrats tiek sl\u012bp\u0113ts atbilsto\u0161i prec\u012bz\u0101m pielaid\u0113m, nodro\u0161inot zemu trok\u0161\u0146a l\u012bmeni, augstu efektivit\u0101ti un pagarin\u0101tu kalpo\u0161anas laiku.<\/li>\n<\/ul>\n<p class=\"break-words\">Ja m\u016bsu sarakst\u0101 neatrodat tie\u0161i sev nepiecie\u0161amo modeli, neuztraucieties \u2014 m\u016bsu produktu katalogs nep\u0101rtraukti papla\u0161in\u0101s. Iesp\u0113jams, ka m\u0113s to v\u0113l neesam atjaunin\u0101ju\u0161i ar jaun\u0101kajiem dizainiem. Vienk\u0101r\u0161i nos\u016btiet mums e-pastu ar sav\u0101m pras\u012bb\u0101m, un m\u016bsu pieredz\u0113ju\u0161ie in\u017eenieri atbild\u0113s laika gait\u0101. <strong>24 stundas<\/strong> ar j\u016bsu projektam piel\u0101gotu risin\u0101jumu. M\u0113s esam ap\u0146\u0113mu\u0161ies apmierin\u0101t j\u016bsu vajadz\u012bbas neatkar\u012bgi no t\u0101 sare\u017e\u0123\u012bt\u012bbas.<\/p>\n<h4>Zemes spir\u0101lveida p\u0101rnesumu pielietojumi<\/h4>\n<p class=\"break-words\">Sl\u012bp\u0113ti spir\u0101lveida zobrati tiek augstu v\u0113rt\u0113ti to daudzpus\u012bbas un precizit\u0101tes d\u0113\u013c, padarot tos par nepiecie\u0161amiem daudz\u0101s nozar\u0113s:<\/p>\n<ul class=\"marker:text-secondary\">\n<li class=\"break-words\"><strong>Automobi\u013ci<\/strong>Izmanto transmisijas sist\u0113m\u0101s, lai nodro\u0161in\u0101tu vienm\u0113r\u012bgu un klusu darb\u012bbu.<\/li>\n<li class=\"break-words\"><strong>R\u016bpniecisk\u0101s iek\u0101rtas<\/strong>P\u0101rnesumk\u0101rbu un piedzi\u0146u darbin\u0101\u0161ana ra\u017eo\u0161anas r\u016bpn\u012bc\u0101s.<\/li>\n<li class=\"break-words\"><strong>Avi\u0101cija un kosmoss<\/strong>Prec\u012bzijas komponenti augstas veiktsp\u0113jas iek\u0101rt\u0101m.<\/li>\n<li class=\"break-words\"><strong>J\u016bras<\/strong>Iztur\u012bgi p\u0101rnesumi piedzi\u0146as un pal\u012bgsist\u0113m\u0101m.<\/li>\n<\/ul>\n<p class=\"break-words\">To sp\u0113ja iztur\u0113t lielas slodzes un saglab\u0101t precizit\u0101ti sare\u017e\u0123\u012btos apst\u0101k\u013cos padara tos par iecien\u012btu izv\u0113li in\u017eenieru un ra\u017eot\u0101ju vid\u016b.<\/p>\n<h4>K\u0101p\u0113c izv\u0113l\u0113ties FMP?<\/h4>\n<p class=\"break-words\">FMP uz\u0146\u0113mums izce\u013cas k\u0101 uzticams sl\u012bp\u0113tu spir\u0101lveida zobratu ra\u017eot\u0101js, pateicoties m\u016bsu ap\u0146\u0113m\u012bbai nodro\u0161in\u0101t kvalit\u0101ti un klientu apmierin\u0101t\u012bbu. M\u0113s izmantojam progres\u012bvas sl\u012bp\u0113\u0161anas metodes un stingru kvalit\u0101tes kontroli, lai nodro\u0161in\u0101tu, ka katrs zobrats atbilst j\u016bsu cer\u012bb\u0101m. M\u016bsu \u0101trais rea\u0123\u0113\u0161anas laiks \u2014 in\u017eenieri atbild 24 stundu laik\u0101 \u2014 un sp\u0113ja piel\u0101goties padara m\u016bs par uzticamu partneri uz\u0146\u0113mumiem vis\u0101 pasaul\u0113.<\/p>\n<p><img loading=\"lazy\" decoding=\"async\" class=\"size-full wp-image-7387 aligncenter\" src=\"https:\/\/fmp-components.com\/wp-content\/uploads\/2025\/03\/Ground-Helical-Gears-Product-2.webp\" alt=\"Zemes spir\u0101lveida zobrati\" width=\"1200\" height=\"300\" title=\"\" srcset=\"https:\/\/fmp-components.com\/wp-content\/uploads\/2025\/03\/Ground-Helical-Gears-Product-2.webp 1200w, https:\/\/fmp-components.com\/wp-content\/uploads\/2025\/03\/Ground-Helical-Gears-Product-2-980x245.webp 980w, https:\/\/fmp-components.com\/wp-content\/uploads\/2025\/03\/Ground-Helical-Gears-Product-2-480x120.webp 480w\" sizes=\"(min-width: 0px) and (max-width: 480px) 480px, (min-width: 481px) and (max-width: 980px) 980px, (min-width: 981px) 1200px, 100vw\" \/><\/p>\n<\/div>\n<\/div>","protected":false},"excerpt":{"rendered":"<p>When precision, durability, and smooth operation are paramount, Ground Helical Gears emerge as an exceptional choice for power transmission systems. These gears, characterized by their angled teeth and meticulously ground surfaces, offer superior performance in high-load and high-speed applications. At FMP Company, we are proud to manufacture a wide variety of ground helical gears, serving [&hellip;]<\/p>","protected":false},"featured_media":7386,"comment_status":"open","ping_status":"closed","template":"","meta":{"_et_pb_use_builder":"","_et_pb_old_content":"","_et_gb_content_width":""},"product_brand":[],"product_cat":[108],"product_tag":[],"class_list":{"0":"post-7384","1":"product","2":"type-product","3":"status-publish","4":"has-post-thumbnail","6":"product_cat-helical-gear","8":"first","9":"instock","10":"shipping-taxable","11":"product-type-simple"},"_links":{"self":[{"href":"https:\/\/fmp-components.com\/lv\/wp-json\/wp\/v2\/product\/7384","targetHints":{"allow":["GET"]}}],"collection":[{"href":"https:\/\/fmp-components.com\/lv\/wp-json\/wp\/v2\/product"}],"about":[{"href":"https:\/\/fmp-components.com\/lv\/wp-json\/wp\/v2\/types\/product"}],"replies":[{"embeddable":true,"href":"https:\/\/fmp-components.com\/lv\/wp-json\/wp\/v2\/comments?post=7384"}],"wp:featuredmedia":[{"embeddable":true,"href":"https:\/\/fmp-components.com\/lv\/wp-json\/wp\/v2\/media\/7386"}],"wp:attachment":[{"href":"https:\/\/fmp-components.com\/lv\/wp-json\/wp\/v2\/media?parent=7384"}],"wp:term":[{"taxonomy":"product_brand","embeddable":true,"href":"https:\/\/fmp-components.com\/lv\/wp-json\/wp\/v2\/product_brand?post=7384"},{"taxonomy":"product_cat","embeddable":true,"href":"https:\/\/fmp-components.com\/lv\/wp-json\/wp\/v2\/product_cat?post=7384"},{"taxonomy":"product_tag","embeddable":true,"href":"https:\/\/fmp-components.com\/lv\/wp-json\/wp\/v2\/product_tag?post=7384"}],"curies":[{"name":"wp","href":"https:\/\/api.w.org\/{rel}","templated":true}]}}