{"id":7372,"date":"2025-03-24T03:00:29","date_gmt":"2025-03-24T03:00:29","guid":{"rendered":"https:\/\/fmp-components.com\/?post_type=product&#038;p=7372"},"modified":"2025-04-08T02:34:44","modified_gmt":"2025-04-08T02:34:44","slug":"crossed-helical-gear-screw-gear","status":"publish","type":"product","link":"https:\/\/fmp-components.com\/lv\/product\/crossed-helical-gear-screw-gear\/","title":{"rendered":"\u0160\u0137\u0113rsots spir\u0101lveida zobrats (skr\u016bvveida zobrats)"},"content":{"rendered":"<div>\n<h2 dir=\"auto\">Skr\u016bvveida zobrati (sakrustoti spir\u0101lveida zobrati)<\/h2>\n<p class=\"break-words\" dir=\"auto\">Skr\u016bvzobrati, da\u017ereiz saukti par sakrustotiem spir\u0101lveida zobratiem, ir \u012bpa\u0161i zobrati, kas pal\u012bdz p\u0101rvietot priek\u0161metus starp div\u0101m v\u0101rpst\u0101m (piem\u0113ram, grie\u017eamiem koci\u0146iem), kas nesaskaras un nav taisni novietotas. Parastiem spir\u0101lveida zobratiem taisn\u0101m v\u0101rpst\u0101m ir vien\u0101ds grie\u0161an\u0101s le\u0146\u0137is, bet tie grie\u017eas pret\u0113jos virzienos. Skr\u016bvzobratiem grie\u0161an\u0101s le\u0146\u0137i var b\u016bt jebk\u0101di, kas jums nepiecie\u0161ami, un le\u0146\u0137is starp v\u0101rpst\u0101m parasti ir divu grie\u0161an\u0101s le\u0146\u0137u summa. Bie\u017ei sastopams le\u0146\u0137is ir 90 gr\u0101di, piem\u0113ram, st\u016bris, ta\u010du var der\u0113t ar\u012b citi le\u0146\u0137i. \u0160ie zobrati saskaras tikai neliel\u0101s viet\u0101s, nevis gar\u0101s l\u012bnij\u0101s, t\u0101p\u0113c tie nav tik iztur\u012bgi vai efekt\u012bvi k\u0101 citi zobrati un nevar p\u0101rvad\u0101t \u012bpa\u0161i smagus priek\u0161metus.<\/p>\n<h3 dir=\"auto\">K\u0101 tie ir un k\u0101 tie darbojas<\/h3>\n<ul class=\"marker:text-secondary\" dir=\"auto\">\n<li class=\"break-words\"><strong>Paskaties<\/strong>Skr\u016bvveida zobratiem ir zobi, kas grie\u017eas k\u0101 spir\u0101le uz apa\u013ca diska. Zobi var noliekties pa labi vai pa kreisi.<\/li>\n<li class=\"break-words\"><strong>Kust\u012bba<\/strong>Kad tie grie\u017eas, tie ne tikai ripo k\u0101 citi zobrati \u2014 tie sagrie\u017eas k\u0101 skr\u016bve, kas iegrie\u017eas kok\u0101. Tas liek tiem sl\u012bd\u0113t vienam pret otru nelielos punktos, nevis ripot vienm\u0113r\u012bgi.<\/li>\n<li class=\"break-words\"><strong>\u0100trums<\/strong>Grie\u0161an\u0101s \u0101trums ir atkar\u012bgs no t\u0101, cik zobu ir piedzi\u0146as zobratam (tam, kas to iedarbina), sal\u012bdzinot ar piedzeno\u0161o zobratu (tam, kas seko). Tas ir vienk\u0101r\u0161i viena zobrata zobu skaits, dal\u012bts ar otra zobrata zobu skaitu \u2014 nav nek\u0101du sare\u017e\u0123\u012btu noteikumu, k\u0101 da\u017eiem citiem zobratiem!<\/li>\n<\/ul>\n<h3 dir=\"auto\">Materi\u0101li un saska\u0146o\u0161ana<\/h3>\n<ul class=\"marker:text-secondary\" dir=\"auto\">\n<li class=\"break-words\"><strong>Lietas, no kur\u0101m tie ir izgatavoti<\/strong>Ja abi zobrati ir izgatavoti no viena materi\u0101la, tie var p\u0101r\u0101k daudz berz\u0113ties un saskr\u0101p\u0113ties. T\u0101p\u0113c lab\u0101k ir izmantot da\u017e\u0101dus materi\u0101lus, piem\u0113ram, t\u0113raudu ar plastmasu vai ner\u016bs\u0113jo\u0161o t\u0113raudu ar bronzu.<\/li>\n<li class=\"break-words\"><strong>Izv\u0113les iesp\u0113jas<\/strong>Tos var ieg\u0101d\u0101ties no t\u0113rauda (iztur\u012bgs), ner\u016bs\u0113jo\u0161\u0101 t\u0113rauda (ner\u016bs\u0113, labi piem\u0113rots p\u0101rtikas ma\u0161\u012bn\u0101m), alum\u012bnija-bronzas (iztur\u012bgs pret nodilumu) vai plastmasas (viegls un nav nepiecie\u0161ama e\u013c\u013ca).<\/li>\n<\/ul>\n<h3 dir=\"auto\">K\u0101 tie darbojas un kur tie tiek izmantoti<\/h3>\n<ul class=\"marker:text-secondary\" dir=\"auto\">\n<li class=\"break-words\"><strong>Sp\u0113ks un \u0101trums<\/strong>Tie nav lab\u0101kie smagu lietu ne\u0161an\u0101 vai \u0101tr\u0101 grie\u0161an\u0101s proces\u0101 sl\u012bd\u0113\u0161anas d\u0113\u013c. Tie vislab\u0101k darbojas vid\u0113ja smaguma darbiem.<\/li>\n<li class=\"break-words\"><strong>Darbs<\/strong>J\u016bs var\u0113tu tos atrast ma\u0161\u012bn\u0101s, kas ra\u017eo lietas, p\u0101rvieto lietas, piem\u0113ram, konveijera lentes, vai darbina s\u016bk\u0146us \u2014 lietas, kur\u0101m nav nepiecie\u0161ama milz\u012bga jauda.<\/li>\n<li class=\"break-words\"><strong>E\u013c\u013ca<\/strong>T\u0101 k\u0101 tie daudz sl\u012bd, tiem ir nepiecie\u0161ama \u012bpa\u0161a e\u013c\u013ca (piem\u0113ram, hipoid\u0101lo p\u0101rnesumu e\u013c\u013ca), lai tie p\u0101r\u0101k \u0101tri nenodiltu.<\/li>\n<\/ul>\n<h3 dir=\"auto\">Labas un ne tik labas da\u013cas<\/h3>\n<ul class=\"marker:text-secondary\" dir=\"auto\">\n<li class=\"break-words\"><strong>Labas lietas<\/strong>Tie ir klusi, kad darbojas, un tos var nedaudz p\u0101rvietot no vienas puses uz otru, neizjaucot to darb\u012bbu. Tie ir lieliski piem\u0113roti \u0161aht\u0101m, kas krustojas, bet nesaskaras.<\/li>\n<li class=\"break-words\"><strong>Ne tik labas lietas<\/strong>Sl\u012bd\u0113\u0161ana padara tos maz\u0101k efekt\u012bvus, un tie nevar iztur\u0113t lielas slodzes, jo saskaras tikai nelielos punktos. Tie ar\u012b daudz spie\u017eas uz s\u0101niem, t\u0101p\u0113c tiem nepiecie\u0161ami sp\u0113c\u012bgi balsti.<\/li>\n<\/ul>\n<h3 dir=\"auto\">Veidi un deta\u013cas<\/h3>\n<ul class=\"marker:text-secondary\" dir=\"auto\">\n<li class=\"break-words\"><strong>Veidi<\/strong>Tie ir pieejami izm\u0113ros, ko sauc par modu\u013ciem no 1 l\u012bdz 4, ar 10 l\u012bdz 30 zobiem. Ja nepiecie\u0161ams, varat pievienot caurumus vai nedaudz tos main\u012bt.<\/li>\n<li class=\"break-words\"><strong>Grie\u0161an\u0101s le\u0146\u0137i<\/strong>Bie\u017ei vien tiem ir 45 gr\u0101du pagrieziens, un tos var savienot p\u0101r\u012b da\u017e\u0101dos veidos \u2014 abus pagrie\u017eot vien\u0101 virzien\u0101 vai pret\u0113jos virzienos \u2014 atkar\u012bb\u0101 no t\u0101, k\u0101 v\u0101rpstas ir izvietotas.<\/li>\n<\/ul>\n<p class=\"break-words\" dir=\"auto\">\u012as\u0101k sakot, skr\u016bvzobrati ir lieliski piem\u0113roti lietu p\u0101rvieto\u0161anai starp sakrustot\u0101m v\u0101rpst\u0101m klusi un viegli, ta\u010du tie nav vissp\u0113c\u012bg\u0101kie vai \u0101tr\u0101kie zobrati, jo tie sl\u012bd, nevis ripo, un pieskaras tikai neliel\u0101s viet\u0101s.<\/p>\n<\/div>\n<h2>\u0160\u0137\u0113rsotie spir\u0101lveida zobrati (skr\u016bvzobrati): Prec\u012bzijas in\u017eenierija no FMP uz\u0146\u0113muma<\/h2>\n<p>\u0160\u0137\u0113rsotie spir\u0101lveida zobrati, pla\u0161\u0101k paz\u012bstami k\u0101 skr\u016bvzobrati, ir specializ\u0113ts hiperbolo\u012bdu zobratu veids, kas paredz\u0113ts unik\u0101lam m\u0113r\u0137im - savienot \u0161\u0137\u012bbas v\u0101rpstas - asis, kas krustojas, nekrustojoties. At\u0161\u0137ir\u012bb\u0101 no tradicion\u0101lajiem <a href=\"https:\/\/fmp-components.com\/lv\/helical-gears\/\">spir\u0101lveida zobrati<\/a> Ar paral\u0113l\u0101m as\u012bm skr\u016bvzobrati nodro\u0161ina kust\u012bbas p\u0101rnesi starp neparal\u0113l\u0101m, nekrustojo\u0161\u0101m v\u0101rpst\u0101m, bie\u017ei vien 90\u00b0 le\u0146\u0137\u012b, lai gan ir iesp\u0113jamas ar\u012b citas konfigur\u0101cijas. Tas padara tos par b\u016btisku sast\u0101vda\u013cu meh\u0101nisk\u0101s sist\u0113m\u0101s, kur\u0101m nepiecie\u0161ama daudzpus\u012bga v\u0101rpstu izl\u012bdzin\u0101\u0161ana. It\u0101lij\u0101, kur r\u016bpniecisk\u0101s inov\u0101cijas plaukst t\u0101d\u0101s pils\u0113t\u0101s k\u0101 Mil\u0101na, Ven\u0113cija, Florence un Bolo\u0146a, piepras\u012bjums p\u0113c augstas kvalit\u0101tes skr\u016bvzobratiem nep\u0101rtraukti pieaug, un FMP uz\u0146\u0113mums lepojas ar to, ka var apmierin\u0101t \u0161o vajadz\u012bbu ar profesion\u0101li izstr\u0101d\u0101tiem risin\u0101jumiem.<\/p>\n<p><img loading=\"lazy\" decoding=\"async\" class=\"wp-image-7376 aligncenter\" src=\"https:\/\/fmp-components.com\/wp-content\/uploads\/2025\/03\/screw-gear-crossed-helical-gear-product-9.webp\" alt=\"skr\u016bvzobrats-\u0161\u0137\u0113rsots-spir\u0101lveida-zobrats\" width=\"958\" height=\"239\" title=\"\" srcset=\"https:\/\/fmp-components.com\/wp-content\/uploads\/2025\/03\/screw-gear-crossed-helical-gear-product-9.webp 958w, https:\/\/fmp-components.com\/wp-content\/uploads\/2025\/03\/screw-gear-crossed-helical-gear-product-9-480x120.webp 480w\" sizes=\"(min-width: 0px) and (max-width: 480px) 480px, (min-width: 481px) 958px, 100vw\" \/><\/p>\n<p>Skr\u016bvzobrati darbojas ar at\u0161\u0137ir\u012bgu skr\u016bv\u0113\u0161anas kust\u012bbu, nevis t\u012bru ripo\u0161anu, kas rodas to at\u0161\u0137ir\u012bgo spir\u0101les le\u0146\u0137u d\u0113\u013c (lai gan spir\u0101les virziens ir vien\u0101ds). \u0160\u012b s\u0101nu sl\u012bdo\u0161\u0101 kust\u012bba, lai gan prasa \u012bpa\u0161u e\u013c\u013co\u0161anu, piem\u0113ram, hipo\u012bdo zobratu e\u013c\u013cu, lai samazin\u0101tu nodilumu, pied\u0101v\u0101 unik\u0101las priek\u0161roc\u012bbas, piem\u0113ram, zemu trok\u0161\u0146a l\u012bmeni un aksi\u0101lo elast\u012bbu. At\u0161\u0137ir\u012bb\u0101 no paral\u0113lajiem spir\u0101lveida zobratiem, kas p\u0101riet no punkta uz l\u012bnijas kontaktu, sakrustotie spir\u0101lveida zobrati saglab\u0101 punktveida kontaktu, padarot tos ide\u0101li piem\u0113rotus vid\u0113ja griezes momenta un \u0101truma pielietojumiem, piem\u0113ram, darbgaldu piedzi\u0146\u0101m. Sal\u012bdzinot ar t\u0101rpu zobratiem, kas nodro\u0161ina liel\u0101ku griezes momentu caur l\u012bnijas kontaktu, skr\u016bvzobrati izce\u013cas ar klus\u0101ku darb\u012bbu \u2014 ide\u0101li piem\u0113roti prec\u012bzijas r\u016bpniec\u012bbai t\u0101dos ros\u012bgos centros k\u0101 Mil\u0101na un Florence.<\/p>\n<h2>\u0160\u0137\u0113rsotu spir\u0101lveida p\u0101rnesumu specifik\u0101cija<\/h2>\n<table class=\"table\" border=\"1\" width=\"100%\" cellspacing=\"0\" cellpadding=\"0\">\n<tbody>\n<tr class=\"firstRow\">\n<td>Mode\u013ca numurs<\/td>\n<td>M1, M1.5, M2, M2.5, M3, M4, M5, M8, M12 un citi.<\/td>\n<\/tr>\n<tr>\n<td>Materi\u0101ls<\/td>\n<td>Misi\u0146\u0161, C45 t\u0113rauds, ner\u016bs\u0113jo\u0161ais t\u0113rauds, var\u0161, POM, alum\u012bnijs, sakaus\u0113jums utt.<\/td>\n<\/tr>\n<tr>\n<td>Virsmas apstr\u0101de<\/td>\n<td>Cinkots, ni\u0137el\u0113ts, pasiv\u0113\u0161ana, oksid\u0113\u0161ana, anod\u0113\u0161ana, \u0123eometriskais p\u0101rkl\u0101jums, dakromets, melnais oks\u012bds, fosfat\u0113\u0161ana, pulverkr\u0101so\u0161ana un elektrofor\u0113ze.<\/td>\n<\/tr>\n<tr>\n<td>Standarta<\/td>\n<td>ISO, DIN, ANSI, JIS, BS un nestandarta.<\/td>\n<\/tr>\n<tr>\n<td>Precizit\u0101te<\/td>\n<td>DIN6, DIN7, DIN8, DIN9.<\/td>\n<\/tr>\n<tr>\n<td>Zobu \u0101rst\u0113\u0161ana<\/td>\n<td>R\u016bd\u012bts, fr\u0113z\u0113ts vai samalts<\/td>\n<\/tr>\n<tr>\n<td>Tolerance<\/td>\n<td>0,001 mm\u20130,01 mm\u20130,1 mm<\/td>\n<\/tr>\n<tr>\n<td>Pabeigt<\/td>\n<td>ar lodveida\/smil\u0161u str\u016bklu, termisko apstr\u0101di, atkv\u0113lin\u0101\u0161anu, r\u016bd\u012b\u0161anu, pul\u0113\u0161anu, anod\u0113\u0161anu, cinko\u0161anu<\/td>\n<\/tr>\n<tr>\n<td>Pre\u010du iesai\u0146o\u0161ana<\/td>\n<td>Plastmasas maisi\u0146\u0161 + kartona kastes vai koka iepakojums<\/td>\n<\/tr>\n<tr>\n<td>Maks\u0101juma noteikumi<\/td>\n<td>T\/T, akredit\u012bvs<\/td>\n<\/tr>\n<tr>\n<td>Ra\u017eo\u0161anas izpildes laiks<\/td>\n<td>20 darba dienas paraugam, 25 dienas liel\u0101kajai da\u013cai<\/td>\n<\/tr>\n<tr>\n<td>Paraugi<\/td>\n<td>Parauga cenu diapazons ir no $2 l\u012bdz $100. Klienta apmaks\u0101ta eksprespiepras\u012bjuma paraugs.<\/td>\n<\/tr>\n<tr>\n<td>Pieteikums<\/td>\n<td>1. Autom\u0101tisk\u0101s vad\u012bbas iek\u0101rta 2. Pusvad\u012bt\u0101ju r\u016bpniec\u012bba 3. Visp\u0101r\u0113j\u0101s r\u016bpniec\u012bbas iek\u0101rtas 4. Medic\u012bnas iek\u0101rtas 5. Saules ener\u0123ijas iek\u0101rtas 6. Darbgalds 7. Autost\u0101vvietu sist\u0113ma 8. \u0100trgaitas dzelzce\u013ca un avi\u0101cijas transporta apr\u012bkojums utt.<\/td>\n<\/tr>\n<\/tbody>\n<\/table>\n<h2 class=\"break-words\">Skr\u016bvveida zobratu veidi (\u0161\u0137\u0113rsoti spir\u0101lveida zobrati)<\/h2>\n<div>\n<table style=\"width: 100%;\" border=\"1\" width=\"100%\" cellspacing=\"0\" cellpadding=\"0\">\n<thead class=\"border-b border-primary\/20\">\n<tr class=\"border-primary\/10\">\n<th class=\"break-words\"><strong>Kategorija<\/strong><\/th>\n<th class=\"break-words\"><strong>Materi\u0101la sast\u0101vs<\/strong><\/th>\n<th class=\"break-words\"><strong>Modu\u013cu diapazons<\/strong><\/th>\n<th class=\"break-words\"><strong>Spir\u0101les le\u0146\u0137is<\/strong><\/th>\n<th class=\"break-words\"><strong>Zobu skaits<\/strong><\/th>\n<th class=\"break-words\"><strong>Stiprums (stiepes)<\/strong><\/th>\n<th class=\"break-words\"><strong>Korozijas iztur\u012bba<\/strong><\/th>\n<th class=\"break-words\"><strong>Tipiski pielietojumi<\/strong><\/th>\n<\/tr>\n<\/thead>\n<tbody>\n<tr class=\"border-primary\/10\">\n<td class=\"break-words\"><strong>T\u0113rauda skr\u016bvju zobrati<\/strong><\/td>\n<td class=\"break-words\">Oglek\u013ca t\u0113rauds vai le\u0123\u0113tais t\u0113rauds (piem\u0113ram, AISI 1045, 4140)<\/td>\n<td class=\"break-words\">1 l\u012bdz 4<\/td>\n<td class=\"break-words\">45\u00b0 tipisks<\/td>\n<td class=\"break-words\">10 l\u012bdz 50+<\/td>\n<td class=\"break-words\">500\u20131000 MPa<\/td>\n<td class=\"break-words\">Zems l\u012bdz vid\u0113js<\/td>\n<td class=\"break-words\">R\u016bpniecisk\u0101s iek\u0101rtas, automobi\u013cu sist\u0113mas<\/td>\n<\/tr>\n<tr class=\"border-primary\/10\">\n<td class=\"break-words\"><strong>Ner\u016bs\u0113jo\u0161\u0101 t\u0113rauda skr\u016bvju zobrati<\/strong><\/td>\n<td class=\"break-words\">Ner\u016bs\u0113jo\u0161ais t\u0113rauds (piem\u0113ram, SUS303, SUS304)<\/td>\n<td class=\"break-words\">1 l\u012bdz 4<\/td>\n<td class=\"break-words\">45\u00b0 tipisks<\/td>\n<td class=\"break-words\">10 l\u012bdz 50+<\/td>\n<td class=\"break-words\">500\u2013700 MPa<\/td>\n<td class=\"break-words\">Augsts<\/td>\n<td class=\"break-words\">P\u0101rtikas iek\u0101rtas, ku\u0123u apr\u012bkojums<\/td>\n<\/tr>\n<tr class=\"border-primary\/10\">\n<td class=\"break-words\"><strong>Alum\u012bnija bronzas skr\u016bvju zobrati<\/strong><\/td>\n<td class=\"break-words\">Alum\u012bnija bronza (piem\u0113ram, CuAl10Fe5Ni5)<\/td>\n<td class=\"break-words\">1 l\u012bdz 4<\/td>\n<td class=\"break-words\">45\u00b0 tipisks<\/td>\n<td class=\"break-words\">10 l\u012bdz 50+<\/td>\n<td class=\"break-words\">600\u2013800 MPa<\/td>\n<td class=\"break-words\">\u013boti augsts<\/td>\n<td class=\"break-words\">T\u0101rpu piedzi\u0146as, koroz\u012bva vide<\/td>\n<\/tr>\n<tr class=\"border-primary\/10\">\n<td class=\"break-words\"><strong>Plastmasas skr\u016bvju zobrati<\/strong><\/td>\n<td class=\"break-words\">Neilons, acet\u0101ls vai MC neilons<\/td>\n<td class=\"break-words\">1 l\u012bdz 3<\/td>\n<td class=\"break-words\">45\u00b0 tipisks<\/td>\n<td class=\"break-words\">10 l\u012bdz 40+<\/td>\n<td class=\"break-words\">50\u2013100 MPa<\/td>\n<td class=\"break-words\">Augsts<\/td>\n<td class=\"break-words\">Vieglas sist\u0113mas, trok\u0161\u0146a jut\u012bgiem lietojumiem<\/td>\n<\/tr>\n<tr class=\"border-primary\/10\">\n<td class=\"break-words\"><strong>Met\u0101la skr\u016bvju zobrati<\/strong><\/td>\n<td class=\"break-words\">Visp\u0101r\u012bgi met\u0101li (piem\u0113ram, misi\u0146\u0161, \u010duguns)<\/td>\n<td class=\"break-words\">1 l\u012bdz 4<\/td>\n<td class=\"break-words\">45\u00b0 tipisks<\/td>\n<td class=\"break-words\">10 l\u012bdz 50+<\/td>\n<td class=\"break-words\">300\u2013800 MPa<\/td>\n<td class=\"break-words\">Main\u0101s (no zema l\u012bdz augstam)<\/td>\n<td class=\"break-words\">Visp\u0101r\u0113j\u0101 sp\u0113ka p\u0101rvade, ma\u0161\u012bnas<\/td>\n<\/tr>\n<\/tbody>\n<\/table>\n<div>\n<h3 class=\"\" dir=\"auto\">Piez\u012bmes par specifik\u0101cij\u0101m:<\/h3>\n<ol class=\"marker:text-secondary\" dir=\"auto\">\n<li class=\"break-words\"><strong>Modu\u013cu diapazons<\/strong>Modulis (zobrata zoba izm\u0113ra m\u0113rs) liel\u0101kajai da\u013cai skr\u016bvzobratu parasti ir no 1 l\u012bdz 4, lai gan atkar\u012bb\u0101 no pielietojuma var b\u016bt pieejami maz\u0101ki vai liel\u0101ki modu\u013ci.<\/li>\n<li class=\"break-words\"><strong>Spir\u0101les le\u0146\u0137is<\/strong>Skr\u016bvveida zobrati parasti izmanto 45\u00b0 spir\u0101les le\u0146\u0137i, lai nodro\u0161in\u0101tu nekrustojo\u0161u, nepareizu v\u0101rpstas kust\u012bbas p\u0101rraidi, lai gan tas var nedaudz at\u0161\u0137irties.<\/li>\n<li class=\"break-words\"><strong>Zobu skaits<\/strong>Zobu skaits ir atkar\u012bgs no zobrata izm\u0113ra un pielietojuma, parasti tas ir no 10 l\u012bdz vair\u0101k nek\u0101 50.<\/li>\n<li class=\"break-words\"><strong>Stiprums (stiepes)<\/strong>Stiepes iztur\u012bba at\u0161\u0137iras atkar\u012bb\u0101 no materi\u0101la; t\u0113rauds un alum\u012bnija bronza pied\u0101v\u0101 augstu iztur\u012bbu, savuk\u0101rt plastmasai ir zem\u0101ka iztur\u012bba, bet t\u0101 ir viegla.<\/li>\n<li class=\"break-words\"><strong>Korozijas iztur\u012bba<\/strong>Ner\u016bs\u0113jo\u0161ais t\u0113rauds un alum\u012bnija bronza lieliski darbojas koroz\u012bv\u0101 vid\u0113, savuk\u0101rt oglek\u013ca t\u0113raudam l\u012bdz\u012bgas veiktsp\u0113jas nodro\u0161in\u0101\u0161anai nepiecie\u0161ami p\u0101rkl\u0101jumi vai apstr\u0101de.<\/li>\n<li class=\"break-words\"><strong>Pieteikumi<\/strong>Katrs materi\u0101ls atbilst konkr\u0113t\u0101m vajadz\u012bb\u0101m \u2014 t\u0113rauds iztur\u012bbai, ner\u016bs\u0113jo\u0161ais t\u0113rauds higi\u0113nai, alum\u012bnija bronza nodilumiztur\u012bbai, plastmasa zemam trok\u0161\u0146a l\u012bmenim\/svaram un citi met\u0101li daudzpus\u012bbai.<\/li>\n<\/ol>\n<p class=\"break-words\" dir=\"auto\">\u0160aj\u0101 tabul\u0101 ir sniegtas spir\u0101lveida zobratu specifik\u0101cijas pa kategorij\u0101m. Lai ieg\u016btu prec\u012bzu inform\u0101ciju, l\u016bdzu. <a href=\"mailto:info@fmpcomponents.it\">e-pasts<\/a> m\u016bs.<\/p>\n<\/div>\n<\/div>\n<div>\n<h2>K\u0101p\u0113c izv\u0113l\u0113ties FMP?<\/h2>\n<p class=\"break-words\">K\u0101 uzticams ra\u017eot\u0101js, FMP Company ra\u017eo pla\u0161u sakrustoto spir\u0101lveida zobratu (skr\u016bvzobratu) kl\u0101stu, kas piem\u0113rots da\u017e\u0101diem r\u016bpnieciskiem pielietojumiem. Neatkar\u012bgi no t\u0101, vai atrodaties Mil\u0101n\u0101, kur mekl\u0113jat standarta mode\u013cus, vai Ven\u0113cij\u0101, kur nepiecie\u0161ams individu\u0101ls dizains, m\u0113s pied\u0101v\u0101jam piel\u0101go\u0161anas iesp\u0113jas, lai nodro\u0161in\u0101tu j\u016bsu iek\u0101rtu vislab\u0101ko darb\u012bbu. M\u016bsu zobrati ir prec\u012bzi konstru\u0113ti, iev\u0113rojot augst\u0101kos iztur\u012bbas un efektivit\u0101tes standartus. Ja p\u0101rl\u016bkojat m\u016bsu produktu sarakstu \u2014 neatkar\u012bgi no t\u0101, vai tas ir no Florences, Bolo\u0146as vai cit\u0101m viet\u0101m \u2014 un neatrodat tie\u0161i sev nepiecie\u0161amo modeli, esiet dro\u0161i, ka tas, visticam\u0101k, tikai gaida savu debiju m\u016bsu katalog\u0101. Vienk\u0101r\u0161i rakstiet mums e-pastu ar sav\u0101m pras\u012bb\u0101m, un m\u016bsu prasm\u012bgie in\u017eenieri atbild\u0113s 24 stundu laik\u0101 ar piel\u0101gotu risin\u0101jumu.<\/p>\n<p class=\"break-words\">FMP uz\u0146\u0113mums ir ap\u0146\u0113mies atbalst\u012bt It\u0101lijas industri\u0101lo vidi ar izcilu skr\u016bvzobratu tehnolo\u0123iju. S\u0101kot ar modernaj\u0101m Mil\u0101nas r\u016bpn\u012bc\u0101m un beidzot ar Florences v\u0113sturisko meistar\u012bbu, s\u0101kot ar Ven\u0113cijas j\u016bras inov\u0101cij\u0101m un beidzot ar Bolo\u0146as meh\u0101nisko kompetenci, m\u0113s esam \u0161eit, lai nodro\u0161in\u0101tu j\u016bsu darb\u012bbu ar uzticamiem, p\u0113c pas\u016bt\u012bjuma izgatavotiem sakrustotiem spir\u0101lveida zobratiem. Sazinieties ar mums jau \u0161odien, lai iepaz\u012btos ar m\u016bsu pied\u0101v\u0101jumu vai uzzin\u0101tu par konkr\u0113tu modeli \u2014 m\u016bsu komanda ir gatava jums nekav\u0113joties pal\u012bdz\u0113t, nodro\u0161inot, ka j\u016bsu projekti norit\u0113s atbilsto\u0161i j\u016bsu pras\u012bb\u0101m ar kvalit\u0101ti un precizit\u0101ti, ko esat peln\u012bju\u0161i.<\/p>\n<p><img loading=\"lazy\" decoding=\"async\" class=\"wp-image-7374 aligncenter\" src=\"https:\/\/fmp-components.com\/wp-content\/uploads\/2025\/03\/screw-gear-crossed-helical-gear-product-7.webp\" alt=\"skr\u016bvzobrats-\u0161\u0137\u0113rsots-spir\u0101lveida-zobrats\" width=\"932\" height=\"621\" title=\"\" srcset=\"https:\/\/fmp-components.com\/wp-content\/uploads\/2025\/03\/screw-gear-crossed-helical-gear-product-7.webp 932w, https:\/\/fmp-components.com\/wp-content\/uploads\/2025\/03\/screw-gear-crossed-helical-gear-product-7-480x320.webp 480w\" sizes=\"(min-width: 0px) and (max-width: 480px) 480px, (min-width: 481px) 932px, 100vw\" \/><\/p>\n<\/div>","protected":false},"excerpt":{"rendered":"<p>Screw Gears (Crossed Helical Gears) Screw gears, sometimes called crossed helical gears, are special gears that help move things between two shafts (like sticks that spin) that don\u2019t touch and aren\u2019t lined up straight. Regular helical gears for straight shafts have the same twist angle but twist in opposite ways. For screw gears, the twist [&hellip;]<\/p>","protected":false},"featured_media":7375,"comment_status":"open","ping_status":"closed","template":"","meta":{"_et_pb_use_builder":"","_et_pb_old_content":"","_et_gb_content_width":""},"product_brand":[],"product_cat":[108],"product_tag":[],"class_list":{"0":"post-7372","1":"product","2":"type-product","3":"status-publish","4":"has-post-thumbnail","6":"product_cat-helical-gear","8":"first","9":"instock","10":"shipping-taxable","11":"product-type-simple"},"_links":{"self":[{"href":"https:\/\/fmp-components.com\/lv\/wp-json\/wp\/v2\/product\/7372","targetHints":{"allow":["GET"]}}],"collection":[{"href":"https:\/\/fmp-components.com\/lv\/wp-json\/wp\/v2\/product"}],"about":[{"href":"https:\/\/fmp-components.com\/lv\/wp-json\/wp\/v2\/types\/product"}],"replies":[{"embeddable":true,"href":"https:\/\/fmp-components.com\/lv\/wp-json\/wp\/v2\/comments?post=7372"}],"wp:featuredmedia":[{"embeddable":true,"href":"https:\/\/fmp-components.com\/lv\/wp-json\/wp\/v2\/media\/7375"}],"wp:attachment":[{"href":"https:\/\/fmp-components.com\/lv\/wp-json\/wp\/v2\/media?parent=7372"}],"wp:term":[{"taxonomy":"product_brand","embeddable":true,"href":"https:\/\/fmp-components.com\/lv\/wp-json\/wp\/v2\/product_brand?post=7372"},{"taxonomy":"product_cat","embeddable":true,"href":"https:\/\/fmp-components.com\/lv\/wp-json\/wp\/v2\/product_cat?post=7372"},{"taxonomy":"product_tag","embeddable":true,"href":"https:\/\/fmp-components.com\/lv\/wp-json\/wp\/v2\/product_tag?post=7372"}],"curies":[{"name":"wp","href":"https:\/\/api.w.org\/{rel}","templated":true}]}}