{"id":7369,"date":"2025-03-24T02:45:01","date_gmt":"2025-03-24T02:45:01","guid":{"rendered":"https:\/\/fmp-components.com\/?post_type=product&#038;p=7369"},"modified":"2025-03-26T08:42:56","modified_gmt":"2025-03-26T08:42:56","slug":"mining-machinery-carburized-helical-gear","status":"publish","type":"product","link":"https:\/\/fmp-components.com\/lv\/product\/mining-machinery-carburized-helical-gear\/","title":{"rendered":"Kalnr\u016bpniec\u012bbas ma\u0161\u012bnu karburiz\u0113ts spir\u0101lveida zobrats"},"content":{"rendered":"<div class=\"sliderTable mt10 mb10 sliderTable-index0 change-to-org\">\n<div class=\"inner\">\n<div>\n<p class=\"break-words\">K\u0101 vado\u0161ais ra\u017eot\u0101js nozar\u0113, FMP uz\u0146\u0113mums specializ\u0113jas pla\u0161a kl\u0101sta kalnr\u016bpniec\u012bbas iek\u0101rtu karburiz\u0113tu ra\u017eo\u0161an\u0101. <a href=\"https:\/\/fmp-components.com\/lv\/helical-gears\/\">Spir\u0101lveida zobrati<\/a> izstr\u0101d\u0101ti, lai apmierin\u0101tu kalnr\u016bpniec\u012bbas nozares augst\u0101s pras\u012bbas. M\u016bsu zobrati ir izgatavoti prec\u012bzi, izmantojot progres\u012bvas cement\u0113\u0161anas metodes, lai nodro\u0161in\u0101tu izcilu iztur\u012bbu, stipr\u012bbu un veiktsp\u0113ju ekstrem\u0101los apst\u0101k\u013cos. Neatkar\u012bgi no t\u0101, vai jums nepiecie\u0161ami standarta mode\u013ci vai individu\u0101li risin\u0101jumi, FMP pied\u0101v\u0101 piel\u0101gotas iesp\u0113jas, kas piel\u0101gotas j\u016bsu \u012bpa\u0161aj\u0101m pras\u012bb\u0101m, nodro\u0161inot optim\u0101lu efektivit\u0101ti un uzticam\u012bbu j\u016bsu kalnr\u016bpniec\u012bbas iek\u0101rt\u0101m.<\/p>\n<p class=\"break-words\">Uz\u0146\u0113mum\u0101 FMP m\u0113s lepojamies ar savu pla\u0161o produktu kl\u0101stu, ta\u010du, ja m\u016bsu katalog\u0101 neatrodat tie\u0161i jums nepiecie\u0161amo kalnr\u016bpniec\u012bbas iek\u0101rtu cement\u0113to spir\u0101lveida zobratu modeli, nav j\u0101uztraucas \u2014 tas vienk\u0101r\u0161i noz\u012bm\u0113, ka mums v\u0113l nav bijusi iesp\u0113ja tos iek\u013caut sarakst\u0101. M\u0113s iesak\u0101m sazin\u0101ties ar mums pa e-pastu, nor\u0101dot inform\u0101ciju par mekl\u0113to modeli. M\u016bsu \u012bpa\u0161\u0101 in\u017eenieru komanda atbild\u0113s 24 stundu laik\u0101, sniedzot profesion\u0101lus nor\u0101d\u012bjumus un risin\u0101jumus j\u016bsu vajadz\u012bb\u0101m, nodro\u0161inot, ka j\u016bs sa\u0146emat perfektu zobratu savam pielietojumam.<\/p>\n<p><img loading=\"lazy\" decoding=\"async\" class=\"wp-image-7378 aligncenter\" src=\"https:\/\/fmp-components.com\/wp-content\/uploads\/2025\/03\/Mining-Machinery-Carburized-Helical-Gear-1.webp\" alt=\"Kalnr\u016bpniec\u012bbas ma\u0161\u012bnu karburiz\u0113ts spir\u0101lveida zobrats\" width=\"899\" height=\"600\" title=\"\" srcset=\"https:\/\/fmp-components.com\/wp-content\/uploads\/2025\/03\/Mining-Machinery-Carburized-Helical-Gear-1.webp 899w, https:\/\/fmp-components.com\/wp-content\/uploads\/2025\/03\/Mining-Machinery-Carburized-Helical-Gear-1-480x320.webp 480w\" sizes=\"(min-width: 0px) and (max-width: 480px) 480px, (min-width: 481px) 899px, 100vw\" \/><\/p>\n<\/div>\n<h2>Specifik\u0101cija<\/h2>\n<table border=\"1\" width=\"100%\">\n<tbody>\n<tr class=\"firstRow\">\n<th colspan=\"2\" valign=\"top\">P\u0101rnesumu pamatdati<\/th>\n<\/tr>\n<tr>\n<td valign=\"center\">Zobrata zobu forma<\/td>\n<td valign=\"center\">evolv\u0113ts<\/td>\n<\/tr>\n<tr>\n<td valign=\"center\">Zobratu materi\u0101ls<\/td>\n<td valign=\"center\">18CrNiMo6<\/td>\n<\/tr>\n<tr>\n<td valign=\"center\">P\u0101rnesumu process<\/td>\n<td valign=\"center\">kal\u0161ana, cement\u0113\u0161ana, plakne un iek\u0161\u0113j\u0101 sl\u012bp\u0113\u0161ana, zobu sl\u012bp\u0113\u0161ana, l\u012bnijas grie\u0161ana<\/td>\n<\/tr>\n<tr>\n<td valign=\"center\">Spiediena le\u0146\u0137is<\/td>\n<td valign=\"center\">20\u00b0<\/td>\n<\/tr>\n<tr>\n<td valign=\"center\">Kvalit\u0101tes l\u012bmenis<\/td>\n<td valign=\"center\">DIN 3962 6. klase<\/td>\n<\/tr>\n<tr>\n<td valign=\"center\">P\u0101rnesumu tips<\/td>\n<td valign=\"center\">M=9, Z=33, a=20\u00b0, \u03b2=8\u00b0, x=0,2, labrocis<\/td>\n<\/tr>\n<\/tbody>\n<\/table>\n<\/div>\n<\/div>\n<h3>Zobratu\/splina iesp\u0113jas<\/h3>\n<div class=\"sliderTable mt10 mb10 sliderTable-index1 change-to-org\">\n<div class=\"inner\">\n<table border=\"1\" width=\"100%\">\n<tbody>\n<tr class=\"firstRow\">\n<th colspan=\"4\" valign=\"top\">Iek\u0161\u0113jie zobrati un iek\u0161\u0113j\u0101s rievas<\/th>\n<\/tr>\n<tr>\n<td valign=\"top\"><\/td>\n<td valign=\"top\">Fr\u0113z\u0113\u0161ana<\/td>\n<td valign=\"top\">VEIDO\u0160ANA<\/td>\n<td valign=\"top\">ZOBU GRIE\u0160ANA<\/td>\n<\/tr>\n<tr>\n<td valign=\"top\">Maksim\u0101lais OD<\/td>\n<td valign=\"top\">2500 mm<\/td>\n<td valign=\"top\">2500 mm<\/td>\n<td valign=\"top\">2500 mm<\/td>\n<\/tr>\n<tr>\n<td valign=\"top\">Minim\u0101l\u0101 identifik\u0101cijas inform\u0101cija<\/td>\n<td valign=\"top\">650 mm<\/td>\n<td valign=\"top\">50 mm<\/td>\n<td valign=\"top\">100 mm<\/td>\n<\/tr>\n<tr>\n<td valign=\"top\">Maksim\u0101lais sejas platums<\/td>\n<td valign=\"top\">500 mm<\/td>\n<td valign=\"top\">500 mm<\/td>\n<td valign=\"top\">500 mm<\/td>\n<\/tr>\n<tr>\n<td valign=\"top\">Maksim\u0101lais diametr\u0101lais solis<\/td>\n<td valign=\"top\">DP 1<\/td>\n<td valign=\"top\">DP 1<\/td>\n<td valign=\"top\">DP 0,5<\/td>\n<\/tr>\n<tr>\n<td valign=\"top\">Maksim\u0101lais modulis<\/td>\n<td valign=\"top\">26 mm<\/td>\n<td valign=\"top\">26 mm<\/td>\n<td valign=\"top\">45 mm<\/td>\n<\/tr>\n<tr>\n<td valign=\"top\">AGMA l\u012bmenis\/DIN l\u012bmenis<\/td>\n<td valign=\"top\">DIN 8. klase<\/td>\n<td valign=\"top\">DIN 8. klase<\/td>\n<td valign=\"top\">DIN 4. klase<\/td>\n<\/tr>\n<tr>\n<td valign=\"top\">Zobu virsmas apdare<\/td>\n<td valign=\"top\">Ra 3.2<\/td>\n<td valign=\"top\">Ra 3.2<\/td>\n<td valign=\"top\">Ra 0,6<\/td>\n<\/tr>\n<tr>\n<td valign=\"top\">Maksim\u0101lais spir\u0101les le\u0146\u0137is<\/td>\n<td valign=\"top\">\u00b122,5\u00b0<\/td>\n<td valign=\"top\">\u00b122,5\u00b0<\/td>\n<td valign=\"top\">\u00b145\u00b0<\/td>\n<\/tr>\n<tr>\n<th colspan=\"4\" valign=\"top\">\u0100r\u0113jie zobrati un \u0101r\u0113jie rievas<\/th>\n<\/tr>\n<tr>\n<td valign=\"top\"><\/td>\n<td valign=\"top\">HOBBING<\/td>\n<td valign=\"top\">Fr\u0113z\u0113\u0161ana<\/td>\n<td valign=\"top\">ZOBU GRIE\u0160ANA<\/td>\n<\/tr>\n<tr>\n<td valign=\"top\">Maksim\u0101lais OD<\/td>\n<td valign=\"top\">1250 mm<\/td>\n<td valign=\"top\">2500 mm<\/td>\n<td valign=\"top\">2500 mm<\/td>\n<\/tr>\n<tr>\n<td valign=\"top\">Minim\u0101lais OD<\/td>\n<td valign=\"top\">20 mm<\/td>\n<td valign=\"top\">200 mm<\/td>\n<td valign=\"top\">20 mm<\/td>\n<\/tr>\n<tr>\n<td valign=\"top\">Maksim\u0101lais sejas platums<\/td>\n<td valign=\"top\">500 mm<\/td>\n<td valign=\"top\">500 mm<\/td>\n<td valign=\"top\">1480 mm<\/td>\n<\/tr>\n<tr>\n<td valign=\"top\">Maksim\u0101lais diametr\u0101lais solis<\/td>\n<td valign=\"top\">DP 1<\/td>\n<td valign=\"top\">DP 1<\/td>\n<td valign=\"top\">DP 0,5<\/td>\n<\/tr>\n<tr>\n<td valign=\"top\">Maksim\u0101lais modulis<\/td>\n<td valign=\"top\">26 mm<\/td>\n<td valign=\"top\">26 mm<\/td>\n<td valign=\"top\">45 mm<\/td>\n<\/tr>\n<tr>\n<td valign=\"top\">AGMA l\u012bmenis\/DIN l\u012bmenis<\/td>\n<td valign=\"top\">DIN 8. klase<\/td>\n<td valign=\"top\">DIN 8. klase<\/td>\n<td valign=\"top\">DIN 4. klase<\/td>\n<\/tr>\n<tr>\n<td valign=\"top\">Zobu virsmas apdare<\/td>\n<td valign=\"top\">Ra 3.2<\/td>\n<td valign=\"top\">Ra 3.2<\/td>\n<td valign=\"top\">Ra 0,6<\/td>\n<\/tr>\n<tr>\n<td valign=\"top\">Maksim\u0101lais spir\u0101les le\u0146\u0137is<\/td>\n<td valign=\"top\">\u00b145\u00b0<\/td>\n<td valign=\"top\">\u00b145\u00b0<\/td>\n<td valign=\"top\">\u00b145\u00b0<\/td>\n<\/tr>\n<\/tbody>\n<\/table>\n<\/div>\n<\/div>","protected":false},"excerpt":{"rendered":"<ul class=\"pro-info-list fix\">\n<li class=\"prod-specifics-brand\"><label>Zobrata zobu forma:\u00a0<\/label>evolv\u0113ts<\/li>\n<li class=\"prod-specifics-brand\"><label>Zobratu materi\u0101ls:<\/label>18CrNiMo6<\/li>\n<li class=\"prod-specifics-brand\"><label>Spiediena le\u0146\u0137is:<\/label>20\u00b0<\/li>\n<li class=\"prod-specifics-brand\"><label>Kvalit\u0101tes l\u012bmenis:\u00a0<\/label>DIN 3962 6. klase<\/li>\n<\/ul>","protected":false},"featured_media":4595,"comment_status":"open","ping_status":"closed","template":"","meta":{"_et_pb_use_builder":"","_et_pb_old_content":"","_et_gb_content_width":""},"product_brand":[],"product_cat":[108],"product_tag":[],"class_list":{"0":"post-7369","1":"product","2":"type-product","3":"status-publish","4":"has-post-thumbnail","6":"product_cat-helical-gear","8":"first","9":"instock","10":"shipping-taxable","11":"product-type-simple"},"_links":{"self":[{"href":"https:\/\/fmp-components.com\/lv\/wp-json\/wp\/v2\/product\/7369","targetHints":{"allow":["GET"]}}],"collection":[{"href":"https:\/\/fmp-components.com\/lv\/wp-json\/wp\/v2\/product"}],"about":[{"href":"https:\/\/fmp-components.com\/lv\/wp-json\/wp\/v2\/types\/product"}],"replies":[{"embeddable":true,"href":"https:\/\/fmp-components.com\/lv\/wp-json\/wp\/v2\/comments?post=7369"}],"wp:featuredmedia":[{"embeddable":true,"href":"https:\/\/fmp-components.com\/lv\/wp-json\/wp\/v2\/media\/4595"}],"wp:attachment":[{"href":"https:\/\/fmp-components.com\/lv\/wp-json\/wp\/v2\/media?parent=7369"}],"wp:term":[{"taxonomy":"product_brand","embeddable":true,"href":"https:\/\/fmp-components.com\/lv\/wp-json\/wp\/v2\/product_brand?post=7369"},{"taxonomy":"product_cat","embeddable":true,"href":"https:\/\/fmp-components.com\/lv\/wp-json\/wp\/v2\/product_cat?post=7369"},{"taxonomy":"product_tag","embeddable":true,"href":"https:\/\/fmp-components.com\/lv\/wp-json\/wp\/v2\/product_tag?post=7369"}],"curies":[{"name":"wp","href":"https:\/\/api.w.org\/{rel}","templated":true}]}}