{"id":7367,"date":"2025-03-24T02:34:28","date_gmt":"2025-03-24T02:34:28","guid":{"rendered":"https:\/\/fmp-components.com\/?post_type=product&#038;p=7367"},"modified":"2025-03-26T08:43:11","modified_gmt":"2025-03-26T08:43:11","slug":"metallurgy-machinery-soft-tooth-flank-helical-gear","status":"publish","type":"product","link":"https:\/\/fmp-components.com\/lv\/product\/metallurgy-machinery-soft-tooth-flank-helical-gear\/","title":{"rendered":"Metalur\u0123ijas ma\u0161\u012bnu m\u012bksto zobu s\u0101nu spir\u0101lveida zobrats"},"content":{"rendered":"<div class=\"sliderTable mt10 mb10 sliderTable-index0 change-to-org\">\n<div class=\"inner\">\n<p>K\u0101 vado\u0161ais ra\u017eot\u0101js nozar\u0113, FMP uz\u0146\u0113mums specializ\u0113jas pla\u0161a kl\u0101sta metalur\u0123ijas iek\u0101rtu m\u012bkstzobu spir\u0101lveida zobratu ra\u017eo\u0161an\u0101, kas paredz\u0113ti da\u017e\u0101d\u0101m r\u016bpniec\u012bbas vajadz\u012bb\u0101m. M\u016bsu produkti ir prec\u012bzi izstr\u0101d\u0101ti, nodro\u0161inot optim\u0101lu veiktsp\u0113ju, iztur\u012bbu un efektivit\u0101ti t\u0101d\u0101s lietojumprogramm\u0101s k\u0101 smag\u0101s ma\u0161\u012bnas, kalnr\u016bpniec\u012bbas iek\u0101rtas un metalur\u0123ijas apstr\u0101des sist\u0113mas. Neatkar\u012bgi no t\u0101, vai jums ir nepiecie\u0161amas standarta specifik\u0101cijas vai unik\u0101li dizaini, kas piel\u0101goti j\u016bsu darb\u012bbai, FMP pied\u0101v\u0101 piel\u0101go\u0161anas pakalpojumus, lai pieg\u0101d\u0101tu zobratus, kas lieliski atbilst j\u016bsu pras\u012bb\u0101m, uzlabojot produktivit\u0101ti un samazinot d\u012bkst\u0101ves laiku.<\/p>\n<p>Ja neatrodat konkr\u0113to metalur\u0123ijas iek\u0101rtu m\u012bksto zobu s\u0101nu modeli <a href=\"https:\/\/fmp-components.com\/lv\/helical-gears\/\">Spir\u0101lveida p\u0101rnesums<\/a> Ja mekl\u0113jat m\u016bsu produktu sarakst\u0101, neuztraucieties \u2014 iesp\u0113jams, mums v\u0113l nav bijusi iesp\u0113ja to atjaunin\u0101t. FMP m\u0113s esam ap\u0146\u0113mu\u0161ies apmierin\u0101t j\u016bsu vajadz\u012bbas, t\u0101p\u0113c, l\u016bdzu, rakstiet mums e-pastu ar inform\u0101ciju par nepiecie\u0161amo modeli. M\u016bsu \u012bpa\u0161i atlas\u012bt\u0101 in\u017eenieru komanda atbild\u0113s 24 stundu laik\u0101, sniedzot profesion\u0101lus nor\u0101d\u012bjumus un risin\u0101jumus, lai nodro\u0161in\u0101tu, ka sa\u0146emat tie\u0161i t\u0101du produktu, k\u0101ds nepiecie\u0161ams j\u016bsu projektam. Sazinieties ar mums jau \u0161odien, lai uzzin\u0101tu, k\u0101 FMP var atbalst\u012bt j\u016bsu biznesu ar augst\u0101k\u0101s kvalit\u0101tes spir\u0101lveida zobratiem!<\/p>\n<h2>Specifik\u0101cija<\/h2>\n<table border=\"1\" width=\"100%\">\n<tbody>\n<tr class=\"firstRow\">\n<th colspan=\"2\" valign=\"top\">P\u0101rnesumu pamatdati<\/th>\n<\/tr>\n<tr>\n<td valign=\"center\">Zobrata zobu forma<\/td>\n<td valign=\"center\">evolv\u0113ts<\/td>\n<\/tr>\n<tr>\n<td valign=\"center\">Zobratu materi\u0101ls<\/td>\n<td valign=\"center\">45<\/td>\n<\/tr>\n<tr>\n<td valign=\"center\">P\u0101rnesumu process<\/td>\n<td valign=\"center\">kal\u0161ana, virpo\u0161ana, fr\u0113z\u0113\u0161ana, \u0101r\u0113j\u0101 sl\u012bp\u0113\u0161ana, rievu fr\u0113z\u0113\u0161ana, zobu sl\u012bp\u0113\u0161ana<\/td>\n<\/tr>\n<tr>\n<td valign=\"center\">Spiediena le\u0146\u0137is<\/td>\n<td valign=\"center\">20\u00b0<\/td>\n<\/tr>\n<tr>\n<td valign=\"center\">Kvalit\u0101tes l\u012bmenis<\/td>\n<td valign=\"center\">DIN 3962 6. klase<\/td>\n<\/tr>\n<tr>\n<td valign=\"center\">P\u0101rnesumu tips<\/td>\n<td valign=\"center\">Mn=3, Z=128, \u03b2=11,5\u00b0, \u03b1=20\u00b0, kreilis<\/td>\n<\/tr>\n<\/tbody>\n<\/table>\n<\/div>\n<\/div>\n<p><strong>Zobratu\/splina iesp\u0113jas<\/strong><\/p>\n<div class=\"sliderTable mt10 mb10 sliderTable-index1 change-to-org\">\n<div class=\"inner\">\n<table border=\"1\" width=\"100%\">\n<tbody>\n<tr class=\"firstRow\">\n<th colspan=\"4\" valign=\"top\">Iek\u0161\u0113jie zobrati un iek\u0161\u0113j\u0101s rievas<\/th>\n<\/tr>\n<tr>\n<td valign=\"top\"><\/td>\n<td valign=\"top\">Fr\u0113z\u0113\u0161ana<\/td>\n<td valign=\"top\">VEIDO\u0160ANA<\/td>\n<td valign=\"top\">ZOBU GRIE\u0160ANA<\/td>\n<\/tr>\n<tr>\n<td valign=\"top\">Maksim\u0101lais OD<\/td>\n<td valign=\"top\">2500 mm<\/td>\n<td valign=\"top\">2500 mm<\/td>\n<td valign=\"top\">2500 mm<\/td>\n<\/tr>\n<tr>\n<td valign=\"top\">Minim\u0101l\u0101 identifik\u0101cijas inform\u0101cija<\/td>\n<td valign=\"top\">650 mm<\/td>\n<td valign=\"top\">50 mm<\/td>\n<td valign=\"top\">100 mm<\/td>\n<\/tr>\n<tr>\n<td valign=\"top\">Maksim\u0101lais sejas platums<\/td>\n<td valign=\"top\">500 mm<\/td>\n<td valign=\"top\">500 mm<\/td>\n<td valign=\"top\">500 mm<\/td>\n<\/tr>\n<tr>\n<td valign=\"top\">Maksim\u0101lais diametr\u0101lais solis<\/td>\n<td valign=\"top\">DP 1<\/td>\n<td valign=\"top\">DP 1<\/td>\n<td valign=\"top\">DP 0,5<\/td>\n<\/tr>\n<tr>\n<td valign=\"top\">Maksim\u0101lais modulis<\/td>\n<td valign=\"top\">26 mm<\/td>\n<td valign=\"top\">26 mm<\/td>\n<td valign=\"top\">45 mm<\/td>\n<\/tr>\n<tr>\n<td valign=\"top\">AGMA l\u012bmenis\/DIN l\u012bmenis<\/td>\n<td valign=\"top\">DIN 8. klase<\/td>\n<td valign=\"top\">DIN 8. klase<\/td>\n<td valign=\"top\">DIN 4. klase<\/td>\n<\/tr>\n<tr>\n<td valign=\"top\">Zobu virsmas apdare<\/td>\n<td valign=\"top\">Ra 3.2<\/td>\n<td valign=\"top\">Ra 3.2<\/td>\n<td valign=\"top\">Ra 0,6<\/td>\n<\/tr>\n<tr>\n<td valign=\"top\">Maksim\u0101lais spir\u0101les le\u0146\u0137is<\/td>\n<td valign=\"top\">\u00b122,5\u00b0<\/td>\n<td valign=\"top\">\u00b122,5\u00b0<\/td>\n<td valign=\"top\">\u00b145\u00b0<\/td>\n<\/tr>\n<tr>\n<th colspan=\"4\" valign=\"top\">\u0100r\u0113jie zobrati un \u0101r\u0113jie rievas<\/th>\n<\/tr>\n<tr>\n<td valign=\"top\"><\/td>\n<td valign=\"top\">HOBBING<\/td>\n<td valign=\"top\">Fr\u0113z\u0113\u0161ana<\/td>\n<td valign=\"top\">ZOBU GRIE\u0160ANA<\/td>\n<\/tr>\n<tr>\n<td valign=\"top\">Maksim\u0101lais OD<\/td>\n<td valign=\"top\">1250 mm<\/td>\n<td valign=\"top\">2500 mm<\/td>\n<td valign=\"top\">2500 mm<\/td>\n<\/tr>\n<tr>\n<td valign=\"top\">Minim\u0101lais OD<\/td>\n<td valign=\"top\">20 mm<\/td>\n<td valign=\"top\">200 mm<\/td>\n<td valign=\"top\">20 mm<\/td>\n<\/tr>\n<tr>\n<td valign=\"top\">Maksim\u0101lais sejas platums<\/td>\n<td valign=\"top\">500 mm<\/td>\n<td valign=\"top\">500 mm<\/td>\n<td valign=\"top\">1480 mm<\/td>\n<\/tr>\n<tr>\n<td valign=\"top\">Maksim\u0101lais diametr\u0101lais solis<\/td>\n<td valign=\"top\">DP 1<\/td>\n<td valign=\"top\">DP 1<\/td>\n<td valign=\"top\">DP 0,5<\/td>\n<\/tr>\n<tr>\n<td valign=\"top\">Maksim\u0101lais modulis<\/td>\n<td valign=\"top\">26 mm<\/td>\n<td valign=\"top\">26 mm<\/td>\n<td valign=\"top\">45 mm<\/td>\n<\/tr>\n<tr>\n<td valign=\"top\">AGMA l\u012bmenis\/DIN l\u012bmenis<\/td>\n<td valign=\"top\">DIN 8. klase<\/td>\n<td valign=\"top\">DIN 8. klase<\/td>\n<td valign=\"top\">DIN 4. klase<\/td>\n<\/tr>\n<tr>\n<td valign=\"top\">Zobu virsmas apdare<\/td>\n<td valign=\"top\">Ra 3.2<\/td>\n<td valign=\"top\">Ra 3.2<\/td>\n<td valign=\"top\">Ra 0,6<\/td>\n<\/tr>\n<tr>\n<td valign=\"top\">Maksim\u0101lais spir\u0101les le\u0146\u0137is<\/td>\n<td valign=\"top\">\u00b145\u00b0<\/td>\n<td valign=\"top\">\u00b145\u00b0<\/td>\n<td valign=\"top\">\u00b145\u00b0<\/td>\n<\/tr>\n<\/tbody>\n<\/table>\n<\/div>\n<\/div>","protected":false},"excerpt":{"rendered":"<ul class=\"pro-info-list fix\">\n<li class=\"prod-specifics-brand\"><label>Zobrata zobu forma:\u00a0<\/label>evolv\u0113ts<\/li>\n<li class=\"prod-specifics-brand\"><label>Zobratu materi\u0101ls:<\/label>45<\/li>\n<li class=\"prod-specifics-brand\"><label>Spiediena le\u0146\u0137is:<\/label>20\u00b0<\/li>\n<li class=\"prod-specifics-brand\"><label>Kvalit\u0101tes l\u012bmenis:\u00a0<\/label>DIN 3962 6. klase<\/li>\n<\/ul>","protected":false},"featured_media":4594,"comment_status":"open","ping_status":"closed","template":"","meta":{"_et_pb_use_builder":"","_et_pb_old_content":"","_et_gb_content_width":""},"product_brand":[],"product_cat":[108],"product_tag":[],"class_list":{"0":"post-7367","1":"product","2":"type-product","3":"status-publish","4":"has-post-thumbnail","6":"product_cat-helical-gear","8":"first","9":"instock","10":"shipping-taxable","11":"product-type-simple"},"_links":{"self":[{"href":"https:\/\/fmp-components.com\/lv\/wp-json\/wp\/v2\/product\/7367","targetHints":{"allow":["GET"]}}],"collection":[{"href":"https:\/\/fmp-components.com\/lv\/wp-json\/wp\/v2\/product"}],"about":[{"href":"https:\/\/fmp-components.com\/lv\/wp-json\/wp\/v2\/types\/product"}],"replies":[{"embeddable":true,"href":"https:\/\/fmp-components.com\/lv\/wp-json\/wp\/v2\/comments?post=7367"}],"wp:featuredmedia":[{"embeddable":true,"href":"https:\/\/fmp-components.com\/lv\/wp-json\/wp\/v2\/media\/4594"}],"wp:attachment":[{"href":"https:\/\/fmp-components.com\/lv\/wp-json\/wp\/v2\/media?parent=7367"}],"wp:term":[{"taxonomy":"product_brand","embeddable":true,"href":"https:\/\/fmp-components.com\/lv\/wp-json\/wp\/v2\/product_brand?post=7367"},{"taxonomy":"product_cat","embeddable":true,"href":"https:\/\/fmp-components.com\/lv\/wp-json\/wp\/v2\/product_cat?post=7367"},{"taxonomy":"product_tag","embeddable":true,"href":"https:\/\/fmp-components.com\/lv\/wp-json\/wp\/v2\/product_tag?post=7367"}],"curies":[{"name":"wp","href":"https:\/\/api.w.org\/{rel}","templated":true}]}}