{"id":7364,"date":"2025-03-24T02:21:03","date_gmt":"2025-03-24T02:21:03","guid":{"rendered":"https:\/\/fmp-components.com\/?post_type=product&#038;p=7364"},"modified":"2025-03-26T08:43:59","modified_gmt":"2025-03-26T08:43:59","slug":"high-speed-train-locomotive-hard-tooth-flank-helical-gear","status":"publish","type":"product","link":"https:\/\/fmp-components.com\/lv\/product\/high-speed-train-locomotive-hard-tooth-flank-helical-gear\/","title":{"rendered":"\u0100trgaitas vilciena lokomot\u012bves cieto zobu s\u0101nu spir\u0101lveida zobrats"},"content":{"rendered":"<div class=\"sliderTable mt10 mb10 sliderTable-index0 change-to-org\">\n<div class=\"inner\">\n<h2>Cietzobu s\u0101nu spir\u0101lveida zobratu loma \u0101trgaitas vilcienu lokomot\u012bv\u0113s<\/h2>\n<div>\u0100trgaitas vilcienu lokomot\u012bv\u0113m ir nepiecie\u0161ami p\u0101rnesumi, kas sp\u0113j iztur\u0113t ekstrem\u0101lus ekspluat\u0101cijas apst\u0101k\u013cus, vienlaikus saglab\u0101jot vienm\u0113r\u012bgu un efekt\u012bvu darb\u012bbu. Cieta zobu mala <a href=\"https:\/\/fmp-components.com\/lv\/helical-gears\/\">spir\u0101lveida zobrati<\/a> ir optim\u0101ls risin\u0101jums \u0161iem pielietojumiem, pateicoties to izcilajai iztur\u012bbai, precizit\u0101tei un sp\u0113jai iztur\u0113t lielas slodzes un \u0101trumus. \u0160ie p\u0101rnesumi ir \u012bpa\u0161i izstr\u0101d\u0101ti, lai samazin\u0101tu troksni un vibr\u0101ciju, uzlabojot pasa\u017eieru komfortu, vienlaikus nodro\u0161inot \u0101trgaitas dzelzce\u013ca sist\u0113mu uzticam\u012bbu. To iztur\u012bg\u0101 konstrukcija ar\u012b samazina nepiecie\u0161am\u012bbu p\u0113c bie\u017eas apkopes, padarot tos par b\u016btisku sast\u0101vda\u013cu m\u016bsdienu lokomot\u012bvju ilgm\u016b\u017e\u012bbai un uzticam\u012bbai.<\/div>\n<h2>Specifik\u0101cija<\/h2>\n<table border=\"1\" width=\"100%\">\n<tbody>\n<tr class=\"firstRow\">\n<th colspan=\"2\" valign=\"top\">P\u0101rnesumu pamatdati<\/th>\n<\/tr>\n<tr>\n<td valign=\"center\">Zobrata zobu forma<\/td>\n<td valign=\"center\">evolv\u0113ts<\/td>\n<\/tr>\n<tr>\n<td valign=\"center\">Zobratu materi\u0101ls<\/td>\n<td valign=\"center\">17CrNiMo6<\/td>\n<\/tr>\n<tr>\n<td valign=\"center\">P\u0101rnesumu process<\/td>\n<td valign=\"center\">kal\u0161ana, virpo\u0161ana, fr\u0113z\u0113\u0161ana, cement\u0113\u0161ana, \u0101r\u0113j\u0101 sl\u012bp\u0113\u0161ana, zobu sl\u012bp\u0113\u0161ana<\/td>\n<\/tr>\n<tr>\n<td valign=\"center\">Spiediena le\u0146\u0137is<\/td>\n<td valign=\"center\">20\u00b0<\/td>\n<\/tr>\n<tr>\n<td valign=\"center\">Kvalit\u0101tes l\u012bmenis<\/td>\n<td valign=\"center\">DIN 3962 6. klase<\/td>\n<\/tr>\n<tr>\n<td valign=\"center\">P\u0101rnesumu tips<\/td>\n<td valign=\"center\">Mn=4, Z=132, \u03b2=18\u00b0<\/td>\n<\/tr>\n<\/tbody>\n<\/table>\n<\/div>\n<\/div>\n<p><strong>ZOBRAUKTU\/RIEVU IESP\u0112JAS<\/strong><\/p>\n<div class=\"sliderTable mt10 mb10 sliderTable-index1 change-to-org\">\n<div class=\"inner\">\n<table border=\"1\" width=\"100%\">\n<tbody>\n<tr class=\"firstRow\">\n<th colspan=\"4\" valign=\"top\">Iek\u0161\u0113jie zobrati un iek\u0161\u0113j\u0101s rievas<\/th>\n<\/tr>\n<tr>\n<td valign=\"top\"><\/td>\n<td valign=\"top\">Fr\u0113z\u0113\u0161ana<\/td>\n<td valign=\"top\">VEIDO\u0160ANA<\/td>\n<td valign=\"top\">ZOBU GRIE\u0160ANA<\/td>\n<\/tr>\n<tr>\n<td valign=\"top\">Maksim\u0101lais OD<\/td>\n<td valign=\"top\">2500 mm<\/td>\n<td valign=\"top\">2500 mm<\/td>\n<td valign=\"top\">2500 mm<\/td>\n<\/tr>\n<tr>\n<td valign=\"top\">Minim\u0101l\u0101 identifik\u0101cijas inform\u0101cija<\/td>\n<td valign=\"top\">650 mm<\/td>\n<td valign=\"top\">50 mm<\/td>\n<td valign=\"top\">100 mm<\/td>\n<\/tr>\n<tr>\n<td valign=\"top\">Maksim\u0101lais sejas platums<\/td>\n<td valign=\"top\">500 mm<\/td>\n<td valign=\"top\">500 mm<\/td>\n<td valign=\"top\">500 mm<\/td>\n<\/tr>\n<tr>\n<td valign=\"top\">Maksim\u0101lais diametr\u0101lais solis<\/td>\n<td valign=\"top\">DP 1<\/td>\n<td valign=\"top\">DP 1<\/td>\n<td valign=\"top\">DP 0,5<\/td>\n<\/tr>\n<tr>\n<td valign=\"top\">Maksim\u0101lais modulis<\/td>\n<td valign=\"top\">26 mm<\/td>\n<td valign=\"top\">26 mm<\/td>\n<td valign=\"top\">45 mm<\/td>\n<\/tr>\n<tr>\n<td valign=\"top\">AGMA l\u012bmenis\/DIN l\u012bmenis<\/td>\n<td valign=\"top\">DIN 8. klase<\/td>\n<td valign=\"top\">DIN 8. klase<\/td>\n<td valign=\"top\">DIN 4. klase<\/td>\n<\/tr>\n<tr>\n<td valign=\"top\">Zobu virsmas apdare<\/td>\n<td valign=\"top\">Ra 3.2<\/td>\n<td valign=\"top\">Ra 3.2<\/td>\n<td valign=\"top\">Ra 0,6<\/td>\n<\/tr>\n<tr>\n<td valign=\"top\">Maksim\u0101lais spir\u0101les le\u0146\u0137is<\/td>\n<td valign=\"top\">\u00b122,5\u00b0<\/td>\n<td valign=\"top\">\u00b122,5\u00b0<\/td>\n<td valign=\"top\">\u00b145\u00b0<\/td>\n<\/tr>\n<tr>\n<th colspan=\"4\" valign=\"top\">\u0100R\u0112JIE ZOBRATI UN \u0100R\u0112JIE RIEBI<\/th>\n<\/tr>\n<tr>\n<td valign=\"top\"><\/td>\n<td valign=\"top\">HOBBING<\/td>\n<td valign=\"top\">Fr\u0113z\u0113\u0161ana<\/td>\n<td valign=\"top\">ZOBU GRIE\u0160ANA<\/td>\n<\/tr>\n<tr>\n<td valign=\"top\">Maksim\u0101lais OD<\/td>\n<td valign=\"top\">1250 mm<\/td>\n<td valign=\"top\">2500 mm<\/td>\n<td valign=\"top\">2500 mm<\/td>\n<\/tr>\n<tr>\n<td valign=\"top\">Minim\u0101lais OD<\/td>\n<td valign=\"top\">20 mm<\/td>\n<td valign=\"top\">200 mm<\/td>\n<td valign=\"top\">20 mm<\/td>\n<\/tr>\n<tr>\n<td valign=\"top\">Maksim\u0101lais sejas platums<\/td>\n<td valign=\"top\">500 mm<\/td>\n<td valign=\"top\">500 mm<\/td>\n<td valign=\"top\">1480 mm<\/td>\n<\/tr>\n<tr>\n<td valign=\"top\">Maksim\u0101lais diametr\u0101lais solis<\/td>\n<td valign=\"top\">DP 1<\/td>\n<td valign=\"top\">DP 1<\/td>\n<td valign=\"top\">DP 0,5<\/td>\n<\/tr>\n<tr>\n<td valign=\"top\">Maksim\u0101lais modulis<\/td>\n<td valign=\"top\">26 mm<\/td>\n<td valign=\"top\">26 mm<\/td>\n<td valign=\"top\">45 mm<\/td>\n<\/tr>\n<tr>\n<td valign=\"top\">AGMA l\u012bmenis\/DIN l\u012bmenis<\/td>\n<td valign=\"top\">DIN 8. klase<\/td>\n<td valign=\"top\">DIN 8. klase<\/td>\n<td valign=\"top\">DIN 4. klase<\/td>\n<\/tr>\n<tr>\n<td valign=\"top\">Zobu virsmas apdare<\/td>\n<td valign=\"top\">Ra 3.2<\/td>\n<td valign=\"top\">Ra 3.2<\/td>\n<td valign=\"top\">Ra 0,6<\/td>\n<\/tr>\n<tr>\n<td valign=\"top\">Maksim\u0101lais spir\u0101les le\u0146\u0137is<\/td>\n<td valign=\"top\">\u00b145\u00b0<\/td>\n<td valign=\"top\">\u00b145\u00b0<\/td>\n<td valign=\"top\">\u00b145\u00b0<\/td>\n<\/tr>\n<\/tbody>\n<\/table>\n<div><\/div>\n<h3>FMP uz\u0146\u0113mums: j\u016bsu partneris augstas kvalit\u0101tes lokomot\u012bvju p\u0101rnesumu jom\u0101<\/h3>\n<div><\/div>\n<div>FMP uz\u0146\u0113mums ir vado\u0161ais cietzobu s\u0101nu spir\u0101lveida zobratu ra\u017eot\u0101js \u0101trgaitas vilcienu lokomot\u012bv\u0113m, pied\u0101v\u0101jot pla\u0161u zobratu veidu kl\u0101stu, kas izstr\u0101d\u0101ti, lai apmierin\u0101tu dzelzce\u013ca nozares stingr\u0101s pras\u012bbas. M\u016bsu zobrati ir izgatavoti atbilsto\u0161i augst\u0101kajiem standartiem, nodro\u0161inot maksim\u0101lu veiktsp\u0113ju un iztur\u012bbu pat vissare\u017e\u0123\u012bt\u0101kajos apst\u0101k\u013cos. M\u0113s pied\u0101v\u0101jam ar\u012b piel\u0101gotu zobratu ra\u017eo\u0161anu, lai piel\u0101gotos unik\u0101l\u0101m specifik\u0101cij\u0101m. Ja j\u016bsu nepiecie\u0161amais zobratu modelis nav nor\u0101d\u012bts m\u016bsu produktu katalog\u0101, tas vienk\u0101r\u0161i noz\u012bm\u0113, ka m\u0113s to v\u0113l neesam aug\u0161upiel\u0101d\u0113ju\u0161i \u2014 esiet dro\u0161i, m\u0113s joproj\u0101m varam apmierin\u0101t j\u016bsu vajadz\u012bbas. L\u016bdzu, rakstiet mums e-pastu ar sav\u0101m pras\u012bb\u0101m, un m\u016bsu kvalific\u0113tie in\u017eenieri atbild\u0113s 24 stundu laik\u0101, lai pal\u012bdz\u0113tu jums atrast ide\u0101lu zobratu risin\u0101jumu j\u016bsu lokomot\u012bvei.<\/div>\n<\/div>\n<\/div>","protected":false},"excerpt":{"rendered":"<ul class=\"pro-info-list fix\">\n<li class=\"prod-specifics-brand\"><label>Zobrata zobu forma:\u00a0<\/label>evolv\u0113ts<\/li>\n<li class=\"prod-specifics-brand\"><label>Zobratu materi\u0101ls:<\/label>17CrNiMo6<\/li>\n<li class=\"prod-specifics-brand\"><label>Spiediena le\u0146\u0137is:<\/label>20\u00b0<\/li>\n<li class=\"prod-specifics-brand\"><label>Kvalit\u0101tes l\u012bmenis:\u00a0<\/label>DIN 3962 6. klase<\/li>\n<\/ul>","protected":false},"featured_media":4590,"comment_status":"open","ping_status":"closed","template":"","meta":{"_et_pb_use_builder":"","_et_pb_old_content":"","_et_gb_content_width":""},"product_brand":[],"product_cat":[108],"product_tag":[],"class_list":{"0":"post-7364","1":"product","2":"type-product","3":"status-publish","4":"has-post-thumbnail","6":"product_cat-helical-gear","8":"first","9":"instock","10":"shipping-taxable","11":"product-type-simple"},"_links":{"self":[{"href":"https:\/\/fmp-components.com\/lv\/wp-json\/wp\/v2\/product\/7364","targetHints":{"allow":["GET"]}}],"collection":[{"href":"https:\/\/fmp-components.com\/lv\/wp-json\/wp\/v2\/product"}],"about":[{"href":"https:\/\/fmp-components.com\/lv\/wp-json\/wp\/v2\/types\/product"}],"replies":[{"embeddable":true,"href":"https:\/\/fmp-components.com\/lv\/wp-json\/wp\/v2\/comments?post=7364"}],"wp:featuredmedia":[{"embeddable":true,"href":"https:\/\/fmp-components.com\/lv\/wp-json\/wp\/v2\/media\/4590"}],"wp:attachment":[{"href":"https:\/\/fmp-components.com\/lv\/wp-json\/wp\/v2\/media?parent=7364"}],"wp:term":[{"taxonomy":"product_brand","embeddable":true,"href":"https:\/\/fmp-components.com\/lv\/wp-json\/wp\/v2\/product_brand?post=7364"},{"taxonomy":"product_cat","embeddable":true,"href":"https:\/\/fmp-components.com\/lv\/wp-json\/wp\/v2\/product_cat?post=7364"},{"taxonomy":"product_tag","embeddable":true,"href":"https:\/\/fmp-components.com\/lv\/wp-json\/wp\/v2\/product_tag?post=7364"}],"curies":[{"name":"wp","href":"https:\/\/api.w.org\/{rel}","templated":true}]}}