{"id":7346,"date":"2025-03-23T08:27:19","date_gmt":"2025-03-23T08:27:19","guid":{"rendered":"https:\/\/fmp-components.com\/?post_type=product&#038;p=7346"},"modified":"2025-03-26T08:45:56","modified_gmt":"2025-03-26T08:45:56","slug":"heavy-machinery-double-helical-gear","status":"publish","type":"product","link":"https:\/\/fmp-components.com\/lv\/product\/heavy-machinery-double-helical-gear\/","title":{"rendered":"Smago ma\u0161\u012bnu dubultais spir\u0101lveida p\u0101rnesums"},"content":{"rendered":"<div>\n<h2>Smago ma\u0161\u012bnu dubultie spir\u0101lveida zobrati: precizit\u0101te un jauda r\u016bpnieciskiem lietojumiem<\/h2>\n<p class=\"break-words\">Uz\u0146\u0113mum\u0101 FMP m\u0113s lepojamies ar to, ka ra\u017eojam pla\u0161u \u0161o izcilo zobratu kl\u0101stu, kas ir piel\u0101goti smag\u0101s r\u016bpniec\u012bbas uz\u0146\u0113mumu pras\u012bb\u0101m vis\u0101 It\u0101lij\u0101, tostarp t\u0101dos galvenajos mezglos k\u0101 Mil\u0101na, Ven\u0113cija, Florence un Bolo\u0146a, k\u0101 ar\u012b \u0101rpus t\u0101s.<\/p>\n<table style=\"border-collapse: collapse; width: 100.102%; height: 95px;\" border=\"0\" width=\"243\" cellspacing=\"0\" cellpadding=\"0\">\n<tbody>\n<tr style=\"height: 14.40pt;\">\n<td style=\"height: 14px; width: 33.262%;\" align=\"right\" width=\"81\" height=\"24\"><img loading=\"lazy\" decoding=\"async\" class=\"size-full wp-image-7353 aligncenter\" src=\"https:\/\/fmp-components.com\/wp-content\/uploads\/2025\/03\/Heavy-Machinery-Double-Helical-Gear-6.webp\" alt=\"Smago ma\u0161\u012bnu dubultais spir\u0101lveida zobrats\" width=\"500\" height=\"500\" title=\"\" srcset=\"https:\/\/fmp-components.com\/wp-content\/uploads\/2025\/03\/Heavy-Machinery-Double-Helical-Gear-6.webp 500w, https:\/\/fmp-components.com\/wp-content\/uploads\/2025\/03\/Heavy-Machinery-Double-Helical-Gear-6-480x480.webp 480w\" sizes=\"(min-width: 0px) and (max-width: 480px) 480px, (min-width: 481px) 500px, 100vw\" \/><\/td>\n<td style=\"width: 33.6898%; height: 14px;\" align=\"right\" width=\"81\"><img loading=\"lazy\" decoding=\"async\" class=\"size-full wp-image-7354 aligncenter\" src=\"https:\/\/fmp-components.com\/wp-content\/uploads\/2025\/03\/Heavy-Machinery-Double-Helical-Gear-5.webp\" alt=\"Smago ma\u0161\u012bnu dubultais spir\u0101lveida zobrats\" width=\"500\" height=\"500\" title=\"\" srcset=\"https:\/\/fmp-components.com\/wp-content\/uploads\/2025\/03\/Heavy-Machinery-Double-Helical-Gear-5.webp 500w, https:\/\/fmp-components.com\/wp-content\/uploads\/2025\/03\/Heavy-Machinery-Double-Helical-Gear-5-480x480.webp 480w\" sizes=\"(min-width: 0px) and (max-width: 480px) 480px, (min-width: 481px) 500px, 100vw\" \/><\/td>\n<td style=\"width: 32.8342%; height: 14px;\" align=\"right\" width=\"81\"><img loading=\"lazy\" decoding=\"async\" class=\"size-full wp-image-7355 aligncenter\" src=\"https:\/\/fmp-components.com\/wp-content\/uploads\/2025\/03\/Heavy-Machinery-Double-Helical-Gear-2.webp\" alt=\"Smago ma\u0161\u012bnu dubultais spir\u0101lveida zobrats\" width=\"500\" height=\"500\" title=\"\" srcset=\"https:\/\/fmp-components.com\/wp-content\/uploads\/2025\/03\/Heavy-Machinery-Double-Helical-Gear-2.webp 500w, https:\/\/fmp-components.com\/wp-content\/uploads\/2025\/03\/Heavy-Machinery-Double-Helical-Gear-2-480x480.webp 480w\" sizes=\"(min-width: 0px) and (max-width: 480px) 480px, (min-width: 481px) 500px, 100vw\" \/><\/td>\n<\/tr>\n<\/tbody>\n<\/table>\n<h3>Kas ir dubultie spir\u0101lveida zobrati?<\/h3>\n<p class=\"break-words\">Divk\u0101r\u0161ie spir\u0101lveida zobrati, ko bie\u017ei d\u0113v\u0113 par \"si\u013c\u0137u kaula\" zobratiem, ir konstru\u0113ti ar at\u0161\u0137ir\u012bgu V-veida dizainu, ko veido divas pret\u0113j\u0101s spir\u0101lveida sekcijas. \u0160\u012b inovat\u012bv\u0101 konstrukcija nov\u0113r\u0161 aksi\u0101lo vilci, nodro\u0161inot vienm\u0113r\u012bgu un efekt\u012bvu darb\u012bbu bez vilces gult\u0146iem \u2014 b\u016btiska priek\u0161roc\u012bba sal\u012bdzin\u0101jum\u0101 ar tradicion\u0101lajiem. <a href=\"https:\/\/fmp-components.com\/lv\/helical-gears\/\">spir\u0101lveida zobrati<\/a>Nozar\u0113s, kur\u0101s nepiecie\u0161ams liels griezes moments un iztur\u012bba, piem\u0113ram, Mil\u0101nas ros\u012bgaj\u0101 ra\u017eo\u0161anas sektor\u0101 vai Ven\u0113cijas ku\u0123ub\u016bves centros, dubultie spir\u0101lveida zobrati ir neaizst\u0101jama smago ma\u0161\u012bnu sast\u0101vda\u013ca.<\/p>\n<h3>Divk\u0101r\u0161o spir\u0101lveida p\u0101rnesumu galven\u0101s priek\u0161roc\u012bbas<\/h3>\n<p class=\"break-words\">Dubulto spir\u0101lveida zobratu izcil\u0101 veiktsp\u0113ja izriet no to p\u0101rdom\u0101t\u0101 dizaina. L\u016bk, k\u0101p\u0113c tie izce\u013cas r\u016bpnieciskos pielietojumos:<\/p>\n<ol class=\"marker:text-secondary\">\n<li class=\"break-words\"><strong>Aksi\u0101l\u0101s slodzes nov\u0113r\u0161ana<\/strong><br \/>\nSimetrisk\u0101 V forma nov\u0113r\u0161 aksi\u0101lo vilci, nov\u0113r\u0161ot nepiecie\u0161am\u012bbu p\u0113c papildu vilces gult\u0146iem. Tas vienk\u0101r\u0161o p\u0101rnesumk\u0101rbu konstrukciju, samazina apkopes izmaksas un uzlabo uzticam\u012bbu \u2014 ide\u0101li piem\u0113rots Florences prec\u012bzijas vad\u0101maj\u0101m nozar\u0113m.<\/li>\n<li class=\"break-words\"><strong>Augsta kravnes\u012bba<\/strong><br \/>\nAr pla\u0161\u0101ku zobu sa\u0137eri \u0161ie zobrati efekt\u012bv\u0101k sadala slodzi, padarot tos ide\u0101li piem\u0113rotus kalnr\u016bpniec\u012bbas iek\u0101rtu lielaj\u0101m pras\u012bb\u0101m Bolo\u0146\u0101 vai met\u0101lapstr\u0101des ma\u0161\u012bnu vajadz\u012bb\u0101m vis\u0101 It\u0101lij\u0101.<\/li>\n<li class=\"break-words\"><strong>Paaugstin\u0101ta efektivit\u0101te<\/strong><br \/>\nNep\u0101rtraukts zobu kontakts samazina vibr\u0101ciju un troksni, nodro\u0161inot vienm\u0113r\u012bg\u0101ku darb\u012bbu un uzlabojot p\u0101rnesumk\u0101rbas veiktsp\u0113ju. \u0160\u012b efektivit\u0101te ir vit\u0101li svar\u012bga lietojumos, kuros precizit\u0101te nav apsprie\u017eama, piem\u0113ram, ku\u0123u dzin\u0113jsist\u0113m\u0101s Ven\u0113cij\u0101.<\/li>\n<li class=\"break-words\"><strong>Iztur\u012bba<\/strong><br \/>\nL\u012bdzsvarotais dizains samazina nodilumu, nodro\u0161inot ilgu kalpo\u0161anas laiku pat skarbos apst\u0101k\u013cos. \u0160\u012b iztur\u012bba padara dubultos spir\u0101lveida zobratus par rentablu izv\u0113li ilgsto\u0161ai r\u016bpnieciskai lieto\u0161anai, s\u0101kot no Mil\u0101nas elektrostacij\u0101m l\u012bdz att\u0101liem naftas atradn\u0113m.<\/li>\n<\/ol>\n<\/div>\n<h2>Piel\u0101gotas transmisijas deta\u013cas \u2013 lieljaudas dubultie spir\u0101lveida zobrati<\/h2>\n<table class=\"table\" style=\"width: 101.217%; height: 208px;\" border=\"1\">\n<tbody>\n<tr>\n<td>Pielietojums:<\/td>\n<td>Motors, elektroautomobi\u013ci, motocikli, ma\u0161\u012bnas, j\u016bras, rota\u013clietas, lauksaimniec\u012bbas tehnika, automa\u0161\u012bnas<\/td>\n<\/tr>\n<tr>\n<td>Ciet\u012bba:<\/td>\n<td>M\u012bksta zobu virsma<\/td>\n<\/tr>\n<tr>\n<td>P\u0101rnesuma poz\u012bcija:<\/td>\n<td>\u0100r\u0113jais p\u0101rnesums<\/td>\n<\/tr>\n<tr>\n<td>Ra\u017eo\u0161anas metode:<\/td>\n<td>Grieztais apr\u012bkojums<\/td>\n<\/tr>\n<tr>\n<td>Zobainas da\u013cas forma:<\/td>\n<td>Dubultais spir\u0101lveida p\u0101rnesums<\/td>\n<\/tr>\n<tr>\n<td>Materi\u0101ls:<\/td>\n<td>Lietais t\u0113rauds<\/td>\n<\/tr>\n<\/tbody>\n<\/table>\n<div class=\"table-responsive\">\n<table class=\"table\" style=\"width: 101.339%;\" border=\"1\">\n<tbody>\n<tr>\n<td style=\"width: 44.1558%;\">Materi\u0101ls<\/td>\n<td style=\"width: 264.756%;\">P\u0113c pas\u016bt\u012bjuma izgatavots<\/td>\n<\/tr>\n<tr>\n<td style=\"width: 44.1558%;\">Zobratu fr\u0113z\u0113\u0161ana<\/td>\n<td style=\"width: 264.756%;\"><b>\u221a<\/b><\/td>\n<\/tr>\n<tr>\n<td style=\"width: 44.1558%;\">Zobratu sl\u012bp\u0113\u0161ana<\/td>\n<td style=\"width: 264.756%;\">Nulle<\/td>\n<\/tr>\n<tr>\n<td style=\"width: 44.1558%;\">Spiediena le\u0146\u0137is<\/td>\n<td style=\"width: 264.756%;\">20\u00b0<\/td>\n<\/tr>\n<tr>\n<td style=\"width: 44.1558%;\">Spir\u0101lveida le\u0146\u0137is<\/td>\n<td style=\"width: 264.756%;\">P\u0113c pas\u016bt\u012bjuma izgatavots<\/td>\n<\/tr>\n<tr>\n<td style=\"width: 44.1558%;\">Termisk\u0101 apstr\u0101de<\/td>\n<td style=\"width: 264.756%;\">R\u016bd\u012b\u0161ana un atlaidin\u0101\u0161ana<\/td>\n<\/tr>\n<tr>\n<td style=\"width: 44.1558%;\">Virsmas ciet\u012bba<\/td>\n<td style=\"width: 264.756%;\">Iesp\u0113jas<\/td>\n<\/tr>\n<tr>\n<td style=\"width: 44.1558%;\">P\u0101rnesumu precizit\u0101tes pak\u0101pe<\/td>\n<td style=\"width: 264.756%;\">8.\u20139.\u00a0pak\u0101pe (ISO 1328)<\/td>\n<\/tr>\n<\/tbody>\n<\/table>\n<\/div>\n<p>Smago ma\u0161\u012bnu dubultspir\u0101lveida zobrats<\/p>\n<div class=\"table-responsive\">\n<table class=\"table\" style=\"width: 99.7297%;\" border=\"1\">\n<tbody>\n<tr>\n<td style=\"width: 41.806%;\">T\u0112RAUDA KODU KLASES SAL\u012aDZIN\u0100JUMS<\/td>\n<td style=\"width: 12.3746%;\"><\/td>\n<td style=\"width: 11.8729%;\"><\/td>\n<td style=\"width: 7.19064%;\"><\/td>\n<td style=\"width: 11.3712%;\"><\/td>\n<td style=\"width: 69.7324%;\"><\/td>\n<\/tr>\n<tr>\n<td style=\"width: 41.806%;\">\u0136\u012aNA\/LIELBRIT\u0100NIJA<\/td>\n<td style=\"width: 12.3746%;\">ISO<\/td>\n<td style=\"width: 11.8729%;\">GOST<\/td>\n<td style=\"width: 7.19064%;\">ASTM<\/td>\n<td style=\"width: 11.3712%;\">JIS<\/td>\n<td style=\"width: 69.7324%;\">DIN<\/td>\n<\/tr>\n<tr>\n<td style=\"width: 41.806%;\">45<\/td>\n<td style=\"width: 12.3746%;\">C45E4<\/td>\n<td style=\"width: 11.8729%;\">45<\/td>\n<td style=\"width: 7.19064%;\">1045<\/td>\n<td style=\"width: 11.3712%;\">S45C<\/td>\n<td style=\"width: 69.7324%;\">CK45<\/td>\n<\/tr>\n<tr>\n<td style=\"width: 41.806%;\">40Cr<\/td>\n<td style=\"width: 12.3746%;\">41Cr4<\/td>\n<td style=\"width: 11.8729%;\">40x<\/td>\n<td style=\"width: 7.19064%;\">5140<\/td>\n<td style=\"width: 11.3712%;\">SCr440<\/td>\n<td style=\"width: 69.7324%;\">41Cr4<\/td>\n<\/tr>\n<tr>\n<td style=\"width: 41.806%;\">20CrMo<\/td>\n<td style=\"width: 12.3746%;\">18CrMo4<\/td>\n<td style=\"width: 11.8729%;\">20HM<\/td>\n<td style=\"width: 7.19064%;\">4118<\/td>\n<td style=\"width: 11.3712%;\">SCM22<\/td>\n<td style=\"width: 69.7324%;\">25CrMo4<\/td>\n<\/tr>\n<tr>\n<td style=\"width: 41.806%;\">42CrMo<\/td>\n<td style=\"width: 12.3746%;\">42CrMo4<\/td>\n<td style=\"width: 11.8729%;\">38XM<\/td>\n<td style=\"width: 7.19064%;\">4140<\/td>\n<td style=\"width: 11.3712%;\">SCM440<\/td>\n<td style=\"width: 69.7324%;\">42CrMo4<\/td>\n<\/tr>\n<tr>\n<td style=\"width: 41.806%;\">20CrMnTi<\/td>\n<td style=\"width: 12.3746%;\"><\/td>\n<td style=\"width: 11.8729%;\">18X\u0413T<\/td>\n<td style=\"width: 7.19064%;\"><\/td>\n<td style=\"width: 11.3712%;\">SMK22<\/td>\n<td style=\"width: 69.7324%;\"><\/td>\n<\/tr>\n<tr>\n<td style=\"width: 41.806%;\">20Cr2Ni4<\/td>\n<td style=\"width: 12.3746%;\"><\/td>\n<td style=\"width: 11.8729%;\">20X2H4A<\/td>\n<td style=\"width: 7.19064%;\"><\/td>\n<td style=\"width: 11.3712%;\"><\/td>\n<td style=\"width: 69.7324%;\"><\/td>\n<\/tr>\n<tr>\n<td style=\"width: 41.806%;\">20CrNiMo<\/td>\n<td style=\"width: 12.3746%;\">20CrNiMo2<\/td>\n<td style=\"width: 11.8729%;\">20XHM<\/td>\n<td style=\"width: 7.19064%;\">8720<\/td>\n<td style=\"width: 11.3712%;\">SNCM220<\/td>\n<td style=\"width: 69.7324%;\">21NiCrMo2<\/td>\n<\/tr>\n<tr>\n<td style=\"width: 41.806%;\">40CrNiMoA<\/td>\n<td style=\"width: 12.3746%;\"><\/td>\n<td style=\"width: 11.8729%;\">40XH2MA\/<br \/>\n40XHMA<\/td>\n<td style=\"width: 7.19064%;\">4340<\/td>\n<td style=\"width: 11.3712%;\">SNCM439<\/td>\n<td style=\"width: 69.7324%;\">40NiCrMo6\/<br \/>\n36NiCrMo4<\/td>\n<\/tr>\n<tr>\n<td style=\"width: 41.806%;\">20CrNi2Mo<\/td>\n<td style=\"width: 12.3746%;\">20NiCrMo7<\/td>\n<td style=\"width: 11.8729%;\">20XH2MA<\/td>\n<td style=\"width: 7.19064%;\">4320<\/td>\n<td style=\"width: 11.3712%;\">SNCM420<\/td>\n<td style=\"width: 69.7324%;\"><\/td>\n<\/tr>\n<\/tbody>\n<\/table>\n<p>&nbsp;<\/p>\n<div>\n<h2>Pielietojumi r\u016bpnieciskaj\u0101s p\u0101rnesumk\u0101rb\u0101s<\/h2>\n<p class=\"break-words\">Prec\u012bzi dubultie spir\u0101lveida zobrati ir ide\u0101ls risin\u0101jums da\u017e\u0101diem smagiem lietojumiem:<\/p>\n<ul class=\"marker:text-secondary\">\n<li class=\"break-words\"><strong>Smag\u0101 tehnika<\/strong><br \/>\nB\u016btiski piem\u0113rots kalnr\u016bpniec\u012bbas iek\u0101rt\u0101m un met\u0101lapstr\u0101des ma\u0161\u012bn\u0101m, kur kritiski svar\u012bgs ir augsts griezes moments un uzticam\u012bba.<\/li>\n<li class=\"break-words\"><strong>J\u016bras dzin\u0113ju sist\u0113mas<\/strong><br \/>\nNodro\u0161ina vienm\u0113r\u012bgu un klusu ener\u0123ijas p\u0101rvadi ku\u0123os \u2014 sv\u0113t\u012bba Ven\u0113cijas j\u016brniec\u012bbas nozarei.<\/li>\n<li class=\"break-words\"><strong>Naftas un g\u0101zes r\u016bpniec\u012bba<\/strong><br \/>\nNodro\u0161ina stabilu griezes momenta p\u0101rvadi urb\u0161anas un s\u016bkn\u0113\u0161anas sist\u0113m\u0101m, atbalstot produktivit\u0101ti sare\u017e\u0123\u012btos apst\u0101k\u013cos.<\/li>\n<li class=\"break-words\"><strong>Elektrostacijas<\/strong><br \/>\nIzmanto turb\u012bn\u0101s un \u0123eneratoros, lai uztur\u0113tu stabilu veiktsp\u0113ju, samazinot d\u012bkst\u0101ves laiku Mil\u0101nas ener\u0123\u0113tikas sektor\u0101.<\/li>\n<\/ul>\n<div>\n<h2>FMP uz\u0146\u0113mums: J\u016bsu uzticamais partneris It\u0101lij\u0101<\/h2>\n<p class=\"break-words\">Plkst. <strong>FMP uz\u0146\u0113mums<\/strong>, m\u0113s specializ\u0113jamies da\u017e\u0101du smago ma\u0161\u012bnu dubulto spir\u0101lveida zobratu ra\u017eo\u0161an\u0101, kas izgatavoti ar precizit\u0101ti, izmantojot progres\u012bvus materi\u0101lus un jaun\u0101k\u0101s tehnolo\u0123ijas. Neatkar\u012bgi no t\u0101, vai atrodaties Mil\u0101n\u0101, Ven\u0113cij\u0101, Florenc\u0113 vai Bolo\u0146\u0101, m\u016bsu zobrati ir izstr\u0101d\u0101ti, lai atbilstu augst\u0101kajiem kvalit\u0101tes un veiktsp\u0113jas standartiem, lieliski darbojoties vispras\u012bg\u0101kaj\u0101s r\u016bpnieciskaj\u0101s vid\u0113s.<\/p>\n<h3>Piel\u0101goti risin\u0101jumi, kas piel\u0101goti j\u016bsu vajadz\u012bb\u0101m<\/h3>\n<p class=\"break-words\">M\u0113s apzin\u0101mies, ka katram projektam ir unik\u0101las pras\u012bbas. T\u0101p\u0113c FMP pied\u0101v\u0101 individu\u0101lus ra\u017eo\u0161anas pakalpojumus dubultajiem spir\u0101lveida zobratiem. Ja m\u016bsu produktu sarakst\u0101 neatrodat tie\u0161i sev nepiecie\u0161amo modeli, neuztraucieties \u2014 tas vienk\u0101r\u0161i noz\u012bm\u0113, ka mums v\u0113l nav bijusi iesp\u0113ja to iek\u013caut sarakst\u0101! Aicin\u0101m j\u016bs rakst\u012bt mums e-pastu ar sav\u0101m \u012bpa\u0161aj\u0101m pras\u012bb\u0101m. M\u016bsu \u012bpa\u0161i atlas\u012bt\u0101 in\u017eenieru komanda atbild\u0113s 24 stundu laik\u0101 un b\u016bs gatava sadarboties, lai izstr\u0101d\u0101tu piel\u0101gotu risin\u0101jumu, kas atbilst j\u016bsu vajadz\u012bb\u0101m, neatkar\u012bgi no t\u0101, vai atrodaties Florences v\u0113sturisk\u0101s r\u016bpniec\u012bbas zonas centr\u0101 vai Bolo\u0146as modernaj\u0101s ra\u017eotn\u0113s.<\/p>\n<h3>Viet\u0113j\u0101 pieredze vis\u0101 It\u0101lij\u0101<\/h3>\n<p class=\"break-words\">FMP uz\u0146\u0113mums lepojas ar to, ka var apkalpot klientus vis\u0101 It\u0101lij\u0101, izmantojot m\u016bsu padzi\u013cin\u0101to izpratni par viet\u0113jiem tirgiem, lai sniegtu piel\u0101gotus risin\u0101jumus. No Mil\u0101nas, r\u016bpniecisko inov\u0101ciju lielpils\u0113tas, l\u012bdz Ven\u0113cijai ar t\u0101s bag\u0101to j\u016brniec\u012bbas mantojumu un no Florences, kas ir pies\u0101tin\u0101ta ar prec\u012bzu meistar\u012bbu, l\u012bdz Bolo\u0146ai, in\u017eenierzin\u0101t\u0146u izcil\u012bbas centram \u2014 FMP ir j\u016bsu viet\u0113jais partneris augst\u0101k\u0101s klases dubulto spir\u0101lveida zobratu jom\u0101. M\u016bsu glob\u0101l\u0101s ra\u017eo\u0161anas iesp\u0113jas apvienojum\u0101 ar lok\u0101lu atbalstu nodro\u0161ina, ka j\u016bs sa\u0146emat augst\u0101k\u0101 l\u012bme\u0146a apkalpo\u0161anu un produktus, lai kur j\u016bs atrastos.<\/p>\n<h2>K\u0101p\u0113c izv\u0113l\u0113ties FMP uz\u0146\u0113mumu?<\/h2>\n<ul class=\"marker:text-secondary\">\n<li class=\"break-words\"><strong>Prec\u012bza ra\u017eo\u0161ana<\/strong>M\u016bsu p\u0101rnesumi ir rad\u012bti, lai darbotos atbilsto\u0161i It\u0101lijas r\u016bpniec\u012bbas stingraj\u0101m pras\u012bb\u0101m.<\/li>\n<li class=\"break-words\"><strong>Piel\u0101gojama elast\u012bba<\/strong>M\u0113s piel\u0101gojamies j\u016bsu specifik\u0101cij\u0101m, lai cik unik\u0101las t\u0101s b\u016btu.<\/li>\n<li class=\"break-words\"><strong>\u0100tra atbilde<\/strong>Sazinieties ar mums jau \u0161odien un sa\u0146emiet atbildi no m\u016bsu in\u017eenieriem 24 stundu laik\u0101.<\/li>\n<li class=\"break-words\"><strong>Viet\u0113j\u0101 kl\u0101tb\u016btne<\/strong>Atbalstot Mil\u0101nu, Ven\u0113ciju, Florenci, Bolo\u0146u un citas pils\u0113tas ar nep\u0101rsp\u0113jamu pieredzi.<\/li>\n<\/ul>\n<p class=\"break-words\">Lai ieg\u016btu pla\u0161\u0101ku inform\u0101ciju par m\u016bsu smago ma\u0161\u012bnu dubultajiem spir\u0101lveida zobratiem vai apspriestu savas individu\u0101l\u0101s pras\u012bbas, sazinieties ar FMP Company. Neatkar\u012bgi no t\u0101, vai optimiz\u0113jat p\u0101rnesumk\u0101rbu Mil\u0101n\u0101, darbinat ku\u0123i Ven\u0113cij\u0101 vai darbinat turb\u012bnu Florenc\u0113, m\u016bsu komanda ir \u0161eit, lai nodro\u0161in\u0101tu lab\u0101kos zobratu risin\u0101jumus j\u016bsu r\u016bpnieciskajiem lietojumiem. Rakstiet mums t\u016bl\u012bt, un m\u0113s nodro\u0161in\u0101sim precizit\u0101ti un jaudu j\u016bsu n\u0101kamaj\u0101 projekt\u0101!<\/p>\n<\/div>\n<\/div>\n<table style=\"border-collapse: collapse; width: 100.237%; height: 33px;\" border=\"0\" width=\"243\" cellspacing=\"0\" cellpadding=\"0\">\n<tbody>\n<tr style=\"height: 14.40pt;\">\n<td style=\"height: 14.40pt; width: 48.60pt;\" align=\"right\" width=\"81\" height=\"24\"><img loading=\"lazy\" decoding=\"async\" class=\"size-full wp-image-7348 aligncenter\" src=\"https:\/\/fmp-components.com\/wp-content\/uploads\/2025\/03\/Heavy-Machinery-Double-Helical-Gear-product-3.webp\" alt=\"Smago ma\u0161\u012bnu-divk\u0101r\u0161o spir\u0101lveida zobratu-produkts-3\" width=\"317\" height=\"243\" title=\"\" srcset=\"https:\/\/fmp-components.com\/wp-content\/uploads\/2025\/03\/Heavy-Machinery-Double-Helical-Gear-product-3.webp 317w, https:\/\/fmp-components.com\/wp-content\/uploads\/2025\/03\/Heavy-Machinery-Double-Helical-Gear-product-3-300x230.webp 300w, https:\/\/fmp-components.com\/wp-content\/uploads\/2025\/03\/Heavy-Machinery-Double-Helical-Gear-product-3-16x12.webp 16w\" sizes=\"(max-width: 317px) 100vw, 317px\" \/><\/td>\n<td style=\"width: 48.60pt;\" align=\"right\" width=\"81\"><img loading=\"lazy\" decoding=\"async\" class=\"size-full wp-image-7349 aligncenter\" src=\"https:\/\/fmp-components.com\/wp-content\/uploads\/2025\/03\/Heavy-Machinery-Double-Helical-Gear-product-2.webp\" alt=\"Smago ma\u0161\u012bnu dubultais spir\u0101lveida zobrats\" width=\"318\" height=\"247\" title=\"\" srcset=\"https:\/\/fmp-components.com\/wp-content\/uploads\/2025\/03\/Heavy-Machinery-Double-Helical-Gear-product-2.webp 318w, https:\/\/fmp-components.com\/wp-content\/uploads\/2025\/03\/Heavy-Machinery-Double-Helical-Gear-product-2-300x233.webp 300w, https:\/\/fmp-components.com\/wp-content\/uploads\/2025\/03\/Heavy-Machinery-Double-Helical-Gear-product-2-15x12.webp 15w\" sizes=\"(max-width: 318px) 100vw, 318px\" \/><\/td>\n<td style=\"width: 48.60pt;\" align=\"right\" width=\"81\"><img loading=\"lazy\" decoding=\"async\" class=\"size-full wp-image-7350 aligncenter\" src=\"https:\/\/fmp-components.com\/wp-content\/uploads\/2025\/03\/Heavy-Machinery-Double-Helical-Gear-product-1.webp\" alt=\"Smago ma\u0161\u012bnu dubultais spir\u0101lveida zobrats\" width=\"400\" height=\"293\" title=\"\" srcset=\"https:\/\/fmp-components.com\/wp-content\/uploads\/2025\/03\/Heavy-Machinery-Double-Helical-Gear-product-1.webp 400w, https:\/\/fmp-components.com\/wp-content\/uploads\/2025\/03\/Heavy-Machinery-Double-Helical-Gear-product-1-300x220.webp 300w, https:\/\/fmp-components.com\/wp-content\/uploads\/2025\/03\/Heavy-Machinery-Double-Helical-Gear-product-1-16x12.webp 16w\" sizes=\"(max-width: 400px) 100vw, 400px\" \/><\/td>\n<\/tr>\n<\/tbody>\n<\/table>\n<table style=\"border-collapse: collapse; width: 100.046%; height: 10px;\" border=\"0\" width=\"162\" cellspacing=\"0\" cellpadding=\"0\">\n<tbody>\n<tr style=\"height: 14.40pt;\">\n<td style=\"height: 10px; width: 45.8244%;\" align=\"right\" width=\"81\" height=\"24\"><img loading=\"lazy\" decoding=\"async\" class=\"wp-image-7351 aligncenter\" src=\"https:\/\/fmp-components.com\/wp-content\/uploads\/2025\/03\/Heavy-Machinery-Double-Helical-Gear-product-5.webp\" alt=\"Smago ma\u0161\u012bnu dubultais spir\u0101lveida zobrats\" width=\"472\" height=\"765\" title=\"\" srcset=\"https:\/\/fmp-components.com\/wp-content\/uploads\/2025\/03\/Heavy-Machinery-Double-Helical-Gear-product-5.webp 400w, https:\/\/fmp-components.com\/wp-content\/uploads\/2025\/03\/Heavy-Machinery-Double-Helical-Gear-product-5-185x300.webp 185w, https:\/\/fmp-components.com\/wp-content\/uploads\/2025\/03\/Heavy-Machinery-Double-Helical-Gear-product-5-7x12.webp 7w\" sizes=\"(max-width: 472px) 100vw, 472px\" \/><\/td>\n<td style=\"width: 54.1756%; height: 10px;\" align=\"right\" width=\"81\"><img loading=\"lazy\" decoding=\"async\" class=\"wp-image-7352 aligncenter\" src=\"https:\/\/fmp-components.com\/wp-content\/uploads\/2025\/03\/Heavy-Machinery-Double-Helical-Gear-product-4.webp\" alt=\"Smago ma\u0161\u012bnu dubultais spir\u0101lveida zobrats\" width=\"518\" height=\"715\" title=\"\" srcset=\"https:\/\/fmp-components.com\/wp-content\/uploads\/2025\/03\/Heavy-Machinery-Double-Helical-Gear-product-4.webp 400w, https:\/\/fmp-components.com\/wp-content\/uploads\/2025\/03\/Heavy-Machinery-Double-Helical-Gear-product-4-217x300.webp 217w, https:\/\/fmp-components.com\/wp-content\/uploads\/2025\/03\/Heavy-Machinery-Double-Helical-Gear-product-4-9x12.webp 9w\" sizes=\"(max-width: 518px) 100vw, 518px\" \/><\/td>\n<\/tr>\n<\/tbody>\n<\/table>\n<\/div>","protected":false},"excerpt":{"rendered":"<p>Heavy Machinery Double Helical Gear: Precision and Power for Industrial Applications At FMP Company, we pride ourselves on manufacturing a wide range of these exceptional gears, tailored to meet the demands of heavy-duty industries across Italy\u2014including key hubs like Milan, Venice, Florence, and Bologna\u2014and beyond. What Are Double Helical Gears? Double helical gears, often referred [&hellip;]<\/p>","protected":false},"featured_media":4588,"comment_status":"open","ping_status":"closed","template":"","meta":{"_et_pb_use_builder":"","_et_pb_old_content":"","_et_gb_content_width":""},"product_brand":[],"product_cat":[108],"product_tag":[],"class_list":{"0":"post-7346","1":"product","2":"type-product","3":"status-publish","4":"has-post-thumbnail","6":"product_cat-helical-gear","8":"first","9":"instock","10":"shipping-taxable","11":"product-type-simple"},"_links":{"self":[{"href":"https:\/\/fmp-components.com\/lv\/wp-json\/wp\/v2\/product\/7346","targetHints":{"allow":["GET"]}}],"collection":[{"href":"https:\/\/fmp-components.com\/lv\/wp-json\/wp\/v2\/product"}],"about":[{"href":"https:\/\/fmp-components.com\/lv\/wp-json\/wp\/v2\/types\/product"}],"replies":[{"embeddable":true,"href":"https:\/\/fmp-components.com\/lv\/wp-json\/wp\/v2\/comments?post=7346"}],"wp:featuredmedia":[{"embeddable":true,"href":"https:\/\/fmp-components.com\/lv\/wp-json\/wp\/v2\/media\/4588"}],"wp:attachment":[{"href":"https:\/\/fmp-components.com\/lv\/wp-json\/wp\/v2\/media?parent=7346"}],"wp:term":[{"taxonomy":"product_brand","embeddable":true,"href":"https:\/\/fmp-components.com\/lv\/wp-json\/wp\/v2\/product_brand?post=7346"},{"taxonomy":"product_cat","embeddable":true,"href":"https:\/\/fmp-components.com\/lv\/wp-json\/wp\/v2\/product_cat?post=7346"},{"taxonomy":"product_tag","embeddable":true,"href":"https:\/\/fmp-components.com\/lv\/wp-json\/wp\/v2\/product_tag?post=7346"}],"curies":[{"name":"wp","href":"https:\/\/api.w.org\/{rel}","templated":true}]}}