{"id":7344,"date":"2025-03-23T08:16:42","date_gmt":"2025-03-23T08:16:42","guid":{"rendered":"https:\/\/fmp-components.com\/?post_type=product&#038;p=7344"},"modified":"2025-03-26T08:46:39","modified_gmt":"2025-03-26T08:46:39","slug":"industrial-double-helical-gears","status":"publish","type":"product","link":"https:\/\/fmp-components.com\/lv\/product\/industrial-double-helical-gears\/","title":{"rendered":"Industri\u0101lie dubultie spir\u0101lveida zobrati"},"content":{"rendered":"<div>\n<h2>FMP augst\u0101k\u0101s kvalit\u0101tes r\u016bpnieciskie dubultie spir\u0101lveida zobrati<\/h2>\n<p class=\"break-words\">R\u016bpnieciskie dubultie spir\u0101lveida zobrati ir svar\u012bgas sast\u0101vda\u013cas lieljaudas ma\u0161\u012bn\u0101s, kas tiek augstu v\u0113rt\u0113tas par sp\u0113ju p\u0101rvad\u012bt lielu griezes momentu ar izcilu gludumu un minim\u0101lu troksni. At\u0161\u0137ir\u012bb\u0101 no vienk\u0101r\u0161\u0101kiem cilindriskiem zobratiem, to V-veida zobu dizains padara tos sare\u017e\u0123\u012bt\u0101kus un d\u0101rg\u0101kus ra\u017eo\u0161an\u0101, ta\u010du ieguvums ir nep\u0101rsp\u0113jama veiktsp\u0113ja pras\u012bgos pielietojumos. S\u0101kot ar celt\u0146u un \u0161\u0137idrumu s\u016bk\u0146u dzin\u0113jiem un beidzot ar piedzi\u0146as sist\u0113m\u0101m milit\u0101rajos ku\u0123os, \u0161ie zobrati izce\u013cas tur, kur kritiski svar\u012bga ir klusa darb\u012bba un samazin\u0101ta vibr\u0101cija. FMP Company lepojas ar to, ka ir viens no vado\u0161ajiem dubultajiem... <a href=\"https:\/\/fmp-components.com\/lv\/helical-gears\/\">spir\u0101lveida p\u0101rnesums<\/a> ra\u017eot\u0101ji \u0136\u012bn\u0101, pied\u0101v\u0101jot pla\u0161u augstas kvalit\u0101tes zobratu kl\u0101stu. M\u016bsu progres\u012bv\u0101s ra\u017eo\u0161anas iesp\u0113jas \u013cauj mums ra\u017eot zobratus ar maksim\u0101lo \u0101r\u0113jo diametru 1370 mm (54 collas) un pilnu virsmas platumu 250 mm (10 collas) ar 30 gr\u0101du spir\u0101les le\u0146\u0137i, nodro\u0161inot precizit\u0101ti un iztur\u012bbu pat vissmag\u0101kajiem izaicin\u0101jumiem.<\/p>\n<h3>Piel\u0101goti risin\u0101jumi un ekspertu atbalsts<\/h3>\n<p class=\"break-words\">Ar vair\u0101k nek\u0101 desmit gadu pieredzi FMP uz\u0146\u0113mums izce\u013cas k\u0101 uzticams r\u016bpniecisko dubulto spir\u0101lveida zobratu pieg\u0101d\u0101t\u0101js \u0136\u012bn\u0101, pieg\u0101d\u0101jot gan standarta, gan piel\u0101gotus risin\u0101jumus par konkur\u0113tsp\u0113j\u012bg\u0101m cen\u0101m. M\u016bsu r\u016bpn\u012bca ir apr\u012bkota ar pla\u0161u so\u013ca griez\u0113ju izv\u0113li un pie\u0146em piel\u0101gotus pas\u016bt\u012bjumus, lai atbilstu j\u016bsu unik\u0101laj\u0101m specifik\u0101cij\u0101m neatkar\u012bgi no t\u0101, vai tie ir paredz\u0113ti r\u016bpnieciskiem, milit\u0101riem vai specializ\u0113tiem lietojumiem. Nevarat atrast tie\u0161i jums nepiecie\u0161amo modeli m\u016bsu produktu sarakst\u0101? Tas noz\u012bm\u0113, ka mums v\u0113l nav bijusi iesp\u0113ja to aug\u0161upiel\u0101d\u0113t! Vienk\u0101r\u0161i rakstiet mums e-pastu ar sav\u0101m pras\u012bb\u0101m, un m\u016bsu \u012bpa\u0161ie in\u017eenieri atbild\u0113s 24 stundu laik\u0101, sniedzot piel\u0101gotu atbalstu. FMP m\u0113s esam ap\u0146\u0113mu\u0161ies sasniegt izcil\u012bbu, padarot m\u016bs par j\u016bsu uzticamo partneri augst\u0101k\u0101s kvalit\u0101tes dubulto spir\u0101lveida zobratu un izcilas klientu apkalpo\u0161anas jom\u0101. Sazinieties ar mums jau \u0161odien, lai sa\u0146emtu vairumtirdzniec\u012bbas piepras\u012bjumus vai personaliz\u0113tus zobratu risin\u0101jumus!<\/p>\n<\/div>\n<h2>Produkta specifik\u0101cija<\/h2>\n<div class=\"table-responsive\">\n<table class=\"table\" style=\"width: 97.2464%; height: 208px;\" border=\"1\">\n<tbody>\n<tr style=\"height: 26px;\">\n<td style=\"height: 26px;\">P\u0101rnesumu tips<\/td>\n<td style=\"height: 26px;\">Si\u013c\u0137u kauls<\/td>\n<\/tr>\n<tr style=\"height: 26px;\">\n<td style=\"height: 26px;\">Lieto\u0161ana\/Pielietojums<\/td>\n<td style=\"height: 26px;\">R\u016bpnieciskais<\/td>\n<\/tr>\n<tr style=\"height: 26px;\">\n<td style=\"height: 26px;\">Zobu forma<\/td>\n<td style=\"height: 26px;\">Si\u013c\u0137u kauls<\/td>\n<\/tr>\n<tr style=\"height: 26px;\">\n<td style=\"height: 26px;\">Materi\u0101ls<\/td>\n<td style=\"height: 26px;\">Piel\u0101gots<\/td>\n<\/tr>\n<tr style=\"height: 26px;\">\n<td style=\"height: 26px;\">Forma<\/td>\n<td style=\"height: 26px;\">Apa\u013c\u0161<\/td>\n<\/tr>\n<tr style=\"height: 26px;\">\n<td style=\"height: 26px;\">Ietilp\u012bba<\/td>\n<td style=\"height: 26px;\">Piel\u0101gots<\/td>\n<\/tr>\n<tr style=\"height: 26px;\">\n<td style=\"height: 26px;\">Diametrs<\/td>\n<td style=\"height: 26px;\">Piel\u0101gots<\/td>\n<\/tr>\n<tr style=\"height: 26px;\">\n<td style=\"height: 26px;\">Izm\u0113rs<\/td>\n<td style=\"height: 26px;\">Piel\u0101gots<\/td>\n<\/tr>\n<\/tbody>\n<\/table>\n<\/div>","protected":false},"excerpt":{"rendered":"<p>Premium Industrial Double Helical Gears from FMP Industrial Double Helical Gears are vital components in heavy-duty machinery, prized for their ability to transmit high torque with exceptional smoothness and minimal noise. Unlike simpler spur gears, their V-shaped tooth design makes them more complex and costly to produce, but the payoff is unmatched performance in demanding [&hellip;]<\/p>","protected":false},"featured_media":4592,"comment_status":"open","ping_status":"closed","template":"","meta":{"_et_pb_use_builder":"","_et_pb_old_content":"","_et_gb_content_width":""},"product_brand":[],"product_cat":[108],"product_tag":[],"class_list":{"0":"post-7344","1":"product","2":"type-product","3":"status-publish","4":"has-post-thumbnail","6":"product_cat-helical-gear","8":"first","9":"instock","10":"shipping-taxable","11":"product-type-simple"},"_links":{"self":[{"href":"https:\/\/fmp-components.com\/lv\/wp-json\/wp\/v2\/product\/7344","targetHints":{"allow":["GET"]}}],"collection":[{"href":"https:\/\/fmp-components.com\/lv\/wp-json\/wp\/v2\/product"}],"about":[{"href":"https:\/\/fmp-components.com\/lv\/wp-json\/wp\/v2\/types\/product"}],"replies":[{"embeddable":true,"href":"https:\/\/fmp-components.com\/lv\/wp-json\/wp\/v2\/comments?post=7344"}],"wp:featuredmedia":[{"embeddable":true,"href":"https:\/\/fmp-components.com\/lv\/wp-json\/wp\/v2\/media\/4592"}],"wp:attachment":[{"href":"https:\/\/fmp-components.com\/lv\/wp-json\/wp\/v2\/media?parent=7344"}],"wp:term":[{"taxonomy":"product_brand","embeddable":true,"href":"https:\/\/fmp-components.com\/lv\/wp-json\/wp\/v2\/product_brand?post=7344"},{"taxonomy":"product_cat","embeddable":true,"href":"https:\/\/fmp-components.com\/lv\/wp-json\/wp\/v2\/product_cat?post=7344"},{"taxonomy":"product_tag","embeddable":true,"href":"https:\/\/fmp-components.com\/lv\/wp-json\/wp\/v2\/product_tag?post=7344"}],"curies":[{"name":"wp","href":"https:\/\/api.w.org\/{rel}","templated":true}]}}